{"id":166,"date":"2015-10-13T11:08:09","date_gmt":"2015-10-13T08:08:09","guid":{"rendered":"https:\/\/help.jamk.fi\/opetustyokalut\/esitystekniikka-opetuksessa\/kuvan-jako-windowsista-esityslaitteelle\/"},"modified":"2024-01-11T16:27:50","modified_gmt":"2024-01-11T14:27:50","slug":"kuvan-jako-windowsista-esityslaitteelle","status":"publish","type":"page","link":"https:\/\/help.jamk.fi\/opetus\/fi\/esitystekniikka-opetuksessa\/kuvan-jako-windowsista-esityslaitteelle\/","title":{"rendered":"N\u00e4yt\u00f6n jako Windowsista esityslaitteelle"},"content":{"rendered":"\n<p>Windows-j\u00e4rjestelmiss\u00e4 kuvan jako tapahtuu painamalla Windows- ja P<strong> <\/strong>-n\u00e4pp\u00e4imi\u00e4 yht\u00e4 aikaa.<\/p>\n\n\n\n<figure class=\"wp-block-image\"><a href=\"https:\/\/help.jamk.fi\/opetustyokalut\/wp-content\/uploads\/sites\/104\/2023\/09\/nappis.png\"><img decoding=\"async\" src=\"https:\/\/help.jamk.fi\/opetustyokalut\/wp-content\/uploads\/sites\/104\/2023\/09\/nappis.png\" alt=\"Tietokoneen n\u00e4pp\u00e4imist\u00f6, jossa ympyr\u00f6ity ikkuna-ikonia esitt\u00e4v\u00e4 painike ja P-kirjainta esitt\u00e4v\u00e4 painike. N\u00e4iden painikkeiden v\u00e4lill\u00e4 menee viiva. Kuvan p\u00e4\u00e4ll\u00e4 lukee Windows + P\" class=\"wp-image-196\"\/><\/a><\/figure>\n\n\n\n<p>Esiin ponnahtaneesta valintaikkunasta valitaan esitystilanteeseen sopiva ruudunjakotapa. <\/p>\n\n\n\n<p>Vaihtoehdot ruudunjaolle ovat: <\/p>\n\n\n\n<ol class=\"wp-block-list\">\n<li>PC screen only, joka n\u00e4ytt\u00e4\u00e4 kuvan vain oman koneesi n\u00e4yt\u00f6ll\u00e4.<\/li>\n\n\n\n<li>Duplicate, joka n\u00e4ytt\u00e4\u00e4 samaa kuvaa koneesi n\u00e4yt\u00f6ss\u00e4 ja siihen liitetyll\u00e4 n\u00e4yt\u00f6ll\u00e4.<\/li>\n\n\n\n<li>Extend, joka laajentaa n\u00e4kym\u00e4\u00e4 siten, ett\u00e4 molemmat n\u00e4yt\u00f6t n\u00e4ytt\u00e4v\u00e4t eri kuvan. Esimerkiksi p\u00e4\u00e4n\u00e4yt\u00f6ll\u00e4 (yleens\u00e4 oman koneesi n\u00e4ytt\u00f6) n\u00e4kyy muistiinpanot ja toisella n\u00e4yt\u00f6ll\u00e4 tai valkokankaalla on esitys.<\/li>\n\n\n\n<li>Second Screen only, joka piment\u00e4\u00e4 oman koneesi n\u00e4yt\u00f6n ja n\u00e4ytt\u00e4\u00e4 kuvaa vain koneeseen liitetyll\u00e4 n\u00e4yt\u00f6ll\u00e4.<\/li>\n<\/ol>\n\n\n\n<p><\/p>\n\n\n\n<p>N\u00e4kyviss\u00e4 on my\u00f6s linkki Connect to a wireless display, joka mahdollistaa esityksen jakamisen langattomasti Miracast yhteensopivan laitteen kautta, esim. Microsoft Wireless Display Adapter).<\/p>\n\n\n\n<figure class=\"wp-block-image\"><a href=\"https:\/\/help.jamk.fi\/opetustyokalut\/wp-content\/uploads\/sites\/104\/2023\/09\/win_p.jpg\"><img decoding=\"async\" src=\"https:\/\/help.jamk.fi\/opetustyokalut\/wp-content\/uploads\/sites\/104\/2023\/09\/win_p.jpg\" alt=\"Ruutukaappauskuva n\u00e4kym\u00e4st\u00e4, jossa n\u00e4kyy vaihtoehdot PC Screen only, Duplicate, Extend ja Second screen only.\" class=\"wp-image-193\"\/><\/a><\/figure>\n","protected":false},"excerpt":{"rendered":"<p>Windows-j\u00e4rjestelmiss\u00e4 kuvan jako tapahtuu painamalla Windows- ja P -n\u00e4pp\u00e4imi\u00e4 yht\u00e4 aikaa. Esiin ponnahtaneesta valintaikkunasta valitaan esitystilanteeseen sopiva ruudunjakotapa. Vaihtoehdot ruudunjaolle ovat: N\u00e4kyviss\u00e4 on my\u00f6s linkki Connect to a wireless display, joka mahdollistaa esityksen jakamisen langattomasti Miracast yhteensopivan laitteen kautta, esim. Microsoft Wireless Display Adapter).<\/p>\n","protected":false},"author":74,"featured_media":0,"parent":1144,"menu_order":15,"comment_status":"closed","ping_status":"closed","template":"","meta":{"_acf_changed":false,"_relevanssi_hide_post":"","_relevanssi_hide_content":"","_relevanssi_pin_for_all":"","_relevanssi_pin_keywords":"","_relevanssi_unpin_keywords":"","_relevanssi_related_keywords":"","_relevanssi_related_include_ids":"","_relevanssi_related_exclude_ids":"","_relevanssi_related_no_append":"","_relevanssi_related_not_related":"","_relevanssi_related_posts":"","_relevanssi_noindex_reason":"","footnotes":""},"categories":[],"tags":[328],"class_list":["post-166","page","type-page","status-publish","hentry","tag-naytonjako"],"acf":[],"yoast_head":"<!-- This site is optimized with the Yoast SEO plugin v27.4 - https:\/\/yoast.com\/product\/yoast-seo-wordpress\/ -->\n<title>N\u00e4yt\u00f6n jako Windowsista esityslaitteelle - Opetus<\/title>\n<meta name=\"robots\" content=\"index, follow, max-snippet:-1, max-image-preview:large, max-video-preview:-1\" \/>\n<link rel=\"canonical\" href=\"https:\/\/help.jamk.fi\/opetus\/fi\/esitystekniikka-opetuksessa\/kuvan-jako-windowsista-esityslaitteelle\/\" \/>\n<meta property=\"og:locale\" content=\"fi_FI\" \/>\n<meta property=\"og:type\" content=\"article\" \/>\n<meta property=\"og:title\" content=\"N\u00e4yt\u00f6n jako Windowsista esityslaitteelle - Opetus\" \/>\n<meta property=\"og:description\" content=\"Windows-j\u00e4rjestelmiss\u00e4 kuvan jako tapahtuu painamalla Windows- ja P -n\u00e4pp\u00e4imi\u00e4 yht\u00e4 aikaa. Esiin ponnahtaneesta valintaikkunasta valitaan esitystilanteeseen sopiva ruudunjakotapa. Vaihtoehdot ruudunjaolle ovat: N\u00e4kyviss\u00e4 on my\u00f6s linkki Connect to a wireless display, joka mahdollistaa esityksen jakamisen langattomasti Miracast yhteensopivan laitteen kautta, esim. Microsoft Wireless Display Adapter).\" \/>\n<meta property=\"og:url\" content=\"https:\/\/help.jamk.fi\/opetus\/fi\/esitystekniikka-opetuksessa\/kuvan-jako-windowsista-esityslaitteelle\/\" \/>\n<meta property=\"og:site_name\" content=\"Opetus\" \/>\n<meta property=\"article:modified_time\" content=\"2024-01-11T14:27:50+00:00\" \/>\n<meta property=\"og:image\" content=\"https:\/\/help.jamk.fi\/opetustyokalut\/wp-content\/uploads\/sites\/104\/2023\/09\/nappis.png\" \/>\n<meta name=\"twitter:card\" content=\"summary_large_image\" \/>\n<meta name=\"twitter:label1\" content=\"Arvioitu lukuaika\" \/>\n\t<meta name=\"twitter:data1\" content=\"2 minuuttia\" \/>\n<script type=\"application\/ld+json\" class=\"yoast-schema-graph\">{\"@context\":\"https:\\\/\\\/schema.org\",\"@graph\":[{\"@type\":\"WebPage\",\"@id\":\"https:\\\/\\\/help.jamk.fi\\\/opetus\\\/fi\\\/esitystekniikka-opetuksessa\\\/kuvan-jako-windowsista-esityslaitteelle\\\/\",\"url\":\"https:\\\/\\\/help.jamk.fi\\\/opetus\\\/fi\\\/esitystekniikka-opetuksessa\\\/kuvan-jako-windowsista-esityslaitteelle\\\/\",\"name\":\"N\u00e4yt\u00f6n jako Windowsista esityslaitteelle - Opetus\",\"isPartOf\":{\"@id\":\"https:\\\/\\\/help.jamk.fi\\\/opetus\\\/#website\"},\"primaryImageOfPage\":{\"@id\":\"https:\\\/\\\/help.jamk.fi\\\/opetus\\\/fi\\\/esitystekniikka-opetuksessa\\\/kuvan-jako-windowsista-esityslaitteelle\\\/#primaryimage\"},\"image\":{\"@id\":\"https:\\\/\\\/help.jamk.fi\\\/opetus\\\/fi\\\/esitystekniikka-opetuksessa\\\/kuvan-jako-windowsista-esityslaitteelle\\\/#primaryimage\"},\"thumbnailUrl\":\"https:\\\/\\\/help.jamk.fi\\\/opetustyokalut\\\/wp-content\\\/uploads\\\/sites\\\/104\\\/2023\\\/09\\\/nappis.png\",\"datePublished\":\"2015-10-13T08:08:09+00:00\",\"dateModified\":\"2024-01-11T14:27:50+00:00\",\"breadcrumb\":{\"@id\":\"https:\\\/\\\/help.jamk.fi\\\/opetus\\\/fi\\\/esitystekniikka-opetuksessa\\\/kuvan-jako-windowsista-esityslaitteelle\\\/#breadcrumb\"},\"inLanguage\":\"fi\",\"potentialAction\":[{\"@type\":\"ReadAction\",\"target\":[\"https:\\\/\\\/help.jamk.fi\\\/opetus\\\/fi\\\/esitystekniikka-opetuksessa\\\/kuvan-jako-windowsista-esityslaitteelle\\\/\"]}]},{\"@type\":\"ImageObject\",\"inLanguage\":\"fi\",\"@id\":\"https:\\\/\\\/help.jamk.fi\\\/opetus\\\/fi\\\/esitystekniikka-opetuksessa\\\/kuvan-jako-windowsista-esityslaitteelle\\\/#primaryimage\",\"url\":\"https:\\\/\\\/help.jamk.fi\\\/opetustyokalut\\\/wp-content\\\/uploads\\\/sites\\\/104\\\/2023\\\/09\\\/nappis.png\",\"contentUrl\":\"https:\\\/\\\/help.jamk.fi\\\/opetustyokalut\\\/wp-content\\\/uploads\\\/sites\\\/104\\\/2023\\\/09\\\/nappis.png\"},{\"@type\":\"BreadcrumbList\",\"@id\":\"https:\\\/\\\/help.jamk.fi\\\/opetus\\\/fi\\\/esitystekniikka-opetuksessa\\\/kuvan-jako-windowsista-esityslaitteelle\\\/#breadcrumb\",\"itemListElement\":[{\"@type\":\"ListItem\",\"position\":1,\"name\":\"Etusivu\",\"item\":\"https:\\\/\\\/help.jamk.fi\\\/opetus\\\/fi\\\/\"},{\"@type\":\"ListItem\",\"position\":2,\"name\":\"Esitystekniikka opetuksessa\",\"item\":\"https:\\\/\\\/help.jamk.fi\\\/opetus\\\/fi\\\/esitystekniikka-opetuksessa\\\/\"},{\"@type\":\"ListItem\",\"position\":3,\"name\":\"N\u00e4yt\u00f6n jako Windowsista esityslaitteelle\"}]},{\"@type\":\"WebSite\",\"@id\":\"https:\\\/\\\/help.jamk.fi\\\/opetus\\\/#website\",\"url\":\"https:\\\/\\\/help.jamk.fi\\\/opetus\\\/\",\"name\":\"Opetus\",\"description\":\"Opettajan ty\u00f6v\u00e4lineet\",\"potentialAction\":[{\"@type\":\"SearchAction\",\"target\":{\"@type\":\"EntryPoint\",\"urlTemplate\":\"https:\\\/\\\/help.jamk.fi\\\/opetus\\\/?s={search_term_string}\"},\"query-input\":{\"@type\":\"PropertyValueSpecification\",\"valueRequired\":true,\"valueName\":\"search_term_string\"}}],\"inLanguage\":\"fi\"}]}<\/script>\n<!-- \/ Yoast SEO plugin. -->","yoast_head_json":{"title":"N\u00e4yt\u00f6n jako Windowsista esityslaitteelle - Opetus","robots":{"index":"index","follow":"follow","max-snippet":"max-snippet:-1","max-image-preview":"max-image-preview:large","max-video-preview":"max-video-preview:-1"},"canonical":"https:\/\/help.jamk.fi\/opetus\/fi\/esitystekniikka-opetuksessa\/kuvan-jako-windowsista-esityslaitteelle\/","og_locale":"fi_FI","og_type":"article","og_title":"N\u00e4yt\u00f6n jako Windowsista esityslaitteelle - Opetus","og_description":"Windows-j\u00e4rjestelmiss\u00e4 kuvan jako tapahtuu painamalla Windows- ja P -n\u00e4pp\u00e4imi\u00e4 yht\u00e4 aikaa. Esiin ponnahtaneesta valintaikkunasta valitaan esitystilanteeseen sopiva ruudunjakotapa. Vaihtoehdot ruudunjaolle ovat: N\u00e4kyviss\u00e4 on my\u00f6s linkki Connect to a wireless display, joka mahdollistaa esityksen jakamisen langattomasti Miracast yhteensopivan laitteen kautta, esim. Microsoft Wireless Display Adapter).","og_url":"https:\/\/help.jamk.fi\/opetus\/fi\/esitystekniikka-opetuksessa\/kuvan-jako-windowsista-esityslaitteelle\/","og_site_name":"Opetus","article_modified_time":"2024-01-11T14:27:50+00:00","og_image":[{"url":"https:\/\/help.jamk.fi\/opetustyokalut\/wp-content\/uploads\/sites\/104\/2023\/09\/nappis.png","type":"","width":"","height":""}],"twitter_card":"summary_large_image","twitter_misc":{"Arvioitu lukuaika":"2 minuuttia"},"schema":{"@context":"https:\/\/schema.org","@graph":[{"@type":"WebPage","@id":"https:\/\/help.jamk.fi\/opetus\/fi\/esitystekniikka-opetuksessa\/kuvan-jako-windowsista-esityslaitteelle\/","url":"https:\/\/help.jamk.fi\/opetus\/fi\/esitystekniikka-opetuksessa\/kuvan-jako-windowsista-esityslaitteelle\/","name":"N\u00e4yt\u00f6n jako Windowsista esityslaitteelle - Opetus","isPartOf":{"@id":"https:\/\/help.jamk.fi\/opetus\/#website"},"primaryImageOfPage":{"@id":"https:\/\/help.jamk.fi\/opetus\/fi\/esitystekniikka-opetuksessa\/kuvan-jako-windowsista-esityslaitteelle\/#primaryimage"},"image":{"@id":"https:\/\/help.jamk.fi\/opetus\/fi\/esitystekniikka-opetuksessa\/kuvan-jako-windowsista-esityslaitteelle\/#primaryimage"},"thumbnailUrl":"https:\/\/help.jamk.fi\/opetustyokalut\/wp-content\/uploads\/sites\/104\/2023\/09\/nappis.png","datePublished":"2015-10-13T08:08:09+00:00","dateModified":"2024-01-11T14:27:50+00:00","breadcrumb":{"@id":"https:\/\/help.jamk.fi\/opetus\/fi\/esitystekniikka-opetuksessa\/kuvan-jako-windowsista-esityslaitteelle\/#breadcrumb"},"inLanguage":"fi","potentialAction":[{"@type":"ReadAction","target":["https:\/\/help.jamk.fi\/opetus\/fi\/esitystekniikka-opetuksessa\/kuvan-jako-windowsista-esityslaitteelle\/"]}]},{"@type":"ImageObject","inLanguage":"fi","@id":"https:\/\/help.jamk.fi\/opetus\/fi\/esitystekniikka-opetuksessa\/kuvan-jako-windowsista-esityslaitteelle\/#primaryimage","url":"https:\/\/help.jamk.fi\/opetustyokalut\/wp-content\/uploads\/sites\/104\/2023\/09\/nappis.png","contentUrl":"https:\/\/help.jamk.fi\/opetustyokalut\/wp-content\/uploads\/sites\/104\/2023\/09\/nappis.png"},{"@type":"BreadcrumbList","@id":"https:\/\/help.jamk.fi\/opetus\/fi\/esitystekniikka-opetuksessa\/kuvan-jako-windowsista-esityslaitteelle\/#breadcrumb","itemListElement":[{"@type":"ListItem","position":1,"name":"Etusivu","item":"https:\/\/help.jamk.fi\/opetus\/fi\/"},{"@type":"ListItem","position":2,"name":"Esitystekniikka opetuksessa","item":"https:\/\/help.jamk.fi\/opetus\/fi\/esitystekniikka-opetuksessa\/"},{"@type":"ListItem","position":3,"name":"N\u00e4yt\u00f6n jako Windowsista esityslaitteelle"}]},{"@type":"WebSite","@id":"https:\/\/help.jamk.fi\/opetus\/#website","url":"https:\/\/help.jamk.fi\/opetus\/","name":"Opetus","description":"Opettajan ty\u00f6v\u00e4lineet","potentialAction":[{"@type":"SearchAction","target":{"@type":"EntryPoint","urlTemplate":"https:\/\/help.jamk.fi\/opetus\/?s={search_term_string}"},"query-input":{"@type":"PropertyValueSpecification","valueRequired":true,"valueName":"search_term_string"}}],"inLanguage":"fi"}]}},"_links":{"self":[{"href":"https:\/\/help.jamk.fi\/opetus\/wp-json\/wp\/v2\/pages\/166","targetHints":{"allow":["GET"]}}],"collection":[{"href":"https:\/\/help.jamk.fi\/opetus\/wp-json\/wp\/v2\/pages"}],"about":[{"href":"https:\/\/help.jamk.fi\/opetus\/wp-json\/wp\/v2\/types\/page"}],"author":[{"embeddable":true,"href":"https:\/\/help.jamk.fi\/opetus\/wp-json\/wp\/v2\/users\/74"}],"replies":[{"embeddable":true,"href":"https:\/\/help.jamk.fi\/opetus\/wp-json\/wp\/v2\/comments?post=166"}],"version-history":[{"count":13,"href":"https:\/\/help.jamk.fi\/opetus\/wp-json\/wp\/v2\/pages\/166\/revisions"}],"predecessor-version":[{"id":1717,"href":"https:\/\/help.jamk.fi\/opetus\/wp-json\/wp\/v2\/pages\/166\/revisions\/1717"}],"up":[{"embeddable":true,"href":"https:\/\/help.jamk.fi\/opetus\/wp-json\/wp\/v2\/pages\/1144"}],"wp:attachment":[{"href":"https:\/\/help.jamk.fi\/opetus\/wp-json\/wp\/v2\/media?parent=166"}],"wp:term":[{"taxonomy":"category","embeddable":true,"href":"https:\/\/help.jamk.fi\/opetus\/wp-json\/wp\/v2\/categories?post=166"},{"taxonomy":"post_tag","embeddable":true,"href":"https:\/\/help.jamk.fi\/opetus\/wp-json\/wp\/v2\/tags?post=166"}],"curies":[{"name":"wp","href":"https:\/\/api.w.org\/{rel}","templated":true}]}}