{"id":1753,"date":"2024-05-23T13:36:17","date_gmt":"2024-05-23T10:36:17","guid":{"rendered":"https:\/\/help.jamk.fi\/opetus\/?page_id=1753"},"modified":"2025-02-17T12:53:00","modified_gmt":"2025-02-17T10:53:00","slug":"yhteinen-suunnittelu-ja-tuottaminen","status":"publish","type":"page","link":"https:\/\/help.jamk.fi\/opetus\/fi\/yhteinen-suunnittelu-ja-tuottaminen\/","title":{"rendered":"Yhteinen suunnittelu ja tuottaminen"},"content":{"rendered":"\n<p>Oletko luomassa uutta opintojaksoa tai kohentamassa vanhaa? Ota kaveri mukaan. My\u00f6s yksi on enemm\u00e4n kuin yksin. Suunnitellaan ja tuotetaan yhdess\u00e4 laadukkaita opintojaksoja Moodleen! <\/p>\n\n\n\n<p><em>Yhteinen suunnittelu ja tuottaminen <\/em>on osa yhteiskehitt\u00e4misen toimintaamme Jamkissa. T\u00e4m\u00e4 aineisto tarjoaa henkil\u00f6st\u00f6llemme ty\u00f6kaluja ja menetelmi\u00e4 opintojakson yhteiseen suunnitteluun sek\u00e4 suunnitelman n\u00e4kyv\u00e4ksi tekemiseen oppimisen muotoilun eri vaiheissa. <\/p>\n\n\n\n<p>Oppimisen muotoilun vaiheet yhteiskehitt\u00e4miseen ovat:<\/p>\n\n\n\n<ol class=\"wp-block-list\">\n<li>Reunaehdot<\/li>\n\n\n\n<li>Tavoitteet ja arviointi<\/li>\n\n\n\n<li>Teht\u00e4v\u00e4t ja materiaalit<\/li>\n\n\n\n<li>Ohjaus ja palaute<\/li>\n<\/ol>\n\n\n\n<p>Jokainen oppimisen muotoilun vaihe noudattaa samaa rakennetta:<\/p>\n\n\n\n<ol class=\"wp-block-list\">\n<li>Vaiheen tarkoitus<\/li>\n\n\n\n<li>Keskeiset onnistumisen avaimet<\/li>\n\n\n\n<li>Aineisto, ty\u00f6kalut, menetelm\u00e4t ja ohjeet<\/li>\n\n\n\n<li>Ehdotus siit\u00e4, keit\u00e4 voit kutsua osallistumaan yhteiskehitt\u00e4miseen.<\/li>\n<\/ol>\n\n\n<div id=\"link-lifts-block_3d347cd407087efc63ec9fd9f493a22e\" class=\"link-lifts block-link-lifts\">\n  <div class=\"row\">\n            <div class=\"col-12 col-lg-4 block-link-lifts__column\">\n          <div class=\"block-link-lifts__item pink\">\n            <h3 class=\"block-link-lifts__item--heading\">Oppimisen muotoilun vaiheet yhteiskehitt\u00e4miseen<\/h3>\n                          <ul class=\"block-link-lifts__item--link-list\">\n                                                                        <li>\n                                              <a class=\"link-list\" href=\"https:\/\/help.jamk.fi\/opetus\/fi\/yhteinen-suunnittelu-ja-tuottaminen\/reunaehdot\/\" target=\"_self\">Reunaehdot<\/a>\n                                          <\/li>\n                                                                                          <li>\n                                              <a class=\"link-list\" href=\"https:\/\/help.jamk.fi\/opetus\/fi\/yhteinen-suunnittelu-ja-tuottaminen\/tavoitteet-ja-arviointi\/\" target=\"_self\">Tavoitteet ja arviointi<\/a>\n                                          <\/li>\n                                                                                          <li>\n                                              <a class=\"link-list\" href=\"https:\/\/help.jamk.fi\/opetus\/fi\/yhteinen-suunnittelu-ja-tuottaminen\/tehtavat-ja-materiaalit\/\" target=\"_self\">Teht\u00e4v\u00e4t ja materiaalit<\/a>\n                                          <\/li>\n                                                                                          <li>\n                                              <a class=\"link-list\" href=\"https:\/\/help.jamk.fi\/opetus\/fi\/yhteinen-suunnittelu-ja-tuottaminen\/ohjaus-ja-palaute\/\" target=\"_self\">Ohjaus ja palaute<\/a>\n                                          <\/li>\n                                                <\/ul>\n            \n          <\/div>\n        <\/div>\n            <div class=\"col-12 col-lg-4 block-link-lifts__column\">\n          <div class=\"block-link-lifts__item pink\">\n            <h3 class=\"block-link-lifts__item--heading\">Yhteiskehitt\u00e4misen tueksi<\/h3>\n                          <ul class=\"block-link-lifts__item--link-list\">\n                                                                        <li>\n                                              <a class=\"link-list lock\" href=\"https:\/\/oss.jamk.fi\" target=\"_self\" >Ilmoittaudu Oppimisen muotoilu -henkil\u00f6st\u00f6koulutukseen<i  ><svg aria-hidden=\"true\" viewBox=\"0 0 24 24\" fill=\"none\" xmlns=\"http:\/\/www.w3.org\/2000\/svg\"><g clip-path=\"url(#clip0_1574_4368)\"><circle cx=\"12\" cy=\"12\" r=\"12\" fill=\"#0D004C\"\/><g clip-path=\"url(#clip1_1574_4368)\" fill=\"#fff\"><path d=\"M15.637 11.107v-2.68c0-1.967-1.632-3.57-3.637-3.57S8.363 6.46 8.363 8.43v2.68c-.752 0-1.363.6-1.363 1.338v5.357c0 .739.613 1.339 1.363 1.339h7.272c.752 0 1.363-.6 1.363-1.34v-5.356c0-.738-.61-1.339-1.363-1.339l.002-.001zM9.272 8.429c0-1.477 1.224-2.68 2.728-2.68 1.504 0 2.728 1.201 2.728 2.68v2.68H9.272v-2.68zm6.818 9.375a.451.451 0 01-.455.446H8.363a.45.45 0 01-.454-.446v-5.357a.45.45 0 01.454-.446h7.272c.251 0 .455.2.455.446v5.357z\"\/><path d=\"M12 13.34c-.503 0-.91.4-.91.892 0 .33.185.615.455.77v1.017a.45.45 0 00.455.446.45.45 0 00.454-.446v-1.017a.887.887 0 00.454-.77.902.902 0 00-.908-.892z\"\/><\/g><\/g><defs><clipPath id=\"clip0_1574_4368\"><path fill=\"#fff\" d=\"M0 0h24v24H0z\"\/><\/clipPath><clipPath id=\"clip1_1574_4368\"><path fill=\"#fff\" transform=\"translate(7 4.857)\" d=\"M0 0h10v14.286H0z\"\/><\/clipPath><\/defs><\/svg><\/i><\/a>\n                                          <\/li>\n                                                                                          <li>\n                                              <a class=\"link-list lock\" href=\"https:\/\/jamkstudent.sharepoint.com\/:u:\/r\/sites\/Koulutuksen-kehittaminen-Elmo\/SitePages\/Yhteiskehitt%C3%A4misen-toimintamalli.aspx?csf=1&#038;web=1&#038;e=c34FO8\" target=\"_self\" >Opintojaksojen yhteiskehitt\u00e4misen toimintamallin kuvaus<i  ><svg aria-hidden=\"true\" viewBox=\"0 0 24 24\" fill=\"none\" xmlns=\"http:\/\/www.w3.org\/2000\/svg\"><g clip-path=\"url(#clip0_1574_4368)\"><circle cx=\"12\" cy=\"12\" r=\"12\" fill=\"#0D004C\"\/><g clip-path=\"url(#clip1_1574_4368)\" fill=\"#fff\"><path d=\"M15.637 11.107v-2.68c0-1.967-1.632-3.57-3.637-3.57S8.363 6.46 8.363 8.43v2.68c-.752 0-1.363.6-1.363 1.338v5.357c0 .739.613 1.339 1.363 1.339h7.272c.752 0 1.363-.6 1.363-1.34v-5.356c0-.738-.61-1.339-1.363-1.339l.002-.001zM9.272 8.429c0-1.477 1.224-2.68 2.728-2.68 1.504 0 2.728 1.201 2.728 2.68v2.68H9.272v-2.68zm6.818 9.375a.451.451 0 01-.455.446H8.363a.45.45 0 01-.454-.446v-5.357a.45.45 0 01.454-.446h7.272c.251 0 .455.2.455.446v5.357z\"\/><path d=\"M12 13.34c-.503 0-.91.4-.91.892 0 .33.185.615.455.77v1.017a.45.45 0 00.455.446.45.45 0 00.454-.446v-1.017a.887.887 0 00.454-.77.902.902 0 00-.908-.892z\"\/><\/g><\/g><defs><clipPath id=\"clip0_1574_4368\"><path fill=\"#fff\" d=\"M0 0h24v24H0z\"\/><\/clipPath><clipPath id=\"clip1_1574_4368\"><path fill=\"#fff\" transform=\"translate(7 4.857)\" d=\"M0 0h10v14.286H0z\"\/><\/clipPath><\/defs><\/svg><\/i><\/a>\n                                          <\/li>\n                                                <\/ul>\n            \n          <\/div>\n        <\/div>\n      <\/div>\n<\/div>\n\n\n<p class=\"is-style-default\">Kurkkaa aluksi alla oleva video, jolla Mari Virtanen Metropolia ammattikorkeakoulusta kertoo esimerkin opintojakson yhteiskehitt\u00e4misest\u00e4. Videon &#8221;Opintojakson yhteiskehitt\u00e4minen: Miten teimme sen k\u00e4yt\u00e4nn\u00f6ss\u00e4?&#8221; kesto on n. 15 min. Toivottavasti se innostaa sinua tarttumaan yhteiskehitt\u00e4miseen kollegasi kanssa!<\/p>\n\n\n\n<p><a href=\"https:\/\/www.youtube.com\/watch?v=39vceV_hmL4\">Opintojakson yhteiskehitt\u00e4minen: Miten teimme sen k\u00e4yt\u00e4nn\u00f6ss\u00e4? &#8211; YouTube<\/a><\/p>\n\n\n\n<figure class=\"wp-block-embed is-type-video is-provider-youtube wp-block-embed-youtube wp-embed-aspect-16-9 wp-has-aspect-ratio\"><div class=\"wp-block-embed__wrapper\">\n<iframe title=\"Opintojakson yhteiskehitt\u00e4minen: Miten teimme sen k\u00e4yt\u00e4nn\u00f6ss\u00e4?\" width=\"500\" height=\"281\" data-cookieconsent=\"marketing\" data-cookieblock-src=\"https:\/\/www.youtube.com\/embed\/39vceV_hmL4?feature=oembed\" frameborder=\"0\" allow=\"accelerometer; autoplay; clipboard-write; encrypted-media; gyroscope; picture-in-picture; web-share\" referrerpolicy=\"strict-origin-when-cross-origin\" allowfullscreen><\/iframe>\n<\/div><div class=\"block-embed__cookie-notice--wrapper cookieconsent-optout-marketing\"><div class=\"block-embed__cookie-notice--text\"><p>Oops! This video will not be shown because you have disabled the marketing cookies. To see the video, <a href=\"javascript:Cookiebot.submitCustomConsent(false,false,true)\">accept marketing cookies<\/a>.<\/p><\/div><\/div><\/figure>\n","protected":false},"excerpt":{"rendered":"<p>Oletko luomassa uutta opintojaksoa tai kohentamassa vanhaa? Ota kaveri mukaan. My\u00f6s yksi on enemm\u00e4n kuin yksin. Suunnitellaan ja tuotetaan yhdess\u00e4 laadukkaita opintojaksoja Moodleen! Yhteinen suunnittelu ja tuottaminen on osa yhteiskehitt\u00e4misen toimintaamme Jamkissa. T\u00e4m\u00e4 aineisto tarjoaa henkil\u00f6st\u00f6llemme ty\u00f6kaluja ja menetelmi\u00e4 opintojakson yhteiseen suunnitteluun sek\u00e4 suunnitelman n\u00e4kyv\u00e4ksi tekemiseen oppimisen muotoilun eri vaiheissa. Oppimisen muotoilun vaiheet yhteiskehitt\u00e4miseen ovat: [&hellip;]<\/p>\n","protected":false},"author":73,"featured_media":0,"parent":0,"menu_order":0,"comment_status":"closed","ping_status":"closed","template":"","meta":{"_acf_changed":false,"_relevanssi_hide_post":"","_relevanssi_hide_content":"","_relevanssi_pin_for_all":"","_relevanssi_pin_keywords":"","_relevanssi_unpin_keywords":"","_relevanssi_related_keywords":"","_relevanssi_related_include_ids":"","_relevanssi_related_exclude_ids":"","_relevanssi_related_no_append":"","_relevanssi_related_not_related":"","_relevanssi_related_posts":"","_relevanssi_noindex_reason":"","footnotes":""},"categories":[],"tags":[342,340],"class_list":["post-1753","page","type-page","status-publish","hentry","tag-vertaistuotanto","tag-yhteiskehittaminen"],"acf":[],"yoast_head":"<!-- This site is optimized with the Yoast SEO plugin v27.4 - https:\/\/yoast.com\/product\/yoast-seo-wordpress\/ -->\n<title>Yhteinen suunnittelu ja tuottaminen - Opetus<\/title>\n<meta name=\"robots\" content=\"index, follow, max-snippet:-1, max-image-preview:large, max-video-preview:-1\" \/>\n<link rel=\"canonical\" href=\"https:\/\/help.jamk.fi\/opetus\/fi\/yhteinen-suunnittelu-ja-tuottaminen\/\" \/>\n<meta property=\"og:locale\" content=\"fi_FI\" \/>\n<meta property=\"og:type\" content=\"article\" \/>\n<meta property=\"og:title\" content=\"Yhteinen suunnittelu ja tuottaminen - Opetus\" \/>\n<meta property=\"og:description\" content=\"Oletko luomassa uutta opintojaksoa tai kohentamassa vanhaa? Ota kaveri mukaan. My\u00f6s yksi on enemm\u00e4n kuin yksin. Suunnitellaan ja tuotetaan yhdess\u00e4 laadukkaita opintojaksoja Moodleen! Yhteinen suunnittelu ja tuottaminen on osa yhteiskehitt\u00e4misen toimintaamme Jamkissa. T\u00e4m\u00e4 aineisto tarjoaa henkil\u00f6st\u00f6llemme ty\u00f6kaluja ja menetelmi\u00e4 opintojakson yhteiseen suunnitteluun sek\u00e4 suunnitelman n\u00e4kyv\u00e4ksi tekemiseen oppimisen muotoilun eri vaiheissa. Oppimisen muotoilun vaiheet yhteiskehitt\u00e4miseen ovat: [&hellip;]\" \/>\n<meta property=\"og:url\" content=\"https:\/\/help.jamk.fi\/opetus\/fi\/yhteinen-suunnittelu-ja-tuottaminen\/\" \/>\n<meta property=\"og:site_name\" content=\"Opetus\" \/>\n<meta property=\"article:modified_time\" content=\"2025-02-17T10:53:00+00:00\" \/>\n<meta name=\"twitter:card\" content=\"summary_large_image\" \/>\n<meta name=\"twitter:label1\" content=\"Arvioitu lukuaika\" \/>\n\t<meta name=\"twitter:data1\" content=\"1 minuutti\" \/>\n<script type=\"application\/ld+json\" class=\"yoast-schema-graph\">{\"@context\":\"https:\\\/\\\/schema.org\",\"@graph\":[{\"@type\":\"WebPage\",\"@id\":\"https:\\\/\\\/help.jamk.fi\\\/opetus\\\/fi\\\/yhteinen-suunnittelu-ja-tuottaminen\\\/\",\"url\":\"https:\\\/\\\/help.jamk.fi\\\/opetus\\\/fi\\\/yhteinen-suunnittelu-ja-tuottaminen\\\/\",\"name\":\"Yhteinen suunnittelu ja tuottaminen - Opetus\",\"isPartOf\":{\"@id\":\"https:\\\/\\\/help.jamk.fi\\\/opetus\\\/#website\"},\"datePublished\":\"2024-05-23T10:36:17+00:00\",\"dateModified\":\"2025-02-17T10:53:00+00:00\",\"breadcrumb\":{\"@id\":\"https:\\\/\\\/help.jamk.fi\\\/opetus\\\/fi\\\/yhteinen-suunnittelu-ja-tuottaminen\\\/#breadcrumb\"},\"inLanguage\":\"fi\",\"potentialAction\":[{\"@type\":\"ReadAction\",\"target\":[\"https:\\\/\\\/help.jamk.fi\\\/opetus\\\/fi\\\/yhteinen-suunnittelu-ja-tuottaminen\\\/\"]}]},{\"@type\":\"BreadcrumbList\",\"@id\":\"https:\\\/\\\/help.jamk.fi\\\/opetus\\\/fi\\\/yhteinen-suunnittelu-ja-tuottaminen\\\/#breadcrumb\",\"itemListElement\":[{\"@type\":\"ListItem\",\"position\":1,\"name\":\"Etusivu\",\"item\":\"https:\\\/\\\/help.jamk.fi\\\/opetus\\\/fi\\\/\"},{\"@type\":\"ListItem\",\"position\":2,\"name\":\"Yhteinen suunnittelu ja tuottaminen\"}]},{\"@type\":\"WebSite\",\"@id\":\"https:\\\/\\\/help.jamk.fi\\\/opetus\\\/#website\",\"url\":\"https:\\\/\\\/help.jamk.fi\\\/opetus\\\/\",\"name\":\"Opetus\",\"description\":\"Opettajan ty\u00f6v\u00e4lineet\",\"potentialAction\":[{\"@type\":\"SearchAction\",\"target\":{\"@type\":\"EntryPoint\",\"urlTemplate\":\"https:\\\/\\\/help.jamk.fi\\\/opetus\\\/?s={search_term_string}\"},\"query-input\":{\"@type\":\"PropertyValueSpecification\",\"valueRequired\":true,\"valueName\":\"search_term_string\"}}],\"inLanguage\":\"fi\"}]}<\/script>\n<!-- \/ Yoast SEO plugin. -->","yoast_head_json":{"title":"Yhteinen suunnittelu ja tuottaminen - Opetus","robots":{"index":"index","follow":"follow","max-snippet":"max-snippet:-1","max-image-preview":"max-image-preview:large","max-video-preview":"max-video-preview:-1"},"canonical":"https:\/\/help.jamk.fi\/opetus\/fi\/yhteinen-suunnittelu-ja-tuottaminen\/","og_locale":"fi_FI","og_type":"article","og_title":"Yhteinen suunnittelu ja tuottaminen - Opetus","og_description":"Oletko luomassa uutta opintojaksoa tai kohentamassa vanhaa? Ota kaveri mukaan. My\u00f6s yksi on enemm\u00e4n kuin yksin. Suunnitellaan ja tuotetaan yhdess\u00e4 laadukkaita opintojaksoja Moodleen! Yhteinen suunnittelu ja tuottaminen on osa yhteiskehitt\u00e4misen toimintaamme Jamkissa. T\u00e4m\u00e4 aineisto tarjoaa henkil\u00f6st\u00f6llemme ty\u00f6kaluja ja menetelmi\u00e4 opintojakson yhteiseen suunnitteluun sek\u00e4 suunnitelman n\u00e4kyv\u00e4ksi tekemiseen oppimisen muotoilun eri vaiheissa. Oppimisen muotoilun vaiheet yhteiskehitt\u00e4miseen ovat: [&hellip;]","og_url":"https:\/\/help.jamk.fi\/opetus\/fi\/yhteinen-suunnittelu-ja-tuottaminen\/","og_site_name":"Opetus","article_modified_time":"2025-02-17T10:53:00+00:00","twitter_card":"summary_large_image","twitter_misc":{"Arvioitu lukuaika":"1 minuutti"},"schema":{"@context":"https:\/\/schema.org","@graph":[{"@type":"WebPage","@id":"https:\/\/help.jamk.fi\/opetus\/fi\/yhteinen-suunnittelu-ja-tuottaminen\/","url":"https:\/\/help.jamk.fi\/opetus\/fi\/yhteinen-suunnittelu-ja-tuottaminen\/","name":"Yhteinen suunnittelu ja tuottaminen - Opetus","isPartOf":{"@id":"https:\/\/help.jamk.fi\/opetus\/#website"},"datePublished":"2024-05-23T10:36:17+00:00","dateModified":"2025-02-17T10:53:00+00:00","breadcrumb":{"@id":"https:\/\/help.jamk.fi\/opetus\/fi\/yhteinen-suunnittelu-ja-tuottaminen\/#breadcrumb"},"inLanguage":"fi","potentialAction":[{"@type":"ReadAction","target":["https:\/\/help.jamk.fi\/opetus\/fi\/yhteinen-suunnittelu-ja-tuottaminen\/"]}]},{"@type":"BreadcrumbList","@id":"https:\/\/help.jamk.fi\/opetus\/fi\/yhteinen-suunnittelu-ja-tuottaminen\/#breadcrumb","itemListElement":[{"@type":"ListItem","position":1,"name":"Etusivu","item":"https:\/\/help.jamk.fi\/opetus\/fi\/"},{"@type":"ListItem","position":2,"name":"Yhteinen suunnittelu ja tuottaminen"}]},{"@type":"WebSite","@id":"https:\/\/help.jamk.fi\/opetus\/#website","url":"https:\/\/help.jamk.fi\/opetus\/","name":"Opetus","description":"Opettajan ty\u00f6v\u00e4lineet","potentialAction":[{"@type":"SearchAction","target":{"@type":"EntryPoint","urlTemplate":"https:\/\/help.jamk.fi\/opetus\/?s={search_term_string}"},"query-input":{"@type":"PropertyValueSpecification","valueRequired":true,"valueName":"search_term_string"}}],"inLanguage":"fi"}]}},"_links":{"self":[{"href":"https:\/\/help.jamk.fi\/opetus\/wp-json\/wp\/v2\/pages\/1753","targetHints":{"allow":["GET"]}}],"collection":[{"href":"https:\/\/help.jamk.fi\/opetus\/wp-json\/wp\/v2\/pages"}],"about":[{"href":"https:\/\/help.jamk.fi\/opetus\/wp-json\/wp\/v2\/types\/page"}],"author":[{"embeddable":true,"href":"https:\/\/help.jamk.fi\/opetus\/wp-json\/wp\/v2\/users\/73"}],"replies":[{"embeddable":true,"href":"https:\/\/help.jamk.fi\/opetus\/wp-json\/wp\/v2\/comments?post=1753"}],"version-history":[{"count":41,"href":"https:\/\/help.jamk.fi\/opetus\/wp-json\/wp\/v2\/pages\/1753\/revisions"}],"predecessor-version":[{"id":2134,"href":"https:\/\/help.jamk.fi\/opetus\/wp-json\/wp\/v2\/pages\/1753\/revisions\/2134"}],"wp:attachment":[{"href":"https:\/\/help.jamk.fi\/opetus\/wp-json\/wp\/v2\/media?parent=1753"}],"wp:term":[{"taxonomy":"category","embeddable":true,"href":"https:\/\/help.jamk.fi\/opetus\/wp-json\/wp\/v2\/categories?post=1753"},{"taxonomy":"post_tag","embeddable":true,"href":"https:\/\/help.jamk.fi\/opetus\/wp-json\/wp\/v2\/tags?post=1753"}],"curies":[{"name":"wp","href":"https:\/\/api.w.org\/{rel}","templated":true}]}}