{"id":1757,"date":"2024-05-23T13:36:54","date_gmt":"2024-05-23T10:36:54","guid":{"rendered":"https:\/\/help.jamk.fi\/opetus\/?page_id=1757"},"modified":"2025-03-31T12:41:43","modified_gmt":"2025-03-31T09:41:43","slug":"reunaehdot","status":"publish","type":"page","link":"https:\/\/help.jamk.fi\/opetus\/fi\/yhteinen-suunnittelu-ja-tuottaminen\/reunaehdot\/","title":{"rendered":"Reunaehdot"},"content":{"rendered":"\n<p>Miten saat hyv\u00e4n startin opintojakson kehitt\u00e4miseen? Miten istutat ideat ja saat ne kukoistamaan? T\u00e4st\u00e4 homma l\u00e4htee k\u00e4yntiin ja t\u00e4st\u00e4 kehikosta on hyv\u00e4 peilata suunnittelua ja tuottamista koko yhteisen matkan ajan.<\/p>\n\n\n\n<p>Reunaehtoja ovat esimerkiksi:<\/p>\n\n\n\n<ul class=\"wp-block-list\">\n<li>Kohderyhm\u00e4t<\/li>\n\n\n\n<li>Toteutusmuoto<\/li>\n\n\n\n<li>Opintojakson ja toteutuksen elinkaari<\/li>\n\n\n\n<li>Arvioitu opiskelijam\u00e4\u00e4r\u00e4<\/li>\n\n\n\n<li>K\u00e4ytett\u00e4viss\u00e4 oleva aika, raha ja osaaminen<\/li>\n\n\n\n<li>Jamkin digitaalinen oppimisymp\u00e4rist\u00f6 on Moodle.<\/li>\n<\/ul>\n\n\n\n<h2 class=\"wp-block-heading\">Tarkoitus<\/h2>\n\n\n\n<p>Reunaehdot vaikuttavat kaikkiin tuleviin valintoihisi opintojakson suunnittelussa ja rakentamisessa. Ravistele ja testaa ajatuksiasi oppijal\u00e4ht\u00f6isyydest\u00e4 ja oppijaymm\u00e4rryksest\u00e4. Poimi erilaisia n\u00e4k\u00f6kulmia ja k\u00e4sityksi\u00e4 muistiin.<\/p>\n\n\n\n<h2 class=\"wp-block-heading\">Keskeiset onnistumisen avaimet<\/h2>\n\n\n\n<ul class=\"wp-block-list\">\n<li>Pid\u00e4 mieless\u00e4 toteutustapa, toteutukselle varattu tuntiresurssi ja arvioitu opiskelijam\u00e4\u00e4r\u00e4.<\/li>\n\n\n\n<li>Visualisoi kokonaiskuva ja kirkasta kehitt\u00e4misen tavoitteet.<\/li>\n\n\n\n<li>Tunnista sopivat yhteiskehitt\u00e4j\u00e4t juuri sinun tilanteeseen.<\/li>\n\n\n\n<li>Ker\u00e4\u00e4 itsellesi ja yhteiskehitt\u00e4jille toteutukseen liittyv\u00e4 aineisto helposti saataville.<\/li>\n\n\n\n<li>Kysy ja varmista, \u00e4l\u00e4 oleta.<\/li>\n<\/ul>\n\n\n\n<h2 class=\"wp-block-heading\">Aineisto, ty\u00f6kalut, menetelm\u00e4t ja ohjeet<\/h2>\n\n\n\n<p>Pedagogisen suunnittelun pohjalle:<\/p>\n\n\n\n<ol class=\"wp-block-list\">\n<li><a href=\"https:\/\/opetussuunnitelmat.peppi.jamk.fi\/\">OPS ja opintojakson kuvaus<\/a><\/li>\n\n\n\n<li>Oppimisen muotoilu -kurssin sis\u00e4ll\u00f6st\u00e4 Pedagoginen k\u00e4sikirjoittaminen -osa: \n<ul class=\"wp-block-list\">\n<li>Luo oppimispolun visio<\/li>\n\n\n\n<li>Tunnista yksil\u00f6lliset oppijat <\/li>\n<\/ul>\n<\/li>\n\n\n\n<li>Opintojaksopalaute edelliselt\u00e4 toteutukselta<\/li>\n\n\n\n<li>Laatukriteerist\u00f6 \n<ul class=\"wp-block-list\">\n<li><a href=\"https:\/\/digivisio2030.fi\/laatukriteerit\/\">Opin.fi -palvelun digipedagogiikan laatukriteerit<\/a><\/li>\n\n\n\n<li><a href=\"https:\/\/aoe.fi\/#\/materiaali\/120\">Verkkototeutusten laatukriteerit (eAMK)<\/a><\/li>\n<\/ul>\n<\/li>\n<\/ol>\n\n\n\n<p>Digipedagoginen kerros: Tunnistamme Moodlen mahdollisuudet ja rajoitukset.<\/p>\n\n\n\n<p>Kohtaamispiste: Opiskelijan hyvinvointi -ty\u00f6paja (tulossa)<\/p>\n\n\n\n<h2 class=\"wp-block-heading\">Yhdess\u00e4 parempaan lopputulokseen<\/h2>\n\n\n\n<ul class=\"wp-block-list\">\n<li>Opettajakollegat<\/li>\n\n\n\n<li>Opot<\/li>\n\n\n\n<li>Opiskelijat (opiskelijapalaute, edellisen toteutuksen opiskelijat)<\/li>\n\n\n\n<li>Esihenkil\u00f6, tutkintovastaava<\/li>\n\n\n\n<li>Verkkopedagogiikan asiantuntija<\/li>\n\n\n\n<li>Avoimen amk:n suunnittelija, jos opintojakso on avoimen tarjonnassa<\/li>\n<\/ul>\n","protected":false},"excerpt":{"rendered":"<p>Miten saat hyv\u00e4n startin opintojakson kehitt\u00e4miseen? Miten istutat ideat ja saat ne kukoistamaan? T\u00e4st\u00e4 homma l\u00e4htee k\u00e4yntiin ja t\u00e4st\u00e4 kehikosta on hyv\u00e4 peilata suunnittelua ja tuottamista koko yhteisen matkan ajan. Reunaehtoja ovat esimerkiksi: Tarkoitus Reunaehdot vaikuttavat kaikkiin tuleviin valintoihisi opintojakson suunnittelussa ja rakentamisessa. Ravistele ja testaa ajatuksiasi oppijal\u00e4ht\u00f6isyydest\u00e4 ja oppijaymm\u00e4rryksest\u00e4. Poimi erilaisia n\u00e4k\u00f6kulmia ja k\u00e4sityksi\u00e4 [&hellip;]<\/p>\n","protected":false},"author":73,"featured_media":0,"parent":1753,"menu_order":3,"comment_status":"closed","ping_status":"closed","template":"","meta":{"_acf_changed":false,"_relevanssi_hide_post":"","_relevanssi_hide_content":"","_relevanssi_pin_for_all":"","_relevanssi_pin_keywords":"","_relevanssi_unpin_keywords":"","_relevanssi_related_keywords":"","_relevanssi_related_include_ids":"","_relevanssi_related_exclude_ids":"","_relevanssi_related_no_append":"","_relevanssi_related_not_related":"","_relevanssi_related_posts":"","_relevanssi_noindex_reason":"","footnotes":""},"categories":[],"tags":[342,340],"class_list":["post-1757","page","type-page","status-publish","hentry","tag-vertaistuotanto","tag-yhteiskehittaminen"],"acf":[],"yoast_head":"<!-- This site is optimized with the Yoast SEO plugin v27.3 - https:\/\/yoast.com\/product\/yoast-seo-wordpress\/ -->\n<title>Reunaehdot - Opetus<\/title>\n<meta name=\"robots\" content=\"index, follow, max-snippet:-1, max-image-preview:large, max-video-preview:-1\" \/>\n<link rel=\"canonical\" href=\"https:\/\/help.jamk.fi\/opetus\/fi\/yhteinen-suunnittelu-ja-tuottaminen\/reunaehdot\/\" \/>\n<meta property=\"og:locale\" content=\"fi_FI\" \/>\n<meta property=\"og:type\" content=\"article\" \/>\n<meta property=\"og:title\" content=\"Reunaehdot - Opetus\" \/>\n<meta property=\"og:description\" content=\"Miten saat hyv\u00e4n startin opintojakson kehitt\u00e4miseen? Miten istutat ideat ja saat ne kukoistamaan? T\u00e4st\u00e4 homma l\u00e4htee k\u00e4yntiin ja t\u00e4st\u00e4 kehikosta on hyv\u00e4 peilata suunnittelua ja tuottamista koko yhteisen matkan ajan. Reunaehtoja ovat esimerkiksi: Tarkoitus Reunaehdot vaikuttavat kaikkiin tuleviin valintoihisi opintojakson suunnittelussa ja rakentamisessa. Ravistele ja testaa ajatuksiasi oppijal\u00e4ht\u00f6isyydest\u00e4 ja oppijaymm\u00e4rryksest\u00e4. Poimi erilaisia n\u00e4k\u00f6kulmia ja k\u00e4sityksi\u00e4 [&hellip;]\" \/>\n<meta property=\"og:url\" content=\"https:\/\/help.jamk.fi\/opetus\/fi\/yhteinen-suunnittelu-ja-tuottaminen\/reunaehdot\/\" \/>\n<meta property=\"og:site_name\" content=\"Opetus\" \/>\n<meta property=\"article:modified_time\" content=\"2025-03-31T09:41:43+00:00\" \/>\n<meta name=\"twitter:card\" content=\"summary_large_image\" \/>\n<meta name=\"twitter:label1\" content=\"Arvioitu lukuaika\" \/>\n\t<meta name=\"twitter:data1\" content=\"2 minuuttia\" \/>\n<script type=\"application\/ld+json\" class=\"yoast-schema-graph\">{\"@context\":\"https:\\\/\\\/schema.org\",\"@graph\":[{\"@type\":\"WebPage\",\"@id\":\"https:\\\/\\\/help.jamk.fi\\\/opetus\\\/fi\\\/yhteinen-suunnittelu-ja-tuottaminen\\\/reunaehdot\\\/\",\"url\":\"https:\\\/\\\/help.jamk.fi\\\/opetus\\\/fi\\\/yhteinen-suunnittelu-ja-tuottaminen\\\/reunaehdot\\\/\",\"name\":\"Reunaehdot - Opetus\",\"isPartOf\":{\"@id\":\"https:\\\/\\\/help.jamk.fi\\\/opetus\\\/#website\"},\"datePublished\":\"2024-05-23T10:36:54+00:00\",\"dateModified\":\"2025-03-31T09:41:43+00:00\",\"breadcrumb\":{\"@id\":\"https:\\\/\\\/help.jamk.fi\\\/opetus\\\/fi\\\/yhteinen-suunnittelu-ja-tuottaminen\\\/reunaehdot\\\/#breadcrumb\"},\"inLanguage\":\"fi\",\"potentialAction\":[{\"@type\":\"ReadAction\",\"target\":[\"https:\\\/\\\/help.jamk.fi\\\/opetus\\\/fi\\\/yhteinen-suunnittelu-ja-tuottaminen\\\/reunaehdot\\\/\"]}]},{\"@type\":\"BreadcrumbList\",\"@id\":\"https:\\\/\\\/help.jamk.fi\\\/opetus\\\/fi\\\/yhteinen-suunnittelu-ja-tuottaminen\\\/reunaehdot\\\/#breadcrumb\",\"itemListElement\":[{\"@type\":\"ListItem\",\"position\":1,\"name\":\"Etusivu\",\"item\":\"https:\\\/\\\/help.jamk.fi\\\/opetus\\\/fi\\\/\"},{\"@type\":\"ListItem\",\"position\":2,\"name\":\"Yhteinen suunnittelu ja tuottaminen\",\"item\":\"https:\\\/\\\/help.jamk.fi\\\/opetus\\\/fi\\\/yhteinen-suunnittelu-ja-tuottaminen\\\/\"},{\"@type\":\"ListItem\",\"position\":3,\"name\":\"Reunaehdot\"}]},{\"@type\":\"WebSite\",\"@id\":\"https:\\\/\\\/help.jamk.fi\\\/opetus\\\/#website\",\"url\":\"https:\\\/\\\/help.jamk.fi\\\/opetus\\\/\",\"name\":\"Opetus\",\"description\":\"Opettajan ty\u00f6v\u00e4lineet\",\"potentialAction\":[{\"@type\":\"SearchAction\",\"target\":{\"@type\":\"EntryPoint\",\"urlTemplate\":\"https:\\\/\\\/help.jamk.fi\\\/opetus\\\/?s={search_term_string}\"},\"query-input\":{\"@type\":\"PropertyValueSpecification\",\"valueRequired\":true,\"valueName\":\"search_term_string\"}}],\"inLanguage\":\"fi\"}]}<\/script>\n<!-- \/ Yoast SEO plugin. -->","yoast_head_json":{"title":"Reunaehdot - Opetus","robots":{"index":"index","follow":"follow","max-snippet":"max-snippet:-1","max-image-preview":"max-image-preview:large","max-video-preview":"max-video-preview:-1"},"canonical":"https:\/\/help.jamk.fi\/opetus\/fi\/yhteinen-suunnittelu-ja-tuottaminen\/reunaehdot\/","og_locale":"fi_FI","og_type":"article","og_title":"Reunaehdot - Opetus","og_description":"Miten saat hyv\u00e4n startin opintojakson kehitt\u00e4miseen? Miten istutat ideat ja saat ne kukoistamaan? T\u00e4st\u00e4 homma l\u00e4htee k\u00e4yntiin ja t\u00e4st\u00e4 kehikosta on hyv\u00e4 peilata suunnittelua ja tuottamista koko yhteisen matkan ajan. Reunaehtoja ovat esimerkiksi: Tarkoitus Reunaehdot vaikuttavat kaikkiin tuleviin valintoihisi opintojakson suunnittelussa ja rakentamisessa. Ravistele ja testaa ajatuksiasi oppijal\u00e4ht\u00f6isyydest\u00e4 ja oppijaymm\u00e4rryksest\u00e4. Poimi erilaisia n\u00e4k\u00f6kulmia ja k\u00e4sityksi\u00e4 [&hellip;]","og_url":"https:\/\/help.jamk.fi\/opetus\/fi\/yhteinen-suunnittelu-ja-tuottaminen\/reunaehdot\/","og_site_name":"Opetus","article_modified_time":"2025-03-31T09:41:43+00:00","twitter_card":"summary_large_image","twitter_misc":{"Arvioitu lukuaika":"2 minuuttia"},"schema":{"@context":"https:\/\/schema.org","@graph":[{"@type":"WebPage","@id":"https:\/\/help.jamk.fi\/opetus\/fi\/yhteinen-suunnittelu-ja-tuottaminen\/reunaehdot\/","url":"https:\/\/help.jamk.fi\/opetus\/fi\/yhteinen-suunnittelu-ja-tuottaminen\/reunaehdot\/","name":"Reunaehdot - Opetus","isPartOf":{"@id":"https:\/\/help.jamk.fi\/opetus\/#website"},"datePublished":"2024-05-23T10:36:54+00:00","dateModified":"2025-03-31T09:41:43+00:00","breadcrumb":{"@id":"https:\/\/help.jamk.fi\/opetus\/fi\/yhteinen-suunnittelu-ja-tuottaminen\/reunaehdot\/#breadcrumb"},"inLanguage":"fi","potentialAction":[{"@type":"ReadAction","target":["https:\/\/help.jamk.fi\/opetus\/fi\/yhteinen-suunnittelu-ja-tuottaminen\/reunaehdot\/"]}]},{"@type":"BreadcrumbList","@id":"https:\/\/help.jamk.fi\/opetus\/fi\/yhteinen-suunnittelu-ja-tuottaminen\/reunaehdot\/#breadcrumb","itemListElement":[{"@type":"ListItem","position":1,"name":"Etusivu","item":"https:\/\/help.jamk.fi\/opetus\/fi\/"},{"@type":"ListItem","position":2,"name":"Yhteinen suunnittelu ja tuottaminen","item":"https:\/\/help.jamk.fi\/opetus\/fi\/yhteinen-suunnittelu-ja-tuottaminen\/"},{"@type":"ListItem","position":3,"name":"Reunaehdot"}]},{"@type":"WebSite","@id":"https:\/\/help.jamk.fi\/opetus\/#website","url":"https:\/\/help.jamk.fi\/opetus\/","name":"Opetus","description":"Opettajan ty\u00f6v\u00e4lineet","potentialAction":[{"@type":"SearchAction","target":{"@type":"EntryPoint","urlTemplate":"https:\/\/help.jamk.fi\/opetus\/?s={search_term_string}"},"query-input":{"@type":"PropertyValueSpecification","valueRequired":true,"valueName":"search_term_string"}}],"inLanguage":"fi"}]}},"_links":{"self":[{"href":"https:\/\/help.jamk.fi\/opetus\/wp-json\/wp\/v2\/pages\/1757","targetHints":{"allow":["GET"]}}],"collection":[{"href":"https:\/\/help.jamk.fi\/opetus\/wp-json\/wp\/v2\/pages"}],"about":[{"href":"https:\/\/help.jamk.fi\/opetus\/wp-json\/wp\/v2\/types\/page"}],"author":[{"embeddable":true,"href":"https:\/\/help.jamk.fi\/opetus\/wp-json\/wp\/v2\/users\/73"}],"replies":[{"embeddable":true,"href":"https:\/\/help.jamk.fi\/opetus\/wp-json\/wp\/v2\/comments?post=1757"}],"version-history":[{"count":29,"href":"https:\/\/help.jamk.fi\/opetus\/wp-json\/wp\/v2\/pages\/1757\/revisions"}],"predecessor-version":[{"id":2117,"href":"https:\/\/help.jamk.fi\/opetus\/wp-json\/wp\/v2\/pages\/1757\/revisions\/2117"}],"up":[{"embeddable":true,"href":"https:\/\/help.jamk.fi\/opetus\/wp-json\/wp\/v2\/pages\/1753"}],"wp:attachment":[{"href":"https:\/\/help.jamk.fi\/opetus\/wp-json\/wp\/v2\/media?parent=1757"}],"wp:term":[{"taxonomy":"category","embeddable":true,"href":"https:\/\/help.jamk.fi\/opetus\/wp-json\/wp\/v2\/categories?post=1757"},{"taxonomy":"post_tag","embeddable":true,"href":"https:\/\/help.jamk.fi\/opetus\/wp-json\/wp\/v2\/tags?post=1757"}],"curies":[{"name":"wp","href":"https:\/\/api.w.org\/{rel}","templated":true}]}}