{"id":1761,"date":"2024-05-23T13:37:43","date_gmt":"2024-05-23T10:37:43","guid":{"rendered":"https:\/\/help.jamk.fi\/opetus\/?page_id=1761"},"modified":"2025-02-17T13:04:16","modified_gmt":"2025-02-17T11:04:16","slug":"tavoitteet-ja-arviointi","status":"publish","type":"page","link":"https:\/\/help.jamk.fi\/opetus\/fi\/yhteinen-suunnittelu-ja-tuottaminen\/tavoitteet-ja-arviointi\/","title":{"rendered":"Tavoitteet ja arviointi"},"content":{"rendered":"\n<p>Edellisess\u00e4 vaiheessa haettiin laatikolle raamit ja istutettiin idea it\u00e4m\u00e4\u00e4n. Nyt pengotaan jo sit\u00e4, miss\u00e4 oppimisen kanssa ollaan, kun opintojakso on paketissa ja on aika ker\u00e4t\u00e4 hedelm\u00e4t. Mit\u00e4 ihmett\u00e4?<\/p>\n\n\n\n<h2 class=\"wp-block-heading\">Tarkoitus<\/h2>\n\n\n\n<p>Tavoitteet ja arviointi -vaiheen tarkoituksena on, ett\u00e4 purat opintojakson osaamistavoitteen atomeiksi &#8211; pienemmiksi osatavoitteiksi.&nbsp;Mietit my\u00f6s, miten ja mist\u00e4 oppija itse ja sin\u00e4 opettajana pystyy arvioimaan saavutettua osaamisen tasoa opintojakson aikana. T\u00e4ss\u00e4 askeleessa sinulle paljastuu se, miten oppijaa ohjataan toimimaan, mink\u00e4laisista palasista opintojakso koostuu ja miten arviointi toteutuu oppijal\u00e4ht\u00f6isesti.<\/p>\n\n\n\n<h2 class=\"wp-block-heading\">Keskeiset onnistumisen avaimet<\/h2>\n\n\n\n<ul class=\"wp-block-list\">\n<li>Osaamistavoitteet on kirjoitettu niin, ett\u00e4 opiskelija ymm\u00e4rt\u00e4\u00e4, mit\u00e4 tavoitellaan.<\/li>\n\n\n\n<li>Osaamistavoitteita ei ole liikaa. <\/li>\n\n\n\n<li>Osaamistavoitteet ovat linjassa suhteessa toisiinsa ja arviointiin.<\/li>\n\n\n\n<li>Oppimisteht\u00e4v\u00e4t tuottavat sellaista aineistoa, jonka avulla tavoitteena olevaa osaamista voi arvioida.<\/li>\n\n\n\n<li>Opiskelija pystyy arvioimaan omaa osaamistaan ja sen kehittymist\u00e4 sek\u00e4 tekem\u00e4\u00e4n sen n\u00e4kyv\u00e4ksi. <\/li>\n\n\n\n<li>Arviointi on suhteessa reunaehtoihin toteuttamiskelpoinen (esim. k\u00e4yt\u00f6ss\u00e4 oleva ty\u00f6aika ja opiskelijam\u00e4\u00e4r\u00e4)<\/li>\n<\/ul>\n\n\n\n<h2 class=\"wp-block-heading\">Aineisto, ty\u00f6kalut, menetelm\u00e4t ja ohjeet <\/h2>\n\n\n\n<p>Pedagogisen suunnittelun pohjalle:<\/p>\n\n\n\n<ul class=\"wp-block-list\">\n<li><a href=\"https:\/\/moodle.jamk.fi\/course\/view.php?id=10096&amp;section=2#tabs-tree-start\">Oppimisen muotoilu<\/a> -kurssin sis\u00e4ll\u00f6st\u00e4 Pedagoginen k\u00e4sikirjoittaminen -osa: \n<ul class=\"wp-block-list\">\n<li>Kirkasta tavoitteet, jonka sis\u00e4lt\u00f6n\u00e4 mm. arvioinnin linjakkuus suhteessa tavoitteisiin.<\/li>\n\n\n\n<li>Suunnittele arviointi, jonka sis\u00e4lt\u00f6n\u00e4 mm. jatkuva ja ohjaava arviointi.<\/li>\n<\/ul>\n<\/li>\n\n\n\n<li>Opiskelijapalautteet edellisist\u00e4 toteutuksista.<\/li>\n<\/ul>\n\n\n\n<p>Digipedagoginen kerros: <a href=\"https:\/\/help.jamk.fi\/moodle\/fi\/uudelle-kayttajalle\/arviointikirjan-perusteet-moodlessa\/\">Arviointikirjan perusteet Moodlessa<\/a><\/p>\n\n\n\n<p>Kohtaamispiste: <a href=\"https:\/\/help.jamk.fi\/opetus\/fi\/yhteinen-suunnittelu-ja-tuottaminen\/tavoitteet-ja-arviointi\/tavoitteet-ja-arviointi-kuntoon-tyopaja\/\">Tavoitteet ja arviointi kuntoon -ty\u00f6paja<\/a><\/p>\n\n\n\n<h2 class=\"wp-block-heading\">Yhdess\u00e4 parempaan lopputulokseen<\/h2>\n\n\n\n<p>Kutsu mukaan yhteiskehitt\u00e4m\u00e4\u00e4n esimerkiksi:<\/p>\n\n\n\n<ul class=\"wp-block-list\">\n<li>Tutkintovastaava (n\u00e4k\u00f6kulma mm. tavoitteet ja arviointi suhteessa muihin opintojaksoihin)<\/li>\n\n\n\n<li>Oma tiimi<\/li>\n\n\n\n<li>Sis\u00e4lt\u00f6\u00e4 tuntematon kollega<\/li>\n\n\n\n<li>Verkkopedagogiikan asiantuntija tai pedagentti<\/li>\n\n\n\n<li>Teko\u00e4ly esimerkiksi tavoitteiden sanoittamisessa ja linjakkuuden tarkistamisessa<\/li>\n<\/ul>\n\n\n\n<p><\/p>\n","protected":false},"excerpt":{"rendered":"<p>Edellisess\u00e4 vaiheessa haettiin laatikolle raamit ja istutettiin idea it\u00e4m\u00e4\u00e4n. Nyt pengotaan jo sit\u00e4, miss\u00e4 oppimisen kanssa ollaan, kun opintojakso on paketissa ja on aika ker\u00e4t\u00e4 hedelm\u00e4t. Mit\u00e4 ihmett\u00e4? Tarkoitus Tavoitteet ja arviointi -vaiheen tarkoituksena on, ett\u00e4 purat opintojakson osaamistavoitteen atomeiksi &#8211; pienemmiksi osatavoitteiksi.&nbsp;Mietit my\u00f6s, miten ja mist\u00e4 oppija itse ja sin\u00e4 opettajana pystyy arvioimaan saavutettua [&hellip;]<\/p>\n","protected":false},"author":73,"featured_media":0,"parent":1753,"menu_order":6,"comment_status":"closed","ping_status":"closed","template":"","meta":{"_acf_changed":false,"_relevanssi_hide_post":"","_relevanssi_hide_content":"","_relevanssi_pin_for_all":"","_relevanssi_pin_keywords":"","_relevanssi_unpin_keywords":"","_relevanssi_related_keywords":"","_relevanssi_related_include_ids":"","_relevanssi_related_exclude_ids":"","_relevanssi_related_no_append":"","_relevanssi_related_not_related":"","_relevanssi_related_posts":"","_relevanssi_noindex_reason":"","footnotes":""},"categories":[],"tags":[352,350,342,340],"class_list":["post-1761","page","type-page","status-publish","hentry","tag-arviointi","tag-tavoitteet","tag-vertaistuotanto","tag-yhteiskehittaminen"],"acf":[],"yoast_head":"<!-- This site is optimized with the Yoast SEO plugin v27.4 - https:\/\/yoast.com\/product\/yoast-seo-wordpress\/ -->\n<title>Tavoitteet ja arviointi - Opetus<\/title>\n<meta name=\"robots\" content=\"index, follow, max-snippet:-1, max-image-preview:large, max-video-preview:-1\" \/>\n<link rel=\"canonical\" href=\"https:\/\/help.jamk.fi\/opetus\/fi\/yhteinen-suunnittelu-ja-tuottaminen\/tavoitteet-ja-arviointi\/\" \/>\n<meta property=\"og:locale\" content=\"fi_FI\" \/>\n<meta property=\"og:type\" content=\"article\" \/>\n<meta property=\"og:title\" content=\"Tavoitteet ja arviointi - Opetus\" \/>\n<meta property=\"og:description\" content=\"Edellisess\u00e4 vaiheessa haettiin laatikolle raamit ja istutettiin idea it\u00e4m\u00e4\u00e4n. Nyt pengotaan jo sit\u00e4, miss\u00e4 oppimisen kanssa ollaan, kun opintojakso on paketissa ja on aika ker\u00e4t\u00e4 hedelm\u00e4t. Mit\u00e4 ihmett\u00e4? Tarkoitus Tavoitteet ja arviointi -vaiheen tarkoituksena on, ett\u00e4 purat opintojakson osaamistavoitteen atomeiksi &#8211; pienemmiksi osatavoitteiksi.&nbsp;Mietit my\u00f6s, miten ja mist\u00e4 oppija itse ja sin\u00e4 opettajana pystyy arvioimaan saavutettua [&hellip;]\" \/>\n<meta property=\"og:url\" content=\"https:\/\/help.jamk.fi\/opetus\/fi\/yhteinen-suunnittelu-ja-tuottaminen\/tavoitteet-ja-arviointi\/\" \/>\n<meta property=\"og:site_name\" content=\"Opetus\" \/>\n<meta property=\"article:modified_time\" content=\"2025-02-17T11:04:16+00:00\" \/>\n<meta name=\"twitter:card\" content=\"summary_large_image\" \/>\n<meta name=\"twitter:label1\" content=\"Arvioitu lukuaika\" \/>\n\t<meta name=\"twitter:data1\" content=\"2 minuuttia\" \/>\n<script type=\"application\/ld+json\" class=\"yoast-schema-graph\">{\"@context\":\"https:\\\/\\\/schema.org\",\"@graph\":[{\"@type\":\"WebPage\",\"@id\":\"https:\\\/\\\/help.jamk.fi\\\/opetus\\\/fi\\\/yhteinen-suunnittelu-ja-tuottaminen\\\/tavoitteet-ja-arviointi\\\/\",\"url\":\"https:\\\/\\\/help.jamk.fi\\\/opetus\\\/fi\\\/yhteinen-suunnittelu-ja-tuottaminen\\\/tavoitteet-ja-arviointi\\\/\",\"name\":\"Tavoitteet ja arviointi - Opetus\",\"isPartOf\":{\"@id\":\"https:\\\/\\\/help.jamk.fi\\\/opetus\\\/#website\"},\"datePublished\":\"2024-05-23T10:37:43+00:00\",\"dateModified\":\"2025-02-17T11:04:16+00:00\",\"breadcrumb\":{\"@id\":\"https:\\\/\\\/help.jamk.fi\\\/opetus\\\/fi\\\/yhteinen-suunnittelu-ja-tuottaminen\\\/tavoitteet-ja-arviointi\\\/#breadcrumb\"},\"inLanguage\":\"fi\",\"potentialAction\":[{\"@type\":\"ReadAction\",\"target\":[\"https:\\\/\\\/help.jamk.fi\\\/opetus\\\/fi\\\/yhteinen-suunnittelu-ja-tuottaminen\\\/tavoitteet-ja-arviointi\\\/\"]}]},{\"@type\":\"BreadcrumbList\",\"@id\":\"https:\\\/\\\/help.jamk.fi\\\/opetus\\\/fi\\\/yhteinen-suunnittelu-ja-tuottaminen\\\/tavoitteet-ja-arviointi\\\/#breadcrumb\",\"itemListElement\":[{\"@type\":\"ListItem\",\"position\":1,\"name\":\"Etusivu\",\"item\":\"https:\\\/\\\/help.jamk.fi\\\/opetus\\\/fi\\\/\"},{\"@type\":\"ListItem\",\"position\":2,\"name\":\"Yhteinen suunnittelu ja tuottaminen\",\"item\":\"https:\\\/\\\/help.jamk.fi\\\/opetus\\\/fi\\\/yhteinen-suunnittelu-ja-tuottaminen\\\/\"},{\"@type\":\"ListItem\",\"position\":3,\"name\":\"Tavoitteet ja arviointi\"}]},{\"@type\":\"WebSite\",\"@id\":\"https:\\\/\\\/help.jamk.fi\\\/opetus\\\/#website\",\"url\":\"https:\\\/\\\/help.jamk.fi\\\/opetus\\\/\",\"name\":\"Opetus\",\"description\":\"Opettajan ty\u00f6v\u00e4lineet\",\"potentialAction\":[{\"@type\":\"SearchAction\",\"target\":{\"@type\":\"EntryPoint\",\"urlTemplate\":\"https:\\\/\\\/help.jamk.fi\\\/opetus\\\/?s={search_term_string}\"},\"query-input\":{\"@type\":\"PropertyValueSpecification\",\"valueRequired\":true,\"valueName\":\"search_term_string\"}}],\"inLanguage\":\"fi\"}]}<\/script>\n<!-- \/ Yoast SEO plugin. -->","yoast_head_json":{"title":"Tavoitteet ja arviointi - Opetus","robots":{"index":"index","follow":"follow","max-snippet":"max-snippet:-1","max-image-preview":"max-image-preview:large","max-video-preview":"max-video-preview:-1"},"canonical":"https:\/\/help.jamk.fi\/opetus\/fi\/yhteinen-suunnittelu-ja-tuottaminen\/tavoitteet-ja-arviointi\/","og_locale":"fi_FI","og_type":"article","og_title":"Tavoitteet ja arviointi - Opetus","og_description":"Edellisess\u00e4 vaiheessa haettiin laatikolle raamit ja istutettiin idea it\u00e4m\u00e4\u00e4n. Nyt pengotaan jo sit\u00e4, miss\u00e4 oppimisen kanssa ollaan, kun opintojakso on paketissa ja on aika ker\u00e4t\u00e4 hedelm\u00e4t. Mit\u00e4 ihmett\u00e4? Tarkoitus Tavoitteet ja arviointi -vaiheen tarkoituksena on, ett\u00e4 purat opintojakson osaamistavoitteen atomeiksi &#8211; pienemmiksi osatavoitteiksi.&nbsp;Mietit my\u00f6s, miten ja mist\u00e4 oppija itse ja sin\u00e4 opettajana pystyy arvioimaan saavutettua [&hellip;]","og_url":"https:\/\/help.jamk.fi\/opetus\/fi\/yhteinen-suunnittelu-ja-tuottaminen\/tavoitteet-ja-arviointi\/","og_site_name":"Opetus","article_modified_time":"2025-02-17T11:04:16+00:00","twitter_card":"summary_large_image","twitter_misc":{"Arvioitu lukuaika":"2 minuuttia"},"schema":{"@context":"https:\/\/schema.org","@graph":[{"@type":"WebPage","@id":"https:\/\/help.jamk.fi\/opetus\/fi\/yhteinen-suunnittelu-ja-tuottaminen\/tavoitteet-ja-arviointi\/","url":"https:\/\/help.jamk.fi\/opetus\/fi\/yhteinen-suunnittelu-ja-tuottaminen\/tavoitteet-ja-arviointi\/","name":"Tavoitteet ja arviointi - Opetus","isPartOf":{"@id":"https:\/\/help.jamk.fi\/opetus\/#website"},"datePublished":"2024-05-23T10:37:43+00:00","dateModified":"2025-02-17T11:04:16+00:00","breadcrumb":{"@id":"https:\/\/help.jamk.fi\/opetus\/fi\/yhteinen-suunnittelu-ja-tuottaminen\/tavoitteet-ja-arviointi\/#breadcrumb"},"inLanguage":"fi","potentialAction":[{"@type":"ReadAction","target":["https:\/\/help.jamk.fi\/opetus\/fi\/yhteinen-suunnittelu-ja-tuottaminen\/tavoitteet-ja-arviointi\/"]}]},{"@type":"BreadcrumbList","@id":"https:\/\/help.jamk.fi\/opetus\/fi\/yhteinen-suunnittelu-ja-tuottaminen\/tavoitteet-ja-arviointi\/#breadcrumb","itemListElement":[{"@type":"ListItem","position":1,"name":"Etusivu","item":"https:\/\/help.jamk.fi\/opetus\/fi\/"},{"@type":"ListItem","position":2,"name":"Yhteinen suunnittelu ja tuottaminen","item":"https:\/\/help.jamk.fi\/opetus\/fi\/yhteinen-suunnittelu-ja-tuottaminen\/"},{"@type":"ListItem","position":3,"name":"Tavoitteet ja arviointi"}]},{"@type":"WebSite","@id":"https:\/\/help.jamk.fi\/opetus\/#website","url":"https:\/\/help.jamk.fi\/opetus\/","name":"Opetus","description":"Opettajan ty\u00f6v\u00e4lineet","potentialAction":[{"@type":"SearchAction","target":{"@type":"EntryPoint","urlTemplate":"https:\/\/help.jamk.fi\/opetus\/?s={search_term_string}"},"query-input":{"@type":"PropertyValueSpecification","valueRequired":true,"valueName":"search_term_string"}}],"inLanguage":"fi"}]}},"_links":{"self":[{"href":"https:\/\/help.jamk.fi\/opetus\/wp-json\/wp\/v2\/pages\/1761","targetHints":{"allow":["GET"]}}],"collection":[{"href":"https:\/\/help.jamk.fi\/opetus\/wp-json\/wp\/v2\/pages"}],"about":[{"href":"https:\/\/help.jamk.fi\/opetus\/wp-json\/wp\/v2\/types\/page"}],"author":[{"embeddable":true,"href":"https:\/\/help.jamk.fi\/opetus\/wp-json\/wp\/v2\/users\/73"}],"replies":[{"embeddable":true,"href":"https:\/\/help.jamk.fi\/opetus\/wp-json\/wp\/v2\/comments?post=1761"}],"version-history":[{"count":26,"href":"https:\/\/help.jamk.fi\/opetus\/wp-json\/wp\/v2\/pages\/1761\/revisions"}],"predecessor-version":[{"id":2073,"href":"https:\/\/help.jamk.fi\/opetus\/wp-json\/wp\/v2\/pages\/1761\/revisions\/2073"}],"up":[{"embeddable":true,"href":"https:\/\/help.jamk.fi\/opetus\/wp-json\/wp\/v2\/pages\/1753"}],"wp:attachment":[{"href":"https:\/\/help.jamk.fi\/opetus\/wp-json\/wp\/v2\/media?parent=1761"}],"wp:term":[{"taxonomy":"category","embeddable":true,"href":"https:\/\/help.jamk.fi\/opetus\/wp-json\/wp\/v2\/categories?post=1761"},{"taxonomy":"post_tag","embeddable":true,"href":"https:\/\/help.jamk.fi\/opetus\/wp-json\/wp\/v2\/tags?post=1761"}],"curies":[{"name":"wp","href":"https:\/\/api.w.org\/{rel}","templated":true}]}}