{"id":1765,"date":"2024-05-23T13:38:23","date_gmt":"2024-05-23T10:38:23","guid":{"rendered":"https:\/\/help.jamk.fi\/opetus\/?page_id=1765"},"modified":"2025-02-17T13:05:09","modified_gmt":"2025-02-17T11:05:09","slug":"tehtavat-ja-materiaalit","status":"publish","type":"page","link":"https:\/\/help.jamk.fi\/opetus\/fi\/yhteinen-suunnittelu-ja-tuottaminen\/tehtavat-ja-materiaalit\/","title":{"rendered":"Teht\u00e4v\u00e4t ja materiaalit"},"content":{"rendered":"\n<p>Mit\u00e4 syntyy, kun teht\u00e4vi\u00e4 ja materiaaleja yhdistell\u00e4\u00e4n oikealla tavalla ja oikeassa suhteessa? Kyll\u00e4, aivan oikein. Herkullinen oppimiskokemus.<\/p>\n\n\n\n<h2 class=\"wp-block-heading\">Tarkoitus<\/h2>\n\n\n\n<p>T\u00e4ss\u00e4 vaiheessa suunnittelet oppimisteht\u00e4vi\u00e4 ja erilaisia oppimisen tekoja, joiden avulla oppija oppii askel askeleelta tavoitteena olevia asioita ja saavuttaa opintojakson osaamistavoitteet. Lis\u00e4ksi tunnistat osaamistavoitteiden kannalta keskeisimpi\u00e4 sis\u00e4lt\u00f6j\u00e4 sek\u00e4 otat huomioon niiden saavutettavuuden. <\/p>\n\n\n\n<h2 class=\"wp-block-heading\">Keskeiset onnistumisen avaimet<\/h2>\n\n\n\n<ul class=\"wp-block-list\">\n<li>Kuljeta opiskelijaa oppimisteht\u00e4vill\u00e4 kohti opintojakson osatavoitteita ja osaamistavoitteita.<\/li>\n\n\n\n<li>Aktivoi opiskelijoita monipuolisilla oppimisteht\u00e4vill\u00e4. <\/li>\n\n\n\n<li>Tarkista, ett\u00e4 oppimisteht\u00e4v\u00e4t tuottavat sellaista arviointiaineistoa, jonka avulla tavoitteena olevaa osaamista voi arvioida. <\/li>\n\n\n\n<li>Tuplatarkista, ett\u00e4 oppimisteht\u00e4v\u00e4t ovat ymm\u00e4rrett\u00e4vi\u00e4 ja selkeit\u00e4.<\/li>\n\n\n\n<li>Tunnista, ett\u00e4 teht\u00e4v\u00e4t ja materiaalit toimivat yhteen arvioinnin, tavoitteiden ja reunaehtojen kanssa.<\/li>\n\n\n\n<li>Tunnista keskeinen sis\u00e4lt\u00f6 osaamistavoitteen kannalta.<\/li>\n\n\n\n<li>Kytke pedagogiikka my\u00f6s materiaaliin. Ohjaa oppijaa suuntaamaan tarkkaavaisuutta oikeisiin asioihin: mit\u00e4 materiaalista on tarkoitus oppia? <\/li>\n<\/ul>\n\n\n\n<h2 class=\"wp-block-heading\">Aineisto, ty\u00f6kalut, menetelm\u00e4t ja ohjeet<\/h2>\n\n\n\n<p>Pedagogisen suunnittelun pohjalle:<\/p>\n\n\n\n<ul class=\"wp-block-list\">\n<li>Oppimisen muotoilu -kurssin sis\u00e4ll\u00f6st\u00e4 Pedagoginen k\u00e4sikirjoittaminen -osa: \n<ul class=\"wp-block-list\">\n<li>Suunnittele arviointi, jossa sis\u00e4lt\u00f6n\u00e4 mm. oppimisteht\u00e4vien arviointi ja vertaisarviointi.<\/li>\n\n\n\n<li>Tunnista ydin ja arvioi kuormittavuus, jossa sis\u00e4lt\u00f6n\u00e4 mm. ydinainesanalyysi ja kuormituksen arviointi.<\/li>\n<\/ul>\n<\/li>\n\n\n\n<li>Opiskelijapalaute<\/li>\n\n\n\n<li>Oppimateriaalin elinkaaren arviointi.<\/li>\n<\/ul>\n\n\n\n<p>Digipedagoginen kerros:<\/p>\n\n\n\n<ul class=\"wp-block-list\">\n<li><a href=\"https:\/\/aoe.fi\/#\/etusivu\">Oppimisteht\u00e4vi\u00e4 Avoimet oppimateriaalit -sivustolla <\/a><\/li>\n\n\n\n<li><a href=\"https:\/\/help.jamk.fi\/moodle\/fi\/aktiviteetit-ja-aineistot\/tehtava-aktiviteetti\/\">Teht\u00e4v\u00e4-aktiviteetin rakentaminen<\/a> (Jamkin Moodle-ohjeessa kuvataan keskeisimm\u00e4t tekniset asetukset, jotka kannattaa huomioida teht\u00e4v\u00e4-aktiviteettia rakennettaessa)<\/li>\n\n\n\n<li>Anna aikaa oppimiselle -ty\u00f6kalu kuormittavuuden laskemiseen (saatavilla Moodlen mallipohjassa)<\/li>\n\n\n\n<li>Moodlen ty\u00f6kalut: E<a href=\"https:\/\/help.jamk.fi\/moodle\/fi\/uudelle-kayttajalle\/edistymisen-seuranta\/\">distymisen seuranta<\/a>, <a href=\"https:\/\/help.jamk.fi\/moodle\/fi\/aktiviteetit-ja-aineistot\/aktiviteettien-paivamaaraasetukset\/\">teht\u00e4vien palautusp\u00e4iv\u00e4m\u00e4\u00e4r\u00e4t<\/a>, <a href=\"https:\/\/help.jamk.fi\/moodle\/fi\/uudelle-kayttajalle\/arviointikirjan-perusteet-moodlessa\/\">arviointi<\/a> ja eri aktiviteettien arviointien hyv\u00e4ksymisrajat<\/li>\n\n\n\n<li><a href=\"https:\/\/help.h5p.com\/hc\/en-us\/articles\/7505649072797-Content-types-recommendations\">H5P-teht\u00e4vien saavutettavuus<\/a><\/li>\n\n\n\n<li><a href=\"https:\/\/www.saavutettavasti.fi\/\">Saavutettavasti.fi<\/a><\/li>\n\n\n\n<li><a href=\"https:\/\/creativecommons.fi\/lisenssit\/\">Creative Commons Suomi<\/a>, (tietoa k\u00e4ytt\u00f6oikeuksien jakamisesta, ns. CC-lisenssit)<\/li>\n\n\n\n<li>Laatukriteerist\u00f6t<\/li>\n\n\n\n<li><a href=\"https:\/\/digivisio2030.fi\/laatukriteerit\/\">Opin.fi -palvelun digipedagogiikan laatukriteerit<\/a><\/li>\n\n\n\n<li><a href=\"https:\/\/aoe.fi\/#\/materiaali\/120\">Verkkototeutusten laatukriteerit (eAMK)<\/a><\/li>\n<\/ul>\n\n\n\n<p>Kohtaamispisteit\u00e4:<\/p>\n\n\n\n<p><a href=\"https:\/\/help.jamk.fi\/opetus\/fi\/yhteinen-suunnittelu-ja-tuottaminen\/tehtavat-ja-materiaalit\/moodle-kuntoon-tyopaja\/\">Moodle-kuntoon -ty\u00f6paja<\/a><\/p>\n\n\n\n<ul class=\"wp-block-list\">\n<li>Moodle kuntoon -ty\u00f6pajan tavoitteena on rakentaa yhdess\u00e4 oppivaa vertaiskollegoiden yhteis\u00f6\u00e4, jossa jaamme avoimesti kokemuksia, osaamista ja meit\u00e4 mietitytt\u00e4vi\u00e4 kysymyksi\u00e4.<\/li>\n<\/ul>\n\n\n\n<p><a href=\"https:\/\/help.jamk.fi\/opetus\/fi\/tehtavat-kuntoon-tyopaja\/\">Teht\u00e4v\u00e4t kuntoon -ty\u00f6paja<\/a><\/p>\n\n\n\n<ul class=\"wp-block-list\">\n<li>Teht\u00e4v\u00e4t kuntoon -ty\u00f6pajan tavoitteena on edist\u00e4\u00e4 oppimisteht\u00e4vien selkeytt\u00e4 ja johdonmukaisuutta.<\/li>\n<\/ul>\n\n\n\n<h2 class=\"wp-block-heading\">Yhdess\u00e4 parempaan lopputulokseen<\/h2>\n\n\n\n<p>Kutsu mukaan yhteiskehitt\u00e4m\u00e4\u00e4n esimerkiksi:<\/p>\n\n\n\n<ul class=\"wp-block-list\">\n<li>Opettajakollega<\/li>\n\n\n\n<li>Opiskelijat <\/li>\n\n\n\n<li>Oma tiimi<\/li>\n\n\n\n<li>Kirjaston henkil\u00f6st\u00f6 (Muista infota kirjastoa ajoissa tarvittavista materiaalilisensseist\u00e4)<\/li>\n\n\n\n<li>Verkkopedagogiikan asiantuntijat ja pedagentit<\/li>\n\n\n\n<li>Digikeskuksen henkil\u00f6st\u00f6 (mediatuotanto)<\/li>\n<\/ul>\n","protected":false},"excerpt":{"rendered":"<p>Mit\u00e4 syntyy, kun teht\u00e4vi\u00e4 ja materiaaleja yhdistell\u00e4\u00e4n oikealla tavalla ja oikeassa suhteessa? Kyll\u00e4, aivan oikein. Herkullinen oppimiskokemus. Tarkoitus T\u00e4ss\u00e4 vaiheessa suunnittelet oppimisteht\u00e4vi\u00e4 ja erilaisia oppimisen tekoja, joiden avulla oppija oppii askel askeleelta tavoitteena olevia asioita ja saavuttaa opintojakson osaamistavoitteet. Lis\u00e4ksi tunnistat osaamistavoitteiden kannalta keskeisimpi\u00e4 sis\u00e4lt\u00f6j\u00e4 sek\u00e4 otat huomioon niiden saavutettavuuden. Keskeiset onnistumisen avaimet Aineisto, ty\u00f6kalut, [&hellip;]<\/p>\n","protected":false},"author":73,"featured_media":0,"parent":1753,"menu_order":9,"comment_status":"closed","ping_status":"closed","template":"","meta":{"_acf_changed":false,"_relevanssi_hide_post":"","_relevanssi_hide_content":"","_relevanssi_pin_for_all":"","_relevanssi_pin_keywords":"","_relevanssi_unpin_keywords":"","_relevanssi_related_keywords":"","_relevanssi_related_include_ids":"","_relevanssi_related_exclude_ids":"","_relevanssi_related_no_append":"","_relevanssi_related_not_related":"","_relevanssi_related_posts":"","_relevanssi_noindex_reason":"","footnotes":""},"categories":[],"tags":[344,342,340],"class_list":["post-1765","page","type-page","status-publish","hentry","tag-oppimistehtava","tag-vertaistuotanto","tag-yhteiskehittaminen"],"acf":[],"yoast_head":"<!-- This site is optimized with the Yoast SEO plugin v27.3 - https:\/\/yoast.com\/product\/yoast-seo-wordpress\/ -->\n<title>Teht\u00e4v\u00e4t ja materiaalit - Opetus<\/title>\n<meta name=\"robots\" content=\"index, follow, max-snippet:-1, max-image-preview:large, max-video-preview:-1\" \/>\n<link rel=\"canonical\" href=\"https:\/\/help.jamk.fi\/opetus\/fi\/yhteinen-suunnittelu-ja-tuottaminen\/tehtavat-ja-materiaalit\/\" \/>\n<meta property=\"og:locale\" content=\"fi_FI\" \/>\n<meta property=\"og:type\" content=\"article\" \/>\n<meta property=\"og:title\" content=\"Teht\u00e4v\u00e4t ja materiaalit - Opetus\" \/>\n<meta property=\"og:description\" content=\"Mit\u00e4 syntyy, kun teht\u00e4vi\u00e4 ja materiaaleja yhdistell\u00e4\u00e4n oikealla tavalla ja oikeassa suhteessa? Kyll\u00e4, aivan oikein. Herkullinen oppimiskokemus. Tarkoitus T\u00e4ss\u00e4 vaiheessa suunnittelet oppimisteht\u00e4vi\u00e4 ja erilaisia oppimisen tekoja, joiden avulla oppija oppii askel askeleelta tavoitteena olevia asioita ja saavuttaa opintojakson osaamistavoitteet. Lis\u00e4ksi tunnistat osaamistavoitteiden kannalta keskeisimpi\u00e4 sis\u00e4lt\u00f6j\u00e4 sek\u00e4 otat huomioon niiden saavutettavuuden. Keskeiset onnistumisen avaimet Aineisto, ty\u00f6kalut, [&hellip;]\" \/>\n<meta property=\"og:url\" content=\"https:\/\/help.jamk.fi\/opetus\/fi\/yhteinen-suunnittelu-ja-tuottaminen\/tehtavat-ja-materiaalit\/\" \/>\n<meta property=\"og:site_name\" content=\"Opetus\" \/>\n<meta property=\"article:modified_time\" content=\"2025-02-17T11:05:09+00:00\" \/>\n<meta name=\"twitter:card\" content=\"summary_large_image\" \/>\n<meta name=\"twitter:label1\" content=\"Arvioitu lukuaika\" \/>\n\t<meta name=\"twitter:data1\" content=\"2 minuuttia\" \/>\n<script type=\"application\/ld+json\" class=\"yoast-schema-graph\">{\"@context\":\"https:\\\/\\\/schema.org\",\"@graph\":[{\"@type\":\"WebPage\",\"@id\":\"https:\\\/\\\/help.jamk.fi\\\/opetus\\\/fi\\\/yhteinen-suunnittelu-ja-tuottaminen\\\/tehtavat-ja-materiaalit\\\/\",\"url\":\"https:\\\/\\\/help.jamk.fi\\\/opetus\\\/fi\\\/yhteinen-suunnittelu-ja-tuottaminen\\\/tehtavat-ja-materiaalit\\\/\",\"name\":\"Teht\u00e4v\u00e4t ja materiaalit - Opetus\",\"isPartOf\":{\"@id\":\"https:\\\/\\\/help.jamk.fi\\\/opetus\\\/#website\"},\"datePublished\":\"2024-05-23T10:38:23+00:00\",\"dateModified\":\"2025-02-17T11:05:09+00:00\",\"breadcrumb\":{\"@id\":\"https:\\\/\\\/help.jamk.fi\\\/opetus\\\/fi\\\/yhteinen-suunnittelu-ja-tuottaminen\\\/tehtavat-ja-materiaalit\\\/#breadcrumb\"},\"inLanguage\":\"fi\",\"potentialAction\":[{\"@type\":\"ReadAction\",\"target\":[\"https:\\\/\\\/help.jamk.fi\\\/opetus\\\/fi\\\/yhteinen-suunnittelu-ja-tuottaminen\\\/tehtavat-ja-materiaalit\\\/\"]}]},{\"@type\":\"BreadcrumbList\",\"@id\":\"https:\\\/\\\/help.jamk.fi\\\/opetus\\\/fi\\\/yhteinen-suunnittelu-ja-tuottaminen\\\/tehtavat-ja-materiaalit\\\/#breadcrumb\",\"itemListElement\":[{\"@type\":\"ListItem\",\"position\":1,\"name\":\"Etusivu\",\"item\":\"https:\\\/\\\/help.jamk.fi\\\/opetus\\\/fi\\\/\"},{\"@type\":\"ListItem\",\"position\":2,\"name\":\"Yhteinen suunnittelu ja tuottaminen\",\"item\":\"https:\\\/\\\/help.jamk.fi\\\/opetus\\\/fi\\\/yhteinen-suunnittelu-ja-tuottaminen\\\/\"},{\"@type\":\"ListItem\",\"position\":3,\"name\":\"Teht\u00e4v\u00e4t ja materiaalit\"}]},{\"@type\":\"WebSite\",\"@id\":\"https:\\\/\\\/help.jamk.fi\\\/opetus\\\/#website\",\"url\":\"https:\\\/\\\/help.jamk.fi\\\/opetus\\\/\",\"name\":\"Opetus\",\"description\":\"Opettajan ty\u00f6v\u00e4lineet\",\"potentialAction\":[{\"@type\":\"SearchAction\",\"target\":{\"@type\":\"EntryPoint\",\"urlTemplate\":\"https:\\\/\\\/help.jamk.fi\\\/opetus\\\/?s={search_term_string}\"},\"query-input\":{\"@type\":\"PropertyValueSpecification\",\"valueRequired\":true,\"valueName\":\"search_term_string\"}}],\"inLanguage\":\"fi\"}]}<\/script>\n<!-- \/ Yoast SEO plugin. -->","yoast_head_json":{"title":"Teht\u00e4v\u00e4t ja materiaalit - Opetus","robots":{"index":"index","follow":"follow","max-snippet":"max-snippet:-1","max-image-preview":"max-image-preview:large","max-video-preview":"max-video-preview:-1"},"canonical":"https:\/\/help.jamk.fi\/opetus\/fi\/yhteinen-suunnittelu-ja-tuottaminen\/tehtavat-ja-materiaalit\/","og_locale":"fi_FI","og_type":"article","og_title":"Teht\u00e4v\u00e4t ja materiaalit - Opetus","og_description":"Mit\u00e4 syntyy, kun teht\u00e4vi\u00e4 ja materiaaleja yhdistell\u00e4\u00e4n oikealla tavalla ja oikeassa suhteessa? Kyll\u00e4, aivan oikein. Herkullinen oppimiskokemus. Tarkoitus T\u00e4ss\u00e4 vaiheessa suunnittelet oppimisteht\u00e4vi\u00e4 ja erilaisia oppimisen tekoja, joiden avulla oppija oppii askel askeleelta tavoitteena olevia asioita ja saavuttaa opintojakson osaamistavoitteet. Lis\u00e4ksi tunnistat osaamistavoitteiden kannalta keskeisimpi\u00e4 sis\u00e4lt\u00f6j\u00e4 sek\u00e4 otat huomioon niiden saavutettavuuden. Keskeiset onnistumisen avaimet Aineisto, ty\u00f6kalut, [&hellip;]","og_url":"https:\/\/help.jamk.fi\/opetus\/fi\/yhteinen-suunnittelu-ja-tuottaminen\/tehtavat-ja-materiaalit\/","og_site_name":"Opetus","article_modified_time":"2025-02-17T11:05:09+00:00","twitter_card":"summary_large_image","twitter_misc":{"Arvioitu lukuaika":"2 minuuttia"},"schema":{"@context":"https:\/\/schema.org","@graph":[{"@type":"WebPage","@id":"https:\/\/help.jamk.fi\/opetus\/fi\/yhteinen-suunnittelu-ja-tuottaminen\/tehtavat-ja-materiaalit\/","url":"https:\/\/help.jamk.fi\/opetus\/fi\/yhteinen-suunnittelu-ja-tuottaminen\/tehtavat-ja-materiaalit\/","name":"Teht\u00e4v\u00e4t ja materiaalit - Opetus","isPartOf":{"@id":"https:\/\/help.jamk.fi\/opetus\/#website"},"datePublished":"2024-05-23T10:38:23+00:00","dateModified":"2025-02-17T11:05:09+00:00","breadcrumb":{"@id":"https:\/\/help.jamk.fi\/opetus\/fi\/yhteinen-suunnittelu-ja-tuottaminen\/tehtavat-ja-materiaalit\/#breadcrumb"},"inLanguage":"fi","potentialAction":[{"@type":"ReadAction","target":["https:\/\/help.jamk.fi\/opetus\/fi\/yhteinen-suunnittelu-ja-tuottaminen\/tehtavat-ja-materiaalit\/"]}]},{"@type":"BreadcrumbList","@id":"https:\/\/help.jamk.fi\/opetus\/fi\/yhteinen-suunnittelu-ja-tuottaminen\/tehtavat-ja-materiaalit\/#breadcrumb","itemListElement":[{"@type":"ListItem","position":1,"name":"Etusivu","item":"https:\/\/help.jamk.fi\/opetus\/fi\/"},{"@type":"ListItem","position":2,"name":"Yhteinen suunnittelu ja tuottaminen","item":"https:\/\/help.jamk.fi\/opetus\/fi\/yhteinen-suunnittelu-ja-tuottaminen\/"},{"@type":"ListItem","position":3,"name":"Teht\u00e4v\u00e4t ja materiaalit"}]},{"@type":"WebSite","@id":"https:\/\/help.jamk.fi\/opetus\/#website","url":"https:\/\/help.jamk.fi\/opetus\/","name":"Opetus","description":"Opettajan ty\u00f6v\u00e4lineet","potentialAction":[{"@type":"SearchAction","target":{"@type":"EntryPoint","urlTemplate":"https:\/\/help.jamk.fi\/opetus\/?s={search_term_string}"},"query-input":{"@type":"PropertyValueSpecification","valueRequired":true,"valueName":"search_term_string"}}],"inLanguage":"fi"}]}},"_links":{"self":[{"href":"https:\/\/help.jamk.fi\/opetus\/wp-json\/wp\/v2\/pages\/1765","targetHints":{"allow":["GET"]}}],"collection":[{"href":"https:\/\/help.jamk.fi\/opetus\/wp-json\/wp\/v2\/pages"}],"about":[{"href":"https:\/\/help.jamk.fi\/opetus\/wp-json\/wp\/v2\/types\/page"}],"author":[{"embeddable":true,"href":"https:\/\/help.jamk.fi\/opetus\/wp-json\/wp\/v2\/users\/73"}],"replies":[{"embeddable":true,"href":"https:\/\/help.jamk.fi\/opetus\/wp-json\/wp\/v2\/comments?post=1765"}],"version-history":[{"count":32,"href":"https:\/\/help.jamk.fi\/opetus\/wp-json\/wp\/v2\/pages\/1765\/revisions"}],"predecessor-version":[{"id":2076,"href":"https:\/\/help.jamk.fi\/opetus\/wp-json\/wp\/v2\/pages\/1765\/revisions\/2076"}],"up":[{"embeddable":true,"href":"https:\/\/help.jamk.fi\/opetus\/wp-json\/wp\/v2\/pages\/1753"}],"wp:attachment":[{"href":"https:\/\/help.jamk.fi\/opetus\/wp-json\/wp\/v2\/media?parent=1765"}],"wp:term":[{"taxonomy":"category","embeddable":true,"href":"https:\/\/help.jamk.fi\/opetus\/wp-json\/wp\/v2\/categories?post=1765"},{"taxonomy":"post_tag","embeddable":true,"href":"https:\/\/help.jamk.fi\/opetus\/wp-json\/wp\/v2\/tags?post=1765"}],"curies":[{"name":"wp","href":"https:\/\/api.w.org\/{rel}","templated":true}]}}