{"id":1769,"date":"2024-05-23T13:38:57","date_gmt":"2024-05-23T10:38:57","guid":{"rendered":"https:\/\/help.jamk.fi\/opetus\/?page_id=1769"},"modified":"2025-03-31T13:20:29","modified_gmt":"2025-03-31T10:20:29","slug":"ohjaus-ja-palaute","status":"publish","type":"page","link":"https:\/\/help.jamk.fi\/opetus\/fi\/yhteinen-suunnittelu-ja-tuottaminen\/ohjaus-ja-palaute\/","title":{"rendered":"Ohjaus ja palaute"},"content":{"rendered":"\n<p>Mihin suuntaan kurssin kompassi n\u00e4ytt\u00e4\u00e4? Nyt tarkkana, ett\u00e4 p\u00e4\u00e4st\u00e4\u00e4n sinne mihin meinattiin. <\/p>\n\n\n\n<h2 class=\"wp-block-heading\">Tarkoitus<\/h2>\n\n\n\n<p>Yhteisty\u00f6 on mit\u00e4 mainioin tapa rikastaa ohjauksen ja palautteen suunnittelua. Se auttaa sinua tunnistamaan erilaisten opetusmenetelmen ja hyvien k\u00e4yt\u00e4nt\u00f6jen vaikuttavuutta. <\/p>\n\n\n\n<h2 class=\"wp-block-heading\">Keskeiset onnistumisen avaimet<\/h2>\n\n\n\n<ul class=\"wp-block-list\">\n<li>Tunnista, mit\u00e4 teet kun ohjaat ja mit\u00e4 kaikkea ohjaat.<\/li>\n\n\n\n<li>Tunnista opintojaksolta, miss\u00e4 kohtaa ohjausta ja palautetta tarvitaan ja mieti, mill\u00e4 tavalla se j\u00e4rjestet\u00e4\u00e4n.<\/li>\n\n\n\n<li>Suunnittele ohjausta etuk\u00e4teen. <\/li>\n\n\n\n<li>Tarjoa opiskelijoille ohjausta ja palautetta opintojakson eri vaiheissa, ei vain lopussa.<\/li>\n\n\n\n<li>Hy\u00f6dynn\u00e4 Moodlen ty\u00f6kaluja ja analytiikkaa ohjauksessa ja palautteessa.<\/li>\n<\/ul>\n\n\n\n<h2 class=\"wp-block-heading\">Aineisto, ty\u00f6kalut, menetelm\u00e4t ja ohjeet<\/h2>\n\n\n\n<p>Pedagogisen suunnittelun pohjaksi:<\/p>\n\n\n\n<ul class=\"wp-block-list\">\n<li>Oppimisen muotoilu -kurssin sis\u00e4ll\u00f6st\u00e4 <a href=\"https:\/\/moodle.jamk.fi\/course\/view.php?id=10096&amp;section=2#tabs-tree-start\">Pedagoginen k\u00e4sikirjoittaminen<\/a> -osa: \n<ul class=\"wp-block-list\">\n<li>Suunnittele ohjaus ja palaute<\/li>\n<\/ul>\n<\/li>\n\n\n\n<li>Opiskelijapalaute<\/li>\n<\/ul>\n\n\n\n<p>Digipedagoginen kerros:<\/p>\n\n\n\n<ul class=\"wp-block-list\">\n<li><a href=\"https:\/\/aoe.fi\/#\/haku\">Mallit Avointen oppimateriaalien sivulla<\/a> esim. hakusanoilla ohjaus, palaute, itsearviointi, vertaisarviointi<\/li>\n\n\n\n<li>V\u00e4lit\u00f6n palaute Moodlen ty\u00f6kaluilla esim. tentti-aktiviteetissa ja H5P:ssa<\/li>\n<\/ul>\n\n\n\n<p>Kohtaamispiste:<\/p>\n\n\n\n<ul class=\"wp-block-list\">\n<li><a href=\"https:\/\/help.jamk.fi\/opetus\/fi\/ohjaus-ja-palaute-kuntoon-tyopaja\/\">Ohjaus ja palaute kuntoon opintojaksolla -ty\u00f6paja<\/a><\/li>\n<\/ul>\n\n\n\n<h2 class=\"wp-block-heading\">Yhdess\u00e4 parempaan lopputulokseen<\/h2>\n\n\n\n<p>Kutsu mukaan yhteiskehitt\u00e4m\u00e4\u00e4n esimerkiksi:<\/p>\n\n\n\n<ul class=\"wp-block-list\">\n<li>Opo: Millaista viesti\u00e4 opolle on kantautunut opintojakson ohjaukseen liittyen?<\/li>\n\n\n\n<li>Opettajatutorit: Millaista viesti\u00e4 opettajatuutorit ovat kuulleet opintojakson ohjaukseen liittyen?<\/li>\n\n\n\n<li>Verkkopedagogiikan asiantuntija<\/li>\n\n\n\n<li>Opettajakollegat<\/li>\n\n\n\n<li>Opiskelijat<\/li>\n<\/ul>\n","protected":false},"excerpt":{"rendered":"<p>Mihin suuntaan kurssin kompassi n\u00e4ytt\u00e4\u00e4? Nyt tarkkana, ett\u00e4 p\u00e4\u00e4st\u00e4\u00e4n sinne mihin meinattiin. Tarkoitus Yhteisty\u00f6 on mit\u00e4 mainioin tapa rikastaa ohjauksen ja palautteen suunnittelua. Se auttaa sinua tunnistamaan erilaisten opetusmenetelmen ja hyvien k\u00e4yt\u00e4nt\u00f6jen vaikuttavuutta. Keskeiset onnistumisen avaimet Aineisto, ty\u00f6kalut, menetelm\u00e4t ja ohjeet Pedagogisen suunnittelun pohjaksi: Digipedagoginen kerros: Kohtaamispiste: Yhdess\u00e4 parempaan lopputulokseen Kutsu mukaan yhteiskehitt\u00e4m\u00e4\u00e4n esimerkiksi:<\/p>\n","protected":false},"author":73,"featured_media":0,"parent":1753,"menu_order":12,"comment_status":"closed","ping_status":"closed","template":"","meta":{"_acf_changed":false,"_relevanssi_hide_post":"","_relevanssi_hide_content":"","_relevanssi_pin_for_all":"","_relevanssi_pin_keywords":"","_relevanssi_unpin_keywords":"","_relevanssi_related_keywords":"","_relevanssi_related_include_ids":"","_relevanssi_related_exclude_ids":"","_relevanssi_related_no_append":"","_relevanssi_related_not_related":"","_relevanssi_related_posts":"","_relevanssi_noindex_reason":"","footnotes":""},"categories":[],"tags":[346,348,342,340],"class_list":["post-1769","page","type-page","status-publish","hentry","tag-ohjaus","tag-palaute","tag-vertaistuotanto","tag-yhteiskehittaminen"],"acf":[],"yoast_head":"<!-- This site is optimized with the Yoast SEO plugin v27.3 - https:\/\/yoast.com\/product\/yoast-seo-wordpress\/ -->\n<title>Ohjaus ja palaute - Opetus<\/title>\n<meta name=\"robots\" content=\"index, follow, max-snippet:-1, max-image-preview:large, max-video-preview:-1\" \/>\n<link rel=\"canonical\" href=\"https:\/\/help.jamk.fi\/opetus\/fi\/yhteinen-suunnittelu-ja-tuottaminen\/ohjaus-ja-palaute\/\" \/>\n<meta property=\"og:locale\" content=\"fi_FI\" \/>\n<meta property=\"og:type\" content=\"article\" \/>\n<meta property=\"og:title\" content=\"Ohjaus ja palaute - Opetus\" \/>\n<meta property=\"og:description\" content=\"Mihin suuntaan kurssin kompassi n\u00e4ytt\u00e4\u00e4? Nyt tarkkana, ett\u00e4 p\u00e4\u00e4st\u00e4\u00e4n sinne mihin meinattiin. Tarkoitus Yhteisty\u00f6 on mit\u00e4 mainioin tapa rikastaa ohjauksen ja palautteen suunnittelua. Se auttaa sinua tunnistamaan erilaisten opetusmenetelmen ja hyvien k\u00e4yt\u00e4nt\u00f6jen vaikuttavuutta. Keskeiset onnistumisen avaimet Aineisto, ty\u00f6kalut, menetelm\u00e4t ja ohjeet Pedagogisen suunnittelun pohjaksi: Digipedagoginen kerros: Kohtaamispiste: Yhdess\u00e4 parempaan lopputulokseen Kutsu mukaan yhteiskehitt\u00e4m\u00e4\u00e4n esimerkiksi:\" \/>\n<meta property=\"og:url\" content=\"https:\/\/help.jamk.fi\/opetus\/fi\/yhteinen-suunnittelu-ja-tuottaminen\/ohjaus-ja-palaute\/\" \/>\n<meta property=\"og:site_name\" content=\"Opetus\" \/>\n<meta property=\"article:modified_time\" content=\"2025-03-31T10:20:29+00:00\" \/>\n<meta name=\"twitter:card\" content=\"summary_large_image\" \/>\n<meta name=\"twitter:label1\" content=\"Arvioitu lukuaika\" \/>\n\t<meta name=\"twitter:data1\" content=\"1 minuutti\" \/>\n<script type=\"application\/ld+json\" class=\"yoast-schema-graph\">{\"@context\":\"https:\\\/\\\/schema.org\",\"@graph\":[{\"@type\":\"WebPage\",\"@id\":\"https:\\\/\\\/help.jamk.fi\\\/opetus\\\/fi\\\/yhteinen-suunnittelu-ja-tuottaminen\\\/ohjaus-ja-palaute\\\/\",\"url\":\"https:\\\/\\\/help.jamk.fi\\\/opetus\\\/fi\\\/yhteinen-suunnittelu-ja-tuottaminen\\\/ohjaus-ja-palaute\\\/\",\"name\":\"Ohjaus ja palaute - Opetus\",\"isPartOf\":{\"@id\":\"https:\\\/\\\/help.jamk.fi\\\/opetus\\\/#website\"},\"datePublished\":\"2024-05-23T10:38:57+00:00\",\"dateModified\":\"2025-03-31T10:20:29+00:00\",\"breadcrumb\":{\"@id\":\"https:\\\/\\\/help.jamk.fi\\\/opetus\\\/fi\\\/yhteinen-suunnittelu-ja-tuottaminen\\\/ohjaus-ja-palaute\\\/#breadcrumb\"},\"inLanguage\":\"fi\",\"potentialAction\":[{\"@type\":\"ReadAction\",\"target\":[\"https:\\\/\\\/help.jamk.fi\\\/opetus\\\/fi\\\/yhteinen-suunnittelu-ja-tuottaminen\\\/ohjaus-ja-palaute\\\/\"]}]},{\"@type\":\"BreadcrumbList\",\"@id\":\"https:\\\/\\\/help.jamk.fi\\\/opetus\\\/fi\\\/yhteinen-suunnittelu-ja-tuottaminen\\\/ohjaus-ja-palaute\\\/#breadcrumb\",\"itemListElement\":[{\"@type\":\"ListItem\",\"position\":1,\"name\":\"Etusivu\",\"item\":\"https:\\\/\\\/help.jamk.fi\\\/opetus\\\/fi\\\/\"},{\"@type\":\"ListItem\",\"position\":2,\"name\":\"Yhteinen suunnittelu ja tuottaminen\",\"item\":\"https:\\\/\\\/help.jamk.fi\\\/opetus\\\/fi\\\/yhteinen-suunnittelu-ja-tuottaminen\\\/\"},{\"@type\":\"ListItem\",\"position\":3,\"name\":\"Ohjaus ja palaute\"}]},{\"@type\":\"WebSite\",\"@id\":\"https:\\\/\\\/help.jamk.fi\\\/opetus\\\/#website\",\"url\":\"https:\\\/\\\/help.jamk.fi\\\/opetus\\\/\",\"name\":\"Opetus\",\"description\":\"Opettajan ty\u00f6v\u00e4lineet\",\"potentialAction\":[{\"@type\":\"SearchAction\",\"target\":{\"@type\":\"EntryPoint\",\"urlTemplate\":\"https:\\\/\\\/help.jamk.fi\\\/opetus\\\/?s={search_term_string}\"},\"query-input\":{\"@type\":\"PropertyValueSpecification\",\"valueRequired\":true,\"valueName\":\"search_term_string\"}}],\"inLanguage\":\"fi\"}]}<\/script>\n<!-- \/ Yoast SEO plugin. -->","yoast_head_json":{"title":"Ohjaus ja palaute - Opetus","robots":{"index":"index","follow":"follow","max-snippet":"max-snippet:-1","max-image-preview":"max-image-preview:large","max-video-preview":"max-video-preview:-1"},"canonical":"https:\/\/help.jamk.fi\/opetus\/fi\/yhteinen-suunnittelu-ja-tuottaminen\/ohjaus-ja-palaute\/","og_locale":"fi_FI","og_type":"article","og_title":"Ohjaus ja palaute - Opetus","og_description":"Mihin suuntaan kurssin kompassi n\u00e4ytt\u00e4\u00e4? Nyt tarkkana, ett\u00e4 p\u00e4\u00e4st\u00e4\u00e4n sinne mihin meinattiin. Tarkoitus Yhteisty\u00f6 on mit\u00e4 mainioin tapa rikastaa ohjauksen ja palautteen suunnittelua. Se auttaa sinua tunnistamaan erilaisten opetusmenetelmen ja hyvien k\u00e4yt\u00e4nt\u00f6jen vaikuttavuutta. Keskeiset onnistumisen avaimet Aineisto, ty\u00f6kalut, menetelm\u00e4t ja ohjeet Pedagogisen suunnittelun pohjaksi: Digipedagoginen kerros: Kohtaamispiste: Yhdess\u00e4 parempaan lopputulokseen Kutsu mukaan yhteiskehitt\u00e4m\u00e4\u00e4n esimerkiksi:","og_url":"https:\/\/help.jamk.fi\/opetus\/fi\/yhteinen-suunnittelu-ja-tuottaminen\/ohjaus-ja-palaute\/","og_site_name":"Opetus","article_modified_time":"2025-03-31T10:20:29+00:00","twitter_card":"summary_large_image","twitter_misc":{"Arvioitu lukuaika":"1 minuutti"},"schema":{"@context":"https:\/\/schema.org","@graph":[{"@type":"WebPage","@id":"https:\/\/help.jamk.fi\/opetus\/fi\/yhteinen-suunnittelu-ja-tuottaminen\/ohjaus-ja-palaute\/","url":"https:\/\/help.jamk.fi\/opetus\/fi\/yhteinen-suunnittelu-ja-tuottaminen\/ohjaus-ja-palaute\/","name":"Ohjaus ja palaute - Opetus","isPartOf":{"@id":"https:\/\/help.jamk.fi\/opetus\/#website"},"datePublished":"2024-05-23T10:38:57+00:00","dateModified":"2025-03-31T10:20:29+00:00","breadcrumb":{"@id":"https:\/\/help.jamk.fi\/opetus\/fi\/yhteinen-suunnittelu-ja-tuottaminen\/ohjaus-ja-palaute\/#breadcrumb"},"inLanguage":"fi","potentialAction":[{"@type":"ReadAction","target":["https:\/\/help.jamk.fi\/opetus\/fi\/yhteinen-suunnittelu-ja-tuottaminen\/ohjaus-ja-palaute\/"]}]},{"@type":"BreadcrumbList","@id":"https:\/\/help.jamk.fi\/opetus\/fi\/yhteinen-suunnittelu-ja-tuottaminen\/ohjaus-ja-palaute\/#breadcrumb","itemListElement":[{"@type":"ListItem","position":1,"name":"Etusivu","item":"https:\/\/help.jamk.fi\/opetus\/fi\/"},{"@type":"ListItem","position":2,"name":"Yhteinen suunnittelu ja tuottaminen","item":"https:\/\/help.jamk.fi\/opetus\/fi\/yhteinen-suunnittelu-ja-tuottaminen\/"},{"@type":"ListItem","position":3,"name":"Ohjaus ja palaute"}]},{"@type":"WebSite","@id":"https:\/\/help.jamk.fi\/opetus\/#website","url":"https:\/\/help.jamk.fi\/opetus\/","name":"Opetus","description":"Opettajan ty\u00f6v\u00e4lineet","potentialAction":[{"@type":"SearchAction","target":{"@type":"EntryPoint","urlTemplate":"https:\/\/help.jamk.fi\/opetus\/?s={search_term_string}"},"query-input":{"@type":"PropertyValueSpecification","valueRequired":true,"valueName":"search_term_string"}}],"inLanguage":"fi"}]}},"_links":{"self":[{"href":"https:\/\/help.jamk.fi\/opetus\/wp-json\/wp\/v2\/pages\/1769","targetHints":{"allow":["GET"]}}],"collection":[{"href":"https:\/\/help.jamk.fi\/opetus\/wp-json\/wp\/v2\/pages"}],"about":[{"href":"https:\/\/help.jamk.fi\/opetus\/wp-json\/wp\/v2\/types\/page"}],"author":[{"embeddable":true,"href":"https:\/\/help.jamk.fi\/opetus\/wp-json\/wp\/v2\/users\/73"}],"replies":[{"embeddable":true,"href":"https:\/\/help.jamk.fi\/opetus\/wp-json\/wp\/v2\/comments?post=1769"}],"version-history":[{"count":22,"href":"https:\/\/help.jamk.fi\/opetus\/wp-json\/wp\/v2\/pages\/1769\/revisions"}],"predecessor-version":[{"id":2123,"href":"https:\/\/help.jamk.fi\/opetus\/wp-json\/wp\/v2\/pages\/1769\/revisions\/2123"}],"up":[{"embeddable":true,"href":"https:\/\/help.jamk.fi\/opetus\/wp-json\/wp\/v2\/pages\/1753"}],"wp:attachment":[{"href":"https:\/\/help.jamk.fi\/opetus\/wp-json\/wp\/v2\/media?parent=1769"}],"wp:term":[{"taxonomy":"category","embeddable":true,"href":"https:\/\/help.jamk.fi\/opetus\/wp-json\/wp\/v2\/categories?post=1769"},{"taxonomy":"post_tag","embeddable":true,"href":"https:\/\/help.jamk.fi\/opetus\/wp-json\/wp\/v2\/tags?post=1769"}],"curies":[{"name":"wp","href":"https:\/\/api.w.org\/{rel}","templated":true}]}}