{"id":1865,"date":"2024-05-20T10:50:39","date_gmt":"2024-05-20T07:50:39","guid":{"rendered":"https:\/\/help.jamk.fi\/opetus\/?page_id=1865"},"modified":"2025-11-06T11:48:02","modified_gmt":"2025-11-06T09:48:02","slug":"tehtavat-kuntoon-tyopaja","status":"publish","type":"page","link":"https:\/\/help.jamk.fi\/opetus\/fi\/yhteinen-suunnittelu-ja-tuottaminen\/tehtavat-ja-materiaalit\/tehtavat-kuntoon-tyopaja\/","title":{"rendered":"Teht\u00e4v\u00e4t kuntoon -ty\u00f6paja"},"content":{"rendered":"\n<h2 class=\"wp-block-heading\">Tavoite<\/h2>\n\n\n\n<p>Teht\u00e4v\u00e4t kuntoon -ty\u00f6pajan tavoitteena on edist\u00e4\u00e4 oppimisteht\u00e4vien selkeytt\u00e4 ja johdonmukaisuutta. <\/p>\n\n\n\n<p>Selke\u00e4t ja johdonmukaiset oppimisteht\u00e4v\u00e4t<\/p>\n\n\n\n<ol class=\"wp-block-list\">\n<li>Tukevat opiskelijan oppimista.<\/li>\n\n\n\n<li>Selkeytt\u00e4v\u00e4t opettajan ty\u00f6t\u00e4.<\/li>\n\n\n\n<li>Korostavat arvioinnin l\u00e4pin\u00e4kyvyyden merkityst\u00e4.<\/li>\n<\/ol>\n\n\n\n<h2 class=\"wp-block-heading\">Tarkoitus<\/h2>\n\n\n\n<p>Teht\u00e4v\u00e4t kuntoon -ty\u00f6pajan tarkoituksena on, ett\u00e4 opettaja <\/p>\n\n\n\n<ol class=\"wp-block-list\">\n<li>Perehtyy selke\u00e4n ja johdonmukaisen oppimisteht\u00e4v\u00e4n rakentamisen nelj\u00e4\u00e4n vaiheeseen.<\/li>\n\n\n\n<li>Hy\u00f6dynt\u00e4\u00e4 yhteiskehitt\u00e4mist\u00e4 oppimisteht\u00e4viens\u00e4 selkeyden ja johdonmukaisuuden vahvistamiseen.<\/li>\n<\/ol>\n\n\n\n<p><\/p>\n\n\n\n<h2 class=\"wp-block-heading\">Selke\u00e4n ja johdonmukaisen oppimisteht\u00e4v\u00e4n rakentamisen nelj\u00e4 vaihetta<\/h2>\n\n\n\n<h3 class=\"wp-block-heading\">Vaihe 1: Ideoi<\/h3>\n\n\n\n<p>Pohdi omien oppimisteht\u00e4viesi perusteella vastauksia seuraaviin kysymyksiin:<\/p>\n\n\n\n<ol class=\"wp-block-list\">\n<li>Miten voit konkretisoida opintojakson osaamistavoitteet oppimisteht\u00e4v\u00e4n tasolle?<\/li>\n\n\n\n<li>Miten opiskelija n\u00e4ytt\u00e4\u00e4 osaamisensa k\u00e4sitelt\u00e4v\u00e4st\u00e4 aiheesta oppimisteht\u00e4v\u00e4ss\u00e4?<\/li>\n\n\n\n<li>Millainen oppimisteht\u00e4v\u00e4 edist\u00e4\u00e4 oppimista?<\/li>\n<\/ol>\n\n\n\n<h3 class=\"wp-block-heading\">Vaihe 2: Pilko nelj\u00e4\u00e4n osaan<\/h3>\n\n\n\n<p>Hyv\u00e4 oppimisteht\u00e4v\u00e4 rakentuu v\u00e4hint\u00e4\u00e4n nelj\u00e4st\u00e4 osasta:<\/p>\n\n\n\n<ol class=\"wp-block-list\">\n<li>Oppimisteht\u00e4v\u00e4n tarkoitus: Miksi oppimisteht\u00e4v\u00e4 tehd\u00e4\u00e4n? Miten se liittyy opiskeltavaan alaan?<\/li>\n\n\n\n<li>Oppimisteht\u00e4v\u00e4n tavoite: Mit\u00e4 on tavoitteena oppia? Mik\u00e4 opintojakson osaamistavoite oppimisteht\u00e4v\u00e4ss\u00e4 harjoittuu\/t\u00e4yttyy?<\/li>\n\n\n\n<li>Ohje opiskelijan toiminnalle: Mit\u00e4 vaiheita opiskelijan suoritus sis\u00e4lt\u00e4\u00e4? Vaiheista, numeroi ja selkeyt\u00e4. Miten teko\u00e4ly\u00e4 k\u00e4ytet\u00e4\u00e4n oppimisteht\u00e4v\u00e4ss\u00e4? Liit\u00e4 sopiva liikennevalokuva ja selit\u00e4 tarkemmin tarvittaessa.<\/li>\n\n\n\n<li>Oppimisteht\u00e4v\u00e4n arviointikriteerit: Mit\u00e4 hyv\u00e4ksyttyyn suoritukseen\/eri arvosanojen\/pistem\u00e4\u00e4rien saavuttamiseen vaaditaan?<\/li>\n<\/ol>\n\n\n\n<p>Kun opettajana m\u00e4\u00e4rittelet oppimisteht\u00e4v\u00e4n tarkoituksen ja tavoitteen vastaamalla kysymyksiin\u200b<\/p>\n\n\n\n<ol class=\"wp-block-list\">\n<li>Miksi oppimisteht\u00e4v\u00e4 tehd\u00e4\u00e4n? \u200b<\/li>\n\n\n\n<li>Mit\u00e4 on tavoitteena oppia? \u200b<\/li>\n<\/ol>\n\n\n\n<p>\u200bSinulla on &nbsp;\u200b<\/p>\n\n\n\n<ol class=\"wp-block-list\">\n<li>\u200bHyv\u00e4t perustelut sille, miksi teht\u00e4v\u00e4 kuuluu osaksi opintojaksoa.&nbsp; \u200b<\/li>\n\n\n\n<li>Selke\u00e4t sanat motivoida opiskelijoitasi tekem\u00e4\u00e4n teht\u00e4v\u00e4.<\/li>\n<\/ol>\n\n\n\n<h3 class=\"wp-block-heading\">Vaihe 3: Selkeyt\u00e4 ohje opiskelijan toiminnalle<\/h3>\n\n\n\n<ol class=\"wp-block-list\">\n<li>Jaa opiskelijan toiminta vaiheisiin.\n<ul class=\"wp-block-list\">\n<li>Varsinkin pidemm\u00e4n oppimisteht\u00e4v\u00e4n suorittaminen kannattaa jakaa vaiheisiin. Selkeiden vaiheiden ja ty\u00f6skentelyj\u00e4rjestyksen pohtiminen auttaa my\u00f6s opiskelijan ty\u00f6m\u00e4\u00e4r\u00e4n arvioinnissa.<\/li>\n<\/ul>\n<\/li>\n\n\n\n<li>K\u00e4yt\u00e4 numeroituja listoja\n<ul class=\"wp-block-list\">\n<li>Numeroitu lista on helpompi hahmottaa pallukoiden sijaan. Jos numeroitu lista alkaa veny\u00e4, tarkista, voisitko jakaa sit\u00e4 viel\u00e4 vaiheisiin. On motivoivampaa tarttua kohtiin 1-5 nelj\u00e4ss\u00e4 eri vaiheessa kuin kohtiin 1-20 kerralla.<\/li>\n<\/ul>\n<\/li>\n\n\n\n<li>Tarkista k\u00e4ytt\u00e4m\u00e4si sanasto.\n<ul class=\"wp-block-list\">\n<li>Varmista, ett\u00e4 k\u00e4yt\u00e4t samoja termej\u00e4 johdonmukaisesti. <\/li>\n<\/ul>\n<\/li>\n\n\n\n<li>Havainnollista ja visualisoi.\n<ul class=\"wp-block-list\">\n<li>Mieti, voisiko esimerkiksi jonkin haastavan kohdan esitt\u00e4\u00e4 tekstin lis\u00e4ksi my\u00f6s kuvana tai t\u00e4ytyyk\u00f6 koko ohje tai osa siit\u00e4 esitt\u00e4\u00e4 my\u00f6s videona.<\/li>\n<\/ul>\n<\/li>\n<\/ol>\n\n\n\n<h3 class=\"wp-block-heading\">Vaihe 4: Testaa ja parasta<\/h3>\n\n\n\n<ol class=\"wp-block-list\">\n<li>Hy\u00f6dynn\u00e4 opiskelijoiden kysymykset ty\u00f6skentelyn aikana. Jos jokin oppimisteht\u00e4v\u00e4n kohta vaatii tarkennuksia, tee ne.<\/li>\n\n\n\n<li>Kysy opiskelijoilta palautetta. Aloita avoin keskustelu opiskelijoiden kanssa oppimisteht\u00e4vist\u00e4 ja siit\u00e4, miten niit\u00e4 voisi kehitt\u00e4\u00e4.<\/li>\n\n\n\n<li>Yhteiskehit\u00e4 kollegoiden kanssa.<\/li>\n<\/ol>\n\n\n\n<p><\/p>\n\n\n\n<h2 class=\"wp-block-heading\">Teht\u00e4v\u00e4t kuntoon yhteiskehitt\u00e4en<\/h2>\n\n\n\n<p><\/p>\n\n\n\n<h3 class=\"wp-block-heading\">Taso 1: Copilot-teko\u00e4lyn kanssa<\/h3>\n\n\n\n<p><strong>Yhteiskehitt\u00e4miskumppani:<\/strong> Copilot teko\u00e4ly<\/p>\n\n\n\n<p><strong>Ty\u00f6skentelyn kesto:<\/strong> Muutamista minuuteista tunteihin riippuen siit\u00e4, miten vahvasti teko\u00e4ly imaisee sinut mukaansa.<\/p>\n\n\n\n<ul class=\"wp-block-list\">\n<li>Anna teko\u00e4lylle laatimasi oppimisteht\u00e4v\u00e4 ja pyyd\u00e4 teko\u00e4ly\u00e4 kommentoimaan oppimisteht\u00e4v\u00e4n selkeytt\u00e4 ja johdonmukaisuutta. <\/li>\n\n\n\n<li>Pyyd\u00e4 teko\u00e4ly\u00e4 kommentoimaan oppimisteht\u00e4v\u00e4\u00e4 opiskelijan n\u00e4k\u00f6kulmasta. Miten teko\u00e4ly ymm\u00e4rt\u00e4\u00e4 oppimisteht\u00e4v\u00e4n ja mit\u00e4 se tuottaisi tai mitk\u00e4 kohdat oppimisteht\u00e4v\u00e4ss\u00e4 voivat olla haastavia opiskelijalle?<\/li>\n\n\n\n<li>Pyyd\u00e4 teko\u00e4lylt\u00e4 erilaisia vastauksia, joita opiskelija voisi tuottaa oppimisteht\u00e4v\u00e4\u00e4n. N\u00e4iden perusteella voit mietti\u00e4 parannuksia.<\/li>\n\n\n\n<li>Rakenna oman ty\u00f6skentelysi tai opiskelijoiden ty\u00f6skentelyn tueksi esimerkkej\u00e4 tai mallivastauksia teko\u00e4lyn avulla.<\/li>\n\n\n\n<li>Ota teko\u00e4ly avuksi oppimisteht\u00e4v\u00e4n arviointikriteerien laadinnassa. Anna teko\u00e4lylle opintojakson osaamistavoitteet, opintojakson arviointikriteerit ja laatimasi oppimisteht\u00e4v\u00e4 ja pyyd\u00e4 teko\u00e4ly\u00e4 laatimaan oppimisteht\u00e4v\u00e4lle arviointikriteerit n\u00e4iden tietojen perusteella.<\/li>\n<\/ul>\n\n\n\n<p><\/p>\n\n\n\n<h3 class=\"wp-block-heading\">Taso 2: Kollegan kanssa<\/h3>\n\n\n\n<p><strong>Yhteiskehitt\u00e4miskumppani:<\/strong> Kollega<\/p>\n\n\n\n<p><strong>Ty\u00f6skentelyn kesto:<\/strong> Muutamista minuuteista tunteihin riippuen siit\u00e4, l\u00e4het\u00e4ttek\u00f6 toisillenne chat-viestej\u00e4 toistenne oppimisteht\u00e4viin tutustumisen j\u00e4lkeen vai varaatteko neukkarin 45 minuutin keskustelutuokiota varten ennen yhteist\u00e4 lounastaukoa.<\/p>\n\n\n\n<ul class=\"wp-block-list\">\n<li>Vaihtakaa kollegan kanssa oppimisteht\u00e4vi\u00e4. Tutkikaa oppimisteht\u00e4vi\u00e4 selke\u00e4n ja johdonmukaisen teht\u00e4v\u00e4nannon periaatteiden pohjalta ja antakaa toisillenne palautetta. <\/li>\n\n\n\n<li>Hy\u00f6dynt\u00e4k\u00e4\u00e4 toistenne sis\u00e4lt\u00f6osaaminen sek\u00e4 kokemuksenne erilaisista opiskelijoista ja opetustilanteista.<\/li>\n<\/ul>\n\n\n\n<p>Tueksi palautteenannolle: <\/p>\n\n\n\n<ul class=\"wp-block-list\">\n<li>Miten erilaiset opiskelijat vastaanottaisivat t\u00e4m\u00e4n oppimisteht\u00e4v\u00e4n? Mit\u00e4, jos kohderyhm\u00e4n\u00e4 ovat omat tutkinto-opiskelijat, jotka jakautuvat esimerkiksi juuri lukiosta tulleisiin tai pitk\u00e4\u00e4n ty\u00f6el\u00e4m\u00e4ss\u00e4 olleisiin monimuoto-opiskelijoihin? Ent\u00e4, jos oppimisteht\u00e4v\u00e4\u00e4 ovatkin tekem\u00e4ss\u00e4 toisen korkeakoulun opiskelijat tai avoimen kautta tulevat opiskelijat, joilla on voinut kulua edellisest\u00e4 opiskelukerrasta kauan aikaa?<\/li>\n\n\n\n<li>Vinkkaa kollegallesi, millaisia haasteita sinulla itsell\u00e4si on ollut t\u00e4m\u00e4n oppimisteht\u00e4v\u00e4n kanssa esimerkiksi ty\u00f6m\u00e4\u00e4r\u00e4llisesti. Ent\u00e4 miten sijaistava opettaja pystyisi ohjeistamaan opiskelijat t\u00e4m\u00e4n oppimisteht\u00e4v\u00e4n tekemiseen tai millaiset raamit h\u00e4n saa arviointiin liittyvien ohjeiden perusteella teht\u00e4v\u00e4n arvioinnille?<\/li>\n<\/ul>\n\n\n\n<p><\/p>\n\n\n\n<h3 class=\"wp-block-heading\">Taso 3: Tiimin kanssa<\/h3>\n\n\n\n<p><strong>Yhteiskehitt\u00e4miskumppani:<\/strong> Oma tiimi ja verkkopedagogiikan asiantuntija vet\u00e4m\u00e4ss\u00e4 ty\u00f6pajaa<\/p>\n\n\n\n<p><strong>Ty\u00f6skentelyn kesto:<\/strong> 1,5 tuntia<\/p>\n\n\n\n<ul class=\"wp-block-list\">\n<li>Kalenteroikaa tiimipalaveri, jonka aiheena on Teht\u00e4v\u00e4t kuntoon. <\/li>\n\n\n\n<li>Jokainen tiimil\u00e4inen toimittaa oman teht\u00e4v\u00e4nannon verkkopedagogiikan asiantuntijalle sovitun aikataulun mukaisesti ennen tiimipalaveria.<\/li>\n<\/ul>\n\n\n\n<p><strong>Ty\u00f6pajan eteneminen:<\/strong><\/p>\n\n\n\n<ul class=\"wp-block-list\">\n<li>15 min. Ty\u00f6pajaty\u00f6skentelyn pohjustus sek\u00e4 selke\u00e4n ja johdonmukaisen oppimisteht\u00e4v\u00e4n rakentamisen nelj\u00e4\u00e4n vaiheeseen tutustuminen.<\/li>\n\n\n\n<li>60 min. Oppimisteht\u00e4vien yhteist\u00e4 pohdintaa selke\u00e4n ja johdonmukaisen oppimisteht\u00e4v\u00e4n rakentamisen vaiheiden pohjalta sek\u00e4 erilaisista opiskelijarooleista ja opettajan n\u00e4k\u00f6kulmista tarkastellen.<\/li>\n\n\n\n<li>15 min. Ty\u00f6pajan yhteenveto ja seuraavat askeleet oppimisteht\u00e4vien kehitt\u00e4misess\u00e4.<\/li>\n<\/ul>\n\n\n<div id=\"link-lifts-block_22d7cd04f2d33bbc3517482b51b780c5\" class=\"link-lifts block-link-lifts\">\n  <div class=\"row\">\n            <div class=\"col-12 col-lg-4 block-link-lifts__column\">\n          <div class=\"block-link-lifts__item pink\">\n            <h3 class=\"block-link-lifts__item--heading\">Teht\u00e4v\u00e4t kuntoon -ty\u00f6paja<\/h3>\n                          <ul class=\"block-link-lifts__item--link-list\">\n                                                                        <li>\n                                              <a class=\"link-list external\" href=\"https:\/\/jamkstudent-my.sharepoint.com\/:p:\/g\/personal\/sisko_minkkinen_jamk_fi\/EWJXHgQtLF5HporI3TSvU-4Bkb0drBIahpiu4HkCZyXmgg?e=HhLGv2\" target=\"_blank\" aria-label=\"Avautuu uuteen v\u00e4lilehteen\" >Teht\u00e4v\u00e4t kuntoon -ty\u00f6pajan materiaali .pptx<i  ><svg aria-hidden=\"true\" viewBox=\"0 0 12 12\" fill=\"none\" xmlns=\"http:\/\/www.w3.org\/2000\/svg\"><path d=\"M9.23 11.17H.77V1.83h4.615V1H0v11h10V6.189h-.77v4.98z\" fill=\"#fff\"\/><path d=\"M7.002 0v.833h3.576L4 7.411 4.589 8l6.578-6.578v3.576H12V0H7.002z\" fill=\"#fff\"\/><\/svg><\/i><\/a>\n                                          <\/li>\n                                                <\/ul>\n            \n          <\/div>\n        <\/div>\n      <\/div>\n<\/div>","protected":false},"excerpt":{"rendered":"<p>Tavoite Teht\u00e4v\u00e4t kuntoon -ty\u00f6pajan tavoitteena on edist\u00e4\u00e4 oppimisteht\u00e4vien selkeytt\u00e4 ja johdonmukaisuutta. Selke\u00e4t ja johdonmukaiset oppimisteht\u00e4v\u00e4t Tarkoitus Teht\u00e4v\u00e4t kuntoon -ty\u00f6pajan tarkoituksena on, ett\u00e4 opettaja Selke\u00e4n ja johdonmukaisen oppimisteht\u00e4v\u00e4n rakentamisen nelj\u00e4 vaihetta Vaihe 1: Ideoi Pohdi omien oppimisteht\u00e4viesi perusteella vastauksia seuraaviin kysymyksiin: Vaihe 2: Pilko nelj\u00e4\u00e4n osaan Hyv\u00e4 oppimisteht\u00e4v\u00e4 rakentuu v\u00e4hint\u00e4\u00e4n nelj\u00e4st\u00e4 osasta: Kun opettajana m\u00e4\u00e4rittelet oppimisteht\u00e4v\u00e4n [&hellip;]<\/p>\n","protected":false},"author":72,"featured_media":0,"parent":1765,"menu_order":3,"comment_status":"closed","ping_status":"closed","template":"","meta":{"_acf_changed":false,"_relevanssi_hide_post":"","_relevanssi_hide_content":"","_relevanssi_pin_for_all":"","_relevanssi_pin_keywords":"","_relevanssi_unpin_keywords":"","_relevanssi_related_keywords":"","_relevanssi_related_include_ids":"","_relevanssi_related_exclude_ids":"","_relevanssi_related_no_append":"","_relevanssi_related_not_related":"","_relevanssi_related_posts":"","_relevanssi_noindex_reason":"","footnotes":""},"categories":[],"tags":[344,342,340],"class_list":["post-1865","page","type-page","status-publish","hentry","tag-oppimistehtava","tag-vertaistuotanto","tag-yhteiskehittaminen"],"acf":[],"yoast_head":"<!-- This site is optimized with the Yoast SEO plugin v27.3 - https:\/\/yoast.com\/product\/yoast-seo-wordpress\/ -->\n<title>Teht\u00e4v\u00e4t kuntoon -ty\u00f6paja - Opetus<\/title>\n<meta name=\"robots\" content=\"index, follow, max-snippet:-1, max-image-preview:large, max-video-preview:-1\" \/>\n<link rel=\"canonical\" href=\"https:\/\/help.jamk.fi\/opetus\/fi\/yhteinen-suunnittelu-ja-tuottaminen\/tehtavat-ja-materiaalit\/tehtavat-kuntoon-tyopaja\/\" \/>\n<meta property=\"og:locale\" content=\"fi_FI\" \/>\n<meta property=\"og:type\" content=\"article\" \/>\n<meta property=\"og:title\" content=\"Teht\u00e4v\u00e4t kuntoon -ty\u00f6paja - Opetus\" \/>\n<meta property=\"og:description\" content=\"Tavoite Teht\u00e4v\u00e4t kuntoon -ty\u00f6pajan tavoitteena on edist\u00e4\u00e4 oppimisteht\u00e4vien selkeytt\u00e4 ja johdonmukaisuutta. Selke\u00e4t ja johdonmukaiset oppimisteht\u00e4v\u00e4t Tarkoitus Teht\u00e4v\u00e4t kuntoon -ty\u00f6pajan tarkoituksena on, ett\u00e4 opettaja Selke\u00e4n ja johdonmukaisen oppimisteht\u00e4v\u00e4n rakentamisen nelj\u00e4 vaihetta Vaihe 1: Ideoi Pohdi omien oppimisteht\u00e4viesi perusteella vastauksia seuraaviin kysymyksiin: Vaihe 2: Pilko nelj\u00e4\u00e4n osaan Hyv\u00e4 oppimisteht\u00e4v\u00e4 rakentuu v\u00e4hint\u00e4\u00e4n nelj\u00e4st\u00e4 osasta: Kun opettajana m\u00e4\u00e4rittelet oppimisteht\u00e4v\u00e4n [&hellip;]\" \/>\n<meta property=\"og:url\" content=\"https:\/\/help.jamk.fi\/opetus\/fi\/yhteinen-suunnittelu-ja-tuottaminen\/tehtavat-ja-materiaalit\/tehtavat-kuntoon-tyopaja\/\" \/>\n<meta property=\"og:site_name\" content=\"Opetus\" \/>\n<meta property=\"article:modified_time\" content=\"2025-11-06T09:48:02+00:00\" \/>\n<meta name=\"twitter:card\" content=\"summary_large_image\" \/>\n<meta name=\"twitter:label1\" content=\"Arvioitu lukuaika\" \/>\n\t<meta name=\"twitter:data1\" content=\"4 minuuttia\" \/>\n<script type=\"application\/ld+json\" class=\"yoast-schema-graph\">{\"@context\":\"https:\\\/\\\/schema.org\",\"@graph\":[{\"@type\":\"WebPage\",\"@id\":\"https:\\\/\\\/help.jamk.fi\\\/opetus\\\/fi\\\/yhteinen-suunnittelu-ja-tuottaminen\\\/tehtavat-ja-materiaalit\\\/tehtavat-kuntoon-tyopaja\\\/\",\"url\":\"https:\\\/\\\/help.jamk.fi\\\/opetus\\\/fi\\\/yhteinen-suunnittelu-ja-tuottaminen\\\/tehtavat-ja-materiaalit\\\/tehtavat-kuntoon-tyopaja\\\/\",\"name\":\"Teht\u00e4v\u00e4t kuntoon -ty\u00f6paja - Opetus\",\"isPartOf\":{\"@id\":\"https:\\\/\\\/help.jamk.fi\\\/opetus\\\/#website\"},\"datePublished\":\"2024-05-20T07:50:39+00:00\",\"dateModified\":\"2025-11-06T09:48:02+00:00\",\"breadcrumb\":{\"@id\":\"https:\\\/\\\/help.jamk.fi\\\/opetus\\\/fi\\\/yhteinen-suunnittelu-ja-tuottaminen\\\/tehtavat-ja-materiaalit\\\/tehtavat-kuntoon-tyopaja\\\/#breadcrumb\"},\"inLanguage\":\"fi\",\"potentialAction\":[{\"@type\":\"ReadAction\",\"target\":[\"https:\\\/\\\/help.jamk.fi\\\/opetus\\\/fi\\\/yhteinen-suunnittelu-ja-tuottaminen\\\/tehtavat-ja-materiaalit\\\/tehtavat-kuntoon-tyopaja\\\/\"]}]},{\"@type\":\"BreadcrumbList\",\"@id\":\"https:\\\/\\\/help.jamk.fi\\\/opetus\\\/fi\\\/yhteinen-suunnittelu-ja-tuottaminen\\\/tehtavat-ja-materiaalit\\\/tehtavat-kuntoon-tyopaja\\\/#breadcrumb\",\"itemListElement\":[{\"@type\":\"ListItem\",\"position\":1,\"name\":\"Etusivu\",\"item\":\"https:\\\/\\\/help.jamk.fi\\\/opetus\\\/fi\\\/\"},{\"@type\":\"ListItem\",\"position\":2,\"name\":\"Yhteinen suunnittelu ja tuottaminen\",\"item\":\"https:\\\/\\\/help.jamk.fi\\\/opetus\\\/fi\\\/yhteinen-suunnittelu-ja-tuottaminen\\\/\"},{\"@type\":\"ListItem\",\"position\":3,\"name\":\"Teht\u00e4v\u00e4t ja materiaalit\",\"item\":\"https:\\\/\\\/help.jamk.fi\\\/opetus\\\/fi\\\/yhteinen-suunnittelu-ja-tuottaminen\\\/tehtavat-ja-materiaalit\\\/\"},{\"@type\":\"ListItem\",\"position\":4,\"name\":\"Teht\u00e4v\u00e4t kuntoon -ty\u00f6paja\"}]},{\"@type\":\"WebSite\",\"@id\":\"https:\\\/\\\/help.jamk.fi\\\/opetus\\\/#website\",\"url\":\"https:\\\/\\\/help.jamk.fi\\\/opetus\\\/\",\"name\":\"Opetus\",\"description\":\"Opettajan ty\u00f6v\u00e4lineet\",\"potentialAction\":[{\"@type\":\"SearchAction\",\"target\":{\"@type\":\"EntryPoint\",\"urlTemplate\":\"https:\\\/\\\/help.jamk.fi\\\/opetus\\\/?s={search_term_string}\"},\"query-input\":{\"@type\":\"PropertyValueSpecification\",\"valueRequired\":true,\"valueName\":\"search_term_string\"}}],\"inLanguage\":\"fi\"}]}<\/script>\n<!-- \/ Yoast SEO plugin. -->","yoast_head_json":{"title":"Teht\u00e4v\u00e4t kuntoon -ty\u00f6paja - Opetus","robots":{"index":"index","follow":"follow","max-snippet":"max-snippet:-1","max-image-preview":"max-image-preview:large","max-video-preview":"max-video-preview:-1"},"canonical":"https:\/\/help.jamk.fi\/opetus\/fi\/yhteinen-suunnittelu-ja-tuottaminen\/tehtavat-ja-materiaalit\/tehtavat-kuntoon-tyopaja\/","og_locale":"fi_FI","og_type":"article","og_title":"Teht\u00e4v\u00e4t kuntoon -ty\u00f6paja - Opetus","og_description":"Tavoite Teht\u00e4v\u00e4t kuntoon -ty\u00f6pajan tavoitteena on edist\u00e4\u00e4 oppimisteht\u00e4vien selkeytt\u00e4 ja johdonmukaisuutta. Selke\u00e4t ja johdonmukaiset oppimisteht\u00e4v\u00e4t Tarkoitus Teht\u00e4v\u00e4t kuntoon -ty\u00f6pajan tarkoituksena on, ett\u00e4 opettaja Selke\u00e4n ja johdonmukaisen oppimisteht\u00e4v\u00e4n rakentamisen nelj\u00e4 vaihetta Vaihe 1: Ideoi Pohdi omien oppimisteht\u00e4viesi perusteella vastauksia seuraaviin kysymyksiin: Vaihe 2: Pilko nelj\u00e4\u00e4n osaan Hyv\u00e4 oppimisteht\u00e4v\u00e4 rakentuu v\u00e4hint\u00e4\u00e4n nelj\u00e4st\u00e4 osasta: Kun opettajana m\u00e4\u00e4rittelet oppimisteht\u00e4v\u00e4n [&hellip;]","og_url":"https:\/\/help.jamk.fi\/opetus\/fi\/yhteinen-suunnittelu-ja-tuottaminen\/tehtavat-ja-materiaalit\/tehtavat-kuntoon-tyopaja\/","og_site_name":"Opetus","article_modified_time":"2025-11-06T09:48:02+00:00","twitter_card":"summary_large_image","twitter_misc":{"Arvioitu lukuaika":"4 minuuttia"},"schema":{"@context":"https:\/\/schema.org","@graph":[{"@type":"WebPage","@id":"https:\/\/help.jamk.fi\/opetus\/fi\/yhteinen-suunnittelu-ja-tuottaminen\/tehtavat-ja-materiaalit\/tehtavat-kuntoon-tyopaja\/","url":"https:\/\/help.jamk.fi\/opetus\/fi\/yhteinen-suunnittelu-ja-tuottaminen\/tehtavat-ja-materiaalit\/tehtavat-kuntoon-tyopaja\/","name":"Teht\u00e4v\u00e4t kuntoon -ty\u00f6paja - Opetus","isPartOf":{"@id":"https:\/\/help.jamk.fi\/opetus\/#website"},"datePublished":"2024-05-20T07:50:39+00:00","dateModified":"2025-11-06T09:48:02+00:00","breadcrumb":{"@id":"https:\/\/help.jamk.fi\/opetus\/fi\/yhteinen-suunnittelu-ja-tuottaminen\/tehtavat-ja-materiaalit\/tehtavat-kuntoon-tyopaja\/#breadcrumb"},"inLanguage":"fi","potentialAction":[{"@type":"ReadAction","target":["https:\/\/help.jamk.fi\/opetus\/fi\/yhteinen-suunnittelu-ja-tuottaminen\/tehtavat-ja-materiaalit\/tehtavat-kuntoon-tyopaja\/"]}]},{"@type":"BreadcrumbList","@id":"https:\/\/help.jamk.fi\/opetus\/fi\/yhteinen-suunnittelu-ja-tuottaminen\/tehtavat-ja-materiaalit\/tehtavat-kuntoon-tyopaja\/#breadcrumb","itemListElement":[{"@type":"ListItem","position":1,"name":"Etusivu","item":"https:\/\/help.jamk.fi\/opetus\/fi\/"},{"@type":"ListItem","position":2,"name":"Yhteinen suunnittelu ja tuottaminen","item":"https:\/\/help.jamk.fi\/opetus\/fi\/yhteinen-suunnittelu-ja-tuottaminen\/"},{"@type":"ListItem","position":3,"name":"Teht\u00e4v\u00e4t ja materiaalit","item":"https:\/\/help.jamk.fi\/opetus\/fi\/yhteinen-suunnittelu-ja-tuottaminen\/tehtavat-ja-materiaalit\/"},{"@type":"ListItem","position":4,"name":"Teht\u00e4v\u00e4t kuntoon -ty\u00f6paja"}]},{"@type":"WebSite","@id":"https:\/\/help.jamk.fi\/opetus\/#website","url":"https:\/\/help.jamk.fi\/opetus\/","name":"Opetus","description":"Opettajan ty\u00f6v\u00e4lineet","potentialAction":[{"@type":"SearchAction","target":{"@type":"EntryPoint","urlTemplate":"https:\/\/help.jamk.fi\/opetus\/?s={search_term_string}"},"query-input":{"@type":"PropertyValueSpecification","valueRequired":true,"valueName":"search_term_string"}}],"inLanguage":"fi"}]}},"_links":{"self":[{"href":"https:\/\/help.jamk.fi\/opetus\/wp-json\/wp\/v2\/pages\/1865","targetHints":{"allow":["GET"]}}],"collection":[{"href":"https:\/\/help.jamk.fi\/opetus\/wp-json\/wp\/v2\/pages"}],"about":[{"href":"https:\/\/help.jamk.fi\/opetus\/wp-json\/wp\/v2\/types\/page"}],"author":[{"embeddable":true,"href":"https:\/\/help.jamk.fi\/opetus\/wp-json\/wp\/v2\/users\/72"}],"replies":[{"embeddable":true,"href":"https:\/\/help.jamk.fi\/opetus\/wp-json\/wp\/v2\/comments?post=1865"}],"version-history":[{"count":40,"href":"https:\/\/help.jamk.fi\/opetus\/wp-json\/wp\/v2\/pages\/1865\/revisions"}],"predecessor-version":[{"id":2349,"href":"https:\/\/help.jamk.fi\/opetus\/wp-json\/wp\/v2\/pages\/1865\/revisions\/2349"}],"up":[{"embeddable":true,"href":"https:\/\/help.jamk.fi\/opetus\/wp-json\/wp\/v2\/pages\/1765"}],"wp:attachment":[{"href":"https:\/\/help.jamk.fi\/opetus\/wp-json\/wp\/v2\/media?parent=1865"}],"wp:term":[{"taxonomy":"category","embeddable":true,"href":"https:\/\/help.jamk.fi\/opetus\/wp-json\/wp\/v2\/categories?post=1865"},{"taxonomy":"post_tag","embeddable":true,"href":"https:\/\/help.jamk.fi\/opetus\/wp-json\/wp\/v2\/tags?post=1865"}],"curies":[{"name":"wp","href":"https:\/\/api.w.org\/{rel}","templated":true}]}}