{"id":1935,"date":"2024-06-13T11:05:24","date_gmt":"2024-06-13T08:05:24","guid":{"rendered":"https:\/\/help.jamk.fi\/opetus\/?page_id=1935"},"modified":"2025-02-17T13:08:04","modified_gmt":"2025-02-17T11:08:04","slug":"moodle-kuntoon-tyopaja","status":"publish","type":"page","link":"https:\/\/help.jamk.fi\/opetus\/fi\/yhteinen-suunnittelu-ja-tuottaminen\/tehtavat-ja-materiaalit\/moodle-kuntoon-tyopaja\/","title":{"rendered":"Moodle kuntoon -ty\u00f6paja"},"content":{"rendered":"\n<h2 class=\"wp-block-heading\">Tavoite<\/h2>\n\n\n\n<p>Moodle kuntoon -ty\u00f6pajan tavoitteena on rakentaa yhdess\u00e4 oppivaa vertaiskollegoiden yhteis\u00f6\u00e4, jossa jaamme avoimesti kokemuksia, osaamista ja meit\u00e4 mietitytt\u00e4vi\u00e4 kysymyksi\u00e4.<\/p>\n\n\n\n<p>Moodle kuntoon -ty\u00f6pajan lopputulos on jokaiselle osallistujalle yksil\u00f6llinen.&nbsp;<\/p>\n\n\n\n<ol start=\"1\" class=\"wp-block-list\">\n<li>Yksi saa vahvistusta siihen, ett\u00e4 on jo sujuva Moodlen k\u00e4yt\u00f6ss\u00e4.&nbsp;<\/li>\n\n\n\n<li>Toinen saa mahdollisuuden tarkastella Moodlea uusista n\u00e4k\u00f6kulmista esimerkiksi kollegoiden esille nostamien kysymysten, ihmetyksen aiheiden tai Moodlessa kohdattujen onnistumisten ja ongelmatilanteiden kautta.&nbsp;<\/li>\n\n\n\n<li>Kolmas yll\u00e4ttyy siit\u00e4, miten samanlaisia tai erilaisia kokemuksia kollegoilla on Moodlesta.&nbsp;<\/li>\n\n\n\n<li>Yhteisen\u00e4 lopputuloksena on vertaiskollegoiden yhteis\u00f6, jota voi hy\u00f6dynt\u00e4\u00e4 tulevaisuudessa omien Moodle-askeleiden sparrailussa. Emme ole yksin omilla Moodle-kursseillamme vaan meill\u00e4 on vahva, avoin ja keskusteleva yhteis\u00f6 tukemassa ty\u00f6n tekemist\u00e4.&nbsp;<\/li>\n<\/ol>\n\n\n\n<p><\/p>\n\n\n\n<h2 class=\"wp-block-heading\">Tarkoitus<\/h2>\n\n\n\n<p>Moodle kuntoon -ty\u00f6pajan tarkoituksena on, ett\u00e4 opettaja<\/p>\n\n\n\n<ol class=\"wp-block-list\">\n<li>Jakaa kokemuksia, osaamista ja mietitytt\u00e4vi\u00e4 kysymyksi\u00e4 Moodleen liittyv\u00e4n case-tapauksen ratkaisemiseksi.<\/li>\n\n\n\n<li>Hy\u00f6dynt\u00e4\u00e4 yhteiskehitt\u00e4mist\u00e4 oman Moodle-osaamisensa vahvistamiseen.<\/li>\n<\/ol>\n\n\n\n<p><\/p>\n\n\n\n<h2 class=\"wp-block-heading\">Moodle kuntoon yhteiskehitt\u00e4en<\/h2>\n\n\n\n<p>Yhteiskehitt\u00e4miskumppani: Oma tiimi tai sattumanvaraisesti Moodle kuntoon -ty\u00f6pajaan ilmoittautuneet kollegat sek\u00e4 verkkopedagogiikan asiantuntija vet\u00e4m\u00e4ss\u00e4 ty\u00f6pajaa<\/p>\n\n\n\n<p>Ty\u00f6skentelyn kesto: 1 tunti\/1,5 tuntia<\/p>\n\n\n\n<ul class=\"wp-block-list\">\n<li>Verkkopedagogiikan asiantuntija voi kalenteroida tunnin\/puolentoista tunnin mittaisia Moodle kuntoon -ty\u00f6pajoja yksik\u00f6ss\u00e4 s\u00e4\u00e4nn\u00f6llisesti esimerkiksi pari kertaa lukukaudessa.<\/li>\n\n\n\n<li>Ty\u00f6pajojen aiheet voidaan ilmoittaa ennakkoon tai ilmoittautujat voivat esimerkiksi \u00e4\u00e4nest\u00e4\u00e4 aihesuosikkiaan ilmoittautumisvaiheessa. <\/li>\n\n\n\n<li>Tiimit voivat toivoa omaa Moodle kuntoon -ty\u00f6pajaa jostain tiimi\u00e4 erityisesti mietitytt\u00e4v\u00e4st\u00e4 aiheesta.<\/li>\n\n\n\n<li>Ty\u00f6pajan osallistujam\u00e4\u00e4r\u00e4st\u00e4 ja osallistujien toiveista riippuen ty\u00f6pajassa voidaan k\u00e4sitell\u00e4 yht\u00e4 tai useampaa case-tapausta.<\/li>\n<\/ul>\n\n\n\n<p>Ty\u00f6pajan eteneminen:<\/p>\n\n\n\n<ul class=\"wp-block-list\">\n<li>10 min. Orientoituminen ty\u00f6pajaan ja ty\u00f6skentelyyn yhdess\u00e4.<\/li>\n\n\n\n<li>20 min. Ryhm\u00e4ty\u00f6skentely, jossa kootaan ryhm\u00e4n j\u00e4senten yhteisen osaamisen perusteella vastaus case-kysymykseen mallivastauspohjaa hy\u00f6dynt\u00e4en.<\/li>\n\n\n\n<li>20 min. Ryhm\u00e4ty\u00f6skentelyn purku muita ryhmi\u00e4 opettaen.<\/li>\n\n\n\n<li>10 min. Ty\u00f6pajan yhteenveto ja seuraavat askeleet: Mit\u00e4 voisit kertoa t\u00e4st\u00e4 ty\u00f6pajasta kollegoillesi yksik\u00f6n Teams-ryhm\u00e4ss\u00e4?\n<ul class=\"wp-block-list\">\n<li>Tiivist\u00e4 Moodle kuntoon -ty\u00f6pajassa oppimasi yhteen tai kahteen lauseeseen ja k\u00e4y kirjaamassa ajatuksesi yksik\u00f6n Teams-ryhm\u00e4\u00e4n verkkopedagogiikan asiantuntijan tekem\u00e4n Moodle kuntoon -ty\u00f6pajaa koskevan keskustelunaloituksen kommentteihin.<\/li>\n<\/ul>\n<\/li>\n<\/ul>\n\n\n<div id=\"link-lifts-block_e1b42fb13c91f60a2362f2ca684c82b5\" class=\"link-lifts block-link-lifts\">\n  <div class=\"row\">\n            <div class=\"col-12 col-lg-4 block-link-lifts__column\">\n          <div class=\"block-link-lifts__item pink\">\n            <h3 class=\"block-link-lifts__item--heading\">Moodle kuntoon -ty\u00f6paja<\/h3>\n                          <ul class=\"block-link-lifts__item--link-list\">\n                                                                        <li>\n                                              <a class=\"link-list external\" href=\"https:\/\/jamkstudent-my.sharepoint.com\/:p:\/g\/personal\/sisko_minkkinen_jamk_fi\/EYR5ihcGLcZIq5D874Pvq10BEJ-Ua66pHUMrFAbkLJqlyw?e=3iSnNS\" target=\"_blank\" aria-label=\"Avautuu uuteen v\u00e4lilehteen\" >Moodle kuntoon -ty\u00f6pajan caset .pptx<i  ><svg aria-hidden=\"true\" viewBox=\"0 0 12 12\" fill=\"none\" xmlns=\"http:\/\/www.w3.org\/2000\/svg\"><path d=\"M9.23 11.17H.77V1.83h4.615V1H0v11h10V6.189h-.77v4.98z\" fill=\"#fff\"\/><path d=\"M7.002 0v.833h3.576L4 7.411 4.589 8l6.578-6.578v3.576H12V0H7.002z\" fill=\"#fff\"\/><\/svg><\/i><\/a>\n                                          <\/li>\n                                                <\/ul>\n            \n          <\/div>\n        <\/div>\n      <\/div>\n<\/div>","protected":false},"excerpt":{"rendered":"<p>Tavoite Moodle kuntoon -ty\u00f6pajan tavoitteena on rakentaa yhdess\u00e4 oppivaa vertaiskollegoiden yhteis\u00f6\u00e4, jossa jaamme avoimesti kokemuksia, osaamista ja meit\u00e4 mietitytt\u00e4vi\u00e4 kysymyksi\u00e4. Moodle kuntoon -ty\u00f6pajan lopputulos on jokaiselle osallistujalle yksil\u00f6llinen.&nbsp; Tarkoitus Moodle kuntoon -ty\u00f6pajan tarkoituksena on, ett\u00e4 opettaja Moodle kuntoon yhteiskehitt\u00e4en Yhteiskehitt\u00e4miskumppani: Oma tiimi tai sattumanvaraisesti Moodle kuntoon -ty\u00f6pajaan ilmoittautuneet kollegat sek\u00e4 verkkopedagogiikan asiantuntija vet\u00e4m\u00e4ss\u00e4 ty\u00f6pajaa Ty\u00f6skentelyn [&hellip;]<\/p>\n","protected":false},"author":72,"featured_media":0,"parent":1765,"menu_order":3,"comment_status":"closed","ping_status":"closed","template":"","meta":{"_acf_changed":false,"_relevanssi_hide_post":"","_relevanssi_hide_content":"","_relevanssi_pin_for_all":"","_relevanssi_pin_keywords":"","_relevanssi_unpin_keywords":"","_relevanssi_related_keywords":"","_relevanssi_related_include_ids":"","_relevanssi_related_exclude_ids":"","_relevanssi_related_no_append":"","_relevanssi_related_not_related":"","_relevanssi_related_posts":"","_relevanssi_noindex_reason":"","footnotes":""},"categories":[],"tags":[],"class_list":["post-1935","page","type-page","status-publish","hentry"],"acf":[],"yoast_head":"<!-- This site is optimized with the Yoast SEO plugin v27.5 - https:\/\/yoast.com\/product\/yoast-seo-wordpress\/ -->\n<title>Moodle kuntoon -ty\u00f6paja - Opetus<\/title>\n<meta name=\"robots\" content=\"index, follow, max-snippet:-1, max-image-preview:large, max-video-preview:-1\" \/>\n<link rel=\"canonical\" href=\"https:\/\/help.jamk.fi\/opetus\/fi\/yhteinen-suunnittelu-ja-tuottaminen\/tehtavat-ja-materiaalit\/moodle-kuntoon-tyopaja\/\" \/>\n<meta property=\"og:locale\" content=\"fi_FI\" \/>\n<meta property=\"og:type\" content=\"article\" \/>\n<meta property=\"og:title\" content=\"Moodle kuntoon -ty\u00f6paja - Opetus\" \/>\n<meta property=\"og:description\" content=\"Tavoite Moodle kuntoon -ty\u00f6pajan tavoitteena on rakentaa yhdess\u00e4 oppivaa vertaiskollegoiden yhteis\u00f6\u00e4, jossa jaamme avoimesti kokemuksia, osaamista ja meit\u00e4 mietitytt\u00e4vi\u00e4 kysymyksi\u00e4. Moodle kuntoon -ty\u00f6pajan lopputulos on jokaiselle osallistujalle yksil\u00f6llinen.&nbsp; Tarkoitus Moodle kuntoon -ty\u00f6pajan tarkoituksena on, ett\u00e4 opettaja Moodle kuntoon yhteiskehitt\u00e4en Yhteiskehitt\u00e4miskumppani: Oma tiimi tai sattumanvaraisesti Moodle kuntoon -ty\u00f6pajaan ilmoittautuneet kollegat sek\u00e4 verkkopedagogiikan asiantuntija vet\u00e4m\u00e4ss\u00e4 ty\u00f6pajaa Ty\u00f6skentelyn [&hellip;]\" \/>\n<meta property=\"og:url\" content=\"https:\/\/help.jamk.fi\/opetus\/fi\/yhteinen-suunnittelu-ja-tuottaminen\/tehtavat-ja-materiaalit\/moodle-kuntoon-tyopaja\/\" \/>\n<meta property=\"og:site_name\" content=\"Opetus\" \/>\n<meta property=\"article:modified_time\" content=\"2025-02-17T11:08:04+00:00\" \/>\n<meta name=\"twitter:card\" content=\"summary_large_image\" \/>\n<meta name=\"twitter:label1\" content=\"Arvioitu lukuaika\" \/>\n\t<meta name=\"twitter:data1\" content=\"2 minuuttia\" \/>\n<script type=\"application\/ld+json\" class=\"yoast-schema-graph\">{\"@context\":\"https:\\\/\\\/schema.org\",\"@graph\":[{\"@type\":\"WebPage\",\"@id\":\"https:\\\/\\\/help.jamk.fi\\\/opetus\\\/fi\\\/yhteinen-suunnittelu-ja-tuottaminen\\\/tehtavat-ja-materiaalit\\\/moodle-kuntoon-tyopaja\\\/\",\"url\":\"https:\\\/\\\/help.jamk.fi\\\/opetus\\\/fi\\\/yhteinen-suunnittelu-ja-tuottaminen\\\/tehtavat-ja-materiaalit\\\/moodle-kuntoon-tyopaja\\\/\",\"name\":\"Moodle kuntoon -ty\u00f6paja - Opetus\",\"isPartOf\":{\"@id\":\"https:\\\/\\\/help.jamk.fi\\\/opetus\\\/#website\"},\"datePublished\":\"2024-06-13T08:05:24+00:00\",\"dateModified\":\"2025-02-17T11:08:04+00:00\",\"breadcrumb\":{\"@id\":\"https:\\\/\\\/help.jamk.fi\\\/opetus\\\/fi\\\/yhteinen-suunnittelu-ja-tuottaminen\\\/tehtavat-ja-materiaalit\\\/moodle-kuntoon-tyopaja\\\/#breadcrumb\"},\"inLanguage\":\"fi\",\"potentialAction\":[{\"@type\":\"ReadAction\",\"target\":[\"https:\\\/\\\/help.jamk.fi\\\/opetus\\\/fi\\\/yhteinen-suunnittelu-ja-tuottaminen\\\/tehtavat-ja-materiaalit\\\/moodle-kuntoon-tyopaja\\\/\"]}]},{\"@type\":\"BreadcrumbList\",\"@id\":\"https:\\\/\\\/help.jamk.fi\\\/opetus\\\/fi\\\/yhteinen-suunnittelu-ja-tuottaminen\\\/tehtavat-ja-materiaalit\\\/moodle-kuntoon-tyopaja\\\/#breadcrumb\",\"itemListElement\":[{\"@type\":\"ListItem\",\"position\":1,\"name\":\"Etusivu\",\"item\":\"https:\\\/\\\/help.jamk.fi\\\/opetus\\\/fi\\\/\"},{\"@type\":\"ListItem\",\"position\":2,\"name\":\"Yhteinen suunnittelu ja tuottaminen\",\"item\":\"https:\\\/\\\/help.jamk.fi\\\/opetus\\\/fi\\\/yhteinen-suunnittelu-ja-tuottaminen\\\/\"},{\"@type\":\"ListItem\",\"position\":3,\"name\":\"Teht\u00e4v\u00e4t ja materiaalit\",\"item\":\"https:\\\/\\\/help.jamk.fi\\\/opetus\\\/fi\\\/yhteinen-suunnittelu-ja-tuottaminen\\\/tehtavat-ja-materiaalit\\\/\"},{\"@type\":\"ListItem\",\"position\":4,\"name\":\"Moodle kuntoon -ty\u00f6paja\"}]},{\"@type\":\"WebSite\",\"@id\":\"https:\\\/\\\/help.jamk.fi\\\/opetus\\\/#website\",\"url\":\"https:\\\/\\\/help.jamk.fi\\\/opetus\\\/\",\"name\":\"Opetus\",\"description\":\"Opettajan ty\u00f6v\u00e4lineet\",\"potentialAction\":[{\"@type\":\"SearchAction\",\"target\":{\"@type\":\"EntryPoint\",\"urlTemplate\":\"https:\\\/\\\/help.jamk.fi\\\/opetus\\\/?s={search_term_string}\"},\"query-input\":{\"@type\":\"PropertyValueSpecification\",\"valueRequired\":true,\"valueName\":\"search_term_string\"}}],\"inLanguage\":\"fi\"}]}<\/script>\n<!-- \/ Yoast SEO plugin. -->","yoast_head_json":{"title":"Moodle kuntoon -ty\u00f6paja - Opetus","robots":{"index":"index","follow":"follow","max-snippet":"max-snippet:-1","max-image-preview":"max-image-preview:large","max-video-preview":"max-video-preview:-1"},"canonical":"https:\/\/help.jamk.fi\/opetus\/fi\/yhteinen-suunnittelu-ja-tuottaminen\/tehtavat-ja-materiaalit\/moodle-kuntoon-tyopaja\/","og_locale":"fi_FI","og_type":"article","og_title":"Moodle kuntoon -ty\u00f6paja - Opetus","og_description":"Tavoite Moodle kuntoon -ty\u00f6pajan tavoitteena on rakentaa yhdess\u00e4 oppivaa vertaiskollegoiden yhteis\u00f6\u00e4, jossa jaamme avoimesti kokemuksia, osaamista ja meit\u00e4 mietitytt\u00e4vi\u00e4 kysymyksi\u00e4. Moodle kuntoon -ty\u00f6pajan lopputulos on jokaiselle osallistujalle yksil\u00f6llinen.&nbsp; Tarkoitus Moodle kuntoon -ty\u00f6pajan tarkoituksena on, ett\u00e4 opettaja Moodle kuntoon yhteiskehitt\u00e4en Yhteiskehitt\u00e4miskumppani: Oma tiimi tai sattumanvaraisesti Moodle kuntoon -ty\u00f6pajaan ilmoittautuneet kollegat sek\u00e4 verkkopedagogiikan asiantuntija vet\u00e4m\u00e4ss\u00e4 ty\u00f6pajaa Ty\u00f6skentelyn [&hellip;]","og_url":"https:\/\/help.jamk.fi\/opetus\/fi\/yhteinen-suunnittelu-ja-tuottaminen\/tehtavat-ja-materiaalit\/moodle-kuntoon-tyopaja\/","og_site_name":"Opetus","article_modified_time":"2025-02-17T11:08:04+00:00","twitter_card":"summary_large_image","twitter_misc":{"Arvioitu lukuaika":"2 minuuttia"},"schema":{"@context":"https:\/\/schema.org","@graph":[{"@type":"WebPage","@id":"https:\/\/help.jamk.fi\/opetus\/fi\/yhteinen-suunnittelu-ja-tuottaminen\/tehtavat-ja-materiaalit\/moodle-kuntoon-tyopaja\/","url":"https:\/\/help.jamk.fi\/opetus\/fi\/yhteinen-suunnittelu-ja-tuottaminen\/tehtavat-ja-materiaalit\/moodle-kuntoon-tyopaja\/","name":"Moodle kuntoon -ty\u00f6paja - Opetus","isPartOf":{"@id":"https:\/\/help.jamk.fi\/opetus\/#website"},"datePublished":"2024-06-13T08:05:24+00:00","dateModified":"2025-02-17T11:08:04+00:00","breadcrumb":{"@id":"https:\/\/help.jamk.fi\/opetus\/fi\/yhteinen-suunnittelu-ja-tuottaminen\/tehtavat-ja-materiaalit\/moodle-kuntoon-tyopaja\/#breadcrumb"},"inLanguage":"fi","potentialAction":[{"@type":"ReadAction","target":["https:\/\/help.jamk.fi\/opetus\/fi\/yhteinen-suunnittelu-ja-tuottaminen\/tehtavat-ja-materiaalit\/moodle-kuntoon-tyopaja\/"]}]},{"@type":"BreadcrumbList","@id":"https:\/\/help.jamk.fi\/opetus\/fi\/yhteinen-suunnittelu-ja-tuottaminen\/tehtavat-ja-materiaalit\/moodle-kuntoon-tyopaja\/#breadcrumb","itemListElement":[{"@type":"ListItem","position":1,"name":"Etusivu","item":"https:\/\/help.jamk.fi\/opetus\/fi\/"},{"@type":"ListItem","position":2,"name":"Yhteinen suunnittelu ja tuottaminen","item":"https:\/\/help.jamk.fi\/opetus\/fi\/yhteinen-suunnittelu-ja-tuottaminen\/"},{"@type":"ListItem","position":3,"name":"Teht\u00e4v\u00e4t ja materiaalit","item":"https:\/\/help.jamk.fi\/opetus\/fi\/yhteinen-suunnittelu-ja-tuottaminen\/tehtavat-ja-materiaalit\/"},{"@type":"ListItem","position":4,"name":"Moodle kuntoon -ty\u00f6paja"}]},{"@type":"WebSite","@id":"https:\/\/help.jamk.fi\/opetus\/#website","url":"https:\/\/help.jamk.fi\/opetus\/","name":"Opetus","description":"Opettajan ty\u00f6v\u00e4lineet","potentialAction":[{"@type":"SearchAction","target":{"@type":"EntryPoint","urlTemplate":"https:\/\/help.jamk.fi\/opetus\/?s={search_term_string}"},"query-input":{"@type":"PropertyValueSpecification","valueRequired":true,"valueName":"search_term_string"}}],"inLanguage":"fi"}]}},"_links":{"self":[{"href":"https:\/\/help.jamk.fi\/opetus\/wp-json\/wp\/v2\/pages\/1935","targetHints":{"allow":["GET"]}}],"collection":[{"href":"https:\/\/help.jamk.fi\/opetus\/wp-json\/wp\/v2\/pages"}],"about":[{"href":"https:\/\/help.jamk.fi\/opetus\/wp-json\/wp\/v2\/types\/page"}],"author":[{"embeddable":true,"href":"https:\/\/help.jamk.fi\/opetus\/wp-json\/wp\/v2\/users\/72"}],"replies":[{"embeddable":true,"href":"https:\/\/help.jamk.fi\/opetus\/wp-json\/wp\/v2\/comments?post=1935"}],"version-history":[{"count":12,"href":"https:\/\/help.jamk.fi\/opetus\/wp-json\/wp\/v2\/pages\/1935\/revisions"}],"predecessor-version":[{"id":2080,"href":"https:\/\/help.jamk.fi\/opetus\/wp-json\/wp\/v2\/pages\/1935\/revisions\/2080"}],"up":[{"embeddable":true,"href":"https:\/\/help.jamk.fi\/opetus\/wp-json\/wp\/v2\/pages\/1765"}],"wp:attachment":[{"href":"https:\/\/help.jamk.fi\/opetus\/wp-json\/wp\/v2\/media?parent=1935"}],"wp:term":[{"taxonomy":"category","embeddable":true,"href":"https:\/\/help.jamk.fi\/opetus\/wp-json\/wp\/v2\/categories?post=1935"},{"taxonomy":"post_tag","embeddable":true,"href":"https:\/\/help.jamk.fi\/opetus\/wp-json\/wp\/v2\/tags?post=1935"}],"curies":[{"name":"wp","href":"https:\/\/api.w.org\/{rel}","templated":true}]}}