{"id":196,"date":"2015-10-22T11:57:59","date_gmt":"2015-10-22T08:57:59","guid":{"rendered":"https:\/\/help.jamk.fi\/opetustyokalut\/avoin-materiaali\/"},"modified":"2023-12-14T14:07:32","modified_gmt":"2023-12-14T12:07:32","slug":"avoin-materiaali","status":"publish","type":"page","link":"https:\/\/help.jamk.fi\/opetus\/fi\/materiaalin-tuotanto\/avoin-materiaali\/","title":{"rendered":"Avoimet oppimateriaalit"},"content":{"rendered":"\n<p>Oppimateriaalien ja oman aineiston jakaminen verkossa on antoisaa. Avoin materiaali on helposti saavutettavissa ja voi tavoittaa suuriakin yleis\u00f6j\u00e4. N\u00e4in voit lis\u00e4t\u00e4 tunnettuuttasi asiantuntijana, saada uusia kontakteja ja mielenkiintoista palautetta.<\/p>\n\n\n\n<p>Kun haluat julkaista materiaaliasi avoimesti verkossa, voit k\u00e4ytt\u00e4\u00e4 <a href=\"https:\/\/oppimateriaalit.jamk.fi\" target=\"_blank\" rel=\"noreferrer noopener\">Jamkin Avoimet oppimateriaalit ymp\u00e4rist\u00f6\u00e4.<\/a>&nbsp;<\/p>\n\n\n\n<p>Halutessasi k\u00e4ytt\u00e4\u00e4 muiden tekem\u00e4\u00e4 avointa oppimateriaalia, vieraile esimerkiksi kansallisessa <a href=\"https:\/\/aoe.fi\/#\/etusivu\" target=\"_blank\" rel=\"noreferrer noopener\">Avointen oppimateriaalien kirjastossa.<\/a> Muiden materiaalia k\u00e4ytett\u00e4ess\u00e4, ota selv\u00e4\u00e4 miten materiaalia saa k\u00e4ytt\u00e4\u00e4 eli tekij\u00e4n antamasta k\u00e4ytt\u00f6luvasta. <\/p>\n","protected":false},"excerpt":{"rendered":"<p>Oppimateriaalien ja oman aineiston jakaminen verkossa on antoisaa. Avoin materiaali on helposti saavutettavissa ja voi tavoittaa suuriakin yleis\u00f6j\u00e4. N\u00e4in voit lis\u00e4t\u00e4 tunnettuuttasi asiantuntijana, saada uusia kontakteja ja mielenkiintoista palautetta. Kun haluat julkaista materiaaliasi avoimesti verkossa, voit k\u00e4ytt\u00e4\u00e4 Jamkin Avoimet oppimateriaalit ymp\u00e4rist\u00f6\u00e4.&nbsp; Halutessasi k\u00e4ytt\u00e4\u00e4 muiden tekem\u00e4\u00e4 avointa oppimateriaalia, vieraile esimerkiksi kansallisessa Avointen oppimateriaalien kirjastossa. Muiden materiaalia [&hellip;]<\/p>\n","protected":false},"author":74,"featured_media":0,"parent":294,"menu_order":3,"comment_status":"closed","ping_status":"open","template":"","meta":{"_acf_changed":false,"_relevanssi_hide_post":"","_relevanssi_hide_content":"","_relevanssi_pin_for_all":"","_relevanssi_pin_keywords":"","_relevanssi_unpin_keywords":"","_relevanssi_related_keywords":"","_relevanssi_related_include_ids":"","_relevanssi_related_exclude_ids":"","_relevanssi_related_no_append":"","_relevanssi_related_not_related":"","_relevanssi_related_posts":"","_relevanssi_noindex_reason":"","footnotes":""},"categories":[],"tags":[],"class_list":["post-196","page","type-page","status-publish","hentry"],"acf":[],"yoast_head":"<!-- This site is optimized with the Yoast SEO plugin v27.4 - https:\/\/yoast.com\/product\/yoast-seo-wordpress\/ -->\n<title>Avoimet oppimateriaalit - Opetus<\/title>\n<meta name=\"robots\" content=\"index, follow, max-snippet:-1, max-image-preview:large, max-video-preview:-1\" \/>\n<link rel=\"canonical\" href=\"https:\/\/help.jamk.fi\/opetus\/fi\/materiaalin-tuotanto\/avoin-materiaali\/\" \/>\n<meta property=\"og:locale\" content=\"fi_FI\" \/>\n<meta property=\"og:type\" content=\"article\" \/>\n<meta property=\"og:title\" content=\"Avoimet oppimateriaalit - Opetus\" \/>\n<meta property=\"og:description\" content=\"Oppimateriaalien ja oman aineiston jakaminen verkossa on antoisaa. Avoin materiaali on helposti saavutettavissa ja voi tavoittaa suuriakin yleis\u00f6j\u00e4. N\u00e4in voit lis\u00e4t\u00e4 tunnettuuttasi asiantuntijana, saada uusia kontakteja ja mielenkiintoista palautetta. Kun haluat julkaista materiaaliasi avoimesti verkossa, voit k\u00e4ytt\u00e4\u00e4 Jamkin Avoimet oppimateriaalit ymp\u00e4rist\u00f6\u00e4.&nbsp; Halutessasi k\u00e4ytt\u00e4\u00e4 muiden tekem\u00e4\u00e4 avointa oppimateriaalia, vieraile esimerkiksi kansallisessa Avointen oppimateriaalien kirjastossa. Muiden materiaalia [&hellip;]\" \/>\n<meta property=\"og:url\" content=\"https:\/\/help.jamk.fi\/opetus\/fi\/materiaalin-tuotanto\/avoin-materiaali\/\" \/>\n<meta property=\"og:site_name\" content=\"Opetus\" \/>\n<meta property=\"article:modified_time\" content=\"2023-12-14T12:07:32+00:00\" \/>\n<meta name=\"twitter:card\" content=\"summary_large_image\" \/>\n<meta name=\"twitter:label1\" content=\"Arvioitu lukuaika\" \/>\n\t<meta name=\"twitter:data1\" content=\"1 minuutti\" \/>\n<script type=\"application\/ld+json\" class=\"yoast-schema-graph\">{\"@context\":\"https:\\\/\\\/schema.org\",\"@graph\":[{\"@type\":\"WebPage\",\"@id\":\"https:\\\/\\\/help.jamk.fi\\\/opetus\\\/fi\\\/materiaalin-tuotanto\\\/avoin-materiaali\\\/\",\"url\":\"https:\\\/\\\/help.jamk.fi\\\/opetus\\\/fi\\\/materiaalin-tuotanto\\\/avoin-materiaali\\\/\",\"name\":\"Avoimet oppimateriaalit - Opetus\",\"isPartOf\":{\"@id\":\"https:\\\/\\\/help.jamk.fi\\\/opetus\\\/#website\"},\"datePublished\":\"2015-10-22T08:57:59+00:00\",\"dateModified\":\"2023-12-14T12:07:32+00:00\",\"breadcrumb\":{\"@id\":\"https:\\\/\\\/help.jamk.fi\\\/opetus\\\/fi\\\/materiaalin-tuotanto\\\/avoin-materiaali\\\/#breadcrumb\"},\"inLanguage\":\"fi\",\"potentialAction\":[{\"@type\":\"ReadAction\",\"target\":[\"https:\\\/\\\/help.jamk.fi\\\/opetus\\\/fi\\\/materiaalin-tuotanto\\\/avoin-materiaali\\\/\"]}]},{\"@type\":\"BreadcrumbList\",\"@id\":\"https:\\\/\\\/help.jamk.fi\\\/opetus\\\/fi\\\/materiaalin-tuotanto\\\/avoin-materiaali\\\/#breadcrumb\",\"itemListElement\":[{\"@type\":\"ListItem\",\"position\":1,\"name\":\"Etusivu\",\"item\":\"https:\\\/\\\/help.jamk.fi\\\/opetus\\\/fi\\\/\"},{\"@type\":\"ListItem\",\"position\":2,\"name\":\"Oppimateriaalit\",\"item\":\"https:\\\/\\\/help.jamk.fi\\\/opetus\\\/fi\\\/materiaalin-tuotanto\\\/\"},{\"@type\":\"ListItem\",\"position\":3,\"name\":\"Avoimet oppimateriaalit\"}]},{\"@type\":\"WebSite\",\"@id\":\"https:\\\/\\\/help.jamk.fi\\\/opetus\\\/#website\",\"url\":\"https:\\\/\\\/help.jamk.fi\\\/opetus\\\/\",\"name\":\"Opetus\",\"description\":\"Opettajan ty\u00f6v\u00e4lineet\",\"potentialAction\":[{\"@type\":\"SearchAction\",\"target\":{\"@type\":\"EntryPoint\",\"urlTemplate\":\"https:\\\/\\\/help.jamk.fi\\\/opetus\\\/?s={search_term_string}\"},\"query-input\":{\"@type\":\"PropertyValueSpecification\",\"valueRequired\":true,\"valueName\":\"search_term_string\"}}],\"inLanguage\":\"fi\"}]}<\/script>\n<!-- \/ Yoast SEO plugin. -->","yoast_head_json":{"title":"Avoimet oppimateriaalit - Opetus","robots":{"index":"index","follow":"follow","max-snippet":"max-snippet:-1","max-image-preview":"max-image-preview:large","max-video-preview":"max-video-preview:-1"},"canonical":"https:\/\/help.jamk.fi\/opetus\/fi\/materiaalin-tuotanto\/avoin-materiaali\/","og_locale":"fi_FI","og_type":"article","og_title":"Avoimet oppimateriaalit - Opetus","og_description":"Oppimateriaalien ja oman aineiston jakaminen verkossa on antoisaa. Avoin materiaali on helposti saavutettavissa ja voi tavoittaa suuriakin yleis\u00f6j\u00e4. N\u00e4in voit lis\u00e4t\u00e4 tunnettuuttasi asiantuntijana, saada uusia kontakteja ja mielenkiintoista palautetta. Kun haluat julkaista materiaaliasi avoimesti verkossa, voit k\u00e4ytt\u00e4\u00e4 Jamkin Avoimet oppimateriaalit ymp\u00e4rist\u00f6\u00e4.&nbsp; Halutessasi k\u00e4ytt\u00e4\u00e4 muiden tekem\u00e4\u00e4 avointa oppimateriaalia, vieraile esimerkiksi kansallisessa Avointen oppimateriaalien kirjastossa. Muiden materiaalia [&hellip;]","og_url":"https:\/\/help.jamk.fi\/opetus\/fi\/materiaalin-tuotanto\/avoin-materiaali\/","og_site_name":"Opetus","article_modified_time":"2023-12-14T12:07:32+00:00","twitter_card":"summary_large_image","twitter_misc":{"Arvioitu lukuaika":"1 minuutti"},"schema":{"@context":"https:\/\/schema.org","@graph":[{"@type":"WebPage","@id":"https:\/\/help.jamk.fi\/opetus\/fi\/materiaalin-tuotanto\/avoin-materiaali\/","url":"https:\/\/help.jamk.fi\/opetus\/fi\/materiaalin-tuotanto\/avoin-materiaali\/","name":"Avoimet oppimateriaalit - Opetus","isPartOf":{"@id":"https:\/\/help.jamk.fi\/opetus\/#website"},"datePublished":"2015-10-22T08:57:59+00:00","dateModified":"2023-12-14T12:07:32+00:00","breadcrumb":{"@id":"https:\/\/help.jamk.fi\/opetus\/fi\/materiaalin-tuotanto\/avoin-materiaali\/#breadcrumb"},"inLanguage":"fi","potentialAction":[{"@type":"ReadAction","target":["https:\/\/help.jamk.fi\/opetus\/fi\/materiaalin-tuotanto\/avoin-materiaali\/"]}]},{"@type":"BreadcrumbList","@id":"https:\/\/help.jamk.fi\/opetus\/fi\/materiaalin-tuotanto\/avoin-materiaali\/#breadcrumb","itemListElement":[{"@type":"ListItem","position":1,"name":"Etusivu","item":"https:\/\/help.jamk.fi\/opetus\/fi\/"},{"@type":"ListItem","position":2,"name":"Oppimateriaalit","item":"https:\/\/help.jamk.fi\/opetus\/fi\/materiaalin-tuotanto\/"},{"@type":"ListItem","position":3,"name":"Avoimet oppimateriaalit"}]},{"@type":"WebSite","@id":"https:\/\/help.jamk.fi\/opetus\/#website","url":"https:\/\/help.jamk.fi\/opetus\/","name":"Opetus","description":"Opettajan ty\u00f6v\u00e4lineet","potentialAction":[{"@type":"SearchAction","target":{"@type":"EntryPoint","urlTemplate":"https:\/\/help.jamk.fi\/opetus\/?s={search_term_string}"},"query-input":{"@type":"PropertyValueSpecification","valueRequired":true,"valueName":"search_term_string"}}],"inLanguage":"fi"}]}},"_links":{"self":[{"href":"https:\/\/help.jamk.fi\/opetus\/wp-json\/wp\/v2\/pages\/196","targetHints":{"allow":["GET"]}}],"collection":[{"href":"https:\/\/help.jamk.fi\/opetus\/wp-json\/wp\/v2\/pages"}],"about":[{"href":"https:\/\/help.jamk.fi\/opetus\/wp-json\/wp\/v2\/types\/page"}],"author":[{"embeddable":true,"href":"https:\/\/help.jamk.fi\/opetus\/wp-json\/wp\/v2\/users\/74"}],"replies":[{"embeddable":true,"href":"https:\/\/help.jamk.fi\/opetus\/wp-json\/wp\/v2\/comments?post=196"}],"version-history":[{"count":3,"href":"https:\/\/help.jamk.fi\/opetus\/wp-json\/wp\/v2\/pages\/196\/revisions"}],"predecessor-version":[{"id":1694,"href":"https:\/\/help.jamk.fi\/opetus\/wp-json\/wp\/v2\/pages\/196\/revisions\/1694"}],"up":[{"embeddable":true,"href":"https:\/\/help.jamk.fi\/opetus\/wp-json\/wp\/v2\/pages\/294"}],"wp:attachment":[{"href":"https:\/\/help.jamk.fi\/opetus\/wp-json\/wp\/v2\/media?parent=196"}],"wp:term":[{"taxonomy":"category","embeddable":true,"href":"https:\/\/help.jamk.fi\/opetus\/wp-json\/wp\/v2\/categories?post=196"},{"taxonomy":"post_tag","embeddable":true,"href":"https:\/\/help.jamk.fi\/opetus\/wp-json\/wp\/v2\/tags?post=196"}],"curies":[{"name":"wp","href":"https:\/\/api.w.org\/{rel}","templated":true}]}}