{"id":1973,"date":"2024-06-10T15:23:48","date_gmt":"2024-06-10T12:23:48","guid":{"rendered":"https:\/\/help.jamk.fi\/opetus\/?page_id=1973"},"modified":"2025-02-17T13:12:55","modified_gmt":"2025-02-17T11:12:55","slug":"ohjaus-ja-palaute-kuntoon-tyopaja","status":"publish","type":"page","link":"https:\/\/help.jamk.fi\/opetus\/fi\/yhteinen-suunnittelu-ja-tuottaminen\/ohjaus-ja-palaute\/ohjaus-ja-palaute-kuntoon-tyopaja\/","title":{"rendered":"Ohjaus ja palaute kuntoon -ty\u00f6paja"},"content":{"rendered":"\n<h2 class=\"wp-block-heading\">Tavoite<\/h2>\n\n\n\n<p>Ohjaus ja palaute kuntoon -ty\u00f6pajan tavoitteena on parantaa opintojakson ohjausta ja palautetta.  <\/p>\n\n\n\n<h2 class=\"wp-block-heading\">Tarkoitus<\/h2>\n\n\n\n<p>Teht\u00e4v\u00e4t kuntoon -ty\u00f6pajan tarkoituksena on, ett\u00e4 opettaja <\/p>\n\n\n\n<ol class=\"wp-block-list\">\n<li>tunnistaa ohjauksen ja palautteen tarpeita opintojaksollaan<\/li>\n\n\n\n<li>suunnittelee ohjausta ennakkoon<\/li>\n\n\n\n<li>tarkastelee ohjauksen ja palautteen mahdollisuuksia Moodlessa<\/li>\n\n\n\n<li>hy\u00f6dynt\u00e4\u00e4 yhteiskehitt\u00e4mist\u00e4 ja kollegoiden osaamista ohjauksen ja palautteen kehitt\u00e4miseen.<\/li>\n<\/ol>\n\n\n\n<p><\/p>\n\n\n\n<h2 class=\"wp-block-heading\">Opiskelija tarvitsee ohjausta ja palautetta oppimisensa tueksi<\/h2>\n\n\n\n<p>Opiskelija tarvitsee jatkuvaa ohjausta oman oppimisensa tueksi. Se auttaa h\u00e4nt\u00e4 suuntaamaan kohti osaamistavoitteissa m\u00e4\u00e4ritelty\u00e4 osaamista. Ohjauksen tavoitteena on my\u00f6s tukea opiskelijan oman ajattelun, itseohjautuvuuden,&nbsp;reflektio- sek\u00e4 ongelmanratkaisutaitojen kehittymist\u00e4. Arviointi ja palaute ovat ohjauksen ty\u00f6kaluja. Palautetta on t\u00e4rke\u00e4\u00e4 antaa opintojakson aikana, ei vain sen p\u00e4\u00e4tteeksi.<\/p>\n\n\n\n<p>Palautteen teht\u00e4v\u00e4n\u00e4 on motivoida opiskelijaa ja suunnata h\u00e4nt\u00e4 oppimistavoitteisiin. Palaute kertoo, onko toiminta\/osaaminen odotetulla tasolla. Lis\u00e4ksi sen teht\u00e4v\u00e4n\u00e4 on vaikuttaa oppijan oppimisprosessiin sit\u00e4 korjaamalla, uudelleen suuntaamalla sek\u00e4 oppimiseen kannustamalla. Palaute kertoo opiskelijalle, miss\u00e4 onnistuin ja miten voin kehitty\u00e4 jatkossa.&nbsp;&nbsp;&nbsp;<\/p>\n\n\n\n<h2 class=\"wp-block-heading\">Ohjaus ja palaute kuntoon yhteiskehitt\u00e4en<\/h2>\n\n\n\n<p><\/p>\n\n\n\n<h3 class=\"wp-block-heading\">Kollegan tai tiimin kanssa<\/h3>\n\n\n\n<p>Yhteiskehitt\u00e4miskumppani: Kollega tai oma tiimi ja verkkopedagogiikan suunnittelija vet\u00e4m\u00e4ss\u00e4 ty\u00f6pajaa<\/p>\n\n\n\n<p>Ty\u00f6skentelyn kesto: 1,5 tuntia<\/p>\n\n\n\n<ul class=\"wp-block-list\">\n<li>Kalenteroikaa tapaaminen, jonka aiheena on Ohjaus ja palaute kuntoon. <\/li>\n<\/ul>\n\n\n\n<p>Ty\u00f6pajan eteneminen:<\/p>\n\n\n\n<ul class=\"wp-block-list\">\n<li>10 min. Ty\u00f6pajaty\u00f6skentelyn pohjustus.<\/li>\n\n\n\n<li>70 min. Opintojakson ohjauksen ja palautteen tarkastelua ja kehitt\u00e4mist\u00e4 ohjatusti, yhteis\u00f6llisesti ja ristiin kollegan kanssa.<\/li>\n\n\n\n<li>10 min. Ty\u00f6pajan yhteenveto ja seuraavat askeleet oppimisteht\u00e4vien kehitt\u00e4misess\u00e4.<\/li>\n<\/ul>\n\n\n<div id=\"link-lifts-block_01abf56356c49d38605cb04157cbee59\" class=\"link-lifts block-link-lifts\">\n  <div class=\"row\">\n            <div class=\"col-12 col-lg-4 block-link-lifts__column\">\n          <div class=\"block-link-lifts__item pink\">\n            <h3 class=\"block-link-lifts__item--heading\">Ohjaus ja palaute kuntoon -ty\u00f6paja<\/h3>\n                          <ul class=\"block-link-lifts__item--link-list\">\n                                                                        <li>\n                                              <a class=\"link-list lock\" href=\"https:\/\/jamkstudent-my.sharepoint.com\/:p:\/g\/personal\/minna_koskinen_jamk_fi\/EeuUoU3QAxJEmTCt8IMl2CwBZAEBC0zVquMq9aPIJoLylA?e=8i0Uh0\" target=\"_blank\" aria-label=\"Avautuu uuteen v\u00e4lilehteen\" >Ohjaus ja palaute kuntoon -ty\u00f6pajan materiaali .pptx<i  ><svg aria-hidden=\"true\" viewBox=\"0 0 24 24\" fill=\"none\" xmlns=\"http:\/\/www.w3.org\/2000\/svg\"><g clip-path=\"url(#clip0_1574_4368)\"><circle cx=\"12\" cy=\"12\" r=\"12\" fill=\"#0D004C\"\/><g clip-path=\"url(#clip1_1574_4368)\" fill=\"#fff\"><path d=\"M15.637 11.107v-2.68c0-1.967-1.632-3.57-3.637-3.57S8.363 6.46 8.363 8.43v2.68c-.752 0-1.363.6-1.363 1.338v5.357c0 .739.613 1.339 1.363 1.339h7.272c.752 0 1.363-.6 1.363-1.34v-5.356c0-.738-.61-1.339-1.363-1.339l.002-.001zM9.272 8.429c0-1.477 1.224-2.68 2.728-2.68 1.504 0 2.728 1.201 2.728 2.68v2.68H9.272v-2.68zm6.818 9.375a.451.451 0 01-.455.446H8.363a.45.45 0 01-.454-.446v-5.357a.45.45 0 01.454-.446h7.272c.251 0 .455.2.455.446v5.357z\"\/><path d=\"M12 13.34c-.503 0-.91.4-.91.892 0 .33.185.615.455.77v1.017a.45.45 0 00.455.446.45.45 0 00.454-.446v-1.017a.887.887 0 00.454-.77.902.902 0 00-.908-.892z\"\/><\/g><\/g><defs><clipPath id=\"clip0_1574_4368\"><path fill=\"#fff\" d=\"M0 0h24v24H0z\"\/><\/clipPath><clipPath id=\"clip1_1574_4368\"><path fill=\"#fff\" transform=\"translate(7 4.857)\" d=\"M0 0h10v14.286H0z\"\/><\/clipPath><\/defs><\/svg><\/i><\/a>\n                                          <\/li>\n                                                <\/ul>\n            \n          <\/div>\n        <\/div>\n      <\/div>\n<\/div>","protected":false},"excerpt":{"rendered":"<p>Tavoite Ohjaus ja palaute kuntoon -ty\u00f6pajan tavoitteena on parantaa opintojakson ohjausta ja palautetta. Tarkoitus Teht\u00e4v\u00e4t kuntoon -ty\u00f6pajan tarkoituksena on, ett\u00e4 opettaja Opiskelija tarvitsee ohjausta ja palautetta oppimisensa tueksi Opiskelija tarvitsee jatkuvaa ohjausta oman oppimisensa tueksi. Se auttaa h\u00e4nt\u00e4 suuntaamaan kohti osaamistavoitteissa m\u00e4\u00e4ritelty\u00e4 osaamista. Ohjauksen tavoitteena on my\u00f6s tukea opiskelijan oman ajattelun, itseohjautuvuuden,&nbsp;reflektio- sek\u00e4 ongelmanratkaisutaitojen kehittymist\u00e4. [&hellip;]<\/p>\n","protected":false},"author":435,"featured_media":0,"parent":1769,"menu_order":3,"comment_status":"closed","ping_status":"closed","template":"","meta":{"_acf_changed":false,"_relevanssi_hide_post":"","_relevanssi_hide_content":"","_relevanssi_pin_for_all":"","_relevanssi_pin_keywords":"","_relevanssi_unpin_keywords":"","_relevanssi_related_keywords":"","_relevanssi_related_include_ids":"","_relevanssi_related_exclude_ids":"","_relevanssi_related_no_append":"","_relevanssi_related_not_related":"","_relevanssi_related_posts":"","_relevanssi_noindex_reason":"","footnotes":""},"categories":[],"tags":[346,348,342,340],"class_list":["post-1973","page","type-page","status-publish","hentry","tag-ohjaus","tag-palaute","tag-vertaistuotanto","tag-yhteiskehittaminen"],"acf":[],"yoast_head":"<!-- This site is optimized with the Yoast SEO plugin v27.4 - https:\/\/yoast.com\/product\/yoast-seo-wordpress\/ -->\n<title>Ohjaus ja palaute kuntoon -ty\u00f6paja - Opetus<\/title>\n<meta name=\"robots\" content=\"index, follow, max-snippet:-1, max-image-preview:large, max-video-preview:-1\" \/>\n<link rel=\"canonical\" href=\"https:\/\/help.jamk.fi\/opetus\/fi\/yhteinen-suunnittelu-ja-tuottaminen\/ohjaus-ja-palaute\/ohjaus-ja-palaute-kuntoon-tyopaja\/\" \/>\n<meta property=\"og:locale\" content=\"fi_FI\" \/>\n<meta property=\"og:type\" content=\"article\" \/>\n<meta property=\"og:title\" content=\"Ohjaus ja palaute kuntoon -ty\u00f6paja - Opetus\" \/>\n<meta property=\"og:description\" content=\"Tavoite Ohjaus ja palaute kuntoon -ty\u00f6pajan tavoitteena on parantaa opintojakson ohjausta ja palautetta. Tarkoitus Teht\u00e4v\u00e4t kuntoon -ty\u00f6pajan tarkoituksena on, ett\u00e4 opettaja Opiskelija tarvitsee ohjausta ja palautetta oppimisensa tueksi Opiskelija tarvitsee jatkuvaa ohjausta oman oppimisensa tueksi. Se auttaa h\u00e4nt\u00e4 suuntaamaan kohti osaamistavoitteissa m\u00e4\u00e4ritelty\u00e4 osaamista. Ohjauksen tavoitteena on my\u00f6s tukea opiskelijan oman ajattelun, itseohjautuvuuden,&nbsp;reflektio- sek\u00e4 ongelmanratkaisutaitojen kehittymist\u00e4. [&hellip;]\" \/>\n<meta property=\"og:url\" content=\"https:\/\/help.jamk.fi\/opetus\/fi\/yhteinen-suunnittelu-ja-tuottaminen\/ohjaus-ja-palaute\/ohjaus-ja-palaute-kuntoon-tyopaja\/\" \/>\n<meta property=\"og:site_name\" content=\"Opetus\" \/>\n<meta property=\"article:modified_time\" content=\"2025-02-17T11:12:55+00:00\" \/>\n<meta name=\"twitter:card\" content=\"summary_large_image\" \/>\n<meta name=\"twitter:label1\" content=\"Arvioitu lukuaika\" \/>\n\t<meta name=\"twitter:data1\" content=\"2 minuuttia\" \/>\n<script type=\"application\/ld+json\" class=\"yoast-schema-graph\">{\"@context\":\"https:\\\/\\\/schema.org\",\"@graph\":[{\"@type\":\"WebPage\",\"@id\":\"https:\\\/\\\/help.jamk.fi\\\/opetus\\\/fi\\\/yhteinen-suunnittelu-ja-tuottaminen\\\/ohjaus-ja-palaute\\\/ohjaus-ja-palaute-kuntoon-tyopaja\\\/\",\"url\":\"https:\\\/\\\/help.jamk.fi\\\/opetus\\\/fi\\\/yhteinen-suunnittelu-ja-tuottaminen\\\/ohjaus-ja-palaute\\\/ohjaus-ja-palaute-kuntoon-tyopaja\\\/\",\"name\":\"Ohjaus ja palaute kuntoon -ty\u00f6paja - Opetus\",\"isPartOf\":{\"@id\":\"https:\\\/\\\/help.jamk.fi\\\/opetus\\\/#website\"},\"datePublished\":\"2024-06-10T12:23:48+00:00\",\"dateModified\":\"2025-02-17T11:12:55+00:00\",\"breadcrumb\":{\"@id\":\"https:\\\/\\\/help.jamk.fi\\\/opetus\\\/fi\\\/yhteinen-suunnittelu-ja-tuottaminen\\\/ohjaus-ja-palaute\\\/ohjaus-ja-palaute-kuntoon-tyopaja\\\/#breadcrumb\"},\"inLanguage\":\"fi\",\"potentialAction\":[{\"@type\":\"ReadAction\",\"target\":[\"https:\\\/\\\/help.jamk.fi\\\/opetus\\\/fi\\\/yhteinen-suunnittelu-ja-tuottaminen\\\/ohjaus-ja-palaute\\\/ohjaus-ja-palaute-kuntoon-tyopaja\\\/\"]}]},{\"@type\":\"BreadcrumbList\",\"@id\":\"https:\\\/\\\/help.jamk.fi\\\/opetus\\\/fi\\\/yhteinen-suunnittelu-ja-tuottaminen\\\/ohjaus-ja-palaute\\\/ohjaus-ja-palaute-kuntoon-tyopaja\\\/#breadcrumb\",\"itemListElement\":[{\"@type\":\"ListItem\",\"position\":1,\"name\":\"Etusivu\",\"item\":\"https:\\\/\\\/help.jamk.fi\\\/opetus\\\/fi\\\/\"},{\"@type\":\"ListItem\",\"position\":2,\"name\":\"Yhteinen suunnittelu ja tuottaminen\",\"item\":\"https:\\\/\\\/help.jamk.fi\\\/opetus\\\/fi\\\/yhteinen-suunnittelu-ja-tuottaminen\\\/\"},{\"@type\":\"ListItem\",\"position\":3,\"name\":\"Ohjaus ja palaute\",\"item\":\"https:\\\/\\\/help.jamk.fi\\\/opetus\\\/fi\\\/yhteinen-suunnittelu-ja-tuottaminen\\\/ohjaus-ja-palaute\\\/\"},{\"@type\":\"ListItem\",\"position\":4,\"name\":\"Ohjaus ja palaute kuntoon -ty\u00f6paja\"}]},{\"@type\":\"WebSite\",\"@id\":\"https:\\\/\\\/help.jamk.fi\\\/opetus\\\/#website\",\"url\":\"https:\\\/\\\/help.jamk.fi\\\/opetus\\\/\",\"name\":\"Opetus\",\"description\":\"Opettajan ty\u00f6v\u00e4lineet\",\"potentialAction\":[{\"@type\":\"SearchAction\",\"target\":{\"@type\":\"EntryPoint\",\"urlTemplate\":\"https:\\\/\\\/help.jamk.fi\\\/opetus\\\/?s={search_term_string}\"},\"query-input\":{\"@type\":\"PropertyValueSpecification\",\"valueRequired\":true,\"valueName\":\"search_term_string\"}}],\"inLanguage\":\"fi\"}]}<\/script>\n<!-- \/ Yoast SEO plugin. -->","yoast_head_json":{"title":"Ohjaus ja palaute kuntoon -ty\u00f6paja - Opetus","robots":{"index":"index","follow":"follow","max-snippet":"max-snippet:-1","max-image-preview":"max-image-preview:large","max-video-preview":"max-video-preview:-1"},"canonical":"https:\/\/help.jamk.fi\/opetus\/fi\/yhteinen-suunnittelu-ja-tuottaminen\/ohjaus-ja-palaute\/ohjaus-ja-palaute-kuntoon-tyopaja\/","og_locale":"fi_FI","og_type":"article","og_title":"Ohjaus ja palaute kuntoon -ty\u00f6paja - Opetus","og_description":"Tavoite Ohjaus ja palaute kuntoon -ty\u00f6pajan tavoitteena on parantaa opintojakson ohjausta ja palautetta. Tarkoitus Teht\u00e4v\u00e4t kuntoon -ty\u00f6pajan tarkoituksena on, ett\u00e4 opettaja Opiskelija tarvitsee ohjausta ja palautetta oppimisensa tueksi Opiskelija tarvitsee jatkuvaa ohjausta oman oppimisensa tueksi. Se auttaa h\u00e4nt\u00e4 suuntaamaan kohti osaamistavoitteissa m\u00e4\u00e4ritelty\u00e4 osaamista. Ohjauksen tavoitteena on my\u00f6s tukea opiskelijan oman ajattelun, itseohjautuvuuden,&nbsp;reflektio- sek\u00e4 ongelmanratkaisutaitojen kehittymist\u00e4. [&hellip;]","og_url":"https:\/\/help.jamk.fi\/opetus\/fi\/yhteinen-suunnittelu-ja-tuottaminen\/ohjaus-ja-palaute\/ohjaus-ja-palaute-kuntoon-tyopaja\/","og_site_name":"Opetus","article_modified_time":"2025-02-17T11:12:55+00:00","twitter_card":"summary_large_image","twitter_misc":{"Arvioitu lukuaika":"2 minuuttia"},"schema":{"@context":"https:\/\/schema.org","@graph":[{"@type":"WebPage","@id":"https:\/\/help.jamk.fi\/opetus\/fi\/yhteinen-suunnittelu-ja-tuottaminen\/ohjaus-ja-palaute\/ohjaus-ja-palaute-kuntoon-tyopaja\/","url":"https:\/\/help.jamk.fi\/opetus\/fi\/yhteinen-suunnittelu-ja-tuottaminen\/ohjaus-ja-palaute\/ohjaus-ja-palaute-kuntoon-tyopaja\/","name":"Ohjaus ja palaute kuntoon -ty\u00f6paja - Opetus","isPartOf":{"@id":"https:\/\/help.jamk.fi\/opetus\/#website"},"datePublished":"2024-06-10T12:23:48+00:00","dateModified":"2025-02-17T11:12:55+00:00","breadcrumb":{"@id":"https:\/\/help.jamk.fi\/opetus\/fi\/yhteinen-suunnittelu-ja-tuottaminen\/ohjaus-ja-palaute\/ohjaus-ja-palaute-kuntoon-tyopaja\/#breadcrumb"},"inLanguage":"fi","potentialAction":[{"@type":"ReadAction","target":["https:\/\/help.jamk.fi\/opetus\/fi\/yhteinen-suunnittelu-ja-tuottaminen\/ohjaus-ja-palaute\/ohjaus-ja-palaute-kuntoon-tyopaja\/"]}]},{"@type":"BreadcrumbList","@id":"https:\/\/help.jamk.fi\/opetus\/fi\/yhteinen-suunnittelu-ja-tuottaminen\/ohjaus-ja-palaute\/ohjaus-ja-palaute-kuntoon-tyopaja\/#breadcrumb","itemListElement":[{"@type":"ListItem","position":1,"name":"Etusivu","item":"https:\/\/help.jamk.fi\/opetus\/fi\/"},{"@type":"ListItem","position":2,"name":"Yhteinen suunnittelu ja tuottaminen","item":"https:\/\/help.jamk.fi\/opetus\/fi\/yhteinen-suunnittelu-ja-tuottaminen\/"},{"@type":"ListItem","position":3,"name":"Ohjaus ja palaute","item":"https:\/\/help.jamk.fi\/opetus\/fi\/yhteinen-suunnittelu-ja-tuottaminen\/ohjaus-ja-palaute\/"},{"@type":"ListItem","position":4,"name":"Ohjaus ja palaute kuntoon -ty\u00f6paja"}]},{"@type":"WebSite","@id":"https:\/\/help.jamk.fi\/opetus\/#website","url":"https:\/\/help.jamk.fi\/opetus\/","name":"Opetus","description":"Opettajan ty\u00f6v\u00e4lineet","potentialAction":[{"@type":"SearchAction","target":{"@type":"EntryPoint","urlTemplate":"https:\/\/help.jamk.fi\/opetus\/?s={search_term_string}"},"query-input":{"@type":"PropertyValueSpecification","valueRequired":true,"valueName":"search_term_string"}}],"inLanguage":"fi"}]}},"_links":{"self":[{"href":"https:\/\/help.jamk.fi\/opetus\/wp-json\/wp\/v2\/pages\/1973","targetHints":{"allow":["GET"]}}],"collection":[{"href":"https:\/\/help.jamk.fi\/opetus\/wp-json\/wp\/v2\/pages"}],"about":[{"href":"https:\/\/help.jamk.fi\/opetus\/wp-json\/wp\/v2\/types\/page"}],"author":[{"embeddable":true,"href":"https:\/\/help.jamk.fi\/opetus\/wp-json\/wp\/v2\/users\/435"}],"replies":[{"embeddable":true,"href":"https:\/\/help.jamk.fi\/opetus\/wp-json\/wp\/v2\/comments?post=1973"}],"version-history":[{"count":3,"href":"https:\/\/help.jamk.fi\/opetus\/wp-json\/wp\/v2\/pages\/1973\/revisions"}],"predecessor-version":[{"id":2085,"href":"https:\/\/help.jamk.fi\/opetus\/wp-json\/wp\/v2\/pages\/1973\/revisions\/2085"}],"up":[{"embeddable":true,"href":"https:\/\/help.jamk.fi\/opetus\/wp-json\/wp\/v2\/pages\/1769"}],"wp:attachment":[{"href":"https:\/\/help.jamk.fi\/opetus\/wp-json\/wp\/v2\/media?parent=1973"}],"wp:term":[{"taxonomy":"category","embeddable":true,"href":"https:\/\/help.jamk.fi\/opetus\/wp-json\/wp\/v2\/categories?post=1973"},{"taxonomy":"post_tag","embeddable":true,"href":"https:\/\/help.jamk.fi\/opetus\/wp-json\/wp\/v2\/tags?post=1973"}],"curies":[{"name":"wp","href":"https:\/\/api.w.org\/{rel}","templated":true}]}}