{"id":226,"date":"2016-04-20T18:10:58","date_gmt":"2016-04-20T15:10:58","guid":{"rendered":"https:\/\/help.jamk.fi\/opetustyokalut\/kuvat-opetuksessa\/"},"modified":"2025-05-13T11:24:29","modified_gmt":"2025-05-13T08:24:29","slug":"kuvat-opetuksessa","status":"publish","type":"page","link":"https:\/\/help.jamk.fi\/opetus\/fi\/materiaalin-tuotanto\/kuvat-opetuksessa\/","title":{"rendered":"Kuvat"},"content":{"rendered":"\n<p>Varsinaisten sis\u00e4lt\u00f6ihin liittyvien kuvien lis\u00e4ksi voi havainnollistaa tai visualisoida opetusmateriaalia tuottamalla kuvia teko\u00e4lyn avulla tai k\u00e4ytt\u00e4m\u00e4ll\u00e4 vapaasti jaettavia kuvia erilaisista kuvapankeista. Visuaalisten elementtien, kuten kuvien perusteeton k\u00e4ytt\u00f6 voi my\u00f6s kuormittaa aisteja, k\u00e4yt\u00e4 siis harkiten.<\/p>\n\n\n\n<p>Alla esiteltyn\u00e4 muutama erinomainen kuvapankki, joista l\u00f6ytyvi\u00e4 kuvia voi k\u00e4ytt\u00e4\u00e4 esimerkiksi osana opetusta. <\/p>\n\n\n\n<ul class=\"wp-block-list\">\n<li><a href=\"https:\/\/undraw.co\/illustrations\">u<\/a><a href=\"https:\/\/undraw.co\/illustrations\" target=\"_blank\" rel=\"noreferrer noopener\">nDraw&nbsp;<\/a>\n<ul class=\"wp-block-list\">\n<li>Lisenssi antaa <a href=\"https:\/\/undraw.co\/license\" target=\"_blank\" rel=\"noreferrer noopener\">vapaan k\u00e4ytt\u00f6oikeuden<\/a><\/li>\n<\/ul>\n<\/li>\n\n\n\n<li><a href=\"https:\/\/www.si.edu\/collections\">Smithsonian Collections (<\/a><a href=\"https:\/\/www.si.edu\/collections\" target=\"_blank\" rel=\"noreferrer noopener\">CC0)<\/a><\/li>\n\n\n\n<li>Pixabay.com    \n<ul class=\"wp-block-list\">\n<li>Kuvia ja videoita voi k\u00e4ytt\u00e4\u00e4 vapaasti (my\u00f6s kaupalliseen k\u00e4ytt\u00f6\u00f6n).<\/li>\n\n\n\n<li>Kuvien yhteydess\u00e4 on tieto k\u00e4ytt\u00f6\u00e4 koskevasta lisenssist\u00e4 (Content Licence Summary).<\/li>\n<\/ul>\n<\/li>\n\n\n\n<li><a href=\"https:\/\/unsplash.com\/\">Unsplash.c<\/a><a href=\"https:\/\/unsplash.com\/\" target=\"_blank\" rel=\"noreferrer noopener\">om<\/a><\/li>\n\n\n\n<li><a href=\"https:\/\/ccsearch.creativecommons.org\/\">CC Searc<\/a><a href=\"https:\/\/ccsearch.creativecommons.org\/\" target=\"_blank\" rel=\"noreferrer noopener\">h<\/a>\n<ul class=\"wp-block-list\">\n<li>Jokaisen kuvan alla on &#8221;CC image attribution&#8221; teksti, kopioi se kuvatekstiksi kun k\u00e4yt\u00e4t n\u00e4it\u00e4 kuvia.<\/li>\n<\/ul>\n<\/li>\n\n\n\n<li><a href=\"http:\/\/flickr.com\">Flickr.co<\/a><a href=\"http:\/\/flickr.com\" target=\"_blank\" rel=\"noreferrer noopener\">m<\/a>\n<ul class=\"wp-block-list\">\n<li>Kuvien k\u00e4ytt\u00f6ehdot vaihtelevat lisenssien mukaan. Osoitteessa <a href=\"http:\/\/flickr.com\/creativecommons\" target=\"_blank\" rel=\"noopener noreferrer\">flickr.com\/creativecommons<\/a> kuvapalvelun kuvat on jaoteltu eri lisenssien alle.<\/li>\n\n\n\n<li>T\u00e4ysin vapaasti k\u00e4ytett\u00e4v\u00e4t kuva l\u00f6ytyv\u00e4t Flickrist\u00e4 lisensseill\u00e4 <a href=\"https:\/\/www.flickr.com\/creativecommons\/cc0-1.0\/\" target=\"_blank\" rel=\"noopener noreferrer\">Public Domain Dedication<\/a> sek\u00e4 <a href=\"https:\/\/www.flickr.com\/creativecommons\/pdm-1.0\/\" target=\"_blank\" rel=\"noopener noreferrer\">Public Domain Mark.<\/a><\/li>\n<\/ul>\n<\/li>\n<\/ul>\n\n\n\n<ul class=\"wp-block-list\">\n<li>L\u00e4hdeviitteen tarvitsevat kuvat l\u00f6ytyv\u00e4t Flickrist\u00e4 <a href=\"https:\/\/www.flickr.com\/creativecommons\/by-2.0\/\" target=\"_blank\" rel=\"noopener noreferrer\">Attribution License<\/a> -kohdasta. N\u00e4it\u00e4 kuvia voi k\u00e4ytt\u00e4\u00e4, kunhan kuvan yhteydess\u00e4 ilmoittaa seuraavat asiat:\n<ul class=\"wp-block-list\">\n<li>kuvaajan nimi tai nimimerkki Flickriss\u00e4<\/li>\n\n\n\n<li>linkki kuvaan Flickriss\u00e4<\/li>\n\n\n\n<li>lisenssin nimi ja linkki: <a href=\"https:\/\/creativecommons.org\/licenses\/by\/2.0\/\" target=\"_blank\" rel=\"noopener noreferrer\">CC BY 2.0<\/a><\/li>\n\n\n\n<li>kuvaan tehdyt muokkaukset (esim. v\u00e4ris\u00e4\u00e4t\u00f6, rajaaminen)\n<\/li>\n<\/ul>\n<\/li>\n<\/ul>\n\n\n\n<h2 class=\"wp-block-heading\">Hy\u00f6dynn\u00e4 Adoben sovelluksia<\/h2>\n\n\n\n<p>Jamkissa on k\u00e4yt\u00f6ss\u00e4 Adoben sovellukset. Hy\u00f6dynn\u00e4 t\u00e4st\u00e4 paketista Adobe Express -sovelluksen teko\u00e4ly\u00e4 tai muokkaa Adobe Photoshopin teko\u00e4lyominaisuudella omaa tai vapaasti muokattavissa olevaa kuvaasi. Muista my\u00f6s Adoben paketista l\u00f6ytyv\u00e4 Stock-kuvapankki. Poimi sielt\u00e4 ilmaiseksi saatavilla olevia kuvia tai videoita Jamkin henkil\u00f6st\u00f6lisenssill\u00e4.<\/p>\n\n\n\n<p><\/p>\n","protected":false},"excerpt":{"rendered":"<p>Varsinaisten sis\u00e4lt\u00f6ihin liittyvien kuvien lis\u00e4ksi voi havainnollistaa tai visualisoida opetusmateriaalia tuottamalla kuvia teko\u00e4lyn avulla tai k\u00e4ytt\u00e4m\u00e4ll\u00e4 vapaasti jaettavia kuvia erilaisista kuvapankeista. Visuaalisten elementtien, kuten kuvien perusteeton k\u00e4ytt\u00f6 voi my\u00f6s kuormittaa aisteja, k\u00e4yt\u00e4 siis harkiten. Alla esiteltyn\u00e4 muutama erinomainen kuvapankki, joista l\u00f6ytyvi\u00e4 kuvia voi k\u00e4ytt\u00e4\u00e4 esimerkiksi osana opetusta. Hy\u00f6dynn\u00e4 Adoben sovelluksia Jamkissa on k\u00e4yt\u00f6ss\u00e4 Adoben sovellukset. [&hellip;]<\/p>\n","protected":false},"author":74,"featured_media":0,"parent":294,"menu_order":20,"comment_status":"closed","ping_status":"closed","template":"","meta":{"_acf_changed":false,"_relevanssi_hide_post":"","_relevanssi_hide_content":"","_relevanssi_pin_for_all":"","_relevanssi_pin_keywords":"","_relevanssi_unpin_keywords":"","_relevanssi_related_keywords":"","_relevanssi_related_include_ids":"","_relevanssi_related_exclude_ids":"","_relevanssi_related_no_append":"","_relevanssi_related_not_related":"","_relevanssi_related_posts":"","_relevanssi_noindex_reason":"","footnotes":""},"categories":[],"tags":[247,253],"class_list":["post-226","page","type-page","status-publish","hentry","tag-kuva","tag-kuvapankki"],"acf":[],"yoast_head":"<!-- This site is optimized with the Yoast SEO plugin v27.3 - https:\/\/yoast.com\/product\/yoast-seo-wordpress\/ -->\n<title>Kuvat - Opetus<\/title>\n<meta name=\"description\" content=\"Lista kuvapankeista, josta voi hakea kuvia opetukseen. Hy\u00f6dynn\u00e4 my\u00f6s teko\u00e4lyn luomat kuvat.\" \/>\n<meta name=\"robots\" content=\"index, follow, max-snippet:-1, max-image-preview:large, max-video-preview:-1\" \/>\n<link rel=\"canonical\" href=\"https:\/\/help.jamk.fi\/opetus\/fi\/materiaalin-tuotanto\/kuvat-opetuksessa\/\" \/>\n<meta property=\"og:locale\" content=\"fi_FI\" \/>\n<meta property=\"og:type\" content=\"article\" \/>\n<meta property=\"og:title\" content=\"Kuvat - Opetus\" \/>\n<meta property=\"og:description\" content=\"Lista kuvapankeista, josta voi hakea kuvia opetukseen. Hy\u00f6dynn\u00e4 my\u00f6s teko\u00e4lyn luomat kuvat.\" \/>\n<meta property=\"og:url\" content=\"https:\/\/help.jamk.fi\/opetus\/fi\/materiaalin-tuotanto\/kuvat-opetuksessa\/\" \/>\n<meta property=\"og:site_name\" content=\"Opetus\" \/>\n<meta property=\"article:modified_time\" content=\"2025-05-13T08:24:29+00:00\" \/>\n<meta name=\"twitter:card\" content=\"summary_large_image\" \/>\n<meta name=\"twitter:label1\" content=\"Arvioitu lukuaika\" \/>\n\t<meta name=\"twitter:data1\" content=\"2 minuuttia\" \/>\n<script type=\"application\/ld+json\" class=\"yoast-schema-graph\">{\"@context\":\"https:\\\/\\\/schema.org\",\"@graph\":[{\"@type\":\"WebPage\",\"@id\":\"https:\\\/\\\/help.jamk.fi\\\/opetus\\\/fi\\\/materiaalin-tuotanto\\\/kuvat-opetuksessa\\\/\",\"url\":\"https:\\\/\\\/help.jamk.fi\\\/opetus\\\/fi\\\/materiaalin-tuotanto\\\/kuvat-opetuksessa\\\/\",\"name\":\"Kuvat - Opetus\",\"isPartOf\":{\"@id\":\"https:\\\/\\\/help.jamk.fi\\\/opetus\\\/#website\"},\"datePublished\":\"2016-04-20T15:10:58+00:00\",\"dateModified\":\"2025-05-13T08:24:29+00:00\",\"description\":\"Lista kuvapankeista, josta voi hakea kuvia opetukseen. Hy\u00f6dynn\u00e4 my\u00f6s teko\u00e4lyn luomat kuvat.\",\"breadcrumb\":{\"@id\":\"https:\\\/\\\/help.jamk.fi\\\/opetus\\\/fi\\\/materiaalin-tuotanto\\\/kuvat-opetuksessa\\\/#breadcrumb\"},\"inLanguage\":\"fi\",\"potentialAction\":[{\"@type\":\"ReadAction\",\"target\":[\"https:\\\/\\\/help.jamk.fi\\\/opetus\\\/fi\\\/materiaalin-tuotanto\\\/kuvat-opetuksessa\\\/\"]}]},{\"@type\":\"BreadcrumbList\",\"@id\":\"https:\\\/\\\/help.jamk.fi\\\/opetus\\\/fi\\\/materiaalin-tuotanto\\\/kuvat-opetuksessa\\\/#breadcrumb\",\"itemListElement\":[{\"@type\":\"ListItem\",\"position\":1,\"name\":\"Etusivu\",\"item\":\"https:\\\/\\\/help.jamk.fi\\\/opetus\\\/fi\\\/\"},{\"@type\":\"ListItem\",\"position\":2,\"name\":\"Oppimateriaalit\",\"item\":\"https:\\\/\\\/help.jamk.fi\\\/opetus\\\/fi\\\/materiaalin-tuotanto\\\/\"},{\"@type\":\"ListItem\",\"position\":3,\"name\":\"Kuvat\"}]},{\"@type\":\"WebSite\",\"@id\":\"https:\\\/\\\/help.jamk.fi\\\/opetus\\\/#website\",\"url\":\"https:\\\/\\\/help.jamk.fi\\\/opetus\\\/\",\"name\":\"Opetus\",\"description\":\"Opettajan ty\u00f6v\u00e4lineet\",\"potentialAction\":[{\"@type\":\"SearchAction\",\"target\":{\"@type\":\"EntryPoint\",\"urlTemplate\":\"https:\\\/\\\/help.jamk.fi\\\/opetus\\\/?s={search_term_string}\"},\"query-input\":{\"@type\":\"PropertyValueSpecification\",\"valueRequired\":true,\"valueName\":\"search_term_string\"}}],\"inLanguage\":\"fi\"}]}<\/script>\n<!-- \/ Yoast SEO plugin. -->","yoast_head_json":{"title":"Kuvat - Opetus","description":"Lista kuvapankeista, josta voi hakea kuvia opetukseen. Hy\u00f6dynn\u00e4 my\u00f6s teko\u00e4lyn luomat kuvat.","robots":{"index":"index","follow":"follow","max-snippet":"max-snippet:-1","max-image-preview":"max-image-preview:large","max-video-preview":"max-video-preview:-1"},"canonical":"https:\/\/help.jamk.fi\/opetus\/fi\/materiaalin-tuotanto\/kuvat-opetuksessa\/","og_locale":"fi_FI","og_type":"article","og_title":"Kuvat - Opetus","og_description":"Lista kuvapankeista, josta voi hakea kuvia opetukseen. Hy\u00f6dynn\u00e4 my\u00f6s teko\u00e4lyn luomat kuvat.","og_url":"https:\/\/help.jamk.fi\/opetus\/fi\/materiaalin-tuotanto\/kuvat-opetuksessa\/","og_site_name":"Opetus","article_modified_time":"2025-05-13T08:24:29+00:00","twitter_card":"summary_large_image","twitter_misc":{"Arvioitu lukuaika":"2 minuuttia"},"schema":{"@context":"https:\/\/schema.org","@graph":[{"@type":"WebPage","@id":"https:\/\/help.jamk.fi\/opetus\/fi\/materiaalin-tuotanto\/kuvat-opetuksessa\/","url":"https:\/\/help.jamk.fi\/opetus\/fi\/materiaalin-tuotanto\/kuvat-opetuksessa\/","name":"Kuvat - Opetus","isPartOf":{"@id":"https:\/\/help.jamk.fi\/opetus\/#website"},"datePublished":"2016-04-20T15:10:58+00:00","dateModified":"2025-05-13T08:24:29+00:00","description":"Lista kuvapankeista, josta voi hakea kuvia opetukseen. Hy\u00f6dynn\u00e4 my\u00f6s teko\u00e4lyn luomat kuvat.","breadcrumb":{"@id":"https:\/\/help.jamk.fi\/opetus\/fi\/materiaalin-tuotanto\/kuvat-opetuksessa\/#breadcrumb"},"inLanguage":"fi","potentialAction":[{"@type":"ReadAction","target":["https:\/\/help.jamk.fi\/opetus\/fi\/materiaalin-tuotanto\/kuvat-opetuksessa\/"]}]},{"@type":"BreadcrumbList","@id":"https:\/\/help.jamk.fi\/opetus\/fi\/materiaalin-tuotanto\/kuvat-opetuksessa\/#breadcrumb","itemListElement":[{"@type":"ListItem","position":1,"name":"Etusivu","item":"https:\/\/help.jamk.fi\/opetus\/fi\/"},{"@type":"ListItem","position":2,"name":"Oppimateriaalit","item":"https:\/\/help.jamk.fi\/opetus\/fi\/materiaalin-tuotanto\/"},{"@type":"ListItem","position":3,"name":"Kuvat"}]},{"@type":"WebSite","@id":"https:\/\/help.jamk.fi\/opetus\/#website","url":"https:\/\/help.jamk.fi\/opetus\/","name":"Opetus","description":"Opettajan ty\u00f6v\u00e4lineet","potentialAction":[{"@type":"SearchAction","target":{"@type":"EntryPoint","urlTemplate":"https:\/\/help.jamk.fi\/opetus\/?s={search_term_string}"},"query-input":{"@type":"PropertyValueSpecification","valueRequired":true,"valueName":"search_term_string"}}],"inLanguage":"fi"}]}},"_links":{"self":[{"href":"https:\/\/help.jamk.fi\/opetus\/wp-json\/wp\/v2\/pages\/226","targetHints":{"allow":["GET"]}}],"collection":[{"href":"https:\/\/help.jamk.fi\/opetus\/wp-json\/wp\/v2\/pages"}],"about":[{"href":"https:\/\/help.jamk.fi\/opetus\/wp-json\/wp\/v2\/types\/page"}],"author":[{"embeddable":true,"href":"https:\/\/help.jamk.fi\/opetus\/wp-json\/wp\/v2\/users\/74"}],"replies":[{"embeddable":true,"href":"https:\/\/help.jamk.fi\/opetus\/wp-json\/wp\/v2\/comments?post=226"}],"version-history":[{"count":28,"href":"https:\/\/help.jamk.fi\/opetus\/wp-json\/wp\/v2\/pages\/226\/revisions"}],"predecessor-version":[{"id":2167,"href":"https:\/\/help.jamk.fi\/opetus\/wp-json\/wp\/v2\/pages\/226\/revisions\/2167"}],"up":[{"embeddable":true,"href":"https:\/\/help.jamk.fi\/opetus\/wp-json\/wp\/v2\/pages\/294"}],"wp:attachment":[{"href":"https:\/\/help.jamk.fi\/opetus\/wp-json\/wp\/v2\/media?parent=226"}],"wp:term":[{"taxonomy":"category","embeddable":true,"href":"https:\/\/help.jamk.fi\/opetus\/wp-json\/wp\/v2\/categories?post=226"},{"taxonomy":"post_tag","embeddable":true,"href":"https:\/\/help.jamk.fi\/opetus\/wp-json\/wp\/v2\/tags?post=226"}],"curies":[{"name":"wp","href":"https:\/\/api.w.org\/{rel}","templated":true}]}}