{"id":294,"date":"2019-12-13T16:14:59","date_gmt":"2019-12-13T14:14:59","guid":{"rendered":"https:\/\/help.jamk.fi\/opetustyokalut\/materiaalin-tuotanto\/"},"modified":"2023-12-06T10:03:22","modified_gmt":"2023-12-06T08:03:22","slug":"materiaalin-tuotanto","status":"publish","type":"page","link":"https:\/\/help.jamk.fi\/opetus\/fi\/materiaalin-tuotanto\/","title":{"rendered":"Oppimateriaalit"},"content":{"rendered":"\n  <div id=\"page-lift-block_47fbdc0721534b0b68a989400a34215e\" class=\"block-page-lift block-page-lift\">\n          <h2 class=\"block-page-lift__heading\">Sis\u00e4lt\u00f6<\/h2>\n    \n    <ul class=\"page-lift-list row\">\n                <li class=\"page-lift-list__item col-12 col-md-6 col-lg-4\">\n            <div class=\"page-lift__item-wrap no-image\">\n                            <div class=\"page-lift__text-wrap\">\n                                      <h3 class=\"page-lift__heading\">\n                      <a class=\"page-lift__link--heading\" href=\"https:\/\/help.jamk.fi\/opetus\/fi\/materiaalin-tuotanto\/avoin-materiaali\/\">Avoimet oppimateriaalit<\/a>\n                    <\/h3>\n                   \n                                  <span class=\"page-lift__excerpt body-small\">Oppimateriaalien ja oman aineiston jakaminen verkossa on antoisaa. Avoin materiaali on helposti&hellip;<\/span>\n                                                <a class=\"page-lift__link small-text-button-icon\" href=\"\" aria-hidden=\"true\" tabindex=\"-1\">\n                  Mene sivulle&nbsp;<i  ><svg aria-hidden=\"true\" viewBox=\"0 0 4 7\" fill=\"none\" xmlns=\"http:\/\/www.w3.org\/2000\/svg\"><path d=\"M1.696 7H0l2.208-3.312L0 .376h1.696l2.208 3.312L1.696 7z\" fill=\"#0D004C\"\/><\/svg><\/i>                <\/a>\n              <\/div>\n            <\/div>\n          <\/li>\n                <li class=\"page-lift-list__item col-12 col-md-6 col-lg-4\">\n            <div class=\"page-lift__item-wrap no-image\">\n                            <div class=\"page-lift__text-wrap\">\n                                      <h3 class=\"page-lift__heading\">\n                      <a class=\"page-lift__link--heading\" href=\"https:\/\/help.jamk.fi\/opetus\/fi\/materiaalin-tuotanto\/creative-commons\/\">Creative Commons -lisenssi<\/a>\n                    <\/h3>\n                   \n                                  <span class=\"page-lift__excerpt body-small\">Creative Commons eli CC-lisenssi osoittaa muille miten sinun tekem\u00e4\u00e4si materiaalia saa k\u00e4ytt\u00e4\u00e4.&hellip;<\/span>\n                                                <a class=\"page-lift__link small-text-button-icon\" href=\"\" aria-hidden=\"true\" tabindex=\"-1\">\n                  Mene sivulle&nbsp;<i  ><svg aria-hidden=\"true\" viewBox=\"0 0 4 7\" fill=\"none\" xmlns=\"http:\/\/www.w3.org\/2000\/svg\"><path d=\"M1.696 7H0l2.208-3.312L0 .376h1.696l2.208 3.312L1.696 7z\" fill=\"#0D004C\"\/><\/svg><\/i>                <\/a>\n              <\/div>\n            <\/div>\n          <\/li>\n                <li class=\"page-lift-list__item col-12 col-md-6 col-lg-4\">\n            <div class=\"page-lift__item-wrap no-image\">\n                            <div class=\"page-lift__text-wrap\">\n                                      <h3 class=\"page-lift__heading\">\n                      <a class=\"page-lift__link--heading\" href=\"https:\/\/help.jamk.fi\/opetus\/fi\/materiaalin-tuotanto\/video-opetuksessa\/\">Video opetuksessa<\/a>\n                    <\/h3>\n                   \n                                  <span class=\"page-lift__excerpt body-small\">Videota voi hy\u00f6dynt\u00e4\u00e4 opetuksessa esim. seuraavilla tavoilla: V\u00e4lineit\u00e4 ja tapoja valitessa&nbsp;on syyt\u00e4&hellip;<\/span>\n                                                <a class=\"page-lift__link small-text-button-icon\" href=\"\" aria-hidden=\"true\" tabindex=\"-1\">\n                  Mene sivulle&nbsp;<i  ><svg aria-hidden=\"true\" viewBox=\"0 0 4 7\" fill=\"none\" xmlns=\"http:\/\/www.w3.org\/2000\/svg\"><path d=\"M1.696 7H0l2.208-3.312L0 .376h1.696l2.208 3.312L1.696 7z\" fill=\"#0D004C\"\/><\/svg><\/i>                <\/a>\n              <\/div>\n            <\/div>\n          <\/li>\n                <li class=\"page-lift-list__item col-12 col-md-6 col-lg-4\">\n            <div class=\"page-lift__item-wrap no-image\">\n                            <div class=\"page-lift__text-wrap\">\n                                      <h3 class=\"page-lift__heading\">\n                      <a class=\"page-lift__link--heading\" href=\"https:\/\/help.jamk.fi\/opetus\/fi\/materiaalin-tuotanto\/kuvat-opetuksessa\/\">Kuvat<\/a>\n                    <\/h3>\n                   \n                                  <span class=\"page-lift__excerpt body-small\">Varsinaisten sis\u00e4lt\u00f6ihin liittyvien kuvien lis\u00e4ksi voi havainnollistaa tai visualisoida opetusmateriaalia tuottamalla kuvia&hellip;<\/span>\n                                                <a class=\"page-lift__link small-text-button-icon\" href=\"\" aria-hidden=\"true\" tabindex=\"-1\">\n                  Mene sivulle&nbsp;<i  ><svg aria-hidden=\"true\" viewBox=\"0 0 4 7\" fill=\"none\" xmlns=\"http:\/\/www.w3.org\/2000\/svg\"><path d=\"M1.696 7H0l2.208-3.312L0 .376h1.696l2.208 3.312L1.696 7z\" fill=\"#0D004C\"\/><\/svg><\/i>                <\/a>\n              <\/div>\n            <\/div>\n          <\/li>\n          <\/ul>\n  <\/div>\n","protected":false},"excerpt":{"rendered":"","protected":false},"author":73,"featured_media":0,"parent":0,"menu_order":15,"comment_status":"closed","ping_status":"closed","template":"templates\/template-full-width.php","meta":{"_acf_changed":false,"_relevanssi_hide_post":"","_relevanssi_hide_content":"","_relevanssi_pin_for_all":"","_relevanssi_pin_keywords":"","_relevanssi_unpin_keywords":"","_relevanssi_related_keywords":"","_relevanssi_related_include_ids":"","_relevanssi_related_exclude_ids":"","_relevanssi_related_no_append":"","_relevanssi_related_not_related":"","_relevanssi_related_posts":"","_relevanssi_noindex_reason":"","footnotes":""},"categories":[],"tags":[],"class_list":["post-294","page","type-page","status-publish","hentry"],"acf":[],"yoast_head":"<!-- This site is optimized with the Yoast SEO plugin v27.4 - https:\/\/yoast.com\/product\/yoast-seo-wordpress\/ -->\n<title>Oppimateriaalit - Opetus<\/title>\n<meta name=\"robots\" content=\"index, follow, max-snippet:-1, max-image-preview:large, max-video-preview:-1\" \/>\n<link rel=\"canonical\" href=\"https:\/\/help.jamk.fi\/opetus\/fi\/materiaalin-tuotanto\/\" \/>\n<meta property=\"og:locale\" content=\"fi_FI\" \/>\n<meta property=\"og:type\" content=\"article\" \/>\n<meta property=\"og:title\" content=\"Oppimateriaalit - Opetus\" \/>\n<meta property=\"og:url\" content=\"https:\/\/help.jamk.fi\/opetus\/fi\/materiaalin-tuotanto\/\" \/>\n<meta property=\"og:site_name\" content=\"Opetus\" \/>\n<meta property=\"article:modified_time\" content=\"2023-12-06T08:03:22+00:00\" \/>\n<meta name=\"twitter:card\" content=\"summary_large_image\" \/>\n<script type=\"application\/ld+json\" class=\"yoast-schema-graph\">{\"@context\":\"https:\\\/\\\/schema.org\",\"@graph\":[{\"@type\":\"WebPage\",\"@id\":\"https:\\\/\\\/help.jamk.fi\\\/opetus\\\/fi\\\/materiaalin-tuotanto\\\/\",\"url\":\"https:\\\/\\\/help.jamk.fi\\\/opetus\\\/fi\\\/materiaalin-tuotanto\\\/\",\"name\":\"Oppimateriaalit - Opetus\",\"isPartOf\":{\"@id\":\"https:\\\/\\\/help.jamk.fi\\\/opetus\\\/#website\"},\"datePublished\":\"2019-12-13T14:14:59+00:00\",\"dateModified\":\"2023-12-06T08:03:22+00:00\",\"breadcrumb\":{\"@id\":\"https:\\\/\\\/help.jamk.fi\\\/opetus\\\/fi\\\/materiaalin-tuotanto\\\/#breadcrumb\"},\"inLanguage\":\"fi\",\"potentialAction\":[{\"@type\":\"ReadAction\",\"target\":[\"https:\\\/\\\/help.jamk.fi\\\/opetus\\\/fi\\\/materiaalin-tuotanto\\\/\"]}]},{\"@type\":\"BreadcrumbList\",\"@id\":\"https:\\\/\\\/help.jamk.fi\\\/opetus\\\/fi\\\/materiaalin-tuotanto\\\/#breadcrumb\",\"itemListElement\":[{\"@type\":\"ListItem\",\"position\":1,\"name\":\"Etusivu\",\"item\":\"https:\\\/\\\/help.jamk.fi\\\/opetus\\\/fi\\\/\"},{\"@type\":\"ListItem\",\"position\":2,\"name\":\"Oppimateriaalit\"}]},{\"@type\":\"WebSite\",\"@id\":\"https:\\\/\\\/help.jamk.fi\\\/opetus\\\/#website\",\"url\":\"https:\\\/\\\/help.jamk.fi\\\/opetus\\\/\",\"name\":\"Opetus\",\"description\":\"Opettajan ty\u00f6v\u00e4lineet\",\"potentialAction\":[{\"@type\":\"SearchAction\",\"target\":{\"@type\":\"EntryPoint\",\"urlTemplate\":\"https:\\\/\\\/help.jamk.fi\\\/opetus\\\/?s={search_term_string}\"},\"query-input\":{\"@type\":\"PropertyValueSpecification\",\"valueRequired\":true,\"valueName\":\"search_term_string\"}}],\"inLanguage\":\"fi\"}]}<\/script>\n<!-- \/ Yoast SEO plugin. -->","yoast_head_json":{"title":"Oppimateriaalit - Opetus","robots":{"index":"index","follow":"follow","max-snippet":"max-snippet:-1","max-image-preview":"max-image-preview:large","max-video-preview":"max-video-preview:-1"},"canonical":"https:\/\/help.jamk.fi\/opetus\/fi\/materiaalin-tuotanto\/","og_locale":"fi_FI","og_type":"article","og_title":"Oppimateriaalit - Opetus","og_url":"https:\/\/help.jamk.fi\/opetus\/fi\/materiaalin-tuotanto\/","og_site_name":"Opetus","article_modified_time":"2023-12-06T08:03:22+00:00","twitter_card":"summary_large_image","schema":{"@context":"https:\/\/schema.org","@graph":[{"@type":"WebPage","@id":"https:\/\/help.jamk.fi\/opetus\/fi\/materiaalin-tuotanto\/","url":"https:\/\/help.jamk.fi\/opetus\/fi\/materiaalin-tuotanto\/","name":"Oppimateriaalit - Opetus","isPartOf":{"@id":"https:\/\/help.jamk.fi\/opetus\/#website"},"datePublished":"2019-12-13T14:14:59+00:00","dateModified":"2023-12-06T08:03:22+00:00","breadcrumb":{"@id":"https:\/\/help.jamk.fi\/opetus\/fi\/materiaalin-tuotanto\/#breadcrumb"},"inLanguage":"fi","potentialAction":[{"@type":"ReadAction","target":["https:\/\/help.jamk.fi\/opetus\/fi\/materiaalin-tuotanto\/"]}]},{"@type":"BreadcrumbList","@id":"https:\/\/help.jamk.fi\/opetus\/fi\/materiaalin-tuotanto\/#breadcrumb","itemListElement":[{"@type":"ListItem","position":1,"name":"Etusivu","item":"https:\/\/help.jamk.fi\/opetus\/fi\/"},{"@type":"ListItem","position":2,"name":"Oppimateriaalit"}]},{"@type":"WebSite","@id":"https:\/\/help.jamk.fi\/opetus\/#website","url":"https:\/\/help.jamk.fi\/opetus\/","name":"Opetus","description":"Opettajan ty\u00f6v\u00e4lineet","potentialAction":[{"@type":"SearchAction","target":{"@type":"EntryPoint","urlTemplate":"https:\/\/help.jamk.fi\/opetus\/?s={search_term_string}"},"query-input":{"@type":"PropertyValueSpecification","valueRequired":true,"valueName":"search_term_string"}}],"inLanguage":"fi"}]}},"_links":{"self":[{"href":"https:\/\/help.jamk.fi\/opetus\/wp-json\/wp\/v2\/pages\/294","targetHints":{"allow":["GET"]}}],"collection":[{"href":"https:\/\/help.jamk.fi\/opetus\/wp-json\/wp\/v2\/pages"}],"about":[{"href":"https:\/\/help.jamk.fi\/opetus\/wp-json\/wp\/v2\/types\/page"}],"author":[{"embeddable":true,"href":"https:\/\/help.jamk.fi\/opetus\/wp-json\/wp\/v2\/users\/73"}],"replies":[{"embeddable":true,"href":"https:\/\/help.jamk.fi\/opetus\/wp-json\/wp\/v2\/comments?post=294"}],"version-history":[{"count":18,"href":"https:\/\/help.jamk.fi\/opetus\/wp-json\/wp\/v2\/pages\/294\/revisions"}],"predecessor-version":[{"id":1668,"href":"https:\/\/help.jamk.fi\/opetus\/wp-json\/wp\/v2\/pages\/294\/revisions\/1668"}],"wp:attachment":[{"href":"https:\/\/help.jamk.fi\/opetus\/wp-json\/wp\/v2\/media?parent=294"}],"wp:term":[{"taxonomy":"category","embeddable":true,"href":"https:\/\/help.jamk.fi\/opetus\/wp-json\/wp\/v2\/categories?post=294"},{"taxonomy":"post_tag","embeddable":true,"href":"https:\/\/help.jamk.fi\/opetus\/wp-json\/wp\/v2\/tags?post=294"}],"curies":[{"name":"wp","href":"https:\/\/api.w.org\/{rel}","templated":true}]}}