{"id":306,"date":"2020-03-13T08:03:57","date_gmt":"2020-03-13T06:03:57","guid":{"rendered":"https:\/\/help.jamk.fi\/opetustyokalut\/materiaalin-tuotanto\/creative-commons\/"},"modified":"2025-03-24T15:00:44","modified_gmt":"2025-03-24T13:00:44","slug":"creative-commons","status":"publish","type":"page","link":"https:\/\/help.jamk.fi\/opetus\/fi\/materiaalin-tuotanto\/creative-commons\/","title":{"rendered":"Creative Commons -lisenssi"},"content":{"rendered":"\n<p>Creative Commons eli CC-lisenssi osoittaa muille miten sinun tekem\u00e4\u00e4si materiaalia saa k\u00e4ytt\u00e4\u00e4. Vastaavasti sin\u00e4 n\u00e4et, miten voit hy\u00f6dynt\u00e4\u00e4 muiden tekem\u00e4\u00e4 materiaalia. Esimerkiksi merkinn\u00e4ss\u00e4 CC BY 4.0 alkuosa CC tarkoittaa Creative Commons -lisensointia, BY (By Attribution) tarkoittaa, ett\u00e4 tekij\u00e4n nimi, lisenssi ja alkuper\u00e4inen julkaisupaikka on mainittava, muutoin teosta saa levitt\u00e4\u00e4, muokata ja k\u00e4ytt\u00e4\u00e4 miss\u00e4 tahansa muodossa my\u00f6s kaupallisesti. Merkinn\u00e4n loppuosan numero (4.0) tarkoittaa lisenssin versionumeroa.<\/p>\n\n\n\n<ul class=\"wp-block-list\">\n<li><a href=\"https:\/\/creativecommons.fi\/\" target=\"_blank\" rel=\"noreferrer noopener\">Tietoa Creative Commons -lisensseist\u00e4<\/a><\/li>\n\n\n\n<li><a href=\"https:\/\/libguides.aalto.fi\/c.php?g=633732&amp;p=4535408\" target=\"_blank\" rel=\"noreferrer noopener\">Creative Commons lisenssin valinta<\/a><\/li>\n\n\n\n<li><a href=\"https:\/\/chooser-beta.creativecommons.org\/\" target=\"_blank\" rel=\"noreferrer noopener\">Hy\u00f6dynn\u00e4 lisenssinvalintaty\u00f6kalua<\/a> (englanninkielinen sivu)<\/li>\n<\/ul>\n","protected":false},"excerpt":{"rendered":"<p>Creative Commons eli CC-lisenssi osoittaa muille miten sinun tekem\u00e4\u00e4si materiaalia saa k\u00e4ytt\u00e4\u00e4. Vastaavasti sin\u00e4 n\u00e4et, miten voit hy\u00f6dynt\u00e4\u00e4 muiden tekem\u00e4\u00e4 materiaalia. Esimerkiksi merkinn\u00e4ss\u00e4 CC BY 4.0 alkuosa CC tarkoittaa Creative Commons -lisensointia, BY (By Attribution) tarkoittaa, ett\u00e4 tekij\u00e4n nimi, lisenssi ja alkuper\u00e4inen julkaisupaikka on mainittava, muutoin teosta saa levitt\u00e4\u00e4, muokata ja k\u00e4ytt\u00e4\u00e4 miss\u00e4 tahansa muodossa [&hellip;]<\/p>\n","protected":false},"author":73,"featured_media":0,"parent":294,"menu_order":10,"comment_status":"closed","ping_status":"closed","template":"","meta":{"_acf_changed":false,"_relevanssi_hide_post":"","_relevanssi_hide_content":"","_relevanssi_pin_for_all":"","_relevanssi_pin_keywords":"","_relevanssi_unpin_keywords":"","_relevanssi_related_keywords":"","_relevanssi_related_include_ids":"","_relevanssi_related_exclude_ids":"","_relevanssi_related_no_append":"","_relevanssi_related_not_related":"","_relevanssi_related_posts":"","_relevanssi_noindex_reason":"","footnotes":""},"categories":[],"tags":[],"class_list":["post-306","page","type-page","status-publish","hentry"],"acf":[],"yoast_head":"<!-- This site is optimized with the Yoast SEO plugin v27.3 - https:\/\/yoast.com\/product\/yoast-seo-wordpress\/ -->\n<title>Creative Commons -lisenssi - Opetus<\/title>\n<meta name=\"robots\" content=\"index, follow, max-snippet:-1, max-image-preview:large, max-video-preview:-1\" \/>\n<link rel=\"canonical\" href=\"https:\/\/help.jamk.fi\/opetus\/fi\/materiaalin-tuotanto\/creative-commons\/\" \/>\n<meta property=\"og:locale\" content=\"fi_FI\" \/>\n<meta property=\"og:type\" content=\"article\" \/>\n<meta property=\"og:title\" content=\"Creative Commons -lisenssi - Opetus\" \/>\n<meta property=\"og:description\" content=\"Creative Commons eli CC-lisenssi osoittaa muille miten sinun tekem\u00e4\u00e4si materiaalia saa k\u00e4ytt\u00e4\u00e4. Vastaavasti sin\u00e4 n\u00e4et, miten voit hy\u00f6dynt\u00e4\u00e4 muiden tekem\u00e4\u00e4 materiaalia. Esimerkiksi merkinn\u00e4ss\u00e4 CC BY 4.0 alkuosa CC tarkoittaa Creative Commons -lisensointia, BY (By Attribution) tarkoittaa, ett\u00e4 tekij\u00e4n nimi, lisenssi ja alkuper\u00e4inen julkaisupaikka on mainittava, muutoin teosta saa levitt\u00e4\u00e4, muokata ja k\u00e4ytt\u00e4\u00e4 miss\u00e4 tahansa muodossa [&hellip;]\" \/>\n<meta property=\"og:url\" content=\"https:\/\/help.jamk.fi\/opetus\/fi\/materiaalin-tuotanto\/creative-commons\/\" \/>\n<meta property=\"og:site_name\" content=\"Opetus\" \/>\n<meta property=\"article:modified_time\" content=\"2025-03-24T13:00:44+00:00\" \/>\n<meta name=\"twitter:card\" content=\"summary_large_image\" \/>\n<meta name=\"twitter:label1\" content=\"Arvioitu lukuaika\" \/>\n\t<meta name=\"twitter:data1\" content=\"1 minuutti\" \/>\n<script type=\"application\/ld+json\" class=\"yoast-schema-graph\">{\"@context\":\"https:\\\/\\\/schema.org\",\"@graph\":[{\"@type\":\"WebPage\",\"@id\":\"https:\\\/\\\/help.jamk.fi\\\/opetus\\\/fi\\\/materiaalin-tuotanto\\\/creative-commons\\\/\",\"url\":\"https:\\\/\\\/help.jamk.fi\\\/opetus\\\/fi\\\/materiaalin-tuotanto\\\/creative-commons\\\/\",\"name\":\"Creative Commons -lisenssi - Opetus\",\"isPartOf\":{\"@id\":\"https:\\\/\\\/help.jamk.fi\\\/opetus\\\/#website\"},\"datePublished\":\"2020-03-13T06:03:57+00:00\",\"dateModified\":\"2025-03-24T13:00:44+00:00\",\"breadcrumb\":{\"@id\":\"https:\\\/\\\/help.jamk.fi\\\/opetus\\\/fi\\\/materiaalin-tuotanto\\\/creative-commons\\\/#breadcrumb\"},\"inLanguage\":\"fi\",\"potentialAction\":[{\"@type\":\"ReadAction\",\"target\":[\"https:\\\/\\\/help.jamk.fi\\\/opetus\\\/fi\\\/materiaalin-tuotanto\\\/creative-commons\\\/\"]}]},{\"@type\":\"BreadcrumbList\",\"@id\":\"https:\\\/\\\/help.jamk.fi\\\/opetus\\\/fi\\\/materiaalin-tuotanto\\\/creative-commons\\\/#breadcrumb\",\"itemListElement\":[{\"@type\":\"ListItem\",\"position\":1,\"name\":\"Etusivu\",\"item\":\"https:\\\/\\\/help.jamk.fi\\\/opetus\\\/fi\\\/\"},{\"@type\":\"ListItem\",\"position\":2,\"name\":\"Oppimateriaalit\",\"item\":\"https:\\\/\\\/help.jamk.fi\\\/opetus\\\/fi\\\/materiaalin-tuotanto\\\/\"},{\"@type\":\"ListItem\",\"position\":3,\"name\":\"Creative Commons -lisenssi\"}]},{\"@type\":\"WebSite\",\"@id\":\"https:\\\/\\\/help.jamk.fi\\\/opetus\\\/#website\",\"url\":\"https:\\\/\\\/help.jamk.fi\\\/opetus\\\/\",\"name\":\"Opetus\",\"description\":\"Opettajan ty\u00f6v\u00e4lineet\",\"potentialAction\":[{\"@type\":\"SearchAction\",\"target\":{\"@type\":\"EntryPoint\",\"urlTemplate\":\"https:\\\/\\\/help.jamk.fi\\\/opetus\\\/?s={search_term_string}\"},\"query-input\":{\"@type\":\"PropertyValueSpecification\",\"valueRequired\":true,\"valueName\":\"search_term_string\"}}],\"inLanguage\":\"fi\"}]}<\/script>\n<!-- \/ Yoast SEO plugin. -->","yoast_head_json":{"title":"Creative Commons -lisenssi - Opetus","robots":{"index":"index","follow":"follow","max-snippet":"max-snippet:-1","max-image-preview":"max-image-preview:large","max-video-preview":"max-video-preview:-1"},"canonical":"https:\/\/help.jamk.fi\/opetus\/fi\/materiaalin-tuotanto\/creative-commons\/","og_locale":"fi_FI","og_type":"article","og_title":"Creative Commons -lisenssi - Opetus","og_description":"Creative Commons eli CC-lisenssi osoittaa muille miten sinun tekem\u00e4\u00e4si materiaalia saa k\u00e4ytt\u00e4\u00e4. Vastaavasti sin\u00e4 n\u00e4et, miten voit hy\u00f6dynt\u00e4\u00e4 muiden tekem\u00e4\u00e4 materiaalia. Esimerkiksi merkinn\u00e4ss\u00e4 CC BY 4.0 alkuosa CC tarkoittaa Creative Commons -lisensointia, BY (By Attribution) tarkoittaa, ett\u00e4 tekij\u00e4n nimi, lisenssi ja alkuper\u00e4inen julkaisupaikka on mainittava, muutoin teosta saa levitt\u00e4\u00e4, muokata ja k\u00e4ytt\u00e4\u00e4 miss\u00e4 tahansa muodossa [&hellip;]","og_url":"https:\/\/help.jamk.fi\/opetus\/fi\/materiaalin-tuotanto\/creative-commons\/","og_site_name":"Opetus","article_modified_time":"2025-03-24T13:00:44+00:00","twitter_card":"summary_large_image","twitter_misc":{"Arvioitu lukuaika":"1 minuutti"},"schema":{"@context":"https:\/\/schema.org","@graph":[{"@type":"WebPage","@id":"https:\/\/help.jamk.fi\/opetus\/fi\/materiaalin-tuotanto\/creative-commons\/","url":"https:\/\/help.jamk.fi\/opetus\/fi\/materiaalin-tuotanto\/creative-commons\/","name":"Creative Commons -lisenssi - Opetus","isPartOf":{"@id":"https:\/\/help.jamk.fi\/opetus\/#website"},"datePublished":"2020-03-13T06:03:57+00:00","dateModified":"2025-03-24T13:00:44+00:00","breadcrumb":{"@id":"https:\/\/help.jamk.fi\/opetus\/fi\/materiaalin-tuotanto\/creative-commons\/#breadcrumb"},"inLanguage":"fi","potentialAction":[{"@type":"ReadAction","target":["https:\/\/help.jamk.fi\/opetus\/fi\/materiaalin-tuotanto\/creative-commons\/"]}]},{"@type":"BreadcrumbList","@id":"https:\/\/help.jamk.fi\/opetus\/fi\/materiaalin-tuotanto\/creative-commons\/#breadcrumb","itemListElement":[{"@type":"ListItem","position":1,"name":"Etusivu","item":"https:\/\/help.jamk.fi\/opetus\/fi\/"},{"@type":"ListItem","position":2,"name":"Oppimateriaalit","item":"https:\/\/help.jamk.fi\/opetus\/fi\/materiaalin-tuotanto\/"},{"@type":"ListItem","position":3,"name":"Creative Commons -lisenssi"}]},{"@type":"WebSite","@id":"https:\/\/help.jamk.fi\/opetus\/#website","url":"https:\/\/help.jamk.fi\/opetus\/","name":"Opetus","description":"Opettajan ty\u00f6v\u00e4lineet","potentialAction":[{"@type":"SearchAction","target":{"@type":"EntryPoint","urlTemplate":"https:\/\/help.jamk.fi\/opetus\/?s={search_term_string}"},"query-input":{"@type":"PropertyValueSpecification","valueRequired":true,"valueName":"search_term_string"}}],"inLanguage":"fi"}]}},"_links":{"self":[{"href":"https:\/\/help.jamk.fi\/opetus\/wp-json\/wp\/v2\/pages\/306","targetHints":{"allow":["GET"]}}],"collection":[{"href":"https:\/\/help.jamk.fi\/opetus\/wp-json\/wp\/v2\/pages"}],"about":[{"href":"https:\/\/help.jamk.fi\/opetus\/wp-json\/wp\/v2\/types\/page"}],"author":[{"embeddable":true,"href":"https:\/\/help.jamk.fi\/opetus\/wp-json\/wp\/v2\/users\/73"}],"replies":[{"embeddable":true,"href":"https:\/\/help.jamk.fi\/opetus\/wp-json\/wp\/v2\/comments?post=306"}],"version-history":[{"count":11,"href":"https:\/\/help.jamk.fi\/opetus\/wp-json\/wp\/v2\/pages\/306\/revisions"}],"predecessor-version":[{"id":2100,"href":"https:\/\/help.jamk.fi\/opetus\/wp-json\/wp\/v2\/pages\/306\/revisions\/2100"}],"up":[{"embeddable":true,"href":"https:\/\/help.jamk.fi\/opetus\/wp-json\/wp\/v2\/pages\/294"}],"wp:attachment":[{"href":"https:\/\/help.jamk.fi\/opetus\/wp-json\/wp\/v2\/media?parent=306"}],"wp:term":[{"taxonomy":"category","embeddable":true,"href":"https:\/\/help.jamk.fi\/opetus\/wp-json\/wp\/v2\/categories?post=306"},{"taxonomy":"post_tag","embeddable":true,"href":"https:\/\/help.jamk.fi\/opetus\/wp-json\/wp\/v2\/tags?post=306"}],"curies":[{"name":"wp","href":"https:\/\/api.w.org\/{rel}","templated":true}]}}