{"id":342,"date":"2021-04-27T13:29:38","date_gmt":"2021-04-27T10:29:38","guid":{"rendered":"https:\/\/help.jamk.fi\/opetustyokalut\/etatenttiohje\/"},"modified":"2025-04-15T15:25:52","modified_gmt":"2025-04-15T12:25:52","slug":"etatenttiohje","status":"publish","type":"page","link":"https:\/\/help.jamk.fi\/opetus\/fi\/etatenttiohje\/","title":{"rendered":"Et\u00e4tenttiohje"},"content":{"rendered":"\n<p>Et\u00e4n\u00e4 j\u00e4rjestett\u00e4vien tenttien valvonnan tavoitteena on opiskelijoiden yhdenvertainen kohtelu.<\/p>\n\n\n\n<p>Osallistuminen et\u00e4n\u00e4 j\u00e4rjestett\u00e4v\u00e4\u00e4n tenttiin voi tapahtua esimerkiksi:<\/p>\n\n\n\n<ul class=\"wp-block-list\">\n<li>Suorittamalla tentti itsen\u00e4isesti Moodle-kurssilla olevan Tentti-aktiviteetin avulla tai Exam-palvelussa ns. omakonetenttin\u00e4. Opettaja voi rajata suoritusaikaa tai tentin voi suorittaa haluttuna ajankohtana.<\/li>\n\n\n\n<li>Osallistumalla tenttiin tiettyn\u00e4 ajankohtana esimerkiksi Zoom-sovellusta hy\u00f6dynt\u00e4en. Verkkokoussovelluksessa tentti suoritetaan Breakout-huoneessa, jossa jaetaan n\u00e4ytt\u00f6, \u00e4\u00e4net ja\/tai videokuvaa.<\/li>\n<\/ul>\n\n\n\n<h2 class=\"wp-block-heading\">Ohjeet tentin j\u00e4rjest\u00e4j\u00e4lle<\/h2>\n\n\n\n<p>Et\u00e4tentin j\u00e4rjest\u00e4miseen on monia keinoja. T\u00e4ss\u00e4 on yhteisi\u00e4 ohjeistuksia ja parhaita k\u00e4yt\u00e4nt\u00f6j\u00e4 et\u00e4tentin j\u00e4rjest\u00e4miseen ja suorittamiseen.<\/p>\n\n\n\n<ol style=\"list-style-type:1\" class=\"wp-block-list\">\n<li>Kerro selke\u00e4sti, miten tentti suoritetaan; miss\u00e4, milloin ja miten. Kerro mahdollisuuksien mukaan esimerkiksi tentin suoritustavasta:\n<ul class=\"wp-block-list\">\n<li>onko kyseess\u00e4 ryhm\u00e4tentti, <\/li>\n\n\n\n<li>navigointimenetelm\u00e4st\u00e4 (voiko opiskelija siirty\u00e4 vapaasti kysymysten v\u00e4lill\u00e4), <\/li>\n\n\n\n<li>miten tentin suorittamista valvotaan, <\/li>\n\n\n\n<li>suoritusajankohdasta, <\/li>\n\n\n\n<li>rajauksesta suoritusaikaan, <\/li>\n\n\n\n<li>tarvittavista\/sallituista materiaaleista ja v\u00e4lineist\u00e4 sek\u00e4 <\/li>\n\n\n\n<li>tentin teht\u00e4v\u00e4tyypeist\u00e4.<\/li>\n<\/ul>\n<\/li>\n\n\n\n<li>Pyyd\u00e4 opiskelijoita testaamaan toimiiko esim. Zoom, jos tentti valvotaan Zoomin kautta.<\/li>\n\n\n\n<li>Ohjeista opiskelijoita miten he voivat vaikuttaa yksityisyyteens\u00e4 (esim. tyhj\u00e4 sein\u00e4 taustalle tai virtuaalisen taustakuvan k\u00e4ytt\u00f6mahdollisuus).<\/li>\n\n\n\n<li>Kerro opiskelijoille, miten toimia ja mit\u00e4 kautta ottaa yhteytt\u00e4, jos tentin alettua tulee ongelmia tai tenttiin ei p\u00e4\u00e4se.<\/li>\n\n\n\n<li>Kerro opiskelijoille oikeudesta keskeytt\u00e4\u00e4 valvonta poikkeustilanteessa esimerkiksi sammuttaa kamera, mutta ett\u00e4 se voi johtaa tentin hylk\u00e4\u00e4miseen.<\/li>\n\n\n\n<li>L\u00e4ht\u00f6kohtana on, ett\u00e4 opiskelijat eiv\u00e4t n\u00e4e toistensa videokuvaa. Kerro selke\u00e4sti, mik\u00e4li toteutustavan (esim. ryhm\u00e4tentti) vuoksi n\u00e4in pit\u00e4\u00e4 toimia.<\/li>\n\n\n\n<li>Et\u00e4valvottu tentti tulee toteuttaa vain Jyv\u00e4skyl\u00e4n ammattikorkeakoulun ICT-palveluiden hyv\u00e4ksymill\u00e4 sovelluksilla ja j\u00e4rjestelmill\u00e4.<\/li>\n\n\n\n<li>\u00c4l\u00e4 tallenna tenttitilaisuutta, valvonnan tulee tapahtua reaaliaikaisesti.<\/li>\n<\/ol>\n\n\n\n<p>Et\u00e4valvotun tentin osalta on tiedostettava, ett\u00e4 et\u00e4valvonnalla ei voida t\u00e4ysin sulkea pois vilpin tai vilppiyrityksen mahdollisuutta. Huomioi et\u00e4valvonnassa yksityisyyden suoja.<\/p>\n\n\n\n<p>Valvotun et\u00e4tentin vaihtoehtoiset suoritustavat ovat:<\/p>\n\n\n\n<ul class=\"wp-block-list\">\n<li>Exam-tentti Rajakadun kampuksella tai tenttivierailun mahdollistavissa korkeakouluissa<\/li>\n\n\n\n<li>Valvottu tentti kampuksella<\/li>\n\n\n\n<li>Muu opettajan esitt\u00e4m\u00e4 vaihtoehtoinen suoritustapa<br><\/li>\n<\/ul>\n\n\n\n<p><a href=\"https:\/\/help.jamk.fi\/oppiminen\/fi\/verkko-opiskelun-taidot-2\/etatenttiohje\/\">Digitentit: Ohje opiskelijalle<\/a><\/p>\n\n\n\n<p><\/p>\n","protected":false},"excerpt":{"rendered":"<p>Et\u00e4n\u00e4 j\u00e4rjestett\u00e4vien tenttien valvonnan tavoitteena on opiskelijoiden yhdenvertainen kohtelu. Osallistuminen et\u00e4n\u00e4 j\u00e4rjestett\u00e4v\u00e4\u00e4n tenttiin voi tapahtua esimerkiksi: Ohjeet tentin j\u00e4rjest\u00e4j\u00e4lle Et\u00e4tentin j\u00e4rjest\u00e4miseen on monia keinoja. T\u00e4ss\u00e4 on yhteisi\u00e4 ohjeistuksia ja parhaita k\u00e4yt\u00e4nt\u00f6j\u00e4 et\u00e4tentin j\u00e4rjest\u00e4miseen ja suorittamiseen. Et\u00e4valvotun tentin osalta on tiedostettava, ett\u00e4 et\u00e4valvonnalla ei voida t\u00e4ysin sulkea pois vilpin tai vilppiyrityksen mahdollisuutta. Huomioi et\u00e4valvonnassa yksityisyyden suoja. [&hellip;]<\/p>\n","protected":false},"author":74,"featured_media":0,"parent":0,"menu_order":5,"comment_status":"closed","ping_status":"closed","template":"","meta":{"_acf_changed":false,"_relevanssi_hide_post":"","_relevanssi_hide_content":"","_relevanssi_pin_for_all":"","_relevanssi_pin_keywords":"","_relevanssi_unpin_keywords":"","_relevanssi_related_keywords":"","_relevanssi_related_include_ids":"","_relevanssi_related_exclude_ids":"","_relevanssi_related_no_append":"","_relevanssi_related_not_related":"","_relevanssi_related_posts":"","_relevanssi_noindex_reason":"","footnotes":""},"categories":[],"tags":[],"class_list":["post-342","page","type-page","status-publish","hentry"],"acf":[],"yoast_head":"<!-- This site is optimized with the Yoast SEO plugin v27.4 - https:\/\/yoast.com\/product\/yoast-seo-wordpress\/ -->\n<title>Et\u00e4tenttiohje - Opetus<\/title>\n<meta name=\"description\" content=\"Jamkin valvomattomien tai valvottujen s\u00e4hk\u00f6isten tenttien j\u00e4rjest\u00e4misen ohje.\" \/>\n<meta name=\"robots\" content=\"index, follow, max-snippet:-1, max-image-preview:large, max-video-preview:-1\" \/>\n<link rel=\"canonical\" href=\"https:\/\/help.jamk.fi\/opetus\/fi\/etatenttiohje\/\" \/>\n<meta property=\"og:locale\" content=\"fi_FI\" \/>\n<meta property=\"og:type\" content=\"article\" \/>\n<meta property=\"og:title\" content=\"Et\u00e4tenttiohje - Opetus\" \/>\n<meta property=\"og:description\" content=\"Jamkin valvomattomien tai valvottujen s\u00e4hk\u00f6isten tenttien j\u00e4rjest\u00e4misen ohje.\" \/>\n<meta property=\"og:url\" content=\"https:\/\/help.jamk.fi\/opetus\/fi\/etatenttiohje\/\" \/>\n<meta property=\"og:site_name\" content=\"Opetus\" \/>\n<meta property=\"article:modified_time\" content=\"2025-04-15T12:25:52+00:00\" \/>\n<meta name=\"twitter:card\" content=\"summary_large_image\" \/>\n<meta name=\"twitter:label1\" content=\"Arvioitu lukuaika\" \/>\n\t<meta name=\"twitter:data1\" content=\"2 minuuttia\" \/>\n<script type=\"application\/ld+json\" class=\"yoast-schema-graph\">{\"@context\":\"https:\\\/\\\/schema.org\",\"@graph\":[{\"@type\":\"WebPage\",\"@id\":\"https:\\\/\\\/help.jamk.fi\\\/opetus\\\/fi\\\/etatenttiohje\\\/\",\"url\":\"https:\\\/\\\/help.jamk.fi\\\/opetus\\\/fi\\\/etatenttiohje\\\/\",\"name\":\"Et\u00e4tenttiohje - Opetus\",\"isPartOf\":{\"@id\":\"https:\\\/\\\/help.jamk.fi\\\/opetus\\\/#website\"},\"datePublished\":\"2021-04-27T10:29:38+00:00\",\"dateModified\":\"2025-04-15T12:25:52+00:00\",\"description\":\"Jamkin valvomattomien tai valvottujen s\u00e4hk\u00f6isten tenttien j\u00e4rjest\u00e4misen ohje.\",\"breadcrumb\":{\"@id\":\"https:\\\/\\\/help.jamk.fi\\\/opetus\\\/fi\\\/etatenttiohje\\\/#breadcrumb\"},\"inLanguage\":\"fi\",\"potentialAction\":[{\"@type\":\"ReadAction\",\"target\":[\"https:\\\/\\\/help.jamk.fi\\\/opetus\\\/fi\\\/etatenttiohje\\\/\"]}]},{\"@type\":\"BreadcrumbList\",\"@id\":\"https:\\\/\\\/help.jamk.fi\\\/opetus\\\/fi\\\/etatenttiohje\\\/#breadcrumb\",\"itemListElement\":[{\"@type\":\"ListItem\",\"position\":1,\"name\":\"Etusivu\",\"item\":\"https:\\\/\\\/help.jamk.fi\\\/opetus\\\/fi\\\/\"},{\"@type\":\"ListItem\",\"position\":2,\"name\":\"Et\u00e4tenttiohje\"}]},{\"@type\":\"WebSite\",\"@id\":\"https:\\\/\\\/help.jamk.fi\\\/opetus\\\/#website\",\"url\":\"https:\\\/\\\/help.jamk.fi\\\/opetus\\\/\",\"name\":\"Opetus\",\"description\":\"Opettajan ty\u00f6v\u00e4lineet\",\"potentialAction\":[{\"@type\":\"SearchAction\",\"target\":{\"@type\":\"EntryPoint\",\"urlTemplate\":\"https:\\\/\\\/help.jamk.fi\\\/opetus\\\/?s={search_term_string}\"},\"query-input\":{\"@type\":\"PropertyValueSpecification\",\"valueRequired\":true,\"valueName\":\"search_term_string\"}}],\"inLanguage\":\"fi\"}]}<\/script>\n<!-- \/ Yoast SEO plugin. -->","yoast_head_json":{"title":"Et\u00e4tenttiohje - Opetus","description":"Jamkin valvomattomien tai valvottujen s\u00e4hk\u00f6isten tenttien j\u00e4rjest\u00e4misen ohje.","robots":{"index":"index","follow":"follow","max-snippet":"max-snippet:-1","max-image-preview":"max-image-preview:large","max-video-preview":"max-video-preview:-1"},"canonical":"https:\/\/help.jamk.fi\/opetus\/fi\/etatenttiohje\/","og_locale":"fi_FI","og_type":"article","og_title":"Et\u00e4tenttiohje - Opetus","og_description":"Jamkin valvomattomien tai valvottujen s\u00e4hk\u00f6isten tenttien j\u00e4rjest\u00e4misen ohje.","og_url":"https:\/\/help.jamk.fi\/opetus\/fi\/etatenttiohje\/","og_site_name":"Opetus","article_modified_time":"2025-04-15T12:25:52+00:00","twitter_card":"summary_large_image","twitter_misc":{"Arvioitu lukuaika":"2 minuuttia"},"schema":{"@context":"https:\/\/schema.org","@graph":[{"@type":"WebPage","@id":"https:\/\/help.jamk.fi\/opetus\/fi\/etatenttiohje\/","url":"https:\/\/help.jamk.fi\/opetus\/fi\/etatenttiohje\/","name":"Et\u00e4tenttiohje - Opetus","isPartOf":{"@id":"https:\/\/help.jamk.fi\/opetus\/#website"},"datePublished":"2021-04-27T10:29:38+00:00","dateModified":"2025-04-15T12:25:52+00:00","description":"Jamkin valvomattomien tai valvottujen s\u00e4hk\u00f6isten tenttien j\u00e4rjest\u00e4misen ohje.","breadcrumb":{"@id":"https:\/\/help.jamk.fi\/opetus\/fi\/etatenttiohje\/#breadcrumb"},"inLanguage":"fi","potentialAction":[{"@type":"ReadAction","target":["https:\/\/help.jamk.fi\/opetus\/fi\/etatenttiohje\/"]}]},{"@type":"BreadcrumbList","@id":"https:\/\/help.jamk.fi\/opetus\/fi\/etatenttiohje\/#breadcrumb","itemListElement":[{"@type":"ListItem","position":1,"name":"Etusivu","item":"https:\/\/help.jamk.fi\/opetus\/fi\/"},{"@type":"ListItem","position":2,"name":"Et\u00e4tenttiohje"}]},{"@type":"WebSite","@id":"https:\/\/help.jamk.fi\/opetus\/#website","url":"https:\/\/help.jamk.fi\/opetus\/","name":"Opetus","description":"Opettajan ty\u00f6v\u00e4lineet","potentialAction":[{"@type":"SearchAction","target":{"@type":"EntryPoint","urlTemplate":"https:\/\/help.jamk.fi\/opetus\/?s={search_term_string}"},"query-input":{"@type":"PropertyValueSpecification","valueRequired":true,"valueName":"search_term_string"}}],"inLanguage":"fi"}]}},"_links":{"self":[{"href":"https:\/\/help.jamk.fi\/opetus\/wp-json\/wp\/v2\/pages\/342","targetHints":{"allow":["GET"]}}],"collection":[{"href":"https:\/\/help.jamk.fi\/opetus\/wp-json\/wp\/v2\/pages"}],"about":[{"href":"https:\/\/help.jamk.fi\/opetus\/wp-json\/wp\/v2\/types\/page"}],"author":[{"embeddable":true,"href":"https:\/\/help.jamk.fi\/opetus\/wp-json\/wp\/v2\/users\/74"}],"replies":[{"embeddable":true,"href":"https:\/\/help.jamk.fi\/opetus\/wp-json\/wp\/v2\/comments?post=342"}],"version-history":[{"count":10,"href":"https:\/\/help.jamk.fi\/opetus\/wp-json\/wp\/v2\/pages\/342\/revisions"}],"predecessor-version":[{"id":2141,"href":"https:\/\/help.jamk.fi\/opetus\/wp-json\/wp\/v2\/pages\/342\/revisions\/2141"}],"wp:attachment":[{"href":"https:\/\/help.jamk.fi\/opetus\/wp-json\/wp\/v2\/media?parent=342"}],"wp:term":[{"taxonomy":"category","embeddable":true,"href":"https:\/\/help.jamk.fi\/opetus\/wp-json\/wp\/v2\/categories?post=342"},{"taxonomy":"post_tag","embeddable":true,"href":"https:\/\/help.jamk.fi\/opetus\/wp-json\/wp\/v2\/tags?post=342"}],"curies":[{"name":"wp","href":"https:\/\/api.w.org\/{rel}","templated":true}]}}