{"id":354,"date":"2023-04-13T09:10:47","date_gmt":"2023-04-13T06:10:47","guid":{"rendered":"https:\/\/help.jamk.fi\/opetustyokalut\/welcome\/"},"modified":"2024-01-12T15:38:37","modified_gmt":"2024-01-12T13:38:37","slug":"welcome","status":"publish","type":"page","link":"https:\/\/help.jamk.fi\/opetus\/en\/","title":{"rendered":"Teaching at Jamk"},"content":{"rendered":"\n<div id=\"image-and-text-block_4893d5578a0ca9c463c4d443ea5ec2bd\" class=\"image-and-text block-image-and-text pink\">\n  <div class=\"block-image-and-text__wrapper container\">\n    <div class=\"row left\">\n      <div class=\"col-12 col-md-6 img-column\">\n        <div class=\"img-column__wrapper single_img\">\n                      <img decoding=\"async\" class=\"\" src=\"https:\/\/help.jamk.fi\/opetus\/wp-content\/uploads\/sites\/104\/2023\/11\/Opiskelijoita-luokassa-620x424-1.jpg\" alt=\"Kuvassa on kolme nuorta aikuista, joista yksi on mies ja h\u00e4nell\u00e4 on p\u00e4\u00e4ll\u00e4\u00e4n sininen huppari. H\u00e4n katsoo kameraan. Kuvan naisilla on tummat hiukset ja toisella on p\u00e4\u00e4ll\u00e4\u00e4n nahkatakki.\" \/>\n                  <\/div>\n      <\/div>\n      <div class=\"col-12 col-md-6 texts-column\">\n        <div class=\"texts-column__wrapper\">\n                      <h2 class=\"texts-column__wrapper--title \">Welcome to get to know more about teaching at Jamk<\/h2>\n                                <div class=\"texts-column__wrapper--text_area\"><p>On this site you will find instructions and tips for teachers to your teaching. The site also provides shortcuts to more detailed teaching technology instructions at Jamk University of Applied Sciences.<\/p>\n<\/div>\n                    \n        <\/div>\n      <\/div>\n    <\/div>\n  <\/div>\n<\/div>","protected":false},"excerpt":{"rendered":"","protected":false},"author":73,"featured_media":0,"parent":0,"menu_order":0,"comment_status":"closed","ping_status":"closed","template":"templates\/template-full-width.php","meta":{"_acf_changed":false,"_relevanssi_hide_post":"","_relevanssi_hide_content":"","_relevanssi_pin_for_all":"","_relevanssi_pin_keywords":"","_relevanssi_unpin_keywords":"","_relevanssi_related_keywords":"","_relevanssi_related_include_ids":"","_relevanssi_related_exclude_ids":"","_relevanssi_related_no_append":"","_relevanssi_related_not_related":"","_relevanssi_related_posts":"535","_relevanssi_noindex_reason":"","footnotes":""},"categories":[],"tags":[],"class_list":["post-354","page","type-page","status-publish","hentry"],"acf":[],"yoast_head":"<!-- This site is optimized with the Yoast SEO plugin v27.4 - https:\/\/yoast.com\/product\/yoast-seo-wordpress\/ -->\n<title>Teaching at Jamk - Opetus<\/title>\n<meta name=\"description\" content=\"On this site you will find instructions and tips for teachers to support your teaching. The site also provides shortcuts to more detailed teaching technology instructions.\" \/>\n<meta name=\"robots\" content=\"index, follow, max-snippet:-1, max-image-preview:large, max-video-preview:-1\" \/>\n<link rel=\"canonical\" href=\"https:\/\/help.jamk.fi\/opetus\/en\/\" \/>\n<meta property=\"og:locale\" content=\"fi_FI\" \/>\n<meta property=\"og:type\" content=\"article\" \/>\n<meta property=\"og:title\" content=\"Teaching at Jamk - Opetus\" \/>\n<meta property=\"og:description\" content=\"On this site you will find instructions and tips for teachers to support your teaching. The site also provides shortcuts to more detailed teaching technology instructions.\" \/>\n<meta property=\"og:url\" content=\"https:\/\/help.jamk.fi\/opetus\/en\/\" \/>\n<meta property=\"og:site_name\" content=\"Opetus\" \/>\n<meta property=\"article:modified_time\" content=\"2024-01-12T13:38:37+00:00\" \/>\n<meta name=\"twitter:card\" content=\"summary_large_image\" \/>\n<script type=\"application\/ld+json\" class=\"yoast-schema-graph\">{\"@context\":\"https:\\\/\\\/schema.org\",\"@graph\":[{\"@type\":\"WebPage\",\"@id\":\"https:\\\/\\\/help.jamk.fi\\\/opetus\\\/en\\\/\",\"url\":\"https:\\\/\\\/help.jamk.fi\\\/opetus\\\/en\\\/\",\"name\":\"Teaching at Jamk - Opetus\",\"isPartOf\":{\"@id\":\"https:\\\/\\\/help.jamk.fi\\\/opetus\\\/#website\"},\"datePublished\":\"2023-04-13T06:10:47+00:00\",\"dateModified\":\"2024-01-12T13:38:37+00:00\",\"description\":\"On this site you will find instructions and tips for teachers to support your teaching. The site also provides shortcuts to more detailed teaching technology instructions.\",\"breadcrumb\":{\"@id\":\"https:\\\/\\\/help.jamk.fi\\\/opetus\\\/en\\\/#breadcrumb\"},\"inLanguage\":\"fi\",\"potentialAction\":[{\"@type\":\"ReadAction\",\"target\":[\"https:\\\/\\\/help.jamk.fi\\\/opetus\\\/en\\\/\"]}]},{\"@type\":\"BreadcrumbList\",\"@id\":\"https:\\\/\\\/help.jamk.fi\\\/opetus\\\/en\\\/#breadcrumb\",\"itemListElement\":[{\"@type\":\"ListItem\",\"position\":1,\"name\":\"Etusivu\",\"item\":\"https:\\\/\\\/help.jamk.fi\\\/opetus\\\/fi\\\/\"},{\"@type\":\"ListItem\",\"position\":2,\"name\":\"Teaching at Jamk\"}]},{\"@type\":\"WebSite\",\"@id\":\"https:\\\/\\\/help.jamk.fi\\\/opetus\\\/#website\",\"url\":\"https:\\\/\\\/help.jamk.fi\\\/opetus\\\/\",\"name\":\"Opetus\",\"description\":\"Opettajan ty\u00f6v\u00e4lineet\",\"potentialAction\":[{\"@type\":\"SearchAction\",\"target\":{\"@type\":\"EntryPoint\",\"urlTemplate\":\"https:\\\/\\\/help.jamk.fi\\\/opetus\\\/?s={search_term_string}\"},\"query-input\":{\"@type\":\"PropertyValueSpecification\",\"valueRequired\":true,\"valueName\":\"search_term_string\"}}],\"inLanguage\":\"fi\"}]}<\/script>\n<!-- \/ Yoast SEO plugin. -->","yoast_head_json":{"title":"Teaching at Jamk - Opetus","description":"On this site you will find instructions and tips for teachers to support your teaching. The site also provides shortcuts to more detailed teaching technology instructions.","robots":{"index":"index","follow":"follow","max-snippet":"max-snippet:-1","max-image-preview":"max-image-preview:large","max-video-preview":"max-video-preview:-1"},"canonical":"https:\/\/help.jamk.fi\/opetus\/en\/","og_locale":"fi_FI","og_type":"article","og_title":"Teaching at Jamk - Opetus","og_description":"On this site you will find instructions and tips for teachers to support your teaching. The site also provides shortcuts to more detailed teaching technology instructions.","og_url":"https:\/\/help.jamk.fi\/opetus\/en\/","og_site_name":"Opetus","article_modified_time":"2024-01-12T13:38:37+00:00","twitter_card":"summary_large_image","schema":{"@context":"https:\/\/schema.org","@graph":[{"@type":"WebPage","@id":"https:\/\/help.jamk.fi\/opetus\/en\/","url":"https:\/\/help.jamk.fi\/opetus\/en\/","name":"Teaching at Jamk - Opetus","isPartOf":{"@id":"https:\/\/help.jamk.fi\/opetus\/#website"},"datePublished":"2023-04-13T06:10:47+00:00","dateModified":"2024-01-12T13:38:37+00:00","description":"On this site you will find instructions and tips for teachers to support your teaching. The site also provides shortcuts to more detailed teaching technology instructions.","breadcrumb":{"@id":"https:\/\/help.jamk.fi\/opetus\/en\/#breadcrumb"},"inLanguage":"fi","potentialAction":[{"@type":"ReadAction","target":["https:\/\/help.jamk.fi\/opetus\/en\/"]}]},{"@type":"BreadcrumbList","@id":"https:\/\/help.jamk.fi\/opetus\/en\/#breadcrumb","itemListElement":[{"@type":"ListItem","position":1,"name":"Etusivu","item":"https:\/\/help.jamk.fi\/opetus\/fi\/"},{"@type":"ListItem","position":2,"name":"Teaching at Jamk"}]},{"@type":"WebSite","@id":"https:\/\/help.jamk.fi\/opetus\/#website","url":"https:\/\/help.jamk.fi\/opetus\/","name":"Opetus","description":"Opettajan ty\u00f6v\u00e4lineet","potentialAction":[{"@type":"SearchAction","target":{"@type":"EntryPoint","urlTemplate":"https:\/\/help.jamk.fi\/opetus\/?s={search_term_string}"},"query-input":{"@type":"PropertyValueSpecification","valueRequired":true,"valueName":"search_term_string"}}],"inLanguage":"fi"}]}},"_links":{"self":[{"href":"https:\/\/help.jamk.fi\/opetus\/wp-json\/wp\/v2\/pages\/354","targetHints":{"allow":["GET"]}}],"collection":[{"href":"https:\/\/help.jamk.fi\/opetus\/wp-json\/wp\/v2\/pages"}],"about":[{"href":"https:\/\/help.jamk.fi\/opetus\/wp-json\/wp\/v2\/types\/page"}],"author":[{"embeddable":true,"href":"https:\/\/help.jamk.fi\/opetus\/wp-json\/wp\/v2\/users\/73"}],"replies":[{"embeddable":true,"href":"https:\/\/help.jamk.fi\/opetus\/wp-json\/wp\/v2\/comments?post=354"}],"version-history":[{"count":21,"href":"https:\/\/help.jamk.fi\/opetus\/wp-json\/wp\/v2\/pages\/354\/revisions"}],"predecessor-version":[{"id":1727,"href":"https:\/\/help.jamk.fi\/opetus\/wp-json\/wp\/v2\/pages\/354\/revisions\/1727"}],"wp:attachment":[{"href":"https:\/\/help.jamk.fi\/opetus\/wp-json\/wp\/v2\/media?parent=354"}],"wp:term":[{"taxonomy":"category","embeddable":true,"href":"https:\/\/help.jamk.fi\/opetus\/wp-json\/wp\/v2\/categories?post=354"},{"taxonomy":"post_tag","embeddable":true,"href":"https:\/\/help.jamk.fi\/opetus\/wp-json\/wp\/v2\/tags?post=354"}],"curies":[{"name":"wp","href":"https:\/\/api.w.org\/{rel}","templated":true}]}}