{"id":71,"date":"2015-10-13T14:28:41","date_gmt":"2015-10-13T11:28:41","guid":{"rendered":"https:\/\/help.jamk.fi\/opetustyokalut\/opetussovellukset\/"},"modified":"2025-02-17T13:21:13","modified_gmt":"2025-02-17T11:21:13","slug":"opetussovellukset","status":"publish","type":"page","link":"https:\/\/help.jamk.fi\/opetus\/fi\/opetussovellukset\/","title":{"rendered":"Opetusta monipuolistavat sovellukset"},"content":{"rendered":"\n<p>Verkossa on tarjolla paljon maksuttomia ja maksullisia opetusta monipuolistavia sovelluksia. Alla mainitut eiv\u00e4t ole Jamkin tarjoamia sovelluksia, joten lue sovellusten k\u00e4ytt\u00f6s\u00e4\u00e4nn\u00f6t ja huomioi tietosuoja n\u00e4it\u00e4 k\u00e4ytett\u00e4ess\u00e4. Maksullisten tuotteiden hankinnassa noudatamme hankintaohjetta.<\/p>\n\n\n\n<p><a href=\"https:\/\/jamkstudent.sharepoint.com\/sites\/jamk-m365-pelikirja\" target=\"_blank\" rel=\"noreferrer noopener nofollow\">Jamkin pelikirja M365-sovelluksiin on saatavilla intrassa.<\/a> K\u00e4yt\u00e4th\u00e4n ensisijaisesti Jamkissa tuettuja sovelluksia.<\/p>\n\n\n<div id=\"link-lifts-block_c9ad1346ce85f87af21b6cf6dc05a0e8\" class=\"link-lifts block-link-lifts\">\n  <div class=\"row\">\n            <div class=\"col-12 col-lg-4 block-link-lifts__column\">\n          <div class=\"block-link-lifts__item lilac\">\n            <h3 class=\"block-link-lifts__item--heading\">Kuviin ja videoihin<\/h3>\n                          <ul class=\"block-link-lifts__item--link-list\">\n                                                                        <li>\n                                              <a class=\"link-list\" href=\"https:\/\/www.thinglink.com\/\" target=\"_self\">Thinglink (interaktiiviset kuvat)<\/a>\n                                          <\/li>\n                                                                                          <li>\n                                              <a class=\"link-list\" href=\"https:\/\/www.canva.com\/\" target=\"_self\">Canva (infograafit)<\/a>\n                                          <\/li>\n                                                                                          <li>\n                                              <a class=\"link-list\" href=\"https:\/\/go.playposit.com\/\" target=\"_self\">Playposit (interaktiiviset  videot)<\/a>\n                                          <\/li>\n                                                                                          <li>\n                                              <a class=\"link-list\" href=\"https:\/\/www.powtoon.com\/\" target=\"_self\">Powtoon (&quot;explainer videot&quot;)<\/a>\n                                          <\/li>\n                                                <\/ul>\n            \n          <\/div>\n        <\/div>\n            <div class=\"col-12 col-lg-4 block-link-lifts__column\">\n          <div class=\"block-link-lifts__item lilac\">\n            <h3 class=\"block-link-lifts__item--heading\">Kyselyihin ja \u00e4\u00e4nestyksiin<\/h3>\n                          <ul class=\"block-link-lifts__item--link-list\">\n                                                                        <li>\n                                              <a class=\"link-list\" href=\"https:\/\/kahoot.com\/\" target=\"_self\">Kahoot (pelilliset kyselyt)<\/a>\n                                          <\/li>\n                                                                                          <li>\n                                              <a class=\"link-list\" href=\"https:\/\/www.mentimeter.com\/\" target=\"_self\">Mentimeter (interaktiivinen esitys)<\/a>\n                                          <\/li>\n                                                                                          <li>\n                                              <a class=\"link-list\" href=\"https:\/\/www.tricider.com\/;jsessionid=wZvgGEhNbBKQmseWkcv3DA\" target=\"_self\">Tricider (ideoiden ker\u00e4\u00e4minen ja \u00e4\u00e4nestys)<\/a>\n                                          <\/li>\n                                                                                          <li>\n                                              <a class=\"link-list\" href=\"https:\/\/www.socrative.com\/\" target=\"_self\">Socrative (kyselyt ja \u00e4\u00e4nestys)<\/a>\n                                          <\/li>\n                                                <\/ul>\n            \n          <\/div>\n        <\/div>\n            <div class=\"col-12 col-lg-4 block-link-lifts__column\">\n          <div class=\"block-link-lifts__item lilac\">\n            <h3 class=\"block-link-lifts__item--heading\">Yhteiseen tuottamiseen<\/h3>\n                          <ul class=\"block-link-lifts__item--link-list\">\n                                                                        <li>\n                                              <a class=\"link-list\" href=\"https:\/\/padlet.com\" target=\"_self\">Padlet (jaettu taulu esim. post-it-lapputy\u00f6skentelyyn<\/a>\n                                          <\/li>\n                                                                                          <li>\n                                              <a class=\"link-list\" href=\"https:\/\/en.linoit.com\/\" target=\"_self\">Linoit (jaettu taulu esim. post-it-lapputy\u00f6skentelyyn)<\/a>\n                                          <\/li>\n                                                                                          <li>\n                                              <a class=\"link-list\" href=\"https:\/\/miro.com\/\" target=\"_self\">Miro (monipuolinen jaettu valkotaulu)<\/a>\n                                          <\/li>\n                                                                                          <li>\n                                              <a class=\"link-list\" href=\"https:\/\/www.diigo.com\/\" target=\"_self\">Diigo (yhteis\u00f6llinen jaettu linkkikirjasto)<\/a>\n                                          <\/li>\n                                                                                          <li>\n                                              <a class=\"link-list\" href=\"https:\/\/www.mindomo.com\/\" target=\"_self\">Mindomo (k\u00e4sitekartat)<\/a>\n                                          <\/li>\n                                                <\/ul>\n            \n          <\/div>\n        <\/div>\n            <div class=\"col-12 col-lg-4 block-link-lifts__column\">\n          <div class=\"block-link-lifts__item lilac\">\n            <h3 class=\"block-link-lifts__item--heading\">Esityksiin<\/h3>\n                          <ul class=\"block-link-lifts__item--link-list\">\n                                                                        <li>\n                                              <a class=\"link-list\" href=\"https:\/\/prezi.com\/\" target=\"_self\">Prezi (esitysty\u00f6kalu)<\/a>\n                                          <\/li>\n                                                <\/ul>\n            \n          <\/div>\n        <\/div>\n            <div class=\"col-12 col-lg-4 block-link-lifts__column\">\n          <div class=\"block-link-lifts__item lilac\">\n            <h3 class=\"block-link-lifts__item--heading\">Muuta<\/h3>\n                          <ul class=\"block-link-lifts__item--link-list\">\n                                                                        <li>\n                                              <a class=\"link-list\" href=\"https:\/\/answergarden.ch\/\" target=\"_self\">Answergarden (sanapilvet)<\/a>\n                                          <\/li>\n                                                                                          <li>\n                                              <a class=\"link-list\" href=\"https:\/\/doodle.com\/en\/\" target=\"_self\">Doodle (ajan sopiminen)<\/a>\n                                          <\/li>\n                                                <\/ul>\n            \n          <\/div>\n        <\/div>\n      <\/div>\n<\/div>\n\n\n<h2 class=\"wp-block-heading\">\u00c4l\u00e4 unohda n\u00e4it\u00e4<\/h2>\n\n\n\n<ul class=\"wp-block-list\">\n<li>Moodlen H5P-aktiviteetti sis\u00e4lt\u00e4\u00e4 paljon erilaisia oppimista aktivoivia teht\u00e4v\u00e4tyyppej\u00e4 esimerkiksi interaktiivinen video. <\/li>\n\n\n\n<li>Valkotauluja l\u00f6yd\u00e4t my\u00f6s Moodlesta (Taulu-aktiviteetti), M365-palvelusta (Whiteboard) ja Zoomista.<\/li>\n<\/ul>\n\n\n\n<p><\/p>\n","protected":false},"excerpt":{"rendered":"<p>Verkossa on tarjolla paljon maksuttomia ja maksullisia opetusta monipuolistavia sovelluksia. Alla mainitut eiv\u00e4t ole Jamkin tarjoamia sovelluksia, joten lue sovellusten k\u00e4ytt\u00f6s\u00e4\u00e4nn\u00f6t ja huomioi tietosuoja n\u00e4it\u00e4 k\u00e4ytett\u00e4ess\u00e4. Maksullisten tuotteiden hankinnassa noudatamme hankintaohjetta. Jamkin pelikirja M365-sovelluksiin on saatavilla intrassa. K\u00e4yt\u00e4th\u00e4n ensisijaisesti Jamkissa tuettuja sovelluksia. \u00c4l\u00e4 unohda n\u00e4it\u00e4<\/p>\n","protected":false},"author":74,"featured_media":0,"parent":0,"menu_order":20,"comment_status":"closed","ping_status":"closed","template":"","meta":{"_acf_changed":false,"_relevanssi_hide_post":"","_relevanssi_hide_content":"","_relevanssi_pin_for_all":"","_relevanssi_pin_keywords":"","_relevanssi_unpin_keywords":"","_relevanssi_related_keywords":"","_relevanssi_related_include_ids":"","_relevanssi_related_exclude_ids":"","_relevanssi_related_no_append":"","_relevanssi_related_not_related":"","_relevanssi_related_posts":"","_relevanssi_noindex_reason":"","footnotes":""},"categories":[],"tags":[266,319],"class_list":["post-71","page","type-page","status-publish","hentry","tag-opetusteknologia","tag-sovelluksia-opetuksen-tueksi"],"acf":[],"yoast_head":"<!-- This site is optimized with the Yoast SEO plugin v27.5 - https:\/\/yoast.com\/product\/yoast-seo-wordpress\/ -->\n<title>Opetusta monipuolistavat sovellukset - Opetus<\/title>\n<meta name=\"description\" content=\"Luettelo joistain sovelluksista, joilla voi rikastaa ja monipuolistaa opetusta. Muista k\u00e4ytt\u00e4ess\u00e4si niiden tietoturvallinen k\u00e4ytt\u00f6.\" \/>\n<meta name=\"robots\" content=\"index, follow, max-snippet:-1, max-image-preview:large, max-video-preview:-1\" \/>\n<link rel=\"canonical\" href=\"https:\/\/help.jamk.fi\/opetus\/fi\/opetussovellukset\/\" \/>\n<meta property=\"og:locale\" content=\"fi_FI\" \/>\n<meta property=\"og:type\" content=\"article\" \/>\n<meta property=\"og:title\" content=\"Opetusta monipuolistavat sovellukset - Opetus\" \/>\n<meta property=\"og:description\" content=\"Luettelo joistain sovelluksista, joilla voi rikastaa ja monipuolistaa opetusta. Muista k\u00e4ytt\u00e4ess\u00e4si niiden tietoturvallinen k\u00e4ytt\u00f6.\" \/>\n<meta property=\"og:url\" content=\"https:\/\/help.jamk.fi\/opetus\/fi\/opetussovellukset\/\" \/>\n<meta property=\"og:site_name\" content=\"Opetus\" \/>\n<meta property=\"article:modified_time\" content=\"2025-02-17T11:21:13+00:00\" \/>\n<meta name=\"twitter:card\" content=\"summary_large_image\" \/>\n<meta name=\"twitter:label1\" content=\"Arvioitu lukuaika\" \/>\n\t<meta name=\"twitter:data1\" content=\"1 minuutti\" \/>\n<script type=\"application\/ld+json\" class=\"yoast-schema-graph\">{\"@context\":\"https:\\\/\\\/schema.org\",\"@graph\":[{\"@type\":\"WebPage\",\"@id\":\"https:\\\/\\\/help.jamk.fi\\\/opetus\\\/fi\\\/opetussovellukset\\\/\",\"url\":\"https:\\\/\\\/help.jamk.fi\\\/opetus\\\/fi\\\/opetussovellukset\\\/\",\"name\":\"Opetusta monipuolistavat sovellukset - Opetus\",\"isPartOf\":{\"@id\":\"https:\\\/\\\/help.jamk.fi\\\/opetus\\\/#website\"},\"datePublished\":\"2015-10-13T11:28:41+00:00\",\"dateModified\":\"2025-02-17T11:21:13+00:00\",\"description\":\"Luettelo joistain sovelluksista, joilla voi rikastaa ja monipuolistaa opetusta. Muista k\u00e4ytt\u00e4ess\u00e4si niiden tietoturvallinen k\u00e4ytt\u00f6.\",\"breadcrumb\":{\"@id\":\"https:\\\/\\\/help.jamk.fi\\\/opetus\\\/fi\\\/opetussovellukset\\\/#breadcrumb\"},\"inLanguage\":\"fi\",\"potentialAction\":[{\"@type\":\"ReadAction\",\"target\":[\"https:\\\/\\\/help.jamk.fi\\\/opetus\\\/fi\\\/opetussovellukset\\\/\"]}]},{\"@type\":\"BreadcrumbList\",\"@id\":\"https:\\\/\\\/help.jamk.fi\\\/opetus\\\/fi\\\/opetussovellukset\\\/#breadcrumb\",\"itemListElement\":[{\"@type\":\"ListItem\",\"position\":1,\"name\":\"Etusivu\",\"item\":\"https:\\\/\\\/help.jamk.fi\\\/opetus\\\/fi\\\/\"},{\"@type\":\"ListItem\",\"position\":2,\"name\":\"Opetusta monipuolistavat sovellukset\"}]},{\"@type\":\"WebSite\",\"@id\":\"https:\\\/\\\/help.jamk.fi\\\/opetus\\\/#website\",\"url\":\"https:\\\/\\\/help.jamk.fi\\\/opetus\\\/\",\"name\":\"Opetus\",\"description\":\"Opettajan ty\u00f6v\u00e4lineet\",\"potentialAction\":[{\"@type\":\"SearchAction\",\"target\":{\"@type\":\"EntryPoint\",\"urlTemplate\":\"https:\\\/\\\/help.jamk.fi\\\/opetus\\\/?s={search_term_string}\"},\"query-input\":{\"@type\":\"PropertyValueSpecification\",\"valueRequired\":true,\"valueName\":\"search_term_string\"}}],\"inLanguage\":\"fi\"}]}<\/script>\n<!-- \/ Yoast SEO plugin. -->","yoast_head_json":{"title":"Opetusta monipuolistavat sovellukset - Opetus","description":"Luettelo joistain sovelluksista, joilla voi rikastaa ja monipuolistaa opetusta. Muista k\u00e4ytt\u00e4ess\u00e4si niiden tietoturvallinen k\u00e4ytt\u00f6.","robots":{"index":"index","follow":"follow","max-snippet":"max-snippet:-1","max-image-preview":"max-image-preview:large","max-video-preview":"max-video-preview:-1"},"canonical":"https:\/\/help.jamk.fi\/opetus\/fi\/opetussovellukset\/","og_locale":"fi_FI","og_type":"article","og_title":"Opetusta monipuolistavat sovellukset - Opetus","og_description":"Luettelo joistain sovelluksista, joilla voi rikastaa ja monipuolistaa opetusta. Muista k\u00e4ytt\u00e4ess\u00e4si niiden tietoturvallinen k\u00e4ytt\u00f6.","og_url":"https:\/\/help.jamk.fi\/opetus\/fi\/opetussovellukset\/","og_site_name":"Opetus","article_modified_time":"2025-02-17T11:21:13+00:00","twitter_card":"summary_large_image","twitter_misc":{"Arvioitu lukuaika":"1 minuutti"},"schema":{"@context":"https:\/\/schema.org","@graph":[{"@type":"WebPage","@id":"https:\/\/help.jamk.fi\/opetus\/fi\/opetussovellukset\/","url":"https:\/\/help.jamk.fi\/opetus\/fi\/opetussovellukset\/","name":"Opetusta monipuolistavat sovellukset - Opetus","isPartOf":{"@id":"https:\/\/help.jamk.fi\/opetus\/#website"},"datePublished":"2015-10-13T11:28:41+00:00","dateModified":"2025-02-17T11:21:13+00:00","description":"Luettelo joistain sovelluksista, joilla voi rikastaa ja monipuolistaa opetusta. Muista k\u00e4ytt\u00e4ess\u00e4si niiden tietoturvallinen k\u00e4ytt\u00f6.","breadcrumb":{"@id":"https:\/\/help.jamk.fi\/opetus\/fi\/opetussovellukset\/#breadcrumb"},"inLanguage":"fi","potentialAction":[{"@type":"ReadAction","target":["https:\/\/help.jamk.fi\/opetus\/fi\/opetussovellukset\/"]}]},{"@type":"BreadcrumbList","@id":"https:\/\/help.jamk.fi\/opetus\/fi\/opetussovellukset\/#breadcrumb","itemListElement":[{"@type":"ListItem","position":1,"name":"Etusivu","item":"https:\/\/help.jamk.fi\/opetus\/fi\/"},{"@type":"ListItem","position":2,"name":"Opetusta monipuolistavat sovellukset"}]},{"@type":"WebSite","@id":"https:\/\/help.jamk.fi\/opetus\/#website","url":"https:\/\/help.jamk.fi\/opetus\/","name":"Opetus","description":"Opettajan ty\u00f6v\u00e4lineet","potentialAction":[{"@type":"SearchAction","target":{"@type":"EntryPoint","urlTemplate":"https:\/\/help.jamk.fi\/opetus\/?s={search_term_string}"},"query-input":{"@type":"PropertyValueSpecification","valueRequired":true,"valueName":"search_term_string"}}],"inLanguage":"fi"}]}},"_links":{"self":[{"href":"https:\/\/help.jamk.fi\/opetus\/wp-json\/wp\/v2\/pages\/71","targetHints":{"allow":["GET"]}}],"collection":[{"href":"https:\/\/help.jamk.fi\/opetus\/wp-json\/wp\/v2\/pages"}],"about":[{"href":"https:\/\/help.jamk.fi\/opetus\/wp-json\/wp\/v2\/types\/page"}],"author":[{"embeddable":true,"href":"https:\/\/help.jamk.fi\/opetus\/wp-json\/wp\/v2\/users\/74"}],"replies":[{"embeddable":true,"href":"https:\/\/help.jamk.fi\/opetus\/wp-json\/wp\/v2\/comments?post=71"}],"version-history":[{"count":21,"href":"https:\/\/help.jamk.fi\/opetus\/wp-json\/wp\/v2\/pages\/71\/revisions"}],"predecessor-version":[{"id":2090,"href":"https:\/\/help.jamk.fi\/opetus\/wp-json\/wp\/v2\/pages\/71\/revisions\/2090"}],"wp:attachment":[{"href":"https:\/\/help.jamk.fi\/opetus\/wp-json\/wp\/v2\/media?parent=71"}],"wp:term":[{"taxonomy":"category","embeddable":true,"href":"https:\/\/help.jamk.fi\/opetus\/wp-json\/wp\/v2\/categories?post=71"},{"taxonomy":"post_tag","embeddable":true,"href":"https:\/\/help.jamk.fi\/opetus\/wp-json\/wp\/v2\/tags?post=71"}],"curies":[{"name":"wp","href":"https:\/\/api.w.org\/{rel}","templated":true}]}}