{"id":74,"date":"2015-10-08T10:43:03","date_gmt":"2015-10-08T07:43:03","guid":{"rendered":"https:\/\/help.jamk.fi\/opetustyokalut\/etusivu\/"},"modified":"2026-01-08T13:07:07","modified_gmt":"2026-01-08T11:07:07","slug":"etusivu","status":"publish","type":"page","link":"https:\/\/help.jamk.fi\/opetus\/fi\/","title":{"rendered":"Opetus"},"content":{"rendered":"<div id=\"link-lifts-block_5ac2bc8893fa34e9b1c013651401b109\" class=\"link-lifts block-link-lifts\">\n  <div class=\"row\">\n            <div class=\"col-12 col-lg-4 block-link-lifts__column\">\n          <div class=\"block-link-lifts__item lilac\">\n            <h3 class=\"block-link-lifts__item--heading\">Opintojaksot<\/h3>\n                          <ul class=\"block-link-lifts__item--link-list\">\n                                                                        <li>\n                                              <a class=\"link-list\" href=\"https:\/\/help.jamk.fi\/opetus\/fi\/yhteinen-suunnittelu-ja-tuottaminen\/\" target=\"_self\">Yhteinen suunnittelu ja tuottaminen<\/a>\n                                          <\/li>\n                                                                                          <li>\n                                              <a class=\"link-list\" href=\"https:\/\/help.jamk.fi\/moodle\/fi\/\" target=\"_self\">Moodle-ohjeet opettajalle<\/a>\n                                          <\/li>\n                                                                                          <li>\n                                              <a class=\"link-list\" href=\"https:\/\/help.jamk.fi\/peppi-ohjeet-henkilokunnalle\/fi\/\" target=\"_self\">Peppi-ohjeet henkil\u00f6st\u00f6lle<\/a>\n                                          <\/li>\n                                                                                          <li>\n                                              <a class=\"link-list\" href=\"https:\/\/help.jamk.fi\/opetus\/fi\/laatukriteerit\/\" target=\"_self\">Hy\u00f6dynn\u00e4 laatukriteereit\u00e4<\/a>\n                                          <\/li>\n                                                <\/ul>\n            \n          <\/div>\n        <\/div>\n            <div class=\"col-12 col-lg-4 block-link-lifts__column\">\n          <div class=\"block-link-lifts__item lilac\">\n            <h3 class=\"block-link-lifts__item--heading\">Verkkotapaamiset<\/h3>\n                          <ul class=\"block-link-lifts__item--link-list\">\n                                                                        <li>\n                                              <a class=\"link-list\" href=\"https:\/\/help.jamk.fi\/zoom\/fi\/\" target=\"_self\">Ohjeita ja vinkkej\u00e4 Zoomin k\u00e4ytt\u00f6\u00f6n<\/a>\n                                          <\/li>\n                                                                                          <li>\n                                              <a class=\"link-list\" href=\"https:\/\/help.jamk.fi\/opetus\/fi\/bookings\/\" target=\"_self\">Bookings-ajanvarauskalenterin k\u00e4ytt\u00f6\u00f6notto<\/a>\n                                          <\/li>\n                                                <\/ul>\n            \n          <\/div>\n        <\/div>\n            <div class=\"col-12 col-lg-4 block-link-lifts__column\">\n          <div class=\"block-link-lifts__item lilac\">\n            <h3 class=\"block-link-lifts__item--heading\">Tenttiminen<\/h3>\n                          <ul class=\"block-link-lifts__item--link-list\">\n                                                                        <li>\n                                              <a class=\"link-list\" href=\"https:\/\/help.jamk.fi\/opetus\/fi\/etatenttiohje\/\" target=\"_self\">Et\u00e4tenttiohje<\/a>\n                                          <\/li>\n                                                                                          <li>\n                                              <a class=\"link-list\" href=\"https:\/\/help.jamk.fi\/exam\/fi\/\" target=\"_self\">Jamkin Exam ohjeet<\/a>\n                                          <\/li>\n                                                <\/ul>\n            \n          <\/div>\n        <\/div>\n            <div class=\"col-12 col-lg-4 block-link-lifts__column\">\n          <div class=\"block-link-lifts__item lilac\">\n            <h3 class=\"block-link-lifts__item--heading\">Tekij\u00e4noikeus ja k\u00e4ytt\u00f6oikeudet<\/h3>\n                          <ul class=\"block-link-lifts__item--link-list\">\n                                                                        <li>\n                                              <a class=\"link-list external\" href=\"https:\/\/www.opettajantekijanoikeus.fi\/\" target=\"_blank\" aria-label=\"Avautuu uuteen v\u00e4lilehteen\" >Opettajan opas tekij\u00e4noikeuksiin<i  ><svg aria-hidden=\"true\" viewBox=\"0 0 12 12\" fill=\"none\" xmlns=\"http:\/\/www.w3.org\/2000\/svg\"><path d=\"M9.23 11.17H.77V1.83h4.615V1H0v11h10V6.189h-.77v4.98z\" fill=\"#fff\"\/><path d=\"M7.002 0v.833h3.576L4 7.411 4.589 8l6.578-6.578v3.576H12V0H7.002z\" fill=\"#fff\"\/><\/svg><\/i><\/a>\n                                          <\/li>\n                                                                                          <li>\n                                              <a class=\"link-list external\" href=\"https:\/\/help.jamk.fi\/opetus\/fi\/materiaalin-tuotanto\/creative-commons\/\" target=\"_blank\" aria-label=\"Avautuu uuteen v\u00e4lilehteen\" >Creative Commons -lisenssit<i  ><svg aria-hidden=\"true\" viewBox=\"0 0 12 12\" fill=\"none\" xmlns=\"http:\/\/www.w3.org\/2000\/svg\"><path d=\"M9.23 11.17H.77V1.83h4.615V1H0v11h10V6.189h-.77v4.98z\" fill=\"#fff\"\/><path d=\"M7.002 0v.833h3.576L4 7.411 4.589 8l6.578-6.578v3.576H12V0H7.002z\" fill=\"#fff\"\/><\/svg><\/i><\/a>\n                                          <\/li>\n                                                <\/ul>\n            \n          <\/div>\n        <\/div>\n            <div class=\"col-12 col-lg-4 block-link-lifts__column\">\n          <div class=\"block-link-lifts__item lilac\">\n            <h3 class=\"block-link-lifts__item--heading\">Video opetuksessa<\/h3>\n                          <ul class=\"block-link-lifts__item--link-list\">\n                                                                        <li>\n                                              <a class=\"link-list\" href=\"https:\/\/help.jamk.fi\/panopto\/fi\/\" target=\"_self\">Ohjeet Panopton k\u00e4ytt\u00f6\u00f6n<\/a>\n                                          <\/li>\n                                                                                          <li>\n                                              <a class=\"link-list\" href=\"https:\/\/help.jamk.fi\/opetus\/fi\/jamkin-videokuvauspalvelut\/video-opetuksessa\/\" target=\"_self\">Video opetuksessa<\/a>\n                                          <\/li>\n                                                                                          <li>\n                                              <a class=\"link-list\" href=\"https:\/\/help.jamk.fi\/digikeskus\/fi\/\" target=\"_self\">Digikeskus<\/a>\n                                          <\/li>\n                                                <\/ul>\n            \n          <\/div>\n        <\/div>\n            <div class=\"col-12 col-lg-4 block-link-lifts__column\">\n          <div class=\"block-link-lifts__item lilac\">\n            <h3 class=\"block-link-lifts__item--heading\">Esitystekniikka opetuksessa<\/h3>\n                          <ul class=\"block-link-lifts__item--link-list\">\n                                                                        <li>\n                                              <a class=\"link-list\" href=\"https:\/\/help.jamk.fi\/opetus\/fi\/esitystekniikka-opetuksessa\/opetustilojen-kaytosta-yleisesti\/\" target=\"_self\">Opetustilojen esitystekniikoista ja k\u00e4yt\u00f6st\u00e4 yleisesti<\/a>\n                                          <\/li>\n                                                                                          <li>\n                                              <a class=\"link-list\" href=\"https:\/\/help.jamk.fi\/opetus\/fi\/esitystekniikka-opetuksessa\/monimuoto-opetustilat\/\" target=\"_self\">Monimuoto-opetustilat<\/a>\n                                          <\/li>\n                                                                                          <li>\n                                              <a class=\"link-list\" href=\"https:\/\/help.jamk.fi\/opetus\/fi\/esitystekniikka-opetuksessa\/kuvan-jako-windowsista-esityslaitteelle\/\" target=\"_self\">N\u00e4yt\u00f6n jako Windowsista esityslaitteelle<\/a>\n                                          <\/li>\n                                                <\/ul>\n            \n          <\/div>\n        <\/div>\n      <\/div>\n<\/div>\n\n<div id=\"contact-card-block_eba4293246ade854a3813f14e644ed68\" class=\"contact-card block-contact-card\">\n  <div class=\"row\">\n      <\/div>\n<\/div>","protected":false},"excerpt":{"rendered":"","protected":false},"author":73,"featured_media":0,"parent":0,"menu_order":0,"comment_status":"closed","ping_status":"open","template":"templates\/template-full-width.php","meta":{"_acf_changed":false,"_relevanssi_hide_post":"","_relevanssi_hide_content":"","_relevanssi_pin_for_all":"","_relevanssi_pin_keywords":"","_relevanssi_unpin_keywords":"","_relevanssi_related_keywords":"","_relevanssi_related_include_ids":"","_relevanssi_related_exclude_ids":"","_relevanssi_related_no_append":"","_relevanssi_related_not_related":"","_relevanssi_related_posts":"535","_relevanssi_noindex_reason":"","footnotes":""},"categories":[],"tags":[274,272,270,266],"class_list":["post-74","page","type-page","status-publish","hentry","tag-koulutusteknologia","tag-opettaminen","tag-opetus","tag-opetusteknologia"],"acf":[],"yoast_head":"<!-- This site is optimized with the Yoast SEO plugin v27.4 - https:\/\/yoast.com\/product\/yoast-seo-wordpress\/ -->\n<title>Opetus - Opetus<\/title>\n<meta name=\"description\" content=\"Ohjeita ja vinkkej\u00e4 Jyv\u00e4skyl\u00e4n ammattikorkeakoulun opettajalle opetuksen tueksi.\" \/>\n<meta name=\"robots\" content=\"index, follow, max-snippet:-1, max-image-preview:large, max-video-preview:-1\" \/>\n<link rel=\"canonical\" href=\"https:\/\/help.jamk.fi\/opetus\/fi\/\" \/>\n<meta property=\"og:locale\" content=\"fi_FI\" \/>\n<meta property=\"og:type\" content=\"article\" \/>\n<meta property=\"og:title\" content=\"Opetus - Opetus\" \/>\n<meta property=\"og:description\" content=\"Ohjeita ja vinkkej\u00e4 Jyv\u00e4skyl\u00e4n ammattikorkeakoulun opettajalle opetuksen tueksi.\" \/>\n<meta property=\"og:url\" content=\"https:\/\/help.jamk.fi\/opetus\/fi\/\" \/>\n<meta property=\"og:site_name\" content=\"Opetus\" \/>\n<meta property=\"article:modified_time\" content=\"2026-01-08T11:07:07+00:00\" \/>\n<meta name=\"twitter:card\" content=\"summary_large_image\" \/>\n<script type=\"application\/ld+json\" class=\"yoast-schema-graph\">{\"@context\":\"https:\\\/\\\/schema.org\",\"@graph\":[{\"@type\":\"WebPage\",\"@id\":\"https:\\\/\\\/help.jamk.fi\\\/opetus\\\/fi\\\/\",\"url\":\"https:\\\/\\\/help.jamk.fi\\\/opetus\\\/fi\\\/\",\"name\":\"Opetus - Opetus\",\"isPartOf\":{\"@id\":\"https:\\\/\\\/help.jamk.fi\\\/opetus\\\/#website\"},\"datePublished\":\"2015-10-08T07:43:03+00:00\",\"dateModified\":\"2026-01-08T11:07:07+00:00\",\"description\":\"Ohjeita ja vinkkej\u00e4 Jyv\u00e4skyl\u00e4n ammattikorkeakoulun opettajalle opetuksen tueksi.\",\"breadcrumb\":{\"@id\":\"https:\\\/\\\/help.jamk.fi\\\/opetus\\\/fi\\\/#breadcrumb\"},\"inLanguage\":\"fi\",\"potentialAction\":[{\"@type\":\"ReadAction\",\"target\":[\"https:\\\/\\\/help.jamk.fi\\\/opetus\\\/fi\\\/\"]}]},{\"@type\":\"BreadcrumbList\",\"@id\":\"https:\\\/\\\/help.jamk.fi\\\/opetus\\\/fi\\\/#breadcrumb\",\"itemListElement\":[{\"@type\":\"ListItem\",\"position\":1,\"name\":\"Etusivu\",\"item\":\"https:\\\/\\\/help.jamk.fi\\\/opetus\\\/fi\\\/\"},{\"@type\":\"ListItem\",\"position\":2,\"name\":\"Opetus\"}]},{\"@type\":\"WebSite\",\"@id\":\"https:\\\/\\\/help.jamk.fi\\\/opetus\\\/#website\",\"url\":\"https:\\\/\\\/help.jamk.fi\\\/opetus\\\/\",\"name\":\"Opetus\",\"description\":\"Opettajan ty\u00f6v\u00e4lineet\",\"potentialAction\":[{\"@type\":\"SearchAction\",\"target\":{\"@type\":\"EntryPoint\",\"urlTemplate\":\"https:\\\/\\\/help.jamk.fi\\\/opetus\\\/?s={search_term_string}\"},\"query-input\":{\"@type\":\"PropertyValueSpecification\",\"valueRequired\":true,\"valueName\":\"search_term_string\"}}],\"inLanguage\":\"fi\"}]}<\/script>\n<!-- \/ Yoast SEO plugin. -->","yoast_head_json":{"title":"Opetus - Opetus","description":"Ohjeita ja vinkkej\u00e4 Jyv\u00e4skyl\u00e4n ammattikorkeakoulun opettajalle opetuksen tueksi.","robots":{"index":"index","follow":"follow","max-snippet":"max-snippet:-1","max-image-preview":"max-image-preview:large","max-video-preview":"max-video-preview:-1"},"canonical":"https:\/\/help.jamk.fi\/opetus\/fi\/","og_locale":"fi_FI","og_type":"article","og_title":"Opetus - Opetus","og_description":"Ohjeita ja vinkkej\u00e4 Jyv\u00e4skyl\u00e4n ammattikorkeakoulun opettajalle opetuksen tueksi.","og_url":"https:\/\/help.jamk.fi\/opetus\/fi\/","og_site_name":"Opetus","article_modified_time":"2026-01-08T11:07:07+00:00","twitter_card":"summary_large_image","schema":{"@context":"https:\/\/schema.org","@graph":[{"@type":"WebPage","@id":"https:\/\/help.jamk.fi\/opetus\/fi\/","url":"https:\/\/help.jamk.fi\/opetus\/fi\/","name":"Opetus - Opetus","isPartOf":{"@id":"https:\/\/help.jamk.fi\/opetus\/#website"},"datePublished":"2015-10-08T07:43:03+00:00","dateModified":"2026-01-08T11:07:07+00:00","description":"Ohjeita ja vinkkej\u00e4 Jyv\u00e4skyl\u00e4n ammattikorkeakoulun opettajalle opetuksen tueksi.","breadcrumb":{"@id":"https:\/\/help.jamk.fi\/opetus\/fi\/#breadcrumb"},"inLanguage":"fi","potentialAction":[{"@type":"ReadAction","target":["https:\/\/help.jamk.fi\/opetus\/fi\/"]}]},{"@type":"BreadcrumbList","@id":"https:\/\/help.jamk.fi\/opetus\/fi\/#breadcrumb","itemListElement":[{"@type":"ListItem","position":1,"name":"Etusivu","item":"https:\/\/help.jamk.fi\/opetus\/fi\/"},{"@type":"ListItem","position":2,"name":"Opetus"}]},{"@type":"WebSite","@id":"https:\/\/help.jamk.fi\/opetus\/#website","url":"https:\/\/help.jamk.fi\/opetus\/","name":"Opetus","description":"Opettajan ty\u00f6v\u00e4lineet","potentialAction":[{"@type":"SearchAction","target":{"@type":"EntryPoint","urlTemplate":"https:\/\/help.jamk.fi\/opetus\/?s={search_term_string}"},"query-input":{"@type":"PropertyValueSpecification","valueRequired":true,"valueName":"search_term_string"}}],"inLanguage":"fi"}]}},"_links":{"self":[{"href":"https:\/\/help.jamk.fi\/opetus\/wp-json\/wp\/v2\/pages\/74","targetHints":{"allow":["GET"]}}],"collection":[{"href":"https:\/\/help.jamk.fi\/opetus\/wp-json\/wp\/v2\/pages"}],"about":[{"href":"https:\/\/help.jamk.fi\/opetus\/wp-json\/wp\/v2\/types\/page"}],"author":[{"embeddable":true,"href":"https:\/\/help.jamk.fi\/opetus\/wp-json\/wp\/v2\/users\/73"}],"replies":[{"embeddable":true,"href":"https:\/\/help.jamk.fi\/opetus\/wp-json\/wp\/v2\/comments?post=74"}],"version-history":[{"count":128,"href":"https:\/\/help.jamk.fi\/opetus\/wp-json\/wp\/v2\/pages\/74\/revisions"}],"predecessor-version":[{"id":2359,"href":"https:\/\/help.jamk.fi\/opetus\/wp-json\/wp\/v2\/pages\/74\/revisions\/2359"}],"wp:attachment":[{"href":"https:\/\/help.jamk.fi\/opetus\/wp-json\/wp\/v2\/media?parent=74"}],"wp:term":[{"taxonomy":"category","embeddable":true,"href":"https:\/\/help.jamk.fi\/opetus\/wp-json\/wp\/v2\/categories?post=74"},{"taxonomy":"post_tag","embeddable":true,"href":"https:\/\/help.jamk.fi\/opetus\/wp-json\/wp\/v2\/tags?post=74"}],"curies":[{"name":"wp","href":"https:\/\/api.w.org\/{rel}","templated":true}]}}