{"id":86,"date":"2015-10-12T08:00:20","date_gmt":"2015-10-12T05:00:20","guid":{"rendered":"https:\/\/help.jamk.fi\/opetustyokalut\/video-opetuksessa\/"},"modified":"2024-01-23T14:49:08","modified_gmt":"2024-01-23T12:49:08","slug":"video-opetuksessa","status":"publish","type":"page","link":"https:\/\/help.jamk.fi\/opetus\/fi\/materiaalin-tuotanto\/video-opetuksessa\/","title":{"rendered":"Video opetuksessa"},"content":{"rendered":"\n<p>Videota voi hy\u00f6dynt\u00e4\u00e4 opetuksessa esim. seuraavilla tavoilla:<\/p>\n\n\n\n<ul class=\"wp-block-list\">\n<li>luentotallenteet ja\/tai luentojen suorat videol\u00e4hetykset<\/li>\n\n\n\n<li>itse tuotetut videoleikkeet osana verkko-oppimateriaalia<\/li>\n\n\n\n<li>dokumentit, lyhyet videoleikkeet ja elokuvat havainnollistajana ja opetuskeskustelujen pohjustajana<\/li>\n\n\n\n<li>videomuotoinen oppimisp\u00e4iv\u00e4kirja<\/li>\n\n\n\n<li>videomuotoinen palaute opiskelijoille<\/li>\n\n\n\n<li>videoiden tekeminen oppimismuotona (viestint\u00e4, taide, ilmaisu, kerronta, opinn\u00e4yte)<\/li>\n\n\n\n<li>videomuotoiset k\u00e4ytt\u00f6oppaat ja -ohjeet<\/li>\n\n\n\n<li>tarkkailu, tutkimus ja havainnointi (esim. opetusn\u00e4ytteet, erilaiset suoritteet)<\/li>\n\n\n\n<li>videomuotoiset teaserit, joissa mainostetaan tulevia koulutuksia<\/li>\n<\/ul>\n\n\n\n<h2 class=\"wp-block-heading\">V\u00e4lineit\u00e4 ja tapoja valitessa&nbsp;on syyt\u00e4 huomioida:<\/h2>\n\n\n\n<ul class=\"wp-block-list\">\n<li><strong>Miksi:<\/strong> Mit\u00e4 halutaan saavuttaa, tavoitteet ja viesti?<\/li>\n\n\n\n<li><strong>Aika:<\/strong> Reaaliaikaista vai ajasta ja paikasta riippumatonta viestint\u00e4\u00e4?<\/li>\n\n\n\n<li><strong>Vuorovaikutus:<\/strong> Yksi- vai kaksisuuntaista viestint\u00e4\u00e4?<\/li>\n\n\n\n<li><strong>Avoimuus:<\/strong> Tarkoitettu kaikille vai rajatulle kohderyhm\u00e4lle?<\/li>\n\n\n\n<li><strong>Kenelle:<\/strong> Kuka on videon katsoja, kohderyhm\u00e4?<\/li>\n\n\n\n<li><strong>Kuka:<\/strong> Kuka k\u00e4sikirjoittaa, tuottaa, kuvaa, editoi ja julkaisee?<\/li>\n\n\n\n<li><strong>Luvat:<\/strong> Tekij\u00e4noikeuksien huomioiminen, sopimukset, k\u00e4ytt\u00f6oikeudet.<\/li>\n\n\n\n<li><strong>Miten:<\/strong> Tuotannon ja julkaisun aikataulu.<\/li>\n\n\n\n<li><strong>Minne:<\/strong> Miss\u00e4 julkaistaan, jakelukanavat?<\/li>\n\n\n\n<li><strong>Milloin<\/strong>: Videon elinkaari, ts. &#8221;parasta ennen&#8221; -p\u00e4iv\u00e4m\u00e4\u00e4r\u00e4<\/li>\n<\/ul>\n\n\n<div id=\"link-lifts-block_dc1b61ffdf5fcc68da63ca4b8a39c0e2\" class=\"link-lifts block-link-lifts\">\n  <div class=\"row\">\n            <div class=\"col-12 col-lg-4 block-link-lifts__column\">\n          <div class=\"block-link-lifts__item lilac\">\n            <h3 class=\"block-link-lifts__item--heading\">Videomateriaaleihin liittyvi\u00e4 lis\u00e4tietoja<\/h3>\n                          <ul class=\"block-link-lifts__item--link-list\">\n                                                                        <li>\n                                              <a class=\"link-list\" href=\"https:\/\/help.jamk.fi\/digikeskus\/fi\/\" target=\"_self\">Jamkin Digikeskus henkil\u00f6st\u00f6lle<\/a>\n                                          <\/li>\n                                                                                          <li>\n                                              <a class=\"link-list\" href=\"https:\/\/intra.jamk.fi\/opiskelijat\/ohjaus-ja-tuki\/av-palvelut\/Sivut\/Kuvausajan%20varaaminen%20ja%20tarvittavat%20tiedot.aspx\" target=\"_self\">Videokuvauspalvelun tilaus paikan p\u00e4\u00e4lle (vaatii kirjautumisen Jamkin intraan)<\/a>\n                                          <\/li>\n                                                                                          <li>\n                                              <a class=\"link-list\" href=\"https:\/\/help.jamk.fi\/panopto\/fi\/\" target=\"_self\">Ohjeita Panopto palvelun k\u00e4ytt\u00f6\u00f6n<\/a>\n                                          <\/li>\n                                                                                          <li>\n                                              <a class=\"link-list\" href=\"https:\/\/help.jamk.fi\/panopto\/fi\/opettajalle\/panopto-ja-moodle\/\" target=\"_self\">Videot oppimisteht\u00e4v\u00e4n\u00e4 (tekninen ohje)<\/a>\n                                          <\/li>\n                                                                                          <li>\n                                              <a class=\"link-list\" href=\"https:\/\/help.jamk.fi\/panopto\/fi\/opettajalle\/panopto-ja-moodle\/\" target=\"_self\">Tuntitallenne Zoomista Moodleen (tekninen ohje)<\/a>\n                                          <\/li>\n                                                <\/ul>\n            \n          <\/div>\n        <\/div>\n      <\/div>\n<\/div>\n\n\n<p><\/p>\n","protected":false},"excerpt":{"rendered":"<p>Videota voi hy\u00f6dynt\u00e4\u00e4 opetuksessa esim. seuraavilla tavoilla: V\u00e4lineit\u00e4 ja tapoja valitessa&nbsp;on syyt\u00e4 huomioida:<\/p>\n","protected":false},"author":74,"featured_media":0,"parent":294,"menu_order":15,"comment_status":"closed","ping_status":"closed","template":"","meta":{"_acf_changed":false,"_relevanssi_hide_post":"","_relevanssi_hide_content":"","_relevanssi_pin_for_all":"","_relevanssi_pin_keywords":"","_relevanssi_unpin_keywords":"","_relevanssi_related_keywords":"","_relevanssi_related_include_ids":"","_relevanssi_related_exclude_ids":"","_relevanssi_related_no_append":"","_relevanssi_related_not_related":"","_relevanssi_related_posts":"","_relevanssi_noindex_reason":"","footnotes":""},"categories":[],"tags":[146],"class_list":["post-86","page","type-page","status-publish","hentry","tag-video"],"acf":[],"yoast_head":"<!-- This site is optimized with the Yoast SEO plugin v27.4 - https:\/\/yoast.com\/product\/yoast-seo-wordpress\/ -->\n<title>Video opetuksessa - Opetus<\/title>\n<meta name=\"robots\" content=\"index, follow, max-snippet:-1, max-image-preview:large, max-video-preview:-1\" \/>\n<link rel=\"canonical\" href=\"https:\/\/help.jamk.fi\/opetus\/fi\/materiaalin-tuotanto\/video-opetuksessa\/\" \/>\n<meta property=\"og:locale\" content=\"fi_FI\" \/>\n<meta property=\"og:type\" content=\"article\" \/>\n<meta property=\"og:title\" content=\"Video opetuksessa - Opetus\" \/>\n<meta property=\"og:description\" content=\"Videota voi hy\u00f6dynt\u00e4\u00e4 opetuksessa esim. seuraavilla tavoilla: V\u00e4lineit\u00e4 ja tapoja valitessa&nbsp;on syyt\u00e4 huomioida:\" \/>\n<meta property=\"og:url\" content=\"https:\/\/help.jamk.fi\/opetus\/fi\/materiaalin-tuotanto\/video-opetuksessa\/\" \/>\n<meta property=\"og:site_name\" content=\"Opetus\" \/>\n<meta property=\"article:modified_time\" content=\"2024-01-23T12:49:08+00:00\" \/>\n<meta name=\"twitter:card\" content=\"summary_large_image\" \/>\n<meta name=\"twitter:label1\" content=\"Arvioitu lukuaika\" \/>\n\t<meta name=\"twitter:data1\" content=\"1 minuutti\" \/>\n<script type=\"application\/ld+json\" class=\"yoast-schema-graph\">{\"@context\":\"https:\\\/\\\/schema.org\",\"@graph\":[{\"@type\":\"WebPage\",\"@id\":\"https:\\\/\\\/help.jamk.fi\\\/opetus\\\/fi\\\/materiaalin-tuotanto\\\/video-opetuksessa\\\/\",\"url\":\"https:\\\/\\\/help.jamk.fi\\\/opetus\\\/fi\\\/materiaalin-tuotanto\\\/video-opetuksessa\\\/\",\"name\":\"Video opetuksessa - Opetus\",\"isPartOf\":{\"@id\":\"https:\\\/\\\/help.jamk.fi\\\/opetus\\\/#website\"},\"datePublished\":\"2015-10-12T05:00:20+00:00\",\"dateModified\":\"2024-01-23T12:49:08+00:00\",\"breadcrumb\":{\"@id\":\"https:\\\/\\\/help.jamk.fi\\\/opetus\\\/fi\\\/materiaalin-tuotanto\\\/video-opetuksessa\\\/#breadcrumb\"},\"inLanguage\":\"fi\",\"potentialAction\":[{\"@type\":\"ReadAction\",\"target\":[\"https:\\\/\\\/help.jamk.fi\\\/opetus\\\/fi\\\/materiaalin-tuotanto\\\/video-opetuksessa\\\/\"]}]},{\"@type\":\"BreadcrumbList\",\"@id\":\"https:\\\/\\\/help.jamk.fi\\\/opetus\\\/fi\\\/materiaalin-tuotanto\\\/video-opetuksessa\\\/#breadcrumb\",\"itemListElement\":[{\"@type\":\"ListItem\",\"position\":1,\"name\":\"Etusivu\",\"item\":\"https:\\\/\\\/help.jamk.fi\\\/opetus\\\/fi\\\/\"},{\"@type\":\"ListItem\",\"position\":2,\"name\":\"Oppimateriaalit\",\"item\":\"https:\\\/\\\/help.jamk.fi\\\/opetus\\\/fi\\\/materiaalin-tuotanto\\\/\"},{\"@type\":\"ListItem\",\"position\":3,\"name\":\"Video opetuksessa\"}]},{\"@type\":\"WebSite\",\"@id\":\"https:\\\/\\\/help.jamk.fi\\\/opetus\\\/#website\",\"url\":\"https:\\\/\\\/help.jamk.fi\\\/opetus\\\/\",\"name\":\"Opetus\",\"description\":\"Opettajan ty\u00f6v\u00e4lineet\",\"potentialAction\":[{\"@type\":\"SearchAction\",\"target\":{\"@type\":\"EntryPoint\",\"urlTemplate\":\"https:\\\/\\\/help.jamk.fi\\\/opetus\\\/?s={search_term_string}\"},\"query-input\":{\"@type\":\"PropertyValueSpecification\",\"valueRequired\":true,\"valueName\":\"search_term_string\"}}],\"inLanguage\":\"fi\"}]}<\/script>\n<!-- \/ Yoast SEO plugin. -->","yoast_head_json":{"title":"Video opetuksessa - Opetus","robots":{"index":"index","follow":"follow","max-snippet":"max-snippet:-1","max-image-preview":"max-image-preview:large","max-video-preview":"max-video-preview:-1"},"canonical":"https:\/\/help.jamk.fi\/opetus\/fi\/materiaalin-tuotanto\/video-opetuksessa\/","og_locale":"fi_FI","og_type":"article","og_title":"Video opetuksessa - Opetus","og_description":"Videota voi hy\u00f6dynt\u00e4\u00e4 opetuksessa esim. seuraavilla tavoilla: V\u00e4lineit\u00e4 ja tapoja valitessa&nbsp;on syyt\u00e4 huomioida:","og_url":"https:\/\/help.jamk.fi\/opetus\/fi\/materiaalin-tuotanto\/video-opetuksessa\/","og_site_name":"Opetus","article_modified_time":"2024-01-23T12:49:08+00:00","twitter_card":"summary_large_image","twitter_misc":{"Arvioitu lukuaika":"1 minuutti"},"schema":{"@context":"https:\/\/schema.org","@graph":[{"@type":"WebPage","@id":"https:\/\/help.jamk.fi\/opetus\/fi\/materiaalin-tuotanto\/video-opetuksessa\/","url":"https:\/\/help.jamk.fi\/opetus\/fi\/materiaalin-tuotanto\/video-opetuksessa\/","name":"Video opetuksessa - Opetus","isPartOf":{"@id":"https:\/\/help.jamk.fi\/opetus\/#website"},"datePublished":"2015-10-12T05:00:20+00:00","dateModified":"2024-01-23T12:49:08+00:00","breadcrumb":{"@id":"https:\/\/help.jamk.fi\/opetus\/fi\/materiaalin-tuotanto\/video-opetuksessa\/#breadcrumb"},"inLanguage":"fi","potentialAction":[{"@type":"ReadAction","target":["https:\/\/help.jamk.fi\/opetus\/fi\/materiaalin-tuotanto\/video-opetuksessa\/"]}]},{"@type":"BreadcrumbList","@id":"https:\/\/help.jamk.fi\/opetus\/fi\/materiaalin-tuotanto\/video-opetuksessa\/#breadcrumb","itemListElement":[{"@type":"ListItem","position":1,"name":"Etusivu","item":"https:\/\/help.jamk.fi\/opetus\/fi\/"},{"@type":"ListItem","position":2,"name":"Oppimateriaalit","item":"https:\/\/help.jamk.fi\/opetus\/fi\/materiaalin-tuotanto\/"},{"@type":"ListItem","position":3,"name":"Video opetuksessa"}]},{"@type":"WebSite","@id":"https:\/\/help.jamk.fi\/opetus\/#website","url":"https:\/\/help.jamk.fi\/opetus\/","name":"Opetus","description":"Opettajan ty\u00f6v\u00e4lineet","potentialAction":[{"@type":"SearchAction","target":{"@type":"EntryPoint","urlTemplate":"https:\/\/help.jamk.fi\/opetus\/?s={search_term_string}"},"query-input":{"@type":"PropertyValueSpecification","valueRequired":true,"valueName":"search_term_string"}}],"inLanguage":"fi"}]}},"_links":{"self":[{"href":"https:\/\/help.jamk.fi\/opetus\/wp-json\/wp\/v2\/pages\/86","targetHints":{"allow":["GET"]}}],"collection":[{"href":"https:\/\/help.jamk.fi\/opetus\/wp-json\/wp\/v2\/pages"}],"about":[{"href":"https:\/\/help.jamk.fi\/opetus\/wp-json\/wp\/v2\/types\/page"}],"author":[{"embeddable":true,"href":"https:\/\/help.jamk.fi\/opetus\/wp-json\/wp\/v2\/users\/74"}],"replies":[{"embeddable":true,"href":"https:\/\/help.jamk.fi\/opetus\/wp-json\/wp\/v2\/comments?post=86"}],"version-history":[{"count":19,"href":"https:\/\/help.jamk.fi\/opetus\/wp-json\/wp\/v2\/pages\/86\/revisions"}],"predecessor-version":[{"id":1746,"href":"https:\/\/help.jamk.fi\/opetus\/wp-json\/wp\/v2\/pages\/86\/revisions\/1746"}],"up":[{"embeddable":true,"href":"https:\/\/help.jamk.fi\/opetus\/wp-json\/wp\/v2\/pages\/294"}],"wp:attachment":[{"href":"https:\/\/help.jamk.fi\/opetus\/wp-json\/wp\/v2\/media?parent=86"}],"wp:term":[{"taxonomy":"category","embeddable":true,"href":"https:\/\/help.jamk.fi\/opetus\/wp-json\/wp\/v2\/categories?post=86"},{"taxonomy":"post_tag","embeddable":true,"href":"https:\/\/help.jamk.fi\/opetus\/wp-json\/wp\/v2\/tags?post=86"}],"curies":[{"name":"wp","href":"https:\/\/api.w.org\/{rel}","templated":true}]}}