{"id":100,"date":"2020-04-20T11:38:12","date_gmt":"2020-04-20T08:38:12","guid":{"rendered":"https:\/\/help.jamk.fi\/opinnaytetyo\/projektisuunnitelma-aikataulu\/"},"modified":"2025-08-15T15:00:04","modified_gmt":"2025-08-15T12:00:04","slug":"opinnaytetyon-suunnittelu","status":"publish","type":"page","link":"https:\/\/help.jamk.fi\/opinnaytetyo\/fi\/opinnaytetyon-suunnittelu\/","title":{"rendered":"5 Opinn\u00e4ytety\u00f6n suunnittelu &#8211; Vaihe 1\/3"},"content":{"rendered":"\n<p><strong>T\u00e4m\u00e4 vaihe liittyy seuraaviin opintojaksoihin:<\/strong><\/p>\n\n\n\n<ul class=\"wp-block-list\">\n<li>Opinn\u00e4ytety\u00f6n suunnittelu, AMK 3 op ZZ00BL91<\/li>\n\n\n\n<li>Opinn\u00e4ytetyn suunnittelu, ylempi AMK 7 op YZ00BL94<\/li>\n<\/ul>\n\n\n\n<p><\/p>\n\n\n\n<p>Kun aihe-ehdotuksesi on hyv\u00e4ksytty, aloita opinn\u00e4ytety\u00f6suunnitelman (tutkimussuunnitelman) tekeminen. K\u00e4yt\u00e4 <strong>muun raportoinnin mallipohjaan<\/strong>. <span style=\"text-decoration: underline;\">Lataa se<\/span><a href=\"https:\/\/jamkstudent.sharepoint.com\/sites\/Assets\/OfficeTemplates\/Forms\/AllItems.aspx?id=%2Fsites%2FAssets%2FOfficeTemplates%2FOpiskelijat%20%2D%20Students&amp;viewid=47f28a54%2Dfed7%2D4dc9%2D8b16%2D6aa9d416a3bd\"> koneellesi Jamkin kuvat ja Office-templatet -sivulta (vaatii kirjautumisen)<\/a>. \u00c4l\u00e4 lannistu, vaikka t\u00e4ss\u00e4 vaiheessa tuntuisi, ett\u00e4 teht\u00e4v\u00e4\u00e4 on paljon. Hyvin tehty suunnitelma helpottaa ja ohjaa ty\u00f6t\u00e4si. Pyyd\u00e4 suunnitelman tekoon apua ohjaajaltasi!<\/p>\n\n\n\n<p>Alasivuilla (5.1 \u2013 5.5) kerrotaan teht\u00e4vist\u00e4 tarkemmin. Toimeksiantajan kanssa laadittavasta <strong>sopimuksesta l\u00f6yd\u00e4t tietoa kohdasta <em>3 Toimeksiantaja ja aihe<\/em>.<\/strong> Tutustu ohjeisiin.<\/p>\n\n\n\n<h2 class=\"wp-block-heading\">Luo seuraavat teht\u00e4v\u00e4t Wihiin ja tee ne<\/h2>\n\n\n\n<ul class=\"wp-block-list\">\n<li>Kertaa raportointiohje ja arviointikriteerit.<\/li>\n\n\n\n<li>Perehdy hyv\u00e4\u00e4n tieteelliseen k\u00e4yt\u00e4nt\u00f6\u00f6n ja eettiseen toimintaan, tietosuojaan ja tekij\u00e4noikeuksiin.<\/li>\n\n\n\n<li>Tee toimeksiantajan kanssa sopimus opinn\u00e4ytety\u00f6st\u00e4. Tee tarvittaessa liitteeksi liiteaineiston salassapitosopimus.<\/li>\n\n\n\n<li>Perehdy tutkimusaineiston k\u00e4sittelyyn. Tee aineistonhallintasuunnitelma.<\/li>\n\n\n\n<li>Tee Moodlessa Opinn\u00e4ytety\u00f6n tiedonhankinta -kurssi ja siihen liittyv\u00e4t teht\u00e4v\u00e4t.<\/li>\n\n\n\n<li>Tee opinn\u00e4ytety\u00f6suunnitelma liitteineen ja pyyd\u00e4 ohjaajalta kommentteja Wihiss\u00e4. \n<ul class=\"wp-block-list\">\n<li>P\u00e4\u00e4ohjaaja antaa palautetta ja hyv\u00e4ksyy opinn\u00e4ytety\u00f6suunnitelmasi Wihiss\u00e4.<\/li>\n<\/ul>\n<\/li>\n\n\n\n<li>Esit\u00e4 suunnitelmasi p\u00e4\u00e4ohjaajan j\u00e4rjest\u00e4m\u00e4ss\u00e4 opinn\u00e4ytety\u00f6seminaarissa tai pienryhm\u00e4ohjauksessa.<\/li>\n\n\n\n<li>Selvit\u00e4, tarvitsetko tutkimuslupaa ja tee hakemus tarvittaessa. <\/li>\n\n\n\n<li>Kirjoita opinn\u00e4ytety\u00f6n tietoperustaan teksti\u00e4 3-5 sivua.<\/li>\n\n\n\n<li>Valitse ja ilmoittaudu Kielikeskuksen &#8221;Opinn\u00e4ytety\u00f6n kirjoittaminen, AMK&#8221; (2 op) tai &#8221;Tutkimuskirjoittaminen, ylempi AMK&#8221; (3 op)  toteutukselle, joka sopii opinn\u00e4ytety\u00f6si kirjoitusaikatauluun.<\/li>\n\n\n\n<li>Osallistu tarvittaessa yksil\u00f6ohjauksiin.<\/li>\n<\/ul>\n\n\n\n<p>Ohjaaja hyv\u00e4ksyy vaiheen Wihiss\u00e4, kun olet suorittanut kaikki vaiheen teht\u00e4v\u00e4t. Saat Wihiin Hyv\u00e4ksytty-merkinn\u00e4n ja opintopisteet kirjautuu Peppiin. Opinn\u00e4ytety\u00f6n seuraava vaihe avautuu Wihiss\u00e4.<\/p>\n\n\n\n<p><strong>K\u00e4yt\u00e4 Wihin viestikentt\u00e4\u00e4 p\u00e4\u00e4ohjaajan kanssa viestittelyyn <strong>koko opinn\u00e4ytety\u00f6prosessin ajan<\/strong>, ei s\u00e4hk\u00f6postiviestittely\u00e4. Ohjaaja saa s\u00e4hk\u00f6postiin tiedon Wihiss\u00e4 l\u00e4hett\u00e4m\u00e4st\u00e4si viestist\u00e4.<\/strong><\/p>\n\n\n\n<p><\/p>\n\n\n\n<p><em>P\u00e4ivitetty 15.8.2025<\/em><\/p>\n","protected":false},"excerpt":{"rendered":"<p>T\u00e4m\u00e4 vaihe liittyy seuraaviin opintojaksoihin: Kun aihe-ehdotuksesi on hyv\u00e4ksytty, aloita opinn\u00e4ytety\u00f6suunnitelman (tutkimussuunnitelman) tekeminen. K\u00e4yt\u00e4 muun raportoinnin mallipohjaan. Lataa se koneellesi Jamkin kuvat ja Office-templatet -sivulta (vaatii kirjautumisen). \u00c4l\u00e4 lannistu, vaikka t\u00e4ss\u00e4 vaiheessa tuntuisi, ett\u00e4 teht\u00e4v\u00e4\u00e4 on paljon. Hyvin tehty suunnitelma helpottaa ja ohjaa ty\u00f6t\u00e4si. Pyyd\u00e4 suunnitelman tekoon apua ohjaajaltasi! Alasivuilla (5.1 \u2013 5.5) kerrotaan teht\u00e4vist\u00e4 [&hellip;]<\/p>\n","protected":false},"author":79,"featured_media":0,"parent":0,"menu_order":6,"comment_status":"closed","ping_status":"closed","template":"","meta":{"_acf_changed":false,"_relevanssi_hide_post":"","_relevanssi_hide_content":"","_relevanssi_pin_for_all":"","_relevanssi_pin_keywords":"","_relevanssi_unpin_keywords":"","_relevanssi_related_keywords":"","_relevanssi_related_include_ids":"","_relevanssi_related_exclude_ids":"","_relevanssi_related_no_append":"","_relevanssi_related_not_related":"","_relevanssi_related_posts":"","_relevanssi_noindex_reason":"","footnotes":""},"categories":[1],"tags":[310,316,262,322],"class_list":["post-100","page","type-page","status-publish","hentry","category-yleinen","tag-aikataulu","tag-opinnaytetyosuunnitelma","tag-projektin-eteneminen","tag-projektisuunnitelma"],"acf":[],"yoast_head":"<!-- This site is optimized with the Yoast SEO plugin v27.4 - https:\/\/yoast.com\/product\/yoast-seo-wordpress\/ -->\n<title>5 Opinn\u00e4ytety\u00f6n suunnittelu - Vaihe 1\/3 - Opinn\u00e4ytety\u00f6<\/title>\n<meta name=\"robots\" content=\"index, follow, max-snippet:-1, max-image-preview:large, max-video-preview:-1\" \/>\n<link rel=\"canonical\" href=\"https:\/\/help.jamk.fi\/opinnaytetyo\/fi\/opinnaytetyon-suunnittelu\/\" \/>\n<meta property=\"og:locale\" content=\"fi_FI\" \/>\n<meta property=\"og:type\" content=\"article\" \/>\n<meta property=\"og:title\" content=\"5 Opinn\u00e4ytety\u00f6n suunnittelu - Vaihe 1\/3 - Opinn\u00e4ytety\u00f6\" \/>\n<meta property=\"og:description\" content=\"T\u00e4m\u00e4 vaihe liittyy seuraaviin opintojaksoihin: Kun aihe-ehdotuksesi on hyv\u00e4ksytty, aloita opinn\u00e4ytety\u00f6suunnitelman (tutkimussuunnitelman) tekeminen. K\u00e4yt\u00e4 muun raportoinnin mallipohjaan. Lataa se koneellesi Jamkin kuvat ja Office-templatet -sivulta (vaatii kirjautumisen). \u00c4l\u00e4 lannistu, vaikka t\u00e4ss\u00e4 vaiheessa tuntuisi, ett\u00e4 teht\u00e4v\u00e4\u00e4 on paljon. Hyvin tehty suunnitelma helpottaa ja ohjaa ty\u00f6t\u00e4si. Pyyd\u00e4 suunnitelman tekoon apua ohjaajaltasi! Alasivuilla (5.1 \u2013 5.5) kerrotaan teht\u00e4vist\u00e4 [&hellip;]\" \/>\n<meta property=\"og:url\" content=\"https:\/\/help.jamk.fi\/opinnaytetyo\/fi\/opinnaytetyon-suunnittelu\/\" \/>\n<meta property=\"og:site_name\" content=\"Opinn\u00e4ytety\u00f6\" \/>\n<meta property=\"article:modified_time\" content=\"2025-08-15T12:00:04+00:00\" \/>\n<meta name=\"twitter:card\" content=\"summary_large_image\" \/>\n<meta name=\"twitter:label1\" content=\"Arvioitu lukuaika\" \/>\n\t<meta name=\"twitter:data1\" content=\"2 minuuttia\" \/>\n<script type=\"application\/ld+json\" class=\"yoast-schema-graph\">{\"@context\":\"https:\\\/\\\/schema.org\",\"@graph\":[{\"@type\":\"WebPage\",\"@id\":\"https:\\\/\\\/help.jamk.fi\\\/opinnaytetyo\\\/fi\\\/opinnaytetyon-suunnittelu\\\/\",\"url\":\"https:\\\/\\\/help.jamk.fi\\\/opinnaytetyo\\\/fi\\\/opinnaytetyon-suunnittelu\\\/\",\"name\":\"5 Opinn\u00e4ytety\u00f6n suunnittelu - Vaihe 1\\\/3 - Opinn\u00e4ytety\u00f6\",\"isPartOf\":{\"@id\":\"https:\\\/\\\/help.jamk.fi\\\/opinnaytetyo\\\/#website\"},\"datePublished\":\"2020-04-20T08:38:12+00:00\",\"dateModified\":\"2025-08-15T12:00:04+00:00\",\"breadcrumb\":{\"@id\":\"https:\\\/\\\/help.jamk.fi\\\/opinnaytetyo\\\/fi\\\/opinnaytetyon-suunnittelu\\\/#breadcrumb\"},\"inLanguage\":\"fi\",\"potentialAction\":[{\"@type\":\"ReadAction\",\"target\":[\"https:\\\/\\\/help.jamk.fi\\\/opinnaytetyo\\\/fi\\\/opinnaytetyon-suunnittelu\\\/\"]}]},{\"@type\":\"BreadcrumbList\",\"@id\":\"https:\\\/\\\/help.jamk.fi\\\/opinnaytetyo\\\/fi\\\/opinnaytetyon-suunnittelu\\\/#breadcrumb\",\"itemListElement\":[{\"@type\":\"ListItem\",\"position\":1,\"name\":\"Etusivu\",\"item\":\"https:\\\/\\\/help.jamk.fi\\\/opinnaytetyo\\\/fi\\\/\"},{\"@type\":\"ListItem\",\"position\":2,\"name\":\"5 Opinn\u00e4ytety\u00f6n suunnittelu &#8211; Vaihe 1\\\/3\"}]},{\"@type\":\"WebSite\",\"@id\":\"https:\\\/\\\/help.jamk.fi\\\/opinnaytetyo\\\/#website\",\"url\":\"https:\\\/\\\/help.jamk.fi\\\/opinnaytetyo\\\/\",\"name\":\"Opinn\u00e4ytety\u00f6\",\"description\":\"\",\"potentialAction\":[{\"@type\":\"SearchAction\",\"target\":{\"@type\":\"EntryPoint\",\"urlTemplate\":\"https:\\\/\\\/help.jamk.fi\\\/opinnaytetyo\\\/?s={search_term_string}\"},\"query-input\":{\"@type\":\"PropertyValueSpecification\",\"valueRequired\":true,\"valueName\":\"search_term_string\"}}],\"inLanguage\":\"fi\"}]}<\/script>\n<!-- \/ Yoast SEO plugin. -->","yoast_head_json":{"title":"5 Opinn\u00e4ytety\u00f6n suunnittelu - Vaihe 1\/3 - Opinn\u00e4ytety\u00f6","robots":{"index":"index","follow":"follow","max-snippet":"max-snippet:-1","max-image-preview":"max-image-preview:large","max-video-preview":"max-video-preview:-1"},"canonical":"https:\/\/help.jamk.fi\/opinnaytetyo\/fi\/opinnaytetyon-suunnittelu\/","og_locale":"fi_FI","og_type":"article","og_title":"5 Opinn\u00e4ytety\u00f6n suunnittelu - Vaihe 1\/3 - Opinn\u00e4ytety\u00f6","og_description":"T\u00e4m\u00e4 vaihe liittyy seuraaviin opintojaksoihin: Kun aihe-ehdotuksesi on hyv\u00e4ksytty, aloita opinn\u00e4ytety\u00f6suunnitelman (tutkimussuunnitelman) tekeminen. K\u00e4yt\u00e4 muun raportoinnin mallipohjaan. Lataa se koneellesi Jamkin kuvat ja Office-templatet -sivulta (vaatii kirjautumisen). \u00c4l\u00e4 lannistu, vaikka t\u00e4ss\u00e4 vaiheessa tuntuisi, ett\u00e4 teht\u00e4v\u00e4\u00e4 on paljon. Hyvin tehty suunnitelma helpottaa ja ohjaa ty\u00f6t\u00e4si. Pyyd\u00e4 suunnitelman tekoon apua ohjaajaltasi! Alasivuilla (5.1 \u2013 5.5) kerrotaan teht\u00e4vist\u00e4 [&hellip;]","og_url":"https:\/\/help.jamk.fi\/opinnaytetyo\/fi\/opinnaytetyon-suunnittelu\/","og_site_name":"Opinn\u00e4ytety\u00f6","article_modified_time":"2025-08-15T12:00:04+00:00","twitter_card":"summary_large_image","twitter_misc":{"Arvioitu lukuaika":"2 minuuttia"},"schema":{"@context":"https:\/\/schema.org","@graph":[{"@type":"WebPage","@id":"https:\/\/help.jamk.fi\/opinnaytetyo\/fi\/opinnaytetyon-suunnittelu\/","url":"https:\/\/help.jamk.fi\/opinnaytetyo\/fi\/opinnaytetyon-suunnittelu\/","name":"5 Opinn\u00e4ytety\u00f6n suunnittelu - Vaihe 1\/3 - Opinn\u00e4ytety\u00f6","isPartOf":{"@id":"https:\/\/help.jamk.fi\/opinnaytetyo\/#website"},"datePublished":"2020-04-20T08:38:12+00:00","dateModified":"2025-08-15T12:00:04+00:00","breadcrumb":{"@id":"https:\/\/help.jamk.fi\/opinnaytetyo\/fi\/opinnaytetyon-suunnittelu\/#breadcrumb"},"inLanguage":"fi","potentialAction":[{"@type":"ReadAction","target":["https:\/\/help.jamk.fi\/opinnaytetyo\/fi\/opinnaytetyon-suunnittelu\/"]}]},{"@type":"BreadcrumbList","@id":"https:\/\/help.jamk.fi\/opinnaytetyo\/fi\/opinnaytetyon-suunnittelu\/#breadcrumb","itemListElement":[{"@type":"ListItem","position":1,"name":"Etusivu","item":"https:\/\/help.jamk.fi\/opinnaytetyo\/fi\/"},{"@type":"ListItem","position":2,"name":"5 Opinn\u00e4ytety\u00f6n suunnittelu &#8211; Vaihe 1\/3"}]},{"@type":"WebSite","@id":"https:\/\/help.jamk.fi\/opinnaytetyo\/#website","url":"https:\/\/help.jamk.fi\/opinnaytetyo\/","name":"Opinn\u00e4ytety\u00f6","description":"","potentialAction":[{"@type":"SearchAction","target":{"@type":"EntryPoint","urlTemplate":"https:\/\/help.jamk.fi\/opinnaytetyo\/?s={search_term_string}"},"query-input":{"@type":"PropertyValueSpecification","valueRequired":true,"valueName":"search_term_string"}}],"inLanguage":"fi"}]}},"_links":{"self":[{"href":"https:\/\/help.jamk.fi\/opinnaytetyo\/wp-json\/wp\/v2\/pages\/100","targetHints":{"allow":["GET"]}}],"collection":[{"href":"https:\/\/help.jamk.fi\/opinnaytetyo\/wp-json\/wp\/v2\/pages"}],"about":[{"href":"https:\/\/help.jamk.fi\/opinnaytetyo\/wp-json\/wp\/v2\/types\/page"}],"author":[{"embeddable":true,"href":"https:\/\/help.jamk.fi\/opinnaytetyo\/wp-json\/wp\/v2\/users\/79"}],"replies":[{"embeddable":true,"href":"https:\/\/help.jamk.fi\/opinnaytetyo\/wp-json\/wp\/v2\/comments?post=100"}],"version-history":[{"count":29,"href":"https:\/\/help.jamk.fi\/opinnaytetyo\/wp-json\/wp\/v2\/pages\/100\/revisions"}],"predecessor-version":[{"id":6038,"href":"https:\/\/help.jamk.fi\/opinnaytetyo\/wp-json\/wp\/v2\/pages\/100\/revisions\/6038"}],"wp:attachment":[{"href":"https:\/\/help.jamk.fi\/opinnaytetyo\/wp-json\/wp\/v2\/media?parent=100"}],"wp:term":[{"taxonomy":"category","embeddable":true,"href":"https:\/\/help.jamk.fi\/opinnaytetyo\/wp-json\/wp\/v2\/categories?post=100"},{"taxonomy":"post_tag","embeddable":true,"href":"https:\/\/help.jamk.fi\/opinnaytetyo\/wp-json\/wp\/v2\/tags?post=100"}],"curies":[{"name":"wp","href":"https:\/\/api.w.org\/{rel}","templated":true}]}}