{"id":102,"date":"2020-04-20T11:39:31","date_gmt":"2020-04-20T08:39:31","guid":{"rendered":"https:\/\/help.jamk.fi\/opinnaytetyo\/projektisuunnitelma-aikataulu\/arviointikriteerit\/"},"modified":"2026-01-05T10:27:53","modified_gmt":"2026-01-05T08:27:53","slug":"arviointikriteerit","status":"publish","type":"page","link":"https:\/\/help.jamk.fi\/opinnaytetyo\/fi\/opinnaytetyo\/arviointikriteerit\/","title":{"rendered":"1.3 Arviointikriteerit"},"content":{"rendered":"\n<h2 class=\"wp-block-heading\">Arviointikriteerit<\/h2>\n\n\n\n<p>Kirjallinen opinn\u00e4ytety\u00f6 arvioidaan asteikolla 0\u20135 arviointikriteerien mukaisesti. Opinn\u00e4ytety\u00f6n arviointi perustuu sek\u00e4 prosessiin ett\u00e4 tuotokseen. <\/p>\n\n\n\n<p>Opinn\u00e4ytety\u00f6n arviointikriteereiss\u00e4 (2024) arviointikohteita ovat aihe (valinta, rajaus ja tavoitteet), tutkimuksellisuus (l\u00e4hteet, aineisto, tietoperusta ja menetelm\u00e4t), ty\u00f6n toteutus (luotettavuus, eettisyys ja prosessin hallinta), tulokset (tulosten ja johtop\u00e4\u00e4t\u00f6sten esittely ja niiden hy\u00f6dynnett\u00e4vyys) ja raportointi (kirjallinen, suullinen ja raportointiohjeiden noudattaminen).<\/p>\n\n\n\n<p>Tutustu arviointikriteereihin jo heti opinn\u00e4ytety\u00f6projektin alussa!<\/p>\n\n\n\n<p>1.8.2024 alkaen k\u00e4ytet\u00e4\u00e4n uusia (2024) olevia arviointikriteereit\u00e4 kaikkien 1.8.2024 j\u00e4lkeen aihe-ehdotuksesta alkavien opinn\u00e4ytet\u00f6iden kohdalla ja kaikkien niiden opinn\u00e4ytet\u00f6iden kohdalla, jotka eiv\u00e4t ole edenneet aihe-ehdotusta pidemm\u00e4lle tai mik\u00e4li opiskelija ja p\u00e4\u00e4ohjaaja sopivat niiden k\u00e4yt\u00f6st\u00e4 opinn\u00e4ytety\u00f6n arvioinnissa.<\/p>\n\n\n\n<p>1.1.2025 uudet (2024) arviointikriteerit tulevat k\u00e4ytt\u00f6\u00f6n kaikkien opinn\u00e4ytet\u00f6iden kohdalla.<\/p>\n\n\n\n<h2 class=\"wp-block-heading\">Dokumentit<\/h2>\n\n\n\n<p><a href=\"https:\/\/help.jamk.fi\/opinnaytetyo\/wp-content\/uploads\/sites\/114\/2024\/08\/AMK-Arviointikriteerit-2024-FI.pdf\" target=\"_blank\" rel=\"noreferrer noopener\">AMK-opinn\u00e4ytety\u00f6n arviointikriteerit 2024 (pdf)<\/a><\/p>\n\n\n\n<p><a href=\"https:\/\/help.jamk.fi\/opinnaytetyo\/wp-content\/uploads\/sites\/114\/2026\/01\/YAMK-Arviointikriteerit-2026-FI.pdf\" target=\"_blank\" rel=\"noreferrer noopener\">YAMK-opinn\u00e4ytety\u00f6n arviointikriteerit 2026 (pdf)<\/a><\/p>\n\n\n\n<p><\/p>\n\n\n\n<p><em>P\u00e4ivitetty 5.1.202<\/em>6<\/p>\n","protected":false},"excerpt":{"rendered":"<p>Arviointikriteerit Kirjallinen opinn\u00e4ytety\u00f6 arvioidaan asteikolla 0\u20135 arviointikriteerien mukaisesti. Opinn\u00e4ytety\u00f6n arviointi perustuu sek\u00e4 prosessiin ett\u00e4 tuotokseen. Opinn\u00e4ytety\u00f6n arviointikriteereiss\u00e4 (2024) arviointikohteita ovat aihe (valinta, rajaus ja tavoitteet), tutkimuksellisuus (l\u00e4hteet, aineisto, tietoperusta ja menetelm\u00e4t), ty\u00f6n toteutus (luotettavuus, eettisyys ja prosessin hallinta), tulokset (tulosten ja johtop\u00e4\u00e4t\u00f6sten esittely ja niiden hy\u00f6dynnett\u00e4vyys) ja raportointi (kirjallinen, suullinen ja raportointiohjeiden noudattaminen). Tutustu arviointikriteereihin [&hellip;]<\/p>\n","protected":false},"author":79,"featured_media":0,"parent":7,"menu_order":3,"comment_status":"closed","ping_status":"closed","template":"","meta":{"_acf_changed":false,"_relevanssi_hide_post":"","_relevanssi_hide_content":"","_relevanssi_pin_for_all":"","_relevanssi_pin_keywords":"","_relevanssi_unpin_keywords":"","_relevanssi_related_keywords":"","_relevanssi_related_include_ids":"","_relevanssi_related_exclude_ids":"","_relevanssi_related_no_append":"","_relevanssi_related_not_related":"","_relevanssi_related_posts":"","_relevanssi_noindex_reason":"","footnotes":""},"categories":[1],"tags":[417,327,2092,609,262],"class_list":["post-102","page","type-page","status-publish","hentry","category-yleinen","tag-arviointi","tag-arviointikriteerit","tag-arvosana","tag-opinnaytetyon-arviointi","tag-projektin-eteneminen"],"acf":[],"yoast_head":"<!-- This site is optimized with the Yoast SEO plugin v27.3 - https:\/\/yoast.com\/product\/yoast-seo-wordpress\/ -->\n<title>1.3 Arviointikriteerit - Opinn\u00e4ytety\u00f6<\/title>\n<meta name=\"robots\" content=\"index, follow, max-snippet:-1, max-image-preview:large, max-video-preview:-1\" \/>\n<link rel=\"canonical\" href=\"https:\/\/help.jamk.fi\/opinnaytetyo\/fi\/opinnaytetyo\/arviointikriteerit\/\" \/>\n<meta property=\"og:locale\" content=\"fi_FI\" \/>\n<meta property=\"og:type\" content=\"article\" \/>\n<meta property=\"og:title\" content=\"1.3 Arviointikriteerit - Opinn\u00e4ytety\u00f6\" \/>\n<meta property=\"og:description\" content=\"Arviointikriteerit Kirjallinen opinn\u00e4ytety\u00f6 arvioidaan asteikolla 0\u20135 arviointikriteerien mukaisesti. Opinn\u00e4ytety\u00f6n arviointi perustuu sek\u00e4 prosessiin ett\u00e4 tuotokseen. Opinn\u00e4ytety\u00f6n arviointikriteereiss\u00e4 (2024) arviointikohteita ovat aihe (valinta, rajaus ja tavoitteet), tutkimuksellisuus (l\u00e4hteet, aineisto, tietoperusta ja menetelm\u00e4t), ty\u00f6n toteutus (luotettavuus, eettisyys ja prosessin hallinta), tulokset (tulosten ja johtop\u00e4\u00e4t\u00f6sten esittely ja niiden hy\u00f6dynnett\u00e4vyys) ja raportointi (kirjallinen, suullinen ja raportointiohjeiden noudattaminen). Tutustu arviointikriteereihin [&hellip;]\" \/>\n<meta property=\"og:url\" content=\"https:\/\/help.jamk.fi\/opinnaytetyo\/fi\/opinnaytetyo\/arviointikriteerit\/\" \/>\n<meta property=\"og:site_name\" content=\"Opinn\u00e4ytety\u00f6\" \/>\n<meta property=\"article:modified_time\" content=\"2026-01-05T08:27:53+00:00\" \/>\n<meta name=\"twitter:card\" content=\"summary_large_image\" \/>\n<meta name=\"twitter:label1\" content=\"Arvioitu lukuaika\" \/>\n\t<meta name=\"twitter:data1\" content=\"1 minuutti\" \/>\n<script type=\"application\/ld+json\" class=\"yoast-schema-graph\">{\"@context\":\"https:\\\/\\\/schema.org\",\"@graph\":[{\"@type\":\"WebPage\",\"@id\":\"https:\\\/\\\/help.jamk.fi\\\/opinnaytetyo\\\/fi\\\/opinnaytetyo\\\/arviointikriteerit\\\/\",\"url\":\"https:\\\/\\\/help.jamk.fi\\\/opinnaytetyo\\\/fi\\\/opinnaytetyo\\\/arviointikriteerit\\\/\",\"name\":\"1.3 Arviointikriteerit - Opinn\u00e4ytety\u00f6\",\"isPartOf\":{\"@id\":\"https:\\\/\\\/help.jamk.fi\\\/opinnaytetyo\\\/#website\"},\"datePublished\":\"2020-04-20T08:39:31+00:00\",\"dateModified\":\"2026-01-05T08:27:53+00:00\",\"breadcrumb\":{\"@id\":\"https:\\\/\\\/help.jamk.fi\\\/opinnaytetyo\\\/fi\\\/opinnaytetyo\\\/arviointikriteerit\\\/#breadcrumb\"},\"inLanguage\":\"fi\",\"potentialAction\":[{\"@type\":\"ReadAction\",\"target\":[\"https:\\\/\\\/help.jamk.fi\\\/opinnaytetyo\\\/fi\\\/opinnaytetyo\\\/arviointikriteerit\\\/\"]}]},{\"@type\":\"BreadcrumbList\",\"@id\":\"https:\\\/\\\/help.jamk.fi\\\/opinnaytetyo\\\/fi\\\/opinnaytetyo\\\/arviointikriteerit\\\/#breadcrumb\",\"itemListElement\":[{\"@type\":\"ListItem\",\"position\":1,\"name\":\"Etusivu\",\"item\":\"https:\\\/\\\/help.jamk.fi\\\/opinnaytetyo\\\/fi\\\/\"},{\"@type\":\"ListItem\",\"position\":2,\"name\":\"1 Opinn\u00e4ytety\u00f6\",\"item\":\"https:\\\/\\\/help.jamk.fi\\\/opinnaytetyo\\\/fi\\\/opinnaytetyo\\\/\"},{\"@type\":\"ListItem\",\"position\":3,\"name\":\"1.3 Arviointikriteerit\"}]},{\"@type\":\"WebSite\",\"@id\":\"https:\\\/\\\/help.jamk.fi\\\/opinnaytetyo\\\/#website\",\"url\":\"https:\\\/\\\/help.jamk.fi\\\/opinnaytetyo\\\/\",\"name\":\"Opinn\u00e4ytety\u00f6\",\"description\":\"\",\"potentialAction\":[{\"@type\":\"SearchAction\",\"target\":{\"@type\":\"EntryPoint\",\"urlTemplate\":\"https:\\\/\\\/help.jamk.fi\\\/opinnaytetyo\\\/?s={search_term_string}\"},\"query-input\":{\"@type\":\"PropertyValueSpecification\",\"valueRequired\":true,\"valueName\":\"search_term_string\"}}],\"inLanguage\":\"fi\"}]}<\/script>\n<!-- \/ Yoast SEO plugin. -->","yoast_head_json":{"title":"1.3 Arviointikriteerit - Opinn\u00e4ytety\u00f6","robots":{"index":"index","follow":"follow","max-snippet":"max-snippet:-1","max-image-preview":"max-image-preview:large","max-video-preview":"max-video-preview:-1"},"canonical":"https:\/\/help.jamk.fi\/opinnaytetyo\/fi\/opinnaytetyo\/arviointikriteerit\/","og_locale":"fi_FI","og_type":"article","og_title":"1.3 Arviointikriteerit - Opinn\u00e4ytety\u00f6","og_description":"Arviointikriteerit Kirjallinen opinn\u00e4ytety\u00f6 arvioidaan asteikolla 0\u20135 arviointikriteerien mukaisesti. Opinn\u00e4ytety\u00f6n arviointi perustuu sek\u00e4 prosessiin ett\u00e4 tuotokseen. Opinn\u00e4ytety\u00f6n arviointikriteereiss\u00e4 (2024) arviointikohteita ovat aihe (valinta, rajaus ja tavoitteet), tutkimuksellisuus (l\u00e4hteet, aineisto, tietoperusta ja menetelm\u00e4t), ty\u00f6n toteutus (luotettavuus, eettisyys ja prosessin hallinta), tulokset (tulosten ja johtop\u00e4\u00e4t\u00f6sten esittely ja niiden hy\u00f6dynnett\u00e4vyys) ja raportointi (kirjallinen, suullinen ja raportointiohjeiden noudattaminen). Tutustu arviointikriteereihin [&hellip;]","og_url":"https:\/\/help.jamk.fi\/opinnaytetyo\/fi\/opinnaytetyo\/arviointikriteerit\/","og_site_name":"Opinn\u00e4ytety\u00f6","article_modified_time":"2026-01-05T08:27:53+00:00","twitter_card":"summary_large_image","twitter_misc":{"Arvioitu lukuaika":"1 minuutti"},"schema":{"@context":"https:\/\/schema.org","@graph":[{"@type":"WebPage","@id":"https:\/\/help.jamk.fi\/opinnaytetyo\/fi\/opinnaytetyo\/arviointikriteerit\/","url":"https:\/\/help.jamk.fi\/opinnaytetyo\/fi\/opinnaytetyo\/arviointikriteerit\/","name":"1.3 Arviointikriteerit - Opinn\u00e4ytety\u00f6","isPartOf":{"@id":"https:\/\/help.jamk.fi\/opinnaytetyo\/#website"},"datePublished":"2020-04-20T08:39:31+00:00","dateModified":"2026-01-05T08:27:53+00:00","breadcrumb":{"@id":"https:\/\/help.jamk.fi\/opinnaytetyo\/fi\/opinnaytetyo\/arviointikriteerit\/#breadcrumb"},"inLanguage":"fi","potentialAction":[{"@type":"ReadAction","target":["https:\/\/help.jamk.fi\/opinnaytetyo\/fi\/opinnaytetyo\/arviointikriteerit\/"]}]},{"@type":"BreadcrumbList","@id":"https:\/\/help.jamk.fi\/opinnaytetyo\/fi\/opinnaytetyo\/arviointikriteerit\/#breadcrumb","itemListElement":[{"@type":"ListItem","position":1,"name":"Etusivu","item":"https:\/\/help.jamk.fi\/opinnaytetyo\/fi\/"},{"@type":"ListItem","position":2,"name":"1 Opinn\u00e4ytety\u00f6","item":"https:\/\/help.jamk.fi\/opinnaytetyo\/fi\/opinnaytetyo\/"},{"@type":"ListItem","position":3,"name":"1.3 Arviointikriteerit"}]},{"@type":"WebSite","@id":"https:\/\/help.jamk.fi\/opinnaytetyo\/#website","url":"https:\/\/help.jamk.fi\/opinnaytetyo\/","name":"Opinn\u00e4ytety\u00f6","description":"","potentialAction":[{"@type":"SearchAction","target":{"@type":"EntryPoint","urlTemplate":"https:\/\/help.jamk.fi\/opinnaytetyo\/?s={search_term_string}"},"query-input":{"@type":"PropertyValueSpecification","valueRequired":true,"valueName":"search_term_string"}}],"inLanguage":"fi"}]}},"_links":{"self":[{"href":"https:\/\/help.jamk.fi\/opinnaytetyo\/wp-json\/wp\/v2\/pages\/102","targetHints":{"allow":["GET"]}}],"collection":[{"href":"https:\/\/help.jamk.fi\/opinnaytetyo\/wp-json\/wp\/v2\/pages"}],"about":[{"href":"https:\/\/help.jamk.fi\/opinnaytetyo\/wp-json\/wp\/v2\/types\/page"}],"author":[{"embeddable":true,"href":"https:\/\/help.jamk.fi\/opinnaytetyo\/wp-json\/wp\/v2\/users\/79"}],"replies":[{"embeddable":true,"href":"https:\/\/help.jamk.fi\/opinnaytetyo\/wp-json\/wp\/v2\/comments?post=102"}],"version-history":[{"count":16,"href":"https:\/\/help.jamk.fi\/opinnaytetyo\/wp-json\/wp\/v2\/pages\/102\/revisions"}],"predecessor-version":[{"id":6173,"href":"https:\/\/help.jamk.fi\/opinnaytetyo\/wp-json\/wp\/v2\/pages\/102\/revisions\/6173"}],"up":[{"embeddable":true,"href":"https:\/\/help.jamk.fi\/opinnaytetyo\/wp-json\/wp\/v2\/pages\/7"}],"wp:attachment":[{"href":"https:\/\/help.jamk.fi\/opinnaytetyo\/wp-json\/wp\/v2\/media?parent=102"}],"wp:term":[{"taxonomy":"category","embeddable":true,"href":"https:\/\/help.jamk.fi\/opinnaytetyo\/wp-json\/wp\/v2\/categories?post=102"},{"taxonomy":"post_tag","embeddable":true,"href":"https:\/\/help.jamk.fi\/opinnaytetyo\/wp-json\/wp\/v2\/tags?post=102"}],"curies":[{"name":"wp","href":"https:\/\/api.w.org\/{rel}","templated":true}]}}