{"id":105,"date":"2020-04-20T11:41:17","date_gmt":"2020-04-20T08:41:17","guid":{"rendered":"https:\/\/help.jamk.fi\/opinnaytetyo\/projektisuunnitelma-aikataulu\/suunnitelma\/"},"modified":"2026-01-15T12:42:08","modified_gmt":"2026-01-15T10:42:08","slug":"suunnitelma","status":"publish","type":"page","link":"https:\/\/help.jamk.fi\/opinnaytetyo\/fi\/opinnaytetyon-suunnittelu\/suunnitelma\/","title":{"rendered":"5.1 Opinn\u00e4ytety\u00f6suunnitelma"},"content":{"rendered":"\n<h2 class=\"wp-block-heading\">Opinn\u00e4ytety\u00f6suunnitelma<\/h2>\n\n\n\n<p><\/p>\n\n\n\n<p>Opinn\u00e4ytety\u00f6n suunnitelman tarkoituksena on, ett\u00e4 muodostat kokonaiskuvan sek\u00e4 opinn\u00e4ytety\u00f6projektista ett\u00e4 opinn\u00e4ytety\u00f6n aiheena olevasta kehitt\u00e4mis- tai tutkimuskohteesta. Tarvitset suunnitelmaa kun keskustelet toimeksiantajan ja ohjaajasi kanssa. Hyvin tehty suunnitelma ohjaa opinn\u00e4ytety\u00f6si etenemist\u00e4!<\/p>\n\n\n\n<p>Tee opinn\u00e4ytety\u00f6suunnitelman liitteeksi <strong>aineistonhallintasuunnitelma<\/strong>. Sen tarkoituksena on varmistaa, ett\u00e4 opinn\u00e4ytety\u00f6ss\u00e4 noudatetaan hyv\u00e4\u00e4 tieteellist\u00e4 k\u00e4yt\u00e4nt\u00f6\u00e4. Sen tarkoituksena on my\u00f6s huolehtia siit\u00e4, ettei tutkimusaineisto vaarannu miss\u00e4\u00e4n vaiheessa. Katso aiheesta tarkemmin kohdasta <em>Aineistonhallintasuunnitelma ja aineiston k\u00e4sittely<\/em>.<\/p>\n\n\n\n<p>Tee suunnitelman liitteeksi my\u00f6s <strong>Selvitys tiedonhankinnasta<\/strong>. L\u00f6yd\u00e4t ohjeita ja mallipohjan Moodlen ty\u00f6tilasta &#8221;Opinn\u00e4ytety\u00f6n tiedonhankinta&#8221; (kts. linkit).<\/p>\n\n\n\n<p>Jos opinn\u00e4ytety\u00f6si on tutkimus ja\/tai kohdeorganisaatio edellytt\u00e4\u00e4 tutkimuslupaa, kirjoitat opinn\u00e4ytety\u00f6suunnitelman <em>tutkimussuunnitelman <\/em>muotoon. Ohjaajasi opastaa sinua t\u00e4ss\u00e4. Liit\u00e4 my\u00f6s aineistonhallintasuunnitelma tutkimuslupahakemuksen liitteeksi.<\/p>\n\n\n\n<p>P\u00e4\u00e4ohjaajasi on hyv\u00e4ksytt\u00e4v\u00e4 opinn\u00e4ytety\u00f6suunnitelmasi ennen kuin voit aloittaa ty\u00f6n tiedonkeruuta tai toiminnallista osuutta. Hyv\u00e4ksynt\u00e4 tarvitaan my\u00f6s ennen kuin voit hakea kohdeorganisaatiolta tutkimuslupaa ja aloittaa tutkimuksellista osuutta.<\/p>\n\n\n\n<p>Tee siis t\u00e4ss\u00e4 j\u00e4rjestyksess\u00e4:<\/p>\n\n\n\n<ol class=\"wp-block-list\">\n<li>Opinn\u00e4ytety\u00f6suunnitelma, jonka liitteeksi tulee aineistonhallintasuunnitelma ja Selvitys tiedonhankinnasta. Huom. Jos opinn\u00e4ytety\u00f6si on kirjallisuuskatsaus, et tarvitse aineistonhallintasuunnitelmaa.<\/li>\n\n\n\n<li>Mahdollinen tutkimuslupa, jonka liitteeksi tulee tutkimussuunnitelma ja aineistonhallintasuunnitelma<\/li>\n\n\n\n<li>Aineiston keruu voi alkaa <\/li>\n\n\n\n<li>Aineiston asianmukainen tallentaminen opinn\u00e4ytety\u00f6prosessin aikana<\/li>\n\n\n\n<li>Aineiston tallentaminen, avaaminen tai h\u00e4vitt\u00e4minen, kun opinn\u00e4ytety\u00f6 on valmistunut<\/li>\n<\/ol>\n\n\n\n<p>Esit\u00e4 opinn\u00e4ytety\u00f6suunnitelmasi pienryhm\u00e4ss\u00e4 tai seminaarissa tai vastaavassa p\u00e4\u00e4ohjaajan ohjeiden mukaisesti. Sovi ohjausajoista ja k\u00e4yt\u00e4nteist\u00e4 p\u00e4\u00e4ohjaajasi kanssa.<\/p>\n\n\n\n<p>Opinn\u00e4ytety\u00f6suunnitelman laajuus on maksimissaan 10 tekstisivua.<\/p>\n\n\n\n<h2 class=\"wp-block-heading\">Opinn\u00e4ytety\u00f6suunnitelman esimerkkirakenne ja sis\u00e4lt\u00f6<\/h2>\n\n\n\n<h3 class=\"wp-block-heading\"><em>Kansilehti<\/em><\/h3>\n\n\n\n<p>K\u00e4yt\u00e4 &#8221;Muun raportoinnin mallipohjaa 2022&#8221;.<\/p>\n\n\n\n<h3 class=\"wp-block-heading\"><em>Sis\u00e4lt\u00f6<\/em><\/h3>\n\n\n\n<p>\u2022 Luo sis\u00e4llysluettelo.<\/p>\n\n\n\n<h3 class=\"wp-block-heading\"><em>1<\/em> <em>Johdanto<\/em> (otsikko voi olla jokin muu kuin Johdanto)<\/h3>\n\n\n\n<ul class=\"wp-block-list\">\n<li>Johdattele lukijaa opinn\u00e4ytety\u00f6n aiheeseen: mit\u00e4 kehitet\u00e4\u00e4n tai tutkitaan ja miksi?<\/li>\n\n\n\n<li>Kerro lyhyesti opinn\u00e4ytety\u00f6n tausta. Liit\u00e4 tarkastelu ty\u00f6yksikk\u00f6\u00e4 tai organisaatiota laajempaan viitekehykseen eli alan kehitykseen tai trendiin, yhteiskunnalliseen keskusteluun tai aiheesta k\u00e4ytyyn aikalaiskeskusteluun.<\/li>\n\n\n\n<li>Kuvaa aiheen merkitys ty\u00f6el\u00e4m\u00e4n kehitt\u00e4misen kannalta.<\/li>\n\n\n\n<li>Kuvaa aiheen merkitys kest\u00e4v\u00e4n kehityksen kannalta.<\/li>\n\n\n\n<li>Kuvaa lyhyesti opinn\u00e4ytety\u00f6n aiheen rajaus ja rajauksen perustelu.<\/li>\n<\/ul>\n\n\n\n<h3 class=\"wp-block-heading\"><em>2 Opinn\u00e4ytety\u00f6n tietoperusta <\/em>(kirjoita otsikko kirjoittamasi sis\u00e4ll\u00f6n mukaan)<\/h3>\n\n\n\n<ul class=\"wp-block-list\">\n<li>Kerro lukijalle mist\u00e4 n\u00e4k\u00f6kulmasta opinn\u00e4ytety\u00f6 tehd\u00e4\u00e4n, millaisten k\u00e4sitteiden varassa ilmi\u00f6t\u00e4 tai ongelmaa aiot tarkastella sek\u00e4 perustelut, miksi juuri n\u00e4m\u00e4 valinnat ovat tarkoituksenmukaisia.<\/li>\n\n\n\n<li>Perustele tutkimukseen tai muuhun n\u00e4ytt\u00f6\u00f6n perustuvan tiedon avulla opinn\u00e4ytety\u00f6n keskeiset k\u00e4sitteet, rajaukset ja n\u00e4k\u00f6kulmat.<\/li>\n\n\n\n<li>Osallistu kirjaston tiedonhaun ryhm\u00e4ohjaukseen. Mit\u00e4 aiheesta tiedet\u00e4\u00e4n jo ennalta? T\u00e4m\u00e4n luvun kirjoittamiseen liittyy olennaisesti systemaattinen tiedonhaku ja alkuper\u00e4isl\u00e4hteiden l\u00f6yt\u00e4minen, mik\u00e4li se on mahdollista. Liitteeksi selvitys tiedonhausta.<\/li>\n<\/ul>\n\n\n\n<h3 class=\"wp-block-heading\"><em>3  Kehitt\u00e4misty\u00f6n tai tutkimuksen tavoitteet ja kehitt\u00e4mis- tai tutkimusteht\u00e4v\u00e4t<\/em><\/h3>\n\n\n\n<ul class=\"wp-block-list\">\n<li>Kuvaa kehitt\u00e4mis-\/tutkimusongelma: Mik\u00e4 on vallitseva tilanne aiheen suhteen (esimerkiksi toimeksiantajalla)? Miksi t\u00e4m\u00e4 kehitt\u00e4misty\u00f6\/tutkimus kannattaa tehd\u00e4? Esimerkiksi: \u201dTuotteet eiv\u00e4t mene kaupaksi\u201d.<\/li>\n\n\n\n<li>Tavoitteet: Mihin kehitt\u00e4misty\u00f6ll\u00e4 tai tutkimuksella pyrit\u00e4\u00e4n? Mit\u00e4 hy\u00f6ty\u00e4 ty\u00f6st\u00e4 on toimeksiantajalle tai toimialalle. Esimerkiksi: \u201dSelvitet\u00e4\u00e4n asiakkaiden tarpeet\u201d.<\/li>\n\n\n\n<li>Kehitt\u00e4misteht\u00e4v\u00e4t tai tutkimuskysymykset: Mitk\u00e4 ovat t\u00e4rkeimm\u00e4t kysymykset, joihin haetaan vastausta? Esim. \u201dMit\u00e4 asiakkaat toivovat tuotteelta\u201d \u201dMik\u00e4 on tuotteen sopiva hinta\u201d.<\/li>\n\n\n\n<li>Esiolettamukset ty\u00f6n lopputuloksista: Mit\u00e4 syntyy ty\u00f6n lopputuloksena? Esimerkiksi: selvitys, suunnitelma, parannettu prosessi, jne.<\/li>\n<\/ul>\n\n\n\n<h3 class=\"wp-block-heading\"><em>4 Toteutus<\/em><\/h3>\n\n\n\n<h4 class=\"wp-block-heading\"><em>4.1 Menetelm\u00e4t<\/em><\/h4>\n\n\n\n<ul class=\"wp-block-list\">\n<li>Kerro, mill\u00e4 tutkimus- tai kehitt\u00e4misty\u00f6nmenetelmill\u00e4 opinn\u00e4ytety\u00f6n tavoitteet ovat ratkaistavissa.<\/li>\n\n\n\n<li>Kuvaile t\u00e4ss\u00e4, onko opinn\u00e4ytety\u00f6si tutkimuksellista kehitt\u00e4mistoimintaa, laadullista tai m\u00e4\u00e4r\u00e4llist\u00e4 tutkimusta, kuvaileva kirjallisuuskatsaus vai onko se jonkin muun tyyppinen opinn\u00e4ytety\u00f6. Muista aina perustella valintaasi menetelm\u00e4kirjallisuutta hy\u00f6dynt\u00e4en.<\/li>\n<\/ul>\n\n\n\n<h4 class=\"wp-block-heading\"><em>4.2 Aineistonkeruu ja -analy<\/em>y<em>si<\/em><\/h4>\n\n\n\n<ul class=\"wp-block-list\">\n<li>Kehitt\u00e4misty\u00f6n tai tutkimuksen kohderyhm\u00e4t? Kuvaile t\u00e4ss\u00e4 kohderyhm\u00e4\u00e4si, johon kehitt\u00e4misty\u00f6si tai tutkimuksesi kohdistuu.<\/li>\n\n\n\n<li>Selvit\u00e4, mik\u00e4 on kehitt\u00e4mis- tai tutkimusty\u00f6si aineisto. Millaisin menetelmin aiot ker\u00e4t\u00e4 sen? Saatko k\u00e4ytt\u00f6\u00f6si valmiin aineiston, millaisin menetelmin se on ker\u00e4tty? Teetk\u00f6 kuvailevan kirjallisuuskatsauksen, millaisia menetelmi\u00e4 silloin k\u00e4yt\u00e4t? Perehdy aineistonkeruumenetelmiin ty\u00f6el\u00e4m\u00e4n kehitt\u00e4mismenetelmi\u00e4 tai tutkimusmenetelmi\u00e4 koskevan menetelm\u00e4kirjallisuuden avulla.<\/li>\n\n\n\n<li>Miten aiot aineistokeruun toteuttaa kehitt\u00e4mis- tai tutkimusty\u00f6ss\u00e4si? Miten rekrytoit osallistujat ja millainen aikataulusuunnitelma sinulla on?<\/li>\n\n\n\n<li>Miten aiot analysoida ker\u00e4tyn kehitt\u00e4misty\u00f6n tai tutkimuksen aineiston? K\u00e4yt\u00e4tk\u00f6 tilastollisia menetelmi\u00e4, esim. SPSS tai EXCEL-taulukkolaskentaa, vai onko sinulla laadullinen aineisto, johon k\u00e4yt\u00e4t laadullisia menetelmi\u00e4? K\u00e4yt\u00e4 apunasi menetelm\u00e4kirjallisuutta.<\/li>\n<\/ul>\n\n\n\n<h3 class=\"wp-block-heading\"><em>5 Kehitt\u00e4misty\u00f6n tai tutkimuksen eettisyys ja luotettavuus<\/em><\/h3>\n\n\n\n<ul class=\"wp-block-list\">\n<li>Noudata opinn\u00e4ytety\u00f6t\u00e4 tehdess\u00e4si hyv\u00e4\u00e4 tieteellist\u00e4 k\u00e4yt\u00e4nt\u00f6\u00e4.<\/li>\n\n\n\n<li>Noudata raportointiohjeiden ohjeistusta l\u00e4hdeviitteiden merkitsemisest\u00e4.<\/li>\n\n\n\n<li>Selvit\u00e4, mit\u00e4 eettisi\u00e4 kysymyksi\u00e4 opinn\u00e4ytety\u00f6h\u00f6si liittyy ja miten pyrit ratkaisemaan niit\u00e4. Hy\u00f6dynn\u00e4 tutkimusetiikan kirjallisuutta tarkastellessasi kehitt\u00e4misty\u00f6n tai tutkimuksen eettisyytt\u00e4 ja luotettavuuskysymyksi\u00e4.<\/li>\n\n\n\n<li>Laadi aineistonhallintasuunnitelma DMP Tuuli -ty\u00f6kalulla ja liit\u00e4 aineistonhallintasuunnitelma liitteeksi.<\/li>\n\n\n\n<li>Kuvaa my\u00f6s mahdollinen tutkimuslupamenettely, mik\u00e4li opinn\u00e4ytety\u00f6n tekeminen kohdeorganisaatiossa edellytt\u00e4\u00e4 sinulta erillist\u00e4 tutkimusluvan hakemista. Esimerkiksi tilanteissa, joissa aineistonkeruu koskee henkil\u00f6st\u00f6\u00e4, asiakkaita, potilaita, opiskelijoita jne. tai rekisteri- tai arkistoaineistoja.<\/li>\n\n\n\n<li>Selvit\u00e4 mahdolliset salassapitokysymykset.<\/li>\n<\/ul>\n\n\n\n<h3 class=\"wp-block-heading\"><em>6 Opinn\u00e4ytety\u00f6n vaiheiden aikataulusuunnitelma<\/em><\/h3>\n\n\n\n<ul class=\"wp-block-list\">\n<li>Opinn\u00e4ytety\u00f6n vaiheiden alustava aikataulu.<\/li>\n\n\n\n<li>Kerro lukijalle, mit\u00e4 aiot konkreettisesti tehd\u00e4 kussakin vaiheessa.<\/li>\n<\/ul>\n\n\n\n<h3 class=\"wp-block-heading\"><em>L\u00e4hteet<\/em><\/h3>\n\n\n\n<ul class=\"wp-block-list\">\n<li>Kirjoita l\u00e4hdeluettelo raportointiohjeiden mukaisesti suunnitelmassa k\u00e4ytt\u00e4mist\u00e4si l\u00e4hteist\u00e4.<\/li>\n<\/ul>\n\n\n\n<h3 class=\"wp-block-heading\"><em>Liitteet<\/em><\/h3>\n\n\n\n<p>Liite 1: Selvitys tiedonhankinnasta<br>Liite 2: Aineistonhallintasuunnitelma<br>Liite 3: Aineistonkeruuseen liittyv\u00e4 saatekirje<br>Liite 4: Aineistonkeruuseen liittyv\u00e4t mittarit (<em>esim. kyselylomake, haastattelurunko, Learning caf\u00e9n kahvip\u00f6yt\u00e4teemat jne<\/em>.)<br>Liite 5: Toimeksiantajan edellytt\u00e4m\u00e4t liitteet tutkimusluvan hakemisen yhteydess\u00e4<\/p>\n\n\n\n<h2 class=\"wp-block-heading\">Opinn\u00e4ytety\u00f6suunnitelman palauttaminen Wihiin<\/h2>\n\n\n\n<p>Palauta opinn\u00e4ytety\u00f6suunnitelma Wihiin ohjaajan kommentoitavaksi ja hyv\u00e4ksytt\u00e4v\u00e4ksi. Katso palautusohjeet <a href=\"https:\/\/help.jamk.fi\/opinnaytetyo\/fi\/opinnaytetyoprojekti\/opinnaytetyon-projektointi-wihissa-projektisuunnitelma\/\">Wihi opinn\u00e4ytety\u00f6n ty\u00f6kaluna sivulta<\/a>.<\/p>\n\n\n\n<h2 class=\"wp-block-heading\"><\/h2>\n\n\n\n<p><em>P\u00e4ivitetty 16.4.2025<\/em><\/p>\n","protected":false},"excerpt":{"rendered":"<p>Opinn\u00e4ytety\u00f6suunnitelma Opinn\u00e4ytety\u00f6n suunnitelman tarkoituksena on, ett\u00e4 muodostat kokonaiskuvan sek\u00e4 opinn\u00e4ytety\u00f6projektista ett\u00e4 opinn\u00e4ytety\u00f6n aiheena olevasta kehitt\u00e4mis- tai tutkimuskohteesta. Tarvitset suunnitelmaa kun keskustelet toimeksiantajan ja ohjaajasi kanssa. Hyvin tehty suunnitelma ohjaa opinn\u00e4ytety\u00f6si etenemist\u00e4! Tee opinn\u00e4ytety\u00f6suunnitelman liitteeksi aineistonhallintasuunnitelma. Sen tarkoituksena on varmistaa, ett\u00e4 opinn\u00e4ytety\u00f6ss\u00e4 noudatetaan hyv\u00e4\u00e4 tieteellist\u00e4 k\u00e4yt\u00e4nt\u00f6\u00e4. Sen tarkoituksena on my\u00f6s huolehtia siit\u00e4, ettei tutkimusaineisto vaarannu miss\u00e4\u00e4n [&hellip;]<\/p>\n","protected":false},"author":79,"featured_media":0,"parent":100,"menu_order":1,"comment_status":"closed","ping_status":"closed","template":"","meta":{"_acf_changed":false,"_relevanssi_hide_post":"","_relevanssi_hide_content":"","_relevanssi_pin_for_all":"","_relevanssi_pin_keywords":"","_relevanssi_unpin_keywords":"","_relevanssi_related_keywords":"","_relevanssi_related_include_ids":"","_relevanssi_related_exclude_ids":"","_relevanssi_related_no_append":"","_relevanssi_related_not_related":"","_relevanssi_related_posts":"","_relevanssi_noindex_reason":"","footnotes":""},"categories":[1],"tags":[316,262,202,333],"class_list":["post-105","page","type-page","status-publish","hentry","category-yleinen","tag-opinnaytetyosuunnitelma","tag-projektin-eteneminen","tag-rakenne","tag-suunnittelu"],"acf":[],"yoast_head":"<!-- This site is optimized with the Yoast SEO plugin v27.3 - https:\/\/yoast.com\/product\/yoast-seo-wordpress\/ -->\n<title>5.1 Opinn\u00e4ytety\u00f6suunnitelma - Opinn\u00e4ytety\u00f6<\/title>\n<meta name=\"robots\" content=\"index, follow, max-snippet:-1, max-image-preview:large, max-video-preview:-1\" \/>\n<link rel=\"canonical\" href=\"https:\/\/help.jamk.fi\/opinnaytetyo\/fi\/opinnaytetyon-suunnittelu\/suunnitelma\/\" \/>\n<meta property=\"og:locale\" content=\"fi_FI\" \/>\n<meta property=\"og:type\" content=\"article\" \/>\n<meta property=\"og:title\" content=\"5.1 Opinn\u00e4ytety\u00f6suunnitelma - Opinn\u00e4ytety\u00f6\" \/>\n<meta property=\"og:description\" content=\"Opinn\u00e4ytety\u00f6suunnitelma Opinn\u00e4ytety\u00f6n suunnitelman tarkoituksena on, ett\u00e4 muodostat kokonaiskuvan sek\u00e4 opinn\u00e4ytety\u00f6projektista ett\u00e4 opinn\u00e4ytety\u00f6n aiheena olevasta kehitt\u00e4mis- tai tutkimuskohteesta. Tarvitset suunnitelmaa kun keskustelet toimeksiantajan ja ohjaajasi kanssa. Hyvin tehty suunnitelma ohjaa opinn\u00e4ytety\u00f6si etenemist\u00e4! Tee opinn\u00e4ytety\u00f6suunnitelman liitteeksi aineistonhallintasuunnitelma. Sen tarkoituksena on varmistaa, ett\u00e4 opinn\u00e4ytety\u00f6ss\u00e4 noudatetaan hyv\u00e4\u00e4 tieteellist\u00e4 k\u00e4yt\u00e4nt\u00f6\u00e4. Sen tarkoituksena on my\u00f6s huolehtia siit\u00e4, ettei tutkimusaineisto vaarannu miss\u00e4\u00e4n [&hellip;]\" \/>\n<meta property=\"og:url\" content=\"https:\/\/help.jamk.fi\/opinnaytetyo\/fi\/opinnaytetyon-suunnittelu\/suunnitelma\/\" \/>\n<meta property=\"og:site_name\" content=\"Opinn\u00e4ytety\u00f6\" \/>\n<meta property=\"article:modified_time\" content=\"2026-01-15T10:42:08+00:00\" \/>\n<meta name=\"twitter:card\" content=\"summary_large_image\" \/>\n<meta name=\"twitter:label1\" content=\"Arvioitu lukuaika\" \/>\n\t<meta name=\"twitter:data1\" content=\"5 minuuttia\" \/>\n<script type=\"application\/ld+json\" class=\"yoast-schema-graph\">{\"@context\":\"https:\\\/\\\/schema.org\",\"@graph\":[{\"@type\":\"WebPage\",\"@id\":\"https:\\\/\\\/help.jamk.fi\\\/opinnaytetyo\\\/fi\\\/opinnaytetyon-suunnittelu\\\/suunnitelma\\\/\",\"url\":\"https:\\\/\\\/help.jamk.fi\\\/opinnaytetyo\\\/fi\\\/opinnaytetyon-suunnittelu\\\/suunnitelma\\\/\",\"name\":\"5.1 Opinn\u00e4ytety\u00f6suunnitelma - Opinn\u00e4ytety\u00f6\",\"isPartOf\":{\"@id\":\"https:\\\/\\\/help.jamk.fi\\\/opinnaytetyo\\\/#website\"},\"datePublished\":\"2020-04-20T08:41:17+00:00\",\"dateModified\":\"2026-01-15T10:42:08+00:00\",\"breadcrumb\":{\"@id\":\"https:\\\/\\\/help.jamk.fi\\\/opinnaytetyo\\\/fi\\\/opinnaytetyon-suunnittelu\\\/suunnitelma\\\/#breadcrumb\"},\"inLanguage\":\"fi\",\"potentialAction\":[{\"@type\":\"ReadAction\",\"target\":[\"https:\\\/\\\/help.jamk.fi\\\/opinnaytetyo\\\/fi\\\/opinnaytetyon-suunnittelu\\\/suunnitelma\\\/\"]}]},{\"@type\":\"BreadcrumbList\",\"@id\":\"https:\\\/\\\/help.jamk.fi\\\/opinnaytetyo\\\/fi\\\/opinnaytetyon-suunnittelu\\\/suunnitelma\\\/#breadcrumb\",\"itemListElement\":[{\"@type\":\"ListItem\",\"position\":1,\"name\":\"Etusivu\",\"item\":\"https:\\\/\\\/help.jamk.fi\\\/opinnaytetyo\\\/fi\\\/\"},{\"@type\":\"ListItem\",\"position\":2,\"name\":\"5 Opinn\u00e4ytety\u00f6n suunnittelu &#8211; Vaihe 1\\\/3\",\"item\":\"https:\\\/\\\/help.jamk.fi\\\/opinnaytetyo\\\/fi\\\/opinnaytetyon-suunnittelu\\\/\"},{\"@type\":\"ListItem\",\"position\":3,\"name\":\"5.1 Opinn\u00e4ytety\u00f6suunnitelma\"}]},{\"@type\":\"WebSite\",\"@id\":\"https:\\\/\\\/help.jamk.fi\\\/opinnaytetyo\\\/#website\",\"url\":\"https:\\\/\\\/help.jamk.fi\\\/opinnaytetyo\\\/\",\"name\":\"Opinn\u00e4ytety\u00f6\",\"description\":\"\",\"potentialAction\":[{\"@type\":\"SearchAction\",\"target\":{\"@type\":\"EntryPoint\",\"urlTemplate\":\"https:\\\/\\\/help.jamk.fi\\\/opinnaytetyo\\\/?s={search_term_string}\"},\"query-input\":{\"@type\":\"PropertyValueSpecification\",\"valueRequired\":true,\"valueName\":\"search_term_string\"}}],\"inLanguage\":\"fi\"}]}<\/script>\n<!-- \/ Yoast SEO plugin. -->","yoast_head_json":{"title":"5.1 Opinn\u00e4ytety\u00f6suunnitelma - Opinn\u00e4ytety\u00f6","robots":{"index":"index","follow":"follow","max-snippet":"max-snippet:-1","max-image-preview":"max-image-preview:large","max-video-preview":"max-video-preview:-1"},"canonical":"https:\/\/help.jamk.fi\/opinnaytetyo\/fi\/opinnaytetyon-suunnittelu\/suunnitelma\/","og_locale":"fi_FI","og_type":"article","og_title":"5.1 Opinn\u00e4ytety\u00f6suunnitelma - Opinn\u00e4ytety\u00f6","og_description":"Opinn\u00e4ytety\u00f6suunnitelma Opinn\u00e4ytety\u00f6n suunnitelman tarkoituksena on, ett\u00e4 muodostat kokonaiskuvan sek\u00e4 opinn\u00e4ytety\u00f6projektista ett\u00e4 opinn\u00e4ytety\u00f6n aiheena olevasta kehitt\u00e4mis- tai tutkimuskohteesta. Tarvitset suunnitelmaa kun keskustelet toimeksiantajan ja ohjaajasi kanssa. Hyvin tehty suunnitelma ohjaa opinn\u00e4ytety\u00f6si etenemist\u00e4! Tee opinn\u00e4ytety\u00f6suunnitelman liitteeksi aineistonhallintasuunnitelma. Sen tarkoituksena on varmistaa, ett\u00e4 opinn\u00e4ytety\u00f6ss\u00e4 noudatetaan hyv\u00e4\u00e4 tieteellist\u00e4 k\u00e4yt\u00e4nt\u00f6\u00e4. Sen tarkoituksena on my\u00f6s huolehtia siit\u00e4, ettei tutkimusaineisto vaarannu miss\u00e4\u00e4n [&hellip;]","og_url":"https:\/\/help.jamk.fi\/opinnaytetyo\/fi\/opinnaytetyon-suunnittelu\/suunnitelma\/","og_site_name":"Opinn\u00e4ytety\u00f6","article_modified_time":"2026-01-15T10:42:08+00:00","twitter_card":"summary_large_image","twitter_misc":{"Arvioitu lukuaika":"5 minuuttia"},"schema":{"@context":"https:\/\/schema.org","@graph":[{"@type":"WebPage","@id":"https:\/\/help.jamk.fi\/opinnaytetyo\/fi\/opinnaytetyon-suunnittelu\/suunnitelma\/","url":"https:\/\/help.jamk.fi\/opinnaytetyo\/fi\/opinnaytetyon-suunnittelu\/suunnitelma\/","name":"5.1 Opinn\u00e4ytety\u00f6suunnitelma - Opinn\u00e4ytety\u00f6","isPartOf":{"@id":"https:\/\/help.jamk.fi\/opinnaytetyo\/#website"},"datePublished":"2020-04-20T08:41:17+00:00","dateModified":"2026-01-15T10:42:08+00:00","breadcrumb":{"@id":"https:\/\/help.jamk.fi\/opinnaytetyo\/fi\/opinnaytetyon-suunnittelu\/suunnitelma\/#breadcrumb"},"inLanguage":"fi","potentialAction":[{"@type":"ReadAction","target":["https:\/\/help.jamk.fi\/opinnaytetyo\/fi\/opinnaytetyon-suunnittelu\/suunnitelma\/"]}]},{"@type":"BreadcrumbList","@id":"https:\/\/help.jamk.fi\/opinnaytetyo\/fi\/opinnaytetyon-suunnittelu\/suunnitelma\/#breadcrumb","itemListElement":[{"@type":"ListItem","position":1,"name":"Etusivu","item":"https:\/\/help.jamk.fi\/opinnaytetyo\/fi\/"},{"@type":"ListItem","position":2,"name":"5 Opinn\u00e4ytety\u00f6n suunnittelu &#8211; Vaihe 1\/3","item":"https:\/\/help.jamk.fi\/opinnaytetyo\/fi\/opinnaytetyon-suunnittelu\/"},{"@type":"ListItem","position":3,"name":"5.1 Opinn\u00e4ytety\u00f6suunnitelma"}]},{"@type":"WebSite","@id":"https:\/\/help.jamk.fi\/opinnaytetyo\/#website","url":"https:\/\/help.jamk.fi\/opinnaytetyo\/","name":"Opinn\u00e4ytety\u00f6","description":"","potentialAction":[{"@type":"SearchAction","target":{"@type":"EntryPoint","urlTemplate":"https:\/\/help.jamk.fi\/opinnaytetyo\/?s={search_term_string}"},"query-input":{"@type":"PropertyValueSpecification","valueRequired":true,"valueName":"search_term_string"}}],"inLanguage":"fi"}]}},"_links":{"self":[{"href":"https:\/\/help.jamk.fi\/opinnaytetyo\/wp-json\/wp\/v2\/pages\/105","targetHints":{"allow":["GET"]}}],"collection":[{"href":"https:\/\/help.jamk.fi\/opinnaytetyo\/wp-json\/wp\/v2\/pages"}],"about":[{"href":"https:\/\/help.jamk.fi\/opinnaytetyo\/wp-json\/wp\/v2\/types\/page"}],"author":[{"embeddable":true,"href":"https:\/\/help.jamk.fi\/opinnaytetyo\/wp-json\/wp\/v2\/users\/79"}],"replies":[{"embeddable":true,"href":"https:\/\/help.jamk.fi\/opinnaytetyo\/wp-json\/wp\/v2\/comments?post=105"}],"version-history":[{"count":26,"href":"https:\/\/help.jamk.fi\/opinnaytetyo\/wp-json\/wp\/v2\/pages\/105\/revisions"}],"predecessor-version":[{"id":6177,"href":"https:\/\/help.jamk.fi\/opinnaytetyo\/wp-json\/wp\/v2\/pages\/105\/revisions\/6177"}],"up":[{"embeddable":true,"href":"https:\/\/help.jamk.fi\/opinnaytetyo\/wp-json\/wp\/v2\/pages\/100"}],"wp:attachment":[{"href":"https:\/\/help.jamk.fi\/opinnaytetyo\/wp-json\/wp\/v2\/media?parent=105"}],"wp:term":[{"taxonomy":"category","embeddable":true,"href":"https:\/\/help.jamk.fi\/opinnaytetyo\/wp-json\/wp\/v2\/categories?post=105"},{"taxonomy":"post_tag","embeddable":true,"href":"https:\/\/help.jamk.fi\/opinnaytetyo\/wp-json\/wp\/v2\/tags?post=105"}],"curies":[{"name":"wp","href":"https:\/\/api.w.org\/{rel}","templated":true}]}}