{"id":120,"date":"2020-04-20T11:44:56","date_gmt":"2020-04-20T08:44:56","guid":{"rendered":"https:\/\/help.jamk.fi\/opinnaytetyo\/projektisuunnitelma-aikataulu\/kirjasto-tiedonhankinta\/"},"modified":"2025-04-16T18:27:49","modified_gmt":"2025-04-16T15:27:49","slug":"kirjasto-tiedonhankinta","status":"publish","type":"page","link":"https:\/\/help.jamk.fi\/opinnaytetyo\/fi\/opinnaytetyon-suunnittelu\/kirjasto-tiedonhankinta\/","title":{"rendered":"5.5 Kirjaston tiedonhankinnan ohjaus"},"content":{"rendered":"\n<p>Opinn\u00e4ytety\u00f6h\u00f6n kuuluu olennaisena osana mahdollisimman j\u00e4rjestelm\u00e4llinen tiedonhankinta, joka on aiheeltaan tarkasti m\u00e4\u00e4ritelty ja rajattu. Tyypillist\u00e4 tiedonhankinnalle on, ett\u00e4 se tarkentuu opinn\u00e4ytety\u00f6n edetess\u00e4. Uusia mielenkiinnon kohteita nousee ja aihe rajautuu lis\u00e4\u00e4. Tiedonhankinta on luova prosessi, jossa jo l\u00f6ydetyt l\u00e4hteet vaikuttavat sek\u00e4 teht\u00e4v\u00e4n tarkentumiseen ett\u00e4 uusien kiehtovien n\u00e4k\u00f6kulmien ja tiedonl\u00e4hteiden etsint\u00e4\u00e4n ja l\u00f6yt\u00e4miseen.<\/p>\n\n\n\n<p>Tee Moodlessa Opinn\u00e4ytety\u00f6n tiedonhankinta -kurssi. Voit suorittaa kurssin omaan tahtiisi suunnitelmavaiheen aikana. Kurssi ohjaa sinua tekem\u00e4\u00e4n &#8221;Selvitys tiedonhankinnasta&#8221; -teht\u00e4v\u00e4n, joka on pakollinen liite opinn\u00e4ytety\u00f6suunnitelmaan. Kurssin aikana ja sen j\u00e4lkeen saat apua tiedonhakuun kirjaston j\u00e4rjest\u00e4mist\u00e4 tiedonhaun ty\u00f6pajoista.<\/p>\n\n\n\n<p><em>P\u00e4ivitetty 7.4.2025<\/em><\/p>\n","protected":false},"excerpt":{"rendered":"<p>Opinn\u00e4ytety\u00f6h\u00f6n kuuluu olennaisena osana mahdollisimman j\u00e4rjestelm\u00e4llinen tiedonhankinta, joka on aiheeltaan tarkasti m\u00e4\u00e4ritelty ja rajattu. Tyypillist\u00e4 tiedonhankinnalle on, ett\u00e4 se tarkentuu opinn\u00e4ytety\u00f6n edetess\u00e4. Uusia mielenkiinnon kohteita nousee ja aihe rajautuu lis\u00e4\u00e4. Tiedonhankinta on luova prosessi, jossa jo l\u00f6ydetyt l\u00e4hteet vaikuttavat sek\u00e4 teht\u00e4v\u00e4n tarkentumiseen ett\u00e4 uusien kiehtovien n\u00e4k\u00f6kulmien ja tiedonl\u00e4hteiden etsint\u00e4\u00e4n ja l\u00f6yt\u00e4miseen. P\u00e4ivitetty 7.4.2025<\/p>\n","protected":false},"author":79,"featured_media":0,"parent":100,"menu_order":5,"comment_status":"closed","ping_status":"closed","template":"","meta":{"_acf_changed":false,"_relevanssi_hide_post":"","_relevanssi_hide_content":"","_relevanssi_pin_for_all":"","_relevanssi_pin_keywords":"","_relevanssi_unpin_keywords":"","_relevanssi_related_keywords":"","_relevanssi_related_include_ids":"","_relevanssi_related_exclude_ids":"","_relevanssi_related_no_append":"","_relevanssi_related_not_related":"","_relevanssi_related_posts":"","_relevanssi_noindex_reason":"","footnotes":""},"categories":[1],"tags":[393,399,262,405],"class_list":["post-120","page","type-page","status-publish","hentry","category-yleinen","tag-kirjasto","tag-ohjaus","tag-projektin-eteneminen","tag-tiedonhankinta"],"acf":[],"yoast_head":"<!-- This site is optimized with the Yoast SEO plugin v27.3 - https:\/\/yoast.com\/product\/yoast-seo-wordpress\/ -->\n<title>5.5 Kirjaston tiedonhankinnan ohjaus - Opinn\u00e4ytety\u00f6<\/title>\n<meta name=\"robots\" content=\"index, follow, max-snippet:-1, max-image-preview:large, max-video-preview:-1\" \/>\n<link rel=\"canonical\" href=\"https:\/\/help.jamk.fi\/opinnaytetyo\/fi\/opinnaytetyon-suunnittelu\/kirjasto-tiedonhankinta\/\" \/>\n<meta property=\"og:locale\" content=\"fi_FI\" \/>\n<meta property=\"og:type\" content=\"article\" \/>\n<meta property=\"og:title\" content=\"5.5 Kirjaston tiedonhankinnan ohjaus - Opinn\u00e4ytety\u00f6\" \/>\n<meta property=\"og:description\" content=\"Opinn\u00e4ytety\u00f6h\u00f6n kuuluu olennaisena osana mahdollisimman j\u00e4rjestelm\u00e4llinen tiedonhankinta, joka on aiheeltaan tarkasti m\u00e4\u00e4ritelty ja rajattu. Tyypillist\u00e4 tiedonhankinnalle on, ett\u00e4 se tarkentuu opinn\u00e4ytety\u00f6n edetess\u00e4. Uusia mielenkiinnon kohteita nousee ja aihe rajautuu lis\u00e4\u00e4. Tiedonhankinta on luova prosessi, jossa jo l\u00f6ydetyt l\u00e4hteet vaikuttavat sek\u00e4 teht\u00e4v\u00e4n tarkentumiseen ett\u00e4 uusien kiehtovien n\u00e4k\u00f6kulmien ja tiedonl\u00e4hteiden etsint\u00e4\u00e4n ja l\u00f6yt\u00e4miseen. P\u00e4ivitetty 7.4.2025\" \/>\n<meta property=\"og:url\" content=\"https:\/\/help.jamk.fi\/opinnaytetyo\/fi\/opinnaytetyon-suunnittelu\/kirjasto-tiedonhankinta\/\" \/>\n<meta property=\"og:site_name\" content=\"Opinn\u00e4ytety\u00f6\" \/>\n<meta property=\"article:modified_time\" content=\"2025-04-16T15:27:49+00:00\" \/>\n<meta name=\"twitter:card\" content=\"summary_large_image\" \/>\n<meta name=\"twitter:label1\" content=\"Arvioitu lukuaika\" \/>\n\t<meta name=\"twitter:data1\" content=\"1 minuutti\" \/>\n<script type=\"application\/ld+json\" class=\"yoast-schema-graph\">{\"@context\":\"https:\\\/\\\/schema.org\",\"@graph\":[{\"@type\":\"WebPage\",\"@id\":\"https:\\\/\\\/help.jamk.fi\\\/opinnaytetyo\\\/fi\\\/opinnaytetyon-suunnittelu\\\/kirjasto-tiedonhankinta\\\/\",\"url\":\"https:\\\/\\\/help.jamk.fi\\\/opinnaytetyo\\\/fi\\\/opinnaytetyon-suunnittelu\\\/kirjasto-tiedonhankinta\\\/\",\"name\":\"5.5 Kirjaston tiedonhankinnan ohjaus - Opinn\u00e4ytety\u00f6\",\"isPartOf\":{\"@id\":\"https:\\\/\\\/help.jamk.fi\\\/opinnaytetyo\\\/#website\"},\"datePublished\":\"2020-04-20T08:44:56+00:00\",\"dateModified\":\"2025-04-16T15:27:49+00:00\",\"breadcrumb\":{\"@id\":\"https:\\\/\\\/help.jamk.fi\\\/opinnaytetyo\\\/fi\\\/opinnaytetyon-suunnittelu\\\/kirjasto-tiedonhankinta\\\/#breadcrumb\"},\"inLanguage\":\"fi\",\"potentialAction\":[{\"@type\":\"ReadAction\",\"target\":[\"https:\\\/\\\/help.jamk.fi\\\/opinnaytetyo\\\/fi\\\/opinnaytetyon-suunnittelu\\\/kirjasto-tiedonhankinta\\\/\"]}]},{\"@type\":\"BreadcrumbList\",\"@id\":\"https:\\\/\\\/help.jamk.fi\\\/opinnaytetyo\\\/fi\\\/opinnaytetyon-suunnittelu\\\/kirjasto-tiedonhankinta\\\/#breadcrumb\",\"itemListElement\":[{\"@type\":\"ListItem\",\"position\":1,\"name\":\"Etusivu\",\"item\":\"https:\\\/\\\/help.jamk.fi\\\/opinnaytetyo\\\/fi\\\/\"},{\"@type\":\"ListItem\",\"position\":2,\"name\":\"5 Opinn\u00e4ytety\u00f6n suunnittelu &#8211; Vaihe 1\\\/3\",\"item\":\"https:\\\/\\\/help.jamk.fi\\\/opinnaytetyo\\\/fi\\\/opinnaytetyon-suunnittelu\\\/\"},{\"@type\":\"ListItem\",\"position\":3,\"name\":\"5.5 Kirjaston tiedonhankinnan ohjaus\"}]},{\"@type\":\"WebSite\",\"@id\":\"https:\\\/\\\/help.jamk.fi\\\/opinnaytetyo\\\/#website\",\"url\":\"https:\\\/\\\/help.jamk.fi\\\/opinnaytetyo\\\/\",\"name\":\"Opinn\u00e4ytety\u00f6\",\"description\":\"\",\"potentialAction\":[{\"@type\":\"SearchAction\",\"target\":{\"@type\":\"EntryPoint\",\"urlTemplate\":\"https:\\\/\\\/help.jamk.fi\\\/opinnaytetyo\\\/?s={search_term_string}\"},\"query-input\":{\"@type\":\"PropertyValueSpecification\",\"valueRequired\":true,\"valueName\":\"search_term_string\"}}],\"inLanguage\":\"fi\"}]}<\/script>\n<!-- \/ Yoast SEO plugin. -->","yoast_head_json":{"title":"5.5 Kirjaston tiedonhankinnan ohjaus - Opinn\u00e4ytety\u00f6","robots":{"index":"index","follow":"follow","max-snippet":"max-snippet:-1","max-image-preview":"max-image-preview:large","max-video-preview":"max-video-preview:-1"},"canonical":"https:\/\/help.jamk.fi\/opinnaytetyo\/fi\/opinnaytetyon-suunnittelu\/kirjasto-tiedonhankinta\/","og_locale":"fi_FI","og_type":"article","og_title":"5.5 Kirjaston tiedonhankinnan ohjaus - Opinn\u00e4ytety\u00f6","og_description":"Opinn\u00e4ytety\u00f6h\u00f6n kuuluu olennaisena osana mahdollisimman j\u00e4rjestelm\u00e4llinen tiedonhankinta, joka on aiheeltaan tarkasti m\u00e4\u00e4ritelty ja rajattu. Tyypillist\u00e4 tiedonhankinnalle on, ett\u00e4 se tarkentuu opinn\u00e4ytety\u00f6n edetess\u00e4. Uusia mielenkiinnon kohteita nousee ja aihe rajautuu lis\u00e4\u00e4. Tiedonhankinta on luova prosessi, jossa jo l\u00f6ydetyt l\u00e4hteet vaikuttavat sek\u00e4 teht\u00e4v\u00e4n tarkentumiseen ett\u00e4 uusien kiehtovien n\u00e4k\u00f6kulmien ja tiedonl\u00e4hteiden etsint\u00e4\u00e4n ja l\u00f6yt\u00e4miseen. P\u00e4ivitetty 7.4.2025","og_url":"https:\/\/help.jamk.fi\/opinnaytetyo\/fi\/opinnaytetyon-suunnittelu\/kirjasto-tiedonhankinta\/","og_site_name":"Opinn\u00e4ytety\u00f6","article_modified_time":"2025-04-16T15:27:49+00:00","twitter_card":"summary_large_image","twitter_misc":{"Arvioitu lukuaika":"1 minuutti"},"schema":{"@context":"https:\/\/schema.org","@graph":[{"@type":"WebPage","@id":"https:\/\/help.jamk.fi\/opinnaytetyo\/fi\/opinnaytetyon-suunnittelu\/kirjasto-tiedonhankinta\/","url":"https:\/\/help.jamk.fi\/opinnaytetyo\/fi\/opinnaytetyon-suunnittelu\/kirjasto-tiedonhankinta\/","name":"5.5 Kirjaston tiedonhankinnan ohjaus - Opinn\u00e4ytety\u00f6","isPartOf":{"@id":"https:\/\/help.jamk.fi\/opinnaytetyo\/#website"},"datePublished":"2020-04-20T08:44:56+00:00","dateModified":"2025-04-16T15:27:49+00:00","breadcrumb":{"@id":"https:\/\/help.jamk.fi\/opinnaytetyo\/fi\/opinnaytetyon-suunnittelu\/kirjasto-tiedonhankinta\/#breadcrumb"},"inLanguage":"fi","potentialAction":[{"@type":"ReadAction","target":["https:\/\/help.jamk.fi\/opinnaytetyo\/fi\/opinnaytetyon-suunnittelu\/kirjasto-tiedonhankinta\/"]}]},{"@type":"BreadcrumbList","@id":"https:\/\/help.jamk.fi\/opinnaytetyo\/fi\/opinnaytetyon-suunnittelu\/kirjasto-tiedonhankinta\/#breadcrumb","itemListElement":[{"@type":"ListItem","position":1,"name":"Etusivu","item":"https:\/\/help.jamk.fi\/opinnaytetyo\/fi\/"},{"@type":"ListItem","position":2,"name":"5 Opinn\u00e4ytety\u00f6n suunnittelu &#8211; Vaihe 1\/3","item":"https:\/\/help.jamk.fi\/opinnaytetyo\/fi\/opinnaytetyon-suunnittelu\/"},{"@type":"ListItem","position":3,"name":"5.5 Kirjaston tiedonhankinnan ohjaus"}]},{"@type":"WebSite","@id":"https:\/\/help.jamk.fi\/opinnaytetyo\/#website","url":"https:\/\/help.jamk.fi\/opinnaytetyo\/","name":"Opinn\u00e4ytety\u00f6","description":"","potentialAction":[{"@type":"SearchAction","target":{"@type":"EntryPoint","urlTemplate":"https:\/\/help.jamk.fi\/opinnaytetyo\/?s={search_term_string}"},"query-input":{"@type":"PropertyValueSpecification","valueRequired":true,"valueName":"search_term_string"}}],"inLanguage":"fi"}]}},"_links":{"self":[{"href":"https:\/\/help.jamk.fi\/opinnaytetyo\/wp-json\/wp\/v2\/pages\/120","targetHints":{"allow":["GET"]}}],"collection":[{"href":"https:\/\/help.jamk.fi\/opinnaytetyo\/wp-json\/wp\/v2\/pages"}],"about":[{"href":"https:\/\/help.jamk.fi\/opinnaytetyo\/wp-json\/wp\/v2\/types\/page"}],"author":[{"embeddable":true,"href":"https:\/\/help.jamk.fi\/opinnaytetyo\/wp-json\/wp\/v2\/users\/79"}],"replies":[{"embeddable":true,"href":"https:\/\/help.jamk.fi\/opinnaytetyo\/wp-json\/wp\/v2\/comments?post=120"}],"version-history":[{"count":21,"href":"https:\/\/help.jamk.fi\/opinnaytetyo\/wp-json\/wp\/v2\/pages\/120\/revisions"}],"predecessor-version":[{"id":5513,"href":"https:\/\/help.jamk.fi\/opinnaytetyo\/wp-json\/wp\/v2\/pages\/120\/revisions\/5513"}],"up":[{"embeddable":true,"href":"https:\/\/help.jamk.fi\/opinnaytetyo\/wp-json\/wp\/v2\/pages\/100"}],"wp:attachment":[{"href":"https:\/\/help.jamk.fi\/opinnaytetyo\/wp-json\/wp\/v2\/media?parent=120"}],"wp:term":[{"taxonomy":"category","embeddable":true,"href":"https:\/\/help.jamk.fi\/opinnaytetyo\/wp-json\/wp\/v2\/categories?post=120"},{"taxonomy":"post_tag","embeddable":true,"href":"https:\/\/help.jamk.fi\/opinnaytetyo\/wp-json\/wp\/v2\/tags?post=120"}],"curies":[{"name":"wp","href":"https:\/\/api.w.org\/{rel}","templated":true}]}}