{"id":123,"date":"2020-04-20T11:45:54","date_gmt":"2020-04-20T08:45:54","guid":{"rendered":"https:\/\/help.jamk.fi\/opinnaytetyo\/toteutus\/"},"modified":"2025-08-15T15:03:15","modified_gmt":"2025-08-15T12:03:15","slug":"toteutus","status":"publish","type":"page","link":"https:\/\/help.jamk.fi\/opinnaytetyo\/fi\/toteutus\/","title":{"rendered":"7 Opinn\u00e4ytety\u00f6n toteutus &#8211; Vaihe 2\/3"},"content":{"rendered":"\n<p><strong>T\u00e4m\u00e4 vaihe liittyy seuraaviin opintojaksoihin:<\/strong><\/p>\n\n\n\n<ul class=\"wp-block-list\">\n<li>Opinn\u00e4ytety\u00f6n toteutus, AMK 6 op ZZ00BL92<\/li>\n\n\n\n<li>Opinn\u00e4ytety\u00f6n toteutus, ylempi AMK 10 op YZ00BL95<\/li>\n<\/ul>\n\n\n\n<p><\/p>\n\n\n\n<p>Kun opinn\u00e4ytety\u00f6suunnitelmasi on hyv\u00e4ksytty ja olet kirjoittanut tietoperustaa 3-5 sivua, aloitat opinn\u00e4ytety\u00f6n k\u00e4yt\u00e4nn\u00f6n toteutuksen suunnitelmasi mukaisesti. T\u00e4m\u00e4 vaihe edellytt\u00e4\u00e4 itsen\u00e4ist\u00e4 ty\u00f6skentely\u00e4, jota pienryhm\u00e4ohjaus ja mahdolliset seminaarit tukevat. Jos ty\u00f6ll\u00e4si on toimeksiantaja, tee heid\u00e4n kanssaan yhteisty\u00f6t\u00e4 toteutuksen onnistumiseksi.<\/p>\n\n\n\n<h2 class=\"wp-block-heading\">Luo seuraavat teht\u00e4v\u00e4t Wihiin ja tee ne<\/h2>\n\n\n\n<ul class=\"wp-block-list\">\n<li>Kirjoita opinn\u00e4ytety\u00f6n tietoperusta ja menetelm\u00e4kuvaus valmiiksi.<\/li>\n\n\n\n<li>Esit\u00e4 menetelm\u00e4kuvauksesi p\u00e4\u00e4ohjaajan j\u00e4rjest\u00e4m\u00e4ss\u00e4 seminaarissa tai pienryhm\u00e4ss\u00e4.<\/li>\n\n\n\n<li>Tee opinn\u00e4ytety\u00f6n k\u00e4yt\u00e4nn\u00f6n toteutus suunnitelmasi mukaisesti.<\/li>\n\n\n\n<li>Tarvittaessa voit varata ajan Kielikeskuksen tekstinohjausklinikalta kirjoittamiseen liittyviss\u00e4 ongelmissa.<\/li>\n\n\n\n<li>Osallistu tarvittaessa yksil\u00f6ohjauksiin.<br><\/li>\n<\/ul>\n\n\n\n<p><\/p>\n\n\n\n<h2 class=\"wp-block-heading\">Opinn\u00e4ytety\u00f6n toteutusvaiheessa<\/h2>\n\n\n\n<ul class=\"wp-block-list\">\n<li>laajennat ja syvenn\u00e4t opinn\u00e4ytety\u00f6n tietoperustaa ja menetelm\u00e4osiota<\/li>\n\n\n\n<li>toteutat tutkimus- tai kehitt\u00e4misty\u00f6n k\u00e4yt\u00e4nn\u00f6n osuuden<\/li>\n\n\n\n<li>hankit ja analysoit tutkimus- tai kehitt\u00e4misaineistoa<\/li>\n\n\n\n<li>esit\u00e4t tulokset tai tuotokset ja<\/li>\n\n\n\n<li>arvioit sek\u00e4 pohdit ty\u00f6si tuloksia tai tuotoksia kirjallisessa raportissa.<\/li>\n<\/ul>\n\n\n\n<p>Ryhdyt kirjoittamaan opinn\u00e4ytety\u00f6si ensimm\u00e4ist\u00e4 luonnosta. Tarkista, ett\u00e4 ty\u00f6n eri osat ovat kesken\u00e4\u00e4n johdonmukaisia ja ett\u00e4 ty\u00f6n rakenne on tasapainoinen sek\u00e4 Jamkin raportointiohjeen mukainen. K\u00e4yt\u00e4 aikaa ty\u00f6n tulosten kirjaamiseen ja niiden merkityksen pohtimiseen. Tulokset kuvaillaan sellaisenaan, mutta pohdinnassa niille pyrit\u00e4\u00e4n l\u00f6yt\u00e4m\u00e4\u00e4n selitys ja merkitys k\u00e4ytt\u00e4en hyv\u00e4ksi tietoperustan sis\u00e4lt\u00f6\u00e4. Jatkat tietoperustan syvent\u00e4mist\u00e4, hankit ja analysoit opinn\u00e4ytety\u00f6ss\u00e4si ker\u00e4\u00e4m\u00e4\u00e4si materiaalia ja tutkimusaineistoa. Katso kirjoittamiseen tukea raportointiohjeesta. Hy\u00f6dynn\u00e4 ohjausta, kun et itse p\u00e4\u00e4se eteenp\u00e4in. <\/p>\n\n\n\n<p><strong>Huom. Jos hy\u00f6dynn\u00e4t ty\u00f6ss\u00e4si teko\u00e4ly\u00e4, muista kirjoittaa se n\u00e4kyv\u00e4ksi!<\/strong> Katso ohje raportointiohjeen kohdasta 3.2.<\/p>\n\n\n\n<p><\/p>\n\n\n\n<h2 class=\"wp-block-heading\">Tee ty\u00f6llesi plagioinnintarkastus<\/h2>\n\n\n\n<p>Tee ty\u00f6llesi plagioinnintarkastus viimeist\u00e4\u00e4n silloin, kun olet luonnostellut teksti\u00e4 jokaiseen opinn\u00e4ytety\u00f6si lukuun. T\u00e4m\u00e4n voit tehd\u00e4 joko Wihin toiminnolla (saat vain prosenttiluvun, mutta et n\u00e4e sis\u00e4lt\u00f6\u00e4) tai <strong>Moodlen Turnitin -ty\u00f6tilassa,<\/strong> jossa p\u00e4\u00e4set tarkastelemaan yksityiskohtaisesti tekstin laatua. (kts. linkit). Voit tehd\u00e4 tarkastuksen niin monta kertaa kuin haluat. Voit tarkistuttaa my\u00f6s vain osia ty\u00f6st\u00e4. <strong>\u00c4l\u00e4 tarkistuta teksti\u00e4, joka on luottamuksellista (opinn\u00e4ytety\u00f6n salaiset osat).<\/strong><\/p>\n\n\n\n<ol class=\"wp-block-list\">\n<li>Wihin n\u00e4kym\u00e4n oikealla puolella n\u00e4et Tiedot -osion. Sen alla on <strong>Luonnosten plagiointitarkastus.<\/strong><\/li>\n\n\n\n<li>Lataa t\u00e4h\u00e4n ty\u00f6si luonnos pdf-muodossa. <\/li>\n\n\n\n<li>Odota ett\u00e4 tulos valmistuu. T\u00e4ss\u00e4 voi kulua joitain tunteja (tai y\u00f6n yli).<\/li>\n\n\n\n<li>Tarkista tulos. Useimmiten yli 20% indikoi suoraa kopiointia. Kirjoita teksti\u00e4 uudelleen omin sanoin.<\/li>\n\n\n\n<li><\/li>\n<\/ol>\n\n\n\n<figure class=\"wp-block-image size-full\"><img loading=\"lazy\" decoding=\"async\" width=\"1000\" height=\"488\" src=\"https:\/\/help.jamk.fi\/opinnaytetyo\/wp-content\/uploads\/sites\/114\/2025\/03\/Luonnosten_plagiointitarkastus_wihi_vers8.png\" alt=\"Luonnoksen plagiointitarkastus Wihiss\u00e4\" class=\"wp-image-5347\" srcset=\"https:\/\/help.jamk.fi\/opinnaytetyo\/wp-content\/uploads\/sites\/114\/2025\/03\/Luonnosten_plagiointitarkastus_wihi_vers8.png 1000w, https:\/\/help.jamk.fi\/opinnaytetyo\/wp-content\/uploads\/sites\/114\/2025\/03\/Luonnosten_plagiointitarkastus_wihi_vers8-300x146.png 300w, https:\/\/help.jamk.fi\/opinnaytetyo\/wp-content\/uploads\/sites\/114\/2025\/03\/Luonnosten_plagiointitarkastus_wihi_vers8-768x375.png 768w\" sizes=\"auto, (max-width: 1000px) 100vw, 1000px\" \/><figcaption class=\"wp-element-caption\">Kuvio 1. Luonnosten plagiointitarkistus Wihiss\u00e4.<\/figcaption><\/figure>\n\n\n\n<p>Ohjaaja hyv\u00e4ksyy vaiheen Wihiss\u00e4, kun kaikki vaiheeseen liittyv\u00e4t teht\u00e4v\u00e4t on suoritettu. N\u00e4et t\u00e4m\u00e4n Wihiss\u00e4 ko. vaiheen kohdalla Hyv\u00e4ksytty-merkint\u00e4n\u00e4. Samalla sinulle avautuu opinn\u00e4ytety\u00f6n seuraava vaihe.<\/p>\n\n\n\n<p><strong>Muista k\u00e4ytt\u00e4\u00e4 koko opinn\u00e4ytety\u00f6prosessin ajan Wihin viestikentt\u00e4\u00e4 p\u00e4\u00e4ohjaajan kanssa k\u00e4yt\u00e4v\u00e4\u00e4n viestittelyyn, ei s\u00e4hk\u00f6postiviestittely\u00e4. Ohjaaja saa s\u00e4hk\u00f6postiin tiedon Wihiss\u00e4 l\u00e4hett\u00e4m\u00e4st\u00e4si viestist\u00e4.<\/strong><\/p>\n\n\n\n<p>P\u00e4ivitetty 18.3.2025<\/p>\n\n\n<div id=\"link-lifts-block_591dbeab6e42d4be9787bfb65ed8e078\" class=\"link-lifts block-link-lifts\">\n  <div class=\"row\">\n      <\/div>\n<\/div>","protected":false},"excerpt":{"rendered":"<p>T\u00e4m\u00e4 vaihe liittyy seuraaviin opintojaksoihin: Kun opinn\u00e4ytety\u00f6suunnitelmasi on hyv\u00e4ksytty ja olet kirjoittanut tietoperustaa 3-5 sivua, aloitat opinn\u00e4ytety\u00f6n k\u00e4yt\u00e4nn\u00f6n toteutuksen suunnitelmasi mukaisesti. T\u00e4m\u00e4 vaihe edellytt\u00e4\u00e4 itsen\u00e4ist\u00e4 ty\u00f6skentely\u00e4, jota pienryhm\u00e4ohjaus ja mahdolliset seminaarit tukevat. Jos ty\u00f6ll\u00e4si on toimeksiantaja, tee heid\u00e4n kanssaan yhteisty\u00f6t\u00e4 toteutuksen onnistumiseksi. Luo seuraavat teht\u00e4v\u00e4t Wihiin ja tee ne Opinn\u00e4ytety\u00f6n toteutusvaiheessa Ryhdyt kirjoittamaan opinn\u00e4ytety\u00f6si ensimm\u00e4ist\u00e4 [&hellip;]<\/p>\n","protected":false},"author":79,"featured_media":0,"parent":0,"menu_order":7,"comment_status":"closed","ping_status":"closed","template":"","meta":{"_acf_changed":false,"_relevanssi_hide_post":"","_relevanssi_hide_content":"","_relevanssi_pin_for_all":"","_relevanssi_pin_keywords":"","_relevanssi_unpin_keywords":"","_relevanssi_related_keywords":"","_relevanssi_related_include_ids":"","_relevanssi_related_exclude_ids":"","_relevanssi_related_no_append":"","_relevanssi_related_not_related":"","_relevanssi_related_posts":"","_relevanssi_noindex_reason":"","footnotes":""},"categories":[1],"tags":[411,2148,2150,2146],"class_list":["post-123","page","type-page","status-publish","hentry","category-yleinen","tag-kirjoittaminen","tag-plagioinnin-tarkastus","tag-plagioinnintarkastus","tag-turnitin"],"acf":[],"yoast_head":"<!-- This site is optimized with the Yoast SEO plugin v27.3 - https:\/\/yoast.com\/product\/yoast-seo-wordpress\/ -->\n<title>7 Opinn\u00e4ytety\u00f6n toteutus - Vaihe 2\/3 - Opinn\u00e4ytety\u00f6<\/title>\n<meta name=\"robots\" content=\"index, follow, max-snippet:-1, max-image-preview:large, max-video-preview:-1\" \/>\n<link rel=\"canonical\" href=\"https:\/\/help.jamk.fi\/opinnaytetyo\/fi\/toteutus\/\" \/>\n<meta property=\"og:locale\" content=\"fi_FI\" \/>\n<meta property=\"og:type\" content=\"article\" \/>\n<meta property=\"og:title\" content=\"7 Opinn\u00e4ytety\u00f6n toteutus - Vaihe 2\/3 - Opinn\u00e4ytety\u00f6\" \/>\n<meta property=\"og:description\" content=\"T\u00e4m\u00e4 vaihe liittyy seuraaviin opintojaksoihin: Kun opinn\u00e4ytety\u00f6suunnitelmasi on hyv\u00e4ksytty ja olet kirjoittanut tietoperustaa 3-5 sivua, aloitat opinn\u00e4ytety\u00f6n k\u00e4yt\u00e4nn\u00f6n toteutuksen suunnitelmasi mukaisesti. T\u00e4m\u00e4 vaihe edellytt\u00e4\u00e4 itsen\u00e4ist\u00e4 ty\u00f6skentely\u00e4, jota pienryhm\u00e4ohjaus ja mahdolliset seminaarit tukevat. Jos ty\u00f6ll\u00e4si on toimeksiantaja, tee heid\u00e4n kanssaan yhteisty\u00f6t\u00e4 toteutuksen onnistumiseksi. Luo seuraavat teht\u00e4v\u00e4t Wihiin ja tee ne Opinn\u00e4ytety\u00f6n toteutusvaiheessa Ryhdyt kirjoittamaan opinn\u00e4ytety\u00f6si ensimm\u00e4ist\u00e4 [&hellip;]\" \/>\n<meta property=\"og:url\" content=\"https:\/\/help.jamk.fi\/opinnaytetyo\/fi\/toteutus\/\" \/>\n<meta property=\"og:site_name\" content=\"Opinn\u00e4ytety\u00f6\" \/>\n<meta property=\"article:modified_time\" content=\"2025-08-15T12:03:15+00:00\" \/>\n<meta property=\"og:image\" content=\"https:\/\/help.jamk.fi\/opinnaytetyo\/wp-content\/uploads\/sites\/114\/2025\/03\/Luonnosten_plagiointitarkastus_wihi_vers8.png\" \/>\n\t<meta property=\"og:image:width\" content=\"1000\" \/>\n\t<meta property=\"og:image:height\" content=\"488\" \/>\n\t<meta property=\"og:image:type\" content=\"image\/png\" \/>\n<meta name=\"twitter:card\" content=\"summary_large_image\" \/>\n<script type=\"application\/ld+json\" class=\"yoast-schema-graph\">{\"@context\":\"https:\\\/\\\/schema.org\",\"@graph\":[{\"@type\":\"WebPage\",\"@id\":\"https:\\\/\\\/help.jamk.fi\\\/opinnaytetyo\\\/fi\\\/toteutus\\\/\",\"url\":\"https:\\\/\\\/help.jamk.fi\\\/opinnaytetyo\\\/fi\\\/toteutus\\\/\",\"name\":\"7 Opinn\u00e4ytety\u00f6n toteutus - Vaihe 2\\\/3 - Opinn\u00e4ytety\u00f6\",\"isPartOf\":{\"@id\":\"https:\\\/\\\/help.jamk.fi\\\/opinnaytetyo\\\/#website\"},\"primaryImageOfPage\":{\"@id\":\"https:\\\/\\\/help.jamk.fi\\\/opinnaytetyo\\\/fi\\\/toteutus\\\/#primaryimage\"},\"image\":{\"@id\":\"https:\\\/\\\/help.jamk.fi\\\/opinnaytetyo\\\/fi\\\/toteutus\\\/#primaryimage\"},\"thumbnailUrl\":\"https:\\\/\\\/help.jamk.fi\\\/opinnaytetyo\\\/wp-content\\\/uploads\\\/sites\\\/114\\\/2025\\\/03\\\/Luonnosten_plagiointitarkastus_wihi_vers8.png\",\"datePublished\":\"2020-04-20T08:45:54+00:00\",\"dateModified\":\"2025-08-15T12:03:15+00:00\",\"breadcrumb\":{\"@id\":\"https:\\\/\\\/help.jamk.fi\\\/opinnaytetyo\\\/fi\\\/toteutus\\\/#breadcrumb\"},\"inLanguage\":\"fi\",\"potentialAction\":[{\"@type\":\"ReadAction\",\"target\":[\"https:\\\/\\\/help.jamk.fi\\\/opinnaytetyo\\\/fi\\\/toteutus\\\/\"]}]},{\"@type\":\"ImageObject\",\"inLanguage\":\"fi\",\"@id\":\"https:\\\/\\\/help.jamk.fi\\\/opinnaytetyo\\\/fi\\\/toteutus\\\/#primaryimage\",\"url\":\"https:\\\/\\\/help.jamk.fi\\\/opinnaytetyo\\\/wp-content\\\/uploads\\\/sites\\\/114\\\/2025\\\/03\\\/Luonnosten_plagiointitarkastus_wihi_vers8.png\",\"contentUrl\":\"https:\\\/\\\/help.jamk.fi\\\/opinnaytetyo\\\/wp-content\\\/uploads\\\/sites\\\/114\\\/2025\\\/03\\\/Luonnosten_plagiointitarkastus_wihi_vers8.png\",\"width\":1000,\"height\":488,\"caption\":\"Luonnoksen plagiointitarkastus Wihiss\u00e4\"},{\"@type\":\"BreadcrumbList\",\"@id\":\"https:\\\/\\\/help.jamk.fi\\\/opinnaytetyo\\\/fi\\\/toteutus\\\/#breadcrumb\",\"itemListElement\":[{\"@type\":\"ListItem\",\"position\":1,\"name\":\"Etusivu\",\"item\":\"https:\\\/\\\/help.jamk.fi\\\/opinnaytetyo\\\/fi\\\/\"},{\"@type\":\"ListItem\",\"position\":2,\"name\":\"7 Opinn\u00e4ytety\u00f6n toteutus &#8211; Vaihe 2\\\/3\"}]},{\"@type\":\"WebSite\",\"@id\":\"https:\\\/\\\/help.jamk.fi\\\/opinnaytetyo\\\/#website\",\"url\":\"https:\\\/\\\/help.jamk.fi\\\/opinnaytetyo\\\/\",\"name\":\"Opinn\u00e4ytety\u00f6\",\"description\":\"\",\"potentialAction\":[{\"@type\":\"SearchAction\",\"target\":{\"@type\":\"EntryPoint\",\"urlTemplate\":\"https:\\\/\\\/help.jamk.fi\\\/opinnaytetyo\\\/?s={search_term_string}\"},\"query-input\":{\"@type\":\"PropertyValueSpecification\",\"valueRequired\":true,\"valueName\":\"search_term_string\"}}],\"inLanguage\":\"fi\"}]}<\/script>\n<!-- \/ Yoast SEO plugin. -->","yoast_head_json":{"title":"7 Opinn\u00e4ytety\u00f6n toteutus - Vaihe 2\/3 - Opinn\u00e4ytety\u00f6","robots":{"index":"index","follow":"follow","max-snippet":"max-snippet:-1","max-image-preview":"max-image-preview:large","max-video-preview":"max-video-preview:-1"},"canonical":"https:\/\/help.jamk.fi\/opinnaytetyo\/fi\/toteutus\/","og_locale":"fi_FI","og_type":"article","og_title":"7 Opinn\u00e4ytety\u00f6n toteutus - Vaihe 2\/3 - Opinn\u00e4ytety\u00f6","og_description":"T\u00e4m\u00e4 vaihe liittyy seuraaviin opintojaksoihin: Kun opinn\u00e4ytety\u00f6suunnitelmasi on hyv\u00e4ksytty ja olet kirjoittanut tietoperustaa 3-5 sivua, aloitat opinn\u00e4ytety\u00f6n k\u00e4yt\u00e4nn\u00f6n toteutuksen suunnitelmasi mukaisesti. T\u00e4m\u00e4 vaihe edellytt\u00e4\u00e4 itsen\u00e4ist\u00e4 ty\u00f6skentely\u00e4, jota pienryhm\u00e4ohjaus ja mahdolliset seminaarit tukevat. Jos ty\u00f6ll\u00e4si on toimeksiantaja, tee heid\u00e4n kanssaan yhteisty\u00f6t\u00e4 toteutuksen onnistumiseksi. Luo seuraavat teht\u00e4v\u00e4t Wihiin ja tee ne Opinn\u00e4ytety\u00f6n toteutusvaiheessa Ryhdyt kirjoittamaan opinn\u00e4ytety\u00f6si ensimm\u00e4ist\u00e4 [&hellip;]","og_url":"https:\/\/help.jamk.fi\/opinnaytetyo\/fi\/toteutus\/","og_site_name":"Opinn\u00e4ytety\u00f6","article_modified_time":"2025-08-15T12:03:15+00:00","og_image":[{"width":1000,"height":488,"url":"https:\/\/help.jamk.fi\/opinnaytetyo\/wp-content\/uploads\/sites\/114\/2025\/03\/Luonnosten_plagiointitarkastus_wihi_vers8.png","type":"image\/png"}],"twitter_card":"summary_large_image","schema":{"@context":"https:\/\/schema.org","@graph":[{"@type":"WebPage","@id":"https:\/\/help.jamk.fi\/opinnaytetyo\/fi\/toteutus\/","url":"https:\/\/help.jamk.fi\/opinnaytetyo\/fi\/toteutus\/","name":"7 Opinn\u00e4ytety\u00f6n toteutus - Vaihe 2\/3 - Opinn\u00e4ytety\u00f6","isPartOf":{"@id":"https:\/\/help.jamk.fi\/opinnaytetyo\/#website"},"primaryImageOfPage":{"@id":"https:\/\/help.jamk.fi\/opinnaytetyo\/fi\/toteutus\/#primaryimage"},"image":{"@id":"https:\/\/help.jamk.fi\/opinnaytetyo\/fi\/toteutus\/#primaryimage"},"thumbnailUrl":"https:\/\/help.jamk.fi\/opinnaytetyo\/wp-content\/uploads\/sites\/114\/2025\/03\/Luonnosten_plagiointitarkastus_wihi_vers8.png","datePublished":"2020-04-20T08:45:54+00:00","dateModified":"2025-08-15T12:03:15+00:00","breadcrumb":{"@id":"https:\/\/help.jamk.fi\/opinnaytetyo\/fi\/toteutus\/#breadcrumb"},"inLanguage":"fi","potentialAction":[{"@type":"ReadAction","target":["https:\/\/help.jamk.fi\/opinnaytetyo\/fi\/toteutus\/"]}]},{"@type":"ImageObject","inLanguage":"fi","@id":"https:\/\/help.jamk.fi\/opinnaytetyo\/fi\/toteutus\/#primaryimage","url":"https:\/\/help.jamk.fi\/opinnaytetyo\/wp-content\/uploads\/sites\/114\/2025\/03\/Luonnosten_plagiointitarkastus_wihi_vers8.png","contentUrl":"https:\/\/help.jamk.fi\/opinnaytetyo\/wp-content\/uploads\/sites\/114\/2025\/03\/Luonnosten_plagiointitarkastus_wihi_vers8.png","width":1000,"height":488,"caption":"Luonnoksen plagiointitarkastus Wihiss\u00e4"},{"@type":"BreadcrumbList","@id":"https:\/\/help.jamk.fi\/opinnaytetyo\/fi\/toteutus\/#breadcrumb","itemListElement":[{"@type":"ListItem","position":1,"name":"Etusivu","item":"https:\/\/help.jamk.fi\/opinnaytetyo\/fi\/"},{"@type":"ListItem","position":2,"name":"7 Opinn\u00e4ytety\u00f6n toteutus &#8211; Vaihe 2\/3"}]},{"@type":"WebSite","@id":"https:\/\/help.jamk.fi\/opinnaytetyo\/#website","url":"https:\/\/help.jamk.fi\/opinnaytetyo\/","name":"Opinn\u00e4ytety\u00f6","description":"","potentialAction":[{"@type":"SearchAction","target":{"@type":"EntryPoint","urlTemplate":"https:\/\/help.jamk.fi\/opinnaytetyo\/?s={search_term_string}"},"query-input":{"@type":"PropertyValueSpecification","valueRequired":true,"valueName":"search_term_string"}}],"inLanguage":"fi"}]}},"_links":{"self":[{"href":"https:\/\/help.jamk.fi\/opinnaytetyo\/wp-json\/wp\/v2\/pages\/123","targetHints":{"allow":["GET"]}}],"collection":[{"href":"https:\/\/help.jamk.fi\/opinnaytetyo\/wp-json\/wp\/v2\/pages"}],"about":[{"href":"https:\/\/help.jamk.fi\/opinnaytetyo\/wp-json\/wp\/v2\/types\/page"}],"author":[{"embeddable":true,"href":"https:\/\/help.jamk.fi\/opinnaytetyo\/wp-json\/wp\/v2\/users\/79"}],"replies":[{"embeddable":true,"href":"https:\/\/help.jamk.fi\/opinnaytetyo\/wp-json\/wp\/v2\/comments?post=123"}],"version-history":[{"count":19,"href":"https:\/\/help.jamk.fi\/opinnaytetyo\/wp-json\/wp\/v2\/pages\/123\/revisions"}],"predecessor-version":[{"id":6040,"href":"https:\/\/help.jamk.fi\/opinnaytetyo\/wp-json\/wp\/v2\/pages\/123\/revisions\/6040"}],"wp:attachment":[{"href":"https:\/\/help.jamk.fi\/opinnaytetyo\/wp-json\/wp\/v2\/media?parent=123"}],"wp:term":[{"taxonomy":"category","embeddable":true,"href":"https:\/\/help.jamk.fi\/opinnaytetyo\/wp-json\/wp\/v2\/categories?post=123"},{"taxonomy":"post_tag","embeddable":true,"href":"https:\/\/help.jamk.fi\/opinnaytetyo\/wp-json\/wp\/v2\/tags?post=123"}],"curies":[{"name":"wp","href":"https:\/\/api.w.org\/{rel}","templated":true}]}}