{"id":132,"date":"2020-04-20T11:47:42","date_gmt":"2020-04-20T08:47:42","guid":{"rendered":"https:\/\/help.jamk.fi\/opinnaytetyo\/5-kypsyysnayte\/"},"modified":"2025-04-13T18:15:02","modified_gmt":"2025-04-13T15:15:02","slug":"kypsyysnayte-kirjoittaminen","status":"publish","type":"page","link":"https:\/\/help.jamk.fi\/opinnaytetyo\/fi\/kypsyysnayte-osana-korkeakoulututkintoa\/kypsyysnayte-kirjoittaminen\/","title":{"rendered":"9.1 Tiedote kypsyysn\u00e4ytteen\u00e4"},"content":{"rendered":"\n<p><\/p>\n\n\n\n<p>Kypsyysn\u00e4yte kuuluu lakis\u00e4\u00e4teisesti korkeakoulututkintoon. AMK-tutkinnon kypsyysn\u00e4yte kirjoitetaan Jamkissa sis\u00e4isen\u00e4 tiedotteena. YAMK-tutkinnon kypsyysn\u00e4yte kirjoitetaan mediatiedotteena. N\u00e4ill\u00e4 sivuilla olevat ohjeet koskevat molempia tiedotetyyppej\u00e4, ellei toisin mainita.<\/p>\n\n\n\n<p>Tiedotteen tarkoitus on toimia yleistajuisena ja kiinnostavana uutisena opinn\u00e4ytety\u00f6st\u00e4. Sis\u00e4isen tiedotteen kohderyhm\u00e4n\u00e4 ovat jamkilaiset eli opiskelijat ja henkil\u00f6kunta, mediatiedote osoitetaan tiedotusv\u00e4lineille ja sen pohjalta laaditun uutisen lukija voi olla kuka tahansa. Tavoitteena on, ett\u00e4 niiden pohjalta tiedotusv\u00e4lineet julkaisevat uutisen. Tiedote toimii siis uutistekstin pohjana. <\/p>\n\n\n\n<p>Tiedotteen tulee olla niin kiinnostava, ett\u00e4 se ylitt\u00e4\u00e4 uutiskynnyksen. Organisaatiot ja yritykset k\u00e4ytt\u00e4v\u00e4t tiedotteita my\u00f6s omassa viestinn\u00e4ss\u00e4\u00e4n eli tiedottavat organisaation asioista omalle henkil\u00f6st\u00f6lle. T\u00e4ll\u00f6in uutiskynnys on helpompi ylitt\u00e4\u00e4.<\/p>\n\n\n\n<p>Kun kirjoitat tiedotetta, pohdit opinn\u00e4ytety\u00f6si antia ja merkityst\u00e4 ja tuot esiin omaa ammattitaitoasi laajalle yleis\u00f6lle. Tee tiedotteesta tiivis ja selke\u00e4 sek\u00e4 sis\u00e4ll\u00f6lt\u00e4\u00e4n ett\u00e4 ulkoasultaan, jotta p\u00e4\u00e4sis\u00e4lt\u00f6 on helposti lukijan ymm\u00e4rrett\u00e4viss\u00e4. Kirjoita virheet\u00f6nt\u00e4 asiatyyli\u00e4 ja lukijakunnalle sopivaa. <\/p>\n\n\n\n<h2 class=\"wp-block-heading\"><\/h2>\n\n\n\n<h2 class=\"wp-block-heading\">Tiedotteen rakenne<\/h2>\n\n\n\n<p>Otsikoi ja laadi tiedote uutismaisesti, huomioiden tiedotteen kohderyhm\u00e4.\u00a0Tiedote ei ole tiivistelm\u00e4 opinn\u00e4ytety\u00f6st\u00e4, sill\u00e4 koko ty\u00f6t\u00e4 ei ole syyt\u00e4 esitell\u00e4. Tiedote on rakenteeltaan samantyylinen kuin uutisteksti eli t\u00e4rkein asia kerrotaan tiedotteen alussa. Nosta alkuun uudet, t\u00e4rke\u00e4t ja kiinnostavat tulokset opinn\u00e4ytety\u00f6st\u00e4 \u2013 kaikkea ei tarvitse mahduttaa mukaan. Tiedotteen keskiosa sis\u00e4lt\u00e4\u00e4 lis\u00e4tietoja ja loppuosassa esitell\u00e4\u00e4n alussa mainittuja seikkoja laajemmin esimerkiksi taustatietojen avulla. Lis\u00e4\u00e4 loppuun lis\u00e4tietojen antajan yhteystiedot eli omat tietosi.  Tiedotteen rakenne on esitelty kuviossa 1.<\/p>\n\n\n\n<figure class=\"wp-block-image size-full\"><img loading=\"lazy\" decoding=\"async\" width=\"1031\" height=\"805\" src=\"https:\/\/help.jamk.fi\/opinnaytetyo\/wp-content\/uploads\/sites\/114\/2023\/11\/Tiedotteen-rakenne.png\" alt=\"Kypsyysn\u00e4ytetiedotteen rakenne\" class=\"wp-image-4208\"\/><figcaption class=\"wp-element-caption\">Kuvio 1. Kypsyysn\u00e4ytetiedotteen rakenne<\/figcaption><\/figure>\n\n\n\n<p><\/p>\n\n\n\n<h2 class=\"wp-block-heading\">Ohjeita kirjoittamiseen<\/h2>\n\n\n\n<p>Kirjoita ensimm\u00e4iseen tekstikappaleeseen kuka teki, mit\u00e4 teki ja miss\u00e4 tehtiin ja kuvaile ty\u00f6n kiinnostavimmat tulokset. Voit aloittaa uutisen k\u00e4rjell\u00e4 (= kiinnostavin asia) tai johdattamalla esim. <em>Jyv\u00e4skyl\u00e4n ammattikorkeakoulun logistiikan opiskelija Oili Opiskelija selvitti opinn\u00e4ytety\u00f6ss\u00e4\u00e4n \u2026<\/em>(= kuka teki, mit\u00e4, miss\u00e4). <em>Tutkimuksen mukaan\u2026<\/em> (keskeisin tulos ja merkitys tai pari). <strong>\u00c4l\u00e4 kirjoita min\u00e4-muodossa, vaan ulkopuolisin silmin. \u00c4l\u00e4 k\u00e4yt\u00e4 itsest\u00e4si sanoja opiskelija tai tutkija, vaan ensin koko nime\u00e4 ja jatkossa tarvittaessa pelkk\u00e4\u00e4 sukunime\u00e4. P\u00e4\u00e4paino on kuitenkin asiassa, ei henkil\u00f6ss\u00e4. Muista mainita Jyv\u00e4skyl\u00e4n ammattikorkeakoulu.&nbsp;<\/strong><\/p>\n\n\n\n<p>Laadi otsikko ensimm\u00e4isen tekstikappaleen asiasta. Kiteyt\u00e4 siihen t\u00e4rkein opinn\u00e4ytety\u00f6n anti uutismaisesti, esim. <em>My\u00f6s PK-yritykset hy\u00f6tyv\u00e4t uudesta teknologiasta<\/em>. Tiedotteen otsikko ei ole opinn\u00e4ytety\u00f6n nimi.<\/p>\n\n\n\n<p>Ensimm\u00e4isen tekstikappaleen j\u00e4lkeen esittele tuloksia laajemmin. T\u00e4m\u00e4 on tiedotteen painavin osuus. Kerro sitten hiukan toteutustavasta. Sitten mahdollisia taustatietoja ja lopuksi, miten tuloksia voidaan k\u00e4ytt\u00e4\u00e4 tai hy\u00f6dynt\u00e4\u00e4. Muista kappalejako. <strong>\u00c4l\u00e4 selosta vaihe vaiheelta, miten ty\u00f6 eteni, vaan keskity tuloksiin. \u00c4l\u00e4 k\u00e4yt\u00e4 tutkimusmenetelmien terminologiaa.<\/strong><\/p>\n\n\n\n<p>Kappalerajan merkki on tyhj\u00e4 rivi. Tiedotteen ihannepituus on yksi sivu, 300\u2013400 sanaa (3000\u20133500 merkki\u00e4). Merkitse loppuun yhteystiedot. Niit\u00e4 ei lasketa tekstin pituuteen mukaan. Muista, ett\u00e4 tiedote ei ole tiivistelm\u00e4 eik\u00e4 valmis artikkeli opinn\u00e4ytety\u00f6st\u00e4 vaan uutisen pohjateksti. \u00c4l\u00e4 laita tekstiin luetteloita vaan selosta hyv\u00e4ll\u00e4 asiatyylill\u00e4 kokonaisin virkkein. Kirjoita tiedotteen alkuun t\u00e4rkeimm\u00e4t uutisoitavat asiat, my\u00f6hemmin niiden taustat. Valitse siis t\u00e4rke\u00e4t ja kiinnostavat asiat.<\/p>\n\n\n\n<p>Yhteystiedot (vaihda tilalle omat tietosi):<\/p>\n\n\n\n<p>Maija Meik\u00e4l\u00e4inen, koulutusala, tutkinto-ohjelma, Jyv\u00e4skyl\u00e4n ammattikorkeakoulu. s\u00e4hk\u00f6postiosoite.mist\u00e4tavoittaa@xxx.com&nbsp;<\/p>\n\n\n\n<p>Meik\u00e4l\u00e4inen, M. 2023. Opinn\u00e4ytety\u00f6n nimi. Opinn\u00e4ytety\u00f6. Koulutusala, tutkinto-ohjelma. Jyv\u00e4skyl\u00e4: Jyv\u00e4skyl\u00e4n ammattikorkeakoulu.&nbsp;<\/p>\n\n\n\n<p>Opinn\u00e4ytety\u00f6n ohjaajat:&nbsp;<\/p>\n\n\n\n<p><\/p>\n\n\n\n<h2 class=\"wp-block-heading\">Luottamukselliset tiedot kypsyysn\u00e4ytteess\u00e4<\/h2>\n\n\n\n<p>Opinn\u00e4ytety\u00f6 saattaa sis\u00e4lt\u00e4\u00e4 luottamuksellisia tietoja, vaikka kaikki opinn\u00e4ytety\u00f6t ovatkin l\u00e4ht\u00f6kohtaisesti julkisia. Noudata luottamuksellisuusperiaatetta my\u00f6s tiedotteen kirjoittamisessa.<\/p>\n\n\n\n<p>Kypsyysn\u00e4ytetiedotteessa ei yleens\u00e4 mainita toimeksiantajan nime\u00e4 eik\u00e4 muitakaan tietoja toimeksiantajasta. Keskity sis\u00e4ll\u00f6ss\u00e4 uutisarvoiseen tietoon, joka voi olla muutakin kuin opinn\u00e4ytety\u00f6n keskeiset tulokset. Uutisarvoista tietoa voi olla prosessissa, menetelmiss\u00e4, tilannetaustassa, itse ilmi\u00f6n ajankohtaisuudessa jne. N\u00e4k\u00f6kulmaa voi laajentaa opinn\u00e4ytety\u00f6n aihepiiriin yleisemminkin. \u00c4l\u00e4 siis paljasta luottamuksellisia tietoja tiedotteessa.<\/p>\n\n\n\n<p><\/p>\n\n\n\n<h2 class=\"wp-block-heading\">Esimerkkej\u00e4<\/h2>\n\n\n\n<p>Seuraavassa on esimerkkej\u00e4 sis\u00e4ll\u00f6lt\u00e4\u00e4n ja rakenteeltaan hyvist\u00e4 AMK kypsyysn\u00e4ytetiedotteista. Pituuskin on n\u00e4iss\u00e4 kohdallaan:<\/p>\n\n\n\n<ul class=\"wp-block-list\">\n<li><a href=\"https:\/\/help.jamk.fi\/opinnaytetyo\/wp-content\/uploads\/sites\/114\/2023\/12\/Hyva-kypsyysnayte-kovalainen-jukka.pdf\">Automaatiotekniikan tutkinto-ohjelmasta Jukka Kovalainen<\/a><\/li>\n\n\n\n<li><a href=\"https:\/\/help.jamk.fi\/opinnaytetyo\/wp-content\/uploads\/sites\/114\/2023\/12\/EsimerkkitiedoteLukkarinen-Taneli.pdf\">Bachelor\u2019s Degree Programme in Logistics Engineering, Taneli Lukkarinen<\/a><\/li>\n\n\n\n<li><a href=\"https:\/\/help.jamk.fi\/opinnaytetyo\/wp-content\/uploads\/sites\/114\/2023\/12\/Annamaija_Itaranta-Salminen2.pdf\">Matkailu- ja ravitsemisala, Annamaija It\u00e4ranta-Salminen<\/a><\/li>\n\n\n\n<li><a href=\"https:\/\/help.jamk.fi\/opinnaytetyo\/wp-content\/uploads\/sites\/114\/2023\/12\/MaijaValilaKypsyysnayte-esimerkki.pdf\">Terveys- ja hyvinvointiala, Maija V\u00e4lil\u00e4<\/a><\/li>\n<\/ul>\n\n\n\n<p>Sis\u00e4isten tiedotteiden pohjalta Jamkin viestint\u00e4yksikk\u00f6 voi laatia kiinnostavista opinn\u00e4ytet\u00f6ist\u00e4 julkisen mediatiedotteen. N\u00e4in k\u00e4vi esimerkiksi s\u00e4hk\u00f6- ja automaatiotekniikan insin\u00f6\u00f6riopiskelijalle Sami Inkil\u00e4lle, jonka kypsyysn\u00e4ytetiedotteen pohjalta julkaistiin 29.11.2018 mediatiedote. Tiedotteen pohjalta julkaistiin my\u00f6s uutinen Elektroniikka, tietoliikenne, nanotekniikka ETN.fi -verkkolehdess\u00e4 29.11. ja samana p\u00e4iv\u00e4n\u00e4 sanomalehti Keskisuomalaisen verkkolehdess\u00e4.<\/p>\n\n\n\n<p><em>P\u00e4ivitetty 26.3.2025<\/em><\/p>\n\n\n<div id=\"link-lifts-block_6d2e53c72df0811a6aeac494264e8279\" class=\"link-lifts block-link-lifts\">\n  <div class=\"row\">\n      <\/div>\n<\/div>","protected":false},"excerpt":{"rendered":"<p>Kypsyysn\u00e4yte kuuluu lakis\u00e4\u00e4teisesti korkeakoulututkintoon. AMK-tutkinnon kypsyysn\u00e4yte kirjoitetaan Jamkissa sis\u00e4isen\u00e4 tiedotteena. YAMK-tutkinnon kypsyysn\u00e4yte kirjoitetaan mediatiedotteena. N\u00e4ill\u00e4 sivuilla olevat ohjeet koskevat molempia tiedotetyyppej\u00e4, ellei toisin mainita. Tiedotteen tarkoitus on toimia yleistajuisena ja kiinnostavana uutisena opinn\u00e4ytety\u00f6st\u00e4. Sis\u00e4isen tiedotteen kohderyhm\u00e4n\u00e4 ovat jamkilaiset eli opiskelijat ja henkil\u00f6kunta, mediatiedote osoitetaan tiedotusv\u00e4lineille ja sen pohjalta laaditun uutisen lukija voi olla kuka tahansa. [&hellip;]<\/p>\n","protected":false},"author":79,"featured_media":0,"parent":4207,"menu_order":1,"comment_status":"closed","ping_status":"closed","template":"","meta":{"_acf_changed":false,"_relevanssi_hide_post":"","_relevanssi_hide_content":"","_relevanssi_pin_for_all":"","_relevanssi_pin_keywords":"","_relevanssi_unpin_keywords":"","_relevanssi_related_keywords":"","_relevanssi_related_include_ids":"","_relevanssi_related_exclude_ids":"","_relevanssi_related_no_append":"","_relevanssi_related_not_related":"","_relevanssi_related_posts":"","_relevanssi_noindex_reason":"","footnotes":""},"categories":[1],"tags":[2170,441,2172,447,453],"class_list":["post-132","page","type-page","status-publish","hentry","category-yleinen","tag-exam","tag-kypsyysnayte","tag-kypsyysnaytteen-kirjoitus","tag-mediatiedote","tag-sisainen-tiedote"],"acf":[],"yoast_head":"<!-- This site is optimized with the Yoast SEO plugin v27.3 - https:\/\/yoast.com\/product\/yoast-seo-wordpress\/ -->\n<title>9.1 Tiedote kypsyysn\u00e4ytteen\u00e4 - Opinn\u00e4ytety\u00f6<\/title>\n<meta name=\"robots\" content=\"index, follow, max-snippet:-1, max-image-preview:large, max-video-preview:-1\" \/>\n<link rel=\"canonical\" href=\"https:\/\/help.jamk.fi\/opinnaytetyo\/fi\/kypsyysnayte-osana-korkeakoulututkintoa\/kypsyysnayte-kirjoittaminen\/\" \/>\n<meta property=\"og:locale\" content=\"fi_FI\" \/>\n<meta property=\"og:type\" content=\"article\" \/>\n<meta property=\"og:title\" content=\"9.1 Tiedote kypsyysn\u00e4ytteen\u00e4 - Opinn\u00e4ytety\u00f6\" \/>\n<meta property=\"og:description\" content=\"Kypsyysn\u00e4yte kuuluu lakis\u00e4\u00e4teisesti korkeakoulututkintoon. AMK-tutkinnon kypsyysn\u00e4yte kirjoitetaan Jamkissa sis\u00e4isen\u00e4 tiedotteena. YAMK-tutkinnon kypsyysn\u00e4yte kirjoitetaan mediatiedotteena. N\u00e4ill\u00e4 sivuilla olevat ohjeet koskevat molempia tiedotetyyppej\u00e4, ellei toisin mainita. Tiedotteen tarkoitus on toimia yleistajuisena ja kiinnostavana uutisena opinn\u00e4ytety\u00f6st\u00e4. Sis\u00e4isen tiedotteen kohderyhm\u00e4n\u00e4 ovat jamkilaiset eli opiskelijat ja henkil\u00f6kunta, mediatiedote osoitetaan tiedotusv\u00e4lineille ja sen pohjalta laaditun uutisen lukija voi olla kuka tahansa. [&hellip;]\" \/>\n<meta property=\"og:url\" content=\"https:\/\/help.jamk.fi\/opinnaytetyo\/fi\/kypsyysnayte-osana-korkeakoulututkintoa\/kypsyysnayte-kirjoittaminen\/\" \/>\n<meta property=\"og:site_name\" content=\"Opinn\u00e4ytety\u00f6\" \/>\n<meta property=\"article:modified_time\" content=\"2025-04-13T15:15:02+00:00\" \/>\n<meta property=\"og:image\" content=\"https:\/\/help.jamk.fi\/opinnaytetyo\/wp-content\/uploads\/sites\/114\/2023\/11\/Tiedotteen-rakenne.png\" \/>\n\t<meta property=\"og:image:width\" content=\"1031\" \/>\n\t<meta property=\"og:image:height\" content=\"805\" \/>\n\t<meta property=\"og:image:type\" content=\"image\/png\" \/>\n<meta name=\"twitter:card\" content=\"summary_large_image\" \/>\n<meta name=\"twitter:label1\" content=\"Arvioitu lukuaika\" \/>\n\t<meta name=\"twitter:data1\" content=\"4 minuuttia\" \/>\n<script type=\"application\/ld+json\" class=\"yoast-schema-graph\">{\"@context\":\"https:\\\/\\\/schema.org\",\"@graph\":[{\"@type\":\"WebPage\",\"@id\":\"https:\\\/\\\/help.jamk.fi\\\/opinnaytetyo\\\/fi\\\/kypsyysnayte-osana-korkeakoulututkintoa\\\/kypsyysnayte-kirjoittaminen\\\/\",\"url\":\"https:\\\/\\\/help.jamk.fi\\\/opinnaytetyo\\\/fi\\\/kypsyysnayte-osana-korkeakoulututkintoa\\\/kypsyysnayte-kirjoittaminen\\\/\",\"name\":\"9.1 Tiedote kypsyysn\u00e4ytteen\u00e4 - Opinn\u00e4ytety\u00f6\",\"isPartOf\":{\"@id\":\"https:\\\/\\\/help.jamk.fi\\\/opinnaytetyo\\\/#website\"},\"primaryImageOfPage\":{\"@id\":\"https:\\\/\\\/help.jamk.fi\\\/opinnaytetyo\\\/fi\\\/kypsyysnayte-osana-korkeakoulututkintoa\\\/kypsyysnayte-kirjoittaminen\\\/#primaryimage\"},\"image\":{\"@id\":\"https:\\\/\\\/help.jamk.fi\\\/opinnaytetyo\\\/fi\\\/kypsyysnayte-osana-korkeakoulututkintoa\\\/kypsyysnayte-kirjoittaminen\\\/#primaryimage\"},\"thumbnailUrl\":\"https:\\\/\\\/help.jamk.fi\\\/opinnaytetyo\\\/wp-content\\\/uploads\\\/sites\\\/114\\\/2023\\\/11\\\/Tiedotteen-rakenne.png\",\"datePublished\":\"2020-04-20T08:47:42+00:00\",\"dateModified\":\"2025-04-13T15:15:02+00:00\",\"breadcrumb\":{\"@id\":\"https:\\\/\\\/help.jamk.fi\\\/opinnaytetyo\\\/fi\\\/kypsyysnayte-osana-korkeakoulututkintoa\\\/kypsyysnayte-kirjoittaminen\\\/#breadcrumb\"},\"inLanguage\":\"fi\",\"potentialAction\":[{\"@type\":\"ReadAction\",\"target\":[\"https:\\\/\\\/help.jamk.fi\\\/opinnaytetyo\\\/fi\\\/kypsyysnayte-osana-korkeakoulututkintoa\\\/kypsyysnayte-kirjoittaminen\\\/\"]}]},{\"@type\":\"ImageObject\",\"inLanguage\":\"fi\",\"@id\":\"https:\\\/\\\/help.jamk.fi\\\/opinnaytetyo\\\/fi\\\/kypsyysnayte-osana-korkeakoulututkintoa\\\/kypsyysnayte-kirjoittaminen\\\/#primaryimage\",\"url\":\"https:\\\/\\\/help.jamk.fi\\\/opinnaytetyo\\\/wp-content\\\/uploads\\\/sites\\\/114\\\/2023\\\/11\\\/Tiedotteen-rakenne.png\",\"contentUrl\":\"https:\\\/\\\/help.jamk.fi\\\/opinnaytetyo\\\/wp-content\\\/uploads\\\/sites\\\/114\\\/2023\\\/11\\\/Tiedotteen-rakenne.png\",\"width\":1031,\"height\":805,\"caption\":\"Kuvio 1. Kypsyysn\u00e4ytetiedotteen rakenne\"},{\"@type\":\"BreadcrumbList\",\"@id\":\"https:\\\/\\\/help.jamk.fi\\\/opinnaytetyo\\\/fi\\\/kypsyysnayte-osana-korkeakoulututkintoa\\\/kypsyysnayte-kirjoittaminen\\\/#breadcrumb\",\"itemListElement\":[{\"@type\":\"ListItem\",\"position\":1,\"name\":\"Etusivu\",\"item\":\"https:\\\/\\\/help.jamk.fi\\\/opinnaytetyo\\\/fi\\\/\"},{\"@type\":\"ListItem\",\"position\":2,\"name\":\"9 Kypsyysn\u00e4yte\",\"item\":\"https:\\\/\\\/help.jamk.fi\\\/opinnaytetyo\\\/fi\\\/kypsyysnayte-osana-korkeakoulututkintoa\\\/\"},{\"@type\":\"ListItem\",\"position\":3,\"name\":\"9.1 Tiedote kypsyysn\u00e4ytteen\u00e4\"}]},{\"@type\":\"WebSite\",\"@id\":\"https:\\\/\\\/help.jamk.fi\\\/opinnaytetyo\\\/#website\",\"url\":\"https:\\\/\\\/help.jamk.fi\\\/opinnaytetyo\\\/\",\"name\":\"Opinn\u00e4ytety\u00f6\",\"description\":\"\",\"potentialAction\":[{\"@type\":\"SearchAction\",\"target\":{\"@type\":\"EntryPoint\",\"urlTemplate\":\"https:\\\/\\\/help.jamk.fi\\\/opinnaytetyo\\\/?s={search_term_string}\"},\"query-input\":{\"@type\":\"PropertyValueSpecification\",\"valueRequired\":true,\"valueName\":\"search_term_string\"}}],\"inLanguage\":\"fi\"}]}<\/script>\n<!-- \/ Yoast SEO plugin. -->","yoast_head_json":{"title":"9.1 Tiedote kypsyysn\u00e4ytteen\u00e4 - Opinn\u00e4ytety\u00f6","robots":{"index":"index","follow":"follow","max-snippet":"max-snippet:-1","max-image-preview":"max-image-preview:large","max-video-preview":"max-video-preview:-1"},"canonical":"https:\/\/help.jamk.fi\/opinnaytetyo\/fi\/kypsyysnayte-osana-korkeakoulututkintoa\/kypsyysnayte-kirjoittaminen\/","og_locale":"fi_FI","og_type":"article","og_title":"9.1 Tiedote kypsyysn\u00e4ytteen\u00e4 - Opinn\u00e4ytety\u00f6","og_description":"Kypsyysn\u00e4yte kuuluu lakis\u00e4\u00e4teisesti korkeakoulututkintoon. AMK-tutkinnon kypsyysn\u00e4yte kirjoitetaan Jamkissa sis\u00e4isen\u00e4 tiedotteena. YAMK-tutkinnon kypsyysn\u00e4yte kirjoitetaan mediatiedotteena. N\u00e4ill\u00e4 sivuilla olevat ohjeet koskevat molempia tiedotetyyppej\u00e4, ellei toisin mainita. Tiedotteen tarkoitus on toimia yleistajuisena ja kiinnostavana uutisena opinn\u00e4ytety\u00f6st\u00e4. Sis\u00e4isen tiedotteen kohderyhm\u00e4n\u00e4 ovat jamkilaiset eli opiskelijat ja henkil\u00f6kunta, mediatiedote osoitetaan tiedotusv\u00e4lineille ja sen pohjalta laaditun uutisen lukija voi olla kuka tahansa. [&hellip;]","og_url":"https:\/\/help.jamk.fi\/opinnaytetyo\/fi\/kypsyysnayte-osana-korkeakoulututkintoa\/kypsyysnayte-kirjoittaminen\/","og_site_name":"Opinn\u00e4ytety\u00f6","article_modified_time":"2025-04-13T15:15:02+00:00","og_image":[{"width":1031,"height":805,"url":"https:\/\/help.jamk.fi\/opinnaytetyo\/wp-content\/uploads\/sites\/114\/2023\/11\/Tiedotteen-rakenne.png","type":"image\/png"}],"twitter_card":"summary_large_image","twitter_misc":{"Arvioitu lukuaika":"4 minuuttia"},"schema":{"@context":"https:\/\/schema.org","@graph":[{"@type":"WebPage","@id":"https:\/\/help.jamk.fi\/opinnaytetyo\/fi\/kypsyysnayte-osana-korkeakoulututkintoa\/kypsyysnayte-kirjoittaminen\/","url":"https:\/\/help.jamk.fi\/opinnaytetyo\/fi\/kypsyysnayte-osana-korkeakoulututkintoa\/kypsyysnayte-kirjoittaminen\/","name":"9.1 Tiedote kypsyysn\u00e4ytteen\u00e4 - Opinn\u00e4ytety\u00f6","isPartOf":{"@id":"https:\/\/help.jamk.fi\/opinnaytetyo\/#website"},"primaryImageOfPage":{"@id":"https:\/\/help.jamk.fi\/opinnaytetyo\/fi\/kypsyysnayte-osana-korkeakoulututkintoa\/kypsyysnayte-kirjoittaminen\/#primaryimage"},"image":{"@id":"https:\/\/help.jamk.fi\/opinnaytetyo\/fi\/kypsyysnayte-osana-korkeakoulututkintoa\/kypsyysnayte-kirjoittaminen\/#primaryimage"},"thumbnailUrl":"https:\/\/help.jamk.fi\/opinnaytetyo\/wp-content\/uploads\/sites\/114\/2023\/11\/Tiedotteen-rakenne.png","datePublished":"2020-04-20T08:47:42+00:00","dateModified":"2025-04-13T15:15:02+00:00","breadcrumb":{"@id":"https:\/\/help.jamk.fi\/opinnaytetyo\/fi\/kypsyysnayte-osana-korkeakoulututkintoa\/kypsyysnayte-kirjoittaminen\/#breadcrumb"},"inLanguage":"fi","potentialAction":[{"@type":"ReadAction","target":["https:\/\/help.jamk.fi\/opinnaytetyo\/fi\/kypsyysnayte-osana-korkeakoulututkintoa\/kypsyysnayte-kirjoittaminen\/"]}]},{"@type":"ImageObject","inLanguage":"fi","@id":"https:\/\/help.jamk.fi\/opinnaytetyo\/fi\/kypsyysnayte-osana-korkeakoulututkintoa\/kypsyysnayte-kirjoittaminen\/#primaryimage","url":"https:\/\/help.jamk.fi\/opinnaytetyo\/wp-content\/uploads\/sites\/114\/2023\/11\/Tiedotteen-rakenne.png","contentUrl":"https:\/\/help.jamk.fi\/opinnaytetyo\/wp-content\/uploads\/sites\/114\/2023\/11\/Tiedotteen-rakenne.png","width":1031,"height":805,"caption":"Kuvio 1. Kypsyysn\u00e4ytetiedotteen rakenne"},{"@type":"BreadcrumbList","@id":"https:\/\/help.jamk.fi\/opinnaytetyo\/fi\/kypsyysnayte-osana-korkeakoulututkintoa\/kypsyysnayte-kirjoittaminen\/#breadcrumb","itemListElement":[{"@type":"ListItem","position":1,"name":"Etusivu","item":"https:\/\/help.jamk.fi\/opinnaytetyo\/fi\/"},{"@type":"ListItem","position":2,"name":"9 Kypsyysn\u00e4yte","item":"https:\/\/help.jamk.fi\/opinnaytetyo\/fi\/kypsyysnayte-osana-korkeakoulututkintoa\/"},{"@type":"ListItem","position":3,"name":"9.1 Tiedote kypsyysn\u00e4ytteen\u00e4"}]},{"@type":"WebSite","@id":"https:\/\/help.jamk.fi\/opinnaytetyo\/#website","url":"https:\/\/help.jamk.fi\/opinnaytetyo\/","name":"Opinn\u00e4ytety\u00f6","description":"","potentialAction":[{"@type":"SearchAction","target":{"@type":"EntryPoint","urlTemplate":"https:\/\/help.jamk.fi\/opinnaytetyo\/?s={search_term_string}"},"query-input":{"@type":"PropertyValueSpecification","valueRequired":true,"valueName":"search_term_string"}}],"inLanguage":"fi"}]}},"_links":{"self":[{"href":"https:\/\/help.jamk.fi\/opinnaytetyo\/wp-json\/wp\/v2\/pages\/132","targetHints":{"allow":["GET"]}}],"collection":[{"href":"https:\/\/help.jamk.fi\/opinnaytetyo\/wp-json\/wp\/v2\/pages"}],"about":[{"href":"https:\/\/help.jamk.fi\/opinnaytetyo\/wp-json\/wp\/v2\/types\/page"}],"author":[{"embeddable":true,"href":"https:\/\/help.jamk.fi\/opinnaytetyo\/wp-json\/wp\/v2\/users\/79"}],"replies":[{"embeddable":true,"href":"https:\/\/help.jamk.fi\/opinnaytetyo\/wp-json\/wp\/v2\/comments?post=132"}],"version-history":[{"count":26,"href":"https:\/\/help.jamk.fi\/opinnaytetyo\/wp-json\/wp\/v2\/pages\/132\/revisions"}],"predecessor-version":[{"id":5413,"href":"https:\/\/help.jamk.fi\/opinnaytetyo\/wp-json\/wp\/v2\/pages\/132\/revisions\/5413"}],"up":[{"embeddable":true,"href":"https:\/\/help.jamk.fi\/opinnaytetyo\/wp-json\/wp\/v2\/pages\/4207"}],"wp:attachment":[{"href":"https:\/\/help.jamk.fi\/opinnaytetyo\/wp-json\/wp\/v2\/media?parent=132"}],"wp:term":[{"taxonomy":"category","embeddable":true,"href":"https:\/\/help.jamk.fi\/opinnaytetyo\/wp-json\/wp\/v2\/categories?post=132"},{"taxonomy":"post_tag","embeddable":true,"href":"https:\/\/help.jamk.fi\/opinnaytetyo\/wp-json\/wp\/v2\/tags?post=132"}],"curies":[{"name":"wp","href":"https:\/\/api.w.org\/{rel}","templated":true}]}}