{"id":135,"date":"2020-04-20T11:49:16","date_gmt":"2020-04-20T08:49:16","guid":{"rendered":"https:\/\/help.jamk.fi\/opinnaytetyo\/arkistointi-ja-julkaisu\/"},"modified":"2026-03-26T14:53:02","modified_gmt":"2026-03-26T12:53:02","slug":"arkistointi-ja-julkaisu","status":"publish","type":"page","link":"https:\/\/help.jamk.fi\/opinnaytetyo\/fi\/arkistointi-ja-julkaisu\/","title":{"rendered":"11 Theseus-julkaisu"},"content":{"rendered":"\n<p>Jotta voit hakea tutkintotodistusta, tee ensin seuraavat:<\/p>\n\n\n\n<ul class=\"wp-block-list\">\n<li>palauta opinn\u00e4ytety\u00f6n viimeisin versio ja siihen liittyv\u00e4t dokumentit Wihiin (ks. ohje <em>Opinn\u00e4ytety\u00f6n palauttaminen<\/em>)<\/li>\n\n\n\n<li>luvan saatuasi, julkaise viimeisin versio Theseuksessa joko avoimessa tai k\u00e4ytt\u00f6rajatussa kokoelmassa<\/li>\n\n\n\n<li>kopioi opinn\u00e4ytety\u00f6n pysyv\u00e4 linkki Theseuksesta Wihiin<\/li>\n<\/ul>\n\n\n\n<p><\/p>\n\n\n\n<p>Julkaistavan opinn\u00e4ytety\u00f6version tulee olla se, joka on arvioitu ja hyv\u00e4ksytty, eik\u00e4 sit\u00e4 saa en\u00e4\u00e4 muuttaa tai korjata. Vastaat itse siit\u00e4, ett\u00e4 opinn\u00e4ytety\u00f6n versio on oikea.<\/p>\n\n\n\n<h2 class=\"wp-block-heading\" id=\"opinnaytetyon-arkistointi\"><\/h2>\n\n\n\n<h2 class=\"wp-block-heading\" id=\"opinnaytetyon-julkaiseminen\">Opinn\u00e4ytety\u00f6n julkaiseminen<\/h2>\n\n\n\n<p>Kaikki opinn\u00e4ytety\u00f6t julkaistaan s\u00e4hk\u00f6isesti Theseuksen avoimessa kokoelmassa tai Theseuksen k\u00e4ytt\u00f6rajatussa kokoelmassa.<br>Tee julkaisu <em>rauhallisesti<\/em>, jotta saat kopioitua Theseuksen antaman linkin. Linkki <strong>ei <\/strong>tule sinulle j\u00e4lkik\u00e4teen spostiin.<\/p>\n\n\n\n<p>T\u00e4m\u00e4n sivun linkeist\u00e4 p\u00e4\u00e4set suoraan Theseuksen ohjeisiin. Alla on my\u00f6s video, joka ohjeistaa julkaisemisessa.<\/p>\n\n\n<div id=\"info-lift-block_4a259fbad01ca1d553aa51035dc44801\" class=\"block-info-lift block-info-lift\">\n  <div class=\"row\">\n    <div class=\"col-12\">\n              <div class=\"block-info-lift__content\">\n          <div class=\"block-info-lift__content__icon\">\n            <span>!<\/span>\n          <\/div>\n          <p class=\"block-info-lift__content__text\">Huom. Odota lupa ohjaajalta ennen kuin julkaiset ty\u00f6si. <\/p>\n        <\/div>\n          <\/div>\n  <\/div>\n<\/div>\n\n\n<p><\/p>\n\n\n\n<h3 class=\"wp-block-heading\" id=\"opinnaytetyon-julkaiseminen-theseuksen-avoimessa-kokoelmassa\">Theseuksen avoin kokoelma<\/h3>\n\n\n\n<p>Theseus on ensisijaisesti avoin julkaisuarkisto. Kun tallennat opinn\u00e4ytety\u00f6si Theseuksen avoimeen kokoelmaan, se on internetiss\u00e4 kaikkien luettavissa. Voit my\u00f6s jakaa opinn\u00e4ytety\u00f6si linkki\u00e4 haluamillasi tavoilla. Avointa julkaisua varten opinn\u00e4ytety\u00f6n kuvailulehdell\u00e4 pit\u00e4\u00e4 olla merkint\u00e4 &#8221;Julkaisulupa avoimessa verkossa: kyll\u00e4&#8221;.<\/p>\n\n\n\n<h3 class=\"wp-block-heading\" id=\"opinnaytetyon-julkaiseminen-theseuksen-kayttorajatussa-kokoelmassa\"> Theseuksen k\u00e4ytt\u00f6rajattu kokoelma<\/h3>\n\n\n\n<p>K\u00e4ytt\u00f6rajattu kokoelma on Theseus-julkaisuarkiston suljettu osa, johon on p\u00e4\u00e4sy vain Jamkin k\u00e4ytt\u00e4j\u00e4tunnuksella ja vain Jamkin kampuksilta (ei et\u00e4k\u00e4ytt\u00f6\u00e4). Ty\u00f6n metatiedot (tekij\u00e4, ty\u00f6n nimi, asiasanat, tiivistelm\u00e4) n\u00e4kyv\u00e4t kaikille avoimesti, kuten kaikista muistakin opinn\u00e4ytet\u00f6ist\u00e4. K\u00e4ytt\u00f6rajattua julkaisua varten opinn\u00e4ytety\u00f6n kuvailulehdell\u00e4 pit\u00e4\u00e4 olla merkint\u00e4 &#8221;Julkaisulupa avoimessa verkossa: ei&#8221;.<\/p>\n\n\n\n<p>Theseuksen kumpaankaan kokoelmaan ei saa tallentaa salassa pidett\u00e4v\u00e4\u00e4 tietoa, esimerkiksi salassa pidett\u00e4vi\u00e4 liitetiedostoja.<\/p>\n\n\n\n<p>Theseus-tallennus pit\u00e4\u00e4 tehd\u00e4 opintojen aikana. Valmistumisesi j\u00e4lkeen opinn\u00e4ytety\u00f6t\u00e4 ei voi en\u00e4\u00e4 tallentaa Theseukseen.<\/p>\n\n\n\n<figure class=\"wp-block-embed is-type-video is-provider-youtube wp-block-embed-youtube wp-embed-aspect-16-9 wp-has-aspect-ratio\"><div class=\"wp-block-embed__wrapper\">\n<iframe title=\"N\u00e4in tallennat opinn\u00e4ytety\u00f6n Theseus-palveluun\" width=\"500\" height=\"281\" data-cookieconsent=\"marketing\" data-cookieblock-src=\"https:\/\/www.youtube.com\/embed\/j6JIkUFh_Mo?feature=oembed\" frameborder=\"0\" allow=\"accelerometer; autoplay; clipboard-write; encrypted-media; gyroscope; picture-in-picture; web-share\" referrerpolicy=\"strict-origin-when-cross-origin\" allowfullscreen><\/iframe>\n<\/div><div class=\"block-embed__cookie-notice--wrapper cookieconsent-optout-marketing\"><div class=\"block-embed__cookie-notice--text\"><p>Oops! This video will not be shown because you have disabled the marketing cookies. To see the video, <a href=\"javascript:Cookiebot.submitCustomConsent(false,false,true)\">accept marketing cookies<\/a>.<\/p><\/div><\/div><\/figure>\n\n\n\n<h3 class=\"wp-block-heading\" id=\"tallennettava-tiedosto\">Tallennettava tiedosto<\/h3>\n\n\n\n<p><strong>Julkaise opinn\u00e4ytety\u00f6si pdf\/a-muodossa. <\/strong>T\u00e4m\u00e4 on eri tiedostomuoto kuin &#8221;tavallinen&#8221; pdf-tiedosto, katso tiedostomuodon muuntamisen ohjeet Theseuksesta (kts. t\u00e4m\u00e4n sivun linkit!). Huomaa, ett\u00e4 Theseukseen ladattavan tiedoston nimi n\u00e4kyy sellaisenaan julkisella verkkosivulla.<\/p>\n\n\n\n<p>Jos ty\u00f6ll\u00e4 on vain yksi tekij\u00e4, nime\u00e4 tiedosto: <em>Sukunimi_Etunimi<\/em><\/p>\n\n\n\n<p>Jos ty\u00f6ll\u00e4 on useampi tekij\u00e4, nime\u00e4 tiedosto: <em>Sukunimi_Sukunimi<\/em><\/p>\n\n\n\n<p>Huom. T\u00e4m\u00e4 nime\u00e4misohje koskee vain Theseukseen tallennettavaa tiedostoa. Wihiin palautettavan ty\u00f6n nime\u00e4minen on ohjesivulla <em>Opinn\u00e4ytety\u00f6n palauttaminen<\/em>.<\/p>\n\n\n\n<p>Theseukseen voi tallentaa vain tiedostoja, joiden koko on maksimissaan 2 GB. Ota yhteys Jamkin kirjastoon, jos ty\u00f6si on t\u00e4t\u00e4 suurempi tai jos ty\u00f6ss\u00e4si on erillisen\u00e4 liitteen\u00e4 esimerkiksi ulkoinen tallenne.<\/p>\n\n\n\n<h3 class=\"wp-block-heading\">Theseus-linkin kopioiminen ja tallentaminen Wihiin<\/h3>\n\n\n\n<p><\/p>\n\n\n\n<p>Theseuksessa kopioi julkaisun pysyv\u00e4 osoite ja tallenna se Wihiin. Toimi Theseuksessa seuraavasti:<\/p>\n\n\n\n<ul class=\"wp-block-list\">\n<li>Kun olet julkaisemassa ty\u00f6t\u00e4si Theseuksessa, kopioi URN-tunnus Julkaisun tallennus -lomakkeelta leikep\u00f6yd\u00e4lle (kuvio 1),<\/li>\n\n\n\n<li>Liit\u00e4 URN-tunnus leikep\u00f6yd\u00e4lt\u00e4 Wihiin <strong>Lis\u00e4\u00e4 linkki julkaistuun opinn\u00e4ytety\u00f6h\u00f6n<\/strong> -kohtaan. Lis\u00e4\u00e4 URN-tunnuksen alkuun <strong>https:\/\/urn.fi\/<\/strong> jolloin siit\u00e4 muodostuu internet-linkki. Hyv\u00e4ksy linkki <strong>L\u00e4het\u00e4<\/strong>-painikkeella. Katso kuvio 2.<\/li>\n\n\n\n<li><strong>Linkki on rikki heti julkaisun j\u00e4lkeen<\/strong>, t\u00e4m\u00e4 on normaalia, eik\u00e4 se est\u00e4 sinua etenem\u00e4st\u00e4 Wihiss\u00e4 tai hakemasta tutkintotodistusta.<\/li>\n\n\n\n<li>Kirjaston henkil\u00f6kunta hyv\u00e4ksyy linkin Theseuksessa noin viikon kuluessa, ja vasta t\u00e4m\u00e4n j\u00e4lkeen ty\u00f6si n\u00e4kyy Theseus-kokoelmassa.<\/li>\n<\/ul>\n\n\n\n<figure class=\"wp-block-image size-large\"><img loading=\"lazy\" decoding=\"async\" width=\"761\" height=\"118\" src=\"https:\/\/help.jamk.fi\/opinnaytetyo\/wp-content\/uploads\/sites\/114\/2021\/04\/Theseukseen-viedyn-julkaisun-pysyva-osoite.png\" alt=\"\" class=\"wp-image-1833\"\/><\/figure>\n\n\n\n<p>Kuvio 1. Theseukseen viedyn julkaisun pysyv\u00e4 osoite<\/p>\n\n\n\n<p><strong>ESIMERKKI:<\/strong><\/p>\n\n\n\n<ul class=\"wp-block-list\">\n<li>Kuviossa 1 yll\u00e4 on Theseuksen antama URN-tunnus URN:NBN:fi:amk-202104164950    <\/li>\n\n\n\n<li>Lis\u00e4t\u00e4\u00e4n sen alkuun  <strong>https:\/\/urn.fi\/<\/strong> <\/li>\n\n\n\n<li><strong>Lopullinen linkki<\/strong> julkaistuun opinn\u00e4ytety\u00f6h\u00f6n olisi siis https:\/\/urn.fi\/URN:NBN:fi:amk-202104164950<\/li>\n<\/ul>\n\n\n\n<p><\/p>\n\n\n\n<figure class=\"wp-block-image size-full\"><img loading=\"lazy\" decoding=\"async\" width=\"1452\" height=\"229\" src=\"https:\/\/help.jamk.fi\/opinnaytetyo\/wp-content\/uploads\/sites\/114\/2021\/04\/Theseus-linkin-tuominen-Wihiin.png\" alt=\"Theseus-linkin vieminen Wihiin\" class=\"wp-image-1834\"\/><\/figure>\n\n\n\n<p>Kuvio 2. Theseus-linkin vieminen Wihiin<\/p>\n\n\n\n<h2 class=\"wp-block-heading\" id=\"opinnaytetyon-arkistointi\">Opinn\u00e4ytety\u00f6n arkistointi ja tutkintotodistuksen haku<\/h2>\n\n\n\n<p>Ohjaaja arkistoi opinn\u00e4ytety\u00f6si sen j\u00e4lkeen, kun olet tallentanut Theseus-linkin Wihiin. Samalla saat arvosanan ja viimeiset opintopisteet Peppiin.<br>T\u00e4m\u00e4n j\u00e4lkeen voit ladata arviointilausunnon itsellesi Wihist\u00e4.<\/p>\n\n\n\n<p><strong>Voit hakea tutkintotodistusta heti, kun arvosanasi ja opintopisteesi on kirjautuneet Peppiin.<\/strong> <br>Ei haittaa, vaikka opinn\u00e4ytety\u00f6si ei viel\u00e4 n\u00e4kyisi Theseuksen kokoelmassa.  <\/p>\n\n\n\n<h2 class=\"wp-block-heading\"><\/h2>\n\n\n<div id=\"link-lifts-block_4c6b7f628b2007ada32bc4eff5aa11e8\" class=\"link-lifts block-link-lifts\">\n  <div class=\"row\">\n      <\/div>\n<\/div>\n\n\n<p><\/p>\n","protected":false},"excerpt":{"rendered":"<p>Jotta voit hakea tutkintotodistusta, tee ensin seuraavat: Julkaistavan opinn\u00e4ytety\u00f6version tulee olla se, joka on arvioitu ja hyv\u00e4ksytty, eik\u00e4 sit\u00e4 saa en\u00e4\u00e4 muuttaa tai korjata. Vastaat itse siit\u00e4, ett\u00e4 opinn\u00e4ytety\u00f6n versio on oikea. Opinn\u00e4ytety\u00f6n julkaiseminen Kaikki opinn\u00e4ytety\u00f6t julkaistaan s\u00e4hk\u00f6isesti Theseuksen avoimessa kokoelmassa tai Theseuksen k\u00e4ytt\u00f6rajatussa kokoelmassa.Tee julkaisu rauhallisesti, jotta saat kopioitua Theseuksen antaman linkin. Linkki ei [&hellip;]<\/p>\n","protected":false},"author":79,"featured_media":0,"parent":0,"menu_order":600,"comment_status":"closed","ping_status":"closed","template":"","meta":{"_acf_changed":false,"_relevanssi_hide_post":"","_relevanssi_hide_content":"","_relevanssi_pin_for_all":"","_relevanssi_pin_keywords":"","_relevanssi_unpin_keywords":"","_relevanssi_related_keywords":"","_relevanssi_related_include_ids":"","_relevanssi_related_exclude_ids":"","_relevanssi_related_no_append":"","_relevanssi_related_not_related":"","_relevanssi_related_posts":"","_relevanssi_noindex_reason":"","footnotes":""},"categories":[1],"tags":[2174,459,471,477,393,2180,2176,495,2178,2102,501,507,513,519],"class_list":["post-135","page","type-page","status-publish","hentry","category-yleinen","tag-arkisto","tag-arkistointi","tag-julkaiseminen","tag-julkaisu","tag-kirjasto","tag-pdf-a-en-fi","tag-rajattu-kokoelma","tag-saavutettavuus","tag-salainen-tyo","tag-salattu-tyo","tag-sahkoinen-arkistointi","tag-sahkoinen-lomake","tag-theseus","tag-verkkojulkaisulupa"],"acf":[],"yoast_head":"<!-- This site is optimized with the Yoast SEO plugin v27.4 - https:\/\/yoast.com\/product\/yoast-seo-wordpress\/ -->\n<title>11 Theseus-julkaisu - Opinn\u00e4ytety\u00f6<\/title>\n<meta name=\"robots\" content=\"index, follow, max-snippet:-1, max-image-preview:large, max-video-preview:-1\" \/>\n<link rel=\"canonical\" href=\"https:\/\/help.jamk.fi\/opinnaytetyo\/fi\/arkistointi-ja-julkaisu\/\" \/>\n<meta property=\"og:locale\" content=\"fi_FI\" \/>\n<meta property=\"og:type\" content=\"article\" \/>\n<meta property=\"og:title\" content=\"11 Theseus-julkaisu - Opinn\u00e4ytety\u00f6\" \/>\n<meta property=\"og:description\" content=\"Jotta voit hakea tutkintotodistusta, tee ensin seuraavat: Julkaistavan opinn\u00e4ytety\u00f6version tulee olla se, joka on arvioitu ja hyv\u00e4ksytty, eik\u00e4 sit\u00e4 saa en\u00e4\u00e4 muuttaa tai korjata. Vastaat itse siit\u00e4, ett\u00e4 opinn\u00e4ytety\u00f6n versio on oikea. Opinn\u00e4ytety\u00f6n julkaiseminen Kaikki opinn\u00e4ytety\u00f6t julkaistaan s\u00e4hk\u00f6isesti Theseuksen avoimessa kokoelmassa tai Theseuksen k\u00e4ytt\u00f6rajatussa kokoelmassa.Tee julkaisu rauhallisesti, jotta saat kopioitua Theseuksen antaman linkin. Linkki ei [&hellip;]\" \/>\n<meta property=\"og:url\" content=\"https:\/\/help.jamk.fi\/opinnaytetyo\/fi\/arkistointi-ja-julkaisu\/\" \/>\n<meta property=\"og:site_name\" content=\"Opinn\u00e4ytety\u00f6\" \/>\n<meta property=\"article:modified_time\" content=\"2026-03-26T12:53:02+00:00\" \/>\n<meta property=\"og:image\" content=\"https:\/\/help.jamk.fi\/opinnaytetyo\/wp-content\/uploads\/sites\/114\/2021\/04\/Theseukseen-viedyn-julkaisun-pysyva-osoite.png\" \/>\n\t<meta property=\"og:image:width\" content=\"761\" \/>\n\t<meta property=\"og:image:height\" content=\"118\" \/>\n\t<meta property=\"og:image:type\" content=\"image\/png\" \/>\n<meta name=\"twitter:card\" content=\"summary_large_image\" \/>\n<meta name=\"twitter:label1\" content=\"Arvioitu lukuaika\" \/>\n\t<meta name=\"twitter:data1\" content=\"4 minuuttia\" \/>\n<script type=\"application\/ld+json\" class=\"yoast-schema-graph\">{\"@context\":\"https:\\\/\\\/schema.org\",\"@graph\":[{\"@type\":\"WebPage\",\"@id\":\"https:\\\/\\\/help.jamk.fi\\\/opinnaytetyo\\\/fi\\\/arkistointi-ja-julkaisu\\\/\",\"url\":\"https:\\\/\\\/help.jamk.fi\\\/opinnaytetyo\\\/fi\\\/arkistointi-ja-julkaisu\\\/\",\"name\":\"11 Theseus-julkaisu - Opinn\u00e4ytety\u00f6\",\"isPartOf\":{\"@id\":\"https:\\\/\\\/help.jamk.fi\\\/opinnaytetyo\\\/#website\"},\"primaryImageOfPage\":{\"@id\":\"https:\\\/\\\/help.jamk.fi\\\/opinnaytetyo\\\/fi\\\/arkistointi-ja-julkaisu\\\/#primaryimage\"},\"image\":{\"@id\":\"https:\\\/\\\/help.jamk.fi\\\/opinnaytetyo\\\/fi\\\/arkistointi-ja-julkaisu\\\/#primaryimage\"},\"thumbnailUrl\":\"https:\\\/\\\/help.jamk.fi\\\/opinnaytetyo\\\/wp-content\\\/uploads\\\/sites\\\/114\\\/2021\\\/04\\\/Theseukseen-viedyn-julkaisun-pysyva-osoite.png\",\"datePublished\":\"2020-04-20T08:49:16+00:00\",\"dateModified\":\"2026-03-26T12:53:02+00:00\",\"breadcrumb\":{\"@id\":\"https:\\\/\\\/help.jamk.fi\\\/opinnaytetyo\\\/fi\\\/arkistointi-ja-julkaisu\\\/#breadcrumb\"},\"inLanguage\":\"fi\",\"potentialAction\":[{\"@type\":\"ReadAction\",\"target\":[\"https:\\\/\\\/help.jamk.fi\\\/opinnaytetyo\\\/fi\\\/arkistointi-ja-julkaisu\\\/\"]}]},{\"@type\":\"ImageObject\",\"inLanguage\":\"fi\",\"@id\":\"https:\\\/\\\/help.jamk.fi\\\/opinnaytetyo\\\/fi\\\/arkistointi-ja-julkaisu\\\/#primaryimage\",\"url\":\"https:\\\/\\\/help.jamk.fi\\\/opinnaytetyo\\\/wp-content\\\/uploads\\\/sites\\\/114\\\/2021\\\/04\\\/Theseukseen-viedyn-julkaisun-pysyva-osoite.png\",\"contentUrl\":\"https:\\\/\\\/help.jamk.fi\\\/opinnaytetyo\\\/wp-content\\\/uploads\\\/sites\\\/114\\\/2021\\\/04\\\/Theseukseen-viedyn-julkaisun-pysyva-osoite.png\",\"width\":761,\"height\":118},{\"@type\":\"BreadcrumbList\",\"@id\":\"https:\\\/\\\/help.jamk.fi\\\/opinnaytetyo\\\/fi\\\/arkistointi-ja-julkaisu\\\/#breadcrumb\",\"itemListElement\":[{\"@type\":\"ListItem\",\"position\":1,\"name\":\"Etusivu\",\"item\":\"https:\\\/\\\/help.jamk.fi\\\/opinnaytetyo\\\/fi\\\/\"},{\"@type\":\"ListItem\",\"position\":2,\"name\":\"11 Theseus-julkaisu\"}]},{\"@type\":\"WebSite\",\"@id\":\"https:\\\/\\\/help.jamk.fi\\\/opinnaytetyo\\\/#website\",\"url\":\"https:\\\/\\\/help.jamk.fi\\\/opinnaytetyo\\\/\",\"name\":\"Opinn\u00e4ytety\u00f6\",\"description\":\"\",\"potentialAction\":[{\"@type\":\"SearchAction\",\"target\":{\"@type\":\"EntryPoint\",\"urlTemplate\":\"https:\\\/\\\/help.jamk.fi\\\/opinnaytetyo\\\/?s={search_term_string}\"},\"query-input\":{\"@type\":\"PropertyValueSpecification\",\"valueRequired\":true,\"valueName\":\"search_term_string\"}}],\"inLanguage\":\"fi\"}]}<\/script>\n<!-- \/ Yoast SEO plugin. -->","yoast_head_json":{"title":"11 Theseus-julkaisu - Opinn\u00e4ytety\u00f6","robots":{"index":"index","follow":"follow","max-snippet":"max-snippet:-1","max-image-preview":"max-image-preview:large","max-video-preview":"max-video-preview:-1"},"canonical":"https:\/\/help.jamk.fi\/opinnaytetyo\/fi\/arkistointi-ja-julkaisu\/","og_locale":"fi_FI","og_type":"article","og_title":"11 Theseus-julkaisu - Opinn\u00e4ytety\u00f6","og_description":"Jotta voit hakea tutkintotodistusta, tee ensin seuraavat: Julkaistavan opinn\u00e4ytety\u00f6version tulee olla se, joka on arvioitu ja hyv\u00e4ksytty, eik\u00e4 sit\u00e4 saa en\u00e4\u00e4 muuttaa tai korjata. Vastaat itse siit\u00e4, ett\u00e4 opinn\u00e4ytety\u00f6n versio on oikea. Opinn\u00e4ytety\u00f6n julkaiseminen Kaikki opinn\u00e4ytety\u00f6t julkaistaan s\u00e4hk\u00f6isesti Theseuksen avoimessa kokoelmassa tai Theseuksen k\u00e4ytt\u00f6rajatussa kokoelmassa.Tee julkaisu rauhallisesti, jotta saat kopioitua Theseuksen antaman linkin. Linkki ei [&hellip;]","og_url":"https:\/\/help.jamk.fi\/opinnaytetyo\/fi\/arkistointi-ja-julkaisu\/","og_site_name":"Opinn\u00e4ytety\u00f6","article_modified_time":"2026-03-26T12:53:02+00:00","og_image":[{"width":761,"height":118,"url":"https:\/\/help.jamk.fi\/opinnaytetyo\/wp-content\/uploads\/sites\/114\/2021\/04\/Theseukseen-viedyn-julkaisun-pysyva-osoite.png","type":"image\/png"}],"twitter_card":"summary_large_image","twitter_misc":{"Arvioitu lukuaika":"4 minuuttia"},"schema":{"@context":"https:\/\/schema.org","@graph":[{"@type":"WebPage","@id":"https:\/\/help.jamk.fi\/opinnaytetyo\/fi\/arkistointi-ja-julkaisu\/","url":"https:\/\/help.jamk.fi\/opinnaytetyo\/fi\/arkistointi-ja-julkaisu\/","name":"11 Theseus-julkaisu - Opinn\u00e4ytety\u00f6","isPartOf":{"@id":"https:\/\/help.jamk.fi\/opinnaytetyo\/#website"},"primaryImageOfPage":{"@id":"https:\/\/help.jamk.fi\/opinnaytetyo\/fi\/arkistointi-ja-julkaisu\/#primaryimage"},"image":{"@id":"https:\/\/help.jamk.fi\/opinnaytetyo\/fi\/arkistointi-ja-julkaisu\/#primaryimage"},"thumbnailUrl":"https:\/\/help.jamk.fi\/opinnaytetyo\/wp-content\/uploads\/sites\/114\/2021\/04\/Theseukseen-viedyn-julkaisun-pysyva-osoite.png","datePublished":"2020-04-20T08:49:16+00:00","dateModified":"2026-03-26T12:53:02+00:00","breadcrumb":{"@id":"https:\/\/help.jamk.fi\/opinnaytetyo\/fi\/arkistointi-ja-julkaisu\/#breadcrumb"},"inLanguage":"fi","potentialAction":[{"@type":"ReadAction","target":["https:\/\/help.jamk.fi\/opinnaytetyo\/fi\/arkistointi-ja-julkaisu\/"]}]},{"@type":"ImageObject","inLanguage":"fi","@id":"https:\/\/help.jamk.fi\/opinnaytetyo\/fi\/arkistointi-ja-julkaisu\/#primaryimage","url":"https:\/\/help.jamk.fi\/opinnaytetyo\/wp-content\/uploads\/sites\/114\/2021\/04\/Theseukseen-viedyn-julkaisun-pysyva-osoite.png","contentUrl":"https:\/\/help.jamk.fi\/opinnaytetyo\/wp-content\/uploads\/sites\/114\/2021\/04\/Theseukseen-viedyn-julkaisun-pysyva-osoite.png","width":761,"height":118},{"@type":"BreadcrumbList","@id":"https:\/\/help.jamk.fi\/opinnaytetyo\/fi\/arkistointi-ja-julkaisu\/#breadcrumb","itemListElement":[{"@type":"ListItem","position":1,"name":"Etusivu","item":"https:\/\/help.jamk.fi\/opinnaytetyo\/fi\/"},{"@type":"ListItem","position":2,"name":"11 Theseus-julkaisu"}]},{"@type":"WebSite","@id":"https:\/\/help.jamk.fi\/opinnaytetyo\/#website","url":"https:\/\/help.jamk.fi\/opinnaytetyo\/","name":"Opinn\u00e4ytety\u00f6","description":"","potentialAction":[{"@type":"SearchAction","target":{"@type":"EntryPoint","urlTemplate":"https:\/\/help.jamk.fi\/opinnaytetyo\/?s={search_term_string}"},"query-input":{"@type":"PropertyValueSpecification","valueRequired":true,"valueName":"search_term_string"}}],"inLanguage":"fi"}]}},"_links":{"self":[{"href":"https:\/\/help.jamk.fi\/opinnaytetyo\/wp-json\/wp\/v2\/pages\/135","targetHints":{"allow":["GET"]}}],"collection":[{"href":"https:\/\/help.jamk.fi\/opinnaytetyo\/wp-json\/wp\/v2\/pages"}],"about":[{"href":"https:\/\/help.jamk.fi\/opinnaytetyo\/wp-json\/wp\/v2\/types\/page"}],"author":[{"embeddable":true,"href":"https:\/\/help.jamk.fi\/opinnaytetyo\/wp-json\/wp\/v2\/users\/79"}],"replies":[{"embeddable":true,"href":"https:\/\/help.jamk.fi\/opinnaytetyo\/wp-json\/wp\/v2\/comments?post=135"}],"version-history":[{"count":34,"href":"https:\/\/help.jamk.fi\/opinnaytetyo\/wp-json\/wp\/v2\/pages\/135\/revisions"}],"predecessor-version":[{"id":6222,"href":"https:\/\/help.jamk.fi\/opinnaytetyo\/wp-json\/wp\/v2\/pages\/135\/revisions\/6222"}],"wp:attachment":[{"href":"https:\/\/help.jamk.fi\/opinnaytetyo\/wp-json\/wp\/v2\/media?parent=135"}],"wp:term":[{"taxonomy":"category","embeddable":true,"href":"https:\/\/help.jamk.fi\/opinnaytetyo\/wp-json\/wp\/v2\/categories?post=135"},{"taxonomy":"post_tag","embeddable":true,"href":"https:\/\/help.jamk.fi\/opinnaytetyo\/wp-json\/wp\/v2\/tags?post=135"}],"curies":[{"name":"wp","href":"https:\/\/api.w.org\/{rel}","templated":true}]}}