{"id":147,"date":"2020-04-21T06:59:30","date_gmt":"2020-04-21T03:59:30","guid":{"rendered":"https:\/\/help.jamk.fi\/opinnaytetyo\/etusivu\/"},"modified":"2025-11-25T10:27:20","modified_gmt":"2025-11-25T08:27:20","slug":"etusivu","status":"publish","type":"page","link":"https:\/\/help.jamk.fi\/opinnaytetyo\/fi\/","title":{"rendered":"Tervetuloa tekem\u00e4\u00e4n opinn\u00e4ytety\u00f6t\u00e4!"},"content":{"rendered":"\n<div id=\"text-column-block_01a00ecd68afb7648a60f230cab96cb8\" class=\"text-column block-text-column\">\n  <div class=\"block-text-column__wrapper\">\n                  <div class=\"row block-text-column__column-section\">\n          <div class=\"col-12 col-md-5 block-text-column__column-section--column\">\n            <div class=\"block-text-column__column-section--title-wrap\">\n                              <h2 class=\"\">Tervetuloa tekem\u00e4\u00e4n opinn\u00e4ytety\u00f6t\u00e4!<\/h2>\n                          <\/div>\n          <\/div>\n          <div class=\"col-12 col-md-7 block-text-column__column-section--column\">\n                          <div class=\"block-text-column__column-section--text_area\">\n                <p>T\u00e4lle sivustolle on koottu perustietoa opinn\u00e4ytety\u00f6st\u00e4 ja tarkempia ohjeita opinn\u00e4ytety\u00f6projektin l\u00e4piviemiselle. Luvusta 1 Opinn\u00e4ytety\u00f6 l\u00f6yd\u00e4t opinn\u00e4ytety\u00f6n etenemiseen liittyv\u00e4t askeleet. Etene numeroj\u00e4rjestyksess\u00e4.<\/p>\n<p><!-- \/wp:paragraph --> <!-- wp:paragraph --><\/p>\n<p><strong>Jokaiselle sivulle on lis\u00e4ksi koottu asiaan liittyv\u00e4t lomakkeet, dokumentit ja linkit.<\/strong><\/p>\n<p>&nbsp;<\/p>\n<p><!-- \/wp:paragraph --><\/p>\n              <\/div>\n                      <\/div>\n        <\/div>\n              <div class=\"row block-text-column__column-section\">\n          <div class=\"col-12 col-md-5 block-text-column__column-section--column\">\n            <div class=\"block-text-column__column-section--title-wrap\">\n                              <h2 class=\"\">Palaute<\/h2>\n                          <\/div>\n          <\/div>\n          <div class=\"col-12 col-md-7 block-text-column__column-section--column\">\n                          <div class=\"block-text-column__column-section--text_area\">\n                <p>Voit antaa palautetta ja kehitt\u00e4misideoita opinn\u00e4ytety\u00f6n ohjeista ja opinn\u00e4ytety\u00f6st\u00e4 yleisesti sivujen yl\u00e4osan <strong>J\u00e4t\u00e4 palvelupyynt\u00f6 &#8211; painikkeella<\/strong>. Valitse kategoriaksi <strong>Tietoj\u00e4rjestelm\u00e4t ja palvelut<\/strong> ja sen j\u00e4lkeen <strong>Opinn\u00e4ytety\u00f6 ja Wihi<\/strong>. Virheet pyrit\u00e4\u00e4n korjaamaan mahdollisimman pian. Kehitysehdotukset ja muut palautteet k\u00e4sitell\u00e4\u00e4n Jamkin opinn\u00e4ytety\u00f6foorumilla. Raportoi Wihin tukipyynn\u00f6t samalla lomakkeella.<\/p>\n<p>&nbsp;<\/p>\n<p>Keskustele opinn\u00e4ytety\u00f6n ohjaukseen ja sis\u00e4lt\u00f6\u00f6n liittyvist\u00e4 kysymyksist\u00e4 opinn\u00e4ytety\u00f6si ohjaajan kanssa.<\/p>\n<p>&nbsp;<\/p>\n              <\/div>\n                      <\/div>\n        <\/div>\n            <\/div>\n<\/div>\n\n<div id=\"link-lifts-block_9c148eb199383da0e634014d21898422\" class=\"link-lifts block-link-lifts\">\n  <div class=\"row\">\n            <div class=\"col-12 col-lg-4 block-link-lifts__column\">\n          <div class=\"block-link-lifts__item pink\">\n            <h3 class=\"block-link-lifts__item--heading\">Tutkintos\u00e4\u00e4nt\u00f6<\/h3>\n                          <ul class=\"block-link-lifts__item--link-list\">\n                                                                        <li>\n                                              <a class=\"link-list\" href=\"https:\/\/www.jamk.fi\/fi\/opiskelijalle\/tutkinto-opiskelija\/saannot-ja-periaatteet\" target=\"_self\">Tutkintos\u00e4\u00e4nt\u00f6 (Opiskelijalle-sivut)<\/a>\n                                          <\/li>\n                                                <\/ul>\n            \n          <\/div>\n        <\/div>\n            <div class=\"col-12 col-lg-4 block-link-lifts__column\">\n          <div class=\"block-link-lifts__item pink\">\n            <h3 class=\"block-link-lifts__item--heading\">Raportointiohje<\/h3>\n                          <ul class=\"block-link-lifts__item--link-list\">\n                                                                        <li>\n                                              <a class=\"link-list\" href=\"https:\/\/help.jamk.fi\/raportointiohje\/fi\/\" target=\"_self\">Jamk Raportointiohje<\/a>\n                                          <\/li>\n                                                <\/ul>\n            \n          <\/div>\n        <\/div>\n            <div class=\"col-12 col-lg-4 block-link-lifts__column\">\n          <div class=\"block-link-lifts__item pink\">\n            <h3 class=\"block-link-lifts__item--heading\">Opinn\u00e4ytety\u00f6n ohjaajan materiaalit<\/h3>\n                          <ul class=\"block-link-lifts__item--link-list\">\n                                                                        <li>\n                                              <a class=\"link-list lock\" href=\"https:\/\/jamkstudent.sharepoint.com\/sites\/Opinnaytetyon-ohjaus-Elmo\" target=\"_blank\" aria-label=\"Avautuu uuteen v\u00e4lilehteen\" >Opinn\u00e4ytety\u00f6-sivut (Jamk intra)<i  ><svg aria-hidden=\"true\" viewBox=\"0 0 24 24\" fill=\"none\" xmlns=\"http:\/\/www.w3.org\/2000\/svg\"><g clip-path=\"url(#clip0_1574_4368)\"><circle cx=\"12\" cy=\"12\" r=\"12\" fill=\"#0D004C\"\/><g clip-path=\"url(#clip1_1574_4368)\" fill=\"#fff\"><path d=\"M15.637 11.107v-2.68c0-1.967-1.632-3.57-3.637-3.57S8.363 6.46 8.363 8.43v2.68c-.752 0-1.363.6-1.363 1.338v5.357c0 .739.613 1.339 1.363 1.339h7.272c.752 0 1.363-.6 1.363-1.34v-5.356c0-.738-.61-1.339-1.363-1.339l.002-.001zM9.272 8.429c0-1.477 1.224-2.68 2.728-2.68 1.504 0 2.728 1.201 2.728 2.68v2.68H9.272v-2.68zm6.818 9.375a.451.451 0 01-.455.446H8.363a.45.45 0 01-.454-.446v-5.357a.45.45 0 01.454-.446h7.272c.251 0 .455.2.455.446v5.357z\"\/><path d=\"M12 13.34c-.503 0-.91.4-.91.892 0 .33.185.615.455.77v1.017a.45.45 0 00.455.446.45.45 0 00.454-.446v-1.017a.887.887 0 00.454-.77.902.902 0 00-.908-.892z\"\/><\/g><\/g><defs><clipPath id=\"clip0_1574_4368\"><path fill=\"#fff\" d=\"M0 0h24v24H0z\"\/><\/clipPath><clipPath id=\"clip1_1574_4368\"><path fill=\"#fff\" transform=\"translate(7 4.857)\" d=\"M0 0h10v14.286H0z\"\/><\/clipPath><\/defs><\/svg><\/i><\/a>\n                                          <\/li>\n                                                                                          <li>\n                                              <a class=\"link-list external\" href=\"https:\/\/help.jamk.fi\/opinnaytetyon-ohjaus\/fi\/\" target=\"_blank\" aria-label=\"Avautuu uuteen v\u00e4lilehteen\" >Opinn\u00e4ytety\u00f6n ohjaajan k\u00e4sikirja<i  ><svg aria-hidden=\"true\" viewBox=\"0 0 12 12\" fill=\"none\" xmlns=\"http:\/\/www.w3.org\/2000\/svg\"><path d=\"M9.23 11.17H.77V1.83h4.615V1H0v11h10V6.189h-.77v4.98z\" fill=\"#fff\"\/><path d=\"M7.002 0v.833h3.576L4 7.411 4.589 8l6.578-6.578v3.576H12V0H7.002z\" fill=\"#fff\"\/><\/svg><\/i><\/a>\n                                          <\/li>\n                                                <\/ul>\n            \n          <\/div>\n        <\/div>\n      <\/div>\n<\/div>\n\n<div id=\"link-lifts-block_a2f3c4f6219a6566a4e0e17803d9e8f0\" class=\"link-lifts block-link-lifts\">\n  <div class=\"row\">\n            <div class=\"col-12 col-lg-4 block-link-lifts__column\">\n          <div class=\"block-link-lifts__item pink\">\n            <h3 class=\"block-link-lifts__item--heading\">AMK -opinn\u00e4ytety\u00f6n opintojaksot<\/h3>\n                          <ul class=\"block-link-lifts__item--link-list\">\n                                                                        <li>\n                                              <a class=\"link-list\" href=\"https:\/\/opetussuunnitelmat.peppi.jamk.fi\/offerings\/other\/56031\/48615\" target=\"_self\">Opinn\u00e4ytety\u00f6n suunnittelu, AMK 3 op &#8211; ZZ00BL91 (Opintojaksokuvaus, Peppi)<\/a>\n                                          <\/li>\n                                                                                          <li>\n                                              <a class=\"link-list\" href=\"https:\/\/opetussuunnitelmat.peppi.jamk.fi\/offerings\/other\/56031\/48629\" target=\"_self\">Opinn\u00e4ytety\u00f6n kirjoittaminen, AMK 2 op &#8211; ZZ00BL97 (Opintojaksokuvaus, Peppi)<\/a>\n                                          <\/li>\n                                                                                          <li>\n                                              <a class=\"link-list\" href=\"https:\/\/opetussuunnitelmat.peppi.jamk.fi\/offerings\/other\/56031\/48616\" target=\"_self\">Opinn\u00e4ytety\u00f6n toteutus, AMK 6 op &#8211; ZZ00BL92 (Opintojaksokuvaus, Peppi)<\/a>\n                                          <\/li>\n                                                                                          <li>\n                                              <a class=\"link-list\" href=\"https:\/\/opetussuunnitelmat.peppi.jamk.fi\/offerings\/other\/56031\/48617\" target=\"_self\">Opinn\u00e4ytety\u00f6n raportointi ja arviointi, AMK 4 op &#8211; ZZ00BL93 (Opintojaksokuvaus, Peppi)<\/a>\n                                          <\/li>\n                                                                                          <li>\n                                              <a class=\"link-list\" href=\"https:\/\/opetussuunnitelmat.peppi.jamk.fi\/offerings\/other\/56031\/39891\" target=\"_self\">Kypsyysn\u00e4yte, AMK 0 op &#8211; ZZOA0220 (Opintojaksokuvaus, Peppi)<\/a>\n                                          <\/li>\n                                                <\/ul>\n            \n          <\/div>\n        <\/div>\n            <div class=\"col-12 col-lg-4 block-link-lifts__column\">\n          <div class=\"block-link-lifts__item pink\">\n            <h3 class=\"block-link-lifts__item--heading\">YAMK -opinn\u00e4ytety\u00f6n opintojaksot<\/h3>\n                          <ul class=\"block-link-lifts__item--link-list\">\n                                                                        <li>\n                                              <a class=\"link-list\" href=\"https:\/\/opetussuunnitelmat.peppi.jamk.fi\/offerings\/other\/56031\/48626\" target=\"_self\">Opinn\u00e4ytety\u00f6n suunnittelu, ylempi AMK 7 op &#8211; YZ00BL94 (Opintojaksokuvaus, Peppi)<\/a>\n                                          <\/li>\n                                                                                          <li>\n                                              <a class=\"link-list\" href=\"https:\/\/opetussuunnitelmat.peppi.jamk.fi\/offerings\/other\/56031\/48630%20\" target=\"_self\">Tutkimuskirjoittaminen, ylempi AMK 3 op &#8211; YZ00BL98 (Opintojaksokuvaus, Peppi)<\/a>\n                                          <\/li>\n                                                                                          <li>\n                                              <a class=\"link-list\" href=\"https:\/\/opetussuunnitelmat.peppi.jamk.fi\/offerings\/other\/56031\/48627\" target=\"_self\">Opinn\u00e4ytety\u00f6n toteutus, ylempi AMK 10 op &#8211; YZ00BL95<\/a>\n                                          <\/li>\n                                                                                          <li>\n                                              <a class=\"link-list\" href=\"https:\/\/opetussuunnitelmat.peppi.jamk.fi\/offerings\/other\/56031\/48628\" target=\"_self\">Opinn\u00e4ytety\u00f6n raportointi, ylempi AMK 10 op &#8211; YZ00BL96<\/a>\n                                          <\/li>\n                                                                                          <li>\n                                              <a class=\"link-list\" href=\"https:\/\/opetussuunnitelmat.peppi.jamk.fi\/offerings\/other\/56031\/41165\" target=\"_self\">Kypsyysn\u00e4yte, ylempi AMK 0 op &#8211; YZ00BB05<\/a>\n                                          <\/li>\n                                                <\/ul>\n            \n          <\/div>\n        <\/div>\n      <\/div>\n<\/div>","protected":false},"excerpt":{"rendered":"","protected":false},"author":79,"featured_media":0,"parent":0,"menu_order":0,"comment_status":"closed","ping_status":"closed","template":"templates\/template-full-width.php","meta":{"_acf_changed":false,"_relevanssi_hide_post":"","_relevanssi_hide_content":"","_relevanssi_pin_for_all":"","_relevanssi_pin_keywords":"opinn\u00e4ytety\u00f6, oppari","_relevanssi_unpin_keywords":"","_relevanssi_related_keywords":"","_relevanssi_related_include_ids":"","_relevanssi_related_exclude_ids":"","_relevanssi_related_no_append":"","_relevanssi_related_not_related":"","_relevanssi_related_posts":"","_relevanssi_noindex_reason":"","footnotes":""},"categories":[1],"tags":[],"class_list":["post-147","page","type-page","status-publish","hentry","category-yleinen"],"acf":[],"yoast_head":"<!-- This site is optimized with the Yoast SEO plugin v27.4 - https:\/\/yoast.com\/product\/yoast-seo-wordpress\/ -->\n<title>Tervetuloa tekem\u00e4\u00e4n opinn\u00e4ytety\u00f6t\u00e4! - Opinn\u00e4ytety\u00f6<\/title>\n<meta name=\"robots\" content=\"index, follow, max-snippet:-1, max-image-preview:large, max-video-preview:-1\" \/>\n<link rel=\"canonical\" href=\"https:\/\/help.jamk.fi\/opinnaytetyo\/fi\/\" \/>\n<meta property=\"og:locale\" content=\"fi_FI\" \/>\n<meta property=\"og:type\" content=\"article\" \/>\n<meta property=\"og:title\" content=\"Tervetuloa tekem\u00e4\u00e4n opinn\u00e4ytety\u00f6t\u00e4! - Opinn\u00e4ytety\u00f6\" \/>\n<meta property=\"og:url\" content=\"https:\/\/help.jamk.fi\/opinnaytetyo\/fi\/\" \/>\n<meta property=\"og:site_name\" content=\"Opinn\u00e4ytety\u00f6\" \/>\n<meta property=\"article:modified_time\" content=\"2025-11-25T08:27:20+00:00\" \/>\n<meta name=\"twitter:card\" content=\"summary_large_image\" \/>\n<script type=\"application\/ld+json\" class=\"yoast-schema-graph\">{\"@context\":\"https:\\\/\\\/schema.org\",\"@graph\":[{\"@type\":\"WebPage\",\"@id\":\"https:\\\/\\\/help.jamk.fi\\\/opinnaytetyo\\\/fi\\\/\",\"url\":\"https:\\\/\\\/help.jamk.fi\\\/opinnaytetyo\\\/fi\\\/\",\"name\":\"Tervetuloa tekem\u00e4\u00e4n opinn\u00e4ytety\u00f6t\u00e4! - Opinn\u00e4ytety\u00f6\",\"isPartOf\":{\"@id\":\"https:\\\/\\\/help.jamk.fi\\\/opinnaytetyo\\\/#website\"},\"datePublished\":\"2020-04-21T03:59:30+00:00\",\"dateModified\":\"2025-11-25T08:27:20+00:00\",\"breadcrumb\":{\"@id\":\"https:\\\/\\\/help.jamk.fi\\\/opinnaytetyo\\\/fi\\\/#breadcrumb\"},\"inLanguage\":\"fi\",\"potentialAction\":[{\"@type\":\"ReadAction\",\"target\":[\"https:\\\/\\\/help.jamk.fi\\\/opinnaytetyo\\\/fi\\\/\"]}]},{\"@type\":\"BreadcrumbList\",\"@id\":\"https:\\\/\\\/help.jamk.fi\\\/opinnaytetyo\\\/fi\\\/#breadcrumb\",\"itemListElement\":[{\"@type\":\"ListItem\",\"position\":1,\"name\":\"Etusivu\",\"item\":\"https:\\\/\\\/help.jamk.fi\\\/opinnaytetyo\\\/fi\\\/\"},{\"@type\":\"ListItem\",\"position\":2,\"name\":\"Tervetuloa tekem\u00e4\u00e4n opinn\u00e4ytety\u00f6t\u00e4!\"}]},{\"@type\":\"WebSite\",\"@id\":\"https:\\\/\\\/help.jamk.fi\\\/opinnaytetyo\\\/#website\",\"url\":\"https:\\\/\\\/help.jamk.fi\\\/opinnaytetyo\\\/\",\"name\":\"Opinn\u00e4ytety\u00f6\",\"description\":\"\",\"potentialAction\":[{\"@type\":\"SearchAction\",\"target\":{\"@type\":\"EntryPoint\",\"urlTemplate\":\"https:\\\/\\\/help.jamk.fi\\\/opinnaytetyo\\\/?s={search_term_string}\"},\"query-input\":{\"@type\":\"PropertyValueSpecification\",\"valueRequired\":true,\"valueName\":\"search_term_string\"}}],\"inLanguage\":\"fi\"}]}<\/script>\n<!-- \/ Yoast SEO plugin. -->","yoast_head_json":{"title":"Tervetuloa tekem\u00e4\u00e4n opinn\u00e4ytety\u00f6t\u00e4! - Opinn\u00e4ytety\u00f6","robots":{"index":"index","follow":"follow","max-snippet":"max-snippet:-1","max-image-preview":"max-image-preview:large","max-video-preview":"max-video-preview:-1"},"canonical":"https:\/\/help.jamk.fi\/opinnaytetyo\/fi\/","og_locale":"fi_FI","og_type":"article","og_title":"Tervetuloa tekem\u00e4\u00e4n opinn\u00e4ytety\u00f6t\u00e4! - Opinn\u00e4ytety\u00f6","og_url":"https:\/\/help.jamk.fi\/opinnaytetyo\/fi\/","og_site_name":"Opinn\u00e4ytety\u00f6","article_modified_time":"2025-11-25T08:27:20+00:00","twitter_card":"summary_large_image","schema":{"@context":"https:\/\/schema.org","@graph":[{"@type":"WebPage","@id":"https:\/\/help.jamk.fi\/opinnaytetyo\/fi\/","url":"https:\/\/help.jamk.fi\/opinnaytetyo\/fi\/","name":"Tervetuloa tekem\u00e4\u00e4n opinn\u00e4ytety\u00f6t\u00e4! - Opinn\u00e4ytety\u00f6","isPartOf":{"@id":"https:\/\/help.jamk.fi\/opinnaytetyo\/#website"},"datePublished":"2020-04-21T03:59:30+00:00","dateModified":"2025-11-25T08:27:20+00:00","breadcrumb":{"@id":"https:\/\/help.jamk.fi\/opinnaytetyo\/fi\/#breadcrumb"},"inLanguage":"fi","potentialAction":[{"@type":"ReadAction","target":["https:\/\/help.jamk.fi\/opinnaytetyo\/fi\/"]}]},{"@type":"BreadcrumbList","@id":"https:\/\/help.jamk.fi\/opinnaytetyo\/fi\/#breadcrumb","itemListElement":[{"@type":"ListItem","position":1,"name":"Etusivu","item":"https:\/\/help.jamk.fi\/opinnaytetyo\/fi\/"},{"@type":"ListItem","position":2,"name":"Tervetuloa tekem\u00e4\u00e4n opinn\u00e4ytety\u00f6t\u00e4!"}]},{"@type":"WebSite","@id":"https:\/\/help.jamk.fi\/opinnaytetyo\/#website","url":"https:\/\/help.jamk.fi\/opinnaytetyo\/","name":"Opinn\u00e4ytety\u00f6","description":"","potentialAction":[{"@type":"SearchAction","target":{"@type":"EntryPoint","urlTemplate":"https:\/\/help.jamk.fi\/opinnaytetyo\/?s={search_term_string}"},"query-input":{"@type":"PropertyValueSpecification","valueRequired":true,"valueName":"search_term_string"}}],"inLanguage":"fi"}]}},"_links":{"self":[{"href":"https:\/\/help.jamk.fi\/opinnaytetyo\/wp-json\/wp\/v2\/pages\/147","targetHints":{"allow":["GET"]}}],"collection":[{"href":"https:\/\/help.jamk.fi\/opinnaytetyo\/wp-json\/wp\/v2\/pages"}],"about":[{"href":"https:\/\/help.jamk.fi\/opinnaytetyo\/wp-json\/wp\/v2\/types\/page"}],"author":[{"embeddable":true,"href":"https:\/\/help.jamk.fi\/opinnaytetyo\/wp-json\/wp\/v2\/users\/79"}],"replies":[{"embeddable":true,"href":"https:\/\/help.jamk.fi\/opinnaytetyo\/wp-json\/wp\/v2\/comments?post=147"}],"version-history":[{"count":45,"href":"https:\/\/help.jamk.fi\/opinnaytetyo\/wp-json\/wp\/v2\/pages\/147\/revisions"}],"predecessor-version":[{"id":6153,"href":"https:\/\/help.jamk.fi\/opinnaytetyo\/wp-json\/wp\/v2\/pages\/147\/revisions\/6153"}],"wp:attachment":[{"href":"https:\/\/help.jamk.fi\/opinnaytetyo\/wp-json\/wp\/v2\/media?parent=147"}],"wp:term":[{"taxonomy":"category","embeddable":true,"href":"https:\/\/help.jamk.fi\/opinnaytetyo\/wp-json\/wp\/v2\/categories?post=147"},{"taxonomy":"post_tag","embeddable":true,"href":"https:\/\/help.jamk.fi\/opinnaytetyo\/wp-json\/wp\/v2\/tags?post=147"}],"curies":[{"name":"wp","href":"https:\/\/api.w.org\/{rel}","templated":true}]}}