{"id":150,"date":"2020-05-06T04:55:06","date_gmt":"2020-05-06T01:55:06","guid":{"rendered":"https:\/\/help.jamk.fi\/opinnaytetyo\/projektisuunnitelma-aikataulu\/htk_tietosuoja\/"},"modified":"2025-12-19T10:05:47","modified_gmt":"2025-12-19T08:05:47","slug":"htk-tietosuoja","status":"publish","type":"page","link":"https:\/\/help.jamk.fi\/opinnaytetyo\/fi\/opinnaytetyon-suunnittelu\/htk-tietosuoja\/","title":{"rendered":"5.3 Tietosuoja, tutkimuslupa ja hyv\u00e4 tieteellinen k\u00e4yt\u00e4nt\u00f6"},"content":{"rendered":"\n<h2 class=\"wp-block-heading\">Tietosuoja<\/h2>\n\n\n\n<p>Perehdy tietosuojaan ja henkil\u00f6tietojen k\u00e4sittelyyn. Tietosuoja opinn\u00e4ytety\u00f6ss\u00e4 koskettaa opinn\u00e4ytety\u00f6t\u00e4 laativaa opiskelijaa, toimeksiantajaa, mahdollisia tutkimukseen osallistuvia ja kirjallista opinn\u00e4ytety\u00f6t\u00e4 tutkimusaineistoineen. <\/p>\n\n\n\n<p>Tunnista aina, k\u00e4sitell\u00e4\u00e4nk\u00f6 opinn\u00e4ytety\u00f6ss\u00e4 henkil\u00f6tietoja. Henkil\u00f6tietoja ovat:<\/p>\n\n\n\n<ul class=\"wp-block-list\"><li>Luonnollista henkil\u00f6\u00e4, h\u00e4nen ominaisuuksiaan tai elinolosuhteitaan kuvaavia tietoja, jotka voidaan tunnistaa h\u00e4nt\u00e4, h\u00e4nen perhett\u00e4\u00e4n tai h\u00e4nen kanssaan yhteisess\u00e4 taloudessa asuvia koskeviksi.<\/li><li>Sellaiset henkil\u00f6tiedot, joiden avulla henkil\u00f6 voidaan tunnistaa suoraan. <\/li><li>Sellaiset tiedot, joiden avulla henkil\u00f6 voidaan tunnistaa v\u00e4lillisesti tai ep\u00e4suorasti yhdist\u00e4m\u00e4ll\u00e4 tieto johonkin toiseen tietoon (esim. kuva, \u00e4\u00e4ni, kyselyn avoimet vastaukset ja taustatiedot). <\/li><\/ul>\n\n\n\n<p>Jos k\u00e4sittelet henkil\u00f6tietoja, sinulla t\u00e4ytyy olla tietosuojaseloste. Poista henkil\u00f6n tunnistetiedot kokonaan ja pysyv\u00e4sti eli anonymisoi aineisto heti, kun se on j\u00e4rkev\u00e4sti analysoitavissa ilman tunnisteita. <strong>Katso tarkempia ohjeita ja tietosuojaselosteen mallipohja<\/strong> Elmo-intran <em>Tietosuoja<\/em>-sivustolta (kts. linkkilista).<\/p>\n\n\n\n<p>Opinn\u00e4ytet\u00f6iss\u00e4 ei pid\u00e4 ker\u00e4t\u00e4 <a href=\"https:\/\/tietosuoja.fi\/erityisten-henkilotietoryhmien-kasittely\">erityisiin henkil\u00f6tietoryhmiin kuuluvaa henkil\u00f6tietoa (Tietosuojavaltuutetun toimisto)<\/a>. <\/p>\n\n\n\n<h2 class=\"wp-block-heading\">Tutkimuslupa<\/h2>\n\n\n\n<p>Kun teet tutkimusta, selvit\u00e4 millaisia lupia tarvitset. Keskustele ensin kohdeorganisaation edustajan kanssa siit\u00e4, tarvitsetko tutkimuslupaa ja miten se haetaan. Mahdollinen tutkimuslupa haetaan aina siit\u00e4 organisaatiosta, jota tutkimus koskee. Aina organisaatiot eiv\u00e4t vaadi erillist\u00e4 tutkimuslupaa!<\/p>\n\n\n\n<p>Jos teet opinn\u00e4ytety\u00f6n osana projektia tai muuta tutkimusta, keskustele ensin tutkimusluvasta projektin tai tutkimuksen vastuuhenkil\u00f6iden kanssa.<\/p>\n\n\n\n<p>Jos tutkimuslupa vaaditaan, sen on oltava hyv\u00e4ksytty ennen kuin ker\u00e4\u00e4t tutkimusaineistoa.<\/p>\n\n\n\n<h3 class=\"wp-block-heading\">Tutkimuslupa Jamkissa<\/h3>\n\n\n\n<p>Jos tutkit opinn\u00e4ytety\u00f6ss\u00e4 tai muussa tutkimuksessa Jamkia, sen opiskelijoita tai henkil\u00f6kuntaa tai tarvitset Jamkilta arkisto- tai rekisteriaineistoja (esimerkiksi s\u00e4hk\u00f6postiosoitteita), sinun pit\u00e4\u00e4 hakea tutkimuslupaa ennen tutkimuksen aloittamista Jamkilta. Hae tutkimuslupa ajoissa, sill\u00e4 sen k\u00e4sittely voi kest\u00e4\u00e4 noin kaksi viikkoa. <\/p>\n\n\n\n<p>Liit\u00e4 hakemukseen<\/p>\n\n\n\n<ul class=\"wp-block-list\">\n<li>aineistonhallintasuunnitelma (pakollinen)<\/li>\n\n\n\n<li>opinn\u00e4ytety\u00f6n tietosuojaseloste (jos tutkimuksessa k\u00e4sitell\u00e4\u00e4n henkil\u00f6tietoja)<\/li>\n<\/ul>\n\n\n\n<p><strong>Ohjeet ja lomakkeen tutkimusluvan hakemiseen<\/strong> l\u00f6yd\u00e4t Jamkin Tutkimuslupa-sivustolta (ks. linkkilista). <\/p>\n\n\n\n<p>Ohjeet aineistonhallintasuunnitelman laatimiseen l\u00f6yd\u00e4t opinn\u00e4ytety\u00f6ohjeen kohdasta Aineistonhallintasuunnitelma (kts. linkkilista).<\/p>\n\n\n\n<p><\/p>\n\n\n\n<h2 class=\"wp-block-heading\">Tarkistuslista opinn\u00e4ytety\u00f6n eettisist\u00e4 kysymyksist\u00e4<\/h2>\n\n\n\n<ol class=\"wp-block-list\">\n<li>Olen selvitt\u00e4nyt esteellisyyteni.<\/li>\n\n\n\n<li>Olen perehtynyt opinn\u00e4ytety\u00f6ni aiheeseen.<\/li>\n\n\n\n<li>Olen yhdess\u00e4 ohjaajani kanssa punninnut ty\u00f6n edellytt\u00e4m\u00e4t resurssit.<\/li>\n\n\n\n<li>Olen tutustunut hyv\u00e4n tieteellisen k\u00e4yt\u00e4nn\u00f6n menettelytapoihin ja tutkimuseettisiin ohjeistuksiin.\n<ul class=\"wp-block-list\">\n<li>Ohjeet: <a href=\"https:\/\/www.jamk.fi\/fi\/opiskelijalle\/tutkinto-opiskelija\/saannot-ja-periaatteet\">Jamkin eettiset periaatteet (Opiskelijalle-sivut)<\/a> (erit. taulukko 1, s. 10-11 hyvist\u00e4 k\u00e4yt\u00e4nteist\u00e4) sek\u00e4 <a href=\"https:\/\/jamkstudent.sharepoint.com\/sites\/Eettiset-periaatteet-Elmo\/SitePages\/Etusivu.aspx\">tiivistetysti eettiset periaatteet opinnoissa (Elmo, vaatii kirjautumisen)<\/a>.<\/li>\n\n\n\n<li>Ohje l\u00e4hdeviittauksista: <a href=\"https:\/\/help.jamk.fi\/raportointiohje\/fi\/5a-lahteiden-kaytto\/\">K\u00e4yt\u00e4n l\u00e4hteit\u00e4 asianmukaisella tavalla (Help)<\/a>.<\/li>\n\n\n\n<li>Kunnioitan tutkittavien yksityisyytt\u00e4, tiedotan heit\u00e4 hyvin opinn\u00e4ytety\u00f6n tarkoituksesta ja toteutustavoista sek\u00e4 kysyn heilt\u00e4 tarvittavat suostumukset, kuten suostumus osallistumisesta opinn\u00e4ytety\u00f6h\u00f6n\/tutkimukseen (ks. <a href=\"https:\/\/jamkstudent.sharepoint.com\/:w:\/r\/sites\/Eettiset-periaatteet-Elmo\/Jaetut%20asiakirjat\/Tutkittavan_suostumuslomake_%20Consent_form_research_subjects_%20Jamk.docx?d=wddd785f760534a59a93ff42b3a8df945&amp;csf=1&amp;web=1&amp;e=tTxJrH\">mallipohja Elmossa, vaatii kirjautumisen<\/a>), suostumus henkil\u00f6tietojen k\u00e4sittelyyn.<\/li>\n\n\n\n<li>Tied\u00e4n, mit\u00e4 ovat vilppi ja plagiointi ja miten niit\u00e4 voi v\u00e4ltt\u00e4\u00e4. Jos opinn\u00e4ytety\u00f6ntekij\u00e4\u00e4 ep\u00e4ill\u00e4\u00e4n vilpist\u00e4 tai piittaamattomuudesta, siit\u00e4 tehd\u00e4\u00e4n aina ilmoitus. Todettu vilppi tai piittaamattomuus johtaa opinn\u00e4ytety\u00f6n hylk\u00e4\u00e4miseen.<\/li>\n\n\n\n<li>Ohje: <a href=\"https:\/\/help.jamk.fi\/tekoaly\/eettisyys\/\">Teko\u00e4lyn eettinen k\u00e4ytt\u00f6 (Help)<\/a>.<\/li>\n<\/ul>\n<\/li>\n\n\n\n<li>Olen tutustunut henkil\u00f6tietojen k\u00e4sittelyyn ja tietosuojaan liittyviin periaatteisiin ja ammattikorkeakouluni ohjeisiin.\n<ul class=\"wp-block-list\">\n<li>Ohje: <a href=\"https:\/\/jamkstudent.sharepoint.com\/sites\/Tietosuoja-ja-tietoturva-Elmo\/SitePages\/Tietosuojan-ohje-opinn%C3%A4ytety%C3%B6n-tekij%C3%A4lle.aspx\">Opinn\u00e4ytety\u00f6n tietosuojaohjeet Jamkissa<\/a><\/li>\n\n\n\n<li>Tunnista aina, ker\u00e4\u00e4tk\u00f6 henkil\u00f6tietoja (suoria tai ep\u00e4suoria) ja k\u00e4sittele niit\u00e4 ohjeiden mukaisesti. Ker\u00e4\u00e4n henkil\u00f6tietoja vain, jos siihen on perusteltu syy. Jos ker\u00e4\u00e4n henkil\u00f6tietoja, laadin tietosuojaselosteen ja kysyn suostumuksen henkil\u00f6tietojen k\u00e4sittelyyn. Pohja l\u00f6ytyy Jamkin tietosuojaohjeista.<\/li>\n\n\n\n<li>L\u00e4ht\u00f6kohtaisesti opinn\u00e4ytet\u00f6iss\u00e4 ei ker\u00e4t\u00e4 <a href=\"https:\/\/tietosuoja.fi\/erityisten-henkilotietoryhmien-kasittely\">erityisiin henkil\u00f6tietoryhmiin kuuluvaa henkil\u00f6tietoa<\/a>. Jos n\u00e4in aiotaan toimia, tulee sit\u00e4 etuk\u00e4teen harkita yhdess\u00e4 ohjaajan kanssa ja selvitt\u00e4\u00e4, onko ko. henkil\u00f6tiedolle tallennuspaikkaa.<\/li>\n\n\n\n<li>Muistan toimeksiantajan ja tutkittavien pseudonymisoinnin\/anonymisoinnin: Sovin erikseen toimeksiantajan kanssa. Tutkittavat anonymisoin aina, jollei erityist\u00e4 painavaa syyt\u00e4 ole.<\/li>\n<\/ul>\n<\/li>\n\n\n\n<li>Olen yhdess\u00e4 ohjaajani kanssa selvitt\u00e4nyt, tarvitseeko opinn\u00e4ytety\u00f6ni eettisen ennakkoarvioinnin ja\/tai tutkimuslupia sek\u00e4 tarpeen mukaan n\u00e4m\u00e4 hankkinut. Yleens\u00e4 opinn\u00e4ytety\u00f6ss\u00e4 ei voi olla tutkimusasetelmaa, johon vaadittaisiin eettinen ennakkoarviointi.<\/li>\n\n\n\n<li>Olen solminut tarvittavat sopimukset.<\/li>\n\n\n\n<li>Olen sopinut opinn\u00e4ytteeseeni liittyvien julkaisujen tekijyydest\u00e4 ja kirjoittajuudesta.\n<ul class=\"wp-block-list\">\n<li>Tekij\u00e4noikeus syntyy ihmiselle ja on luovan ty\u00f6n tulos (ei esim. ohjaus). Jos ihmistekij\u00e4 puuttuu (teko\u00e4lyn tuottama sis\u00e4lt\u00f6), niin kysymyksess\u00e4 ei ole teos.<\/li>\n\n\n\n<li><a href=\"https:\/\/submissions.theseus.fi\/ohje8.htm\">Tekij\u00e4noikeudet opinn\u00e4ytety\u00f6n tallentajalle (Theseus)<\/a><\/li>\n<\/ul>\n<\/li>\n\n\n\n<li>Olen tehnyt aineistonhallintasuunnitelman ja noudatan sit\u00e4.<\/li>\n\n\n\n<li>Olen ilmoittanut opinn\u00e4ytety\u00f6h\u00f6ni liittyv\u00e4n rahoituksen ja muut merkitykselliset sidonnaisuudet.<\/li>\n\n\n\n<li>Tied\u00e4n, ett\u00e4 opinn\u00e4ytety\u00f6ni tarkistetaan plagiaatintunnistuksella.<\/li>\n\n\n\n<li>Ymm\u00e4rr\u00e4n, ett\u00e4 opinn\u00e4ytety\u00f6ni on julkinen asiakirja.<\/li>\n\n\n\n<li>Ymm\u00e4rr\u00e4n, miten voin k\u00e4ytt\u00e4\u00e4 teko\u00e4ly\u00e4 ty\u00f6v\u00e4lineen\u00e4 opinn\u00e4ytety\u00f6prosessissa.<\/li>\n\n\n\n<li>Tied\u00e4n, ett\u00e4 minulla on oikeus laadukkaaseen opinn\u00e4ytety\u00f6prosessiin.<\/li>\n<\/ol>\n\n\n\n<p>T\u00e4m\u00e4 ohje pohjautuu seuraavaan ammattikorkeakoulujen yhteiseen suositukseen: <a href=\"https:\/\/arene.fi\/julkaisut\/raportit\/opinnaytetoiden-eettiset-suositukset\/\">Ammattikorkeakoulujen opinn\u00e4ytet\u00f6iden eettiset suositukset (Arene Ry 2025)<\/a>.<\/p>\n\n\n\n<p>P\u00e4ivitetty 3.11.2025<\/p>\n\n\n\n<p><\/p>\n","protected":false},"excerpt":{"rendered":"<p>Tietosuoja Tunnista aina, k\u00e4sitell\u00e4\u00e4nk\u00f6 opinn\u00e4ytety\u00f6ss\u00e4 henkil\u00f6tietoja. Henkil\u00f6tietoja ovat: Tutkimuslupa Kun teet tutkimusta, selvit\u00e4 millaisia lupia tarvitset. Keskustele ensin kohdeorganisaation edustajan kanssa siit\u00e4, tarvitsetko tutkimuslupaa ja miten se haetaan. Mahdollinen tutkimuslupa haetaan aina siit\u00e4 organisaatiosta, jota tutkimus koskee. Aina organisaatiot eiv\u00e4t vaadi erillist\u00e4 tutkimuslupaa! Jos teet opinn\u00e4ytety\u00f6n osana projektia tai muuta tutkimusta, keskustele ensin tutkimusluvasta projektin [&hellip;]<\/p>\n","protected":false},"author":79,"featured_media":0,"parent":100,"menu_order":3,"comment_status":"closed","ping_status":"closed","template":"","meta":{"_acf_changed":false,"_relevanssi_hide_post":"","_relevanssi_hide_content":"","_relevanssi_pin_for_all":"","_relevanssi_pin_keywords":"","_relevanssi_unpin_keywords":"","_relevanssi_related_keywords":"","_relevanssi_related_include_ids":"","_relevanssi_related_exclude_ids":"","_relevanssi_related_no_append":"","_relevanssi_related_not_related":"","_relevanssi_related_posts":"","_relevanssi_noindex_reason":"","footnotes":""},"categories":[1],"tags":[64,82,88,94,262,106,118],"class_list":["post-150","page","type-page","status-publish","hentry","category-yleinen","tag-eettiset-periaatteet","tag-henkilotietojen-kasittely","tag-hyva-tieteellinen-kaytanto","tag-plagiointi","tag-projektin-eteneminen","tag-tietosuoja","tag-vilppi"],"acf":[],"yoast_head":"<!-- This site is optimized with the Yoast SEO plugin v27.4 - https:\/\/yoast.com\/product\/yoast-seo-wordpress\/ -->\n<title>5.3 Tietosuoja, tutkimuslupa ja hyv\u00e4 tieteellinen k\u00e4yt\u00e4nt\u00f6 - Opinn\u00e4ytety\u00f6<\/title>\n<meta name=\"robots\" content=\"index, follow, max-snippet:-1, max-image-preview:large, max-video-preview:-1\" \/>\n<link rel=\"canonical\" href=\"https:\/\/help.jamk.fi\/opinnaytetyo\/fi\/opinnaytetyon-suunnittelu\/htk-tietosuoja\/\" \/>\n<meta property=\"og:locale\" content=\"fi_FI\" \/>\n<meta property=\"og:type\" content=\"article\" \/>\n<meta property=\"og:title\" content=\"5.3 Tietosuoja, tutkimuslupa ja hyv\u00e4 tieteellinen k\u00e4yt\u00e4nt\u00f6 - Opinn\u00e4ytety\u00f6\" \/>\n<meta property=\"og:description\" content=\"Tietosuoja Tunnista aina, k\u00e4sitell\u00e4\u00e4nk\u00f6 opinn\u00e4ytety\u00f6ss\u00e4 henkil\u00f6tietoja. Henkil\u00f6tietoja ovat: Tutkimuslupa Kun teet tutkimusta, selvit\u00e4 millaisia lupia tarvitset. Keskustele ensin kohdeorganisaation edustajan kanssa siit\u00e4, tarvitsetko tutkimuslupaa ja miten se haetaan. Mahdollinen tutkimuslupa haetaan aina siit\u00e4 organisaatiosta, jota tutkimus koskee. Aina organisaatiot eiv\u00e4t vaadi erillist\u00e4 tutkimuslupaa! Jos teet opinn\u00e4ytety\u00f6n osana projektia tai muuta tutkimusta, keskustele ensin tutkimusluvasta projektin [&hellip;]\" \/>\n<meta property=\"og:url\" content=\"https:\/\/help.jamk.fi\/opinnaytetyo\/fi\/opinnaytetyon-suunnittelu\/htk-tietosuoja\/\" \/>\n<meta property=\"og:site_name\" content=\"Opinn\u00e4ytety\u00f6\" \/>\n<meta property=\"article:modified_time\" content=\"2025-12-19T08:05:47+00:00\" \/>\n<meta name=\"twitter:card\" content=\"summary_large_image\" \/>\n<meta name=\"twitter:label1\" content=\"Arvioitu lukuaika\" \/>\n\t<meta name=\"twitter:data1\" content=\"12 minuuttia\" \/>\n<script type=\"application\/ld+json\" class=\"yoast-schema-graph\">{\"@context\":\"https:\\\/\\\/schema.org\",\"@graph\":[{\"@type\":\"WebPage\",\"@id\":\"https:\\\/\\\/help.jamk.fi\\\/opinnaytetyo\\\/fi\\\/opinnaytetyon-suunnittelu\\\/htk-tietosuoja\\\/\",\"url\":\"https:\\\/\\\/help.jamk.fi\\\/opinnaytetyo\\\/fi\\\/opinnaytetyon-suunnittelu\\\/htk-tietosuoja\\\/\",\"name\":\"5.3 Tietosuoja, tutkimuslupa ja hyv\u00e4 tieteellinen k\u00e4yt\u00e4nt\u00f6 - Opinn\u00e4ytety\u00f6\",\"isPartOf\":{\"@id\":\"https:\\\/\\\/help.jamk.fi\\\/opinnaytetyo\\\/#website\"},\"datePublished\":\"2020-05-06T01:55:06+00:00\",\"dateModified\":\"2025-12-19T08:05:47+00:00\",\"breadcrumb\":{\"@id\":\"https:\\\/\\\/help.jamk.fi\\\/opinnaytetyo\\\/fi\\\/opinnaytetyon-suunnittelu\\\/htk-tietosuoja\\\/#breadcrumb\"},\"inLanguage\":\"fi\",\"potentialAction\":[{\"@type\":\"ReadAction\",\"target\":[\"https:\\\/\\\/help.jamk.fi\\\/opinnaytetyo\\\/fi\\\/opinnaytetyon-suunnittelu\\\/htk-tietosuoja\\\/\"]}]},{\"@type\":\"BreadcrumbList\",\"@id\":\"https:\\\/\\\/help.jamk.fi\\\/opinnaytetyo\\\/fi\\\/opinnaytetyon-suunnittelu\\\/htk-tietosuoja\\\/#breadcrumb\",\"itemListElement\":[{\"@type\":\"ListItem\",\"position\":1,\"name\":\"Etusivu\",\"item\":\"https:\\\/\\\/help.jamk.fi\\\/opinnaytetyo\\\/fi\\\/\"},{\"@type\":\"ListItem\",\"position\":2,\"name\":\"5 Opinn\u00e4ytety\u00f6n suunnittelu &#8211; Vaihe 1\\\/3\",\"item\":\"https:\\\/\\\/help.jamk.fi\\\/opinnaytetyo\\\/fi\\\/opinnaytetyon-suunnittelu\\\/\"},{\"@type\":\"ListItem\",\"position\":3,\"name\":\"5.3 Tietosuoja, tutkimuslupa ja hyv\u00e4 tieteellinen k\u00e4yt\u00e4nt\u00f6\"}]},{\"@type\":\"WebSite\",\"@id\":\"https:\\\/\\\/help.jamk.fi\\\/opinnaytetyo\\\/#website\",\"url\":\"https:\\\/\\\/help.jamk.fi\\\/opinnaytetyo\\\/\",\"name\":\"Opinn\u00e4ytety\u00f6\",\"description\":\"\",\"potentialAction\":[{\"@type\":\"SearchAction\",\"target\":{\"@type\":\"EntryPoint\",\"urlTemplate\":\"https:\\\/\\\/help.jamk.fi\\\/opinnaytetyo\\\/?s={search_term_string}\"},\"query-input\":{\"@type\":\"PropertyValueSpecification\",\"valueRequired\":true,\"valueName\":\"search_term_string\"}}],\"inLanguage\":\"fi\"}]}<\/script>\n<!-- \/ Yoast SEO plugin. -->","yoast_head_json":{"title":"5.3 Tietosuoja, tutkimuslupa ja hyv\u00e4 tieteellinen k\u00e4yt\u00e4nt\u00f6 - Opinn\u00e4ytety\u00f6","robots":{"index":"index","follow":"follow","max-snippet":"max-snippet:-1","max-image-preview":"max-image-preview:large","max-video-preview":"max-video-preview:-1"},"canonical":"https:\/\/help.jamk.fi\/opinnaytetyo\/fi\/opinnaytetyon-suunnittelu\/htk-tietosuoja\/","og_locale":"fi_FI","og_type":"article","og_title":"5.3 Tietosuoja, tutkimuslupa ja hyv\u00e4 tieteellinen k\u00e4yt\u00e4nt\u00f6 - Opinn\u00e4ytety\u00f6","og_description":"Tietosuoja Tunnista aina, k\u00e4sitell\u00e4\u00e4nk\u00f6 opinn\u00e4ytety\u00f6ss\u00e4 henkil\u00f6tietoja. Henkil\u00f6tietoja ovat: Tutkimuslupa Kun teet tutkimusta, selvit\u00e4 millaisia lupia tarvitset. Keskustele ensin kohdeorganisaation edustajan kanssa siit\u00e4, tarvitsetko tutkimuslupaa ja miten se haetaan. Mahdollinen tutkimuslupa haetaan aina siit\u00e4 organisaatiosta, jota tutkimus koskee. Aina organisaatiot eiv\u00e4t vaadi erillist\u00e4 tutkimuslupaa! Jos teet opinn\u00e4ytety\u00f6n osana projektia tai muuta tutkimusta, keskustele ensin tutkimusluvasta projektin [&hellip;]","og_url":"https:\/\/help.jamk.fi\/opinnaytetyo\/fi\/opinnaytetyon-suunnittelu\/htk-tietosuoja\/","og_site_name":"Opinn\u00e4ytety\u00f6","article_modified_time":"2025-12-19T08:05:47+00:00","twitter_card":"summary_large_image","twitter_misc":{"Arvioitu lukuaika":"12 minuuttia"},"schema":{"@context":"https:\/\/schema.org","@graph":[{"@type":"WebPage","@id":"https:\/\/help.jamk.fi\/opinnaytetyo\/fi\/opinnaytetyon-suunnittelu\/htk-tietosuoja\/","url":"https:\/\/help.jamk.fi\/opinnaytetyo\/fi\/opinnaytetyon-suunnittelu\/htk-tietosuoja\/","name":"5.3 Tietosuoja, tutkimuslupa ja hyv\u00e4 tieteellinen k\u00e4yt\u00e4nt\u00f6 - Opinn\u00e4ytety\u00f6","isPartOf":{"@id":"https:\/\/help.jamk.fi\/opinnaytetyo\/#website"},"datePublished":"2020-05-06T01:55:06+00:00","dateModified":"2025-12-19T08:05:47+00:00","breadcrumb":{"@id":"https:\/\/help.jamk.fi\/opinnaytetyo\/fi\/opinnaytetyon-suunnittelu\/htk-tietosuoja\/#breadcrumb"},"inLanguage":"fi","potentialAction":[{"@type":"ReadAction","target":["https:\/\/help.jamk.fi\/opinnaytetyo\/fi\/opinnaytetyon-suunnittelu\/htk-tietosuoja\/"]}]},{"@type":"BreadcrumbList","@id":"https:\/\/help.jamk.fi\/opinnaytetyo\/fi\/opinnaytetyon-suunnittelu\/htk-tietosuoja\/#breadcrumb","itemListElement":[{"@type":"ListItem","position":1,"name":"Etusivu","item":"https:\/\/help.jamk.fi\/opinnaytetyo\/fi\/"},{"@type":"ListItem","position":2,"name":"5 Opinn\u00e4ytety\u00f6n suunnittelu &#8211; Vaihe 1\/3","item":"https:\/\/help.jamk.fi\/opinnaytetyo\/fi\/opinnaytetyon-suunnittelu\/"},{"@type":"ListItem","position":3,"name":"5.3 Tietosuoja, tutkimuslupa ja hyv\u00e4 tieteellinen k\u00e4yt\u00e4nt\u00f6"}]},{"@type":"WebSite","@id":"https:\/\/help.jamk.fi\/opinnaytetyo\/#website","url":"https:\/\/help.jamk.fi\/opinnaytetyo\/","name":"Opinn\u00e4ytety\u00f6","description":"","potentialAction":[{"@type":"SearchAction","target":{"@type":"EntryPoint","urlTemplate":"https:\/\/help.jamk.fi\/opinnaytetyo\/?s={search_term_string}"},"query-input":{"@type":"PropertyValueSpecification","valueRequired":true,"valueName":"search_term_string"}}],"inLanguage":"fi"}]}},"_links":{"self":[{"href":"https:\/\/help.jamk.fi\/opinnaytetyo\/wp-json\/wp\/v2\/pages\/150","targetHints":{"allow":["GET"]}}],"collection":[{"href":"https:\/\/help.jamk.fi\/opinnaytetyo\/wp-json\/wp\/v2\/pages"}],"about":[{"href":"https:\/\/help.jamk.fi\/opinnaytetyo\/wp-json\/wp\/v2\/types\/page"}],"author":[{"embeddable":true,"href":"https:\/\/help.jamk.fi\/opinnaytetyo\/wp-json\/wp\/v2\/users\/79"}],"replies":[{"embeddable":true,"href":"https:\/\/help.jamk.fi\/opinnaytetyo\/wp-json\/wp\/v2\/comments?post=150"}],"version-history":[{"count":26,"href":"https:\/\/help.jamk.fi\/opinnaytetyo\/wp-json\/wp\/v2\/pages\/150\/revisions"}],"predecessor-version":[{"id":6168,"href":"https:\/\/help.jamk.fi\/opinnaytetyo\/wp-json\/wp\/v2\/pages\/150\/revisions\/6168"}],"up":[{"embeddable":true,"href":"https:\/\/help.jamk.fi\/opinnaytetyo\/wp-json\/wp\/v2\/pages\/100"}],"wp:attachment":[{"href":"https:\/\/help.jamk.fi\/opinnaytetyo\/wp-json\/wp\/v2\/media?parent=150"}],"wp:term":[{"taxonomy":"category","embeddable":true,"href":"https:\/\/help.jamk.fi\/opinnaytetyo\/wp-json\/wp\/v2\/categories?post=150"},{"taxonomy":"post_tag","embeddable":true,"href":"https:\/\/help.jamk.fi\/opinnaytetyo\/wp-json\/wp\/v2\/tags?post=150"}],"curies":[{"name":"wp","href":"https:\/\/api.w.org\/{rel}","templated":true}]}}