{"id":221,"date":"2020-05-06T05:15:46","date_gmt":"2020-05-06T02:15:46","guid":{"rendered":"https:\/\/help.jamk.fi\/opinnaytetyo\/apua\/"},"modified":"2025-04-16T18:55:17","modified_gmt":"2025-04-16T15:55:17","slug":"apua","status":"publish","type":"page","link":"https:\/\/help.jamk.fi\/opinnaytetyo\/fi\/apua\/","title":{"rendered":"12 Apua! Homma ei etene"},"content":{"rendered":"\n<p>Opinn\u00e4ytety\u00f6n kirjoittaminen ei aina suju. On tavallista ett\u00e4 ty\u00f6n aikana tulee aika, jolloin tuntuu, ett\u00e4 ty\u00f6 ei etene. Voi olla vaikeaa l\u00f6yt\u00e4\u00e4 aihetta, rajata sit\u00e4, hahmottaa tutkimusongelmaa, l\u00f6yt\u00e4\u00e4 kirjallisuutta, mietti\u00e4 menetelmi\u00e4 tai saada sujuvaa teksti\u00e4 aikaiseksi. On t\u00e4rke\u00e4\u00e4 huomata, ett\u00e4 asioiden sis\u00e4ist\u00e4minen vie aikaa ja opinn\u00e4ytety\u00f6n tekemiseen liittyy ty\u00f6t\u00e4 (esim. l\u00e4hdetekstien lukeminen, opinn\u00e4ytety\u00f6n suunnittelu ym.), joka ei heti n\u00e4y opinn\u00e4ytety\u00f6n konkreettisena etenemisen\u00e4.<\/p>\n\n\n\n<p>Lue opinn\u00e4ytety\u00f6n ohjeet ja raportointiohjeet huolella. Kysy apua ohjaajaltasi, jos et l\u00f6yd\u00e4 ohjetta tai et ymm\u00e4rr\u00e4 sit\u00e4. Ohjaajasi teht\u00e4v\u00e4 on auttaa sinua, joten tyhmi\u00e4 kysymyksi\u00e4 ei ole!<\/p>\n\n\n\n<p>Jos sinusta tuntuu, ett\u00e4 olet j\u00e4\u00e4nyt yksin opinn\u00e4ytety\u00f6si kanssa, ole yhteydess\u00e4 opinn\u00e4ytety\u00f6si p\u00e4\u00e4ohjaajaan. Tukea opinn\u00e4ytety\u00f6n tekemiseen voit saada my\u00f6s opinto-ohjaajalta tai opintopsykologilta.<\/p>\n\n\n\n<h2 class=\"wp-block-heading\">Yksik\u00f6t, kielikeskus ja kirjasto j\u00e4rjest\u00e4v\u00e4t tukea opinn\u00e4ytety\u00f6n tekemiseen<\/h2>\n\n\n\n<p>Oman ohjaajasi lis\u00e4ksi voit saada tukea opinn\u00e4ytety\u00f6n tekemiseen erilaisilta klinikoilta, opparipajoista ja pop up -verstailta. N\u00e4it\u00e4 tarjotaan sek\u00e4 AMK- ett\u00e4 YAMK-opiskelijoiloille. Katso tarkemmat ajankohdat ja paikat Elmo-intrasta. <span style=\"background-color:rgba(0, 0, 0, 0)\" class=\"has-inline-color has-vivid-red-color\"><\/span><span style=\"background-color:rgba(0, 0, 0, 0)\" class=\"has-inline-color has-vivid-red-color\"><\/span><\/p>\n\n\n\n<h3 class=\"wp-block-heading\">Tekstinohjausklinikka<\/h3>\n\n\n\n<p>Kielikeskuksen <strong>tekstinohjausklinikalla <\/strong>voit keskustella kirjoittamiseen liittyvist\u00e4 kysymyksist\u00e4 kielikeskuksen opettajan kanssa. Keskusteluaika voi olla 30 tai 60 minuuttia kerrallaan, ja keskustelu voidaan k\u00e4yd\u00e4 kasvokkain tai et\u00e4n\u00e4. Opettaja ei tutustu tekstiin ennalta, vaan keskustelu k\u00e4yd\u00e4\u00e4n kysymystesi pohjalta. <strong>Varaa aika<\/strong> erillisest\u00e4 kalenterista. L\u00f6yd\u00e4t linkin linkkilistasta.<\/p>\n\n\n\n<h3 class=\"wp-block-heading\">Kirjaston tiedonhankinnan ohjaus<\/h3>\n\n\n\n<p>Tee Moodlessa Opinn\u00e4ytety\u00f6n tiedonhankinta -kurssi. Voit suorittaa kurssin omaan tahtiisi suunnitelmavaiheen aikana. Kurssi ohjaa sinua tekem\u00e4\u00e4n &#8221;Selvitys tiedonhankinnasta&#8221; -teht\u00e4v\u00e4n, joka on pakollinen liite opinn\u00e4ytety\u00f6suunnitelmaan. Kurssin aikana ja sen j\u00e4lkeen saat apua tiedonhakuun kirjaston j\u00e4rjest\u00e4mist\u00e4 tiedonhaun ty\u00f6pajoista.<\/p>\n\n\n\n<h2 class=\"wp-block-heading\">Saavutettavuus ja esteett\u00f6myys opinnoissa<\/h2>\n\n\n\n<p>Opinto-ohjaajilta saat tukea ja ohjausta my\u00f6s opinn\u00e4ytety\u00f6n aikana. Voit hakea henkil\u00f6kohtaisia opintoj\u00e4rjestelyj\u00e4 opintojesi tueksi ja voit saada yksil\u00f6llist\u00e4 tukea opinn\u00e4ytety\u00f6n kirjoittamiseen, jos sinulla on todettu esimerkiksi lukivaikeus tai \u00e4idinkielesi ei ole suomi. Varaa aika opinto-ohjaajalta jo opinn\u00e4ytety\u00f6n alkuvaiheessa. Katso lis\u00e4tietoa Opiskelijalle-sivujen kohdasta <em>Saavutettavuus ja yksil\u00f6lliset opintoj\u00e4rjestelyt<\/em>.<\/p>\n\n\n\n<h2 class=\"wp-block-heading\"><\/h2>\n","protected":false},"excerpt":{"rendered":"<p>Opinn\u00e4ytety\u00f6n kirjoittaminen ei aina suju. On tavallista ett\u00e4 ty\u00f6n aikana tulee aika, jolloin tuntuu, ett\u00e4 ty\u00f6 ei etene. Voi olla vaikeaa l\u00f6yt\u00e4\u00e4 aihetta, rajata sit\u00e4, hahmottaa tutkimusongelmaa, l\u00f6yt\u00e4\u00e4 kirjallisuutta, mietti\u00e4 menetelmi\u00e4 tai saada sujuvaa teksti\u00e4 aikaiseksi. On t\u00e4rke\u00e4\u00e4 huomata, ett\u00e4 asioiden sis\u00e4ist\u00e4minen vie aikaa ja opinn\u00e4ytety\u00f6n tekemiseen liittyy ty\u00f6t\u00e4 (esim. l\u00e4hdetekstien lukeminen, opinn\u00e4ytety\u00f6n suunnittelu ym.), [&hellip;]<\/p>\n","protected":false},"author":79,"featured_media":0,"parent":0,"menu_order":900,"comment_status":"closed","ping_status":"closed","template":"","meta":{"_acf_changed":false,"_relevanssi_hide_post":"","_relevanssi_hide_content":"","_relevanssi_pin_for_all":"","_relevanssi_pin_keywords":"","_relevanssi_unpin_keywords":"","_relevanssi_related_keywords":"","_relevanssi_related_include_ids":"","_relevanssi_related_exclude_ids":"","_relevanssi_related_no_append":"","_relevanssi_related_not_related":"","_relevanssi_related_posts":"","_relevanssi_noindex_reason":"","footnotes":""},"categories":[1],"tags":[656,662,668,674,393,680,686,399,692,698,495,704,710,716],"class_list":["post-221","page","type-page","status-publish","hentry","category-yleinen","tag-apu","tag-apua","tag-estettomyys","tag-kielikeskus","tag-kirjasto","tag-klinikat","tag-nyyti","tag-ohjaus","tag-opinto-ohjaaja","tag-opintopsykologi","tag-saavutettavuus","tag-tukea-opinnaytetyon-tekemiseen","tag-tuki","tag-tyopajat"],"acf":[],"yoast_head":"<!-- This site is optimized with the Yoast SEO plugin v27.3 - https:\/\/yoast.com\/product\/yoast-seo-wordpress\/ -->\n<title>12 Apua! Homma ei etene - Opinn\u00e4ytety\u00f6<\/title>\n<meta name=\"robots\" content=\"index, follow, max-snippet:-1, max-image-preview:large, max-video-preview:-1\" \/>\n<link rel=\"canonical\" href=\"https:\/\/help.jamk.fi\/opinnaytetyo\/fi\/apua\/\" \/>\n<meta property=\"og:locale\" content=\"fi_FI\" \/>\n<meta property=\"og:type\" content=\"article\" \/>\n<meta property=\"og:title\" content=\"12 Apua! Homma ei etene - Opinn\u00e4ytety\u00f6\" \/>\n<meta property=\"og:description\" content=\"Opinn\u00e4ytety\u00f6n kirjoittaminen ei aina suju. On tavallista ett\u00e4 ty\u00f6n aikana tulee aika, jolloin tuntuu, ett\u00e4 ty\u00f6 ei etene. Voi olla vaikeaa l\u00f6yt\u00e4\u00e4 aihetta, rajata sit\u00e4, hahmottaa tutkimusongelmaa, l\u00f6yt\u00e4\u00e4 kirjallisuutta, mietti\u00e4 menetelmi\u00e4 tai saada sujuvaa teksti\u00e4 aikaiseksi. On t\u00e4rke\u00e4\u00e4 huomata, ett\u00e4 asioiden sis\u00e4ist\u00e4minen vie aikaa ja opinn\u00e4ytety\u00f6n tekemiseen liittyy ty\u00f6t\u00e4 (esim. l\u00e4hdetekstien lukeminen, opinn\u00e4ytety\u00f6n suunnittelu ym.), [&hellip;]\" \/>\n<meta property=\"og:url\" content=\"https:\/\/help.jamk.fi\/opinnaytetyo\/fi\/apua\/\" \/>\n<meta property=\"og:site_name\" content=\"Opinn\u00e4ytety\u00f6\" \/>\n<meta property=\"article:modified_time\" content=\"2025-04-16T15:55:17+00:00\" \/>\n<meta name=\"twitter:card\" content=\"summary_large_image\" \/>\n<meta name=\"twitter:label1\" content=\"Arvioitu lukuaika\" \/>\n\t<meta name=\"twitter:data1\" content=\"2 minuuttia\" \/>\n<script type=\"application\/ld+json\" class=\"yoast-schema-graph\">{\"@context\":\"https:\\\/\\\/schema.org\",\"@graph\":[{\"@type\":\"WebPage\",\"@id\":\"https:\\\/\\\/help.jamk.fi\\\/opinnaytetyo\\\/fi\\\/apua\\\/\",\"url\":\"https:\\\/\\\/help.jamk.fi\\\/opinnaytetyo\\\/fi\\\/apua\\\/\",\"name\":\"12 Apua! Homma ei etene - Opinn\u00e4ytety\u00f6\",\"isPartOf\":{\"@id\":\"https:\\\/\\\/help.jamk.fi\\\/opinnaytetyo\\\/#website\"},\"datePublished\":\"2020-05-06T02:15:46+00:00\",\"dateModified\":\"2025-04-16T15:55:17+00:00\",\"breadcrumb\":{\"@id\":\"https:\\\/\\\/help.jamk.fi\\\/opinnaytetyo\\\/fi\\\/apua\\\/#breadcrumb\"},\"inLanguage\":\"fi\",\"potentialAction\":[{\"@type\":\"ReadAction\",\"target\":[\"https:\\\/\\\/help.jamk.fi\\\/opinnaytetyo\\\/fi\\\/apua\\\/\"]}]},{\"@type\":\"BreadcrumbList\",\"@id\":\"https:\\\/\\\/help.jamk.fi\\\/opinnaytetyo\\\/fi\\\/apua\\\/#breadcrumb\",\"itemListElement\":[{\"@type\":\"ListItem\",\"position\":1,\"name\":\"Etusivu\",\"item\":\"https:\\\/\\\/help.jamk.fi\\\/opinnaytetyo\\\/fi\\\/\"},{\"@type\":\"ListItem\",\"position\":2,\"name\":\"12 Apua! Homma ei etene\"}]},{\"@type\":\"WebSite\",\"@id\":\"https:\\\/\\\/help.jamk.fi\\\/opinnaytetyo\\\/#website\",\"url\":\"https:\\\/\\\/help.jamk.fi\\\/opinnaytetyo\\\/\",\"name\":\"Opinn\u00e4ytety\u00f6\",\"description\":\"\",\"potentialAction\":[{\"@type\":\"SearchAction\",\"target\":{\"@type\":\"EntryPoint\",\"urlTemplate\":\"https:\\\/\\\/help.jamk.fi\\\/opinnaytetyo\\\/?s={search_term_string}\"},\"query-input\":{\"@type\":\"PropertyValueSpecification\",\"valueRequired\":true,\"valueName\":\"search_term_string\"}}],\"inLanguage\":\"fi\"}]}<\/script>\n<!-- \/ Yoast SEO plugin. -->","yoast_head_json":{"title":"12 Apua! Homma ei etene - Opinn\u00e4ytety\u00f6","robots":{"index":"index","follow":"follow","max-snippet":"max-snippet:-1","max-image-preview":"max-image-preview:large","max-video-preview":"max-video-preview:-1"},"canonical":"https:\/\/help.jamk.fi\/opinnaytetyo\/fi\/apua\/","og_locale":"fi_FI","og_type":"article","og_title":"12 Apua! Homma ei etene - Opinn\u00e4ytety\u00f6","og_description":"Opinn\u00e4ytety\u00f6n kirjoittaminen ei aina suju. On tavallista ett\u00e4 ty\u00f6n aikana tulee aika, jolloin tuntuu, ett\u00e4 ty\u00f6 ei etene. Voi olla vaikeaa l\u00f6yt\u00e4\u00e4 aihetta, rajata sit\u00e4, hahmottaa tutkimusongelmaa, l\u00f6yt\u00e4\u00e4 kirjallisuutta, mietti\u00e4 menetelmi\u00e4 tai saada sujuvaa teksti\u00e4 aikaiseksi. On t\u00e4rke\u00e4\u00e4 huomata, ett\u00e4 asioiden sis\u00e4ist\u00e4minen vie aikaa ja opinn\u00e4ytety\u00f6n tekemiseen liittyy ty\u00f6t\u00e4 (esim. l\u00e4hdetekstien lukeminen, opinn\u00e4ytety\u00f6n suunnittelu ym.), [&hellip;]","og_url":"https:\/\/help.jamk.fi\/opinnaytetyo\/fi\/apua\/","og_site_name":"Opinn\u00e4ytety\u00f6","article_modified_time":"2025-04-16T15:55:17+00:00","twitter_card":"summary_large_image","twitter_misc":{"Arvioitu lukuaika":"2 minuuttia"},"schema":{"@context":"https:\/\/schema.org","@graph":[{"@type":"WebPage","@id":"https:\/\/help.jamk.fi\/opinnaytetyo\/fi\/apua\/","url":"https:\/\/help.jamk.fi\/opinnaytetyo\/fi\/apua\/","name":"12 Apua! Homma ei etene - Opinn\u00e4ytety\u00f6","isPartOf":{"@id":"https:\/\/help.jamk.fi\/opinnaytetyo\/#website"},"datePublished":"2020-05-06T02:15:46+00:00","dateModified":"2025-04-16T15:55:17+00:00","breadcrumb":{"@id":"https:\/\/help.jamk.fi\/opinnaytetyo\/fi\/apua\/#breadcrumb"},"inLanguage":"fi","potentialAction":[{"@type":"ReadAction","target":["https:\/\/help.jamk.fi\/opinnaytetyo\/fi\/apua\/"]}]},{"@type":"BreadcrumbList","@id":"https:\/\/help.jamk.fi\/opinnaytetyo\/fi\/apua\/#breadcrumb","itemListElement":[{"@type":"ListItem","position":1,"name":"Etusivu","item":"https:\/\/help.jamk.fi\/opinnaytetyo\/fi\/"},{"@type":"ListItem","position":2,"name":"12 Apua! Homma ei etene"}]},{"@type":"WebSite","@id":"https:\/\/help.jamk.fi\/opinnaytetyo\/#website","url":"https:\/\/help.jamk.fi\/opinnaytetyo\/","name":"Opinn\u00e4ytety\u00f6","description":"","potentialAction":[{"@type":"SearchAction","target":{"@type":"EntryPoint","urlTemplate":"https:\/\/help.jamk.fi\/opinnaytetyo\/?s={search_term_string}"},"query-input":{"@type":"PropertyValueSpecification","valueRequired":true,"valueName":"search_term_string"}}],"inLanguage":"fi"}]}},"_links":{"self":[{"href":"https:\/\/help.jamk.fi\/opinnaytetyo\/wp-json\/wp\/v2\/pages\/221","targetHints":{"allow":["GET"]}}],"collection":[{"href":"https:\/\/help.jamk.fi\/opinnaytetyo\/wp-json\/wp\/v2\/pages"}],"about":[{"href":"https:\/\/help.jamk.fi\/opinnaytetyo\/wp-json\/wp\/v2\/types\/page"}],"author":[{"embeddable":true,"href":"https:\/\/help.jamk.fi\/opinnaytetyo\/wp-json\/wp\/v2\/users\/79"}],"replies":[{"embeddable":true,"href":"https:\/\/help.jamk.fi\/opinnaytetyo\/wp-json\/wp\/v2\/comments?post=221"}],"version-history":[{"count":16,"href":"https:\/\/help.jamk.fi\/opinnaytetyo\/wp-json\/wp\/v2\/pages\/221\/revisions"}],"predecessor-version":[{"id":5616,"href":"https:\/\/help.jamk.fi\/opinnaytetyo\/wp-json\/wp\/v2\/pages\/221\/revisions\/5616"}],"wp:attachment":[{"href":"https:\/\/help.jamk.fi\/opinnaytetyo\/wp-json\/wp\/v2\/media?parent=221"}],"wp:term":[{"taxonomy":"category","embeddable":true,"href":"https:\/\/help.jamk.fi\/opinnaytetyo\/wp-json\/wp\/v2\/categories?post=221"},{"taxonomy":"post_tag","embeddable":true,"href":"https:\/\/help.jamk.fi\/opinnaytetyo\/wp-json\/wp\/v2\/tags?post=221"}],"curies":[{"name":"wp","href":"https:\/\/api.w.org\/{rel}","templated":true}]}}