{"id":251,"date":"2020-06-29T07:35:50","date_gmt":"2020-06-29T04:35:50","guid":{"rendered":"https:\/\/help.jamk.fi\/opinnaytetyo\/thesis-implementation-methods-and-results\/"},"modified":"2025-12-16T09:52:00","modified_gmt":"2025-12-16T07:52:00","slug":"components-of-the-thesis-report","status":"publish","type":"page","link":"https:\/\/help.jamk.fi\/opinnaytetyo\/en\/components-of-the-thesis-report\/","title":{"rendered":"2 Components of the thesis report"},"content":{"rendered":"\n<p>All theses include a practical, research-oriented part and a written report. This page describes the structure of the written thesis report. You can find more detailed reporting instructions in the Jamk Reporting Guide. The subpages describe various ways to implement the practical part of the research. Discuss the thesis implementation methods further with your supervisor!<\/p>\n\n\n\n<h2 class=\"wp-block-heading\">The components of the thesis are structured differently according to the thesis methods<\/h2>\n\n\n\n<ul class=\"wp-block-list\">\n<li>Research and development work refers to systematic activities aimed at increasing new knowledge and using this knowledge to find applications based on researched information.<\/li>\n\n\n\n<li>Applied research refers to research that uses well-researched knowledge to build a practical application.<\/li>\n\n\n\n<li>Development work refers to the use of new information that is generated by research and\/or practical experience to achieve new products, services, production processes or methods or to improve existing ones.<\/li>\n\n\n\n<li>Innovation activities refer to all the activities that aim to produce new or improved products or processes, i.e. innovations and new entrepreneurship. Innovations include technical, social and cultural innovations, business innovations, design innovations, product or service innovations or any combinations of the above.<\/li>\n<\/ul>\n\n\n\n<h2 class=\"wp-block-heading\">Basic structure and contents of the thesis report<\/h2>\n\n\n\n<p>Below is a description of the basic structure of the thesis report and the key contents, adapted from Kananen (2017, 29). Each section presents the core questions related to the chapter, to which the chapter aims to answer. The order of chapters 2, 3 and 4 can also be different.<\/p>\n\n\n\n<p>(Kananen, J. 2017. Kehitt\u00e4mistutkimus interventiotutkimuksen muotona \u2013 opas opinn\u00e4ytety\u00f6n ja pro gradun kirjoittajalle. Jyv\u00e4skyl\u00e4: Jyv\u00e4skyl\u00e4n ammattikorkeakoulu.)<\/p>\n\n\n\n<div id=\"accordion-block_40d8ba0e482554b8f5676f4ffbb6072d\" class=\"accordion block-accordion\">\n  <div class=\"block-accordion__element-header\">\n      <\/div>\n  <div class=\"block-accordion__accordions\">\n                  <div class=\"accordion-item\">\n          <h2 class=\"h6 accordion-title\">\n            <button id=\"accordion-header-1\" class=\"accordion-header\" aria-expanded=\"false\" aria-controls=\"accordion-panel-1\">\n              Introduction              <div class='plus-icon' itemprop='logo'><svg aria-hidden=\"true\" viewBox=\"0 0 16 16\" fill=\"none\" xmlns=\"http:\/\/www.w3.org\/2000\/svg\"><path d=\"M8.92 7.1V.06H7.2V7.1H.12v1.72H7.2v7.12h1.72V8.82H16V7.1H8.92z\" fill=\"#0D004C\"\/><\/svg><\/div>              <div class='minus-icon' itemprop='logo'><svg aria-hidden=\"true\" viewBox=\"0 0 14 2\" fill=\"none\" xmlns=\"http:\/\/www.w3.org\/2000\/svg\"><path d=\"M14 1.88H.88V.12H14v1.76z\" fill=\"#fff\"\/><\/svg><\/div>            <\/button>\n          <\/h2>\n          <div class=\"accordion-section-wrapper\">\n            <section id=\"accordion-panel-1\" class=\"accordion-panel\" aria-labelledby=\"accordion-header-1\">\n              <ul>\n<li>The problem of the development work or research problem, research questions, or the objectives of the work. Find answers to the question: Why?<\/li>\n<li>In the introduction, address the thesis topic at a general level. Explain the background and necessity of your development work.<\/li>\n<li>You start working at the planning phase.<\/li>\n<li>Writing instructions are in <a href=\"https:\/\/help.jamk.fi\/raportointiohje\/en\/4-parts-of-the-thesis\/4-2-the-main-part-of-the-thesis-various-approaches\/4-2-1-introduction\/\">Jamk reporting instructions page 4.2.1<\/a><\/li>\n<\/ul>\n            <\/section>\n          <\/div>\n        <\/div>\n              <div class=\"accordion-item\">\n          <h2 class=\"h6 accordion-title\">\n            <button id=\"accordion-header-2\" class=\"accordion-header\" aria-expanded=\"false\" aria-controls=\"accordion-panel-2\">\n              Development problem or research problem, research questions, and objectives of the work              <div class='plus-icon' itemprop='logo'><svg aria-hidden=\"true\" viewBox=\"0 0 16 16\" fill=\"none\" xmlns=\"http:\/\/www.w3.org\/2000\/svg\"><path d=\"M8.92 7.1V.06H7.2V7.1H.12v1.72H7.2v7.12h1.72V8.82H16V7.1H8.92z\" fill=\"#0D004C\"\/><\/svg><\/div>              <div class='minus-icon' itemprop='logo'><svg aria-hidden=\"true\" viewBox=\"0 0 14 2\" fill=\"none\" xmlns=\"http:\/\/www.w3.org\/2000\/svg\"><path d=\"M14 1.88H.88V.12H14v1.76z\" fill=\"#fff\"\/><\/svg><\/div>            <\/button>\n          <\/h2>\n          <div class=\"accordion-section-wrapper\">\n            <section id=\"accordion-panel-2\" class=\"accordion-panel\" aria-labelledby=\"accordion-header-2\">\n              <ul>\n<li>Find answers to the question: What?<\/li>\n<li>In this chapter, discuss the problem, boundaries, research questions derived from the problem, and\/or the goal of the development work.<\/li>\n<li>You are working on this at the planning phase.<\/li>\n<li>Writing instructions are in Jamk reporting instructions <a href=\"https:\/\/help.jamk.fi\/raportointiohje\/en\/4-parts-of-the-thesis\/4-2-the-main-part-of-the-thesis-various-approaches\/4-2-3-research-design\/\">page 4.2.3 Research Design<\/a><\/li>\n<\/ul>\n            <\/section>\n          <\/div>\n        <\/div>\n              <div class=\"accordion-item\">\n          <h2 class=\"h6 accordion-title\">\n            <button id=\"accordion-header-3\" class=\"accordion-header\" aria-expanded=\"false\" aria-controls=\"accordion-panel-3\">\n              Methods: data collection, analysis, reliability              <div class='plus-icon' itemprop='logo'><svg aria-hidden=\"true\" viewBox=\"0 0 16 16\" fill=\"none\" xmlns=\"http:\/\/www.w3.org\/2000\/svg\"><path d=\"M8.92 7.1V.06H7.2V7.1H.12v1.72H7.2v7.12h1.72V8.82H16V7.1H8.92z\" fill=\"#0D004C\"\/><\/svg><\/div>              <div class='minus-icon' itemprop='logo'><svg aria-hidden=\"true\" viewBox=\"0 0 14 2\" fill=\"none\" xmlns=\"http:\/\/www.w3.org\/2000\/svg\"><path d=\"M14 1.88H.88V.12H14v1.76z\" fill=\"#fff\"\/><\/svg><\/div>            <\/button>\n          <\/h2>\n          <div class=\"accordion-section-wrapper\">\n            <section id=\"accordion-panel-3\" class=\"accordion-panel\" aria-labelledby=\"accordion-header-3\">\n              <ul>\n<li>Find answers to questions: How? Where?<\/li>\n<li>In this chapter, describe the object of the development work or research, select and justify the research approach or method of development work, and the data collection method used to collect the necessary information and try to solve the problem you have presented.<\/li>\n<li>Describe and justify the analysis methods you use to process the data or research data you have collected.<\/li>\n<li>At this point, also examine the reliability of the development work or research, such as the data management plan.<\/li>\n<li>The object of development work or research is where the work is carried out. In the plan, you describe and justify what you are going to do, and in the report what you did.<\/li>\n<li>You are working on this at the planning phase.<\/li>\n<\/ul>\n            <\/section>\n          <\/div>\n        <\/div>\n              <div class=\"accordion-item\">\n          <h2 class=\"h6 accordion-title\">\n            <button id=\"accordion-header-4\" class=\"accordion-header\" aria-expanded=\"false\" aria-controls=\"accordion-panel-4\">\n              Knowledge base: previous studies, reports, concepts, etc.              <div class='plus-icon' itemprop='logo'><svg aria-hidden=\"true\" viewBox=\"0 0 16 16\" fill=\"none\" xmlns=\"http:\/\/www.w3.org\/2000\/svg\"><path d=\"M8.92 7.1V.06H7.2V7.1H.12v1.72H7.2v7.12h1.72V8.82H16V7.1H8.92z\" fill=\"#0D004C\"\/><\/svg><\/div>              <div class='minus-icon' itemprop='logo'><svg aria-hidden=\"true\" viewBox=\"0 0 14 2\" fill=\"none\" xmlns=\"http:\/\/www.w3.org\/2000\/svg\"><path d=\"M14 1.88H.88V.12H14v1.76z\" fill=\"#fff\"\/><\/svg><\/div>            <\/button>\n          <\/h2>\n          <div class=\"accordion-section-wrapper\">\n            <section id=\"accordion-panel-4\" class=\"accordion-panel\" aria-labelledby=\"accordion-header-4\">\n              <ul>\n<li style=\"list-style-type: none\">\n<ul>\n<li>Find answers to the question: What is known?<\/li>\n<li>The knowledge base describes the information and concepts relevant to the problem through literature, previous studies, etc. Use key databases in your field to search for information.<\/li>\n<li>You start working on this in the planning phase and finish the thesis in the implementation phase.<\/li>\n<li>Writing instructions are on <a href=\"https:\/\/help.jamk.fi\/raportointiohje\/en\/4-parts-of-the-thesis\/4-2-the-main-part-of-the-thesis-various-approaches\/4-2-2-theoretical-basis\/\">Jamk reporting instructions page 4.2.2.<\/a><\/li>\n<\/ul>\n<\/li>\n<\/ul>\n<p>&nbsp;<\/p>\n            <\/section>\n          <\/div>\n        <\/div>\n              <div class=\"accordion-item\">\n          <h2 class=\"h6 accordion-title\">\n            <button id=\"accordion-header-5\" class=\"accordion-header\" aria-expanded=\"false\" aria-controls=\"accordion-panel-5\">\n              Results: analysis              <div class='plus-icon' itemprop='logo'><svg aria-hidden=\"true\" viewBox=\"0 0 16 16\" fill=\"none\" xmlns=\"http:\/\/www.w3.org\/2000\/svg\"><path d=\"M8.92 7.1V.06H7.2V7.1H.12v1.72H7.2v7.12h1.72V8.82H16V7.1H8.92z\" fill=\"#0D004C\"\/><\/svg><\/div>              <div class='minus-icon' itemprop='logo'><svg aria-hidden=\"true\" viewBox=\"0 0 14 2\" fill=\"none\" xmlns=\"http:\/\/www.w3.org\/2000\/svg\"><path d=\"M14 1.88H.88V.12H14v1.76z\" fill=\"#fff\"\/><\/svg><\/div>            <\/button>\n          <\/h2>\n          <div class=\"accordion-section-wrapper\">\n            <section id=\"accordion-panel-5\" class=\"accordion-panel\" aria-labelledby=\"accordion-header-5\">\n              <ul>\n<li>Find answers to the question: What was achieved?<\/li>\n<li>You analyze the data you have collected. You write in the thesis report how you have analysed the material you have collected.<\/li>\n<li>In the results, you describe what results you achieved in your work after completing the analysis.<\/li>\n<li>You are working on this in the implementation phase.<\/li>\n<\/ul>\n            <\/section>\n          <\/div>\n        <\/div>\n              <div class=\"accordion-item\">\n          <h2 class=\"h6 accordion-title\">\n            <button id=\"accordion-header-6\" class=\"accordion-header\" aria-expanded=\"false\" aria-controls=\"accordion-panel-6\">\n              Conclusions              <div class='plus-icon' itemprop='logo'><svg aria-hidden=\"true\" viewBox=\"0 0 16 16\" fill=\"none\" xmlns=\"http:\/\/www.w3.org\/2000\/svg\"><path d=\"M8.92 7.1V.06H7.2V7.1H.12v1.72H7.2v7.12h1.72V8.82H16V7.1H8.92z\" fill=\"#0D004C\"\/><\/svg><\/div>              <div class='minus-icon' itemprop='logo'><svg aria-hidden=\"true\" viewBox=\"0 0 14 2\" fill=\"none\" xmlns=\"http:\/\/www.w3.org\/2000\/svg\"><path d=\"M14 1.88H.88V.12H14v1.76z\" fill=\"#fff\"\/><\/svg><\/div>            <\/button>\n          <\/h2>\n          <div class=\"accordion-section-wrapper\">\n            <section id=\"accordion-panel-6\" class=\"accordion-panel\" aria-labelledby=\"accordion-header-6\">\n              <ul>\n<li>Find answers to the question: What does it mean?<\/li>\n<li>In the conclusions, you reflect and interpret the results, i.e. what your results actually mean?<\/li>\n<li>You are working on this in the implementation phase.<\/li>\n<\/ul>\n            <\/section>\n          <\/div>\n        <\/div>\n              <div class=\"accordion-item\">\n          <h2 class=\"h6 accordion-title\">\n            <button id=\"accordion-header-7\" class=\"accordion-header\" aria-expanded=\"false\" aria-controls=\"accordion-panel-7\">\n              Discussion              <div class='plus-icon' itemprop='logo'><svg aria-hidden=\"true\" viewBox=\"0 0 16 16\" fill=\"none\" xmlns=\"http:\/\/www.w3.org\/2000\/svg\"><path d=\"M8.92 7.1V.06H7.2V7.1H.12v1.72H7.2v7.12h1.72V8.82H16V7.1H8.92z\" fill=\"#0D004C\"\/><\/svg><\/div>              <div class='minus-icon' itemprop='logo'><svg aria-hidden=\"true\" viewBox=\"0 0 14 2\" fill=\"none\" xmlns=\"http:\/\/www.w3.org\/2000\/svg\"><path d=\"M14 1.88H.88V.12H14v1.76z\" fill=\"#fff\"\/><\/svg><\/div>            <\/button>\n          <\/h2>\n          <div class=\"accordion-section-wrapper\">\n            <section id=\"accordion-panel-7\" class=\"accordion-panel\" aria-labelledby=\"accordion-header-7\">\n              <ul>\n<li>Search for answers to the question: What next?<\/li>\n<li>In this section, you will discuss the relationship of your original goals, the results obtained and the knowledge base.<\/li>\n<li>Present development proposals or possible proposals for further research,<\/li>\n<li>Evaluate the validity, reliability and ethicality of the work.<\/li>\n<li>You are working on this in the implementation phase.<\/li>\n<li><a href=\"https:\/\/help.jamk.fi\/raportointiohje\/en\/4-parts-of-the-thesis\/4-2-5-discussion\/\">Writing instructions are at the Jamk reporting instructions, page 4.2.5. Discussion.<\/a><\/li>\n<\/ul>\n            <\/section>\n          <\/div>\n        <\/div>\n            <\/div>\n<\/div>\n\n\n<h2 class=\"wp-block-heading\">Explore previously completed theses at Jamk!<\/h2>\n\n\n\n<p>Theseus provide online access to the theses and publications of Finnish universities of applied sciences. You cannot create an identical work, but you can create a thesis on the same topic by changing the perspective, client, research problem, etc.<\/p>\n\n\n\n<p><\/p>\n\n\n\n<p><em>Updated 22.5.2025<\/em><\/p>\n\n\n\n<p><\/p>\n","protected":false},"excerpt":{"rendered":"<p>All theses include a practical, research-oriented part and a written report. This page describes the structure of the written thesis report. You can find more detailed reporting instructions in the Jamk Reporting Guide. The subpages describe various ways to implement the practical part of the research. Discuss the thesis implementation methods further with your supervisor! [&hellip;]<\/p>\n","protected":false},"author":79,"featured_media":0,"parent":0,"menu_order":2,"comment_status":"closed","ping_status":"closed","template":"","meta":{"_acf_changed":false,"_relevanssi_hide_post":"","_relevanssi_hide_content":"","_relevanssi_pin_for_all":"","_relevanssi_pin_keywords":"","_relevanssi_unpin_keywords":"","_relevanssi_related_keywords":"","_relevanssi_related_include_ids":"","_relevanssi_related_exclude_ids":"","_relevanssi_related_no_append":"","_relevanssi_related_not_related":"","_relevanssi_related_posts":"","_relevanssi_noindex_reason":"","footnotes":""},"categories":[15],"tags":[],"class_list":["post-251","page","type-page","status-publish","hentry","category-uncategorized-en"],"acf":[],"yoast_head":"<!-- This site is optimized with the Yoast SEO plugin v27.3 - https:\/\/yoast.com\/product\/yoast-seo-wordpress\/ -->\n<title>2 Components of the thesis report - Opinn\u00e4ytety\u00f6<\/title>\n<meta name=\"robots\" content=\"index, follow, max-snippet:-1, max-image-preview:large, max-video-preview:-1\" \/>\n<link rel=\"canonical\" href=\"https:\/\/help.jamk.fi\/opinnaytetyo\/en\/components-of-the-thesis-report\/\" \/>\n<meta property=\"og:locale\" content=\"fi_FI\" \/>\n<meta property=\"og:type\" content=\"article\" \/>\n<meta property=\"og:title\" content=\"2 Components of the thesis report - Opinn\u00e4ytety\u00f6\" \/>\n<meta property=\"og:description\" content=\"All theses include a practical, research-oriented part and a written report. This page describes the structure of the written thesis report. You can find more detailed reporting instructions in the Jamk Reporting Guide. The subpages describe various ways to implement the practical part of the research. Discuss the thesis implementation methods further with your supervisor! [&hellip;]\" \/>\n<meta property=\"og:url\" content=\"https:\/\/help.jamk.fi\/opinnaytetyo\/en\/components-of-the-thesis-report\/\" \/>\n<meta property=\"og:site_name\" content=\"Opinn\u00e4ytety\u00f6\" \/>\n<meta property=\"article:modified_time\" content=\"2025-12-16T07:52:00+00:00\" \/>\n<meta name=\"twitter:card\" content=\"summary_large_image\" \/>\n<meta name=\"twitter:label1\" content=\"Arvioitu lukuaika\" \/>\n\t<meta name=\"twitter:data1\" content=\"2 minuuttia\" \/>\n<script type=\"application\/ld+json\" class=\"yoast-schema-graph\">{\"@context\":\"https:\\\/\\\/schema.org\",\"@graph\":[{\"@type\":\"WebPage\",\"@id\":\"https:\\\/\\\/help.jamk.fi\\\/opinnaytetyo\\\/en\\\/components-of-the-thesis-report\\\/\",\"url\":\"https:\\\/\\\/help.jamk.fi\\\/opinnaytetyo\\\/en\\\/components-of-the-thesis-report\\\/\",\"name\":\"2 Components of the thesis report - Opinn\u00e4ytety\u00f6\",\"isPartOf\":{\"@id\":\"https:\\\/\\\/help.jamk.fi\\\/opinnaytetyo\\\/#website\"},\"datePublished\":\"2020-06-29T04:35:50+00:00\",\"dateModified\":\"2025-12-16T07:52:00+00:00\",\"breadcrumb\":{\"@id\":\"https:\\\/\\\/help.jamk.fi\\\/opinnaytetyo\\\/en\\\/components-of-the-thesis-report\\\/#breadcrumb\"},\"inLanguage\":\"fi\",\"potentialAction\":[{\"@type\":\"ReadAction\",\"target\":[\"https:\\\/\\\/help.jamk.fi\\\/opinnaytetyo\\\/en\\\/components-of-the-thesis-report\\\/\"]}]},{\"@type\":\"BreadcrumbList\",\"@id\":\"https:\\\/\\\/help.jamk.fi\\\/opinnaytetyo\\\/en\\\/components-of-the-thesis-report\\\/#breadcrumb\",\"itemListElement\":[{\"@type\":\"ListItem\",\"position\":1,\"name\":\"Etusivu\",\"item\":\"https:\\\/\\\/help.jamk.fi\\\/opinnaytetyo\\\/fi\\\/\"},{\"@type\":\"ListItem\",\"position\":2,\"name\":\"2 Components of the thesis report\"}]},{\"@type\":\"WebSite\",\"@id\":\"https:\\\/\\\/help.jamk.fi\\\/opinnaytetyo\\\/#website\",\"url\":\"https:\\\/\\\/help.jamk.fi\\\/opinnaytetyo\\\/\",\"name\":\"Opinn\u00e4ytety\u00f6\",\"description\":\"\",\"potentialAction\":[{\"@type\":\"SearchAction\",\"target\":{\"@type\":\"EntryPoint\",\"urlTemplate\":\"https:\\\/\\\/help.jamk.fi\\\/opinnaytetyo\\\/?s={search_term_string}\"},\"query-input\":{\"@type\":\"PropertyValueSpecification\",\"valueRequired\":true,\"valueName\":\"search_term_string\"}}],\"inLanguage\":\"fi\"}]}<\/script>\n<!-- \/ Yoast SEO plugin. -->","yoast_head_json":{"title":"2 Components of the thesis report - Opinn\u00e4ytety\u00f6","robots":{"index":"index","follow":"follow","max-snippet":"max-snippet:-1","max-image-preview":"max-image-preview:large","max-video-preview":"max-video-preview:-1"},"canonical":"https:\/\/help.jamk.fi\/opinnaytetyo\/en\/components-of-the-thesis-report\/","og_locale":"fi_FI","og_type":"article","og_title":"2 Components of the thesis report - Opinn\u00e4ytety\u00f6","og_description":"All theses include a practical, research-oriented part and a written report. This page describes the structure of the written thesis report. You can find more detailed reporting instructions in the Jamk Reporting Guide. The subpages describe various ways to implement the practical part of the research. Discuss the thesis implementation methods further with your supervisor! [&hellip;]","og_url":"https:\/\/help.jamk.fi\/opinnaytetyo\/en\/components-of-the-thesis-report\/","og_site_name":"Opinn\u00e4ytety\u00f6","article_modified_time":"2025-12-16T07:52:00+00:00","twitter_card":"summary_large_image","twitter_misc":{"Arvioitu lukuaika":"2 minuuttia"},"schema":{"@context":"https:\/\/schema.org","@graph":[{"@type":"WebPage","@id":"https:\/\/help.jamk.fi\/opinnaytetyo\/en\/components-of-the-thesis-report\/","url":"https:\/\/help.jamk.fi\/opinnaytetyo\/en\/components-of-the-thesis-report\/","name":"2 Components of the thesis report - Opinn\u00e4ytety\u00f6","isPartOf":{"@id":"https:\/\/help.jamk.fi\/opinnaytetyo\/#website"},"datePublished":"2020-06-29T04:35:50+00:00","dateModified":"2025-12-16T07:52:00+00:00","breadcrumb":{"@id":"https:\/\/help.jamk.fi\/opinnaytetyo\/en\/components-of-the-thesis-report\/#breadcrumb"},"inLanguage":"fi","potentialAction":[{"@type":"ReadAction","target":["https:\/\/help.jamk.fi\/opinnaytetyo\/en\/components-of-the-thesis-report\/"]}]},{"@type":"BreadcrumbList","@id":"https:\/\/help.jamk.fi\/opinnaytetyo\/en\/components-of-the-thesis-report\/#breadcrumb","itemListElement":[{"@type":"ListItem","position":1,"name":"Etusivu","item":"https:\/\/help.jamk.fi\/opinnaytetyo\/fi\/"},{"@type":"ListItem","position":2,"name":"2 Components of the thesis report"}]},{"@type":"WebSite","@id":"https:\/\/help.jamk.fi\/opinnaytetyo\/#website","url":"https:\/\/help.jamk.fi\/opinnaytetyo\/","name":"Opinn\u00e4ytety\u00f6","description":"","potentialAction":[{"@type":"SearchAction","target":{"@type":"EntryPoint","urlTemplate":"https:\/\/help.jamk.fi\/opinnaytetyo\/?s={search_term_string}"},"query-input":{"@type":"PropertyValueSpecification","valueRequired":true,"valueName":"search_term_string"}}],"inLanguage":"fi"}]}},"_links":{"self":[{"href":"https:\/\/help.jamk.fi\/opinnaytetyo\/wp-json\/wp\/v2\/pages\/251","targetHints":{"allow":["GET"]}}],"collection":[{"href":"https:\/\/help.jamk.fi\/opinnaytetyo\/wp-json\/wp\/v2\/pages"}],"about":[{"href":"https:\/\/help.jamk.fi\/opinnaytetyo\/wp-json\/wp\/v2\/types\/page"}],"author":[{"embeddable":true,"href":"https:\/\/help.jamk.fi\/opinnaytetyo\/wp-json\/wp\/v2\/users\/79"}],"replies":[{"embeddable":true,"href":"https:\/\/help.jamk.fi\/opinnaytetyo\/wp-json\/wp\/v2\/comments?post=251"}],"version-history":[{"count":22,"href":"https:\/\/help.jamk.fi\/opinnaytetyo\/wp-json\/wp\/v2\/pages\/251\/revisions"}],"predecessor-version":[{"id":6165,"href":"https:\/\/help.jamk.fi\/opinnaytetyo\/wp-json\/wp\/v2\/pages\/251\/revisions\/6165"}],"wp:attachment":[{"href":"https:\/\/help.jamk.fi\/opinnaytetyo\/wp-json\/wp\/v2\/media?parent=251"}],"wp:term":[{"taxonomy":"category","embeddable":true,"href":"https:\/\/help.jamk.fi\/opinnaytetyo\/wp-json\/wp\/v2\/categories?post=251"},{"taxonomy":"post_tag","embeddable":true,"href":"https:\/\/help.jamk.fi\/opinnaytetyo\/wp-json\/wp\/v2\/tags?post=251"}],"curies":[{"name":"wp","href":"https:\/\/api.w.org\/{rel}","templated":true}]}}