{"id":34,"date":"2020-04-20T10:38:16","date_gmt":"2020-04-20T07:38:16","guid":{"rendered":"https:\/\/help.jamk.fi\/opinnaytetyo\/opinnaytetyo\/yamk-opinnaytetyo\/"},"modified":"2025-04-15T10:18:08","modified_gmt":"2025-04-15T07:18:08","slug":"yamk-opinnaytetyo","status":"publish","type":"page","link":"https:\/\/help.jamk.fi\/opinnaytetyo\/fi\/opinnaytetyo\/yamk-opinnaytetyo\/","title":{"rendered":"1.2 YAMK-opinn\u00e4ytety\u00f6"},"content":{"rendered":"\n<p>Ylemp\u00e4\u00e4n ammattikorkeakoulututkintoon (YAMK) sis\u00e4ltyv\u00e4 opinn\u00e4ytety\u00f6 on ty\u00f6el\u00e4m\u00e4n kehitt\u00e4misteht\u00e4v\u00e4. YAMK-opinn\u00e4ytety\u00f6ss\u00e4 tavoitteena on, ett\u00e4 kykenet soveltamaan n\u00e4ytt\u00f6\u00f6n perustuvaa tutkimustietoa ja k\u00e4ytt\u00e4m\u00e4\u00e4n valittuja ty\u00f6el\u00e4m\u00e4n kehitt\u00e4mis- ja tutkimusmenetelmi\u00e4 ty\u00f6el\u00e4m\u00e4n kehitt\u00e4mistarpeisiin. Opinn\u00e4ytety\u00f6ss\u00e4 osoitat, ett\u00e4 sinulla on valmius itsen\u00e4iseen ja vaativaan asiantuntijaty\u00f6h\u00f6n. YAMK-opinn\u00e4ytety\u00f6 tehd\u00e4\u00e4n p\u00e4\u00e4s\u00e4\u00e4nt\u00f6isesti yksin. <strong>Suorita opintojakso Tutkiva kehitt\u00e4minen 5 op \u2013 YZ00CK87 ennen opinn\u00e4ytety\u00f6si aloittamista.<\/strong> Saat opintojaksolta tiedot ja taidot opinn\u00e4ytety\u00f6t\u00e4 varten. Saat my\u00f6s tukea aiheen valintaan.<\/p>\n\n\n\n<p>Opinn\u00e4ytety\u00f6ss\u00e4 keskeist\u00e4 on erityyppisen tietoaineksen ja kokemustiedon yhdist\u00e4minen, tiedon arviointi ja soveltaminen sek\u00e4 ammatillisen asiantuntijuuden syvent\u00e4minen. Oleellista on jaetun asiantuntijuuden kehittyminen ja uuden osaamisen rakentaminen eri toimijoiden kanssa.<\/p>\n\n\n\n<p>YAMK-opinn\u00e4ytety\u00f6n suositeltava pituus on keskim\u00e4\u00e4rin 50\u201390 sivua ilman liitteit\u00e4.<\/p>\n\n\n\n<h2 class=\"wp-block-heading\">Yamk-opinn\u00e4ytety\u00f6 on 30 opintopistett\u00e4 ja koostuu seuraavista opintojaksoista:<\/h2>\n\n\n\n<p><\/p>\n\n\n\n<ul class=\"wp-block-list\">\n<li>Opinn\u00e4ytety\u00f6n suunnittelu, ylempi AMK 7 op \u2013 YZ00BL94<\/li>\n\n\n\n<li>Tutkimuskirjoittaminen, ylempi AMK 3 op \u2013 YZ00BL98 (Opintojakso, jonka toteutuksesta vastaa Kielikeskus. Muista ilmoittautua toteutukselle.)<\/li>\n\n\n\n<li>Opinn\u00e4ytety\u00f6n toteutus, ylempi AMK 10 op \u2013 YZ00BL95<\/li>\n\n\n\n<li>Opinn\u00e4ytety\u00f6n raportointi, ylempi AMK 10 op \u2013 YZ00BL96<\/li>\n\n\n\n<li>Kypsyysn\u00e4yte, ylempi AMK \u2013 YZ00BB05<\/li>\n<\/ul>\n\n\n\n<h3 class=\"wp-block-heading\"><strong><span class=\"has-inline-color has-very-dark-gray-color\">YAMK-opinn\u00e4ytety\u00f6projektin eteneminen<\/span><\/strong><\/h3>\n\n\n\n<p>Opinn\u00e4ytety\u00f6t\u00e4si hallinnoidaan Wihi-j\u00e4rjestelm\u00e4ss\u00e4 (wihi.jamk.fi). Wihiss\u00e4 aikataulutat ty\u00f6si, viestittelet ohjaajasi kanssa ja l\u00e4het\u00e4t ty\u00f6n luonnoksia ohjaajallesi kommentoitavaksi. Wihiss\u00e4 opinn\u00e4ytety\u00f6si on siis projekti. My\u00f6s opinn\u00e4ytety\u00f6n arviointi tehd\u00e4\u00e4n Wihiss\u00e4.<\/p>\n\n\n\n<p>Kopioi opinn\u00e4ytety\u00f6projektin vaiheissa olevat teht\u00e4v\u00e4t Wihiin ja tee ne.<\/p>\n\n\n\n<div id=\"accordion-block_8783d3dbfc194195c30e9bbda0778771\" class=\"accordion block-accordion\">\n  <div class=\"block-accordion__element-header\">\n      <\/div>\n  <div class=\"block-accordion__accordions\">\n                  <div class=\"accordion-item\">\n          <h2 class=\"h6 accordion-title\">\n            <button id=\"accordion-header-1\" class=\"accordion-header\" aria-expanded=\"false\" aria-controls=\"accordion-panel-1\">\n              Tutkiva kehitt\u00e4minen 5 op \u2013 YZ00CK87              <div class='plus-icon' itemprop='logo'><svg aria-hidden=\"true\" viewBox=\"0 0 16 16\" fill=\"none\" xmlns=\"http:\/\/www.w3.org\/2000\/svg\"><path d=\"M8.92 7.1V.06H7.2V7.1H.12v1.72H7.2v7.12h1.72V8.82H16V7.1H8.92z\" fill=\"#0D004C\"\/><\/svg><\/div>              <div class='minus-icon' itemprop='logo'><svg aria-hidden=\"true\" viewBox=\"0 0 14 2\" fill=\"none\" xmlns=\"http:\/\/www.w3.org\/2000\/svg\"><path d=\"M14 1.88H.88V.12H14v1.76z\" fill=\"#fff\"\/><\/svg><\/div>            <\/button>\n          <\/h2>\n          <div class=\"accordion-section-wrapper\">\n            <section id=\"accordion-panel-1\" class=\"accordion-panel\" aria-labelledby=\"accordion-header-1\">\n              <ul>\n<li>Ilmoittaudu ryhm\u00e4si mukaiselle opintojakson toteutukselle ja suorita se ennen opinn\u00e4ytety\u00f6si aloittamista.<\/li>\n<\/ul>\n            <\/section>\n          <\/div>\n        <\/div>\n              <div class=\"accordion-item\">\n          <h2 class=\"h6 accordion-title\">\n            <button id=\"accordion-header-2\" class=\"accordion-header\" aria-expanded=\"false\" aria-controls=\"accordion-panel-2\">\n              0 Opinn\u00e4ytety\u00f6n aloittamista edelt\u00e4v\u00e4t teht\u00e4v\u00e4t              <div class='plus-icon' itemprop='logo'><svg aria-hidden=\"true\" viewBox=\"0 0 16 16\" fill=\"none\" xmlns=\"http:\/\/www.w3.org\/2000\/svg\"><path d=\"M8.92 7.1V.06H7.2V7.1H.12v1.72H7.2v7.12h1.72V8.82H16V7.1H8.92z\" fill=\"#0D004C\"\/><\/svg><\/div>              <div class='minus-icon' itemprop='logo'><svg aria-hidden=\"true\" viewBox=\"0 0 14 2\" fill=\"none\" xmlns=\"http:\/\/www.w3.org\/2000\/svg\"><path d=\"M14 1.88H.88V.12H14v1.76z\" fill=\"#fff\"\/><\/svg><\/div>            <\/button>\n          <\/h2>\n          <div class=\"accordion-section-wrapper\">\n            <section id=\"accordion-panel-2\" class=\"accordion-panel\" aria-labelledby=\"accordion-header-2\">\n              <ul>\n<li>Jos olet aloittanut opintosi Jamkissa ennen syksy\u00e4 2021, p\u00e4ivit\u00e4 Pepiss\u00e4 oleva HOPSisi: Lis\u00e4\u00e4 HOPSiin opinn\u00e4ytety\u00f6n opintojaksot (4 kpl) ja kypsyysn\u00e4yte -opintojakso.<\/li>\n<li>Laadi aihe-ehdotus Wihiin: wihi.jamk.fi ja l\u00e4het\u00e4 se k\u00e4sitelt\u00e4v\u00e4ksi. Koordinaattori hyv\u00e4ksyy aiheesi ja nime\u00e4\u00e4 sinulle opinn\u00e4ytety\u00f6n p\u00e4\u00e4ohjaajan Wihiss\u00e4.<\/li>\n<\/ul>\n            <\/section>\n          <\/div>\n        <\/div>\n              <div class=\"accordion-item\">\n          <h2 class=\"h6 accordion-title\">\n            <button id=\"accordion-header-3\" class=\"accordion-header\" aria-expanded=\"false\" aria-controls=\"accordion-panel-3\">\n              1 Opinn\u00e4ytety\u00f6n projektointi Wihiss\u00e4: Projektisuunnitelma ja aikataulu              <div class='plus-icon' itemprop='logo'><svg aria-hidden=\"true\" viewBox=\"0 0 16 16\" fill=\"none\" xmlns=\"http:\/\/www.w3.org\/2000\/svg\"><path d=\"M8.92 7.1V.06H7.2V7.1H.12v1.72H7.2v7.12h1.72V8.82H16V7.1H8.92z\" fill=\"#0D004C\"\/><\/svg><\/div>              <div class='minus-icon' itemprop='logo'><svg aria-hidden=\"true\" viewBox=\"0 0 14 2\" fill=\"none\" xmlns=\"http:\/\/www.w3.org\/2000\/svg\"><path d=\"M14 1.88H.88V.12H14v1.76z\" fill=\"#fff\"\/><\/svg><\/div>            <\/button>\n          <\/h2>\n          <div class=\"accordion-section-wrapper\">\n            <section id=\"accordion-panel-3\" class=\"accordion-panel\" aria-labelledby=\"accordion-header-3\">\n              <ul>\n<li>Aikatauluta opinn\u00e4ytety\u00f6si Wihiss\u00e4. Wihiss\u00e4 vaiheiden nimet ovat: Projektisuunnitelma, Vaihe 1: 1\/3 opinn\u00e4ytety\u00f6st\u00e4 valmis, Vaihe 2: 2\/3 opinn\u00e4ytety\u00f6st\u00e4 valmis ja Vaihe 3: opinn\u00e4ytety\u00f6 valmis arvioitavaksi.<\/li>\n<li>Sovi ensimm\u00e4inen ohjaustapaaminen p\u00e4\u00e4ohjaajasi kanssa tutkinto-ohjelman k\u00e4yt\u00e4nt\u00f6jen mukaisesti.<\/li>\n<\/ul>\n<p>HUOM. K\u00e4yt\u00e4 koko opinn\u00e4ytety\u00f6prosessin ajan Wihin viestikentt\u00e4\u00e4 p\u00e4\u00e4ohjaajan kanssa k\u00e4yt\u00e4v\u00e4\u00e4n viestittelyyn, ei s\u00e4hk\u00f6postiviestittely\u00e4. Ohjaaja saa s\u00e4hk\u00f6postiin tiedon Wihiss\u00e4 l\u00e4hett\u00e4m\u00e4st\u00e4si viestist\u00e4.<\/p>\n            <\/section>\n          <\/div>\n        <\/div>\n              <div class=\"accordion-item\">\n          <h2 class=\"h6 accordion-title\">\n            <button id=\"accordion-header-4\" class=\"accordion-header\" aria-expanded=\"false\" aria-controls=\"accordion-panel-4\">\n              2 Opinn\u00e4ytety\u00f6n suunnittelu, ylempi AMK (7 op) \u2013 Vaihe 1: 1\/3 opinn\u00e4ytety\u00f6st\u00e4 valmis (Wihiss\u00e4)              <div class='plus-icon' itemprop='logo'><svg aria-hidden=\"true\" viewBox=\"0 0 16 16\" fill=\"none\" xmlns=\"http:\/\/www.w3.org\/2000\/svg\"><path d=\"M8.92 7.1V.06H7.2V7.1H.12v1.72H7.2v7.12h1.72V8.82H16V7.1H8.92z\" fill=\"#0D004C\"\/><\/svg><\/div>              <div class='minus-icon' itemprop='logo'><svg aria-hidden=\"true\" viewBox=\"0 0 14 2\" fill=\"none\" xmlns=\"http:\/\/www.w3.org\/2000\/svg\"><path d=\"M14 1.88H.88V.12H14v1.76z\" fill=\"#fff\"\/><\/svg><\/div>            <\/button>\n          <\/h2>\n          <div class=\"accordion-section-wrapper\">\n            <section id=\"accordion-panel-4\" class=\"accordion-panel\" aria-labelledby=\"accordion-header-4\">\n              <ul>\n<li>Kertaa raportointiohje ja arviointikriteerit.<\/li>\n<li>Perehdy hyv\u00e4\u00e4n tieteelliseen k\u00e4yt\u00e4nt\u00f6\u00f6n ja eettiseen toimintaan, tietosuojaan ja tekij\u00e4noikeuksiin.<\/li>\n<li>Tee toimeksiantajan kanssa sopimus opinn\u00e4ytety\u00f6st\u00e4. Tee tarvittaessa liiteaineiston salassapitosopimus.<\/li>\n<li>Perehdy tutkimusaineiston k\u00e4sittelyyn. Tee aineistonhallintasuunnitelma.<\/li>\n<li>Selvit\u00e4, tarvitsetko tutkimuslupaa ja tee hakemus tarvittaessa.<\/li>\n<li>Tee Moodlessa Opinn\u00e4ytety\u00f6n tiedonhankinta -kurssi ja siihen liittyv\u00e4t teht\u00e4v\u00e4t.<\/li>\n<li>Laadi opinn\u00e4ytety\u00f6suunnitelma liitteineen ja pyyd\u00e4 ohjaajalta kommentteja Wihiss\u00e4.\n<ul>\n<li>P\u00e4\u00e4ohjaaja hyv\u00e4ksyy opinn\u00e4ytety\u00f6suunnitelmasi Wihiss\u00e4.<\/li>\n<\/ul>\n<\/li>\n<li>Esit\u00e4 suunnitelmasi p\u00e4\u00e4ohjaajan j\u00e4rjest\u00e4m\u00e4ss\u00e4 opinn\u00e4ytety\u00f6seminaarissa tai pienryhm\u00e4ohjauksessa.<\/li>\n<li>Kirjoita opinn\u00e4ytety\u00f6n tietoperustaan teksti\u00e4 3\u20135 sivua.<\/li>\n<li>Valitse ja ilmoittaudu \u201dTutkimuskirjoittaminen, ylempi AMK\u201d (3 op) -opintojakson sille toteutukselle, joka sopii sinun opinn\u00e4ytety\u00f6si kirjoitusaikatauluun.<\/li>\n<li>Osallistu yksil\u00f6ohjauksiin.<\/li>\n<\/ul>\n            <\/section>\n          <\/div>\n        <\/div>\n              <div class=\"accordion-item\">\n          <h2 class=\"h6 accordion-title\">\n            <button id=\"accordion-header-5\" class=\"accordion-header\" aria-expanded=\"false\" aria-controls=\"accordion-panel-5\">\n              3 Tutkimuskirjoittaminen, ylempi AMK (3 op)              <div class='plus-icon' itemprop='logo'><svg aria-hidden=\"true\" viewBox=\"0 0 16 16\" fill=\"none\" xmlns=\"http:\/\/www.w3.org\/2000\/svg\"><path d=\"M8.92 7.1V.06H7.2V7.1H.12v1.72H7.2v7.12h1.72V8.82H16V7.1H8.92z\" fill=\"#0D004C\"\/><\/svg><\/div>              <div class='minus-icon' itemprop='logo'><svg aria-hidden=\"true\" viewBox=\"0 0 14 2\" fill=\"none\" xmlns=\"http:\/\/www.w3.org\/2000\/svg\"><path d=\"M14 1.88H.88V.12H14v1.76z\" fill=\"#fff\"\/><\/svg><\/div>            <\/button>\n          <\/h2>\n          <div class=\"accordion-section-wrapper\">\n            <section id=\"accordion-panel-5\" class=\"accordion-panel\" aria-labelledby=\"accordion-header-5\">\n              <ul>\n<li>Ennen toteutukselle osallistumista olet tutustunut ty\u00f6si l\u00e4hdekirjallisuuteen ja kirjoittanut tietoperustaan teksti\u00e4 3-5 sivua.<\/li>\n<\/ul>\n            <\/section>\n          <\/div>\n        <\/div>\n              <div class=\"accordion-item\">\n          <h2 class=\"h6 accordion-title\">\n            <button id=\"accordion-header-6\" class=\"accordion-header\" aria-expanded=\"false\" aria-controls=\"accordion-panel-6\">\n              4 Opinn\u00e4ytety\u00f6n toteutus, ylempi AMK (10 op) \u2013 Vaihe 2: 2\/3 opinn\u00e4ytety\u00f6st\u00e4 valmiina (Wihiss\u00e4)              <div class='plus-icon' itemprop='logo'><svg aria-hidden=\"true\" viewBox=\"0 0 16 16\" fill=\"none\" xmlns=\"http:\/\/www.w3.org\/2000\/svg\"><path d=\"M8.92 7.1V.06H7.2V7.1H.12v1.72H7.2v7.12h1.72V8.82H16V7.1H8.92z\" fill=\"#0D004C\"\/><\/svg><\/div>              <div class='minus-icon' itemprop='logo'><svg aria-hidden=\"true\" viewBox=\"0 0 14 2\" fill=\"none\" xmlns=\"http:\/\/www.w3.org\/2000\/svg\"><path d=\"M14 1.88H.88V.12H14v1.76z\" fill=\"#fff\"\/><\/svg><\/div>            <\/button>\n          <\/h2>\n          <div class=\"accordion-section-wrapper\">\n            <section id=\"accordion-panel-6\" class=\"accordion-panel\" aria-labelledby=\"accordion-header-6\">\n              <ul>\n<li>Kirjoita opinn\u00e4ytety\u00f6n tietoperusta ja menetelm\u00e4kuvaus valmiiksi.<\/li>\n<li>Esit\u00e4 menetelm\u00e4kuvauksesi p\u00e4\u00e4ohjaajan j\u00e4rjest\u00e4m\u00e4ss\u00e4 seminaarissa tai pienryhm\u00e4ohjauksessa.<\/li>\n<li>Tee opinn\u00e4ytety\u00f6n k\u00e4yt\u00e4nn\u00f6n toteutus suunnitelmasi mukaisesti.<\/li>\n<li><span style=\"\">Kirjoittamiseen liittyviss\u00e4 ongelmissa voit varata ajan kielikeskuksen tekstinohjausklinikalta .<\/span><\/li>\n<li>Osallistu yksil\u00f6ohjauksiin.<\/li>\n<\/ul>\n            <\/section>\n          <\/div>\n        <\/div>\n              <div class=\"accordion-item\">\n          <h2 class=\"h6 accordion-title\">\n            <button id=\"accordion-header-7\" class=\"accordion-header\" aria-expanded=\"false\" aria-controls=\"accordion-panel-7\">\n              5 Opinn\u00e4ytety\u00f6n raportointi, ylempi AMK (10 op) &#8211; Vaihe 3: Opinn\u00e4ytety\u00f6 valmis arvioitavaksi (Wihiss\u00e4)              <div class='plus-icon' itemprop='logo'><svg aria-hidden=\"true\" viewBox=\"0 0 16 16\" fill=\"none\" xmlns=\"http:\/\/www.w3.org\/2000\/svg\"><path d=\"M8.92 7.1V.06H7.2V7.1H.12v1.72H7.2v7.12h1.72V8.82H16V7.1H8.92z\" fill=\"#0D004C\"\/><\/svg><\/div>              <div class='minus-icon' itemprop='logo'><svg aria-hidden=\"true\" viewBox=\"0 0 14 2\" fill=\"none\" xmlns=\"http:\/\/www.w3.org\/2000\/svg\"><path d=\"M14 1.88H.88V.12H14v1.76z\" fill=\"#fff\"\/><\/svg><\/div>            <\/button>\n          <\/h2>\n          <div class=\"accordion-section-wrapper\">\n            <section id=\"accordion-panel-7\" class=\"accordion-panel\" aria-labelledby=\"accordion-header-7\">\n              <ul>\n<li>Kirjoita opinn\u00e4ytety\u00f6si valmiiksi.<\/li>\n<li>Tee ty\u00f6llesi tekstintarkastus Moodlen Turnitin tarkastus -ty\u00f6tilassa.<\/li>\n<li><span style=\"\">Sovi p\u00e4\u00e4ohjaajasi kanssa opinn\u00e4ytety\u00f6n ensimm\u00e4isen luonnoksen esitarkastuksesta.<\/span>\n<ul>\n<li>Opinn\u00e4ytety\u00f6llesi nimet\u00e4\u00e4n 2. tarkastaja Wihiss\u00e4.<\/li>\n<\/ul>\n<\/li>\n<li>Tarvittaessa varaa aika kielikeskukselta kuvailulehden (suomi\/englanti) kielenhuoltoon.<\/li>\n<li>Sovi p\u00e4\u00e4ohjaajasi kanssa kypsyysn\u00e4ytteen kirjoittamisesta.<\/li>\n<li><span style=\"\">Palauta valmis opinn\u00e4ytety\u00f6si Wihin Plagioinnin tarkastus -kentt\u00e4\u00e4n <\/span><span style=\"\">Turnitin tekstintarkastusta varten<\/span><\/li>\n<li>Esit\u00e4 opinn\u00e4ytety\u00f6si tutkinto-ohjelmasi ohjeiden mukaisesti.<\/li>\n<li><span style=\"\">Palauta itsearviointi ja toimeksiantajan lausunto Wihiin.<\/span>\n<ul>\n<li>P\u00e4\u00e4ohjaaja (1. tarkastaja) ja 2. tarkastaja arvioivat opinn\u00e4ytety\u00f6n ja hyv\u00e4ksyv\u00e4t vaiheen 3, kun kaikki teht\u00e4v\u00e4t on suoritettu.<\/li>\n<\/ul>\n<\/li>\n<li>Julkaise opinn\u00e4ytety\u00f6si tallentamalla se Theseukseen. Odota lupa ohjaajalta!<\/li>\n<li><span style=\"\">Tuo opinn\u00e4ytety\u00f6n pysyv\u00e4 linkki Wihiin.<\/span>\n<ul>\n<li>Ohjaaja hyv\u00e4ksyy Opinn\u00e4ytety\u00f6n arviointi -vaiheen, jonka j\u00e4lkeen n\u00e4et sek\u00e4 arvosanan ett\u00e4 lausunnon.<\/li>\n<\/ul>\n<\/li>\n<\/ul>\n<p>HUOM. Vaikka opinn\u00e4ytety\u00f6t\u00e4si ei olisi viel\u00e4 hyv\u00e4ksytty Theseuksen kokoelmaan tallennuksen yhteydess\u00e4, se ei est\u00e4 tutkintotodistuksen hakemista.<\/p>\n            <\/section>\n          <\/div>\n        <\/div>\n            <\/div>\n<\/div>\n\n\n<p>L\u00f6yd\u00e4t YAMK-opinn\u00e4ytety\u00f6projektin eteneminen Wihiss\u00e4 pdf-tiedostona alta.<\/p>\n\n\n\n<h2 class=\"wp-block-heading\">Dokumentit<\/h2>\n\n\n\n<p><a href=\"https:\/\/help.jamk.fi\/opinnaytetyo\/wp-content\/uploads\/sites\/114\/2024\/04\/Ylempi-AMK-opinnaytetyoprosessin-eteneminen-Wihissa.pdf\">YAMK-opinn\u00e4ytety\u00f6n eteneminen Wihiss\u00e4 (pdf)<\/a><\/p>\n\n\n\n<p><\/p>\n\n\n\n<p><em>P\u00e4ivitetty 7.4.2025<\/em><\/p>\n","protected":false},"excerpt":{"rendered":"<p>Ylemp\u00e4\u00e4n ammattikorkeakoulututkintoon (YAMK) sis\u00e4ltyv\u00e4 opinn\u00e4ytety\u00f6 on ty\u00f6el\u00e4m\u00e4n kehitt\u00e4misteht\u00e4v\u00e4. YAMK-opinn\u00e4ytety\u00f6ss\u00e4 tavoitteena on, ett\u00e4 kykenet soveltamaan n\u00e4ytt\u00f6\u00f6n perustuvaa tutkimustietoa ja k\u00e4ytt\u00e4m\u00e4\u00e4n valittuja ty\u00f6el\u00e4m\u00e4n kehitt\u00e4mis- ja tutkimusmenetelmi\u00e4 ty\u00f6el\u00e4m\u00e4n kehitt\u00e4mistarpeisiin. Opinn\u00e4ytety\u00f6ss\u00e4 osoitat, ett\u00e4 sinulla on valmius itsen\u00e4iseen ja vaativaan asiantuntijaty\u00f6h\u00f6n. YAMK-opinn\u00e4ytety\u00f6 tehd\u00e4\u00e4n p\u00e4\u00e4s\u00e4\u00e4nt\u00f6isesti yksin. Suorita opintojakso Tutkiva kehitt\u00e4minen 5 op \u2013 YZ00CK87 ennen opinn\u00e4ytety\u00f6si aloittamista. Saat opintojaksolta tiedot ja [&hellip;]<\/p>\n","protected":false},"author":79,"featured_media":0,"parent":7,"menu_order":2,"comment_status":"closed","ping_status":"closed","template":"","meta":{"_acf_changed":false,"_relevanssi_hide_post":"","_relevanssi_hide_content":"","_relevanssi_pin_for_all":"","_relevanssi_pin_keywords":"","_relevanssi_unpin_keywords":"","_relevanssi_related_keywords":"","_relevanssi_related_include_ids":"","_relevanssi_related_exclude_ids":"","_relevanssi_related_no_append":"","_relevanssi_related_not_related":"","_relevanssi_related_posts":"","_relevanssi_noindex_reason":"","footnotes":""},"categories":[1],"tags":[34,46,40,52],"class_list":["post-34","page","type-page","status-publish","hentry","category-yleinen","tag-eteneminen","tag-opinnaytetyon-eteneminen","tag-projekti","tag-yamk-opinnaytetyo"],"acf":[],"yoast_head":"<!-- This site is optimized with the Yoast SEO plugin v27.5 - https:\/\/yoast.com\/product\/yoast-seo-wordpress\/ -->\n<title>1.2 YAMK-opinn\u00e4ytety\u00f6 - Opinn\u00e4ytety\u00f6<\/title>\n<meta name=\"robots\" content=\"index, follow, max-snippet:-1, max-image-preview:large, max-video-preview:-1\" \/>\n<link rel=\"canonical\" href=\"https:\/\/help.jamk.fi\/opinnaytetyo\/fi\/opinnaytetyo\/yamk-opinnaytetyo\/\" \/>\n<meta property=\"og:locale\" content=\"fi_FI\" \/>\n<meta property=\"og:type\" content=\"article\" \/>\n<meta property=\"og:title\" content=\"1.2 YAMK-opinn\u00e4ytety\u00f6 - Opinn\u00e4ytety\u00f6\" \/>\n<meta property=\"og:description\" content=\"Ylemp\u00e4\u00e4n ammattikorkeakoulututkintoon (YAMK) sis\u00e4ltyv\u00e4 opinn\u00e4ytety\u00f6 on ty\u00f6el\u00e4m\u00e4n kehitt\u00e4misteht\u00e4v\u00e4. YAMK-opinn\u00e4ytety\u00f6ss\u00e4 tavoitteena on, ett\u00e4 kykenet soveltamaan n\u00e4ytt\u00f6\u00f6n perustuvaa tutkimustietoa ja k\u00e4ytt\u00e4m\u00e4\u00e4n valittuja ty\u00f6el\u00e4m\u00e4n kehitt\u00e4mis- ja tutkimusmenetelmi\u00e4 ty\u00f6el\u00e4m\u00e4n kehitt\u00e4mistarpeisiin. Opinn\u00e4ytety\u00f6ss\u00e4 osoitat, ett\u00e4 sinulla on valmius itsen\u00e4iseen ja vaativaan asiantuntijaty\u00f6h\u00f6n. YAMK-opinn\u00e4ytety\u00f6 tehd\u00e4\u00e4n p\u00e4\u00e4s\u00e4\u00e4nt\u00f6isesti yksin. Suorita opintojakso Tutkiva kehitt\u00e4minen 5 op \u2013 YZ00CK87 ennen opinn\u00e4ytety\u00f6si aloittamista. Saat opintojaksolta tiedot ja [&hellip;]\" \/>\n<meta property=\"og:url\" content=\"https:\/\/help.jamk.fi\/opinnaytetyo\/fi\/opinnaytetyo\/yamk-opinnaytetyo\/\" \/>\n<meta property=\"og:site_name\" content=\"Opinn\u00e4ytety\u00f6\" \/>\n<meta property=\"article:modified_time\" content=\"2025-04-15T07:18:08+00:00\" \/>\n<meta name=\"twitter:card\" content=\"summary_large_image\" \/>\n<script type=\"application\/ld+json\" class=\"yoast-schema-graph\">{\"@context\":\"https:\\\/\\\/schema.org\",\"@graph\":[{\"@type\":\"WebPage\",\"@id\":\"https:\\\/\\\/help.jamk.fi\\\/opinnaytetyo\\\/fi\\\/opinnaytetyo\\\/yamk-opinnaytetyo\\\/\",\"url\":\"https:\\\/\\\/help.jamk.fi\\\/opinnaytetyo\\\/fi\\\/opinnaytetyo\\\/yamk-opinnaytetyo\\\/\",\"name\":\"1.2 YAMK-opinn\u00e4ytety\u00f6 - Opinn\u00e4ytety\u00f6\",\"isPartOf\":{\"@id\":\"https:\\\/\\\/help.jamk.fi\\\/opinnaytetyo\\\/#website\"},\"datePublished\":\"2020-04-20T07:38:16+00:00\",\"dateModified\":\"2025-04-15T07:18:08+00:00\",\"breadcrumb\":{\"@id\":\"https:\\\/\\\/help.jamk.fi\\\/opinnaytetyo\\\/fi\\\/opinnaytetyo\\\/yamk-opinnaytetyo\\\/#breadcrumb\"},\"inLanguage\":\"fi\",\"potentialAction\":[{\"@type\":\"ReadAction\",\"target\":[\"https:\\\/\\\/help.jamk.fi\\\/opinnaytetyo\\\/fi\\\/opinnaytetyo\\\/yamk-opinnaytetyo\\\/\"]}]},{\"@type\":\"BreadcrumbList\",\"@id\":\"https:\\\/\\\/help.jamk.fi\\\/opinnaytetyo\\\/fi\\\/opinnaytetyo\\\/yamk-opinnaytetyo\\\/#breadcrumb\",\"itemListElement\":[{\"@type\":\"ListItem\",\"position\":1,\"name\":\"Etusivu\",\"item\":\"https:\\\/\\\/help.jamk.fi\\\/opinnaytetyo\\\/fi\\\/\"},{\"@type\":\"ListItem\",\"position\":2,\"name\":\"1 Opinn\u00e4ytety\u00f6\",\"item\":\"https:\\\/\\\/help.jamk.fi\\\/opinnaytetyo\\\/fi\\\/opinnaytetyo\\\/\"},{\"@type\":\"ListItem\",\"position\":3,\"name\":\"1.2 YAMK-opinn\u00e4ytety\u00f6\"}]},{\"@type\":\"WebSite\",\"@id\":\"https:\\\/\\\/help.jamk.fi\\\/opinnaytetyo\\\/#website\",\"url\":\"https:\\\/\\\/help.jamk.fi\\\/opinnaytetyo\\\/\",\"name\":\"Opinn\u00e4ytety\u00f6\",\"description\":\"\",\"potentialAction\":[{\"@type\":\"SearchAction\",\"target\":{\"@type\":\"EntryPoint\",\"urlTemplate\":\"https:\\\/\\\/help.jamk.fi\\\/opinnaytetyo\\\/?s={search_term_string}\"},\"query-input\":{\"@type\":\"PropertyValueSpecification\",\"valueRequired\":true,\"valueName\":\"search_term_string\"}}],\"inLanguage\":\"fi\"}]}<\/script>\n<!-- \/ Yoast SEO plugin. -->","yoast_head_json":{"title":"1.2 YAMK-opinn\u00e4ytety\u00f6 - Opinn\u00e4ytety\u00f6","robots":{"index":"index","follow":"follow","max-snippet":"max-snippet:-1","max-image-preview":"max-image-preview:large","max-video-preview":"max-video-preview:-1"},"canonical":"https:\/\/help.jamk.fi\/opinnaytetyo\/fi\/opinnaytetyo\/yamk-opinnaytetyo\/","og_locale":"fi_FI","og_type":"article","og_title":"1.2 YAMK-opinn\u00e4ytety\u00f6 - Opinn\u00e4ytety\u00f6","og_description":"Ylemp\u00e4\u00e4n ammattikorkeakoulututkintoon (YAMK) sis\u00e4ltyv\u00e4 opinn\u00e4ytety\u00f6 on ty\u00f6el\u00e4m\u00e4n kehitt\u00e4misteht\u00e4v\u00e4. YAMK-opinn\u00e4ytety\u00f6ss\u00e4 tavoitteena on, ett\u00e4 kykenet soveltamaan n\u00e4ytt\u00f6\u00f6n perustuvaa tutkimustietoa ja k\u00e4ytt\u00e4m\u00e4\u00e4n valittuja ty\u00f6el\u00e4m\u00e4n kehitt\u00e4mis- ja tutkimusmenetelmi\u00e4 ty\u00f6el\u00e4m\u00e4n kehitt\u00e4mistarpeisiin. Opinn\u00e4ytety\u00f6ss\u00e4 osoitat, ett\u00e4 sinulla on valmius itsen\u00e4iseen ja vaativaan asiantuntijaty\u00f6h\u00f6n. YAMK-opinn\u00e4ytety\u00f6 tehd\u00e4\u00e4n p\u00e4\u00e4s\u00e4\u00e4nt\u00f6isesti yksin. Suorita opintojakso Tutkiva kehitt\u00e4minen 5 op \u2013 YZ00CK87 ennen opinn\u00e4ytety\u00f6si aloittamista. Saat opintojaksolta tiedot ja [&hellip;]","og_url":"https:\/\/help.jamk.fi\/opinnaytetyo\/fi\/opinnaytetyo\/yamk-opinnaytetyo\/","og_site_name":"Opinn\u00e4ytety\u00f6","article_modified_time":"2025-04-15T07:18:08+00:00","twitter_card":"summary_large_image","schema":{"@context":"https:\/\/schema.org","@graph":[{"@type":"WebPage","@id":"https:\/\/help.jamk.fi\/opinnaytetyo\/fi\/opinnaytetyo\/yamk-opinnaytetyo\/","url":"https:\/\/help.jamk.fi\/opinnaytetyo\/fi\/opinnaytetyo\/yamk-opinnaytetyo\/","name":"1.2 YAMK-opinn\u00e4ytety\u00f6 - Opinn\u00e4ytety\u00f6","isPartOf":{"@id":"https:\/\/help.jamk.fi\/opinnaytetyo\/#website"},"datePublished":"2020-04-20T07:38:16+00:00","dateModified":"2025-04-15T07:18:08+00:00","breadcrumb":{"@id":"https:\/\/help.jamk.fi\/opinnaytetyo\/fi\/opinnaytetyo\/yamk-opinnaytetyo\/#breadcrumb"},"inLanguage":"fi","potentialAction":[{"@type":"ReadAction","target":["https:\/\/help.jamk.fi\/opinnaytetyo\/fi\/opinnaytetyo\/yamk-opinnaytetyo\/"]}]},{"@type":"BreadcrumbList","@id":"https:\/\/help.jamk.fi\/opinnaytetyo\/fi\/opinnaytetyo\/yamk-opinnaytetyo\/#breadcrumb","itemListElement":[{"@type":"ListItem","position":1,"name":"Etusivu","item":"https:\/\/help.jamk.fi\/opinnaytetyo\/fi\/"},{"@type":"ListItem","position":2,"name":"1 Opinn\u00e4ytety\u00f6","item":"https:\/\/help.jamk.fi\/opinnaytetyo\/fi\/opinnaytetyo\/"},{"@type":"ListItem","position":3,"name":"1.2 YAMK-opinn\u00e4ytety\u00f6"}]},{"@type":"WebSite","@id":"https:\/\/help.jamk.fi\/opinnaytetyo\/#website","url":"https:\/\/help.jamk.fi\/opinnaytetyo\/","name":"Opinn\u00e4ytety\u00f6","description":"","potentialAction":[{"@type":"SearchAction","target":{"@type":"EntryPoint","urlTemplate":"https:\/\/help.jamk.fi\/opinnaytetyo\/?s={search_term_string}"},"query-input":{"@type":"PropertyValueSpecification","valueRequired":true,"valueName":"search_term_string"}}],"inLanguage":"fi"}]}},"_links":{"self":[{"href":"https:\/\/help.jamk.fi\/opinnaytetyo\/wp-json\/wp\/v2\/pages\/34","targetHints":{"allow":["GET"]}}],"collection":[{"href":"https:\/\/help.jamk.fi\/opinnaytetyo\/wp-json\/wp\/v2\/pages"}],"about":[{"href":"https:\/\/help.jamk.fi\/opinnaytetyo\/wp-json\/wp\/v2\/types\/page"}],"author":[{"embeddable":true,"href":"https:\/\/help.jamk.fi\/opinnaytetyo\/wp-json\/wp\/v2\/users\/79"}],"replies":[{"embeddable":true,"href":"https:\/\/help.jamk.fi\/opinnaytetyo\/wp-json\/wp\/v2\/comments?post=34"}],"version-history":[{"count":30,"href":"https:\/\/help.jamk.fi\/opinnaytetyo\/wp-json\/wp\/v2\/pages\/34\/revisions"}],"predecessor-version":[{"id":5556,"href":"https:\/\/help.jamk.fi\/opinnaytetyo\/wp-json\/wp\/v2\/pages\/34\/revisions\/5556"}],"up":[{"embeddable":true,"href":"https:\/\/help.jamk.fi\/opinnaytetyo\/wp-json\/wp\/v2\/pages\/7"}],"wp:attachment":[{"href":"https:\/\/help.jamk.fi\/opinnaytetyo\/wp-json\/wp\/v2\/media?parent=34"}],"wp:term":[{"taxonomy":"category","embeddable":true,"href":"https:\/\/help.jamk.fi\/opinnaytetyo\/wp-json\/wp\/v2\/categories?post=34"},{"taxonomy":"post_tag","embeddable":true,"href":"https:\/\/help.jamk.fi\/opinnaytetyo\/wp-json\/wp\/v2\/tags?post=34"}],"curies":[{"name":"wp","href":"https:\/\/api.w.org\/{rel}","templated":true}]}}