{"id":4207,"date":"2023-11-24T11:32:46","date_gmt":"2023-11-24T09:32:46","guid":{"rendered":"https:\/\/help.jamk.fi\/opinnaytetyo\/?page_id=4207"},"modified":"2026-03-26T13:57:51","modified_gmt":"2026-03-26T11:57:51","slug":"kypsyysnayte-osana-korkeakoulututkintoa","status":"publish","type":"page","link":"https:\/\/help.jamk.fi\/opinnaytetyo\/fi\/kypsyysnayte-osana-korkeakoulututkintoa\/","title":{"rendered":"9 Kypsyysn\u00e4yte"},"content":{"rendered":"\n<p><\/p>\n\n\n\n<p>Kypsyysn\u00e4yte on lakis\u00e4\u00e4teinen korkeakoulututkinnon osa (asetus ammattikorkeakouluista 1129\/2014), ja osoitat sill\u00e4 perehtyneisyytt\u00e4 alaan sek\u00e4 suomen tai ruotsin kielen taitoa. Kypsyysn\u00e4yte kirjoitetaan koulusivistyskielell\u00e4 (suomi tai ruotsi). S\u00e4\u00e4d\u00f6ksiss\u00e4 mainittu koulusivistyskieli on peruskoulun tai lukion suorituskieli. <\/p>\n\n\n\n<p>Muulla kuin suomen tai ruotsin kielell\u00e4 tai ulkomailla koulusivistyksens\u00e4 saanut opiskelija voi halutessaan kirjoittaa kypsyysn\u00e4ytteen suomen tai ruotsin kielell\u00e4 tai h\u00e4n voi hakea siit\u00e4 vapautusta. <a href=\"https:\/\/help.jamk.fi\/peppi\/fi\/eahot-hyvaksilukeminen\/vapautuksen-hakeminen\/\">Katso ohjeet vapautuksen hakemiseksi hyv\u00e4ksilukuohjeista (Help)<\/a>. Vapautusta <strong>ei my\u00f6nnet\u00e4<\/strong> kansalaisuuden tai \u00e4idinkielen perusteella. <a href=\"https:\/\/www.jamk.fi\/fi\/opiskelijalle\/tutkinto-opiskelija\/saannot-ja-periaatteet\">Lue lis\u00e4\u00e4 tutkintos\u00e4\u00e4nn\u00f6st\u00e4 (Opiskelijalle-sivut)<\/a>.<\/p>\n\n\n\n<p><strong>N\u00e4in ollen ne, jotka ovat k\u00e4yneet suomenkielisen (ruotsinkielisen) peruskoulun tai lukion, kirjoittavat kypsyysn\u00e4ytteens\u00e4 suomen (ruotsin) kielell\u00e4 riippumatta siit\u00e4, mik\u00e4 on heid\u00e4n tutkinto-ohjelmansa opiskelukieli Jamkissa.<\/strong><\/p>\n\n\n\n<p>Opiskelija, jolla on luki- ym. vaikeuksien vuoksi koulutusp\u00e4\u00e4llik\u00f6n antama p\u00e4\u00e4t\u00f6s yksil\u00f6llisist\u00e4 opetusj\u00e4rjestelyist\u00e4 toimittaa p\u00e4\u00e4t\u00f6ksen opinn\u00e4ytety\u00f6ns\u00e4 ohjaajalle. Ohjaaja antaa p\u00e4\u00e4t\u00f6ksen mukaisesti lis\u00e4aikaa kypsyysn\u00e4ytteen kirjoittamiseen Examissa. Ohjaaja kirjaa lis\u00e4ajasta tiedon Exam-kypsyysn\u00e4ytteen otsikkoon (kts. Ohjaaajan Exam-ohjeet), jotta my\u00f6s kielentarkastaja saa tiedon lis\u00e4ajasta. Jos kielentarkastaja hyv\u00e4ksyy kypsyysn\u00e4ytteen kieliasun, prosessi p\u00e4\u00e4ttyy. Jos kypsyysn\u00e4ytteen kieli hyl\u00e4t\u00e4\u00e4n, kielentarkastaja pyyt\u00e4\u00e4 opiskelijaa t\u00e4ydent\u00e4m\u00e4\u00e4n kypsyysn\u00e4ytteens\u00e4. Opiskelija ei ilmoittaudu uudelleen Exam-tenttiin.<\/p>\n\n\n\n<p><\/p>\n\n\n\n<h2 class=\"wp-block-heading\">Kirjoittamisajankohta<\/h2>\n\n\n\n<p>Sovi p\u00e4\u00e4ohjaajan kanssa kypsyysn\u00e4ytteen kirjoittamisen ajankohdasta. Sopiva aika on aikaisintaan silloin, kun opinn\u00e4ytety\u00f6ss\u00e4si on jo olemassa johtop\u00e4\u00e4t\u00f6kset, eli suunnilleen esitarkastuksen aikana. Voit kirjoittaa kypsyysn\u00e4ytteen my\u00f6s vasta sitten, kun olet palauttanut viimeistellyn ty\u00f6si arvioitavaksi. Kypsyysn\u00e4ytteesi pit\u00e4\u00e4 olla hyv\u00e4ksytty ennen opinn\u00e4ytety\u00f6si lopullista arviointia.<\/p>\n\n\n\n<p>Jos opinn\u00e4ytety\u00f6 on tehty parity\u00f6n\u00e4, kumpikin tekee erillisen kypsyysn\u00e4ytteen. Kummankin kypsyysn\u00e4ytteen on oltava hyv\u00e4ksytty ennen kuin opinn\u00e4ytety\u00f6t\u00e4 voi arvioida.<\/p>\n\n\n\n<p><\/p>\n\n\n\n<h2 class=\"wp-block-heading\">AMK-kypsyysn\u00e4yte<\/h2>\n\n\n\n<p>AMK-kypsyysn\u00e4yte kirjoitetaan valvotusti EXAM-tenttitilassa. Voit kirjoittaa kypsyysn\u00e4ytteen Jamkin Examstudiossa tai tenttivierailuna toisessa korkeakoulussa. Varaa aika <a href=\"https:\/\/exam.jamk.fi\">EXAM-j\u00e4rjestelm\u00e4ss\u00e4<\/a>, kun olet saanut ohjaajaltasi luvan. Kirjoitusaika on 2 tuntia. Kirjoitustilanteessa ei saa olla mukana oheismateriaalia.<\/p>\n\n\n\n<p><\/p>\n\n\n\n<h2 class=\"wp-block-heading\">Ylempi AMK -kypsyysn\u00e4yte<\/h2>\n\n\n\n<p>Sovi opinn\u00e4ytety\u00f6si p\u00e4\u00e4ohjaajan kanssa kypsyysn\u00e4ytteen kirjoittamisesta, sen ajankohdasta ja palauttamisesta.<\/p>\n\n\n\n<p>Kaikkiin suomalaisiin korkeakoulututkintoihin sis\u00e4ltyy kypsyysn\u00e4yte: Jos sinulla on aiempi suomen- (tai ruotsin)kielinen AMK-tai yliopistotutkinto, johon on sis\u00e4ltynyt kypsyysn\u00e4yte, voit kirjoittaa Jamkin kypsyysn\u00e4ytteen kotona Exam-j\u00e4rjestelm\u00e4n ulkopuolella. Palauta tiedosto pdf-muodossa Wihiin. Nime\u00e4 tiedosto: <em>kypsyysn\u00e4yte_Sukunimi_Etunimi_Ryhm\u00e4tunnus.pdf<\/em><\/p>\n\n\n\n<p>Jos sinulla ei ole aiempaa AMK- tai yliopistotutkintoa, johon on sis\u00e4ltynyt kypsyysn\u00e4yte, sinun pit\u00e4\u00e4 kirjoittaa kypsyysn\u00e4yte valvottuna EXAM-studiossa, joko Jamkin EXAM-studiossa tai tenttivierailuna toisessa korkeakoulussa. T\u00e4ll\u00f6in kirjoituskielen opettaja arvioi kypsyysn\u00e4ytteest\u00e4 my\u00f6s kielen. Kirjoitusaika on 2 tuntia.<\/p>\n\n\n\n<h2 class=\"wp-block-heading\">Arviointi<\/h2>\n\n\n\n<p>Kypsyysn\u00e4yte arvioidaan asteikolla hyv\u00e4ksytty \u2013 hyl\u00e4tty. Se on lain vaatima osoitus korkeakoulututkinnon suorittajan ammatillisesta kypsyydest\u00e4 ja erinomaisesta suomen kielen kirjoittamisen taidosta. AMK-opinn\u00e4ytteen kypsyysn\u00e4ytteest\u00e4 arvioidaan asiasis\u00e4lt\u00f6 (ohjaaja) ja kieli (kirjoituskielen opettaja). YAMK-opinn\u00e4ytteen kypsyysn\u00e4ytteen sis\u00e4ll\u00f6n ja kielen arvioi ohjaaja.  Hyv\u00e4ksytt\u00e4v\u00e4ss\u00e4 kypsyysn\u00e4ytteess\u00e4 pituuden on oltava ohjeen mukainen.<\/p>\n\n\n\n<p>Kypsyysn\u00e4ytteest\u00e4 arvioidaan&nbsp;<\/p>\n\n\n\n<ol class=\"wp-block-list\">\n<li>sis\u00e4lt\u00f6: tiedotteen yleistajuisuus, tiedotteessa opinn\u00e4ytety\u00f6n keskeiset tulokset ja hy\u00f6ty omalle alalle sek\u00e4 asiantunteva k\u00e4sittely&nbsp;<\/li>\n\n\n\n<li>kieli: tekstin itsen\u00e4isyys (tiedotteen sis\u00e4lt\u00f6 on ymm\u00e4rrett\u00e4viss\u00e4, vaikka lukija ei ole n\u00e4hnyt opinn\u00e4ytety\u00f6t\u00e4), k\u00e4sittelyn johdonmukaisuus (tiedotteen rakenne), hyv\u00e4 asiatyyli ja selostava ote sek\u00e4 virheet\u00f6n kieli ja oikeinkirjoitus.&nbsp;<\/li>\n<\/ol>\n\n\n\n<p>Kypsyysn\u00e4yte hyl\u00e4t\u00e4\u00e4n my\u00f6s, jos teksti on liian lyhyt, otsikko puuttuu tai teksti on kirjoitettu min\u00e4-muodossa.&nbsp;<\/p>\n\n\n\n<p><\/p>\n\n\n\n<p><em>P\u00e4ivitetty 19.8.2025<\/em>.<\/p>\n\n\n<div id=\"link-lifts-block_2a910088b68a6f39f8d9af33c7dde619\" class=\"link-lifts block-link-lifts\">\n  <div class=\"row\">\n      <\/div>\n<\/div>","protected":false},"excerpt":{"rendered":"<p>Kypsyysn\u00e4yte on lakis\u00e4\u00e4teinen korkeakoulututkinnon osa (asetus ammattikorkeakouluista 1129\/2014), ja osoitat sill\u00e4 perehtyneisyytt\u00e4 alaan sek\u00e4 suomen tai ruotsin kielen taitoa. Kypsyysn\u00e4yte kirjoitetaan koulusivistyskielell\u00e4 (suomi tai ruotsi). S\u00e4\u00e4d\u00f6ksiss\u00e4 mainittu koulusivistyskieli on peruskoulun tai lukion suorituskieli. Muulla kuin suomen tai ruotsin kielell\u00e4 tai ulkomailla koulusivistyksens\u00e4 saanut opiskelija voi halutessaan kirjoittaa kypsyysn\u00e4ytteen suomen tai ruotsin kielell\u00e4 tai h\u00e4n voi [&hellip;]<\/p>\n","protected":false},"author":79,"featured_media":0,"parent":0,"menu_order":9,"comment_status":"closed","ping_status":"closed","template":"","meta":{"_acf_changed":false,"_relevanssi_hide_post":"","_relevanssi_hide_content":"","_relevanssi_pin_for_all":"","_relevanssi_pin_keywords":"kypsyysn\u00e4yte","_relevanssi_unpin_keywords":"","_relevanssi_related_keywords":"","_relevanssi_related_include_ids":"","_relevanssi_related_exclude_ids":"","_relevanssi_related_no_append":"","_relevanssi_related_not_related":"","_relevanssi_related_posts":"","_relevanssi_noindex_reason":"","footnotes":""},"categories":[],"tags":[2162,2164,2166,2168],"class_list":["post-4207","page","type-page","status-publish","hentry","tag-koulusivistyskieli","tag-kypsyysnaytteen-kieli","tag-kypsari","tag-kypsarin-arviointi"],"acf":[],"yoast_head":"<!-- This site is optimized with the Yoast SEO plugin v27.3 - https:\/\/yoast.com\/product\/yoast-seo-wordpress\/ -->\n<title>9 Kypsyysn\u00e4yte - Opinn\u00e4ytety\u00f6<\/title>\n<meta name=\"robots\" content=\"index, follow, max-snippet:-1, max-image-preview:large, max-video-preview:-1\" \/>\n<link rel=\"canonical\" href=\"https:\/\/help.jamk.fi\/opinnaytetyo\/fi\/kypsyysnayte-osana-korkeakoulututkintoa\/\" \/>\n<meta property=\"og:locale\" content=\"fi_FI\" \/>\n<meta property=\"og:type\" content=\"article\" \/>\n<meta property=\"og:title\" content=\"9 Kypsyysn\u00e4yte - Opinn\u00e4ytety\u00f6\" \/>\n<meta property=\"og:description\" content=\"Kypsyysn\u00e4yte on lakis\u00e4\u00e4teinen korkeakoulututkinnon osa (asetus ammattikorkeakouluista 1129\/2014), ja osoitat sill\u00e4 perehtyneisyytt\u00e4 alaan sek\u00e4 suomen tai ruotsin kielen taitoa. Kypsyysn\u00e4yte kirjoitetaan koulusivistyskielell\u00e4 (suomi tai ruotsi). S\u00e4\u00e4d\u00f6ksiss\u00e4 mainittu koulusivistyskieli on peruskoulun tai lukion suorituskieli. Muulla kuin suomen tai ruotsin kielell\u00e4 tai ulkomailla koulusivistyksens\u00e4 saanut opiskelija voi halutessaan kirjoittaa kypsyysn\u00e4ytteen suomen tai ruotsin kielell\u00e4 tai h\u00e4n voi [&hellip;]\" \/>\n<meta property=\"og:url\" content=\"https:\/\/help.jamk.fi\/opinnaytetyo\/fi\/kypsyysnayte-osana-korkeakoulututkintoa\/\" \/>\n<meta property=\"og:site_name\" content=\"Opinn\u00e4ytety\u00f6\" \/>\n<meta property=\"article:modified_time\" content=\"2026-03-26T11:57:51+00:00\" \/>\n<meta name=\"twitter:card\" content=\"summary_large_image\" \/>\n<meta name=\"twitter:label1\" content=\"Arvioitu lukuaika\" \/>\n\t<meta name=\"twitter:data1\" content=\"3 minuuttia\" \/>\n<script type=\"application\/ld+json\" class=\"yoast-schema-graph\">{\"@context\":\"https:\\\/\\\/schema.org\",\"@graph\":[{\"@type\":\"WebPage\",\"@id\":\"https:\\\/\\\/help.jamk.fi\\\/opinnaytetyo\\\/fi\\\/kypsyysnayte-osana-korkeakoulututkintoa\\\/\",\"url\":\"https:\\\/\\\/help.jamk.fi\\\/opinnaytetyo\\\/fi\\\/kypsyysnayte-osana-korkeakoulututkintoa\\\/\",\"name\":\"9 Kypsyysn\u00e4yte - Opinn\u00e4ytety\u00f6\",\"isPartOf\":{\"@id\":\"https:\\\/\\\/help.jamk.fi\\\/opinnaytetyo\\\/#website\"},\"datePublished\":\"2023-11-24T09:32:46+00:00\",\"dateModified\":\"2026-03-26T11:57:51+00:00\",\"breadcrumb\":{\"@id\":\"https:\\\/\\\/help.jamk.fi\\\/opinnaytetyo\\\/fi\\\/kypsyysnayte-osana-korkeakoulututkintoa\\\/#breadcrumb\"},\"inLanguage\":\"fi\",\"potentialAction\":[{\"@type\":\"ReadAction\",\"target\":[\"https:\\\/\\\/help.jamk.fi\\\/opinnaytetyo\\\/fi\\\/kypsyysnayte-osana-korkeakoulututkintoa\\\/\"]}]},{\"@type\":\"BreadcrumbList\",\"@id\":\"https:\\\/\\\/help.jamk.fi\\\/opinnaytetyo\\\/fi\\\/kypsyysnayte-osana-korkeakoulututkintoa\\\/#breadcrumb\",\"itemListElement\":[{\"@type\":\"ListItem\",\"position\":1,\"name\":\"Etusivu\",\"item\":\"https:\\\/\\\/help.jamk.fi\\\/opinnaytetyo\\\/fi\\\/\"},{\"@type\":\"ListItem\",\"position\":2,\"name\":\"9 Kypsyysn\u00e4yte\"}]},{\"@type\":\"WebSite\",\"@id\":\"https:\\\/\\\/help.jamk.fi\\\/opinnaytetyo\\\/#website\",\"url\":\"https:\\\/\\\/help.jamk.fi\\\/opinnaytetyo\\\/\",\"name\":\"Opinn\u00e4ytety\u00f6\",\"description\":\"\",\"potentialAction\":[{\"@type\":\"SearchAction\",\"target\":{\"@type\":\"EntryPoint\",\"urlTemplate\":\"https:\\\/\\\/help.jamk.fi\\\/opinnaytetyo\\\/?s={search_term_string}\"},\"query-input\":{\"@type\":\"PropertyValueSpecification\",\"valueRequired\":true,\"valueName\":\"search_term_string\"}}],\"inLanguage\":\"fi\"}]}<\/script>\n<!-- \/ Yoast SEO plugin. -->","yoast_head_json":{"title":"9 Kypsyysn\u00e4yte - Opinn\u00e4ytety\u00f6","robots":{"index":"index","follow":"follow","max-snippet":"max-snippet:-1","max-image-preview":"max-image-preview:large","max-video-preview":"max-video-preview:-1"},"canonical":"https:\/\/help.jamk.fi\/opinnaytetyo\/fi\/kypsyysnayte-osana-korkeakoulututkintoa\/","og_locale":"fi_FI","og_type":"article","og_title":"9 Kypsyysn\u00e4yte - Opinn\u00e4ytety\u00f6","og_description":"Kypsyysn\u00e4yte on lakis\u00e4\u00e4teinen korkeakoulututkinnon osa (asetus ammattikorkeakouluista 1129\/2014), ja osoitat sill\u00e4 perehtyneisyytt\u00e4 alaan sek\u00e4 suomen tai ruotsin kielen taitoa. Kypsyysn\u00e4yte kirjoitetaan koulusivistyskielell\u00e4 (suomi tai ruotsi). S\u00e4\u00e4d\u00f6ksiss\u00e4 mainittu koulusivistyskieli on peruskoulun tai lukion suorituskieli. Muulla kuin suomen tai ruotsin kielell\u00e4 tai ulkomailla koulusivistyksens\u00e4 saanut opiskelija voi halutessaan kirjoittaa kypsyysn\u00e4ytteen suomen tai ruotsin kielell\u00e4 tai h\u00e4n voi [&hellip;]","og_url":"https:\/\/help.jamk.fi\/opinnaytetyo\/fi\/kypsyysnayte-osana-korkeakoulututkintoa\/","og_site_name":"Opinn\u00e4ytety\u00f6","article_modified_time":"2026-03-26T11:57:51+00:00","twitter_card":"summary_large_image","twitter_misc":{"Arvioitu lukuaika":"3 minuuttia"},"schema":{"@context":"https:\/\/schema.org","@graph":[{"@type":"WebPage","@id":"https:\/\/help.jamk.fi\/opinnaytetyo\/fi\/kypsyysnayte-osana-korkeakoulututkintoa\/","url":"https:\/\/help.jamk.fi\/opinnaytetyo\/fi\/kypsyysnayte-osana-korkeakoulututkintoa\/","name":"9 Kypsyysn\u00e4yte - Opinn\u00e4ytety\u00f6","isPartOf":{"@id":"https:\/\/help.jamk.fi\/opinnaytetyo\/#website"},"datePublished":"2023-11-24T09:32:46+00:00","dateModified":"2026-03-26T11:57:51+00:00","breadcrumb":{"@id":"https:\/\/help.jamk.fi\/opinnaytetyo\/fi\/kypsyysnayte-osana-korkeakoulututkintoa\/#breadcrumb"},"inLanguage":"fi","potentialAction":[{"@type":"ReadAction","target":["https:\/\/help.jamk.fi\/opinnaytetyo\/fi\/kypsyysnayte-osana-korkeakoulututkintoa\/"]}]},{"@type":"BreadcrumbList","@id":"https:\/\/help.jamk.fi\/opinnaytetyo\/fi\/kypsyysnayte-osana-korkeakoulututkintoa\/#breadcrumb","itemListElement":[{"@type":"ListItem","position":1,"name":"Etusivu","item":"https:\/\/help.jamk.fi\/opinnaytetyo\/fi\/"},{"@type":"ListItem","position":2,"name":"9 Kypsyysn\u00e4yte"}]},{"@type":"WebSite","@id":"https:\/\/help.jamk.fi\/opinnaytetyo\/#website","url":"https:\/\/help.jamk.fi\/opinnaytetyo\/","name":"Opinn\u00e4ytety\u00f6","description":"","potentialAction":[{"@type":"SearchAction","target":{"@type":"EntryPoint","urlTemplate":"https:\/\/help.jamk.fi\/opinnaytetyo\/?s={search_term_string}"},"query-input":{"@type":"PropertyValueSpecification","valueRequired":true,"valueName":"search_term_string"}}],"inLanguage":"fi"}]}},"_links":{"self":[{"href":"https:\/\/help.jamk.fi\/opinnaytetyo\/wp-json\/wp\/v2\/pages\/4207","targetHints":{"allow":["GET"]}}],"collection":[{"href":"https:\/\/help.jamk.fi\/opinnaytetyo\/wp-json\/wp\/v2\/pages"}],"about":[{"href":"https:\/\/help.jamk.fi\/opinnaytetyo\/wp-json\/wp\/v2\/types\/page"}],"author":[{"embeddable":true,"href":"https:\/\/help.jamk.fi\/opinnaytetyo\/wp-json\/wp\/v2\/users\/79"}],"replies":[{"embeddable":true,"href":"https:\/\/help.jamk.fi\/opinnaytetyo\/wp-json\/wp\/v2\/comments?post=4207"}],"version-history":[{"count":50,"href":"https:\/\/help.jamk.fi\/opinnaytetyo\/wp-json\/wp\/v2\/pages\/4207\/revisions"}],"predecessor-version":[{"id":6218,"href":"https:\/\/help.jamk.fi\/opinnaytetyo\/wp-json\/wp\/v2\/pages\/4207\/revisions\/6218"}],"wp:attachment":[{"href":"https:\/\/help.jamk.fi\/opinnaytetyo\/wp-json\/wp\/v2\/media?parent=4207"}],"wp:term":[{"taxonomy":"category","embeddable":true,"href":"https:\/\/help.jamk.fi\/opinnaytetyo\/wp-json\/wp\/v2\/categories?post=4207"},{"taxonomy":"post_tag","embeddable":true,"href":"https:\/\/help.jamk.fi\/opinnaytetyo\/wp-json\/wp\/v2\/tags?post=4207"}],"curies":[{"name":"wp","href":"https:\/\/api.w.org\/{rel}","templated":true}]}}