{"id":444,"date":"2020-08-21T09:46:05","date_gmt":"2020-08-21T06:46:05","guid":{"rendered":"https:\/\/help.jamk.fi\/opinnaytetyo\/lomakkeet\/"},"modified":"2026-03-26T13:58:50","modified_gmt":"2026-03-26T11:58:50","slug":"lomakkeet","status":"publish","type":"page","link":"https:\/\/help.jamk.fi\/opinnaytetyo\/fi\/lomakkeet\/","title":{"rendered":"Lomakkeet"},"content":{"rendered":"\n<h2 class=\"wp-block-heading\"><\/h2>\n\n\n\n<p>Tee opinn\u00e4ytety\u00f6n aihe-ehdotus Wihi-palveluun:<\/p>\n\n\n\n<p><a href=\"https:\/\/wihi.jamk.fi\">Wihi-palvelu (vaatii kirjautumisen)<\/a><\/p>\n\n\n\n<p>Lataa opinn\u00e4ytety\u00f6n m<a href=\"https:\/\/jamkstudent.sharepoint.com\/sites\/Assets\/OfficeTemplates\/Forms\/AllItems.aspx?id=%2Fsites%2FAssets%2FOfficeTemplates%2FOpiskelijat%20%2D%20Students&amp;viewid=b6cbf305%2D8d75%2D4fd4%2Db244%2D59e84ededcfd\">allipohja omalle koneelle Jamkin kuvat ja Office-templatet -sivulta<\/a>.<\/p>\n\n\n\n<p><a href=\"https:\/\/jamkstudent.sharepoint.com\/:w:\/r\/sites\/Assets\/OfficeTemplates\/Opiskelijat%20-%20Students\/Opinnaytetyosopimus.dotx?d=w61c639b59e0a45aaa59251c23745c0d0&amp;csf=1&amp;web=1&amp;e=gdzm4Q\">Sopimus opinn\u00e4ytety\u00f6st\u00e4 (dotx)<\/a><\/p>\n\n\n\n<p><a href=\"https:\/\/jamkstudent.sharepoint.com\/:w:\/r\/sites\/Assets\/OfficeTemplates\/Opiskelijat%20-%20Students\/Salassapitosopimus.dotx?d=w6f0f1bca5d7248bb9486f9a13e035450&amp;csf=1&amp;web=1&amp;e=5EyVJT\">Liite 1 Opinn\u00e4ytety\u00f6n liiteaineiston salassapitosopimus (dotx)<\/a><\/p>\n\n\n\n<p><a href=\"https:\/\/help.jamk.fi\/opinnaytetyo\/wp-content\/uploads\/sites\/114\/2025\/07\/Aineistonhallintasuunnitelmapohja_opinnaytetyo_Jamk_2025.docx\">Opinn\u00e4ytety\u00f6n aineistonhallintasuunnitelman pohja (docx)<\/a><\/p>\n\n\n\n<p><a href=\"https:\/\/link.webropolsurveys.com\/S\/0CCB5441B3D593F2\">Itsearviointi (Webropol-lomake)<\/a><\/p>\n\n\n\n<p><a href=\"https:\/\/help.jamk.fi\/opinnaytetyo\/wp-content\/uploads\/sites\/114\/2020\/06\/Lausunto_opinnaytetyosta_tyoelaman_ohjaaja.docx\">Toimeksiantajan lausunto opinn\u00e4ytety\u00f6st\u00e4 (docx)<\/a><\/p>\n\n\n\n<p><\/p>\n\n\n\n<h2 class=\"wp-block-heading\">Muut lomakkeet ja mallipohjat<\/h2>\n\n\n\n<p><a href=\"https:\/\/www.dmptuuli.fi\/\">Aineistonhallintasuunnitelma (DMPTuuli)<\/a><\/p>\n\n\n\n<p>Tutkimuksen eettinen ennakkoarviointi (YAMK) l\u00f6ytyy Jamkin eettiset periaatteet -sivustolta:<\/p>\n\n\n\n<p><a href=\"https:\/\/jamkstudent.sharepoint.com\/sites\/Eettiset-periaatteet-Elmo\">Jamkin eettiset periaatteet-sivusto: tutkimusetiikka opinn\u00e4ytety\u00f6ss\u00e4, eettinen ennakkoarviointi (Elmo-intra)<\/a><\/p>\n\n\n\n<p><a href=\"https:\/\/jamkstudent.sharepoint.com\/sites\/Tietosuoja-ja-tietoturva-Elmo\/SitePages\/Tietosuojan-ohje-opinn%C3%A4ytety%C3%B6n-tekij%C3%A4lle.aspx\">Tietosuoja (Elmo-intra)<\/a><\/p>\n\n\n\n<p><a href=\"https:\/\/www.jamk.fi\/fi\/tutkimus-ja-kehitys\/tutkimus\/tutkimuslupa\">Tutkimuslupa (jamk.fi)<\/a><\/p>\n\n\n\n<h3 class=\"wp-block-heading\"><\/h3>\n\n\n\n<h2 class=\"wp-block-heading\">Opinn\u00e4ytety\u00f6n ohjaaja<\/h2>\n\n\n\n<p>Opinn\u00e4ytety\u00f6n ohjaajan ohjesivu l\u00f6ytyy Elmo-intrasta. Sivustolta l\u00f6ytyy mm. ohjaajan ohjeet ja tietoa koulutuksista.<\/p>\n\n\n\n<p><a href=\"https:\/\/jamkstudent.sharepoint.com\/sites\/Opinnaytetyon-ohjaus-Elmo\" target=\"_blank\" rel=\"noreferrer noopener\">Opinn\u00e4ytety\u00f6n ohjaajan ohjesivusto (Elmo-intra)<\/a><\/p>\n\n\n\n<p><a href=\"https:\/\/help.jamk.fi\/opinnaytetyon-ohjaus\/fi\/\">Opinn\u00e4ytety\u00f6n ohjaajan k\u00e4sikirja on avoin oppimateriaali<\/a><\/p>\n\n\n\n<p><a href=\"https:\/\/help.jamk.fi\/opinnaytetyon-ohjaus\/fi\/wihi-ohjeet-ohjaajalle\/\">Wihi ohjeet ohjaajalle (Ohjaajan k\u00e4sikirjassa)<\/a><\/p>\n\n\n\n<p><a href=\"https:\/\/help.jamk.fi\/opinnaytetyon-ohjaus\/fi\/wihi-ohjeet-ohjaajalle\/\">Wihi ohjeet koordiaattorille (Ohjaajan k\u00e4sikirjassa)<\/a><\/p>\n\n\n\n<p><em>P\u00e4ivitetty 26.3.2026<\/em><\/p>\n\n\n\n<p><\/p>\n","protected":false},"excerpt":{"rendered":"<p>Tee opinn\u00e4ytety\u00f6n aihe-ehdotus Wihi-palveluun: Wihi-palvelu (vaatii kirjautumisen) Lataa opinn\u00e4ytety\u00f6n mallipohja omalle koneelle Jamkin kuvat ja Office-templatet -sivulta. Muut lomakkeet ja mallipohjat Aineistonhallintasuunnitelma (DMPTuuli) Tutkimuksen eettinen ennakkoarviointi (YAMK) l\u00f6ytyy Jamkin eettiset periaatteet -sivustolta: Jamkin eettiset periaatteet-sivusto: tutkimusetiikka opinn\u00e4ytety\u00f6ss\u00e4, eettinen ennakkoarviointi (Elmo-intra) Tietosuoja (Elmo-intra) Tutkimuslupa (jamk.fi) Opinn\u00e4ytety\u00f6n ohjaaja Opinn\u00e4ytety\u00f6n ohjaajan ohjesivu l\u00f6ytyy Elmo-intrasta. Sivustolta l\u00f6ytyy mm. ohjaajan [&hellip;]<\/p>\n","protected":false},"author":79,"featured_media":0,"parent":0,"menu_order":950,"comment_status":"closed","ping_status":"open","template":"","meta":{"_acf_changed":false,"_relevanssi_hide_post":"","_relevanssi_hide_content":"","_relevanssi_pin_for_all":"","_relevanssi_pin_keywords":"","_relevanssi_unpin_keywords":"","_relevanssi_related_keywords":"","_relevanssi_related_include_ids":"","_relevanssi_related_exclude_ids":"","_relevanssi_related_no_append":"","_relevanssi_related_not_related":"","_relevanssi_related_posts":"","_relevanssi_noindex_reason":"","footnotes":""},"categories":[1],"tags":[345,351,363,597,1164,1170,1176,1182,1194,1200,154,1188,369,627,1206],"class_list":["post-444","page","type-page","status-publish","hentry","category-yleinen","tag-aineistonhallintasuunnitelma","tag-dmptuuli","tag-hakemus","tag-lausunto","tag-lomakkeet","tag-mallipohja","tag-opinnaytetyosopimus","tag-raportoinnin-mallipohja","tag-salassapitosopimus","tag-selvitys-tiedonhankinnasta","tag-sopimus","tag-sahkoinen-asiointi","tag-tutkimuslupa","tag-tyoelaman-ohjaajan-lausunto","tag-vertaisarviointi"],"acf":[],"yoast_head":"<!-- This site is optimized with the Yoast SEO plugin v27.3 - https:\/\/yoast.com\/product\/yoast-seo-wordpress\/ -->\n<title>Lomakkeet - Opinn\u00e4ytety\u00f6<\/title>\n<meta name=\"robots\" content=\"index, follow, max-snippet:-1, max-image-preview:large, max-video-preview:-1\" \/>\n<link rel=\"canonical\" href=\"https:\/\/help.jamk.fi\/opinnaytetyo\/fi\/lomakkeet\/\" \/>\n<meta property=\"og:locale\" content=\"fi_FI\" \/>\n<meta property=\"og:type\" content=\"article\" \/>\n<meta property=\"og:title\" content=\"Lomakkeet - Opinn\u00e4ytety\u00f6\" \/>\n<meta property=\"og:description\" content=\"Tee opinn\u00e4ytety\u00f6n aihe-ehdotus Wihi-palveluun: Wihi-palvelu (vaatii kirjautumisen) Lataa opinn\u00e4ytety\u00f6n mallipohja omalle koneelle Jamkin kuvat ja Office-templatet -sivulta. Muut lomakkeet ja mallipohjat Aineistonhallintasuunnitelma (DMPTuuli) Tutkimuksen eettinen ennakkoarviointi (YAMK) l\u00f6ytyy Jamkin eettiset periaatteet -sivustolta: Jamkin eettiset periaatteet-sivusto: tutkimusetiikka opinn\u00e4ytety\u00f6ss\u00e4, eettinen ennakkoarviointi (Elmo-intra) Tietosuoja (Elmo-intra) Tutkimuslupa (jamk.fi) Opinn\u00e4ytety\u00f6n ohjaaja Opinn\u00e4ytety\u00f6n ohjaajan ohjesivu l\u00f6ytyy Elmo-intrasta. Sivustolta l\u00f6ytyy mm. ohjaajan [&hellip;]\" \/>\n<meta property=\"og:url\" content=\"https:\/\/help.jamk.fi\/opinnaytetyo\/fi\/lomakkeet\/\" \/>\n<meta property=\"og:site_name\" content=\"Opinn\u00e4ytety\u00f6\" \/>\n<meta property=\"article:modified_time\" content=\"2026-03-26T11:58:50+00:00\" \/>\n<meta name=\"twitter:card\" content=\"summary_large_image\" \/>\n<meta name=\"twitter:label1\" content=\"Arvioitu lukuaika\" \/>\n\t<meta name=\"twitter:data1\" content=\"1 minuutti\" \/>\n<script type=\"application\/ld+json\" class=\"yoast-schema-graph\">{\"@context\":\"https:\\\/\\\/schema.org\",\"@graph\":[{\"@type\":\"WebPage\",\"@id\":\"https:\\\/\\\/help.jamk.fi\\\/opinnaytetyo\\\/fi\\\/lomakkeet\\\/\",\"url\":\"https:\\\/\\\/help.jamk.fi\\\/opinnaytetyo\\\/fi\\\/lomakkeet\\\/\",\"name\":\"Lomakkeet - Opinn\u00e4ytety\u00f6\",\"isPartOf\":{\"@id\":\"https:\\\/\\\/help.jamk.fi\\\/opinnaytetyo\\\/#website\"},\"datePublished\":\"2020-08-21T06:46:05+00:00\",\"dateModified\":\"2026-03-26T11:58:50+00:00\",\"breadcrumb\":{\"@id\":\"https:\\\/\\\/help.jamk.fi\\\/opinnaytetyo\\\/fi\\\/lomakkeet\\\/#breadcrumb\"},\"inLanguage\":\"fi\",\"potentialAction\":[{\"@type\":\"ReadAction\",\"target\":[\"https:\\\/\\\/help.jamk.fi\\\/opinnaytetyo\\\/fi\\\/lomakkeet\\\/\"]}]},{\"@type\":\"BreadcrumbList\",\"@id\":\"https:\\\/\\\/help.jamk.fi\\\/opinnaytetyo\\\/fi\\\/lomakkeet\\\/#breadcrumb\",\"itemListElement\":[{\"@type\":\"ListItem\",\"position\":1,\"name\":\"Etusivu\",\"item\":\"https:\\\/\\\/help.jamk.fi\\\/opinnaytetyo\\\/fi\\\/\"},{\"@type\":\"ListItem\",\"position\":2,\"name\":\"Lomakkeet\"}]},{\"@type\":\"WebSite\",\"@id\":\"https:\\\/\\\/help.jamk.fi\\\/opinnaytetyo\\\/#website\",\"url\":\"https:\\\/\\\/help.jamk.fi\\\/opinnaytetyo\\\/\",\"name\":\"Opinn\u00e4ytety\u00f6\",\"description\":\"\",\"potentialAction\":[{\"@type\":\"SearchAction\",\"target\":{\"@type\":\"EntryPoint\",\"urlTemplate\":\"https:\\\/\\\/help.jamk.fi\\\/opinnaytetyo\\\/?s={search_term_string}\"},\"query-input\":{\"@type\":\"PropertyValueSpecification\",\"valueRequired\":true,\"valueName\":\"search_term_string\"}}],\"inLanguage\":\"fi\"}]}<\/script>\n<!-- \/ Yoast SEO plugin. -->","yoast_head_json":{"title":"Lomakkeet - Opinn\u00e4ytety\u00f6","robots":{"index":"index","follow":"follow","max-snippet":"max-snippet:-1","max-image-preview":"max-image-preview:large","max-video-preview":"max-video-preview:-1"},"canonical":"https:\/\/help.jamk.fi\/opinnaytetyo\/fi\/lomakkeet\/","og_locale":"fi_FI","og_type":"article","og_title":"Lomakkeet - Opinn\u00e4ytety\u00f6","og_description":"Tee opinn\u00e4ytety\u00f6n aihe-ehdotus Wihi-palveluun: Wihi-palvelu (vaatii kirjautumisen) Lataa opinn\u00e4ytety\u00f6n mallipohja omalle koneelle Jamkin kuvat ja Office-templatet -sivulta. Muut lomakkeet ja mallipohjat Aineistonhallintasuunnitelma (DMPTuuli) Tutkimuksen eettinen ennakkoarviointi (YAMK) l\u00f6ytyy Jamkin eettiset periaatteet -sivustolta: Jamkin eettiset periaatteet-sivusto: tutkimusetiikka opinn\u00e4ytety\u00f6ss\u00e4, eettinen ennakkoarviointi (Elmo-intra) Tietosuoja (Elmo-intra) Tutkimuslupa (jamk.fi) Opinn\u00e4ytety\u00f6n ohjaaja Opinn\u00e4ytety\u00f6n ohjaajan ohjesivu l\u00f6ytyy Elmo-intrasta. Sivustolta l\u00f6ytyy mm. ohjaajan [&hellip;]","og_url":"https:\/\/help.jamk.fi\/opinnaytetyo\/fi\/lomakkeet\/","og_site_name":"Opinn\u00e4ytety\u00f6","article_modified_time":"2026-03-26T11:58:50+00:00","twitter_card":"summary_large_image","twitter_misc":{"Arvioitu lukuaika":"1 minuutti"},"schema":{"@context":"https:\/\/schema.org","@graph":[{"@type":"WebPage","@id":"https:\/\/help.jamk.fi\/opinnaytetyo\/fi\/lomakkeet\/","url":"https:\/\/help.jamk.fi\/opinnaytetyo\/fi\/lomakkeet\/","name":"Lomakkeet - Opinn\u00e4ytety\u00f6","isPartOf":{"@id":"https:\/\/help.jamk.fi\/opinnaytetyo\/#website"},"datePublished":"2020-08-21T06:46:05+00:00","dateModified":"2026-03-26T11:58:50+00:00","breadcrumb":{"@id":"https:\/\/help.jamk.fi\/opinnaytetyo\/fi\/lomakkeet\/#breadcrumb"},"inLanguage":"fi","potentialAction":[{"@type":"ReadAction","target":["https:\/\/help.jamk.fi\/opinnaytetyo\/fi\/lomakkeet\/"]}]},{"@type":"BreadcrumbList","@id":"https:\/\/help.jamk.fi\/opinnaytetyo\/fi\/lomakkeet\/#breadcrumb","itemListElement":[{"@type":"ListItem","position":1,"name":"Etusivu","item":"https:\/\/help.jamk.fi\/opinnaytetyo\/fi\/"},{"@type":"ListItem","position":2,"name":"Lomakkeet"}]},{"@type":"WebSite","@id":"https:\/\/help.jamk.fi\/opinnaytetyo\/#website","url":"https:\/\/help.jamk.fi\/opinnaytetyo\/","name":"Opinn\u00e4ytety\u00f6","description":"","potentialAction":[{"@type":"SearchAction","target":{"@type":"EntryPoint","urlTemplate":"https:\/\/help.jamk.fi\/opinnaytetyo\/?s={search_term_string}"},"query-input":{"@type":"PropertyValueSpecification","valueRequired":true,"valueName":"search_term_string"}}],"inLanguage":"fi"}]}},"_links":{"self":[{"href":"https:\/\/help.jamk.fi\/opinnaytetyo\/wp-json\/wp\/v2\/pages\/444","targetHints":{"allow":["GET"]}}],"collection":[{"href":"https:\/\/help.jamk.fi\/opinnaytetyo\/wp-json\/wp\/v2\/pages"}],"about":[{"href":"https:\/\/help.jamk.fi\/opinnaytetyo\/wp-json\/wp\/v2\/types\/page"}],"author":[{"embeddable":true,"href":"https:\/\/help.jamk.fi\/opinnaytetyo\/wp-json\/wp\/v2\/users\/79"}],"replies":[{"embeddable":true,"href":"https:\/\/help.jamk.fi\/opinnaytetyo\/wp-json\/wp\/v2\/comments?post=444"}],"version-history":[{"count":14,"href":"https:\/\/help.jamk.fi\/opinnaytetyo\/wp-json\/wp\/v2\/pages\/444\/revisions"}],"predecessor-version":[{"id":6220,"href":"https:\/\/help.jamk.fi\/opinnaytetyo\/wp-json\/wp\/v2\/pages\/444\/revisions\/6220"}],"wp:attachment":[{"href":"https:\/\/help.jamk.fi\/opinnaytetyo\/wp-json\/wp\/v2\/media?parent=444"}],"wp:term":[{"taxonomy":"category","embeddable":true,"href":"https:\/\/help.jamk.fi\/opinnaytetyo\/wp-json\/wp\/v2\/categories?post=444"},{"taxonomy":"post_tag","embeddable":true,"href":"https:\/\/help.jamk.fi\/opinnaytetyo\/wp-json\/wp\/v2\/tags?post=444"}],"curies":[{"name":"wp","href":"https:\/\/api.w.org\/{rel}","templated":true}]}}