{"id":459,"date":"2021-04-21T09:28:49","date_gmt":"2021-04-21T06:28:49","guid":{"rendered":"https:\/\/help.jamk.fi\/opinnaytetyo\/arviointi\/"},"modified":"2025-05-15T10:37:48","modified_gmt":"2025-05-15T07:37:48","slug":"arviointi","status":"publish","type":"page","link":"https:\/\/help.jamk.fi\/opinnaytetyo\/fi\/arviointi\/","title":{"rendered":"10 Arviointi"},"content":{"rendered":"\n<h2 class=\"wp-block-heading\">Opinn\u00e4ytety\u00f6n arviointi<\/h2>\n\n\n\n<p><\/p>\n\n\n\n<p>Kun olet palauttanut opinn\u00e4ytety\u00f6si viimeisen version Wihin Plagioinnin tarkastukseen, ohjaaja tarkistaa tekstin samankaltaisuuden ja arvioi ty\u00f6si. <\/p>\n\n\n\n<p>Kirjallinen opinn\u00e4ytety\u00f6 arvioidaan asteikolla 0\u20135 Jamkin arviointikriteerien perusteella. P\u00e4\u00e4ohjaaja ja 2. tarkastaja antavat opinn\u00e4ytety\u00f6st\u00e4 yhteisen arviointilausunnon. Arvioinnissa huomioidaan my\u00f6s mahdollinen toimeksiantajan lausunto, jos se on arviointihetkell\u00e4 k\u00e4ytett\u00e4viss\u00e4. Kypsyysn\u00e4yte on oltava suoritettu (tai mahdollinen vapautushakemus pit\u00e4\u00e4 olla hyv\u00e4ksytty) ja itsearviointi on oltava palautettu ennen arviointia.<\/p>\n\n\n\n<p>Arvioinnin j\u00e4lkeen p\u00e4\u00e4ohjaaja hyv\u00e4ksyy Wihiss\u00e4 Opinn\u00e4ytety\u00f6n arviointi -vaiheen. <\/p>\n\n\n\n<p><\/p>\n\n\n\n<p><strong>Huomioithan, ett\u00e4 Wihiss\u00e4 tilana n\u00e4kyy &#8221;opinn\u00e4ytety\u00f6 on arvioitu&#8221; jo ennen kuin n\u00e4et arvioinnin. <\/strong><\/p>\n\n\n\n<p>Kun arviointilausunto on valmis, saat ohjaajaltasi luvan julkaista ty\u00f6si Theseuksessa. <\/p>\n\n\n\n<ul class=\"wp-block-list\">\n<li>Julkaise opinn\u00e4ytety\u00f6si tallentamalla se Theseukseen (katso ohje kohdasta11 Theseus-julkaisu). <strong>Huom. Odota lupa ohjaajalta ennen kuin julkaiset ty\u00f6si.<\/strong><\/li>\n\n\n\n<li>Tuo Theseuksesta opinn\u00e4ytety\u00f6n pysyv\u00e4 linkki Wihiin (katso ohje kohdasta 11 Theseus-julkaisu).<\/li>\n<\/ul>\n\n\n\n<p>Ohjaaja hyv\u00e4ksyy linkin ja arkistoi ty\u00f6si ja muut dokumentit. T\u00e4m\u00e4n j\u00e4lkeen voit ladata itsellesi arviointilausunnon Wihist\u00e4.<\/p>\n\n\n\n<h2 class=\"wp-block-heading\">Muutoksenhaku<\/h2>\n\n\n\n<p>Jos olet tyytym\u00e4t\u00f6n opinn\u00e4ytety\u00f6si arviointiin, voit hakea arvioinnin oikaisua. Tee opinn\u00e4ytety\u00f6n arvosanan suullinen tai kirjallinen oikaisupyynt\u00f6 opinn\u00e4ytety\u00f6n p\u00e4\u00e4ohjaajalle viimeist\u00e4\u00e4n 14 p\u00e4iv\u00e4n kuluessa siit\u00e4, kun olet saanut arvosanan. <\/p>\n\n\n\n<p>Mik\u00e4li arvioitsijat eiv\u00e4t ole p\u00e4\u00e4tyneet yksimieliseen arviointip\u00e4\u00e4t\u00f6kseen, arviointip\u00e4\u00e4t\u00f6ksen tekee yksik\u00f6n AMK-opinn\u00e4ytety\u00f6ryhm\u00e4 tai Jamkin YAMK-opinn\u00e4ytety\u00f6ryhm\u00e4. T\u00e4ll\u00f6in oikaisupyynt\u00f6 osoitetaan opinn\u00e4ytety\u00f6ryhm\u00e4n puheenjohtajalle.<\/p>\n\n\n\n<p>Jos olet tyytym\u00e4t\u00f6n oikaisupyynn\u00f6n arviointip\u00e4\u00e4t\u00f6kseen, voit hakea edelleen oikaisua tutkintolautakunnalta. Oikaisu tulee tehd\u00e4 14 p\u00e4iv\u00e4n kuluessa siit\u00e4, kun olet saanut oikaisupyynt\u00f6\u00f6si kirjallisen p\u00e4\u00e4t\u00f6ksen. Osoita oikaisupyynt\u00f6 liitteineen tutkintolautakunnalle.<\/p>\n\n\n\n<p>Et voi tehd\u00e4 oikaisupyynt\u00f6\u00e4 en\u00e4\u00e4 tutkintotodistushakemuksen j\u00e4tt\u00e4misen j\u00e4lkeen etk\u00e4 sen j\u00e4lkeen, kun olet saanut tutkintotodistuksen. <\/p>\n\n\n\n<p>Hae oikaisupyynt\u00f6\u00e4 S\u00e4hk\u00f6inen asiointi -sivulta l\u00f6ytyv\u00e4ll\u00e4 lomakkeella (S\u00e4hk\u00f6iset hakemukset ja lomakkeet &gt; Arvioinnin oikaisupyynt\u00f6 opettajalle tai opinn\u00e4ytety\u00f6ryhm\u00e4lle).<\/p>\n\n\n\n<h2 class=\"wp-block-heading\">Arviointikriteerit<\/h2>\n\n\n\n<p><a href=\"https:\/\/help.jamk.fi\/opinnaytetyo\/fi\/opinnaytetyo\/arviointikriteerit\/\">1.3 Arviointikriteerit<\/a><\/p>\n\n\n<div id=\"link-lifts-block_23bac7ab15628bc661d0e7a54ed6423e\" class=\"link-lifts block-link-lifts\">\n  <div class=\"row\">\n      <\/div>\n<\/div>","protected":false},"excerpt":{"rendered":"<p>Opinn\u00e4ytety\u00f6n arviointi Kun olet palauttanut opinn\u00e4ytety\u00f6si viimeisen version Wihin Plagioinnin tarkastukseen, ohjaaja tarkistaa tekstin samankaltaisuuden ja arvioi ty\u00f6si. Kirjallinen opinn\u00e4ytety\u00f6 arvioidaan asteikolla 0\u20135 Jamkin arviointikriteerien perusteella. P\u00e4\u00e4ohjaaja ja 2. tarkastaja antavat opinn\u00e4ytety\u00f6st\u00e4 yhteisen arviointilausunnon. Arvioinnissa huomioidaan my\u00f6s mahdollinen toimeksiantajan lausunto, jos se on arviointihetkell\u00e4 k\u00e4ytett\u00e4viss\u00e4. Kypsyysn\u00e4yte on oltava suoritettu (tai mahdollinen vapautushakemus pit\u00e4\u00e4 olla hyv\u00e4ksytty) [&hellip;]<\/p>\n","protected":false},"author":79,"featured_media":0,"parent":0,"menu_order":500,"comment_status":"closed","ping_status":"closed","template":"","meta":{"_acf_changed":false,"_relevanssi_hide_post":"","_relevanssi_hide_content":"","_relevanssi_pin_for_all":"","_relevanssi_pin_keywords":"","_relevanssi_unpin_keywords":"","_relevanssi_related_keywords":"","_relevanssi_related_include_ids":"","_relevanssi_related_exclude_ids":"","_relevanssi_related_no_append":"","_relevanssi_related_not_related":"","_relevanssi_related_posts":"","_relevanssi_noindex_reason":"","footnotes":""},"categories":[1],"tags":[417,633,327,1242,645],"class_list":["post-459","page","type-page","status-publish","hentry","category-yleinen","tag-arviointi","tag-arviointikokous","tag-arviointikriteerit","tag-muutoksenhaku","tag-opinnaytetyoryhma"],"acf":[],"yoast_head":"<!-- This site is optimized with the Yoast SEO plugin v27.4 - https:\/\/yoast.com\/product\/yoast-seo-wordpress\/ -->\n<title>10 Arviointi - Opinn\u00e4ytety\u00f6<\/title>\n<meta name=\"robots\" content=\"index, follow, max-snippet:-1, max-image-preview:large, max-video-preview:-1\" \/>\n<link rel=\"canonical\" href=\"https:\/\/help.jamk.fi\/opinnaytetyo\/fi\/arviointi\/\" \/>\n<meta property=\"og:locale\" content=\"fi_FI\" \/>\n<meta property=\"og:type\" content=\"article\" \/>\n<meta property=\"og:title\" content=\"10 Arviointi - Opinn\u00e4ytety\u00f6\" \/>\n<meta property=\"og:description\" content=\"Opinn\u00e4ytety\u00f6n arviointi Kun olet palauttanut opinn\u00e4ytety\u00f6si viimeisen version Wihin Plagioinnin tarkastukseen, ohjaaja tarkistaa tekstin samankaltaisuuden ja arvioi ty\u00f6si. Kirjallinen opinn\u00e4ytety\u00f6 arvioidaan asteikolla 0\u20135 Jamkin arviointikriteerien perusteella. P\u00e4\u00e4ohjaaja ja 2. tarkastaja antavat opinn\u00e4ytety\u00f6st\u00e4 yhteisen arviointilausunnon. Arvioinnissa huomioidaan my\u00f6s mahdollinen toimeksiantajan lausunto, jos se on arviointihetkell\u00e4 k\u00e4ytett\u00e4viss\u00e4. Kypsyysn\u00e4yte on oltava suoritettu (tai mahdollinen vapautushakemus pit\u00e4\u00e4 olla hyv\u00e4ksytty) [&hellip;]\" \/>\n<meta property=\"og:url\" content=\"https:\/\/help.jamk.fi\/opinnaytetyo\/fi\/arviointi\/\" \/>\n<meta property=\"og:site_name\" content=\"Opinn\u00e4ytety\u00f6\" \/>\n<meta property=\"article:modified_time\" content=\"2025-05-15T07:37:48+00:00\" \/>\n<meta name=\"twitter:card\" content=\"summary_large_image\" \/>\n<meta name=\"twitter:label1\" content=\"Arvioitu lukuaika\" \/>\n\t<meta name=\"twitter:data1\" content=\"2 minuuttia\" \/>\n<script type=\"application\/ld+json\" class=\"yoast-schema-graph\">{\"@context\":\"https:\\\/\\\/schema.org\",\"@graph\":[{\"@type\":\"WebPage\",\"@id\":\"https:\\\/\\\/help.jamk.fi\\\/opinnaytetyo\\\/fi\\\/arviointi\\\/\",\"url\":\"https:\\\/\\\/help.jamk.fi\\\/opinnaytetyo\\\/fi\\\/arviointi\\\/\",\"name\":\"10 Arviointi - Opinn\u00e4ytety\u00f6\",\"isPartOf\":{\"@id\":\"https:\\\/\\\/help.jamk.fi\\\/opinnaytetyo\\\/#website\"},\"datePublished\":\"2021-04-21T06:28:49+00:00\",\"dateModified\":\"2025-05-15T07:37:48+00:00\",\"breadcrumb\":{\"@id\":\"https:\\\/\\\/help.jamk.fi\\\/opinnaytetyo\\\/fi\\\/arviointi\\\/#breadcrumb\"},\"inLanguage\":\"fi\",\"potentialAction\":[{\"@type\":\"ReadAction\",\"target\":[\"https:\\\/\\\/help.jamk.fi\\\/opinnaytetyo\\\/fi\\\/arviointi\\\/\"]}]},{\"@type\":\"BreadcrumbList\",\"@id\":\"https:\\\/\\\/help.jamk.fi\\\/opinnaytetyo\\\/fi\\\/arviointi\\\/#breadcrumb\",\"itemListElement\":[{\"@type\":\"ListItem\",\"position\":1,\"name\":\"Etusivu\",\"item\":\"https:\\\/\\\/help.jamk.fi\\\/opinnaytetyo\\\/fi\\\/\"},{\"@type\":\"ListItem\",\"position\":2,\"name\":\"10 Arviointi\"}]},{\"@type\":\"WebSite\",\"@id\":\"https:\\\/\\\/help.jamk.fi\\\/opinnaytetyo\\\/#website\",\"url\":\"https:\\\/\\\/help.jamk.fi\\\/opinnaytetyo\\\/\",\"name\":\"Opinn\u00e4ytety\u00f6\",\"description\":\"\",\"potentialAction\":[{\"@type\":\"SearchAction\",\"target\":{\"@type\":\"EntryPoint\",\"urlTemplate\":\"https:\\\/\\\/help.jamk.fi\\\/opinnaytetyo\\\/?s={search_term_string}\"},\"query-input\":{\"@type\":\"PropertyValueSpecification\",\"valueRequired\":true,\"valueName\":\"search_term_string\"}}],\"inLanguage\":\"fi\"}]}<\/script>\n<!-- \/ Yoast SEO plugin. -->","yoast_head_json":{"title":"10 Arviointi - Opinn\u00e4ytety\u00f6","robots":{"index":"index","follow":"follow","max-snippet":"max-snippet:-1","max-image-preview":"max-image-preview:large","max-video-preview":"max-video-preview:-1"},"canonical":"https:\/\/help.jamk.fi\/opinnaytetyo\/fi\/arviointi\/","og_locale":"fi_FI","og_type":"article","og_title":"10 Arviointi - Opinn\u00e4ytety\u00f6","og_description":"Opinn\u00e4ytety\u00f6n arviointi Kun olet palauttanut opinn\u00e4ytety\u00f6si viimeisen version Wihin Plagioinnin tarkastukseen, ohjaaja tarkistaa tekstin samankaltaisuuden ja arvioi ty\u00f6si. Kirjallinen opinn\u00e4ytety\u00f6 arvioidaan asteikolla 0\u20135 Jamkin arviointikriteerien perusteella. P\u00e4\u00e4ohjaaja ja 2. tarkastaja antavat opinn\u00e4ytety\u00f6st\u00e4 yhteisen arviointilausunnon. Arvioinnissa huomioidaan my\u00f6s mahdollinen toimeksiantajan lausunto, jos se on arviointihetkell\u00e4 k\u00e4ytett\u00e4viss\u00e4. Kypsyysn\u00e4yte on oltava suoritettu (tai mahdollinen vapautushakemus pit\u00e4\u00e4 olla hyv\u00e4ksytty) [&hellip;]","og_url":"https:\/\/help.jamk.fi\/opinnaytetyo\/fi\/arviointi\/","og_site_name":"Opinn\u00e4ytety\u00f6","article_modified_time":"2025-05-15T07:37:48+00:00","twitter_card":"summary_large_image","twitter_misc":{"Arvioitu lukuaika":"2 minuuttia"},"schema":{"@context":"https:\/\/schema.org","@graph":[{"@type":"WebPage","@id":"https:\/\/help.jamk.fi\/opinnaytetyo\/fi\/arviointi\/","url":"https:\/\/help.jamk.fi\/opinnaytetyo\/fi\/arviointi\/","name":"10 Arviointi - Opinn\u00e4ytety\u00f6","isPartOf":{"@id":"https:\/\/help.jamk.fi\/opinnaytetyo\/#website"},"datePublished":"2021-04-21T06:28:49+00:00","dateModified":"2025-05-15T07:37:48+00:00","breadcrumb":{"@id":"https:\/\/help.jamk.fi\/opinnaytetyo\/fi\/arviointi\/#breadcrumb"},"inLanguage":"fi","potentialAction":[{"@type":"ReadAction","target":["https:\/\/help.jamk.fi\/opinnaytetyo\/fi\/arviointi\/"]}]},{"@type":"BreadcrumbList","@id":"https:\/\/help.jamk.fi\/opinnaytetyo\/fi\/arviointi\/#breadcrumb","itemListElement":[{"@type":"ListItem","position":1,"name":"Etusivu","item":"https:\/\/help.jamk.fi\/opinnaytetyo\/fi\/"},{"@type":"ListItem","position":2,"name":"10 Arviointi"}]},{"@type":"WebSite","@id":"https:\/\/help.jamk.fi\/opinnaytetyo\/#website","url":"https:\/\/help.jamk.fi\/opinnaytetyo\/","name":"Opinn\u00e4ytety\u00f6","description":"","potentialAction":[{"@type":"SearchAction","target":{"@type":"EntryPoint","urlTemplate":"https:\/\/help.jamk.fi\/opinnaytetyo\/?s={search_term_string}"},"query-input":{"@type":"PropertyValueSpecification","valueRequired":true,"valueName":"search_term_string"}}],"inLanguage":"fi"}]}},"_links":{"self":[{"href":"https:\/\/help.jamk.fi\/opinnaytetyo\/wp-json\/wp\/v2\/pages\/459","targetHints":{"allow":["GET"]}}],"collection":[{"href":"https:\/\/help.jamk.fi\/opinnaytetyo\/wp-json\/wp\/v2\/pages"}],"about":[{"href":"https:\/\/help.jamk.fi\/opinnaytetyo\/wp-json\/wp\/v2\/types\/page"}],"author":[{"embeddable":true,"href":"https:\/\/help.jamk.fi\/opinnaytetyo\/wp-json\/wp\/v2\/users\/79"}],"replies":[{"embeddable":true,"href":"https:\/\/help.jamk.fi\/opinnaytetyo\/wp-json\/wp\/v2\/comments?post=459"}],"version-history":[{"count":21,"href":"https:\/\/help.jamk.fi\/opinnaytetyo\/wp-json\/wp\/v2\/pages\/459\/revisions"}],"predecessor-version":[{"id":5912,"href":"https:\/\/help.jamk.fi\/opinnaytetyo\/wp-json\/wp\/v2\/pages\/459\/revisions\/5912"}],"wp:attachment":[{"href":"https:\/\/help.jamk.fi\/opinnaytetyo\/wp-json\/wp\/v2\/media?parent=459"}],"wp:term":[{"taxonomy":"category","embeddable":true,"href":"https:\/\/help.jamk.fi\/opinnaytetyo\/wp-json\/wp\/v2\/categories?post=459"},{"taxonomy":"post_tag","embeddable":true,"href":"https:\/\/help.jamk.fi\/opinnaytetyo\/wp-json\/wp\/v2\/tags?post=459"}],"curies":[{"name":"wp","href":"https:\/\/api.w.org\/{rel}","templated":true}]}}