{"id":483,"date":"2021-04-28T07:38:19","date_gmt":"2021-04-28T04:38:19","guid":{"rendered":"https:\/\/help.jamk.fi\/opinnaytetyo\/opinnaytetyon-aloittamista-edeltavat-tehtavat\/aihe-ehdotus\/"},"modified":"2025-04-16T17:38:29","modified_gmt":"2025-04-16T14:38:29","slug":"aihe-ehdotus","status":"publish","type":"page","link":"https:\/\/help.jamk.fi\/opinnaytetyo\/fi\/aihe-ehdotus\/","title":{"rendered":"4 Aihe-ehdotus"},"content":{"rendered":"\n<p>Tutustu opinn\u00e4ytety\u00f6n eri vaiheisiin ja teht\u00e4viin <\/p>\n\n\n\n<ul class=\"wp-block-list\">\n<li><a href=\"https:\/\/help.jamk.fi\/opinnaytetyo\/fi\/opinnaytetyo\/\">Opinn\u00e4ytety\u00f6 -sivulta<\/a> sek\u00e4 erikseen <\/li>\n\n\n\n<li><a href=\"https:\/\/help.jamk.fi\/opinnaytetyo\/fi\/opinnaytetyo\/amk-opinnaytetyo\/\">AMK-opinn\u00e4ytety\u00f6h\u00f6n<\/a> tai<\/li>\n\n\n\n<li><a href=\"https:\/\/help.jamk.fi\/opinnaytetyo\/fi\/opinnaytetyo\/yamk-opinnaytetyo\/\">YAMK-opinn\u00e4ytety\u00f6h\u00f6n<\/a>.<\/li>\n<\/ul>\n\n\n\n<p>Aloita opinn\u00e4ytety\u00f6 tekem\u00e4ll\u00e4 aihe-ehdotus Wihi-palvelussa. Tutustu Wihin k\u00e4ytt\u00f6\u00f6n luvussa <a href=\"https:\/\/help.jamk.fi\/opinnaytetyo\/fi\/opinnaytetyoprojekti\/opinnaytetyon-projektointi-wihissa-projektisuunnitelma\/\">Wihi opinn\u00e4ytety\u00f6n ty\u00f6kaluna<\/a>.<\/p>\n\n\n\n<h2 class=\"wp-block-heading\">Tee aihe-ehdotus Wihiss\u00e4<\/h2>\n\n\n\n<ol class=\"wp-block-list\">\n<li>Kirjaudu <a href=\"https:\/\/wihi.jamk.fi\">Wihiin (wihi.jamk.fi)<\/a> Jamkin s\u00e4hk\u00f6postiosoitteella ja salasanalla. <br>Wihin etusivulla klikkaa <strong>Luo aihe-ehdotus<\/strong> -painiketta (kuvio 1).<\/li>\n<\/ol>\n\n\n\n<figure class=\"wp-block-image size-full\"><img loading=\"lazy\" decoding=\"async\" width=\"1598\" height=\"290\" src=\"https:\/\/help.jamk.fi\/opinnaytetyo\/wp-content\/uploads\/sites\/114\/2021\/04\/Opiskelija-luo-aihe-ehdotuksen.png\" alt=\"Luo aihe-ehdotus -painike Wihin opiskelijan ty\u00f6p\u00f6yd\u00e4ll\u00e4\" class=\"wp-image-1640\"\/><figcaption class=\"wp-element-caption\">Kuvio 1. Luo aihe-ehdotus -painike Wihiss\u00e4<\/figcaption><\/figure>\n\n\n\n<p><br>2. T\u00e4yt\u00e4 aukeavan lomakkeen tiedot.<\/p>\n\n\n\n<ul class=\"wp-block-list\">\n<li>Ryhm\u00e4n j\u00e4senet:\n<ul class=\"wp-block-list\">\n<li>Jos teet opinn\u00e4ytety\u00f6t\u00e4 yhdess\u00e4 toisen tai useamman opiskelijan kanssa, kutsu muut opiskelijat mukaan (kuvio 2). <\/li>\n<\/ul>\n<\/li>\n<\/ul>\n\n\n\n<figure class=\"wp-block-image size-full\"><img loading=\"lazy\" decoding=\"async\" width=\"824\" height=\"621\" src=\"https:\/\/help.jamk.fi\/opinnaytetyo\/wp-content\/uploads\/sites\/114\/2024\/01\/Aihe-ehdotus-1.png\" alt=\"Opinn\u00e4ytety\u00f6n aihe-ehdotus, perustiedot\" class=\"wp-image-4473\" srcset=\"https:\/\/help.jamk.fi\/opinnaytetyo\/wp-content\/uploads\/sites\/114\/2024\/01\/Aihe-ehdotus-1.png 824w, https:\/\/help.jamk.fi\/opinnaytetyo\/wp-content\/uploads\/sites\/114\/2024\/01\/Aihe-ehdotus-1-300x226.png 300w, https:\/\/help.jamk.fi\/opinnaytetyo\/wp-content\/uploads\/sites\/114\/2024\/01\/Aihe-ehdotus-1-768x579.png 768w\" sizes=\"auto, (max-width: 824px) 100vw, 824px\" \/><figcaption class=\"wp-element-caption\">Kuvio 2. Ryhm\u00e4n j\u00e4senet ja opinn\u00e4ytety\u00f6n tiedot aihe-ehdotus -lomakkeella<\/figcaption><\/figure>\n\n\n\n<p><\/p>\n\n\n\n<ul class=\"wp-block-list\">\n<li>Opinn\u00e4ytety\u00f6n tiedot:\n<ul class=\"wp-block-list\">\n<li>T\u00e4yt\u00e4 Nimi-kohtaan alustava opinn\u00e4ytety\u00f6n nimi suomeksi ja englanniksi (<strong>HUOM. englanninkieliss\u00e4 t\u00f6iss\u00e4 molempiin kenttiin nimi englanniksi<\/strong>).<\/li>\n\n\n\n<li>Suuntautumisvaihtoehto on tutkinto-ohjelmasi opintopolku (esim. liiketalouden tutkinto-ohjelmassa Markkinointi) tai laajempi opinn\u00e4ytety\u00f6si&nbsp;aihe-alue (esim.&nbsp;Ik\u00e4\u00e4ntyneet, Laadunhallinta, Energiateollisuus). Jos tutkinnossasi ei ole t\u00e4llaisia,&nbsp;j\u00e4t\u00e4 t\u00e4m\u00e4 tyhj\u00e4ksi.<\/li>\n\n\n\n<li>Opinn\u00e4ytety\u00f6n suunniteltu aloitus- ja lopetusp\u00e4iv\u00e4m\u00e4\u00e4r\u00e4&nbsp;<\/li>\n\n\n\n<li>Valitse opinn\u00e4ytety\u00f6n tyyppi alasvetovalikosta (AMK tai YAMK -opinn\u00e4ytety\u00f6).<\/li>\n\n\n\n<li>Ohjausaikatoive: Halutessasi voit ehdottaa ohjausaikatoivetta.<\/li>\n<\/ul>\n<\/li>\n<\/ul>\n\n\n\n<ul class=\"wp-block-list\">\n<li>Katso ohjeet lomakkeen t\u00e4ytt\u00e4miseen alla olevista kuvioista (kuviot 3 ja 4). T\u00e4yt\u00e4 lomake huolellisesti ja kirjoita mieluummin liikaa kuin liian v\u00e4h\u00e4n. <br>Tavoitteesi on vakuuttaa lukija siit\u00e4, ett\u00e4 tied\u00e4t mit\u00e4 olet tekem\u00e4ss\u00e4.<br><\/li>\n<\/ul>\n\n\n\n<figure class=\"wp-block-image size-large\"><img loading=\"lazy\" decoding=\"async\" width=\"1003\" height=\"720\" src=\"https:\/\/help.jamk.fi\/opinnaytetyo\/wp-content\/uploads\/sites\/114\/2021\/04\/Aihe-ehdotus2.png\" alt=\"Ty\u00f6n sis\u00e4ll\u00f6n ja tulosten merkitt\u00e4vyyden kuvaaminen aihe-ehdotus -lomakkeella\" class=\"wp-image-1642\"\/><\/figure>\n\n\n\n<p>Kuvio 3. Ty\u00f6n sis\u00e4ll\u00f6n ja tulosten merkitt\u00e4vyyden kuvaaminen aihe-ehdotus -lomakkeella<\/p>\n\n\n\n<figure class=\"wp-block-image size-large\"><img loading=\"lazy\" decoding=\"async\" width=\"1009\" height=\"696\" src=\"https:\/\/help.jamk.fi\/opinnaytetyo\/wp-content\/uploads\/sites\/114\/2021\/04\/Aihe-ehdotus3.png\" alt=\"Suunnitellun ty\u00f6v\u00e4lineist\u00f6n ja ty\u00f6menetelmien kuvaaminen aihe-ehdotus -lomakkeella\" class=\"wp-image-1643\"\/><\/figure>\n\n\n\n<p>Kuvio 4. Suunnitellun ty\u00f6v\u00e4lineist\u00f6n ja ty\u00f6menetelmien kuvaaminen aihe-ehdotus -lomakkeella<\/p>\n\n\n\n<p><\/p>\n\n\n\n<ul class=\"wp-block-list\">\n<li>Jos opinn\u00e4ytety\u00f6ll\u00e4 on toimeksiantaja, t\u00e4yt\u00e4 nimi ja yhteystiedot kenttiin (kuvio 5).<\/li>\n\n\n\n<li>Kuvaa Valmiudet-kentt\u00e4\u00e4n kuviossa 5 n\u00e4kyvi\u00e4 asioita.<\/li>\n\n\n\n<li>Sitoudu ty\u00f6ss\u00e4si noudattamaan hyv\u00e4\u00e4 tieteellist\u00e4 k\u00e4yt\u00e4nt\u00f6\u00e4 ja lupaat, ett\u00e4 tekstit voidaan tarkistaa tekstin samankaltaisuuden tarkistusohjelmalla. <\/li>\n\n\n\n<li><strong>Lopuksi paina L\u00e4het\u00e4-painiketta. <\/strong>Voit my\u00f6s tallentaa aihe-ehdotuksen luonnoksena ja jatkaa sen ty\u00f6st\u00e4mist\u00e4 my\u00f6hemmin.<\/li>\n<\/ul>\n\n\n\n<figure class=\"wp-block-image size-full\"><img loading=\"lazy\" decoding=\"async\" width=\"1074\" height=\"982\" src=\"https:\/\/help.jamk.fi\/opinnaytetyo\/wp-content\/uploads\/sites\/114\/2021\/04\/Aihe-ehdotus4.png\" alt=\"Toimeksiantajan tiedot ja valmiudet aihe-ehdotus -lomakkeella\" class=\"wp-image-1644\"\/><figcaption class=\"wp-element-caption\">Kuvio 5. Toimeksiantajan tiedot ja valmiudet aihe-ehdotus -lomakkeella<\/figcaption><\/figure>\n\n\n\n<p><\/p>\n\n\n\n<p>Tutkinto-ohjelmasi vastaava (Wihin koordinaattori) katsoo l\u00e4pi aihe-ehdotukset. H\u00e4n saattaa pyyt\u00e4\u00e4 tarkennuksia ennen aiheen hyv\u00e4ksymist\u00e4. Saat siit\u00e4 viestin Wihiin ja Jamkin s\u00e4hk\u00f6postiin. Koordinaattori nime\u00e4\u00e4 ty\u00f6llesi p\u00e4\u00e4ohjaajan. Opinn\u00e4ytety\u00f6projektin alkun\u00e4kym\u00e4 avautuu (kuvio 6).<\/p>\n\n\n\n<figure class=\"wp-block-image size-full\"><img loading=\"lazy\" decoding=\"async\" width=\"2532\" height=\"1078\" src=\"https:\/\/help.jamk.fi\/opinnaytetyo\/wp-content\/uploads\/sites\/114\/2021\/04\/Opiskelijan-prosessi-alkaa.png\" alt=\"Wihin alkun\u00e4kym\u00e4 opiskelijan ty\u00f6p\u00f6yd\u00e4ll\u00e4\" class=\"wp-image-1645\"\/><figcaption class=\"wp-element-caption\">Kuvio 6. Opiskelijan opinn\u00e4ytety\u00f6n tekeminen alkaa<\/figcaption><\/figure>\n\n\n\n<p><\/p>\n\n\n\n<p>&nbsp;<\/p>\n\n\n\n<p>P\u00e4ivitetty 7.4.2025<\/p>\n","protected":false},"excerpt":{"rendered":"<p>Tutustu opinn\u00e4ytety\u00f6n eri vaiheisiin ja teht\u00e4viin Aloita opinn\u00e4ytety\u00f6 tekem\u00e4ll\u00e4 aihe-ehdotus Wihi-palvelussa. Tutustu Wihin k\u00e4ytt\u00f6\u00f6n luvussa Wihi opinn\u00e4ytety\u00f6n ty\u00f6kaluna. Tee aihe-ehdotus Wihiss\u00e4 2. T\u00e4yt\u00e4 aukeavan lomakkeen tiedot. Kuvio 3. Ty\u00f6n sis\u00e4ll\u00f6n ja tulosten merkitt\u00e4vyyden kuvaaminen aihe-ehdotus -lomakkeella Kuvio 4. Suunnitellun ty\u00f6v\u00e4lineist\u00f6n ja ty\u00f6menetelmien kuvaaminen aihe-ehdotus -lomakkeella Tutkinto-ohjelmasi vastaava (Wihin koordinaattori) katsoo l\u00e4pi aihe-ehdotukset. H\u00e4n saattaa pyyt\u00e4\u00e4 [&hellip;]<\/p>\n","protected":false},"author":79,"featured_media":0,"parent":0,"menu_order":4,"comment_status":"closed","ping_status":"closed","template":"","meta":{"_acf_changed":false,"_relevanssi_hide_post":"","_relevanssi_hide_content":"","_relevanssi_pin_for_all":"","_relevanssi_pin_keywords":"","_relevanssi_unpin_keywords":"","_relevanssi_related_keywords":"","_relevanssi_related_include_ids":"","_relevanssi_related_exclude_ids":"","_relevanssi_related_no_append":"","_relevanssi_related_not_related":"","_relevanssi_related_posts":"","_relevanssi_noindex_reason":"","footnotes":""},"categories":[1],"tags":[2114,2118,2116],"class_list":["post-483","page","type-page","status-publish","hentry","category-yleinen","tag-aihe-ehdotus","tag-aloittaminen","tag-wihi"],"acf":[],"yoast_head":"<!-- This site is optimized with the Yoast SEO plugin v27.3 - https:\/\/yoast.com\/product\/yoast-seo-wordpress\/ -->\n<title>4 Aihe-ehdotus - Opinn\u00e4ytety\u00f6<\/title>\n<meta name=\"robots\" content=\"index, follow, max-snippet:-1, max-image-preview:large, max-video-preview:-1\" \/>\n<link rel=\"canonical\" href=\"https:\/\/help.jamk.fi\/opinnaytetyo\/fi\/aihe-ehdotus\/\" \/>\n<meta property=\"og:locale\" content=\"fi_FI\" \/>\n<meta property=\"og:type\" content=\"article\" \/>\n<meta property=\"og:title\" content=\"4 Aihe-ehdotus - Opinn\u00e4ytety\u00f6\" \/>\n<meta property=\"og:description\" content=\"Tutustu opinn\u00e4ytety\u00f6n eri vaiheisiin ja teht\u00e4viin Aloita opinn\u00e4ytety\u00f6 tekem\u00e4ll\u00e4 aihe-ehdotus Wihi-palvelussa. Tutustu Wihin k\u00e4ytt\u00f6\u00f6n luvussa Wihi opinn\u00e4ytety\u00f6n ty\u00f6kaluna. Tee aihe-ehdotus Wihiss\u00e4 2. T\u00e4yt\u00e4 aukeavan lomakkeen tiedot. Kuvio 3. Ty\u00f6n sis\u00e4ll\u00f6n ja tulosten merkitt\u00e4vyyden kuvaaminen aihe-ehdotus -lomakkeella Kuvio 4. Suunnitellun ty\u00f6v\u00e4lineist\u00f6n ja ty\u00f6menetelmien kuvaaminen aihe-ehdotus -lomakkeella Tutkinto-ohjelmasi vastaava (Wihin koordinaattori) katsoo l\u00e4pi aihe-ehdotukset. H\u00e4n saattaa pyyt\u00e4\u00e4 [&hellip;]\" \/>\n<meta property=\"og:url\" content=\"https:\/\/help.jamk.fi\/opinnaytetyo\/fi\/aihe-ehdotus\/\" \/>\n<meta property=\"og:site_name\" content=\"Opinn\u00e4ytety\u00f6\" \/>\n<meta property=\"article:modified_time\" content=\"2025-04-16T14:38:29+00:00\" \/>\n<meta property=\"og:image\" content=\"https:\/\/help.jamk.fi\/opinnaytetyo\/wp-content\/uploads\/sites\/114\/2021\/04\/Opiskelija-luo-aihe-ehdotuksen.png\" \/>\n\t<meta property=\"og:image:width\" content=\"1598\" \/>\n\t<meta property=\"og:image:height\" content=\"290\" \/>\n\t<meta property=\"og:image:type\" content=\"image\/png\" \/>\n<meta name=\"twitter:card\" content=\"summary_large_image\" \/>\n<meta name=\"twitter:label1\" content=\"Arvioitu lukuaika\" \/>\n\t<meta name=\"twitter:data1\" content=\"3 minuuttia\" \/>\n<script type=\"application\/ld+json\" class=\"yoast-schema-graph\">{\"@context\":\"https:\\\/\\\/schema.org\",\"@graph\":[{\"@type\":\"WebPage\",\"@id\":\"https:\\\/\\\/help.jamk.fi\\\/opinnaytetyo\\\/fi\\\/aihe-ehdotus\\\/\",\"url\":\"https:\\\/\\\/help.jamk.fi\\\/opinnaytetyo\\\/fi\\\/aihe-ehdotus\\\/\",\"name\":\"4 Aihe-ehdotus - Opinn\u00e4ytety\u00f6\",\"isPartOf\":{\"@id\":\"https:\\\/\\\/help.jamk.fi\\\/opinnaytetyo\\\/#website\"},\"primaryImageOfPage\":{\"@id\":\"https:\\\/\\\/help.jamk.fi\\\/opinnaytetyo\\\/fi\\\/aihe-ehdotus\\\/#primaryimage\"},\"image\":{\"@id\":\"https:\\\/\\\/help.jamk.fi\\\/opinnaytetyo\\\/fi\\\/aihe-ehdotus\\\/#primaryimage\"},\"thumbnailUrl\":\"https:\\\/\\\/help.jamk.fi\\\/opinnaytetyo\\\/wp-content\\\/uploads\\\/sites\\\/114\\\/2021\\\/04\\\/Opiskelija-luo-aihe-ehdotuksen.png\",\"datePublished\":\"2021-04-28T04:38:19+00:00\",\"dateModified\":\"2025-04-16T14:38:29+00:00\",\"breadcrumb\":{\"@id\":\"https:\\\/\\\/help.jamk.fi\\\/opinnaytetyo\\\/fi\\\/aihe-ehdotus\\\/#breadcrumb\"},\"inLanguage\":\"fi\",\"potentialAction\":[{\"@type\":\"ReadAction\",\"target\":[\"https:\\\/\\\/help.jamk.fi\\\/opinnaytetyo\\\/fi\\\/aihe-ehdotus\\\/\"]}]},{\"@type\":\"ImageObject\",\"inLanguage\":\"fi\",\"@id\":\"https:\\\/\\\/help.jamk.fi\\\/opinnaytetyo\\\/fi\\\/aihe-ehdotus\\\/#primaryimage\",\"url\":\"https:\\\/\\\/help.jamk.fi\\\/opinnaytetyo\\\/wp-content\\\/uploads\\\/sites\\\/114\\\/2021\\\/04\\\/Opiskelija-luo-aihe-ehdotuksen.png\",\"contentUrl\":\"https:\\\/\\\/help.jamk.fi\\\/opinnaytetyo\\\/wp-content\\\/uploads\\\/sites\\\/114\\\/2021\\\/04\\\/Opiskelija-luo-aihe-ehdotuksen.png\",\"width\":1598,\"height\":290,\"caption\":\"Luo aihe-ehdotus -painike Wihin opiskelijan ty\u00f6p\u00f6yd\u00e4ll\u00e4\"},{\"@type\":\"BreadcrumbList\",\"@id\":\"https:\\\/\\\/help.jamk.fi\\\/opinnaytetyo\\\/fi\\\/aihe-ehdotus\\\/#breadcrumb\",\"itemListElement\":[{\"@type\":\"ListItem\",\"position\":1,\"name\":\"Etusivu\",\"item\":\"https:\\\/\\\/help.jamk.fi\\\/opinnaytetyo\\\/fi\\\/\"},{\"@type\":\"ListItem\",\"position\":2,\"name\":\"4 Aihe-ehdotus\"}]},{\"@type\":\"WebSite\",\"@id\":\"https:\\\/\\\/help.jamk.fi\\\/opinnaytetyo\\\/#website\",\"url\":\"https:\\\/\\\/help.jamk.fi\\\/opinnaytetyo\\\/\",\"name\":\"Opinn\u00e4ytety\u00f6\",\"description\":\"\",\"potentialAction\":[{\"@type\":\"SearchAction\",\"target\":{\"@type\":\"EntryPoint\",\"urlTemplate\":\"https:\\\/\\\/help.jamk.fi\\\/opinnaytetyo\\\/?s={search_term_string}\"},\"query-input\":{\"@type\":\"PropertyValueSpecification\",\"valueRequired\":true,\"valueName\":\"search_term_string\"}}],\"inLanguage\":\"fi\"}]}<\/script>\n<!-- \/ Yoast SEO plugin. -->","yoast_head_json":{"title":"4 Aihe-ehdotus - Opinn\u00e4ytety\u00f6","robots":{"index":"index","follow":"follow","max-snippet":"max-snippet:-1","max-image-preview":"max-image-preview:large","max-video-preview":"max-video-preview:-1"},"canonical":"https:\/\/help.jamk.fi\/opinnaytetyo\/fi\/aihe-ehdotus\/","og_locale":"fi_FI","og_type":"article","og_title":"4 Aihe-ehdotus - Opinn\u00e4ytety\u00f6","og_description":"Tutustu opinn\u00e4ytety\u00f6n eri vaiheisiin ja teht\u00e4viin Aloita opinn\u00e4ytety\u00f6 tekem\u00e4ll\u00e4 aihe-ehdotus Wihi-palvelussa. Tutustu Wihin k\u00e4ytt\u00f6\u00f6n luvussa Wihi opinn\u00e4ytety\u00f6n ty\u00f6kaluna. Tee aihe-ehdotus Wihiss\u00e4 2. T\u00e4yt\u00e4 aukeavan lomakkeen tiedot. Kuvio 3. Ty\u00f6n sis\u00e4ll\u00f6n ja tulosten merkitt\u00e4vyyden kuvaaminen aihe-ehdotus -lomakkeella Kuvio 4. Suunnitellun ty\u00f6v\u00e4lineist\u00f6n ja ty\u00f6menetelmien kuvaaminen aihe-ehdotus -lomakkeella Tutkinto-ohjelmasi vastaava (Wihin koordinaattori) katsoo l\u00e4pi aihe-ehdotukset. H\u00e4n saattaa pyyt\u00e4\u00e4 [&hellip;]","og_url":"https:\/\/help.jamk.fi\/opinnaytetyo\/fi\/aihe-ehdotus\/","og_site_name":"Opinn\u00e4ytety\u00f6","article_modified_time":"2025-04-16T14:38:29+00:00","og_image":[{"width":1598,"height":290,"url":"https:\/\/help.jamk.fi\/opinnaytetyo\/wp-content\/uploads\/sites\/114\/2021\/04\/Opiskelija-luo-aihe-ehdotuksen.png","type":"image\/png"}],"twitter_card":"summary_large_image","twitter_misc":{"Arvioitu lukuaika":"3 minuuttia"},"schema":{"@context":"https:\/\/schema.org","@graph":[{"@type":"WebPage","@id":"https:\/\/help.jamk.fi\/opinnaytetyo\/fi\/aihe-ehdotus\/","url":"https:\/\/help.jamk.fi\/opinnaytetyo\/fi\/aihe-ehdotus\/","name":"4 Aihe-ehdotus - Opinn\u00e4ytety\u00f6","isPartOf":{"@id":"https:\/\/help.jamk.fi\/opinnaytetyo\/#website"},"primaryImageOfPage":{"@id":"https:\/\/help.jamk.fi\/opinnaytetyo\/fi\/aihe-ehdotus\/#primaryimage"},"image":{"@id":"https:\/\/help.jamk.fi\/opinnaytetyo\/fi\/aihe-ehdotus\/#primaryimage"},"thumbnailUrl":"https:\/\/help.jamk.fi\/opinnaytetyo\/wp-content\/uploads\/sites\/114\/2021\/04\/Opiskelija-luo-aihe-ehdotuksen.png","datePublished":"2021-04-28T04:38:19+00:00","dateModified":"2025-04-16T14:38:29+00:00","breadcrumb":{"@id":"https:\/\/help.jamk.fi\/opinnaytetyo\/fi\/aihe-ehdotus\/#breadcrumb"},"inLanguage":"fi","potentialAction":[{"@type":"ReadAction","target":["https:\/\/help.jamk.fi\/opinnaytetyo\/fi\/aihe-ehdotus\/"]}]},{"@type":"ImageObject","inLanguage":"fi","@id":"https:\/\/help.jamk.fi\/opinnaytetyo\/fi\/aihe-ehdotus\/#primaryimage","url":"https:\/\/help.jamk.fi\/opinnaytetyo\/wp-content\/uploads\/sites\/114\/2021\/04\/Opiskelija-luo-aihe-ehdotuksen.png","contentUrl":"https:\/\/help.jamk.fi\/opinnaytetyo\/wp-content\/uploads\/sites\/114\/2021\/04\/Opiskelija-luo-aihe-ehdotuksen.png","width":1598,"height":290,"caption":"Luo aihe-ehdotus -painike Wihin opiskelijan ty\u00f6p\u00f6yd\u00e4ll\u00e4"},{"@type":"BreadcrumbList","@id":"https:\/\/help.jamk.fi\/opinnaytetyo\/fi\/aihe-ehdotus\/#breadcrumb","itemListElement":[{"@type":"ListItem","position":1,"name":"Etusivu","item":"https:\/\/help.jamk.fi\/opinnaytetyo\/fi\/"},{"@type":"ListItem","position":2,"name":"4 Aihe-ehdotus"}]},{"@type":"WebSite","@id":"https:\/\/help.jamk.fi\/opinnaytetyo\/#website","url":"https:\/\/help.jamk.fi\/opinnaytetyo\/","name":"Opinn\u00e4ytety\u00f6","description":"","potentialAction":[{"@type":"SearchAction","target":{"@type":"EntryPoint","urlTemplate":"https:\/\/help.jamk.fi\/opinnaytetyo\/?s={search_term_string}"},"query-input":{"@type":"PropertyValueSpecification","valueRequired":true,"valueName":"search_term_string"}}],"inLanguage":"fi"}]}},"_links":{"self":[{"href":"https:\/\/help.jamk.fi\/opinnaytetyo\/wp-json\/wp\/v2\/pages\/483","targetHints":{"allow":["GET"]}}],"collection":[{"href":"https:\/\/help.jamk.fi\/opinnaytetyo\/wp-json\/wp\/v2\/pages"}],"about":[{"href":"https:\/\/help.jamk.fi\/opinnaytetyo\/wp-json\/wp\/v2\/types\/page"}],"author":[{"embeddable":true,"href":"https:\/\/help.jamk.fi\/opinnaytetyo\/wp-json\/wp\/v2\/users\/79"}],"replies":[{"embeddable":true,"href":"https:\/\/help.jamk.fi\/opinnaytetyo\/wp-json\/wp\/v2\/comments?post=483"}],"version-history":[{"count":39,"href":"https:\/\/help.jamk.fi\/opinnaytetyo\/wp-json\/wp\/v2\/pages\/483\/revisions"}],"predecessor-version":[{"id":5586,"href":"https:\/\/help.jamk.fi\/opinnaytetyo\/wp-json\/wp\/v2\/pages\/483\/revisions\/5586"}],"wp:attachment":[{"href":"https:\/\/help.jamk.fi\/opinnaytetyo\/wp-json\/wp\/v2\/media?parent=483"}],"wp:term":[{"taxonomy":"category","embeddable":true,"href":"https:\/\/help.jamk.fi\/opinnaytetyo\/wp-json\/wp\/v2\/categories?post=483"},{"taxonomy":"post_tag","embeddable":true,"href":"https:\/\/help.jamk.fi\/opinnaytetyo\/wp-json\/wp\/v2\/tags?post=483"}],"curies":[{"name":"wp","href":"https:\/\/api.w.org\/{rel}","templated":true}]}}