{"id":4939,"date":"2024-11-07T15:02:42","date_gmt":"2024-11-07T13:02:42","guid":{"rendered":"https:\/\/help.jamk.fi\/opinnaytetyo\/?page_id=4939"},"modified":"2026-04-01T09:37:00","modified_gmt":"2026-04-01T06:37:00","slug":"opinnaytetyon-ohjauksen-keskeiset-asiat","status":"publish","type":"page","link":"https:\/\/help.jamk.fi\/opinnaytetyo\/fi\/opinnaytetyo\/opinnaytetyon-ohjauksen-keskeiset-asiat\/","title":{"rendered":"1.4 Opinn\u00e4ytety\u00f6n ohjauksen keskeiset asiat"},"content":{"rendered":"\n<p>Opinn\u00e4ytety\u00f6n ohjauksessa noudatetaan <a href=\"https:\/\/www.jamk.fi\/fi\/opiskelijalle\/tutkinto-opiskelija\/opintojen-ohjaus-ja-ohjauksen-toimijat\/ohjauksen-periaatteet-jamkissa\">Jamkin ohjauksen periaatteita (opiskelijalle -sivut).<\/a><\/p>\n\n\n\n<p>Ohjauksen periaatteissa (kohta 4.) sanotaan mm. ett\u00e4 ohjaajasi reagoi viestiisi viimeist\u00e4\u00e4n viikon kuluessa. Yleisen\u00e4 loma-aikana t\u00e4m\u00e4 s\u00e4\u00e4nt\u00f6 ei ole voimassa.<\/p>\n\n\n\n<h2 class=\"wp-block-heading\">Opinn\u00e4ytety\u00f6n ohjaukseen varattu aika ja ohjausmuodot<\/h2>\n\n\n\n<p><\/p>\n\n\n\n<ul class=\"wp-block-list\">\n<li>AMK-opinn\u00e4ytety\u00f6lle (15 op) varataan aikaa 4-6 kuukautta eli noin yksi lukukausi. YAMK-opinn\u00e4ytety\u00f6lle (30 op) varataan yksi lukuvuosi. Poikkeavissa tilanteissa p\u00e4\u00e4ohjaaja ja opiskelija voivat sopia my\u00f6s muusta aikataulusta.<\/li>\n\n\n\n<li>Opinn\u00e4ytety\u00f6n alussa, esimerkiksi ensimm\u00e4isess\u00e4 ryhm\u00e4ohjauksessa, p\u00e4\u00e4ohjaaja k\u00e4y l\u00e4pi ohjauksen periaatteet ja ohjausk\u00e4yt\u00e4nn\u00f6t. <\/li>\n\n\n\n<li>P\u00e4\u00e4ohjaaja j\u00e4rjest\u00e4\u00e4 ryhm\u00e4ohjauksia ja tarvittaessa voit pyyt\u00e4\u00e4 lis\u00e4ksi yksil\u00f6ohjausta. <\/li>\n\n\n\n<li>Ryhm\u00e4ohjauksissa esittelet ryhm\u00e4llesi ty\u00f6si etenemist\u00e4, kuten opinn\u00e4ytety\u00f6n suunnitelmaa, analyysi\u00e4 ja valmista opinn\u00e4ytety\u00f6t\u00e4. Sovi esityksist\u00e4 ohjaajasi kanssa.<\/li>\n\n\n\n<li>Sinulta odotetaan 100 % l\u00e4sn\u00e4oloa ja jatkuvaa aktiivista osallistumista ohjaustapaamisiin. Parity\u00f6ss\u00e4 molemmat opiskelijat osallistuvat ohjauksiin tasavertaisina. <\/li>\n\n\n\n<li>Ohjaajalle on annettu ohjaukseen, opinn\u00e4ytety\u00f6n lukemiseen, palautteiden antamiseen ja arviointiin enint\u00e4\u00e4n 15 tuntia AMK opinn\u00e4ytety\u00f6t\u00e4 kohden ja 20 tuntia YAMK-opinn\u00e4ytety\u00f6t\u00e4 kohden.<\/li>\n\n\n\n<li>Kirjoittamiseen ja kielioppiin liittyviss\u00e4 kysymyksiss\u00e4 voit varata ajan tekstinohjausklinikalta. <a href=\"https:\/\/jamkstudent.sharepoint.com\/sites\/Opinnaytetyo-ja-kypsyysnayte-Elmo\/SitePages\/Opinn%C3%A4ytety%C3%B6verstaat,--klinikat-ja--seminaarit.aspx\">Opinn\u00e4ytety\u00f6klinikat ja tiedonhaun tuki (intra, vaatii kirjautumisen)<\/a>. Kielenhuolto ei kuulu opinn\u00e4ytety\u00f6n ohjaajan teht\u00e4viin. <\/li>\n\n\n\n<li>Opinn\u00e4ytety\u00f6n aikana voi ilmet\u00e4 tarve yksil\u00f6llisiin opintoj\u00e4rjestelyihin, esimerkiksi lukivaikeuden takia. T\u00e4ll\u00f6in voit varata ajan opinto-ohjaajalle, joka tekee arvion tarvittavista opintoj\u00e4rjestelyist\u00e4.<br><\/li>\n<\/ul>\n\n\n\n<h2 class=\"wp-block-heading\">Ohjaus opinn\u00e4ytety\u00f6n eri vaiheissa<\/h2>\n\n\n\n<ol class=\"wp-block-list\">\n<li>Palauta opinn\u00e4ytety\u00f6n ty\u00f6versiot aina Wihiin. Ohjaaja kommentoi ty\u00f6versiota joko kirjallisesti tai suullisesti. Kirjalliset kommentit n\u00e4et Wihist\u00e4. Ohjaustapaamisissa sovi ohjaajasi kanssa, kumpi kirjaa asiat Wihiin.<\/li>\n\n\n\n<li><strong>Opinn\u00e4ytety\u00f6n aikatauluttaminen (projektointi)<\/strong>: Sovit ensimm\u00e4isess\u00e4 tapaamisessa p\u00e4\u00e4ohjaajan kanssa opinn\u00e4ytety\u00f6n aikataulun, jonka j\u00e4lkeen viet aikataulusuunnitelman Wihiin. P\u00e4\u00e4ohjaaja hyv\u00e4ksyy vaiheen.<\/li>\n\n\n\n<li><strong>1\/3 Opinn\u00e4ytety\u00f6n suunnittelu:<\/strong> Esittele suunnitelmasi p\u00e4\u00e4ohjaajan j\u00e4rjest\u00e4m\u00e4ss\u00e4 pienryhm\u00e4ss\u00e4 tai seminaarissa. P\u00e4\u00e4ohjaaja kommentoi opinn\u00e4ytety\u00f6suunnitelmaa ja antaa kehitt\u00e4v\u00e4\u00e4 palautetta. T\u00e4h\u00e4n sis\u00e4ltyy my\u00f6s aineistonhallintasuunnitelma ja tiedonhankinnan teht\u00e4v\u00e4.<\/li>\n\n\n\n<li><strong>2\/3 Opinn\u00e4ytety\u00f6n toteutus:<\/strong> Esittele ty\u00f6si toteutusta p\u00e4\u00e4ohjaajan j\u00e4rjest\u00e4m\u00e4ss\u00e4 pienryhm\u00e4ss\u00e4 tai seminaarissa. P\u00e4\u00e4ohjaaja kommentoi opinn\u00e4ytety\u00f6n ty\u00f6versiota ja antaa kehitt\u00e4v\u00e4\u00e4 palautetta. Usein t\u00e4ss\u00e4 vaiheessa kommentoitavana on ty\u00f6n tietoperusta ja menetelm\u00e4kuvaus. Sen j\u00e4lkeen voit pyyt\u00e4\u00e4 palautetta esimerkiksi haastattelurungosta, kyselylomakkeesta tai muusta aineistonkeruuseen liittyv\u00e4st\u00e4. Aineistonkeruun j\u00e4lkeen voit pyyt\u00e4\u00e4 palautetta alustavista tuloksista ja joh-top\u00e4\u00e4t\u00f6ksist\u00e4.<\/li>\n\n\n\n<li><strong>3\/3 Opinn\u00e4ytety\u00f6n raportointi ja arviointi:<\/strong> P\u00e4\u00e4ohjaaja tai 2. tarkastaja tekee ty\u00f6lle esitarkastuksen, kun ty\u00f6st\u00e4 on olemassa kokonainen luonnos (eli siin\u00e4 on kaikki opinn\u00e4ytety\u00f6n luvut v\u00e4hint\u00e4\u00e4nkin luonnosteltu). Esitarkastuksesta saat kirjallisen palautteen, jonka avulla voit parantaa ty\u00f6t\u00e4si. Esittele l\u00e4hes valmis opinn\u00e4ytety\u00f6si p\u00e4\u00e4ohjaajan j\u00e4rjest\u00e4m\u00e4ss\u00e4 pienryhm\u00e4ss\u00e4 tai seminaarissa (t\u00e4m\u00e4 on arvioitava suoritus, kts. Arviointikriteerit)<br><\/li>\n<\/ol>\n\n\n\n<h2 class=\"wp-block-heading\">Vertaistuki<\/h2>\n\n\n\n<p>Vertaisopiskelijana osallistut tasavertaiseen keskusteluun pienryhm\u00e4tapaamisissa ja olet valmis oppimaan toisilta ja jakamaan omia oivalluksiasi. Valmistaudut pienryhm\u00e4tapaamisiin tutustumalla tapaamisissa k\u00e4sitelt\u00e4v\u00e4n\u00e4 olevaan materiaaliin. T\u00e4m\u00e4 edellytt\u00e4\u00e4 etuk\u00e4teismateriaalin toimittamista vertaiselle p\u00e4\u00e4ohjaajan kanssa sovitulla tavalla.<\/p>\n\n\n\n<p>Opiskelijoiden vertaisohjauksen tavoitteena on oppiminen ja asiantuntijuuden kehittyminen. T\u00e4ll\u00f6in kehittyv\u00e4t erityisesti kriittinen ja rakentava palautteen antaminen ja vastaanottaminen.<\/p>\n\n\n\n<h2 class=\"wp-block-heading\">Opiskelija sitoutuu<\/h2>\n\n\n\n<ol class=\"wp-block-list\">\n<li>Tulet valmistautuneena sek\u00e4 ryhm\u00e4- ett\u00e4 yksil\u00f6ohjaustilanteisiin. Palautat kommentoitavan materiaalin Wihiin ennen ohjaustapaamista, p\u00e4\u00e4ohjajan kanssa sovitun aikataulun mukaisesti.<\/li>\n\n\n\n<li>Olet sovitusti yhteydess\u00e4 p\u00e4\u00e4ohjaajaan.<\/li>\n\n\n\n<li>Tallennat opinn\u00e4ytety\u00f6n ty\u00f6versiot Wihiin (ei s\u00e4hk\u00f6postilla tai muilla v\u00e4lineill\u00e4).<\/li>\n\n\n\n<li>Etenet ty\u00f6ss\u00e4si sovitun aikataulun mukaan.<\/li>\n\n\n\n<li>Noudatat voimassaolevaa <a href=\"https:\/\/www.jamk.fi\/fi\/opiskelijalle\/tutkinto-opiskelija\/saannot-ja-periaatteet\">Jamkin eettist\u00e4 ohjeistusta (opiskelijalle -sivut)<\/a>  ja <a href=\"https:\/\/jamkstudent.sharepoint.com\/sites\/Tietosuoja-ja-tietoturva-Elmo\/SitePages\/Tietosuojan-ohje-opinn%C3%A4ytety%C3%B6n-tekij%C3%A4lle.aspx\">tietosuojaan liittyvi\u00e4 ohjeita (intra, vaatii kirjautumisen)<\/a>.<br><\/li>\n<\/ol>\n\n\n\n<h2 class=\"wp-block-heading\">Ohjaaja sitoutuu<\/h2>\n\n\n\n<ol class=\"wp-block-list\">\n<li>Tulemaan valmistautuneena ohjaukseen (on perehtynyt ohjauksessa k\u00e4sitelt\u00e4v\u00e4\u00e4n materiaaliin).<\/li>\n\n\n\n<li>Antamaan sek\u00e4 suullista ett\u00e4 kirjallista palautetta opiskelijan kanssa sovitun aikataulun mukaisesti.<\/li>\n\n\n\n<li>Noudattaa <a href=\"https:\/\/www.jamk.fi\/fi\/opiskelijalle\/tutkinto-opiskelija\/saannot-ja-periaatteet\">Jamkin eettist\u00e4 ohjeistusta (opiskelijalle -sivut) <\/a>ja <a href=\"https:\/\/help.jamk.fi\/opinnaytetyon-ohjaus\/fi\/opinnaytetyon-ohjaaminen\/opinnaytetyon-vastuullinen-ohjaus\/\">vastuullisen ohjauksen hyvi\u00e4 k\u00e4yt\u00e4nteit\u00e4 (intra, vaatii kirjautumisen)<\/a>.<\/li>\n<\/ol>\n\n\n\n<p><\/p>\n\n\n\n<p><em>P\u00e4ivitetty 1.4.2026<\/em><\/p>\n","protected":false},"excerpt":{"rendered":"<p>Opinn\u00e4ytety\u00f6n ohjauksessa noudatetaan Jamkin ohjauksen periaatteita (opiskelijalle -sivut). Ohjauksen periaatteissa (kohta 4.) sanotaan mm. ett\u00e4 ohjaajasi reagoi viestiisi viimeist\u00e4\u00e4n viikon kuluessa. Yleisen\u00e4 loma-aikana t\u00e4m\u00e4 s\u00e4\u00e4nt\u00f6 ei ole voimassa. Opinn\u00e4ytety\u00f6n ohjaukseen varattu aika ja ohjausmuodot Ohjaus opinn\u00e4ytety\u00f6n eri vaiheissa Vertaistuki Vertaisopiskelijana osallistut tasavertaiseen keskusteluun pienryhm\u00e4tapaamisissa ja olet valmis oppimaan toisilta ja jakamaan omia oivalluksiasi. Valmistaudut pienryhm\u00e4tapaamisiin [&hellip;]<\/p>\n","protected":false},"author":471,"featured_media":0,"parent":7,"menu_order":4,"comment_status":"closed","ping_status":"closed","template":"","meta":{"_acf_changed":false,"_relevanssi_hide_post":"","_relevanssi_hide_content":"","_relevanssi_pin_for_all":"","_relevanssi_pin_keywords":"","_relevanssi_unpin_keywords":"","_relevanssi_related_keywords":"","_relevanssi_related_include_ids":"","_relevanssi_related_exclude_ids":"","_relevanssi_related_no_append":"","_relevanssi_related_not_related":"","_relevanssi_related_posts":"","_relevanssi_noindex_reason":"","footnotes":""},"categories":[],"tags":[2100,2094,2096,2098],"class_list":["post-4939","page","type-page","status-publish","hentry","tag-opinnaytetyon-ohjaaja","tag-opinnaytetyon-ohjaus","tag-pienryhma","tag-seminaari"],"acf":[],"yoast_head":"<!-- This site is optimized with the Yoast SEO plugin v27.5 - https:\/\/yoast.com\/product\/yoast-seo-wordpress\/ -->\n<title>1.4 Opinn\u00e4ytety\u00f6n ohjauksen keskeiset asiat - Opinn\u00e4ytety\u00f6<\/title>\n<meta name=\"robots\" content=\"index, follow, max-snippet:-1, max-image-preview:large, max-video-preview:-1\" \/>\n<link rel=\"canonical\" href=\"https:\/\/help.jamk.fi\/opinnaytetyo\/fi\/opinnaytetyo\/opinnaytetyon-ohjauksen-keskeiset-asiat\/\" \/>\n<meta property=\"og:locale\" content=\"fi_FI\" \/>\n<meta property=\"og:type\" content=\"article\" \/>\n<meta property=\"og:title\" content=\"1.4 Opinn\u00e4ytety\u00f6n ohjauksen keskeiset asiat - Opinn\u00e4ytety\u00f6\" \/>\n<meta property=\"og:description\" content=\"Opinn\u00e4ytety\u00f6n ohjauksessa noudatetaan Jamkin ohjauksen periaatteita (opiskelijalle -sivut). Ohjauksen periaatteissa (kohta 4.) sanotaan mm. ett\u00e4 ohjaajasi reagoi viestiisi viimeist\u00e4\u00e4n viikon kuluessa. Yleisen\u00e4 loma-aikana t\u00e4m\u00e4 s\u00e4\u00e4nt\u00f6 ei ole voimassa. Opinn\u00e4ytety\u00f6n ohjaukseen varattu aika ja ohjausmuodot Ohjaus opinn\u00e4ytety\u00f6n eri vaiheissa Vertaistuki Vertaisopiskelijana osallistut tasavertaiseen keskusteluun pienryhm\u00e4tapaamisissa ja olet valmis oppimaan toisilta ja jakamaan omia oivalluksiasi. Valmistaudut pienryhm\u00e4tapaamisiin [&hellip;]\" \/>\n<meta property=\"og:url\" content=\"https:\/\/help.jamk.fi\/opinnaytetyo\/fi\/opinnaytetyo\/opinnaytetyon-ohjauksen-keskeiset-asiat\/\" \/>\n<meta property=\"og:site_name\" content=\"Opinn\u00e4ytety\u00f6\" \/>\n<meta property=\"article:modified_time\" content=\"2026-04-01T06:37:00+00:00\" \/>\n<meta name=\"twitter:card\" content=\"summary_large_image\" \/>\n<meta name=\"twitter:label1\" content=\"Arvioitu lukuaika\" \/>\n\t<meta name=\"twitter:data1\" content=\"3 minuuttia\" \/>\n<script type=\"application\/ld+json\" class=\"yoast-schema-graph\">{\"@context\":\"https:\\\/\\\/schema.org\",\"@graph\":[{\"@type\":\"WebPage\",\"@id\":\"https:\\\/\\\/help.jamk.fi\\\/opinnaytetyo\\\/fi\\\/opinnaytetyo\\\/opinnaytetyon-ohjauksen-keskeiset-asiat\\\/\",\"url\":\"https:\\\/\\\/help.jamk.fi\\\/opinnaytetyo\\\/fi\\\/opinnaytetyo\\\/opinnaytetyon-ohjauksen-keskeiset-asiat\\\/\",\"name\":\"1.4 Opinn\u00e4ytety\u00f6n ohjauksen keskeiset asiat - Opinn\u00e4ytety\u00f6\",\"isPartOf\":{\"@id\":\"https:\\\/\\\/help.jamk.fi\\\/opinnaytetyo\\\/#website\"},\"datePublished\":\"2024-11-07T13:02:42+00:00\",\"dateModified\":\"2026-04-01T06:37:00+00:00\",\"breadcrumb\":{\"@id\":\"https:\\\/\\\/help.jamk.fi\\\/opinnaytetyo\\\/fi\\\/opinnaytetyo\\\/opinnaytetyon-ohjauksen-keskeiset-asiat\\\/#breadcrumb\"},\"inLanguage\":\"fi\",\"potentialAction\":[{\"@type\":\"ReadAction\",\"target\":[\"https:\\\/\\\/help.jamk.fi\\\/opinnaytetyo\\\/fi\\\/opinnaytetyo\\\/opinnaytetyon-ohjauksen-keskeiset-asiat\\\/\"]}]},{\"@type\":\"BreadcrumbList\",\"@id\":\"https:\\\/\\\/help.jamk.fi\\\/opinnaytetyo\\\/fi\\\/opinnaytetyo\\\/opinnaytetyon-ohjauksen-keskeiset-asiat\\\/#breadcrumb\",\"itemListElement\":[{\"@type\":\"ListItem\",\"position\":1,\"name\":\"Etusivu\",\"item\":\"https:\\\/\\\/help.jamk.fi\\\/opinnaytetyo\\\/fi\\\/\"},{\"@type\":\"ListItem\",\"position\":2,\"name\":\"1 Opinn\u00e4ytety\u00f6\",\"item\":\"https:\\\/\\\/help.jamk.fi\\\/opinnaytetyo\\\/fi\\\/opinnaytetyo\\\/\"},{\"@type\":\"ListItem\",\"position\":3,\"name\":\"1.4 Opinn\u00e4ytety\u00f6n ohjauksen keskeiset asiat\"}]},{\"@type\":\"WebSite\",\"@id\":\"https:\\\/\\\/help.jamk.fi\\\/opinnaytetyo\\\/#website\",\"url\":\"https:\\\/\\\/help.jamk.fi\\\/opinnaytetyo\\\/\",\"name\":\"Opinn\u00e4ytety\u00f6\",\"description\":\"\",\"potentialAction\":[{\"@type\":\"SearchAction\",\"target\":{\"@type\":\"EntryPoint\",\"urlTemplate\":\"https:\\\/\\\/help.jamk.fi\\\/opinnaytetyo\\\/?s={search_term_string}\"},\"query-input\":{\"@type\":\"PropertyValueSpecification\",\"valueRequired\":true,\"valueName\":\"search_term_string\"}}],\"inLanguage\":\"fi\"}]}<\/script>\n<!-- \/ Yoast SEO plugin. -->","yoast_head_json":{"title":"1.4 Opinn\u00e4ytety\u00f6n ohjauksen keskeiset asiat - Opinn\u00e4ytety\u00f6","robots":{"index":"index","follow":"follow","max-snippet":"max-snippet:-1","max-image-preview":"max-image-preview:large","max-video-preview":"max-video-preview:-1"},"canonical":"https:\/\/help.jamk.fi\/opinnaytetyo\/fi\/opinnaytetyo\/opinnaytetyon-ohjauksen-keskeiset-asiat\/","og_locale":"fi_FI","og_type":"article","og_title":"1.4 Opinn\u00e4ytety\u00f6n ohjauksen keskeiset asiat - Opinn\u00e4ytety\u00f6","og_description":"Opinn\u00e4ytety\u00f6n ohjauksessa noudatetaan Jamkin ohjauksen periaatteita (opiskelijalle -sivut). Ohjauksen periaatteissa (kohta 4.) sanotaan mm. ett\u00e4 ohjaajasi reagoi viestiisi viimeist\u00e4\u00e4n viikon kuluessa. Yleisen\u00e4 loma-aikana t\u00e4m\u00e4 s\u00e4\u00e4nt\u00f6 ei ole voimassa. Opinn\u00e4ytety\u00f6n ohjaukseen varattu aika ja ohjausmuodot Ohjaus opinn\u00e4ytety\u00f6n eri vaiheissa Vertaistuki Vertaisopiskelijana osallistut tasavertaiseen keskusteluun pienryhm\u00e4tapaamisissa ja olet valmis oppimaan toisilta ja jakamaan omia oivalluksiasi. Valmistaudut pienryhm\u00e4tapaamisiin [&hellip;]","og_url":"https:\/\/help.jamk.fi\/opinnaytetyo\/fi\/opinnaytetyo\/opinnaytetyon-ohjauksen-keskeiset-asiat\/","og_site_name":"Opinn\u00e4ytety\u00f6","article_modified_time":"2026-04-01T06:37:00+00:00","twitter_card":"summary_large_image","twitter_misc":{"Arvioitu lukuaika":"3 minuuttia"},"schema":{"@context":"https:\/\/schema.org","@graph":[{"@type":"WebPage","@id":"https:\/\/help.jamk.fi\/opinnaytetyo\/fi\/opinnaytetyo\/opinnaytetyon-ohjauksen-keskeiset-asiat\/","url":"https:\/\/help.jamk.fi\/opinnaytetyo\/fi\/opinnaytetyo\/opinnaytetyon-ohjauksen-keskeiset-asiat\/","name":"1.4 Opinn\u00e4ytety\u00f6n ohjauksen keskeiset asiat - Opinn\u00e4ytety\u00f6","isPartOf":{"@id":"https:\/\/help.jamk.fi\/opinnaytetyo\/#website"},"datePublished":"2024-11-07T13:02:42+00:00","dateModified":"2026-04-01T06:37:00+00:00","breadcrumb":{"@id":"https:\/\/help.jamk.fi\/opinnaytetyo\/fi\/opinnaytetyo\/opinnaytetyon-ohjauksen-keskeiset-asiat\/#breadcrumb"},"inLanguage":"fi","potentialAction":[{"@type":"ReadAction","target":["https:\/\/help.jamk.fi\/opinnaytetyo\/fi\/opinnaytetyo\/opinnaytetyon-ohjauksen-keskeiset-asiat\/"]}]},{"@type":"BreadcrumbList","@id":"https:\/\/help.jamk.fi\/opinnaytetyo\/fi\/opinnaytetyo\/opinnaytetyon-ohjauksen-keskeiset-asiat\/#breadcrumb","itemListElement":[{"@type":"ListItem","position":1,"name":"Etusivu","item":"https:\/\/help.jamk.fi\/opinnaytetyo\/fi\/"},{"@type":"ListItem","position":2,"name":"1 Opinn\u00e4ytety\u00f6","item":"https:\/\/help.jamk.fi\/opinnaytetyo\/fi\/opinnaytetyo\/"},{"@type":"ListItem","position":3,"name":"1.4 Opinn\u00e4ytety\u00f6n ohjauksen keskeiset asiat"}]},{"@type":"WebSite","@id":"https:\/\/help.jamk.fi\/opinnaytetyo\/#website","url":"https:\/\/help.jamk.fi\/opinnaytetyo\/","name":"Opinn\u00e4ytety\u00f6","description":"","potentialAction":[{"@type":"SearchAction","target":{"@type":"EntryPoint","urlTemplate":"https:\/\/help.jamk.fi\/opinnaytetyo\/?s={search_term_string}"},"query-input":{"@type":"PropertyValueSpecification","valueRequired":true,"valueName":"search_term_string"}}],"inLanguage":"fi"}]}},"_links":{"self":[{"href":"https:\/\/help.jamk.fi\/opinnaytetyo\/wp-json\/wp\/v2\/pages\/4939","targetHints":{"allow":["GET"]}}],"collection":[{"href":"https:\/\/help.jamk.fi\/opinnaytetyo\/wp-json\/wp\/v2\/pages"}],"about":[{"href":"https:\/\/help.jamk.fi\/opinnaytetyo\/wp-json\/wp\/v2\/types\/page"}],"author":[{"embeddable":true,"href":"https:\/\/help.jamk.fi\/opinnaytetyo\/wp-json\/wp\/v2\/users\/471"}],"replies":[{"embeddable":true,"href":"https:\/\/help.jamk.fi\/opinnaytetyo\/wp-json\/wp\/v2\/comments?post=4939"}],"version-history":[{"count":15,"href":"https:\/\/help.jamk.fi\/opinnaytetyo\/wp-json\/wp\/v2\/pages\/4939\/revisions"}],"predecessor-version":[{"id":6236,"href":"https:\/\/help.jamk.fi\/opinnaytetyo\/wp-json\/wp\/v2\/pages\/4939\/revisions\/6236"}],"up":[{"embeddable":true,"href":"https:\/\/help.jamk.fi\/opinnaytetyo\/wp-json\/wp\/v2\/pages\/7"}],"wp:attachment":[{"href":"https:\/\/help.jamk.fi\/opinnaytetyo\/wp-json\/wp\/v2\/media?parent=4939"}],"wp:term":[{"taxonomy":"category","embeddable":true,"href":"https:\/\/help.jamk.fi\/opinnaytetyo\/wp-json\/wp\/v2\/categories?post=4939"},{"taxonomy":"post_tag","embeddable":true,"href":"https:\/\/help.jamk.fi\/opinnaytetyo\/wp-json\/wp\/v2\/tags?post=4939"}],"curies":[{"name":"wp","href":"https:\/\/api.w.org\/{rel}","templated":true}]}}