{"id":510,"date":"2021-04-28T07:01:52","date_gmt":"2021-04-28T04:01:52","guid":{"rendered":"https:\/\/help.jamk.fi\/opinnaytetyo\/opinnaytetyon-projektointi-wihissa-projektisuunnitelma\/"},"modified":"2025-05-13T15:53:19","modified_gmt":"2025-05-13T12:53:19","slug":"opinnaytetyon-projektointi-wihissa-projektisuunnitelma","status":"publish","type":"page","link":"https:\/\/help.jamk.fi\/opinnaytetyo\/fi\/aihe-ehdotus\/opinnaytetyon-projektointi-wihissa-projektisuunnitelma\/","title":{"rendered":"4.1 Wihi opinn\u00e4ytety\u00f6n ty\u00f6kaluna"},"content":{"rendered":"\n<p>Wihi-palvelu on projektinhallinta- ja viestint\u00e4v\u00e4line opinn\u00e4ytety\u00f6llesi. Aikataulutat ty\u00f6si ja seuraat etenemist\u00e4si. Viestit ohjaajasi kanssa ja palautat tiedostoja ohjaajan kommentoitavaksi. Ohjaajasi n\u00e4kee ty\u00f6si edistymisen.<\/p>\n\n\n\n<p>Kirjaudu Wihiin osoitteesta <a href=\"https:\/\/wihi.jamk.fi\">https:\/\/wihi.jamk.fi<\/a>.<\/p>\n\n\n\n<p>Wihin etusivu on aluksi l\u00e4hes tyhj\u00e4. Jos sinulla on useita opiskeluoikeuksia, valitse oikeasta reunasta se opiskeluoikeus, johon opinn\u00e4ytety\u00f6t\u00e4 teet (kuvio 1).<\/p>\n\n\n\n<figure class=\"wp-block-image size-full\"><img loading=\"lazy\" decoding=\"async\" width=\"2551\" height=\"844\" src=\"https:\/\/help.jamk.fi\/opinnaytetyo\/wp-content\/uploads\/sites\/114\/2021\/04\/image.png\" alt=\"Opiskeluoikeuden valinta Wihin opiskelijan ty\u00f6p\u00f6yd\u00e4ll\u00e4\" class=\"wp-image-1639\"\/><figcaption class=\"wp-element-caption\">Kuvio 1. Opiskeluoikeuden valinta<\/figcaption><\/figure>\n\n\n\n<p>Tee ensin aihe-ehdotus (ks. luku <a href=\"https:\/\/help.jamk.fi\/opinnaytetyo\/fi\/opinnaytetyoprojekti\/aihe-ehdotus\/\">Aihe-ehdotus<\/a>) . Kun aiheesi on hyv\u00e4ksytty, n\u00e4et Wihin oikeassa reunassa Teht\u00e4v\u00e4t- ja Tiedot-osiot.  N\u00e4kyviin tulee my\u00f6s Opinn\u00e4ytety\u00f6n tiedot (tekem\u00e4si aihe-ehdotus), sidosryhmien (yleens\u00e4 toimeksiantaja) mahdolliset lausunnot sek\u00e4 ohjaajasi tiedot (kuvio 2).<\/p>\n\n\n\n<p>N\u00e4kym\u00e4n keskiosassa on keskeisimm\u00e4t toiminnot. N\u00e4m\u00e4 ovat samat kaikissa opinn\u00e4ytety\u00f6n vaiheissa.<\/p>\n\n\n\n<figure class=\"wp-block-image size-full\"><img loading=\"lazy\" decoding=\"async\" width=\"2532\" height=\"1078\" src=\"https:\/\/help.jamk.fi\/opinnaytetyo\/wp-content\/uploads\/sites\/114\/2021\/04\/Opiskelijan-prosessi-alkaa.png\" alt=\"Wihin alkun\u00e4kym\u00e4 opiskelijan ty\u00f6p\u00f6yd\u00e4ll\u00e4\" class=\"wp-image-1645\"\/><figcaption class=\"wp-element-caption\">Kuvio 2. Opiskelijan opinn\u00e4ytety\u00f6n tekeminen alkaa<\/figcaption><\/figure>\n\n\n\n<h2 class=\"wp-block-heading\">Opinn\u00e4ytety\u00f6projektin vaiheet<\/h2>\n\n\n\n<p>Wihiss\u00e4 opinn\u00e4ytety\u00f6 on jaettu eri vaiheisiin:<\/p>\n\n\n\n<ul class=\"wp-block-list\">\n<li>Projektisuunnitelma (projektin aikataulutus)<\/li>\n\n\n\n<li>Vaihe 1: 1\/3 opinn\u00e4ytety\u00f6st\u00e4 valmis<\/li>\n\n\n\n<li>Vaihe 2: 2\/3 opinn\u00e4ytety\u00f6st\u00e4 valmis ja<\/li>\n\n\n\n<li>Vaihe 3: opinn\u00e4ytety\u00f6 valmis arvioitavaksi<\/li>\n\n\n\n<li>Opinn\u00e4ytety\u00f6n arviointi<\/li>\n<\/ul>\n\n\n\n<p>Kun p\u00e4\u00e4ohjaaja hyv\u00e4ksyy vaiheet 1-3 Wihiss\u00e4, saat Peppiin opintosuoritusmerkinn\u00e4t. Seuraa edistymist\u00e4si aikatauluttamalla kunkin vaiheen teht\u00e4v\u00e4t Wihiin. Teht\u00e4v\u00e4t on kuvattu alla ja t\u00e4m\u00e4n ohjeen seuraavissa luvuissa. <\/p>\n\n\n<div id=\"info-lift-block_4f105216d10127983cfb62980a524008\" class=\"block-info-lift block-info-lift\">\n  <div class=\"row\">\n    <div class=\"col-12\">\n              <div class=\"block-info-lift__content\">\n          <div class=\"block-info-lift__content__icon\">\n            <span>!<\/span>\n          <\/div>\n          <p class=\"block-info-lift__content__text\">Huom. Kaikki opinn\u00e4ytety\u00f6prosessiin liittyv\u00e4t teht\u00e4v\u00e4t l\u00f6ytyv\u00e4t lukujen 1.1 ja 1.2 Dokumentit-otsikon alla olevista pdf-tiedostoista (AMK ja YAMK).<\/p>\n        <\/div>\n          <\/div>\n  <\/div>\n<\/div>\n\n\n<p><\/p>\n\n\n\n<h2 class=\"wp-block-heading\">Luo alla olevat teht\u00e4v\u00e4t Wihiin ja tee ne<\/h2>\n\n\n\n<p>Projektisuunnitelma-vaiheen teht\u00e4v\u00e4t:<\/p>\n\n\n\n<ul class=\"wp-block-list\">\n<li>Sovi ensimm\u00e4inen ohjaustapaaminen p\u00e4\u00e4ohjaajasi kanssa tutkinto-ohjelman k\u00e4yt\u00e4nt\u00f6jen mukaisesti.<\/li>\n\n\n\n<li>Aikatauluta opinn\u00e4ytety\u00f6n koko prosessi Wihiss\u00e4 (=projektisuunnitelma).<\/li>\n<\/ul>\n\n\n\n<p>Ohjaaja hyv\u00e4ksyy vaiheen Wihiss\u00e4, kun olet suorittanut kaikki vaiheen teht\u00e4v\u00e4t. Saat Wihiin Hyv\u00e4ksytty-merkinn\u00e4n ja opintopisteet kirjautuu Peppiin. Opinn\u00e4ytety\u00f6n seuraava vaihe avautuu Wihiss\u00e4.<\/p>\n\n\n\n<p><strong>K\u00e4yt\u00e4 Wihin viestikentt\u00e4\u00e4 p\u00e4\u00e4ohjaajan kanssa viestittelyyn <strong>koko opinn\u00e4ytety\u00f6prosessin ajan<\/strong>, ei s\u00e4hk\u00f6postiviestittely\u00e4. Ohjaaja saa s\u00e4hk\u00f6postiin tiedon Wihiss\u00e4 l\u00e4hett\u00e4m\u00e4st\u00e4si viestist\u00e4.<\/strong><\/p>\n\n\n<div id=\"info-lift-block_4bc43c06e1a921bb92db842527fb8481\" class=\"block-info-lift block-info-lift\">\n  <div class=\"row\">\n    <div class=\"col-12\">\n              <div class=\"block-info-lift__content\">\n          <div class=\"block-info-lift__content__icon\">\n            <span>!<\/span>\n          <\/div>\n          <p class=\"block-info-lift__content__text\">Kaikki opiskelijat sopivat ensimm\u00e4isen opinn\u00e4ytety\u00f6n ohjaustapaamisen p\u00e4\u00e4ohjaajan kanssa heti opinn\u00e4ytety\u00f6prosessin alussa.<\/p>\n        <\/div>\n          <\/div>\n  <\/div>\n<\/div>\n\n\n<p><\/p>\n\n\n\n<h2 class=\"wp-block-heading\">Projektisuunnitelma Wihiss\u00e4<\/h2>\n\n\n\n<p>Ensimm\u00e4inen varsinainen teht\u00e4v\u00e4si Wihiss\u00e4 on aikatauluttaa projektisuunnitelman (opinn\u00e4ytety\u00f6n) eri vaiheet (kuvio 3).<\/p>\n\n\n\n<p>Tutustu opinn\u00e4ytety\u00f6n vaiheisiin ja niiden sis\u00e4lt\u00f6ihin. Aseta m\u00e4\u00e4r\u00e4p\u00e4iv\u00e4t vaiheille 1, 2 ja 3 alla olevien ohjeellisten aikojen perusteella:<\/p>\n\n\n\n<ul class=\"wp-block-list\">\n<li>Varaa AMK-opinn\u00e4ytety\u00f6lle yksi lukukausi. Vaihe 1 kest\u00e4\u00e4 tyypillisesti noin 3-4 viikkoa. Vaihe 2 vie noin 6-8 viikkoa. Vaiheen 3 m\u00e4\u00e4r\u00e4p\u00e4iv\u00e4 on se p\u00e4iv\u00e4, jolloin ty\u00f6si on valmis arvioitavaksi. T\u00e4m\u00e4 vie AMK-ty\u00f6ss\u00e4 ehk\u00e4 noin 3-4 viikkoa. Voit valmistua ehk\u00e4 parin, kolmen viikon kuluttua siit\u00e4, sill\u00e4 arviointi, julkaisu ja arkistointi viev\u00e4t oman aikansa.<\/li>\n\n\n\n<li>YAMK-opinn\u00e4ytety\u00f6ss\u00e4 vaiheiden kesto vaihtelee enemm\u00e4n riippuen opiskelijan tilanteesta. Juttele ajoituksesta ohjaajasi kanssa.<\/li>\n\n\n\n<li>K\u00e4yt\u00e4 hyv\u00e4ksesi opinn\u00e4ytety\u00f6prosessin eteneminen Wihiss\u00e4 (pdf) sek\u00e4 opinn\u00e4ytety\u00f6prosessin ajoitus -dokumentteja (pdf), jotka l\u00f6yd\u00e4t t\u00e4m\u00e4n sivun pohjalta.<br><\/li>\n<\/ul>\n\n\n\n<figure class=\"wp-block-image size-full\"><img loading=\"lazy\" decoding=\"async\" width=\"1461\" height=\"950\" src=\"https:\/\/help.jamk.fi\/opinnaytetyo\/wp-content\/uploads\/sites\/114\/2021\/04\/Projektisuunnitelma.png\" alt=\"Wihin opinn\u00e4ytety\u00f6projektin ajoittaminen\" class=\"wp-image-1659\"\/><figcaption class=\"wp-element-caption\">Kuvio 3. Projektisuunnitelma Wihiss\u00e4 eli opinn\u00e4ytety\u00f6projektin ajoittaminen<\/figcaption><\/figure>\n\n\n\n<p><\/p>\n\n\n\n<div class=\"wp-block-group\"><div class=\"wp-block-group__inner-container is-layout-flow wp-block-group-is-layout-flow\">\n<h2 class=\"wp-block-heading\">Teht\u00e4v\u00e4n luominen<\/h2>\n\n\n\n<p>Teht\u00e4vien luonti ja aikatauluttaminen auttavat sinua seuraamaan edistymist\u00e4si Wihiss\u00e4. My\u00f6s ohjaaja voi seurata edistymist\u00e4si.<\/p>\n\n\n\n<p>Luo Wihiin teht\u00e4vi\u00e4 <strong>Luo teht\u00e4v\u00e4<\/strong> -painikkeella (kuvio 4).<\/p>\n\n\n\n<figure class=\"wp-block-image size-full\"><img loading=\"lazy\" decoding=\"async\" width=\"1047\" height=\"183\" src=\"https:\/\/help.jamk.fi\/opinnaytetyo\/wp-content\/uploads\/sites\/114\/2021\/04\/Opiskelija-luo-tehtavan.png\" alt=\"Luo teht\u00e4v\u00e4-painike opiskelijan ty\u00f6p\u00f6yd\u00e4ll\u00e4 Wihiss\u00e4\" class=\"wp-image-1654\"\/><figcaption class=\"wp-element-caption\">Kuvio 4. Luo teht\u00e4v\u00e4-painike opiskelijan ty\u00f6p\u00f6yd\u00e4ll\u00e4 Wihiss\u00e4<\/figcaption><\/figure>\n\n\n\n<p><strong>Luo teht\u00e4v\u00e4<\/strong> -lomakkeella annat teht\u00e4v\u00e4lle nimen ja kuvauksen ja aloitus- ja lopetusp\u00e4iv\u00e4m\u00e4\u00e4r\u00e4t (kuvio 5). Lopuksi l\u00e4het\u00e4 teht\u00e4v\u00e4 klikkaamalla <strong>L\u00e4het\u00e4<\/strong>-painiketta. Ohjaajasi n\u00e4kee luomasi teht\u00e4v\u00e4t ja voi kommentoida niit\u00e4 Viestit-toiminnolla.<\/p>\n\n\n\n<p>Voit luoda useita teht\u00e4vi\u00e4 samaan opinn\u00e4ytety\u00f6vaiheeseen. Jos jokin teht\u00e4v\u00e4 kuuluu vasta seuraavaan vaiheeseen, voit jatkaa teht\u00e4vien suorittamista, vaikka ohjaaja hyv\u00e4ksyisikin menossa olevan vaiheen.<\/p>\n\n\n\n<figure class=\"wp-block-image size-full\"><img loading=\"lazy\" decoding=\"async\" width=\"737\" height=\"398\" src=\"https:\/\/help.jamk.fi\/opinnaytetyo\/wp-content\/uploads\/sites\/114\/2021\/04\/Tehtavan-luominen.png\" alt=\"Teht\u00e4v\u00e4n luominen opiskelijan ty\u00f6p\u00f6yd\u00e4ll\u00e4 Wihiss\u00e4\" class=\"wp-image-1655\"\/><figcaption class=\"wp-element-caption\">Kuvio 5. Teht\u00e4v\u00e4n luominen opiskelijan ty\u00f6p\u00f6yd\u00e4ll\u00e4 Wihiss\u00e4<\/figcaption><\/figure>\n\n\n\n<p>Teht\u00e4v\u00e4n luotuasi voit aloittaa ja muokata teht\u00e4v\u00e4\u00e4 sek\u00e4 tarvittaessa ohittaa teht\u00e4v\u00e4n tekemisen tai poistaa sen (kuvio 6).<\/p>\n\n\n\n<figure class=\"wp-block-image size-full\"><img loading=\"lazy\" decoding=\"async\" width=\"922\" height=\"291\" src=\"https:\/\/help.jamk.fi\/opinnaytetyo\/wp-content\/uploads\/sites\/114\/2025\/04\/Tehtava-on-luotu.png\" alt=\"Teht\u00e4v\u00e4n aloittaminen, ohittaminen ja muokkaus\" class=\"wp-image-5567\" srcset=\"https:\/\/help.jamk.fi\/opinnaytetyo\/wp-content\/uploads\/sites\/114\/2025\/04\/Tehtava-on-luotu.png 922w, https:\/\/help.jamk.fi\/opinnaytetyo\/wp-content\/uploads\/sites\/114\/2025\/04\/Tehtava-on-luotu-300x95.png 300w, https:\/\/help.jamk.fi\/opinnaytetyo\/wp-content\/uploads\/sites\/114\/2025\/04\/Tehtava-on-luotu-768x242.png 768w\" sizes=\"auto, (max-width: 922px) 100vw, 922px\" \/><figcaption class=\"wp-element-caption\">Kuvio 6. Teht\u00e4v\u00e4n aloittaminen, ohittaminen ja muokkaus<\/figcaption><\/figure>\n\n\n\n<p>Teht\u00e4v\u00e4n tehty\u00e4si voit palauttaa sen ohjaajallesi <strong>Palauta teht\u00e4v\u00e4<\/strong> -painiketta klikkaamalla (kuvio 7). Teht\u00e4v\u00e4 on valmis vasta sen j\u00e4lkeen, kun ohjaaja on sen hyv\u00e4ksynyt.<\/p>\n\n\n\n<figure class=\"wp-block-image size-full\"><img loading=\"lazy\" decoding=\"async\" width=\"914\" height=\"272\" src=\"https:\/\/help.jamk.fi\/opinnaytetyo\/wp-content\/uploads\/sites\/114\/2025\/04\/Tehtavan-palauttaminen.png\" alt=\"Teht\u00e4v\u00e4n palauttaminen\" class=\"wp-image-5571\" srcset=\"https:\/\/help.jamk.fi\/opinnaytetyo\/wp-content\/uploads\/sites\/114\/2025\/04\/Tehtavan-palauttaminen.png 914w, https:\/\/help.jamk.fi\/opinnaytetyo\/wp-content\/uploads\/sites\/114\/2025\/04\/Tehtavan-palauttaminen-300x89.png 300w, https:\/\/help.jamk.fi\/opinnaytetyo\/wp-content\/uploads\/sites\/114\/2025\/04\/Tehtavan-palauttaminen-768x229.png 768w\" sizes=\"auto, (max-width: 914px) 100vw, 914px\" \/><figcaption class=\"wp-element-caption\">Kuvio 7. Teht\u00e4v\u00e4n palauttaminen<\/figcaption><\/figure>\n<\/div><\/div>\n\n\n\n<p><\/p>\n\n\n\n<h2 class=\"wp-block-heading\">Viestin l\u00e4hett\u00e4minen<\/h2>\n\n\n\n<p>L\u00e4het\u00e4 viesti ohjaajallesi <strong>Kirjoita viesti<\/strong> -painikkeella. Viesti n\u00e4kyy ohjaajan Wihi-ty\u00f6p\u00f6yd\u00e4ll\u00e4 ja h\u00e4n saa siit\u00e4 s\u00e4hk\u00f6postin. Viestit-toiminnossa n\u00e4et my\u00f6s ohjaajan sinulle l\u00e4hett\u00e4m\u00e4t viestit (kuvio 8).<\/p>\n\n\n\n<figure class=\"wp-block-image size-full\"><img loading=\"lazy\" decoding=\"async\" width=\"1398\" height=\"114\" src=\"https:\/\/help.jamk.fi\/opinnaytetyo\/wp-content\/uploads\/sites\/114\/2021\/04\/Viestit-tyoalue-Wihissa.png\" alt=\"Viestit-toiminto Wihiss\u00e4\" class=\"wp-image-1658\"\/><figcaption class=\"wp-element-caption\">Kuvio 8. Viestit-toiminto Wihiss\u00e4<\/figcaption><\/figure>\n\n\n\n<h2 class=\"wp-block-heading\">Tiedoston lataaminen<\/h2>\n\n\n\n<p>L\u00e4het\u00e4 opinn\u00e4ytety\u00f6si keskener\u00e4inen versio ohjaajan tarkasteltavaksi ja kommentoitavaksi <strong>Lataa tiedosto<\/strong> -painikkeella&nbsp;(kuvio 9). Kirjoita my\u00f6s lyhyt viesti  (Moi, palautin juuri ty\u00f6ni suunnitelman!), jolloin ohjaajasi huomaa tiedoston paremmin. Kysy ohjaajaltasi tiedoston muodosta (docx tai pdf) ja nime\u00e4misest\u00e4, sill\u00e4 ohjaajien kommentointik\u00e4yt\u00e4nteet vaihtelevat.<\/p>\n\n\n\n<figure class=\"wp-block-image size-full\"><img loading=\"lazy\" decoding=\"async\" width=\"1046\" height=\"281\" src=\"https:\/\/help.jamk.fi\/opinnaytetyo\/wp-content\/uploads\/sites\/114\/2021\/10\/Tyon-tuominen-Wihiin.png\" alt=\"Ty\u00f6n tuominen Wihiin\" class=\"wp-image-2362\"\/><figcaption class=\"wp-element-caption\">Kuvio 9. Ty\u00f6n tuominen Wihiin<\/figcaption><\/figure>\n\n\n\n<p>Ty\u00f6n lataamisen j\u00e4lkeen se n\u00e4kyy Tiedostot-kohdassa&nbsp;sek\u00e4 sinulle ett\u00e4 ohjaajallesi. My\u00f6s ohjaaja voi ladata&nbsp;tiedostoja Wihiin. N\u00e4et ja voit avata&nbsp;ne Tiedostot-toiminnolla.<\/p>\n\n\n\n<p>Voit l\u00e4hett\u00e4\u00e4 tiedoston esim. opinn\u00e4ytety\u00f6n toimeksiantajalle kommentoitavaksi. T\u00e4m\u00e4 tehd\u00e4\u00e4n <strong>L\u00e4het\u00e4 kommentoitavaksi<\/strong> -painikkeella. T\u00e4ll\u00f6in viesti-ikkunaan tarvitaan s\u00e4hk\u00f6postiosoite, johon ty\u00f6 halutaan l\u00e4hett\u00e4\u00e4.<\/p>\n\n\n\n<p><strong>Huom. <\/strong>\u00c4l\u00e4 k\u00e4yt\u00e4 &#8221;L\u00e4het\u00e4 kommentoitavaksi&#8221; toimintoa kun viestittelet ohjaajasi kanssa. Se on tarkoitettu ulkoisen sidosryhm\u00e4n (esim. toimeksiantajan) kanssa viestittelyyn.<\/p>\n\n\n\n<p><em>P\u00e4ivitetty 16.4.2025<\/em><\/p>\n","protected":false},"excerpt":{"rendered":"<p>Wihi-palvelu on projektinhallinta- ja viestint\u00e4v\u00e4line opinn\u00e4ytety\u00f6llesi. Aikataulutat ty\u00f6si ja seuraat etenemist\u00e4si. Viestit ohjaajasi kanssa ja palautat tiedostoja ohjaajan kommentoitavaksi. Ohjaajasi n\u00e4kee ty\u00f6si edistymisen. Kirjaudu Wihiin osoitteesta https:\/\/wihi.jamk.fi. Wihin etusivu on aluksi l\u00e4hes tyhj\u00e4. Jos sinulla on useita opiskeluoikeuksia, valitse oikeasta reunasta se opiskeluoikeus, johon opinn\u00e4ytety\u00f6t\u00e4 teet (kuvio 1). Tee ensin aihe-ehdotus (ks. luku Aihe-ehdotus) . [&hellip;]<\/p>\n","protected":false},"author":79,"featured_media":0,"parent":483,"menu_order":1,"comment_status":"closed","ping_status":"closed","template":"","meta":{"_acf_changed":false,"_relevanssi_hide_post":"","_relevanssi_hide_content":"","_relevanssi_pin_for_all":"","_relevanssi_pin_keywords":"","_relevanssi_unpin_keywords":"","_relevanssi_related_keywords":"","_relevanssi_related_include_ids":"","_relevanssi_related_exclude_ids":"","_relevanssi_related_no_append":"","_relevanssi_related_not_related":"","_relevanssi_related_posts":"","_relevanssi_noindex_reason":"","footnotes":""},"categories":[1],"tags":[322,2122,2116,2120],"class_list":["post-510","page","type-page","status-publish","hentry","category-yleinen","tag-projektisuunnitelma","tag-tehtavat","tag-wihi","tag-wihi-viestit"],"acf":[],"yoast_head":"<!-- This site is optimized with the Yoast SEO plugin v27.4 - https:\/\/yoast.com\/product\/yoast-seo-wordpress\/ -->\n<title>4.1 Wihi opinn\u00e4ytety\u00f6n ty\u00f6kaluna - Opinn\u00e4ytety\u00f6<\/title>\n<meta name=\"robots\" content=\"index, follow, max-snippet:-1, max-image-preview:large, max-video-preview:-1\" \/>\n<link rel=\"canonical\" href=\"https:\/\/help.jamk.fi\/opinnaytetyo\/fi\/aihe-ehdotus\/opinnaytetyon-projektointi-wihissa-projektisuunnitelma\/\" \/>\n<meta property=\"og:locale\" content=\"fi_FI\" \/>\n<meta property=\"og:type\" content=\"article\" \/>\n<meta property=\"og:title\" content=\"4.1 Wihi opinn\u00e4ytety\u00f6n ty\u00f6kaluna - Opinn\u00e4ytety\u00f6\" \/>\n<meta property=\"og:description\" content=\"Wihi-palvelu on projektinhallinta- ja viestint\u00e4v\u00e4line opinn\u00e4ytety\u00f6llesi. Aikataulutat ty\u00f6si ja seuraat etenemist\u00e4si. Viestit ohjaajasi kanssa ja palautat tiedostoja ohjaajan kommentoitavaksi. Ohjaajasi n\u00e4kee ty\u00f6si edistymisen. Kirjaudu Wihiin osoitteesta https:\/\/wihi.jamk.fi. Wihin etusivu on aluksi l\u00e4hes tyhj\u00e4. Jos sinulla on useita opiskeluoikeuksia, valitse oikeasta reunasta se opiskeluoikeus, johon opinn\u00e4ytety\u00f6t\u00e4 teet (kuvio 1). Tee ensin aihe-ehdotus (ks. luku Aihe-ehdotus) . [&hellip;]\" \/>\n<meta property=\"og:url\" content=\"https:\/\/help.jamk.fi\/opinnaytetyo\/fi\/aihe-ehdotus\/opinnaytetyon-projektointi-wihissa-projektisuunnitelma\/\" \/>\n<meta property=\"og:site_name\" content=\"Opinn\u00e4ytety\u00f6\" \/>\n<meta property=\"article:modified_time\" content=\"2025-05-13T12:53:19+00:00\" \/>\n<meta property=\"og:image\" content=\"https:\/\/help.jamk.fi\/opinnaytetyo\/wp-content\/uploads\/sites\/114\/2021\/04\/image.png\" \/>\n\t<meta property=\"og:image:width\" content=\"2551\" \/>\n\t<meta property=\"og:image:height\" content=\"844\" \/>\n\t<meta property=\"og:image:type\" content=\"image\/png\" \/>\n<meta name=\"twitter:card\" content=\"summary_large_image\" \/>\n<meta name=\"twitter:label1\" content=\"Arvioitu lukuaika\" \/>\n\t<meta name=\"twitter:data1\" content=\"14 minuuttia\" \/>\n<script type=\"application\/ld+json\" class=\"yoast-schema-graph\">{\"@context\":\"https:\\\/\\\/schema.org\",\"@graph\":[{\"@type\":\"WebPage\",\"@id\":\"https:\\\/\\\/help.jamk.fi\\\/opinnaytetyo\\\/fi\\\/aihe-ehdotus\\\/opinnaytetyon-projektointi-wihissa-projektisuunnitelma\\\/\",\"url\":\"https:\\\/\\\/help.jamk.fi\\\/opinnaytetyo\\\/fi\\\/aihe-ehdotus\\\/opinnaytetyon-projektointi-wihissa-projektisuunnitelma\\\/\",\"name\":\"4.1 Wihi opinn\u00e4ytety\u00f6n ty\u00f6kaluna - Opinn\u00e4ytety\u00f6\",\"isPartOf\":{\"@id\":\"https:\\\/\\\/help.jamk.fi\\\/opinnaytetyo\\\/#website\"},\"primaryImageOfPage\":{\"@id\":\"https:\\\/\\\/help.jamk.fi\\\/opinnaytetyo\\\/fi\\\/aihe-ehdotus\\\/opinnaytetyon-projektointi-wihissa-projektisuunnitelma\\\/#primaryimage\"},\"image\":{\"@id\":\"https:\\\/\\\/help.jamk.fi\\\/opinnaytetyo\\\/fi\\\/aihe-ehdotus\\\/opinnaytetyon-projektointi-wihissa-projektisuunnitelma\\\/#primaryimage\"},\"thumbnailUrl\":\"https:\\\/\\\/help.jamk.fi\\\/opinnaytetyo\\\/wp-content\\\/uploads\\\/sites\\\/114\\\/2021\\\/04\\\/image.png\",\"datePublished\":\"2021-04-28T04:01:52+00:00\",\"dateModified\":\"2025-05-13T12:53:19+00:00\",\"breadcrumb\":{\"@id\":\"https:\\\/\\\/help.jamk.fi\\\/opinnaytetyo\\\/fi\\\/aihe-ehdotus\\\/opinnaytetyon-projektointi-wihissa-projektisuunnitelma\\\/#breadcrumb\"},\"inLanguage\":\"fi\",\"potentialAction\":[{\"@type\":\"ReadAction\",\"target\":[\"https:\\\/\\\/help.jamk.fi\\\/opinnaytetyo\\\/fi\\\/aihe-ehdotus\\\/opinnaytetyon-projektointi-wihissa-projektisuunnitelma\\\/\"]}]},{\"@type\":\"ImageObject\",\"inLanguage\":\"fi\",\"@id\":\"https:\\\/\\\/help.jamk.fi\\\/opinnaytetyo\\\/fi\\\/aihe-ehdotus\\\/opinnaytetyon-projektointi-wihissa-projektisuunnitelma\\\/#primaryimage\",\"url\":\"https:\\\/\\\/help.jamk.fi\\\/opinnaytetyo\\\/wp-content\\\/uploads\\\/sites\\\/114\\\/2021\\\/04\\\/image.png\",\"contentUrl\":\"https:\\\/\\\/help.jamk.fi\\\/opinnaytetyo\\\/wp-content\\\/uploads\\\/sites\\\/114\\\/2021\\\/04\\\/image.png\",\"width\":2551,\"height\":844,\"caption\":\"Opiskeluoikeuden valinta Wihin opiskelijan ty\u00f6p\u00f6yd\u00e4ll\u00e4\"},{\"@type\":\"BreadcrumbList\",\"@id\":\"https:\\\/\\\/help.jamk.fi\\\/opinnaytetyo\\\/fi\\\/aihe-ehdotus\\\/opinnaytetyon-projektointi-wihissa-projektisuunnitelma\\\/#breadcrumb\",\"itemListElement\":[{\"@type\":\"ListItem\",\"position\":1,\"name\":\"Etusivu\",\"item\":\"https:\\\/\\\/help.jamk.fi\\\/opinnaytetyo\\\/fi\\\/\"},{\"@type\":\"ListItem\",\"position\":2,\"name\":\"4 Aihe-ehdotus\",\"item\":\"https:\\\/\\\/help.jamk.fi\\\/opinnaytetyo\\\/fi\\\/aihe-ehdotus\\\/\"},{\"@type\":\"ListItem\",\"position\":3,\"name\":\"4.1 Wihi opinn\u00e4ytety\u00f6n ty\u00f6kaluna\"}]},{\"@type\":\"WebSite\",\"@id\":\"https:\\\/\\\/help.jamk.fi\\\/opinnaytetyo\\\/#website\",\"url\":\"https:\\\/\\\/help.jamk.fi\\\/opinnaytetyo\\\/\",\"name\":\"Opinn\u00e4ytety\u00f6\",\"description\":\"\",\"potentialAction\":[{\"@type\":\"SearchAction\",\"target\":{\"@type\":\"EntryPoint\",\"urlTemplate\":\"https:\\\/\\\/help.jamk.fi\\\/opinnaytetyo\\\/?s={search_term_string}\"},\"query-input\":{\"@type\":\"PropertyValueSpecification\",\"valueRequired\":true,\"valueName\":\"search_term_string\"}}],\"inLanguage\":\"fi\"}]}<\/script>\n<!-- \/ Yoast SEO plugin. -->","yoast_head_json":{"title":"4.1 Wihi opinn\u00e4ytety\u00f6n ty\u00f6kaluna - Opinn\u00e4ytety\u00f6","robots":{"index":"index","follow":"follow","max-snippet":"max-snippet:-1","max-image-preview":"max-image-preview:large","max-video-preview":"max-video-preview:-1"},"canonical":"https:\/\/help.jamk.fi\/opinnaytetyo\/fi\/aihe-ehdotus\/opinnaytetyon-projektointi-wihissa-projektisuunnitelma\/","og_locale":"fi_FI","og_type":"article","og_title":"4.1 Wihi opinn\u00e4ytety\u00f6n ty\u00f6kaluna - Opinn\u00e4ytety\u00f6","og_description":"Wihi-palvelu on projektinhallinta- ja viestint\u00e4v\u00e4line opinn\u00e4ytety\u00f6llesi. Aikataulutat ty\u00f6si ja seuraat etenemist\u00e4si. Viestit ohjaajasi kanssa ja palautat tiedostoja ohjaajan kommentoitavaksi. Ohjaajasi n\u00e4kee ty\u00f6si edistymisen. Kirjaudu Wihiin osoitteesta https:\/\/wihi.jamk.fi. Wihin etusivu on aluksi l\u00e4hes tyhj\u00e4. Jos sinulla on useita opiskeluoikeuksia, valitse oikeasta reunasta se opiskeluoikeus, johon opinn\u00e4ytety\u00f6t\u00e4 teet (kuvio 1). Tee ensin aihe-ehdotus (ks. luku Aihe-ehdotus) . [&hellip;]","og_url":"https:\/\/help.jamk.fi\/opinnaytetyo\/fi\/aihe-ehdotus\/opinnaytetyon-projektointi-wihissa-projektisuunnitelma\/","og_site_name":"Opinn\u00e4ytety\u00f6","article_modified_time":"2025-05-13T12:53:19+00:00","og_image":[{"width":2551,"height":844,"url":"https:\/\/help.jamk.fi\/opinnaytetyo\/wp-content\/uploads\/sites\/114\/2021\/04\/image.png","type":"image\/png"}],"twitter_card":"summary_large_image","twitter_misc":{"Arvioitu lukuaika":"14 minuuttia"},"schema":{"@context":"https:\/\/schema.org","@graph":[{"@type":"WebPage","@id":"https:\/\/help.jamk.fi\/opinnaytetyo\/fi\/aihe-ehdotus\/opinnaytetyon-projektointi-wihissa-projektisuunnitelma\/","url":"https:\/\/help.jamk.fi\/opinnaytetyo\/fi\/aihe-ehdotus\/opinnaytetyon-projektointi-wihissa-projektisuunnitelma\/","name":"4.1 Wihi opinn\u00e4ytety\u00f6n ty\u00f6kaluna - Opinn\u00e4ytety\u00f6","isPartOf":{"@id":"https:\/\/help.jamk.fi\/opinnaytetyo\/#website"},"primaryImageOfPage":{"@id":"https:\/\/help.jamk.fi\/opinnaytetyo\/fi\/aihe-ehdotus\/opinnaytetyon-projektointi-wihissa-projektisuunnitelma\/#primaryimage"},"image":{"@id":"https:\/\/help.jamk.fi\/opinnaytetyo\/fi\/aihe-ehdotus\/opinnaytetyon-projektointi-wihissa-projektisuunnitelma\/#primaryimage"},"thumbnailUrl":"https:\/\/help.jamk.fi\/opinnaytetyo\/wp-content\/uploads\/sites\/114\/2021\/04\/image.png","datePublished":"2021-04-28T04:01:52+00:00","dateModified":"2025-05-13T12:53:19+00:00","breadcrumb":{"@id":"https:\/\/help.jamk.fi\/opinnaytetyo\/fi\/aihe-ehdotus\/opinnaytetyon-projektointi-wihissa-projektisuunnitelma\/#breadcrumb"},"inLanguage":"fi","potentialAction":[{"@type":"ReadAction","target":["https:\/\/help.jamk.fi\/opinnaytetyo\/fi\/aihe-ehdotus\/opinnaytetyon-projektointi-wihissa-projektisuunnitelma\/"]}]},{"@type":"ImageObject","inLanguage":"fi","@id":"https:\/\/help.jamk.fi\/opinnaytetyo\/fi\/aihe-ehdotus\/opinnaytetyon-projektointi-wihissa-projektisuunnitelma\/#primaryimage","url":"https:\/\/help.jamk.fi\/opinnaytetyo\/wp-content\/uploads\/sites\/114\/2021\/04\/image.png","contentUrl":"https:\/\/help.jamk.fi\/opinnaytetyo\/wp-content\/uploads\/sites\/114\/2021\/04\/image.png","width":2551,"height":844,"caption":"Opiskeluoikeuden valinta Wihin opiskelijan ty\u00f6p\u00f6yd\u00e4ll\u00e4"},{"@type":"BreadcrumbList","@id":"https:\/\/help.jamk.fi\/opinnaytetyo\/fi\/aihe-ehdotus\/opinnaytetyon-projektointi-wihissa-projektisuunnitelma\/#breadcrumb","itemListElement":[{"@type":"ListItem","position":1,"name":"Etusivu","item":"https:\/\/help.jamk.fi\/opinnaytetyo\/fi\/"},{"@type":"ListItem","position":2,"name":"4 Aihe-ehdotus","item":"https:\/\/help.jamk.fi\/opinnaytetyo\/fi\/aihe-ehdotus\/"},{"@type":"ListItem","position":3,"name":"4.1 Wihi opinn\u00e4ytety\u00f6n ty\u00f6kaluna"}]},{"@type":"WebSite","@id":"https:\/\/help.jamk.fi\/opinnaytetyo\/#website","url":"https:\/\/help.jamk.fi\/opinnaytetyo\/","name":"Opinn\u00e4ytety\u00f6","description":"","potentialAction":[{"@type":"SearchAction","target":{"@type":"EntryPoint","urlTemplate":"https:\/\/help.jamk.fi\/opinnaytetyo\/?s={search_term_string}"},"query-input":{"@type":"PropertyValueSpecification","valueRequired":true,"valueName":"search_term_string"}}],"inLanguage":"fi"}]}},"_links":{"self":[{"href":"https:\/\/help.jamk.fi\/opinnaytetyo\/wp-json\/wp\/v2\/pages\/510","targetHints":{"allow":["GET"]}}],"collection":[{"href":"https:\/\/help.jamk.fi\/opinnaytetyo\/wp-json\/wp\/v2\/pages"}],"about":[{"href":"https:\/\/help.jamk.fi\/opinnaytetyo\/wp-json\/wp\/v2\/types\/page"}],"author":[{"embeddable":true,"href":"https:\/\/help.jamk.fi\/opinnaytetyo\/wp-json\/wp\/v2\/users\/79"}],"replies":[{"embeddable":true,"href":"https:\/\/help.jamk.fi\/opinnaytetyo\/wp-json\/wp\/v2\/comments?post=510"}],"version-history":[{"count":45,"href":"https:\/\/help.jamk.fi\/opinnaytetyo\/wp-json\/wp\/v2\/pages\/510\/revisions"}],"predecessor-version":[{"id":5877,"href":"https:\/\/help.jamk.fi\/opinnaytetyo\/wp-json\/wp\/v2\/pages\/510\/revisions\/5877"}],"up":[{"embeddable":true,"href":"https:\/\/help.jamk.fi\/opinnaytetyo\/wp-json\/wp\/v2\/pages\/483"}],"wp:attachment":[{"href":"https:\/\/help.jamk.fi\/opinnaytetyo\/wp-json\/wp\/v2\/media?parent=510"}],"wp:term":[{"taxonomy":"category","embeddable":true,"href":"https:\/\/help.jamk.fi\/opinnaytetyo\/wp-json\/wp\/v2\/categories?post=510"},{"taxonomy":"post_tag","embeddable":true,"href":"https:\/\/help.jamk.fi\/opinnaytetyo\/wp-json\/wp\/v2\/tags?post=510"}],"curies":[{"name":"wp","href":"https:\/\/api.w.org\/{rel}","templated":true}]}}