{"id":52,"date":"2020-04-17T06:21:27","date_gmt":"2020-04-17T03:21:27","guid":{"rendered":"https:\/\/help.jamk.fi\/opinnaytetyo\/opinnaytetyo\/julkisuus\/"},"modified":"2026-03-05T15:26:49","modified_gmt":"2026-03-05T13:26:49","slug":"julkisuus","status":"publish","type":"page","link":"https:\/\/help.jamk.fi\/opinnaytetyo\/fi\/opinnaytetyo\/julkisuus\/","title":{"rendered":"1.5 Opinn\u00e4ytety\u00f6n julkisuus ja tekij\u00e4noikeudet"},"content":{"rendered":"\n<p>Opinn\u00e4ytety\u00f6 on julkinen ja sen on oltava avoimesti arvioitavissa. Kokonaan salassa pidett\u00e4v\u00e4\u00e4 opinn\u00e4ytety\u00f6t\u00e4 ei Jamkissa voi tehd\u00e4. Julkisuudella turvataan opinn\u00e4ytet\u00f6iden objektiivinen ja tasapuolinen arviointi.<\/p>\n\n\n\n<A HREF=https:\/\/panopto.jamk.fi\/Panopto\/Pages\/Viewer.aspx?id=6e5ca598-a3ec-419e-beaf-b40400d6c7a2>Katsotko mieluummin videona? T\u00e4ss\u00e4 samat asiat noin 4min videona (Panoptossa). <\/A>\n\n\n\n<p><\/p>\n\n\n\n<h2 class=\"wp-block-heading\">Opinn\u00e4ytety\u00f6n osien salaaminen ja salassapitosopimus<\/h2>\n\n\n\n<p>Joskus opinn\u00e4ytety\u00f6 voi sis\u00e4lt\u00e4\u00e4 salassapidett\u00e4v\u00e4\u00e4 tietoa (esim. toimeksiantajan liikesalaisuudet).  Tyypillisimmin salataan opinn\u00e4ytety\u00f6n tulokset (tai osa tuloksista), joskus my\u00f6s johtop\u00e4\u00e4t\u00f6kset.  Salassa pidett\u00e4v\u00e4t osiot laitetaan opinn\u00e4ytety\u00f6n liitteisiin. <\/p>\n\n\n\n<p>Salaamiselle on oltava lakiin perustuva peruste. Jos  salassapitoperusteet ovat ep\u00e4selvi\u00e4, Jamkin edustajat keskustelevat t\u00e4st\u00e4 opinn\u00e4ytety\u00f6n toimeksiantajan kanssa. Keskusteluissa on selke\u00e4sti perusteltava opinn\u00e4ytety\u00f6n julkisuusperiaatteet ja salassa pidett\u00e4v\u00e4\u00e4 osaa koskevat laillisuusperiaatteet. <\/p>\n\n\n\n<p>Salassapitoa varten opiskelija, toimeksiantaja ja Jamkin edustaja allekirjoittavat salassapitosopimuksen. Se tulee <strong>opinn\u00e4ytety\u00f6sopimuksen liitteeksi <em>Liite 1 Opinn\u00e4ytety\u00f6n liiteaineiston salassapitosopimus.<\/em><\/strong> Jamkin edustajalla on oltava nimenkirjoitusoikeus, alasta riippuen h\u00e4n on esimerkiksi koulutusp\u00e4\u00e4llikk\u00f6 tai tutkintovastaava.<\/p>\n\n\n\n<p><\/p>\n\n\n\n<h3 class=\"wp-block-heading\"><strong>Liiteaineiston salassapitoaika<\/strong><\/h3>\n\n\n\n<p>Liiteaineiston salassapitoaika on tavallisesti 2 mutta enint\u00e4\u00e4n 25 vuotta. Salassapito voi olla t\u00e4t\u00e4 pidempi vain erityislain perusteella. Salassapitoa ei voi koskaan sopia ikuiseksi tai toistaiseksi voimassa olevaksi.<\/p>\n\n\n\n<p>Salassapitoaika lasketaan alkavaksi siit\u00e4 p\u00e4iv\u00e4st\u00e4, jolloin opiskelija palauttaa ty\u00f6ns\u00e4 arvioitavaksi.<\/p>\n\n\n\n<p>Esimerkiksi jos palautat opinn\u00e4ytety\u00f6si arvioitavaksi 23.5.2025 ja liiteaineisto on m\u00e4\u00e4ritetty salassa pidett\u00e4v\u00e4ksi viisi (5) vuotta, salassapito p\u00e4\u00e4ttyy 24.5.2030.<\/p>\n\n\n\n<h2 class=\"wp-block-heading\"><strong>Salassapitomerkinn\u00e4t<\/strong><\/h2>\n\n\n\n<p>Merkitse tieto salassa pidett\u00e4vist\u00e4 liitteist\u00e4 opinn\u00e4ytety\u00f6n kuvailulehdelle <em>Muut tiedot<\/em> -kohtaan. Tee merkint\u00e4 my\u00f6s kuhunkin salassapidett\u00e4v\u00e4\u00e4n liitteeseen.<\/p>\n\n\n\n<p>Salassa pidett\u00e4v\u00e4 osuus tai henkil\u00f6tiedot poistetaan julkisesta versiosta kokonaan, eli teksti\u00e4 ei pid\u00e4 vain peitt\u00e4\u00e4! Tiedon peitt\u00e4minen tai &#8221;mustaaminen&#8221; PDF-tiedostossa ei riit\u00e4 tiedon salaamiseksi. Tiedostoa ei my\u00f6sk\u00e4\u00e4n lukita salasanalla.<\/p>\n\n\n\n<h3 class=\"wp-block-heading\"><strong>Kuvailulehti, Muut tiedot -kohta<\/strong><\/h3>\n\n\n\n<p><strong>Esimerkiksi<\/strong><br><em>Liitteet 1 ,4 ja 7 ovat salassa pidett\u00e4vi\u00e4, ja ne on poistettu julkisesta ty\u00f6st\u00e4. Salassapidon peruste on Julkisuuslain 621\/1999 24\u00a7, kohta 17, yrityksen liike\u2010 tai ammattisalaisuus. Salassapitoaika on viisi (5) vuotta, salassapito p\u00e4\u00e4ttyy 18.5.2028.<\/em><\/p>\n\n\n\n<h3 class=\"wp-block-heading\"><strong>Tiedon merkitseminen liitteeseen<\/strong><\/h3>\n\n\n\n<p>Salassa pidett\u00e4v\u00e4n liitteen otsikon per\u00e4\u00e4n tehd\u00e4\u00e4n merkint\u00e4 (salassa pidett\u00e4v\u00e4).<\/p>\n\n\n\n<p><strong>Esimerkiksi<\/strong><br><em>Liite 1. Potkukelkan rakettimoottorin kuvaus (salassa pidett\u00e4v\u00e4)<\/em><\/p>\n\n\n\n<p><\/p>\n\n\n  <div id=\"notice-box-block_f0dad5f463360cd12c70e4d2517fd98e\" class=\"block-notice-box block-notice-box\">\n          <h2 class=\"block-notice-box__heading\">Esimerkki salausmerkinn\u00f6ist\u00e4<\/h2>\n    \n    <p>Kati M\u00e4klin: Koronan vaikutus logistiikkaan ja kuluihin, 2022 (Theseus)<\/p>\n\n          <a class=\"button-primary-icon\" href=\"https:\/\/www.theseus.fi\/handle\/10024\/753645\" target=\"_blank\" rel=\"noopener nofollow\">\n        Kati M\u00e4klin, 2022 (Theseus)<i  ><svg aria-hidden=\"true\" viewBox=\"0 0 12 12\" fill=\"none\" xmlns=\"http:\/\/www.w3.org\/2000\/svg\"><path d=\"M9.23 11.17H.77V1.83h4.615V1H0v11h10V6.189h-.77v4.98z\" fill=\"#fff\"\/><path d=\"M7.002 0v.833h3.576L4 7.411 4.589 8l6.578-6.578v3.576H12V0H7.002z\" fill=\"#fff\"\/><\/svg><\/i>      <\/a>\n      <\/div>\n\n\n\n<h2 class=\"wp-block-heading\">Tekij\u00e4noikeudet<\/h2>\n\n\n\n<p>Opinn\u00e4ytety\u00f6n tekij\u00e4noikeudet kuuluvat opiskelijalle.<\/p>\n\n\n\n<p>Toimeksiantaja saa k\u00e4ytt\u00f6oikeuden opinn\u00e4ytety\u00f6h\u00f6n sen valmistuttua. Opinn\u00e4ytety\u00f6sopimuksessa sovit my\u00f6s k\u00e4ytt\u00f6oikeuden laajuudesta. Mik\u00e4li opinn\u00e4ytety\u00f6n yhteydess\u00e4 on syntynyt muita teoksia (esimerkiksi ohjeita, k\u00e4sikirja tms.) tai aineettomia oikeuksia, tekij\u00e4 ja toimeksiantaja sopivat n\u00e4iden oikeuksien luovuttamisesta ja k\u00e4yt\u00f6st\u00e4 erikseen.<\/p>\n\n\n\n<h2 class=\"wp-block-heading\">Julkaiseminen ja arkistointi<\/h2>\n\n\n\n<p>Opiskelija julkaisee opinn\u00e4ytety\u00f6ns\u00e4 avoimessa Theseus-kokoelmassa. Avoimen kokoelman vaihtoehtona on Jamkin k\u00e4ytt\u00e4jille rajattu Theseus-kokoelma .<\/p>\n\n\n\n<p>Lue lis\u00e4\u00e4 julkaisemisesta ja arkistoinnista kohdasta 11 Theseus-julkaisu.<\/p>\n\n\n\n<h2 class=\"wp-block-heading\"><strong>Lomakkeet<\/strong><\/h2>\n\n\n\n<p><a href=\"https:\/\/jamkstudent.sharepoint.com\/:w:\/r\/sites\/Assets\/OfficeTemplates\/Opiskelijat%20-%20Students\/Opinnaytetyosopimus.dotx?d=w61c639b59e0a45aaa59251c23745c0d0&amp;csf=1&amp;web=1&amp;e=gdzm4Q\">Sopimus opinn\u00e4ytety\u00f6st\u00e4 (dotx)<\/a><\/p>\n\n\n\n<p><a href=\"https:\/\/jamkstudent.sharepoint.com\/:w:\/r\/sites\/Assets\/OfficeTemplates\/Opiskelijat%20-%20Students\/Salassapitosopimus.dotx?d=w6f0f1bca5d7248bb9486f9a13e035450&amp;csf=1&amp;web=1&amp;e=5EyVJT\">Liite 1 Opinn\u00e4ytety\u00f6n liiteaineiston salassapitosopimus (dotx)<\/a><\/p>\n\n\n\n<p><em>P\u00e4ivitetty 7.4.2025<\/em><\/p>\n\n\n\n<p>&nbsp;<\/p>\n","protected":false},"excerpt":{"rendered":"<p>Opinn\u00e4ytety\u00f6 on julkinen ja sen on oltava avoimesti arvioitavissa. Kokonaan salassa pidett\u00e4v\u00e4\u00e4 opinn\u00e4ytety\u00f6t\u00e4 ei Jamkissa voi tehd\u00e4. Julkisuudella turvataan opinn\u00e4ytet\u00f6iden objektiivinen ja tasapuolinen arviointi. Katsotko mieluummin videona? T\u00e4ss\u00e4 samat asiat noin 4min videona (Panoptossa). Opinn\u00e4ytety\u00f6n osien salaaminen ja salassapitosopimus Joskus opinn\u00e4ytety\u00f6 voi sis\u00e4lt\u00e4\u00e4 salassapidett\u00e4v\u00e4\u00e4 tietoa (esim. toimeksiantajan liikesalaisuudet). Tyypillisimmin salataan opinn\u00e4ytety\u00f6n tulokset (tai osa tuloksista), [&hellip;]<\/p>\n","protected":false},"author":79,"featured_media":0,"parent":7,"menu_order":5,"comment_status":"closed","ping_status":"closed","template":"","meta":{"_acf_changed":false,"_relevanssi_hide_post":"","_relevanssi_hide_content":"","_relevanssi_pin_for_all":"","_relevanssi_pin_keywords":"","_relevanssi_unpin_keywords":"","_relevanssi_related_keywords":"","_relevanssi_related_include_ids":"","_relevanssi_related_exclude_ids":"","_relevanssi_related_no_append":"","_relevanssi_related_not_related":"","_relevanssi_related_posts":"","_relevanssi_noindex_reason":"","footnotes":""},"categories":[1],"tags":[124,136,142,148,1194,2102,154],"class_list":["post-52","page","type-page","status-publish","hentry","category-yleinen","tag-julkisuus","tag-opinnaytetyon-julkisuus","tag-salassapidettavat-liitteet","tag-salassapito","tag-salassapitosopimus","tag-salattu-tyo","tag-sopimus"],"acf":[],"yoast_head":"<!-- This site is optimized with the Yoast SEO plugin v27.3 - https:\/\/yoast.com\/product\/yoast-seo-wordpress\/ -->\n<title>1.5 Opinn\u00e4ytety\u00f6n julkisuus ja tekij\u00e4noikeudet - Opinn\u00e4ytety\u00f6<\/title>\n<meta name=\"robots\" content=\"index, follow, max-snippet:-1, max-image-preview:large, max-video-preview:-1\" \/>\n<link rel=\"canonical\" href=\"https:\/\/help.jamk.fi\/opinnaytetyo\/fi\/opinnaytetyo\/julkisuus\/\" \/>\n<meta property=\"og:locale\" content=\"fi_FI\" \/>\n<meta property=\"og:type\" content=\"article\" \/>\n<meta property=\"og:title\" content=\"1.5 Opinn\u00e4ytety\u00f6n julkisuus ja tekij\u00e4noikeudet - Opinn\u00e4ytety\u00f6\" \/>\n<meta property=\"og:description\" content=\"Opinn\u00e4ytety\u00f6 on julkinen ja sen on oltava avoimesti arvioitavissa. Kokonaan salassa pidett\u00e4v\u00e4\u00e4 opinn\u00e4ytety\u00f6t\u00e4 ei Jamkissa voi tehd\u00e4. Julkisuudella turvataan opinn\u00e4ytet\u00f6iden objektiivinen ja tasapuolinen arviointi. Katsotko mieluummin videona? T\u00e4ss\u00e4 samat asiat noin 4min videona (Panoptossa). Opinn\u00e4ytety\u00f6n osien salaaminen ja salassapitosopimus Joskus opinn\u00e4ytety\u00f6 voi sis\u00e4lt\u00e4\u00e4 salassapidett\u00e4v\u00e4\u00e4 tietoa (esim. toimeksiantajan liikesalaisuudet). Tyypillisimmin salataan opinn\u00e4ytety\u00f6n tulokset (tai osa tuloksista), [&hellip;]\" \/>\n<meta property=\"og:url\" content=\"https:\/\/help.jamk.fi\/opinnaytetyo\/fi\/opinnaytetyo\/julkisuus\/\" \/>\n<meta property=\"og:site_name\" content=\"Opinn\u00e4ytety\u00f6\" \/>\n<meta property=\"article:modified_time\" content=\"2026-03-05T13:26:49+00:00\" \/>\n<meta name=\"twitter:card\" content=\"summary_large_image\" \/>\n<meta name=\"twitter:label1\" content=\"Arvioitu lukuaika\" \/>\n\t<meta name=\"twitter:data1\" content=\"3 minuuttia\" \/>\n<script type=\"application\/ld+json\" class=\"yoast-schema-graph\">{\"@context\":\"https:\\\/\\\/schema.org\",\"@graph\":[{\"@type\":\"WebPage\",\"@id\":\"https:\\\/\\\/help.jamk.fi\\\/opinnaytetyo\\\/fi\\\/opinnaytetyo\\\/julkisuus\\\/\",\"url\":\"https:\\\/\\\/help.jamk.fi\\\/opinnaytetyo\\\/fi\\\/opinnaytetyo\\\/julkisuus\\\/\",\"name\":\"1.5 Opinn\u00e4ytety\u00f6n julkisuus ja tekij\u00e4noikeudet - Opinn\u00e4ytety\u00f6\",\"isPartOf\":{\"@id\":\"https:\\\/\\\/help.jamk.fi\\\/opinnaytetyo\\\/#website\"},\"datePublished\":\"2020-04-17T03:21:27+00:00\",\"dateModified\":\"2026-03-05T13:26:49+00:00\",\"breadcrumb\":{\"@id\":\"https:\\\/\\\/help.jamk.fi\\\/opinnaytetyo\\\/fi\\\/opinnaytetyo\\\/julkisuus\\\/#breadcrumb\"},\"inLanguage\":\"fi\",\"potentialAction\":[{\"@type\":\"ReadAction\",\"target\":[\"https:\\\/\\\/help.jamk.fi\\\/opinnaytetyo\\\/fi\\\/opinnaytetyo\\\/julkisuus\\\/\"]}]},{\"@type\":\"BreadcrumbList\",\"@id\":\"https:\\\/\\\/help.jamk.fi\\\/opinnaytetyo\\\/fi\\\/opinnaytetyo\\\/julkisuus\\\/#breadcrumb\",\"itemListElement\":[{\"@type\":\"ListItem\",\"position\":1,\"name\":\"Etusivu\",\"item\":\"https:\\\/\\\/help.jamk.fi\\\/opinnaytetyo\\\/fi\\\/\"},{\"@type\":\"ListItem\",\"position\":2,\"name\":\"1 Opinn\u00e4ytety\u00f6\",\"item\":\"https:\\\/\\\/help.jamk.fi\\\/opinnaytetyo\\\/fi\\\/opinnaytetyo\\\/\"},{\"@type\":\"ListItem\",\"position\":3,\"name\":\"1.5 Opinn\u00e4ytety\u00f6n julkisuus ja tekij\u00e4noikeudet\"}]},{\"@type\":\"WebSite\",\"@id\":\"https:\\\/\\\/help.jamk.fi\\\/opinnaytetyo\\\/#website\",\"url\":\"https:\\\/\\\/help.jamk.fi\\\/opinnaytetyo\\\/\",\"name\":\"Opinn\u00e4ytety\u00f6\",\"description\":\"\",\"potentialAction\":[{\"@type\":\"SearchAction\",\"target\":{\"@type\":\"EntryPoint\",\"urlTemplate\":\"https:\\\/\\\/help.jamk.fi\\\/opinnaytetyo\\\/?s={search_term_string}\"},\"query-input\":{\"@type\":\"PropertyValueSpecification\",\"valueRequired\":true,\"valueName\":\"search_term_string\"}}],\"inLanguage\":\"fi\"}]}<\/script>\n<!-- \/ Yoast SEO plugin. -->","yoast_head_json":{"title":"1.5 Opinn\u00e4ytety\u00f6n julkisuus ja tekij\u00e4noikeudet - Opinn\u00e4ytety\u00f6","robots":{"index":"index","follow":"follow","max-snippet":"max-snippet:-1","max-image-preview":"max-image-preview:large","max-video-preview":"max-video-preview:-1"},"canonical":"https:\/\/help.jamk.fi\/opinnaytetyo\/fi\/opinnaytetyo\/julkisuus\/","og_locale":"fi_FI","og_type":"article","og_title":"1.5 Opinn\u00e4ytety\u00f6n julkisuus ja tekij\u00e4noikeudet - Opinn\u00e4ytety\u00f6","og_description":"Opinn\u00e4ytety\u00f6 on julkinen ja sen on oltava avoimesti arvioitavissa. Kokonaan salassa pidett\u00e4v\u00e4\u00e4 opinn\u00e4ytety\u00f6t\u00e4 ei Jamkissa voi tehd\u00e4. Julkisuudella turvataan opinn\u00e4ytet\u00f6iden objektiivinen ja tasapuolinen arviointi. Katsotko mieluummin videona? T\u00e4ss\u00e4 samat asiat noin 4min videona (Panoptossa). Opinn\u00e4ytety\u00f6n osien salaaminen ja salassapitosopimus Joskus opinn\u00e4ytety\u00f6 voi sis\u00e4lt\u00e4\u00e4 salassapidett\u00e4v\u00e4\u00e4 tietoa (esim. toimeksiantajan liikesalaisuudet). Tyypillisimmin salataan opinn\u00e4ytety\u00f6n tulokset (tai osa tuloksista), [&hellip;]","og_url":"https:\/\/help.jamk.fi\/opinnaytetyo\/fi\/opinnaytetyo\/julkisuus\/","og_site_name":"Opinn\u00e4ytety\u00f6","article_modified_time":"2026-03-05T13:26:49+00:00","twitter_card":"summary_large_image","twitter_misc":{"Arvioitu lukuaika":"3 minuuttia"},"schema":{"@context":"https:\/\/schema.org","@graph":[{"@type":"WebPage","@id":"https:\/\/help.jamk.fi\/opinnaytetyo\/fi\/opinnaytetyo\/julkisuus\/","url":"https:\/\/help.jamk.fi\/opinnaytetyo\/fi\/opinnaytetyo\/julkisuus\/","name":"1.5 Opinn\u00e4ytety\u00f6n julkisuus ja tekij\u00e4noikeudet - Opinn\u00e4ytety\u00f6","isPartOf":{"@id":"https:\/\/help.jamk.fi\/opinnaytetyo\/#website"},"datePublished":"2020-04-17T03:21:27+00:00","dateModified":"2026-03-05T13:26:49+00:00","breadcrumb":{"@id":"https:\/\/help.jamk.fi\/opinnaytetyo\/fi\/opinnaytetyo\/julkisuus\/#breadcrumb"},"inLanguage":"fi","potentialAction":[{"@type":"ReadAction","target":["https:\/\/help.jamk.fi\/opinnaytetyo\/fi\/opinnaytetyo\/julkisuus\/"]}]},{"@type":"BreadcrumbList","@id":"https:\/\/help.jamk.fi\/opinnaytetyo\/fi\/opinnaytetyo\/julkisuus\/#breadcrumb","itemListElement":[{"@type":"ListItem","position":1,"name":"Etusivu","item":"https:\/\/help.jamk.fi\/opinnaytetyo\/fi\/"},{"@type":"ListItem","position":2,"name":"1 Opinn\u00e4ytety\u00f6","item":"https:\/\/help.jamk.fi\/opinnaytetyo\/fi\/opinnaytetyo\/"},{"@type":"ListItem","position":3,"name":"1.5 Opinn\u00e4ytety\u00f6n julkisuus ja tekij\u00e4noikeudet"}]},{"@type":"WebSite","@id":"https:\/\/help.jamk.fi\/opinnaytetyo\/#website","url":"https:\/\/help.jamk.fi\/opinnaytetyo\/","name":"Opinn\u00e4ytety\u00f6","description":"","potentialAction":[{"@type":"SearchAction","target":{"@type":"EntryPoint","urlTemplate":"https:\/\/help.jamk.fi\/opinnaytetyo\/?s={search_term_string}"},"query-input":{"@type":"PropertyValueSpecification","valueRequired":true,"valueName":"search_term_string"}}],"inLanguage":"fi"}]}},"_links":{"self":[{"href":"https:\/\/help.jamk.fi\/opinnaytetyo\/wp-json\/wp\/v2\/pages\/52","targetHints":{"allow":["GET"]}}],"collection":[{"href":"https:\/\/help.jamk.fi\/opinnaytetyo\/wp-json\/wp\/v2\/pages"}],"about":[{"href":"https:\/\/help.jamk.fi\/opinnaytetyo\/wp-json\/wp\/v2\/types\/page"}],"author":[{"embeddable":true,"href":"https:\/\/help.jamk.fi\/opinnaytetyo\/wp-json\/wp\/v2\/users\/79"}],"replies":[{"embeddable":true,"href":"https:\/\/help.jamk.fi\/opinnaytetyo\/wp-json\/wp\/v2\/comments?post=52"}],"version-history":[{"count":23,"href":"https:\/\/help.jamk.fi\/opinnaytetyo\/wp-json\/wp\/v2\/pages\/52\/revisions"}],"predecessor-version":[{"id":6212,"href":"https:\/\/help.jamk.fi\/opinnaytetyo\/wp-json\/wp\/v2\/pages\/52\/revisions\/6212"}],"up":[{"embeddable":true,"href":"https:\/\/help.jamk.fi\/opinnaytetyo\/wp-json\/wp\/v2\/pages\/7"}],"wp:attachment":[{"href":"https:\/\/help.jamk.fi\/opinnaytetyo\/wp-json\/wp\/v2\/media?parent=52"}],"wp:term":[{"taxonomy":"category","embeddable":true,"href":"https:\/\/help.jamk.fi\/opinnaytetyo\/wp-json\/wp\/v2\/categories?post=52"},{"taxonomy":"post_tag","embeddable":true,"href":"https:\/\/help.jamk.fi\/opinnaytetyo\/wp-json\/wp\/v2\/tags?post=52"}],"curies":[{"name":"wp","href":"https:\/\/api.w.org\/{rel}","templated":true}]}}