{"id":5439,"date":"2025-04-02T14:47:05","date_gmt":"2025-04-02T11:47:05","guid":{"rendered":"https:\/\/help.jamk.fi\/opinnaytetyo\/?page_id=5439"},"modified":"2025-04-13T16:51:41","modified_gmt":"2025-04-13T13:51:41","slug":"anvisningar-for-mognadsprov","status":"publish","type":"page","link":"https:\/\/help.jamk.fi\/opinnaytetyo\/fi\/kypsyysnayte-osana-korkeakoulututkintoa\/anvisningar-for-mognadsprov\/","title":{"rendered":"9.2 Anvisningar f\u00f6r mognadsprov"},"content":{"rendered":"\n<p>Mognadsprovet \u00e4r en obligatorisk del av h\u00f6gskoleexamen (f\u00f6rordning om yrkesh\u00f6gskolor 1129\/2014) och genom det visar du dina kunskaper inom ditt studeomr\u00e5de samt dina kunskaper i finska eller svenska. Mognadsprovet skrivs p\u00e5 ditt skolutbildningsspr\u00e5k (finska eller svenska). Det skolutbildningsspr\u00e5k som avses i f\u00f6rordningen \u00e4r det spr\u00e5k p\u00e5 vilket du har genomf\u00f6rt grundskolan eller gymnasiet. Mognadsprovet ing\u00e5r i b\u00e5de l\u00e4gre och h\u00f6gre yrkesh\u00f6gskoleexamina.<\/p>\n\n\n\n<p>Om du \u00e4r os\u00e4ker p\u00e5 ditt skolutbildningsspr\u00e5k, prata om det med din handledare. Vidare, n\u00e4r du vet att du ska skriva mognadsprovet p\u00e5 svenska, meddela din handledare om det i god tid, s\u00e5 att hen kan skapa provet f\u00f6r dig.<\/p>\n\n\n\n<p><\/p>\n\n\n\n<p>Mognadsprov f\u00f6r l\u00e4gre yrkesh\u00f6gskolexamina skrivs i Exam Studio. Boka din tid f\u00f6r mognadsprovet, n\u00e4r du har f\u00e5tt tillst\u00e5nd fr\u00e5n din handledare. Skrivtiden \u00e4r 2 timmar och 15 minuter (Efter 1.8.2025 \u00e4r skrivtiden 2 timmar). Du f\u00e5r inte ha med dig extra material i provet.<\/p>\n\n\n\n<h2 class=\"wp-block-heading\">Skrivanvisningar<\/h2>\n\n\n\n<p>Skapa ett pressmeddelande om ditt l\u00e4rdomsprov. Pressmeddelandet ska vara en l\u00e4ttbegriplig och intressant nyhetstext om ditt l\u00e4rdomsprov. Om l\u00e4rdomsprov f\u00f6r yrkesh\u00f6gskoleexamina skapas ett internt meddelande inom Jamk och om l\u00e4rdomsprov f\u00f6r h\u00f6gre yrkesh\u00f6gskoleexamina skapas ett pressmeddelande f\u00f6r media i allm\u00e4nhet. Ge din text en nyhetsm\u00e4ssig rubrik och format och anpassa pressmeddelandet efter din m\u00e5lgrupp.<\/p>\n\n\n\n<p>I det f\u00f6rsta textstycket skriver du vem som gjorde vad och var, samt vilka de mest intressanta resultaten av arbetet \u00e4r. Du kan b\u00f6rja nyheten med nyhetsk\u00e4rnan (= det mest intressanta) eller genom att introducera i stil med: <em>Stina Studerande, logistikstuderande p\u00e5 Jyv\u00e4skyl\u00e4 yrkesh\u00f6gskola, unders\u00f6kte i sitt l\u00e4rdomsprov<\/em> \u2026 (= vem som gjorde vad, var). <em>Enligt unders\u00f6kningen<\/em>\u2026 (det centrala resultatet och dess betydelse, eller ett par resultat). <strong>Skriv inte i jag-form, utan ur en utomst\u00e5endes synvinkel<\/strong>. <strong>Anv\u00e4nd inte ord som studerande eller forskare om dig sj\u00e4lv, utan n\u00e4mn f\u00f6rst hela namnet och d\u00e4refter vid behov endast efternamnet. Fokusera p\u00e5 \u00e4mnet, inte p\u00e5 personen. Kom ih\u00e5g att n\u00e4mna Jyv\u00e4skyl\u00e4 yrkesh\u00f6gskola.<\/strong><\/p>\n\n\n\n<p>Skapa rubriken utifr\u00e5n inneh\u00e5llet i det f\u00f6rsta textstycket. I rubriken ska du nyhetsm\u00e4ssigt summera det viktigaste i ditt l\u00e4rdomsprov, till exempel <em>\u00c4ven sm\u00e5 och medelstora f\u00f6retag drar nytta av ny teknologi<\/em>. Rubriken p\u00e5 pressmeddelandet f\u00e5r inte vara samma som titeln f\u00f6r ditt l\u00e4rdomsprov.<\/p>\n\n\n\n<p>Efter det f\u00f6rsta textstycket presenterar du resultaten mer utf\u00f6rligt. L\u00e4gg st\u00f6rst vikt p\u00e5 den h\u00e4r delen av ditt pressmeddelande. Ber\u00e4tta sedan lite om genomf\u00f6randet. D\u00e4refter eventuell bakgrundsinformation och slutligen hur resultaten kan anv\u00e4ndas eller till\u00e4mpas. Kom ih\u00e5g att dela upp din text i stycken. Redog\u00f6r inte steg f\u00f6r steg hur arbetet framskred, utan fokusera p\u00e5 resultaten. Anv\u00e4nd inte forskningsmetodernas terminologi. <\/p>\n\n\n\n<p>En tom rad markerar slutet p\u00e5 ett stycke. En l\u00e4mplig l\u00e4ngd p\u00e5 pressmeddelandet \u00e4r en sida, 300\u2013400 ord (3000\u20133500 tecken). Ange dina kontaktuppgifter i slutet av texten. Dessa r\u00e4knas inte med i textens l\u00e4ngd. Kom ih\u00e5g att ett pressmeddelandet inte \u00e4r en sammanfattning eller en f\u00e4rdig artikel om l\u00e4rdomsprovet, utan en text som fungerar som ett underlag till en nyhet. Lista inte saker i texten, utan skriv i god saklig stil med hela meningar. De viktigaste nyhetsv\u00e4rdiga sakerna skriver du i b\u00f6rjan av meddelandet, vilka du senare i texten ger mer bakgrundsinformation om. V\u00e4lj allts\u00e5 ut de viktiga och intressanta sakerna.<\/p>\n\n\n\n<p>Kontaktuppgifter (ers\u00e4tt med dina egna uppgifter):<br>F\u00f6rnamn Efternamn, utbildningsomr\u00e5de, utbildningsprogram, Jyv\u00e4skyl\u00e4 yrkesh\u00f6gskola.<br>f\u00f6rnamn.efternamn@xxx.com<br>Svensson, S. 2023. L\u00e4rdomsprovets titel. L\u00e4rdomsprov. Utbildningsomr\u00e5de, utbildningsprogram.<br>Jyv\u00e4skyl\u00e4: Jyv\u00e4skyl\u00e4 yrkesh\u00f6gskola.<br>L\u00e4rdomsprovets handledare<\/p>\n\n\n\n<h2 class=\"wp-block-heading\">Bed\u00f6mningskriterier<\/h2>\n\n\n\n<p>Mognadsprovet bed\u00f6ms p\u00e5 skalan godk\u00e4nt\/underk\u00e4nt. I mognadsprov f\u00f6r yrkesh\u00f6gskoleexamina granskas b\u00e5de inneh\u00e5llet (handledare) och spr\u00e5ket (spr\u00e5kl\u00e4rare). I mognadsprov f\u00f6r h\u00f6gre yrkesh\u00f6gskoleexamina granskar handledaren b\u00e5de inneh\u00e5llet och spr\u00e5ket. F\u00f6r att mognadsprovet ska kunna godk\u00e4nnas m\u00e5ste l\u00e4ngden p\u00e5 den vara enligt anvisningarna.<br><br>I texten granskas<\/p>\n\n\n\n<ol class=\"wp-block-list\">\n<li>inneh\u00e5llet: pressmeddelandets l\u00e4ttbegriplighet, de v\u00e4sentliga resultaten och nyttoaspekten presenteras i pressmeddelandet, inneh\u00e5llet presenteras p\u00e5 ett sakkunnigt s\u00e4tt<br><\/li>\n\n\n\n<li>spr\u00e5ket: texten ska vara frist\u00e5ende (l\u00e4saren ska inte beh\u00f6va vara bekant med l\u00e4rdomsprovet f\u00f6r att kunna f\u00f6rst\u00e5 texten), texten ska vara strukturerad och uppbyggd p\u00e5 ett logiskt s\u00e4tt, texten ska vara sakprosa och spr\u00e5kligt felfri.<br><br>Mognadsprovet underk\u00e4nns om texten \u00e4r f\u00f6r kort, rubriken saknas eller texten \u00e4r skriven i jag-form.<\/li>\n<\/ol>\n\n\n\n<p><\/p>\n","protected":false},"excerpt":{"rendered":"<p>Mognadsprovet \u00e4r en obligatorisk del av h\u00f6gskoleexamen (f\u00f6rordning om yrkesh\u00f6gskolor 1129\/2014) och genom det visar du dina kunskaper inom ditt studeomr\u00e5de samt dina kunskaper i finska eller svenska. Mognadsprovet skrivs p\u00e5 ditt skolutbildningsspr\u00e5k (finska eller svenska). Det skolutbildningsspr\u00e5k som avses i f\u00f6rordningen \u00e4r det spr\u00e5k p\u00e5 vilket du har genomf\u00f6rt grundskolan eller gymnasiet. Mognadsprovet ing\u00e5r [&hellip;]<\/p>\n","protected":false},"author":471,"featured_media":0,"parent":4207,"menu_order":2,"comment_status":"closed","ping_status":"closed","template":"","meta":{"_acf_changed":false,"_relevanssi_hide_post":"","_relevanssi_hide_content":"","_relevanssi_pin_for_all":"","_relevanssi_pin_keywords":"","_relevanssi_unpin_keywords":"","_relevanssi_related_keywords":"","_relevanssi_related_include_ids":"","_relevanssi_related_exclude_ids":"","_relevanssi_related_no_append":"","_relevanssi_related_not_related":"","_relevanssi_related_posts":"","_relevanssi_noindex_reason":"","footnotes":""},"categories":[],"tags":[2084,2086,2082,2088],"class_list":["post-5439","page","type-page","status-publish","hentry","tag-kypsyysnayte-ruotsiksi","tag-maturity-test-in-swedish","tag-mognadsprov","tag-svenska"],"acf":[],"yoast_head":"<!-- This site is optimized with the Yoast SEO plugin v27.3 - https:\/\/yoast.com\/product\/yoast-seo-wordpress\/ -->\n<title>9.2 Anvisningar f\u00f6r mognadsprov - Opinn\u00e4ytety\u00f6<\/title>\n<meta name=\"robots\" content=\"index, follow, max-snippet:-1, max-image-preview:large, max-video-preview:-1\" \/>\n<link rel=\"canonical\" href=\"https:\/\/help.jamk.fi\/opinnaytetyo\/fi\/kypsyysnayte-osana-korkeakoulututkintoa\/anvisningar-for-mognadsprov\/\" \/>\n<meta property=\"og:locale\" content=\"fi_FI\" \/>\n<meta property=\"og:type\" content=\"article\" \/>\n<meta property=\"og:title\" content=\"9.2 Anvisningar f\u00f6r mognadsprov - Opinn\u00e4ytety\u00f6\" \/>\n<meta property=\"og:description\" content=\"Mognadsprovet \u00e4r en obligatorisk del av h\u00f6gskoleexamen (f\u00f6rordning om yrkesh\u00f6gskolor 1129\/2014) och genom det visar du dina kunskaper inom ditt studeomr\u00e5de samt dina kunskaper i finska eller svenska. Mognadsprovet skrivs p\u00e5 ditt skolutbildningsspr\u00e5k (finska eller svenska). Det skolutbildningsspr\u00e5k som avses i f\u00f6rordningen \u00e4r det spr\u00e5k p\u00e5 vilket du har genomf\u00f6rt grundskolan eller gymnasiet. Mognadsprovet ing\u00e5r [&hellip;]\" \/>\n<meta property=\"og:url\" content=\"https:\/\/help.jamk.fi\/opinnaytetyo\/fi\/kypsyysnayte-osana-korkeakoulututkintoa\/anvisningar-for-mognadsprov\/\" \/>\n<meta property=\"og:site_name\" content=\"Opinn\u00e4ytety\u00f6\" \/>\n<meta property=\"article:modified_time\" content=\"2025-04-13T13:51:41+00:00\" \/>\n<meta name=\"twitter:card\" content=\"summary_large_image\" \/>\n<meta name=\"twitter:label1\" content=\"Arvioitu lukuaika\" \/>\n\t<meta name=\"twitter:data1\" content=\"5 minuuttia\" \/>\n<script type=\"application\/ld+json\" class=\"yoast-schema-graph\">{\"@context\":\"https:\\\/\\\/schema.org\",\"@graph\":[{\"@type\":\"WebPage\",\"@id\":\"https:\\\/\\\/help.jamk.fi\\\/opinnaytetyo\\\/fi\\\/kypsyysnayte-osana-korkeakoulututkintoa\\\/anvisningar-for-mognadsprov\\\/\",\"url\":\"https:\\\/\\\/help.jamk.fi\\\/opinnaytetyo\\\/fi\\\/kypsyysnayte-osana-korkeakoulututkintoa\\\/anvisningar-for-mognadsprov\\\/\",\"name\":\"9.2 Anvisningar f\u00f6r mognadsprov - Opinn\u00e4ytety\u00f6\",\"isPartOf\":{\"@id\":\"https:\\\/\\\/help.jamk.fi\\\/opinnaytetyo\\\/#website\"},\"datePublished\":\"2025-04-02T11:47:05+00:00\",\"dateModified\":\"2025-04-13T13:51:41+00:00\",\"breadcrumb\":{\"@id\":\"https:\\\/\\\/help.jamk.fi\\\/opinnaytetyo\\\/fi\\\/kypsyysnayte-osana-korkeakoulututkintoa\\\/anvisningar-for-mognadsprov\\\/#breadcrumb\"},\"inLanguage\":\"fi\",\"potentialAction\":[{\"@type\":\"ReadAction\",\"target\":[\"https:\\\/\\\/help.jamk.fi\\\/opinnaytetyo\\\/fi\\\/kypsyysnayte-osana-korkeakoulututkintoa\\\/anvisningar-for-mognadsprov\\\/\"]}]},{\"@type\":\"BreadcrumbList\",\"@id\":\"https:\\\/\\\/help.jamk.fi\\\/opinnaytetyo\\\/fi\\\/kypsyysnayte-osana-korkeakoulututkintoa\\\/anvisningar-for-mognadsprov\\\/#breadcrumb\",\"itemListElement\":[{\"@type\":\"ListItem\",\"position\":1,\"name\":\"Etusivu\",\"item\":\"https:\\\/\\\/help.jamk.fi\\\/opinnaytetyo\\\/fi\\\/\"},{\"@type\":\"ListItem\",\"position\":2,\"name\":\"9 Kypsyysn\u00e4yte\",\"item\":\"https:\\\/\\\/help.jamk.fi\\\/opinnaytetyo\\\/fi\\\/kypsyysnayte-osana-korkeakoulututkintoa\\\/\"},{\"@type\":\"ListItem\",\"position\":3,\"name\":\"9.2 Anvisningar f\u00f6r mognadsprov\"}]},{\"@type\":\"WebSite\",\"@id\":\"https:\\\/\\\/help.jamk.fi\\\/opinnaytetyo\\\/#website\",\"url\":\"https:\\\/\\\/help.jamk.fi\\\/opinnaytetyo\\\/\",\"name\":\"Opinn\u00e4ytety\u00f6\",\"description\":\"\",\"potentialAction\":[{\"@type\":\"SearchAction\",\"target\":{\"@type\":\"EntryPoint\",\"urlTemplate\":\"https:\\\/\\\/help.jamk.fi\\\/opinnaytetyo\\\/?s={search_term_string}\"},\"query-input\":{\"@type\":\"PropertyValueSpecification\",\"valueRequired\":true,\"valueName\":\"search_term_string\"}}],\"inLanguage\":\"fi\"}]}<\/script>\n<!-- \/ Yoast SEO plugin. -->","yoast_head_json":{"title":"9.2 Anvisningar f\u00f6r mognadsprov - Opinn\u00e4ytety\u00f6","robots":{"index":"index","follow":"follow","max-snippet":"max-snippet:-1","max-image-preview":"max-image-preview:large","max-video-preview":"max-video-preview:-1"},"canonical":"https:\/\/help.jamk.fi\/opinnaytetyo\/fi\/kypsyysnayte-osana-korkeakoulututkintoa\/anvisningar-for-mognadsprov\/","og_locale":"fi_FI","og_type":"article","og_title":"9.2 Anvisningar f\u00f6r mognadsprov - Opinn\u00e4ytety\u00f6","og_description":"Mognadsprovet \u00e4r en obligatorisk del av h\u00f6gskoleexamen (f\u00f6rordning om yrkesh\u00f6gskolor 1129\/2014) och genom det visar du dina kunskaper inom ditt studeomr\u00e5de samt dina kunskaper i finska eller svenska. Mognadsprovet skrivs p\u00e5 ditt skolutbildningsspr\u00e5k (finska eller svenska). Det skolutbildningsspr\u00e5k som avses i f\u00f6rordningen \u00e4r det spr\u00e5k p\u00e5 vilket du har genomf\u00f6rt grundskolan eller gymnasiet. Mognadsprovet ing\u00e5r [&hellip;]","og_url":"https:\/\/help.jamk.fi\/opinnaytetyo\/fi\/kypsyysnayte-osana-korkeakoulututkintoa\/anvisningar-for-mognadsprov\/","og_site_name":"Opinn\u00e4ytety\u00f6","article_modified_time":"2025-04-13T13:51:41+00:00","twitter_card":"summary_large_image","twitter_misc":{"Arvioitu lukuaika":"5 minuuttia"},"schema":{"@context":"https:\/\/schema.org","@graph":[{"@type":"WebPage","@id":"https:\/\/help.jamk.fi\/opinnaytetyo\/fi\/kypsyysnayte-osana-korkeakoulututkintoa\/anvisningar-for-mognadsprov\/","url":"https:\/\/help.jamk.fi\/opinnaytetyo\/fi\/kypsyysnayte-osana-korkeakoulututkintoa\/anvisningar-for-mognadsprov\/","name":"9.2 Anvisningar f\u00f6r mognadsprov - Opinn\u00e4ytety\u00f6","isPartOf":{"@id":"https:\/\/help.jamk.fi\/opinnaytetyo\/#website"},"datePublished":"2025-04-02T11:47:05+00:00","dateModified":"2025-04-13T13:51:41+00:00","breadcrumb":{"@id":"https:\/\/help.jamk.fi\/opinnaytetyo\/fi\/kypsyysnayte-osana-korkeakoulututkintoa\/anvisningar-for-mognadsprov\/#breadcrumb"},"inLanguage":"fi","potentialAction":[{"@type":"ReadAction","target":["https:\/\/help.jamk.fi\/opinnaytetyo\/fi\/kypsyysnayte-osana-korkeakoulututkintoa\/anvisningar-for-mognadsprov\/"]}]},{"@type":"BreadcrumbList","@id":"https:\/\/help.jamk.fi\/opinnaytetyo\/fi\/kypsyysnayte-osana-korkeakoulututkintoa\/anvisningar-for-mognadsprov\/#breadcrumb","itemListElement":[{"@type":"ListItem","position":1,"name":"Etusivu","item":"https:\/\/help.jamk.fi\/opinnaytetyo\/fi\/"},{"@type":"ListItem","position":2,"name":"9 Kypsyysn\u00e4yte","item":"https:\/\/help.jamk.fi\/opinnaytetyo\/fi\/kypsyysnayte-osana-korkeakoulututkintoa\/"},{"@type":"ListItem","position":3,"name":"9.2 Anvisningar f\u00f6r mognadsprov"}]},{"@type":"WebSite","@id":"https:\/\/help.jamk.fi\/opinnaytetyo\/#website","url":"https:\/\/help.jamk.fi\/opinnaytetyo\/","name":"Opinn\u00e4ytety\u00f6","description":"","potentialAction":[{"@type":"SearchAction","target":{"@type":"EntryPoint","urlTemplate":"https:\/\/help.jamk.fi\/opinnaytetyo\/?s={search_term_string}"},"query-input":{"@type":"PropertyValueSpecification","valueRequired":true,"valueName":"search_term_string"}}],"inLanguage":"fi"}]}},"_links":{"self":[{"href":"https:\/\/help.jamk.fi\/opinnaytetyo\/wp-json\/wp\/v2\/pages\/5439","targetHints":{"allow":["GET"]}}],"collection":[{"href":"https:\/\/help.jamk.fi\/opinnaytetyo\/wp-json\/wp\/v2\/pages"}],"about":[{"href":"https:\/\/help.jamk.fi\/opinnaytetyo\/wp-json\/wp\/v2\/types\/page"}],"author":[{"embeddable":true,"href":"https:\/\/help.jamk.fi\/opinnaytetyo\/wp-json\/wp\/v2\/users\/471"}],"replies":[{"embeddable":true,"href":"https:\/\/help.jamk.fi\/opinnaytetyo\/wp-json\/wp\/v2\/comments?post=5439"}],"version-history":[{"count":3,"href":"https:\/\/help.jamk.fi\/opinnaytetyo\/wp-json\/wp\/v2\/pages\/5439\/revisions"}],"predecessor-version":[{"id":5531,"href":"https:\/\/help.jamk.fi\/opinnaytetyo\/wp-json\/wp\/v2\/pages\/5439\/revisions\/5531"}],"up":[{"embeddable":true,"href":"https:\/\/help.jamk.fi\/opinnaytetyo\/wp-json\/wp\/v2\/pages\/4207"}],"wp:attachment":[{"href":"https:\/\/help.jamk.fi\/opinnaytetyo\/wp-json\/wp\/v2\/media?parent=5439"}],"wp:term":[{"taxonomy":"category","embeddable":true,"href":"https:\/\/help.jamk.fi\/opinnaytetyo\/wp-json\/wp\/v2\/categories?post=5439"},{"taxonomy":"post_tag","embeddable":true,"href":"https:\/\/help.jamk.fi\/opinnaytetyo\/wp-json\/wp\/v2\/tags?post=5439"}],"curies":[{"name":"wp","href":"https:\/\/api.w.org\/{rel}","templated":true}]}}