{"id":58,"date":"2020-04-20T11:13:42","date_gmt":"2020-04-20T08:13:42","guid":{"rendered":"https:\/\/help.jamk.fi\/opinnaytetyo\/toteutustavat-ja-rakenne\/"},"modified":"2025-12-16T09:50:35","modified_gmt":"2025-12-16T07:50:35","slug":"toteutustavat-ja-rakenne","status":"publish","type":"page","link":"https:\/\/help.jamk.fi\/opinnaytetyo\/fi\/toteutustavat-ja-rakenne\/","title":{"rendered":"2 Opinn\u00e4ytety\u00f6raportin rakenne"},"content":{"rendered":"\n<p>Kaikkiin opinn\u00e4ytet\u00f6ihin liittyy k\u00e4yt\u00e4nn\u00f6nl\u00e4heinen, tutkimuksellinen osa ja kirjallinen raportti. T\u00e4ll\u00e4 sivulla kuvataan kirjallisen opinn\u00e4ytety\u00f6raportin rakenne. <br>Tarkemmat raportointiohjeet l\u00f6yd\u00e4t Jamk Raportointiohjeesta. Alasivuilla kerrotaan erilaisista tavoista, joilla tutkimuksellista k\u00e4yt\u00e4nn\u00f6n osaa voi toteuttaa. Juttele toteutustavoista lis\u00e4\u00e4 oman ohjaajasi kanssa!<\/p>\n\n\n\n<p><\/p>\n\n\n\n<h2 class=\"wp-block-heading\">Opinn\u00e4ytety\u00f6n osat rakentuvat eri tavoin toteutustavan mukaan<\/h2>\n\n\n\n<ul class=\"wp-block-list\">\n<li>Tutkimus- ja kehitt\u00e4misty\u00f6ll\u00e4 tarkoitetaan systemaattista toimintaa uuden tiedon lis\u00e4\u00e4miseksi ja tiedon k\u00e4ytt\u00e4mist\u00e4 tutkittuun tietoon pohjautuvien sovellusten l\u00f6yt\u00e4miseksi.<\/li>\n\n\n\n<li>Soveltavaa tutkimusta on sellainen tutkimus, jossa tavoitteena on jonkin tutkittuun tietoon pohjautuvan tiedon avulla toteutettava k\u00e4yt\u00e4nn\u00f6n sovellus.<\/li>\n\n\n\n<li>Kehitt\u00e4misty\u00f6ll\u00e4 tarkoitetaan tutkimuksen tuloksena ja\/tai k\u00e4yt\u00e4nn\u00f6n kokemuksen kautta saadun uuden tiedon k\u00e4ytt\u00e4mist\u00e4 uusien tuotteiden, palvelujen, tuotantoprosessien tai -menetelmien aikaansaamiseen tai olemassa olevien olennaiseen parantamiseen.<\/li>\n\n\n\n<li>Innovaatiotoiminnalla tarkoitetaan kaikkia niit\u00e4 toimenpiteit\u00e4, joiden tavoitteena on tuottaa uusia tai parannettuja tuotteita tai prosesseja eli innovaatioita sek\u00e4 uutta yritt\u00e4jyytt\u00e4. Innovaatiot voivat olla esim. teknologisia, sosiaalisia tai kulttuurisia innovaatioita, bisnesinnovaatioita, designinnovaatioita, tuote- tai palveluinnovaatiota tai yhdistelmi\u00e4 edellisist\u00e4.<\/li>\n<\/ul>\n\n\n\n<h2 class=\"wp-block-heading\">Opinn\u00e4ytety\u00f6raportin perusrakenne ja sis\u00e4ll\u00f6t<\/h2>\n\n\n\n<p>Alla on kuvattu Kanasta (2017, 29) mukaillen opinn\u00e4ytety\u00f6raportin perusrakenne ja keskeinen sis\u00e4lt\u00f6. Jokaisessa osiossa esitet\u00e4\u00e4n kappaleeseen liittyv\u00e4 ydinkysymys, johon ko. kappaleessa pyrit\u00e4\u00e4n vastaamaan. Luku 4 voi tulla my\u00f6s ennen lukuja 2 ja 3.<\/p>\n\n\n\n<p>(Kananen, J. 2017. Kehitt\u00e4mistutkimus interventiotutkimuksen muotona \u2013 opas opinn\u00e4ytety\u00f6n ja pro gradun kirjoittajalle. Jyv\u00e4skyl\u00e4: Jyv\u00e4skyl\u00e4n ammattikorkeakoulu.)<\/p>\n\n\n\n<div id=\"accordion-block_d04301baf81bca52ef67e3d24f29438a\" class=\"accordion block-accordion\">\n  <div class=\"block-accordion__element-header\">\n      <\/div>\n  <div class=\"block-accordion__accordions\">\n                  <div class=\"accordion-item\">\n          <h2 class=\"h6 accordion-title\">\n            <button id=\"accordion-header-1\" class=\"accordion-header\" aria-expanded=\"false\" aria-controls=\"accordion-panel-1\">\n              Johdanto              <div class='plus-icon' itemprop='logo'><svg aria-hidden=\"true\" viewBox=\"0 0 16 16\" fill=\"none\" xmlns=\"http:\/\/www.w3.org\/2000\/svg\"><path d=\"M8.92 7.1V.06H7.2V7.1H.12v1.72H7.2v7.12h1.72V8.82H16V7.1H8.92z\" fill=\"#0D004C\"\/><\/svg><\/div>              <div class='minus-icon' itemprop='logo'><svg aria-hidden=\"true\" viewBox=\"0 0 14 2\" fill=\"none\" xmlns=\"http:\/\/www.w3.org\/2000\/svg\"><path d=\"M14 1.88H.88V.12H14v1.76z\" fill=\"#fff\"\/><\/svg><\/div>            <\/button>\n          <\/h2>\n          <div class=\"accordion-section-wrapper\">\n            <section id=\"accordion-panel-1\" class=\"accordion-panel\" aria-labelledby=\"accordion-header-1\">\n              <ul>\n<li>Hae Johdannossa vastauksia kysymykseen: Miksi t\u00e4t\u00e4 aihetta kannattaa tutkia tai kehitt\u00e4\u00e4?<\/li>\n<li>K\u00e4sittele johdannossa opinn\u00e4ytety\u00f6n aihetta yleisell\u00e4 tasolla. Kerro kehitt\u00e4misty\u00f6si taustoja ja tarpeellisuutta.<\/li>\n<li>Aloitat johdannon ty\u00f6st\u00e4misen jo suunnitelmavaiheessa.<\/li>\n<li>Viimeistele johdanto valmiiksi vasta sitten, kun ty\u00f6si on muilta osin valmis tai l\u00e4hes valmis.<\/li>\n<li><a href=\"https:\/\/help.jamk.fi\/raportointiohje\/fi\/4-opinnaytetyon-rakenne\/4-2-opinnaytetyon-runko-osa\/4-2-2-johdanto-osa\/\">Katso johdannon kirjoittamiseen apua raportointiohjeen luvusta 4.2.1.<\/a><\/li>\n<\/ul>\n            <\/section>\n          <\/div>\n        <\/div>\n              <div class=\"accordion-item\">\n          <h2 class=\"h6 accordion-title\">\n            <button id=\"accordion-header-2\" class=\"accordion-header\" aria-expanded=\"false\" aria-controls=\"accordion-panel-2\">\n              Kehitt\u00e4misty\u00f6n ongelma tai tutkimusongelma, tutkimuskysymykset tai ty\u00f6n tavoitteet               <div class='plus-icon' itemprop='logo'><svg aria-hidden=\"true\" viewBox=\"0 0 16 16\" fill=\"none\" xmlns=\"http:\/\/www.w3.org\/2000\/svg\"><path d=\"M8.92 7.1V.06H7.2V7.1H.12v1.72H7.2v7.12h1.72V8.82H16V7.1H8.92z\" fill=\"#0D004C\"\/><\/svg><\/div>              <div class='minus-icon' itemprop='logo'><svg aria-hidden=\"true\" viewBox=\"0 0 14 2\" fill=\"none\" xmlns=\"http:\/\/www.w3.org\/2000\/svg\"><path d=\"M14 1.88H.88V.12H14v1.76z\" fill=\"#fff\"\/><\/svg><\/div>            <\/button>\n          <\/h2>\n          <div class=\"accordion-section-wrapper\">\n            <section id=\"accordion-panel-2\" class=\"accordion-panel\" aria-labelledby=\"accordion-header-2\">\n              <ul>\n<li>Hae vastauksia kysymykseen: Mit\u00e4 t\u00e4ss\u00e4 opinn\u00e4ytety\u00f6ss\u00e4 tehd\u00e4\u00e4n?<\/li>\n<li>K\u00e4sittele t\u00e4ss\u00e4 luvussa kehitt\u00e4misty\u00f6n tai tutkimuksen ongelmaa, rajauksia ja ongelmasta johdettuja tutkimuskysymyksi\u00e4 tai kehitt\u00e4misty\u00f6n tavoitekuvausta.<\/li>\n<li>Ty\u00f6st\u00e4t t\u00e4t\u00e4 suunnitelmavaiheessa.<\/li>\n<li><a href=\"https:\/\/help.jamk.fi\/raportointiohje\/fi\/4-opinnaytetyon-rakenne\/4-2-opinnaytetyon-runko-osa\/4-2-4-tutkimusasetelma\/\">Katso apua raportointiohjeen kohdasta 4.2.3. Tutkimusasetelma<\/a><\/li>\n<\/ul>\n            <\/section>\n          <\/div>\n        <\/div>\n              <div class=\"accordion-item\">\n          <h2 class=\"h6 accordion-title\">\n            <button id=\"accordion-header-3\" class=\"accordion-header\" aria-expanded=\"false\" aria-controls=\"accordion-panel-3\">\n              Menetelm\u00e4t: aineistonkeruu, analyysi, luotettavuus              <div class='plus-icon' itemprop='logo'><svg aria-hidden=\"true\" viewBox=\"0 0 16 16\" fill=\"none\" xmlns=\"http:\/\/www.w3.org\/2000\/svg\"><path d=\"M8.92 7.1V.06H7.2V7.1H.12v1.72H7.2v7.12h1.72V8.82H16V7.1H8.92z\" fill=\"#0D004C\"\/><\/svg><\/div>              <div class='minus-icon' itemprop='logo'><svg aria-hidden=\"true\" viewBox=\"0 0 14 2\" fill=\"none\" xmlns=\"http:\/\/www.w3.org\/2000\/svg\"><path d=\"M14 1.88H.88V.12H14v1.76z\" fill=\"#fff\"\/><\/svg><\/div>            <\/button>\n          <\/h2>\n          <div class=\"accordion-section-wrapper\">\n            <section id=\"accordion-panel-3\" class=\"accordion-panel\" aria-labelledby=\"accordion-header-3\">\n              <ul>\n<li>Hae vastauksia kysymyksiin: Miten edell\u00e4 asetettuihin tavoitteisiin p\u00e4\u00e4st\u00e4\u00e4n? Miss\u00e4 ty\u00f6n k\u00e4yt\u00e4nn\u00f6n l\u00e4heinen osuus tapahtuu eli mik\u00e4 on ty\u00f6n kohde?<\/li>\n<li>Kuvaa t\u00e4ss\u00e4 luvussa kehitt\u00e4misty\u00f6n tai tutkimuksen kohde. Kohde on se, miss\u00e4 ty\u00f6 toteutetaan (esimerkiksi toimeksiantaja, toimeksiantajan &#8221;osasto&#8221; tai prosessi, johon ty\u00f6 kohdentuu. Jos toimeksiantajaa ei ole, t\u00e4m\u00e4 on muu tutkimuksen kohdejoukko).<\/li>\n<li>Valitse ja perustele, mill\u00e4 tutkimusotteella tai kehitt\u00e4misty\u00f6n menetelm\u00e4ll\u00e4 ja aineistonkeruumenetelm\u00e4ll\u00e4 ker\u00e4\u00e4t tarvittavan tiedon ja pyrit ratkaisemaan esitt\u00e4m\u00e4si ongelman.<\/li>\n<li>Kuvaa ja perustele, millaisilla analyysimenetelmill\u00e4 k\u00e4sittelet ker\u00e4\u00e4m\u00e4si tiedon tai tutkimusaineiston.<\/li>\n<li>Kuvaile, miten aiot huolehtia ty\u00f6n eettisyydest\u00e4 ja luotettavuudesta.<\/li>\n<\/ul>\n<p>&nbsp;<\/p>\n<p>Ty\u00f6st\u00e4t t\u00e4t\u00e4 suunnitelmavaiheessa. <a href=\"https:\/\/help.jamk.fi\/raportointiohje\/fi\/4-opinnaytetyon-rakenne\/4-2-opinnaytetyon-runko-osa\/4-2-4-tutkimusasetelma\/\">Katso apua raportointiohjeen luvusta 4.2.3. Tutkimusasetelma<\/a><\/p>\n            <\/section>\n          <\/div>\n        <\/div>\n              <div class=\"accordion-item\">\n          <h2 class=\"h6 accordion-title\">\n            <button id=\"accordion-header-4\" class=\"accordion-header\" aria-expanded=\"false\" aria-controls=\"accordion-panel-4\">\n              Tietoperusta: aikaisemmat tutkimukset, raportit, k\u00e4sitteet yms.              <div class='plus-icon' itemprop='logo'><svg aria-hidden=\"true\" viewBox=\"0 0 16 16\" fill=\"none\" xmlns=\"http:\/\/www.w3.org\/2000\/svg\"><path d=\"M8.92 7.1V.06H7.2V7.1H.12v1.72H7.2v7.12h1.72V8.82H16V7.1H8.92z\" fill=\"#0D004C\"\/><\/svg><\/div>              <div class='minus-icon' itemprop='logo'><svg aria-hidden=\"true\" viewBox=\"0 0 14 2\" fill=\"none\" xmlns=\"http:\/\/www.w3.org\/2000\/svg\"><path d=\"M14 1.88H.88V.12H14v1.76z\" fill=\"#fff\"\/><\/svg><\/div>            <\/button>\n          <\/h2>\n          <div class=\"accordion-section-wrapper\">\n            <section id=\"accordion-panel-4\" class=\"accordion-panel\" aria-labelledby=\"accordion-header-4\">\n              <ul>\n<li>Hae vastauksia kysymykseen: Mit\u00e4 jo tiedet\u00e4\u00e4n?<\/li>\n<li>Tietoperustassa kuvaat ongelman kannalta oleellista tietoa ja k\u00e4sitteit\u00e4 kirjallisuuden, aikaisempien tutkimusten, selvitysten yms. avulla. K\u00e4yt\u00e4 tiedonhaussa alasi keskeisi\u00e4 tietokantoja.<\/li>\n<li>Aloitat t\u00e4m\u00e4n ty\u00f6st\u00e4misen jo suunnitelmavaiheessa ja viimeistelet opinn\u00e4ytety\u00f6n toteutusvaiheessa.<\/li>\n<\/ul>\n            <\/section>\n          <\/div>\n        <\/div>\n              <div class=\"accordion-item\">\n          <h2 class=\"h6 accordion-title\">\n            <button id=\"accordion-header-5\" class=\"accordion-header\" aria-expanded=\"false\" aria-controls=\"accordion-panel-5\">\n              Tulokset: analyysi              <div class='plus-icon' itemprop='logo'><svg aria-hidden=\"true\" viewBox=\"0 0 16 16\" fill=\"none\" xmlns=\"http:\/\/www.w3.org\/2000\/svg\"><path d=\"M8.92 7.1V.06H7.2V7.1H.12v1.72H7.2v7.12h1.72V8.82H16V7.1H8.92z\" fill=\"#0D004C\"\/><\/svg><\/div>              <div class='minus-icon' itemprop='logo'><svg aria-hidden=\"true\" viewBox=\"0 0 14 2\" fill=\"none\" xmlns=\"http:\/\/www.w3.org\/2000\/svg\"><path d=\"M14 1.88H.88V.12H14v1.76z\" fill=\"#fff\"\/><\/svg><\/div>            <\/button>\n          <\/h2>\n          <div class=\"accordion-section-wrapper\">\n            <section id=\"accordion-panel-5\" class=\"accordion-panel\" aria-labelledby=\"accordion-header-5\">\n              <ul>\n<li>Hae vastauksia kysymykseen: Mit\u00e4 saatiin aikaan?<\/li>\n<li>Analysoit ker\u00e4\u00e4m\u00e4\u00e4si aineistoa. Kirjoitat opinn\u00e4ytety\u00f6n raporttiin, miten olet analysoinut ker\u00e4\u00e4m\u00e4si aineiston.<\/li>\n<li>Tuloksissa kerrot, millaisia tuloksia analyysist\u00e4 tuli<\/li>\n<li>Ty\u00f6st\u00e4t t\u00e4t\u00e4 toteutusvaiheessa.<\/li>\n<li><a href=\"https:\/\/help.jamk.fi\/raportointiohje\/fi\/4-opinnaytetyon-rakenne\/4-2-opinnaytetyon-runko-osa\/4-2-5-tutkimuksen-toteuttamisen-ja-tulosten-raportointi\/\">Tuloksien kirjoittamiseen saat apua raportointiohjeen kohdasta 4.2.4<\/a><\/li>\n<\/ul>\n            <\/section>\n          <\/div>\n        <\/div>\n              <div class=\"accordion-item\">\n          <h2 class=\"h6 accordion-title\">\n            <button id=\"accordion-header-6\" class=\"accordion-header\" aria-expanded=\"false\" aria-controls=\"accordion-panel-6\">\n              Johtop\u00e4\u00e4t\u00f6kset: synteesi              <div class='plus-icon' itemprop='logo'><svg aria-hidden=\"true\" viewBox=\"0 0 16 16\" fill=\"none\" xmlns=\"http:\/\/www.w3.org\/2000\/svg\"><path d=\"M8.92 7.1V.06H7.2V7.1H.12v1.72H7.2v7.12h1.72V8.82H16V7.1H8.92z\" fill=\"#0D004C\"\/><\/svg><\/div>              <div class='minus-icon' itemprop='logo'><svg aria-hidden=\"true\" viewBox=\"0 0 14 2\" fill=\"none\" xmlns=\"http:\/\/www.w3.org\/2000\/svg\"><path d=\"M14 1.88H.88V.12H14v1.76z\" fill=\"#fff\"\/><\/svg><\/div>            <\/button>\n          <\/h2>\n          <div class=\"accordion-section-wrapper\">\n            <section id=\"accordion-panel-6\" class=\"accordion-panel\" aria-labelledby=\"accordion-header-6\">\n              <ul>\n<li>Hae vastauksia kysymykseen: Mit\u00e4 tarkoittaa?<\/li>\n<li>Johtop\u00e4\u00e4t\u00f6ksiss\u00e4 pohdit tuloksia eli mit\u00e4 saamasi tulokset merkitsev\u00e4t ongelman kannalta.<\/li>\n<li>Ty\u00f6st\u00e4t t\u00e4t\u00e4 toteutusvaiheessa.<\/li>\n<\/ul>\n            <\/section>\n          <\/div>\n        <\/div>\n              <div class=\"accordion-item\">\n          <h2 class=\"h6 accordion-title\">\n            <button id=\"accordion-header-7\" class=\"accordion-header\" aria-expanded=\"false\" aria-controls=\"accordion-panel-7\">\n              Pohdinta              <div class='plus-icon' itemprop='logo'><svg aria-hidden=\"true\" viewBox=\"0 0 16 16\" fill=\"none\" xmlns=\"http:\/\/www.w3.org\/2000\/svg\"><path d=\"M8.92 7.1V.06H7.2V7.1H.12v1.72H7.2v7.12h1.72V8.82H16V7.1H8.92z\" fill=\"#0D004C\"\/><\/svg><\/div>              <div class='minus-icon' itemprop='logo'><svg aria-hidden=\"true\" viewBox=\"0 0 14 2\" fill=\"none\" xmlns=\"http:\/\/www.w3.org\/2000\/svg\"><path d=\"M14 1.88H.88V.12H14v1.76z\" fill=\"#fff\"\/><\/svg><\/div>            <\/button>\n          <\/h2>\n          <div class=\"accordion-section-wrapper\">\n            <section id=\"accordion-panel-7\" class=\"accordion-panel\" aria-labelledby=\"accordion-header-7\">\n              <ul>\n<li>Hae vastauksia kysymykseen: Ent\u00e4 sitten?<\/li>\n<li>T\u00e4ss\u00e4 osiossa pohdit oman kehitt\u00e4misty\u00f6si tai tutkimuksesi ja saamiesi tulosten suhdetta tietoperustassa k\u00e4siteltyyn teoreettiseen tietoon<\/li>\n<li>Esit\u00e4t kehitt\u00e4misehdotuksia tai mahdollisia jatkotutkimusehdotuksia<\/li>\n<li>Arvioi ty\u00f6n luotettavuutta ty\u00f6n tutkimusotteen tai kehitt\u00e4misty\u00f6n arviointimenetelmien mukaisesti.<\/li>\n<li>Arvioi, miten ty\u00f6n eettisyys toteutui. Vinkki: Jos k\u00e4ytit teko\u00e4ly\u00e4 ty\u00f6ss\u00e4si, t\u00e4ss\u00e4 on hyv\u00e4 paikka sen kuvaamiseen.<\/li>\n<li>Ty\u00f6st\u00e4t t\u00e4t\u00e4 toteutusvaiheessa.<\/li>\n<li><a href=\"https:\/\/help.jamk.fi\/raportointiohje\/fi\/4-opinnaytetyon-rakenne\/4-2-opinnaytetyon-runko-osa\/4-2-6-pohdinta-osa\/\">Katso apua kirjoittamiseen raportointiohjeen luvusta 4.2.5\u00a0<\/a><\/li>\n<\/ul>\n            <\/section>\n          <\/div>\n        <\/div>\n            <\/div>\n<\/div>\n\n\n<h2 class=\"wp-block-heading\"><strong>Tutustu Jamkissa aiemmin tehtyihin opinn\u00e4ytet\u00f6ihin!<\/strong><\/h2>\n\n\n\n<p>Theseus tarjoaa Suomen ammattikorkeakoulujen opinn\u00e4ytet\u00f6it\u00e4 sek\u00e4 julkaisuja verkossa. T\u00e4ysin samanlaista ty\u00f6t\u00e4 ei voi tehd\u00e4, mutta samasta aihepiirist\u00e4 voi kuitenkin tehd\u00e4 opinn\u00e4ytety\u00f6nty\u00f6n vaihtamalla n\u00e4k\u00f6kulmaa, toimeksiantajaa, tutkimusongelmaa yms.<\/p>\n\n\n\n<p><\/p>\n\n\n\n<p><em>P\u00e4ivitetty 11.8.2025<\/em><\/p>\n\n\n\n<p><\/p>\n","protected":false},"excerpt":{"rendered":"<p>Kaikkiin opinn\u00e4ytet\u00f6ihin liittyy k\u00e4yt\u00e4nn\u00f6nl\u00e4heinen, tutkimuksellinen osa ja kirjallinen raportti. T\u00e4ll\u00e4 sivulla kuvataan kirjallisen opinn\u00e4ytety\u00f6raportin rakenne. Tarkemmat raportointiohjeet l\u00f6yd\u00e4t Jamk Raportointiohjeesta. Alasivuilla kerrotaan erilaisista tavoista, joilla tutkimuksellista k\u00e4yt\u00e4nn\u00f6n osaa voi toteuttaa. Juttele toteutustavoista lis\u00e4\u00e4 oman ohjaajasi kanssa! Opinn\u00e4ytety\u00f6n osat rakentuvat eri tavoin toteutustavan mukaan Opinn\u00e4ytety\u00f6raportin perusrakenne ja sis\u00e4ll\u00f6t Alla on kuvattu Kanasta (2017, 29) mukaillen opinn\u00e4ytety\u00f6raportin [&hellip;]<\/p>\n","protected":false},"author":79,"featured_media":0,"parent":0,"menu_order":2,"comment_status":"closed","ping_status":"closed","template":"","meta":{"_acf_changed":false,"_relevanssi_hide_post":"","_relevanssi_hide_content":"","_relevanssi_pin_for_all":"","_relevanssi_pin_keywords":"","_relevanssi_unpin_keywords":"","_relevanssi_related_keywords":"","_relevanssi_related_include_ids":"","_relevanssi_related_exclude_ids":"","_relevanssi_related_no_append":"","_relevanssi_related_not_related":"","_relevanssi_related_posts":"","_relevanssi_noindex_reason":"","footnotes":""},"categories":[],"tags":[2104,196,2106,2108,166],"class_list":["post-58","page","type-page","status-publish","hentry","tag-johdanto","tag-opinnaytetyon-rakenne","tag-pohdinta","tag-tietoperusta","tag-toteutus"],"acf":[],"yoast_head":"<!-- This site is optimized with the Yoast SEO plugin v27.3 - https:\/\/yoast.com\/product\/yoast-seo-wordpress\/ -->\n<title>2 Opinn\u00e4ytety\u00f6raportin rakenne - Opinn\u00e4ytety\u00f6<\/title>\n<meta name=\"robots\" content=\"index, follow, max-snippet:-1, max-image-preview:large, max-video-preview:-1\" \/>\n<link rel=\"canonical\" href=\"https:\/\/help.jamk.fi\/opinnaytetyo\/fi\/toteutustavat-ja-rakenne\/\" \/>\n<meta property=\"og:locale\" content=\"fi_FI\" \/>\n<meta property=\"og:type\" content=\"article\" \/>\n<meta property=\"og:title\" content=\"2 Opinn\u00e4ytety\u00f6raportin rakenne - Opinn\u00e4ytety\u00f6\" \/>\n<meta property=\"og:description\" content=\"Kaikkiin opinn\u00e4ytet\u00f6ihin liittyy k\u00e4yt\u00e4nn\u00f6nl\u00e4heinen, tutkimuksellinen osa ja kirjallinen raportti. T\u00e4ll\u00e4 sivulla kuvataan kirjallisen opinn\u00e4ytety\u00f6raportin rakenne. Tarkemmat raportointiohjeet l\u00f6yd\u00e4t Jamk Raportointiohjeesta. Alasivuilla kerrotaan erilaisista tavoista, joilla tutkimuksellista k\u00e4yt\u00e4nn\u00f6n osaa voi toteuttaa. Juttele toteutustavoista lis\u00e4\u00e4 oman ohjaajasi kanssa! Opinn\u00e4ytety\u00f6n osat rakentuvat eri tavoin toteutustavan mukaan Opinn\u00e4ytety\u00f6raportin perusrakenne ja sis\u00e4ll\u00f6t Alla on kuvattu Kanasta (2017, 29) mukaillen opinn\u00e4ytety\u00f6raportin [&hellip;]\" \/>\n<meta property=\"og:url\" content=\"https:\/\/help.jamk.fi\/opinnaytetyo\/fi\/toteutustavat-ja-rakenne\/\" \/>\n<meta property=\"og:site_name\" content=\"Opinn\u00e4ytety\u00f6\" \/>\n<meta property=\"article:modified_time\" content=\"2025-12-16T07:50:35+00:00\" \/>\n<meta name=\"twitter:card\" content=\"summary_large_image\" \/>\n<meta name=\"twitter:label1\" content=\"Arvioitu lukuaika\" \/>\n\t<meta name=\"twitter:data1\" content=\"2 minuuttia\" \/>\n<script type=\"application\/ld+json\" class=\"yoast-schema-graph\">{\"@context\":\"https:\\\/\\\/schema.org\",\"@graph\":[{\"@type\":\"WebPage\",\"@id\":\"https:\\\/\\\/help.jamk.fi\\\/opinnaytetyo\\\/fi\\\/toteutustavat-ja-rakenne\\\/\",\"url\":\"https:\\\/\\\/help.jamk.fi\\\/opinnaytetyo\\\/fi\\\/toteutustavat-ja-rakenne\\\/\",\"name\":\"2 Opinn\u00e4ytety\u00f6raportin rakenne - Opinn\u00e4ytety\u00f6\",\"isPartOf\":{\"@id\":\"https:\\\/\\\/help.jamk.fi\\\/opinnaytetyo\\\/#website\"},\"datePublished\":\"2020-04-20T08:13:42+00:00\",\"dateModified\":\"2025-12-16T07:50:35+00:00\",\"breadcrumb\":{\"@id\":\"https:\\\/\\\/help.jamk.fi\\\/opinnaytetyo\\\/fi\\\/toteutustavat-ja-rakenne\\\/#breadcrumb\"},\"inLanguage\":\"fi\",\"potentialAction\":[{\"@type\":\"ReadAction\",\"target\":[\"https:\\\/\\\/help.jamk.fi\\\/opinnaytetyo\\\/fi\\\/toteutustavat-ja-rakenne\\\/\"]}]},{\"@type\":\"BreadcrumbList\",\"@id\":\"https:\\\/\\\/help.jamk.fi\\\/opinnaytetyo\\\/fi\\\/toteutustavat-ja-rakenne\\\/#breadcrumb\",\"itemListElement\":[{\"@type\":\"ListItem\",\"position\":1,\"name\":\"Etusivu\",\"item\":\"https:\\\/\\\/help.jamk.fi\\\/opinnaytetyo\\\/fi\\\/\"},{\"@type\":\"ListItem\",\"position\":2,\"name\":\"2 Opinn\u00e4ytety\u00f6raportin rakenne\"}]},{\"@type\":\"WebSite\",\"@id\":\"https:\\\/\\\/help.jamk.fi\\\/opinnaytetyo\\\/#website\",\"url\":\"https:\\\/\\\/help.jamk.fi\\\/opinnaytetyo\\\/\",\"name\":\"Opinn\u00e4ytety\u00f6\",\"description\":\"\",\"potentialAction\":[{\"@type\":\"SearchAction\",\"target\":{\"@type\":\"EntryPoint\",\"urlTemplate\":\"https:\\\/\\\/help.jamk.fi\\\/opinnaytetyo\\\/?s={search_term_string}\"},\"query-input\":{\"@type\":\"PropertyValueSpecification\",\"valueRequired\":true,\"valueName\":\"search_term_string\"}}],\"inLanguage\":\"fi\"}]}<\/script>\n<!-- \/ Yoast SEO plugin. -->","yoast_head_json":{"title":"2 Opinn\u00e4ytety\u00f6raportin rakenne - Opinn\u00e4ytety\u00f6","robots":{"index":"index","follow":"follow","max-snippet":"max-snippet:-1","max-image-preview":"max-image-preview:large","max-video-preview":"max-video-preview:-1"},"canonical":"https:\/\/help.jamk.fi\/opinnaytetyo\/fi\/toteutustavat-ja-rakenne\/","og_locale":"fi_FI","og_type":"article","og_title":"2 Opinn\u00e4ytety\u00f6raportin rakenne - Opinn\u00e4ytety\u00f6","og_description":"Kaikkiin opinn\u00e4ytet\u00f6ihin liittyy k\u00e4yt\u00e4nn\u00f6nl\u00e4heinen, tutkimuksellinen osa ja kirjallinen raportti. T\u00e4ll\u00e4 sivulla kuvataan kirjallisen opinn\u00e4ytety\u00f6raportin rakenne. Tarkemmat raportointiohjeet l\u00f6yd\u00e4t Jamk Raportointiohjeesta. Alasivuilla kerrotaan erilaisista tavoista, joilla tutkimuksellista k\u00e4yt\u00e4nn\u00f6n osaa voi toteuttaa. Juttele toteutustavoista lis\u00e4\u00e4 oman ohjaajasi kanssa! Opinn\u00e4ytety\u00f6n osat rakentuvat eri tavoin toteutustavan mukaan Opinn\u00e4ytety\u00f6raportin perusrakenne ja sis\u00e4ll\u00f6t Alla on kuvattu Kanasta (2017, 29) mukaillen opinn\u00e4ytety\u00f6raportin [&hellip;]","og_url":"https:\/\/help.jamk.fi\/opinnaytetyo\/fi\/toteutustavat-ja-rakenne\/","og_site_name":"Opinn\u00e4ytety\u00f6","article_modified_time":"2025-12-16T07:50:35+00:00","twitter_card":"summary_large_image","twitter_misc":{"Arvioitu lukuaika":"2 minuuttia"},"schema":{"@context":"https:\/\/schema.org","@graph":[{"@type":"WebPage","@id":"https:\/\/help.jamk.fi\/opinnaytetyo\/fi\/toteutustavat-ja-rakenne\/","url":"https:\/\/help.jamk.fi\/opinnaytetyo\/fi\/toteutustavat-ja-rakenne\/","name":"2 Opinn\u00e4ytety\u00f6raportin rakenne - Opinn\u00e4ytety\u00f6","isPartOf":{"@id":"https:\/\/help.jamk.fi\/opinnaytetyo\/#website"},"datePublished":"2020-04-20T08:13:42+00:00","dateModified":"2025-12-16T07:50:35+00:00","breadcrumb":{"@id":"https:\/\/help.jamk.fi\/opinnaytetyo\/fi\/toteutustavat-ja-rakenne\/#breadcrumb"},"inLanguage":"fi","potentialAction":[{"@type":"ReadAction","target":["https:\/\/help.jamk.fi\/opinnaytetyo\/fi\/toteutustavat-ja-rakenne\/"]}]},{"@type":"BreadcrumbList","@id":"https:\/\/help.jamk.fi\/opinnaytetyo\/fi\/toteutustavat-ja-rakenne\/#breadcrumb","itemListElement":[{"@type":"ListItem","position":1,"name":"Etusivu","item":"https:\/\/help.jamk.fi\/opinnaytetyo\/fi\/"},{"@type":"ListItem","position":2,"name":"2 Opinn\u00e4ytety\u00f6raportin rakenne"}]},{"@type":"WebSite","@id":"https:\/\/help.jamk.fi\/opinnaytetyo\/#website","url":"https:\/\/help.jamk.fi\/opinnaytetyo\/","name":"Opinn\u00e4ytety\u00f6","description":"","potentialAction":[{"@type":"SearchAction","target":{"@type":"EntryPoint","urlTemplate":"https:\/\/help.jamk.fi\/opinnaytetyo\/?s={search_term_string}"},"query-input":{"@type":"PropertyValueSpecification","valueRequired":true,"valueName":"search_term_string"}}],"inLanguage":"fi"}]}},"_links":{"self":[{"href":"https:\/\/help.jamk.fi\/opinnaytetyo\/wp-json\/wp\/v2\/pages\/58","targetHints":{"allow":["GET"]}}],"collection":[{"href":"https:\/\/help.jamk.fi\/opinnaytetyo\/wp-json\/wp\/v2\/pages"}],"about":[{"href":"https:\/\/help.jamk.fi\/opinnaytetyo\/wp-json\/wp\/v2\/types\/page"}],"author":[{"embeddable":true,"href":"https:\/\/help.jamk.fi\/opinnaytetyo\/wp-json\/wp\/v2\/users\/79"}],"replies":[{"embeddable":true,"href":"https:\/\/help.jamk.fi\/opinnaytetyo\/wp-json\/wp\/v2\/comments?post=58"}],"version-history":[{"count":32,"href":"https:\/\/help.jamk.fi\/opinnaytetyo\/wp-json\/wp\/v2\/pages\/58\/revisions"}],"predecessor-version":[{"id":6163,"href":"https:\/\/help.jamk.fi\/opinnaytetyo\/wp-json\/wp\/v2\/pages\/58\/revisions\/6163"}],"wp:attachment":[{"href":"https:\/\/help.jamk.fi\/opinnaytetyo\/wp-json\/wp\/v2\/media?parent=58"}],"wp:term":[{"taxonomy":"category","embeddable":true,"href":"https:\/\/help.jamk.fi\/opinnaytetyo\/wp-json\/wp\/v2\/categories?post=58"},{"taxonomy":"post_tag","embeddable":true,"href":"https:\/\/help.jamk.fi\/opinnaytetyo\/wp-json\/wp\/v2\/tags?post=58"}],"curies":[{"name":"wp","href":"https:\/\/api.w.org\/{rel}","templated":true}]}}