{"id":7,"date":"2020-04-08T09:57:11","date_gmt":"2020-04-08T06:57:11","guid":{"rendered":"https:\/\/help.jamk.fi\/opinnaytetyo\/opinnaytetyo\/"},"modified":"2025-11-25T10:28:53","modified_gmt":"2025-11-25T08:28:53","slug":"opinnaytetyo","status":"publish","type":"page","link":"https:\/\/help.jamk.fi\/opinnaytetyo\/fi\/opinnaytetyo\/","title":{"rendered":"1 Opinn\u00e4ytety\u00f6"},"content":{"rendered":"\n<p>Opinn\u00e4ytety\u00f6t auttavat ty\u00f6- ja elinkeinoel\u00e4m\u00e4\u00e4 ja kehitt\u00e4v\u00e4t alueellista hyvinvointia ja innovaatiotoimintaa. Niiden avulla voi synty\u00e4 uuteen osaamiseen pohjautuvia yrityksi\u00e4. Opinn\u00e4ytety\u00f6n tavoitteena on helpottaa opiskelijan siirtymist\u00e4 ty\u00f6el\u00e4m\u00e4\u00e4n.<\/p>\n\n\n\n<p>Opinn\u00e4ytety\u00f6 on siis oman osaamisesi n\u00e4yte!<\/p>\n\n\n\n<p>T\u00e4ss\u00e4 alla on koko opinn\u00e4ytety\u00f6prosessin yleiskuva visualisoituna, <a href=\"https:\/\/help.jamk.fi\/opinnaytetyo\/wp-content\/uploads\/sites\/114\/2025\/09\/Oppariprosessin-kokonaiskuva_korjattu_180925.jpg\">klikkaa kuvaa suuremmaksi! <\/a>Se auttaa sinua hahmottamaan kokonaisuuden. <br>Lue kunkin vaiheen yksityiskohtaiset ohjeet t\u00e4m\u00e4n ohjeen muilta sivuilta.\u00a0<\/p>\n\n\n\n<figure class=\"wp-block-image size-large\"><a href=\"https:\/\/help.jamk.fi\/opinnaytetyo\/wp-content\/uploads\/sites\/114\/2025\/09\/Oppariprosessin-kokonaiskuva_korjattu_180925.jpg\"><img loading=\"lazy\" decoding=\"async\" width=\"1024\" height=\"576\" src=\"https:\/\/help.jamk.fi\/opinnaytetyo\/wp-content\/uploads\/sites\/114\/2025\/09\/Oppariprosessin-kokonaiskuva_korjattu_180925-1024x576.jpg\" alt=\"Opinn\u00e4ytety\u00f6prosessi koostuu kolmesta vaiheesta\" class=\"wp-image-6114\" srcset=\"https:\/\/help.jamk.fi\/opinnaytetyo\/wp-content\/uploads\/sites\/114\/2025\/09\/Oppariprosessin-kokonaiskuva_korjattu_180925-1024x576.jpg 1024w, https:\/\/help.jamk.fi\/opinnaytetyo\/wp-content\/uploads\/sites\/114\/2025\/09\/Oppariprosessin-kokonaiskuva_korjattu_180925-300x169.jpg 300w, https:\/\/help.jamk.fi\/opinnaytetyo\/wp-content\/uploads\/sites\/114\/2025\/09\/Oppariprosessin-kokonaiskuva_korjattu_180925-768x432.jpg 768w, https:\/\/help.jamk.fi\/opinnaytetyo\/wp-content\/uploads\/sites\/114\/2025\/09\/Oppariprosessin-kokonaiskuva_korjattu_180925-1536x864.jpg 1536w, https:\/\/help.jamk.fi\/opinnaytetyo\/wp-content\/uploads\/sites\/114\/2025\/09\/Oppariprosessin-kokonaiskuva_korjattu_180925.jpg 1920w\" sizes=\"auto, (max-width: 1024px) 100vw, 1024px\" \/><\/a><figcaption class=\"wp-element-caption\">Opinn\u00e4ytety\u00f6prosessin kokonaiskuva<\/figcaption><\/figure>\n\n\n\n<p>Kuva 1. Opinn\u00e4ytety\u00f6prosessin kokonaiskuva<\/p>\n\n\n\n<h2 class=\"wp-block-heading\">Dokumentit<\/h2>\n\n\n\n<p>T\u00e4ss\u00e4 ovat tekstimuotoiset dokumentit opinn\u00e4ytety\u00f6prosessin kokonaiskuvasta. Halutessasi voit tallentaa tai tulostaa ne itsellesi tueksi.<\/p>\n\n\n\n<div class=\"wp-block-group\"><div class=\"wp-block-group__inner-container is-layout-flow wp-block-group-is-layout-flow\">\n<p><a href=\"https:\/\/help.jamk.fi\/opinnaytetyo\/wp-content\/uploads\/sites\/114\/2026\/03\/AMK-opinnaytetyoprosessin-eteneminen-Wihissa.pdf\">AMK-opinn\u00e4ytety\u00f6prosessin eteneminen Wihiss\u00e4 (pdf)<\/a><\/p>\n<\/div><\/div>\n\n\n\n<p><a href=\"https:\/\/help.jamk.fi\/opinnaytetyo\/wp-content\/uploads\/sites\/114\/2024\/04\/Ylempi-AMK-opinnaytetyoprosessin-eteneminen-Wihissa.pdf\">YAMK-opinn\u00e4ytety\u00f6n eteneminen Wihiss\u00e4 (pdf)<\/a><\/p>\n\n\n<div id=\"link-lifts-block_12e5c7f32cd873b28afb9a56f45eef22\" class=\"link-lifts block-link-lifts\">\n  <div class=\"row\">\n      <\/div>\n<\/div>\n\n<div id=\"link-lifts-block_2c737d48b8d64a09714f909819152b77\" class=\"link-lifts block-link-lifts\">\n  <div class=\"row\">\n            <div class=\"col-12 col-lg-4 block-link-lifts__column\">\n          <div class=\"block-link-lifts__item pink\">\n            <h3 class=\"block-link-lifts__item--heading\">AMK -opinn\u00e4ytety\u00f6n opintojaksot<\/h3>\n                          <ul class=\"block-link-lifts__item--link-list\">\n                                                                        <li>\n                                              <a class=\"link-list\" href=\"https:\/\/opetussuunnitelmat.peppi.jamk.fi\/offerings\/other\/56031\/48615\" target=\"_self\">Opinn\u00e4ytety\u00f6n suunnittelu, AMK 3 op &#8211; ZZ00BL91 (Opintojaksokuvaus, Peppi)<\/a>\n                                          <\/li>\n                                                                                          <li>\n                                              <a class=\"link-list\" href=\"https:\/\/opetussuunnitelmat.peppi.jamk.fi\/offerings\/other\/56031\/48629\" target=\"_self\">Opinn\u00e4ytety\u00f6n kirjoittaminen, AMK 2 op &#8211; ZZ00BL97 (Opintojaksokuvaus, Peppi)<\/a>\n                                          <\/li>\n                                                                                          <li>\n                                              <a class=\"link-list\" href=\"https:\/\/opetussuunnitelmat.peppi.jamk.fi\/offerings\/other\/56031\/48616\" target=\"_self\">Opinn\u00e4ytety\u00f6n toteutus, AMK 6 op &#8211; ZZ00BL92 (Opintojaksokuvaus, Peppi)<\/a>\n                                          <\/li>\n                                                                                          <li>\n                                              <a class=\"link-list\" href=\"https:\/\/opetussuunnitelmat.peppi.jamk.fi\/offerings\/other\/56031\/48617\" target=\"_self\">Opinn\u00e4ytety\u00f6n raportointi ja arviointi, AMK 4 op &#8211; ZZ00BL93 (Opintojaksokuvaus, Peppi)<\/a>\n                                          <\/li>\n                                                                                          <li>\n                                              <a class=\"link-list\" href=\"https:\/\/opetussuunnitelmat.peppi.jamk.fi\/offerings\/other\/56031\/39891\" target=\"_self\">Kypsyysn\u00e4yte, AMK 0 op &#8211; ZZOA0220 (Opintojaksokuvaus, Peppi)<\/a>\n                                          <\/li>\n                                                <\/ul>\n            \n          <\/div>\n        <\/div>\n            <div class=\"col-12 col-lg-4 block-link-lifts__column\">\n          <div class=\"block-link-lifts__item pink\">\n            <h3 class=\"block-link-lifts__item--heading\">YAMK -opinn\u00e4ytety\u00f6n opintojaksot<\/h3>\n                          <ul class=\"block-link-lifts__item--link-list\">\n                                                                        <li>\n                                              <a class=\"link-list\" href=\"https:\/\/opetussuunnitelmat.peppi.jamk.fi\/offerings\/other\/56031\/48626\" target=\"_self\">Opinn\u00e4ytety\u00f6n suunnittelu, ylempi AMK 7 op &#8211; YZ00BL94 (Opintojaksokuvaus, Peppi)<\/a>\n                                          <\/li>\n                                                                                          <li>\n                                              <a class=\"link-list\" href=\"https:\/\/opetussuunnitelmat.peppi.jamk.fi\/offerings\/other\/56031\/48630%20\" target=\"_self\">Tutkimuskirjoittaminen, ylempi AMK 3 op &#8211; YZ00BL98 (Opintojaksokuvaus, Peppi)<\/a>\n                                          <\/li>\n                                                                                          <li>\n                                              <a class=\"link-list\" href=\"https:\/\/opetussuunnitelmat.peppi.jamk.fi\/offerings\/other\/56031\/48627\" target=\"_self\">Opinn\u00e4ytety\u00f6n toteutus, ylempi AMK 10 op &#8211; YZ00BL95<\/a>\n                                          <\/li>\n                                                                                          <li>\n                                              <a class=\"link-list\" href=\"https:\/\/opetussuunnitelmat.peppi.jamk.fi\/offerings\/other\/56031\/48628\" target=\"_self\">Opinn\u00e4ytety\u00f6n raportointi, ylempi AMK 10 op &#8211; YZ00BL96<\/a>\n                                          <\/li>\n                                                                                          <li>\n                                              <a class=\"link-list\" href=\"https:\/\/opetussuunnitelmat.peppi.jamk.fi\/offerings\/other\/56031\/41165\" target=\"_self\">Kypsyysn\u00e4yte, ylempi AMK 0 op &#8211; YZ00BB05<\/a>\n                                          <\/li>\n                                                <\/ul>\n            \n          <\/div>\n        <\/div>\n      <\/div>\n<\/div>\n\n\n<p><em>P\u00e4ivitetty 7.4.2025<\/em><\/p>\n","protected":false},"excerpt":{"rendered":"<p>Opinn\u00e4ytety\u00f6t auttavat ty\u00f6- ja elinkeinoel\u00e4m\u00e4\u00e4 ja kehitt\u00e4v\u00e4t alueellista hyvinvointia ja innovaatiotoimintaa. Niiden avulla voi synty\u00e4 uuteen osaamiseen pohjautuvia yrityksi\u00e4. Opinn\u00e4ytety\u00f6n tavoitteena on helpottaa opiskelijan siirtymist\u00e4 ty\u00f6el\u00e4m\u00e4\u00e4n. Opinn\u00e4ytety\u00f6 on siis oman osaamisesi n\u00e4yte! T\u00e4ss\u00e4 alla on koko opinn\u00e4ytety\u00f6prosessin yleiskuva visualisoituna, klikkaa kuvaa suuremmaksi! Se auttaa sinua hahmottamaan kokonaisuuden. Lue kunkin vaiheen yksityiskohtaiset ohjeet t\u00e4m\u00e4n ohjeen muilta [&hellip;]<\/p>\n","protected":false},"author":79,"featured_media":0,"parent":0,"menu_order":1,"comment_status":"closed","ping_status":"closed","template":"","meta":{"_acf_changed":false,"_relevanssi_hide_post":"","_relevanssi_hide_content":"","_relevanssi_pin_for_all":"","_relevanssi_pin_keywords":"opinn&auml;ytety&ouml;","_relevanssi_unpin_keywords":"","_relevanssi_related_keywords":"","_relevanssi_related_include_ids":"","_relevanssi_related_exclude_ids":"","_relevanssi_related_no_append":"","_relevanssi_related_not_related":"","_relevanssi_related_posts":"","_relevanssi_noindex_reason":"","footnotes":""},"categories":[1],"tags":[2090],"class_list":["post-7","page","type-page","status-publish","hentry","category-yleinen","tag-tulosta-ohjeet"],"acf":[],"yoast_head":"<!-- This site is optimized with the Yoast SEO plugin v27.3 - https:\/\/yoast.com\/product\/yoast-seo-wordpress\/ -->\n<title>1 Opinn\u00e4ytety\u00f6 - Opinn\u00e4ytety\u00f6<\/title>\n<meta name=\"robots\" content=\"index, follow, max-snippet:-1, max-image-preview:large, max-video-preview:-1\" \/>\n<link rel=\"canonical\" href=\"https:\/\/help.jamk.fi\/opinnaytetyo\/fi\/opinnaytetyo\/\" \/>\n<meta property=\"og:locale\" content=\"fi_FI\" \/>\n<meta property=\"og:type\" content=\"article\" \/>\n<meta property=\"og:title\" content=\"1 Opinn\u00e4ytety\u00f6 - Opinn\u00e4ytety\u00f6\" \/>\n<meta property=\"og:description\" content=\"Opinn\u00e4ytety\u00f6t auttavat ty\u00f6- ja elinkeinoel\u00e4m\u00e4\u00e4 ja kehitt\u00e4v\u00e4t alueellista hyvinvointia ja innovaatiotoimintaa. Niiden avulla voi synty\u00e4 uuteen osaamiseen pohjautuvia yrityksi\u00e4. Opinn\u00e4ytety\u00f6n tavoitteena on helpottaa opiskelijan siirtymist\u00e4 ty\u00f6el\u00e4m\u00e4\u00e4n. Opinn\u00e4ytety\u00f6 on siis oman osaamisesi n\u00e4yte! T\u00e4ss\u00e4 alla on koko opinn\u00e4ytety\u00f6prosessin yleiskuva visualisoituna, klikkaa kuvaa suuremmaksi! Se auttaa sinua hahmottamaan kokonaisuuden. Lue kunkin vaiheen yksityiskohtaiset ohjeet t\u00e4m\u00e4n ohjeen muilta [&hellip;]\" \/>\n<meta property=\"og:url\" content=\"https:\/\/help.jamk.fi\/opinnaytetyo\/fi\/opinnaytetyo\/\" \/>\n<meta property=\"og:site_name\" content=\"Opinn\u00e4ytety\u00f6\" \/>\n<meta property=\"article:modified_time\" content=\"2025-11-25T08:28:53+00:00\" \/>\n<meta property=\"og:image\" content=\"https:\/\/help.jamk.fi\/opinnaytetyo\/wp-content\/uploads\/sites\/114\/2025\/09\/Oppariprosessin-kokonaiskuva_korjattu_180925.jpg\" \/>\n\t<meta property=\"og:image:width\" content=\"1920\" \/>\n\t<meta property=\"og:image:height\" content=\"1080\" \/>\n\t<meta property=\"og:image:type\" content=\"image\/jpeg\" \/>\n<meta name=\"twitter:card\" content=\"summary_large_image\" \/>\n<meta name=\"twitter:label1\" content=\"Arvioitu lukuaika\" \/>\n\t<meta name=\"twitter:data1\" content=\"3 minuuttia\" \/>\n<script type=\"application\/ld+json\" class=\"yoast-schema-graph\">{\"@context\":\"https:\\\/\\\/schema.org\",\"@graph\":[{\"@type\":\"WebPage\",\"@id\":\"https:\\\/\\\/help.jamk.fi\\\/opinnaytetyo\\\/fi\\\/opinnaytetyo\\\/\",\"url\":\"https:\\\/\\\/help.jamk.fi\\\/opinnaytetyo\\\/fi\\\/opinnaytetyo\\\/\",\"name\":\"1 Opinn\u00e4ytety\u00f6 - Opinn\u00e4ytety\u00f6\",\"isPartOf\":{\"@id\":\"https:\\\/\\\/help.jamk.fi\\\/opinnaytetyo\\\/#website\"},\"primaryImageOfPage\":{\"@id\":\"https:\\\/\\\/help.jamk.fi\\\/opinnaytetyo\\\/fi\\\/opinnaytetyo\\\/#primaryimage\"},\"image\":{\"@id\":\"https:\\\/\\\/help.jamk.fi\\\/opinnaytetyo\\\/fi\\\/opinnaytetyo\\\/#primaryimage\"},\"thumbnailUrl\":\"https:\\\/\\\/help.jamk.fi\\\/opinnaytetyo\\\/wp-content\\\/uploads\\\/sites\\\/114\\\/2025\\\/09\\\/Oppariprosessin-kokonaiskuva_korjattu_180925-1024x576.jpg\",\"datePublished\":\"2020-04-08T06:57:11+00:00\",\"dateModified\":\"2025-11-25T08:28:53+00:00\",\"breadcrumb\":{\"@id\":\"https:\\\/\\\/help.jamk.fi\\\/opinnaytetyo\\\/fi\\\/opinnaytetyo\\\/#breadcrumb\"},\"inLanguage\":\"fi\",\"potentialAction\":[{\"@type\":\"ReadAction\",\"target\":[\"https:\\\/\\\/help.jamk.fi\\\/opinnaytetyo\\\/fi\\\/opinnaytetyo\\\/\"]}]},{\"@type\":\"ImageObject\",\"inLanguage\":\"fi\",\"@id\":\"https:\\\/\\\/help.jamk.fi\\\/opinnaytetyo\\\/fi\\\/opinnaytetyo\\\/#primaryimage\",\"url\":\"https:\\\/\\\/help.jamk.fi\\\/opinnaytetyo\\\/wp-content\\\/uploads\\\/sites\\\/114\\\/2025\\\/09\\\/Oppariprosessin-kokonaiskuva_korjattu_180925.jpg\",\"contentUrl\":\"https:\\\/\\\/help.jamk.fi\\\/opinnaytetyo\\\/wp-content\\\/uploads\\\/sites\\\/114\\\/2025\\\/09\\\/Oppariprosessin-kokonaiskuva_korjattu_180925.jpg\",\"width\":1920,\"height\":1080,\"caption\":\"Opinn\u00e4ytety\u00f6prosessin kokonaiskuva\"},{\"@type\":\"BreadcrumbList\",\"@id\":\"https:\\\/\\\/help.jamk.fi\\\/opinnaytetyo\\\/fi\\\/opinnaytetyo\\\/#breadcrumb\",\"itemListElement\":[{\"@type\":\"ListItem\",\"position\":1,\"name\":\"Etusivu\",\"item\":\"https:\\\/\\\/help.jamk.fi\\\/opinnaytetyo\\\/fi\\\/\"},{\"@type\":\"ListItem\",\"position\":2,\"name\":\"1 Opinn\u00e4ytety\u00f6\"}]},{\"@type\":\"WebSite\",\"@id\":\"https:\\\/\\\/help.jamk.fi\\\/opinnaytetyo\\\/#website\",\"url\":\"https:\\\/\\\/help.jamk.fi\\\/opinnaytetyo\\\/\",\"name\":\"Opinn\u00e4ytety\u00f6\",\"description\":\"\",\"potentialAction\":[{\"@type\":\"SearchAction\",\"target\":{\"@type\":\"EntryPoint\",\"urlTemplate\":\"https:\\\/\\\/help.jamk.fi\\\/opinnaytetyo\\\/?s={search_term_string}\"},\"query-input\":{\"@type\":\"PropertyValueSpecification\",\"valueRequired\":true,\"valueName\":\"search_term_string\"}}],\"inLanguage\":\"fi\"}]}<\/script>\n<!-- \/ Yoast SEO plugin. -->","yoast_head_json":{"title":"1 Opinn\u00e4ytety\u00f6 - Opinn\u00e4ytety\u00f6","robots":{"index":"index","follow":"follow","max-snippet":"max-snippet:-1","max-image-preview":"max-image-preview:large","max-video-preview":"max-video-preview:-1"},"canonical":"https:\/\/help.jamk.fi\/opinnaytetyo\/fi\/opinnaytetyo\/","og_locale":"fi_FI","og_type":"article","og_title":"1 Opinn\u00e4ytety\u00f6 - Opinn\u00e4ytety\u00f6","og_description":"Opinn\u00e4ytety\u00f6t auttavat ty\u00f6- ja elinkeinoel\u00e4m\u00e4\u00e4 ja kehitt\u00e4v\u00e4t alueellista hyvinvointia ja innovaatiotoimintaa. Niiden avulla voi synty\u00e4 uuteen osaamiseen pohjautuvia yrityksi\u00e4. Opinn\u00e4ytety\u00f6n tavoitteena on helpottaa opiskelijan siirtymist\u00e4 ty\u00f6el\u00e4m\u00e4\u00e4n. Opinn\u00e4ytety\u00f6 on siis oman osaamisesi n\u00e4yte! T\u00e4ss\u00e4 alla on koko opinn\u00e4ytety\u00f6prosessin yleiskuva visualisoituna, klikkaa kuvaa suuremmaksi! Se auttaa sinua hahmottamaan kokonaisuuden. Lue kunkin vaiheen yksityiskohtaiset ohjeet t\u00e4m\u00e4n ohjeen muilta [&hellip;]","og_url":"https:\/\/help.jamk.fi\/opinnaytetyo\/fi\/opinnaytetyo\/","og_site_name":"Opinn\u00e4ytety\u00f6","article_modified_time":"2025-11-25T08:28:53+00:00","og_image":[{"width":1920,"height":1080,"url":"https:\/\/help.jamk.fi\/opinnaytetyo\/wp-content\/uploads\/sites\/114\/2025\/09\/Oppariprosessin-kokonaiskuva_korjattu_180925.jpg","type":"image\/jpeg"}],"twitter_card":"summary_large_image","twitter_misc":{"Arvioitu lukuaika":"3 minuuttia"},"schema":{"@context":"https:\/\/schema.org","@graph":[{"@type":"WebPage","@id":"https:\/\/help.jamk.fi\/opinnaytetyo\/fi\/opinnaytetyo\/","url":"https:\/\/help.jamk.fi\/opinnaytetyo\/fi\/opinnaytetyo\/","name":"1 Opinn\u00e4ytety\u00f6 - Opinn\u00e4ytety\u00f6","isPartOf":{"@id":"https:\/\/help.jamk.fi\/opinnaytetyo\/#website"},"primaryImageOfPage":{"@id":"https:\/\/help.jamk.fi\/opinnaytetyo\/fi\/opinnaytetyo\/#primaryimage"},"image":{"@id":"https:\/\/help.jamk.fi\/opinnaytetyo\/fi\/opinnaytetyo\/#primaryimage"},"thumbnailUrl":"https:\/\/help.jamk.fi\/opinnaytetyo\/wp-content\/uploads\/sites\/114\/2025\/09\/Oppariprosessin-kokonaiskuva_korjattu_180925-1024x576.jpg","datePublished":"2020-04-08T06:57:11+00:00","dateModified":"2025-11-25T08:28:53+00:00","breadcrumb":{"@id":"https:\/\/help.jamk.fi\/opinnaytetyo\/fi\/opinnaytetyo\/#breadcrumb"},"inLanguage":"fi","potentialAction":[{"@type":"ReadAction","target":["https:\/\/help.jamk.fi\/opinnaytetyo\/fi\/opinnaytetyo\/"]}]},{"@type":"ImageObject","inLanguage":"fi","@id":"https:\/\/help.jamk.fi\/opinnaytetyo\/fi\/opinnaytetyo\/#primaryimage","url":"https:\/\/help.jamk.fi\/opinnaytetyo\/wp-content\/uploads\/sites\/114\/2025\/09\/Oppariprosessin-kokonaiskuva_korjattu_180925.jpg","contentUrl":"https:\/\/help.jamk.fi\/opinnaytetyo\/wp-content\/uploads\/sites\/114\/2025\/09\/Oppariprosessin-kokonaiskuva_korjattu_180925.jpg","width":1920,"height":1080,"caption":"Opinn\u00e4ytety\u00f6prosessin kokonaiskuva"},{"@type":"BreadcrumbList","@id":"https:\/\/help.jamk.fi\/opinnaytetyo\/fi\/opinnaytetyo\/#breadcrumb","itemListElement":[{"@type":"ListItem","position":1,"name":"Etusivu","item":"https:\/\/help.jamk.fi\/opinnaytetyo\/fi\/"},{"@type":"ListItem","position":2,"name":"1 Opinn\u00e4ytety\u00f6"}]},{"@type":"WebSite","@id":"https:\/\/help.jamk.fi\/opinnaytetyo\/#website","url":"https:\/\/help.jamk.fi\/opinnaytetyo\/","name":"Opinn\u00e4ytety\u00f6","description":"","potentialAction":[{"@type":"SearchAction","target":{"@type":"EntryPoint","urlTemplate":"https:\/\/help.jamk.fi\/opinnaytetyo\/?s={search_term_string}"},"query-input":{"@type":"PropertyValueSpecification","valueRequired":true,"valueName":"search_term_string"}}],"inLanguage":"fi"}]}},"_links":{"self":[{"href":"https:\/\/help.jamk.fi\/opinnaytetyo\/wp-json\/wp\/v2\/pages\/7","targetHints":{"allow":["GET"]}}],"collection":[{"href":"https:\/\/help.jamk.fi\/opinnaytetyo\/wp-json\/wp\/v2\/pages"}],"about":[{"href":"https:\/\/help.jamk.fi\/opinnaytetyo\/wp-json\/wp\/v2\/types\/page"}],"author":[{"embeddable":true,"href":"https:\/\/help.jamk.fi\/opinnaytetyo\/wp-json\/wp\/v2\/users\/79"}],"replies":[{"embeddable":true,"href":"https:\/\/help.jamk.fi\/opinnaytetyo\/wp-json\/wp\/v2\/comments?post=7"}],"version-history":[{"count":31,"href":"https:\/\/help.jamk.fi\/opinnaytetyo\/wp-json\/wp\/v2\/pages\/7\/revisions"}],"predecessor-version":[{"id":6154,"href":"https:\/\/help.jamk.fi\/opinnaytetyo\/wp-json\/wp\/v2\/pages\/7\/revisions\/6154"}],"wp:attachment":[{"href":"https:\/\/help.jamk.fi\/opinnaytetyo\/wp-json\/wp\/v2\/media?parent=7"}],"wp:term":[{"taxonomy":"category","embeddable":true,"href":"https:\/\/help.jamk.fi\/opinnaytetyo\/wp-json\/wp\/v2\/categories?post=7"},{"taxonomy":"post_tag","embeddable":true,"href":"https:\/\/help.jamk.fi\/opinnaytetyo\/wp-json\/wp\/v2\/tags?post=7"}],"curies":[{"name":"wp","href":"https:\/\/api.w.org\/{rel}","templated":true}]}}