{"id":82,"date":"2020-04-20T11:34:38","date_gmt":"2020-04-20T08:34:38","guid":{"rendered":"https:\/\/help.jamk.fi\/opinnaytetyo\/toimeksiantaja-aihe\/"},"modified":"2026-01-28T11:54:17","modified_gmt":"2026-01-28T09:54:17","slug":"toimeksiantaja-aihe","status":"publish","type":"page","link":"https:\/\/help.jamk.fi\/opinnaytetyo\/fi\/toimeksiantaja-aihe\/","title":{"rendered":"3 Aiheen valinta ja toimeksiantaja"},"content":{"rendered":"\n<p>Tavoitteena on, ett\u00e4 Jamkissa opinn\u00e4ytety\u00f6t tehd\u00e4\u00e4n toimeksiantoina ty\u00f6el\u00e4m\u00e4\u00e4n, projekteihin tai hankkeisiin. Katso avoimia opinn\u00e4ytety\u00f6aiheita intran opinn\u00e4ytety\u00f6sivuston ilmoituksista, joissa yritykset etsiv\u00e4t opinn\u00e4ytety\u00f6n tekij\u00e4\u00e4.<\/p>\n\n\n\n<p>Saat aihevalintaan apua menetelm\u00e4opinnoista (Kehitt\u00e4mis- ja tutkimustoiminta \/ Tutkiva kehitt\u00e4minen). Osallistu my\u00f6s opintojaksojen vierailuluennoille, ole paikalla Jamkin Ty\u00f6p\u00e4iv\u00e4ss\u00e4 ja muissa tilaisuuksissa, joissa voit tavata yritysten edustajia.<\/p>\n\n\n\n<p>Moni AMK-opiskelija l\u00f6yt\u00e4\u00e4 opinn\u00e4ytety\u00f6n aiheen harjoitteluaikana. Jos teet harjoittelun ennen opinn\u00e4ytety\u00f6t\u00e4, avaa suusi opinn\u00e4ytety\u00f6tarpeestasi jo harjoittelussa ollessasi! Mieti mahdollisia opinn\u00e4ytety\u00f6n aiheita ja tarjoa niit\u00e4 sille yritykselle tai organisaatiolle, jossa olet harjoittelussa. YAMK-opiskelija voi l\u00f6yt\u00e4\u00e4 opinn\u00e4ytety\u00f6n aiheidean omalta ty\u00f6paikaltaan tai TKI-hankkeesta. Keskustele ty\u00f6nantajasi tai mahdollisen muun toimeksiantajan kanssa YAMK-opinn\u00e4ytety\u00f6n aiheideasta.<\/p>\n\n\n\n<p><\/p>\n\n\n\n<h2 class=\"wp-block-heading\">Tutustu aiemmin tehtyihin opinn\u00e4ytet\u00f6ihin<\/h2>\n\n\n\n<p>Tutustu aiemmin tehtyihin opinn\u00e4ytet\u00f6ihin Theseuksessa ja lue aihealueesi tutkimuksia. Tutustu Theseuksen hakutoimintoon t\u00e4m\u00e4n videon (4min) avulla.<\/p>\n\n\n\n<iframe loading=\"lazy\" src=\"https:\/\/panopto.jamk.fi\/Panopto\/Pages\/Embed.aspx?id=6aab253c-6824-4ba1-98ba-b15400d7333a&#038;autoplay=false&#038;offerviewer=true&#038;showtitle=true&#038;showbrand=true&#038;captions=true&#038;interactivity=all\" height=\"405\" width=\"720\" style=\"border: 1px solid #464646;\" allowfullscreen allow=\"autoplay\"><\/iframe>\n\n\n\n<p><\/p>\n\n\n\n<h2 class=\"wp-block-heading\">Rajaa aiheesi toimeksiantajan kanssa<\/h2>\n\n\n\n<p>Rajaa aiheesi yhdess\u00e4 toimeksiantajan kanssa. Voit my\u00f6s j\u00e4rjest\u00e4\u00e4 yhteisen palaverin, jossa l\u00e4sn\u00e4 ovat sinun lis\u00e4ksesi p\u00e4\u00e4ohjaaja ja toimeksiantaja. Ty\u00f6n edetess\u00e4 huolehdi, ett\u00e4 toimeksiantaja on ajan tasalla ty\u00f6n edistymisest\u00e4, jolloin saat my\u00f6s sis\u00e4ll\u00f6llist\u00e4 tukea ty\u00f6h\u00f6n.<\/p>\n\n\n\n<h2 class=\"wp-block-heading\"><\/h2>\n\n\n\n<h2 class=\"wp-block-heading\">Tee opinn\u00e4ytety\u00f6sopimus <\/h2>\n\n\n\n<p><strong>Kirjallinen <em>opinn\u00e4ytety\u00f6sopimus <\/em>on pakollinen aina, kun opinn\u00e4ytety\u00f6ll\u00e4 on toimeksiantaja. Sen allekirjoittavat opinn\u00e4ytety\u00f6n tekij\u00e4(t), toimeksiantaja ja Jamkin edustaja (ohjaaja).<\/strong>  Tee kirjallinen opinn\u00e4ytety\u00f6sopimus siin\u00e4 vaiheessa, kun sinulla on hyv\u00e4ksytty aihe-ehdotus ja ohjaajasi on hyv\u00e4ksynyt aiheesi ja sen rajauksen. Opinn\u00e4ytety\u00f6n valmistuttua toimeksiantaja antaa oman lausuntonsa opinn\u00e4ytety\u00f6st\u00e4si (ks. Linkit).<\/p>\n\n\n\n<p><strong>Jamkissa teht\u00e4v\u00e4t opinn\u00e4ytety\u00f6t on julkisia. Kokonaan salassa pidett\u00e4v\u00e4\u00e4 opinn\u00e4ytety\u00f6t\u00e4 ei Jamkissa voi tehd\u00e4.<\/strong> Jos opinn\u00e4ytety\u00f6ss\u00e4 on salassa pidett\u00e4v\u00e4\u00e4 tietoa, se j\u00e4tet\u00e4\u00e4n opinn\u00e4ytety\u00f6n liitteeksi. Tee t\u00e4ll\u00f6in<strong> lis\u00e4ksi <em>Opinn\u00e4ytety\u00f6n liiteaineiston salassapitosopimus<\/em>.<\/strong> Salassapitosopimus on liite opinn\u00e4ytety\u00f6sopimukselle. Katso tarkempi ohjeistus kohdasta <em>Opinn\u00e4ytety\u00f6n julkisuus ja tekij\u00e4noikeudet.<\/em><\/p>\n\n\n\n<h3 class=\"wp-block-heading\">Kuka allekirjoittaa?<\/h3>\n\n\n\n<ul class=\"wp-block-list\">\n<li>Sopimuksen opinn\u00e4ytety\u00f6st\u00e4 allekirjoittavat toimeksiantaja, opinn\u00e4ytety\u00f6n tekij\u00e4(t) ja<strong> <\/strong>opinn\u00e4ytety\u00f6n ohjaaja.<\/li>\n\n\n\n<li>Mahdollinen salassapitosopimus on opinn\u00e4ytety\u00f6sopimuksen liite, jonka allekirjoittavat toimeksiantaja, opinn\u00e4ytety\u00f6n tekij\u00e4(t) ja <strong>Jyv\u00e4skyl\u00e4n ammattikorkeakoulun edustajana tutkinto-ohjelman p\u00e4\u00e4llikk\u00f6<\/strong>. Kysy ohjaajaltasi h\u00e4nen nimens\u00e4. <\/li>\n\n\n\n<li>Molemmat sopimukset allekirjoitetaan <strong>s\u00e4hk\u00f6isesti Jamk Sign -palvelussa<\/strong>. <br>Ohjaajasi k\u00e4ynnist\u00e4\u00e4 allekirjoituskierroksen ja ohjaajan ohje on Opinn\u00e4ytety\u00f6n ohjaajan k\u00e4sikirjassa (kts. t\u00e4m\u00e4n sivun linkit).<br><\/li>\n<\/ul>\n\n\n\n<h3 class=\"wp-block-heading\">Sopimuksen tallentaminen<\/h3>\n\n\n\n<p>Tallenna <strong>kaikkien osapuolten allekirjoittama <\/strong>opinn\u00e4ytety\u00f6sopimus liitteineen <strong>yhten\u00e4<\/strong> <strong>PDF-tiedostona<\/strong> Wihiin.<\/p>\n\n\n\n<p><strong>Nime\u00e4 tiedosto<\/strong> tulee seuraavasti:   <em>Opinn\u00e4ytety\u00f6sopimus_Sukunimi_Etunimi_Yksikk\u00f6<\/em><\/p>\n\n\n\n<h3 class=\"wp-block-heading\"><strong>Lomakkeet<\/strong><\/h3>\n\n\n\n<p><a href=\"https:\/\/jamkstudent.sharepoint.com\/:w:\/r\/sites\/Assets\/OfficeTemplates\/Opiskelijat%20-%20Students\/Opinnaytetyosopimus.dotx?d=w61c639b59e0a45aaa59251c23745c0d0&amp;csf=1&amp;web=1&amp;e=gdzm4Q\">Sopimus opinn\u00e4ytety\u00f6st\u00e4 (dotx)<\/a><\/p>\n\n\n\n<p><a href=\"https:\/\/jamkstudent.sharepoint.com\/:w:\/r\/sites\/Assets\/OfficeTemplates\/Opiskelijat%20-%20Students\/Salassapitosopimus.dotx?d=w6f0f1bca5d7248bb9486f9a13e035450&amp;csf=1&amp;web=1&amp;e=5EyVJT\">Liite 1 Opinn\u00e4ytety\u00f6n liiteaineiston salassapitosopimus (dotx)<\/a><\/p>\n\n\n\n<p><em>P\u00e4ivitetty 6.6.2025<\/em><\/p>\n\n\n\n<p><\/p>\n","protected":false},"excerpt":{"rendered":"<p>Tavoitteena on, ett\u00e4 Jamkissa opinn\u00e4ytety\u00f6t tehd\u00e4\u00e4n toimeksiantoina ty\u00f6el\u00e4m\u00e4\u00e4n, projekteihin tai hankkeisiin. Katso avoimia opinn\u00e4ytety\u00f6aiheita intran opinn\u00e4ytety\u00f6sivuston ilmoituksista, joissa yritykset etsiv\u00e4t opinn\u00e4ytety\u00f6n tekij\u00e4\u00e4. Saat aihevalintaan apua menetelm\u00e4opinnoista (Kehitt\u00e4mis- ja tutkimustoiminta \/ Tutkiva kehitt\u00e4minen). Osallistu my\u00f6s opintojaksojen vierailuluennoille, ole paikalla Jamkin Ty\u00f6p\u00e4iv\u00e4ss\u00e4 ja muissa tilaisuuksissa, joissa voit tavata yritysten edustajia. Moni AMK-opiskelija l\u00f6yt\u00e4\u00e4 opinn\u00e4ytety\u00f6n aiheen harjoitteluaikana. Jos [&hellip;]<\/p>\n","protected":false},"author":79,"featured_media":0,"parent":0,"menu_order":3,"comment_status":"closed","ping_status":"closed","template":"","meta":{"_acf_changed":false,"_relevanssi_hide_post":"","_relevanssi_hide_content":"","_relevanssi_pin_for_all":"","_relevanssi_pin_keywords":"","_relevanssi_unpin_keywords":"","_relevanssi_related_keywords":"","_relevanssi_related_include_ids":"","_relevanssi_related_exclude_ids":"","_relevanssi_related_no_append":"","_relevanssi_related_not_related":"","_relevanssi_related_posts":"","_relevanssi_noindex_reason":"","footnotes":""},"categories":[1],"tags":[256,2078,2076,154,2080],"class_list":["post-82","page","type-page","status-publish","hentry","category-yleinen","tag-aihe","tag-allekirjoitus","tag-jamk-sign","tag-sopimus","tag-toimeksiantaja-2"],"acf":[],"yoast_head":"<!-- This site is optimized with the Yoast SEO plugin v27.4 - https:\/\/yoast.com\/product\/yoast-seo-wordpress\/ -->\n<title>3 Aiheen valinta ja toimeksiantaja - Opinn\u00e4ytety\u00f6<\/title>\n<meta name=\"robots\" content=\"index, follow, max-snippet:-1, max-image-preview:large, max-video-preview:-1\" \/>\n<link rel=\"canonical\" href=\"https:\/\/help.jamk.fi\/opinnaytetyo\/fi\/toimeksiantaja-aihe\/\" \/>\n<meta property=\"og:locale\" content=\"fi_FI\" \/>\n<meta property=\"og:type\" content=\"article\" \/>\n<meta property=\"og:title\" content=\"3 Aiheen valinta ja toimeksiantaja - Opinn\u00e4ytety\u00f6\" \/>\n<meta property=\"og:description\" content=\"Tavoitteena on, ett\u00e4 Jamkissa opinn\u00e4ytety\u00f6t tehd\u00e4\u00e4n toimeksiantoina ty\u00f6el\u00e4m\u00e4\u00e4n, projekteihin tai hankkeisiin. Katso avoimia opinn\u00e4ytety\u00f6aiheita intran opinn\u00e4ytety\u00f6sivuston ilmoituksista, joissa yritykset etsiv\u00e4t opinn\u00e4ytety\u00f6n tekij\u00e4\u00e4. Saat aihevalintaan apua menetelm\u00e4opinnoista (Kehitt\u00e4mis- ja tutkimustoiminta \/ Tutkiva kehitt\u00e4minen). Osallistu my\u00f6s opintojaksojen vierailuluennoille, ole paikalla Jamkin Ty\u00f6p\u00e4iv\u00e4ss\u00e4 ja muissa tilaisuuksissa, joissa voit tavata yritysten edustajia. Moni AMK-opiskelija l\u00f6yt\u00e4\u00e4 opinn\u00e4ytety\u00f6n aiheen harjoitteluaikana. Jos [&hellip;]\" \/>\n<meta property=\"og:url\" content=\"https:\/\/help.jamk.fi\/opinnaytetyo\/fi\/toimeksiantaja-aihe\/\" \/>\n<meta property=\"og:site_name\" content=\"Opinn\u00e4ytety\u00f6\" \/>\n<meta property=\"article:modified_time\" content=\"2026-01-28T09:54:17+00:00\" \/>\n<meta name=\"twitter:card\" content=\"summary_large_image\" \/>\n<meta name=\"twitter:label1\" content=\"Arvioitu lukuaika\" \/>\n\t<meta name=\"twitter:data1\" content=\"3 minuuttia\" \/>\n<script type=\"application\/ld+json\" class=\"yoast-schema-graph\">{\"@context\":\"https:\\\/\\\/schema.org\",\"@graph\":[{\"@type\":\"WebPage\",\"@id\":\"https:\\\/\\\/help.jamk.fi\\\/opinnaytetyo\\\/fi\\\/toimeksiantaja-aihe\\\/\",\"url\":\"https:\\\/\\\/help.jamk.fi\\\/opinnaytetyo\\\/fi\\\/toimeksiantaja-aihe\\\/\",\"name\":\"3 Aiheen valinta ja toimeksiantaja - Opinn\u00e4ytety\u00f6\",\"isPartOf\":{\"@id\":\"https:\\\/\\\/help.jamk.fi\\\/opinnaytetyo\\\/#website\"},\"datePublished\":\"2020-04-20T08:34:38+00:00\",\"dateModified\":\"2026-01-28T09:54:17+00:00\",\"breadcrumb\":{\"@id\":\"https:\\\/\\\/help.jamk.fi\\\/opinnaytetyo\\\/fi\\\/toimeksiantaja-aihe\\\/#breadcrumb\"},\"inLanguage\":\"fi\",\"potentialAction\":[{\"@type\":\"ReadAction\",\"target\":[\"https:\\\/\\\/help.jamk.fi\\\/opinnaytetyo\\\/fi\\\/toimeksiantaja-aihe\\\/\"]}]},{\"@type\":\"BreadcrumbList\",\"@id\":\"https:\\\/\\\/help.jamk.fi\\\/opinnaytetyo\\\/fi\\\/toimeksiantaja-aihe\\\/#breadcrumb\",\"itemListElement\":[{\"@type\":\"ListItem\",\"position\":1,\"name\":\"Etusivu\",\"item\":\"https:\\\/\\\/help.jamk.fi\\\/opinnaytetyo\\\/fi\\\/\"},{\"@type\":\"ListItem\",\"position\":2,\"name\":\"3 Aiheen valinta ja toimeksiantaja\"}]},{\"@type\":\"WebSite\",\"@id\":\"https:\\\/\\\/help.jamk.fi\\\/opinnaytetyo\\\/#website\",\"url\":\"https:\\\/\\\/help.jamk.fi\\\/opinnaytetyo\\\/\",\"name\":\"Opinn\u00e4ytety\u00f6\",\"description\":\"\",\"potentialAction\":[{\"@type\":\"SearchAction\",\"target\":{\"@type\":\"EntryPoint\",\"urlTemplate\":\"https:\\\/\\\/help.jamk.fi\\\/opinnaytetyo\\\/?s={search_term_string}\"},\"query-input\":{\"@type\":\"PropertyValueSpecification\",\"valueRequired\":true,\"valueName\":\"search_term_string\"}}],\"inLanguage\":\"fi\"}]}<\/script>\n<!-- \/ Yoast SEO plugin. -->","yoast_head_json":{"title":"3 Aiheen valinta ja toimeksiantaja - Opinn\u00e4ytety\u00f6","robots":{"index":"index","follow":"follow","max-snippet":"max-snippet:-1","max-image-preview":"max-image-preview:large","max-video-preview":"max-video-preview:-1"},"canonical":"https:\/\/help.jamk.fi\/opinnaytetyo\/fi\/toimeksiantaja-aihe\/","og_locale":"fi_FI","og_type":"article","og_title":"3 Aiheen valinta ja toimeksiantaja - Opinn\u00e4ytety\u00f6","og_description":"Tavoitteena on, ett\u00e4 Jamkissa opinn\u00e4ytety\u00f6t tehd\u00e4\u00e4n toimeksiantoina ty\u00f6el\u00e4m\u00e4\u00e4n, projekteihin tai hankkeisiin. Katso avoimia opinn\u00e4ytety\u00f6aiheita intran opinn\u00e4ytety\u00f6sivuston ilmoituksista, joissa yritykset etsiv\u00e4t opinn\u00e4ytety\u00f6n tekij\u00e4\u00e4. Saat aihevalintaan apua menetelm\u00e4opinnoista (Kehitt\u00e4mis- ja tutkimustoiminta \/ Tutkiva kehitt\u00e4minen). Osallistu my\u00f6s opintojaksojen vierailuluennoille, ole paikalla Jamkin Ty\u00f6p\u00e4iv\u00e4ss\u00e4 ja muissa tilaisuuksissa, joissa voit tavata yritysten edustajia. Moni AMK-opiskelija l\u00f6yt\u00e4\u00e4 opinn\u00e4ytety\u00f6n aiheen harjoitteluaikana. Jos [&hellip;]","og_url":"https:\/\/help.jamk.fi\/opinnaytetyo\/fi\/toimeksiantaja-aihe\/","og_site_name":"Opinn\u00e4ytety\u00f6","article_modified_time":"2026-01-28T09:54:17+00:00","twitter_card":"summary_large_image","twitter_misc":{"Arvioitu lukuaika":"3 minuuttia"},"schema":{"@context":"https:\/\/schema.org","@graph":[{"@type":"WebPage","@id":"https:\/\/help.jamk.fi\/opinnaytetyo\/fi\/toimeksiantaja-aihe\/","url":"https:\/\/help.jamk.fi\/opinnaytetyo\/fi\/toimeksiantaja-aihe\/","name":"3 Aiheen valinta ja toimeksiantaja - Opinn\u00e4ytety\u00f6","isPartOf":{"@id":"https:\/\/help.jamk.fi\/opinnaytetyo\/#website"},"datePublished":"2020-04-20T08:34:38+00:00","dateModified":"2026-01-28T09:54:17+00:00","breadcrumb":{"@id":"https:\/\/help.jamk.fi\/opinnaytetyo\/fi\/toimeksiantaja-aihe\/#breadcrumb"},"inLanguage":"fi","potentialAction":[{"@type":"ReadAction","target":["https:\/\/help.jamk.fi\/opinnaytetyo\/fi\/toimeksiantaja-aihe\/"]}]},{"@type":"BreadcrumbList","@id":"https:\/\/help.jamk.fi\/opinnaytetyo\/fi\/toimeksiantaja-aihe\/#breadcrumb","itemListElement":[{"@type":"ListItem","position":1,"name":"Etusivu","item":"https:\/\/help.jamk.fi\/opinnaytetyo\/fi\/"},{"@type":"ListItem","position":2,"name":"3 Aiheen valinta ja toimeksiantaja"}]},{"@type":"WebSite","@id":"https:\/\/help.jamk.fi\/opinnaytetyo\/#website","url":"https:\/\/help.jamk.fi\/opinnaytetyo\/","name":"Opinn\u00e4ytety\u00f6","description":"","potentialAction":[{"@type":"SearchAction","target":{"@type":"EntryPoint","urlTemplate":"https:\/\/help.jamk.fi\/opinnaytetyo\/?s={search_term_string}"},"query-input":{"@type":"PropertyValueSpecification","valueRequired":true,"valueName":"search_term_string"}}],"inLanguage":"fi"}]}},"_links":{"self":[{"href":"https:\/\/help.jamk.fi\/opinnaytetyo\/wp-json\/wp\/v2\/pages\/82","targetHints":{"allow":["GET"]}}],"collection":[{"href":"https:\/\/help.jamk.fi\/opinnaytetyo\/wp-json\/wp\/v2\/pages"}],"about":[{"href":"https:\/\/help.jamk.fi\/opinnaytetyo\/wp-json\/wp\/v2\/types\/page"}],"author":[{"embeddable":true,"href":"https:\/\/help.jamk.fi\/opinnaytetyo\/wp-json\/wp\/v2\/users\/79"}],"replies":[{"embeddable":true,"href":"https:\/\/help.jamk.fi\/opinnaytetyo\/wp-json\/wp\/v2\/comments?post=82"}],"version-history":[{"count":25,"href":"https:\/\/help.jamk.fi\/opinnaytetyo\/wp-json\/wp\/v2\/pages\/82\/revisions"}],"predecessor-version":[{"id":6199,"href":"https:\/\/help.jamk.fi\/opinnaytetyo\/wp-json\/wp\/v2\/pages\/82\/revisions\/6199"}],"wp:attachment":[{"href":"https:\/\/help.jamk.fi\/opinnaytetyo\/wp-json\/wp\/v2\/media?parent=82"}],"wp:term":[{"taxonomy":"category","embeddable":true,"href":"https:\/\/help.jamk.fi\/opinnaytetyo\/wp-json\/wp\/v2\/categories?post=82"},{"taxonomy":"post_tag","embeddable":true,"href":"https:\/\/help.jamk.fi\/opinnaytetyo\/wp-json\/wp\/v2\/tags?post=82"}],"curies":[{"name":"wp","href":"https:\/\/api.w.org\/{rel}","templated":true}]}}