{"id":113,"date":"2022-04-02T11:13:42","date_gmt":"2022-04-02T08:13:42","guid":{"rendered":"https:\/\/help.jamk.fi\/yamk-kasikirja\/opinnaytetyon-ohjaaminen\/yksilo-ja-ryhmaohjaus-opinnaytetyon-eri-vaiheissa\/"},"modified":"2026-03-26T14:13:26","modified_gmt":"2026-03-26T12:13:26","slug":"yksilo-ja-ryhmaohjaus","status":"publish","type":"page","link":"https:\/\/help.jamk.fi\/opinnaytetyon-ohjaus\/fi\/opinnaytetyon-ohjaaminen\/yksilo-ja-ryhmaohjaus\/","title":{"rendered":"1.4 Pienryhm\u00e4- ja yksil\u00f6ohjaus"},"content":{"rendered":"\n<p>Jyv\u00e4skyl\u00e4n ammattikorkeakoulussa uudistettiin opinn\u00e4ytety\u00f6prosessia OPS2020 kehitt\u00e4misen ja Wihi-j\u00e4rjestelm\u00e4n k\u00e4ytt\u00f6\u00f6noton yhteydess\u00e4. Opinn\u00e4ytety\u00f6t\u00e4 edelt\u00e4v\u00e4n\u00e4 osaamisena on riitt\u00e4v\u00e4 oman alan ja kehitt\u00e4mis- ja tutkimustoiminnan osaaminen.<\/p>\n\n\n\n<h2 class=\"wp-block-heading\">Opinn\u00e4ytety\u00f6n vaatima ty\u00f6m\u00e4\u00e4r\u00e4<\/h2>\n\n\n\n<p>Aihe-ehdotuksen hyv\u00e4ksymisen yhteydess\u00e4 opinn\u00e4ytety\u00f6lle nimet\u00e4\u00e4n p\u00e4\u00e4ohjaaja  Ensimm\u00e4isell\u00e4 ohjauskerralla p\u00e4\u00e4ohjaaja voi konkretisoida opiskelijalle opinn\u00e4ytety\u00f6n tekemiseen tarvittavaa ty\u00f6m\u00e4\u00e4r\u00e4\u00e4. Alla olevien esimerkkien avulla on avattu keskim\u00e4\u00e4r\u00e4ist\u00e4 ty\u00f6aikaa ja sit\u00e4 millaiselle ajanjaksolle opinn\u00e4ytety\u00f6projekti kannattaa ajoittaa, jos k\u00e4yt\u00f6ss\u00e4 on noin 20-25 tuntia viikossa.<\/p>\n\n\n\n<p>K\u00e4yt\u00e4nn\u00f6ss\u00e4 AMK-opiskelijoilla on takanaan ammatilliset perusopinnot sek\u00e4 mahdollisesti my\u00f6s syvent\u00e4vi\u00e4 opintoja ja kehitt\u00e4mis- ja tutkimustoiminnan opinnot. AMK-opinn\u00e4ytety\u00f6n tekeminen aihe-ehdotuksesta hyv\u00e4ksyttyyn AMK-opinn\u00e4ytety\u00f6h\u00f6n vie keskim\u00e4\u00e4rin 405 ty\u00f6tuntia. Jos opiskelija ty\u00f6st\u00e4\u00e4 opinn\u00e4ytety\u00f6t\u00e4\u00e4n keskim\u00e4\u00e4rin 25 tuntia viikossa, niin aikaa kuluu noin 4-5 kuukautta. Opiskelijan kannattaa siis varata noin yksi lukukausi opinn\u00e4ytety\u00f6n tekemiseen muiden opintojen ohella.<br><br>YAMK tutkinto-ohjelmissa opiskelijoiden kannattaa tehd\u00e4 ensimm\u00e4isen vuoden opinnot, jolloin tulee riitt\u00e4v\u00e4 osaaminen tutkinto-ohjelmassa tavoiteltavasta maisteritason osaamisesta. YAMK-opinn\u00e4ytety\u00f6n tekeminen aihe-ehdotuksesta hyv\u00e4ksyttyyn YAMK-opinn\u00e4ytety\u00f6h\u00f6n vie keskim\u00e4\u00e4rin 810 ty\u00f6tuntia. Jos opiskelija ty\u00f6st\u00e4\u00e4 opinn\u00e4ytety\u00f6t\u00e4\u00e4n keskim\u00e4\u00e4rin 15 tuntia viikossa, niin aikaa kuluu noin 13-14 kuukautta. Opiskelijan kannattaa siis varata noin yksi vuosi opinn\u00e4ytety\u00f6n tekemiseen.<\/p>\n\n\n\n<h2 class=\"wp-block-heading\">Asiatyylin kirjoittamista oppimassa<\/h2>\n\n\n\n<p>Jamkissa opinn\u00e4ytety\u00f6h\u00f6n sis\u00e4ltyy opinn\u00e4ytety\u00f6n kirjoittamista tukeva &#8221;Opinn\u00e4ytety\u00f6n kirjoittaminen 2 op&#8221; (AMK) tai &#8221;Tutkimuskirjoittaminen 3 op&#8221; (YAMK). Kirjoittamisen opintojaksolla opiskelija kirjoittaa oman opinn\u00e4ytety\u00f6ns\u00e4 teoreettista osaa ja oppii l\u00e4hteiden k\u00e4ytt\u00f6\u00e4 ja referoivaa kirjoittamista sek\u00e4 sit\u00e4 miten omaa teksti\u00e4 voi kirjoittaa asiatekstiin. T\u00e4ll\u00e4 pyrit\u00e4\u00e4n my\u00f6s ennaltaehk\u00e4isem\u00e4\u00e4n tahatonta plagiointia.<\/p>\n\n\n\n<p><\/p>\n\n\n\n<figure class=\"wp-block-image size-large\"><img decoding=\"async\" src=\"https:\/\/help.jamk.fi\/opinnaytetyon-ohjaus\/wp-content\/uploads\/sites\/110\/2023\/09\/JAMK_08024_S.jpg\" alt=\"\" class=\"wp-image-614\"\/><figcaption class=\"wp-element-caption\">Jyv\u00e4skyl\u00e4n ammattikorkeakoulu. Jamk. Kirjasto, IT Dynamo, Lutakko.<\/figcaption><\/figure>\n\n\n\n<h2 class=\"wp-block-heading\">Pienryhm\u00e4t, vertaistuki ja ty\u00f6el\u00e4m\u00e4yhteisty\u00f6<\/h2>\n\n\n\n<p>Opinn\u00e4ytety\u00f6n ohjaukseen kuuluu sek\u00e4 pienryhm\u00e4ohjausta ett\u00e4 yksil\u00f6ohjausta. Jamkissa opinn\u00e4ytety\u00f6lle nimet\u00e4\u00e4n alussa yksi p\u00e4\u00e4ohjaaja, joka vastaa opinn\u00e4ytety\u00f6projektin monikanavaisesta ohjauksesta. Opiskelijoille on hy\u00f6dyllist\u00e4 pit\u00e4\u00e4 pienryhm\u00e4ohjauksia, jolloin opiskelijat saavat my\u00f6s vertaistukea ja oppivat toisiltaan. Pienryhm\u00e4ohjauksessa on t\u00e4rke\u00e4t\u00e4 aktivoida opiskelijoita tuomaan n\u00e4kemyksi\u00e4\u00e4n esille, kommentoimaan vertaisen esityst\u00e4 ja pohtimaan kysymyksi\u00e4 yhdess\u00e4 asiantuntijatiimin\u00e4. Valmistuvilta opiskelijoilta tullaan kysym\u00e4\u00e4n valmistumisvaiheen kyselyss\u00e4 onko vertaistuki auttanut heit\u00e4 opinn\u00e4ytety\u00f6ss\u00e4.<\/p>\n\n\n\n<p>Opinn\u00e4ytety\u00f6n aloituspalaveri on hyv\u00e4 pit\u00e4\u00e4 yhdess\u00e4 ty\u00f6el\u00e4m\u00e4n edustajan, opiskelijan ja opinn\u00e4ytety\u00f6n p\u00e4\u00e4ohjaajan kanssa. T\u00e4ss\u00e4 voidaan sopia ohjausk\u00e4yt\u00e4nn\u00f6t sek\u00e4 se millaista ohjausta ja tukea opinn\u00e4ytety\u00f6ntekij\u00e4 saa ty\u00f6el\u00e4m\u00e4n edustajalta. Ohjauksessa on t\u00e4rke\u00e4t\u00e4 pit\u00e4\u00e4 my\u00f6s niin sanottuja kolmikanta ohjaustilanteita, joissa mukana ovat opinn\u00e4ytety\u00f6ntekij\u00e4, ty\u00f6el\u00e4m\u00e4n edustaja ja opinn\u00e4ytety\u00f6n p\u00e4\u00e4ohjaaja. T\u00e4m\u00e4 yhteisty\u00f6 kannattaa tehd\u00e4 n\u00e4kyv\u00e4ksi opiskelijalle kolmikantaohjaustilanteina. Opiskelijoilla ei t\u00e4ll\u00e4 hetkell\u00e4 ole vahvaa kokemusta siit\u00e4, ett\u00e4 yhteisty\u00f6 ty\u00f6el\u00e4m\u00e4n ja korkeakoulun henkil\u00f6kunnan v\u00e4lill\u00e4 toimii opinn\u00e4ytety\u00f6prosessin aikana hyvin.<\/p>\n\n\n\n<h2 class=\"wp-block-heading\">Seminaarip\u00e4iv\u00e4st\u00e4 vertaistukea ja voimaantumista<\/h2>\n\n\n\n<p>Hyvinvointiyksik\u00f6ss\u00e4 on pidetty YAMK-opiskelijoille monialaisia yhteisi\u00e4 opinn\u00e4ytety\u00f6n seminaarip\u00e4ivi\u00e4, joissa alussa oli aina yhteinen teema, joka johdatteli pienryhmien toimintaa seminaarip\u00e4iv\u00e4n aikana. Opiskelijat kokivat n\u00e4m\u00e4 opinn\u00e4ytety\u00f6seminaarip\u00e4iv\u00e4t hyvin\u00e4 ja ne auttoivat opiskelijoita jumitilanteista sek\u00e4 edistiv\u00e4t opinn\u00e4ytety\u00f6n valmistumista. Opinn\u00e4ytety\u00f6seminaarit oli aikataulutettu ja teemoitettu etuk\u00e4teen, jolloin seminaarit muodostivat opiskelijoille j\u00e4sennyksen miten&nbsp;kullekin seminaarip\u00e4iv\u00e4lle tuli valmistautua. Seminaarip\u00e4iv\u00e4\u00e4n osallistui usein opiskelijoita, jotka olivat opinn\u00e4ytety\u00f6ss\u00e4\u00e4n eri vaiheissa. T\u00e4ll\u00f6in opiskelijat jaettiin vaiheiden mukaisesti pienryhmiin, joita ohjasi yksi opettaja. N\u00e4in pystyttiin vastaamaan jokaisen&nbsp; opiskelijan tarpeeseen ja autettiin jokaista eteenp\u00e4in seuraavaan vaiheeseen. N\u00e4iden opinn\u00e4ytety\u00f6seminaarip\u00e4ivien suurin anti opiskelijalle oli dialogi vertaisten kanssa. Opiskelijat sparrasivat toinen toistaan erinomaisesti oppien samalla my\u00f6s toistensa opinn\u00e4ytety\u00f6prosesseista (vrt. opiskelijan motivaatio opinn\u00e4ytety\u00f6prosessin aikana antamisen-saamisen -ulottuvuus). <\/p>\n\n\n\n<p>My\u00f6s pop-up YAMK-opinn\u00e4ytety\u00f6ohjauswebinaareista on ollut hy\u00f6ty\u00e4 jumissa oleville opiskelijoille. N\u00e4iss\u00e4 on tapahtunut paljon vertaisoppimista ja vertaistuki on ollut t\u00e4rke\u00e4t\u00e4 jumissa olevalle opiskelijalla ja auttanut h\u00e4nt\u00e4 eteenp\u00e4in.<\/p>\n\n\n\n<p><sub>P\u00e4ivitetty 2.4.2022 Sirpa Tuomi<\/sub><\/p>\n","protected":false},"excerpt":{"rendered":"<p>Jyv\u00e4skyl\u00e4n ammattikorkeakoulussa uudistettiin opinn\u00e4ytety\u00f6prosessia OPS2020 kehitt\u00e4misen ja Wihi-j\u00e4rjestelm\u00e4n k\u00e4ytt\u00f6\u00f6noton yhteydess\u00e4. Opinn\u00e4ytety\u00f6t\u00e4 edelt\u00e4v\u00e4n\u00e4 osaamisena on riitt\u00e4v\u00e4 oman alan ja kehitt\u00e4mis- ja tutkimustoiminnan osaaminen. Opinn\u00e4ytety\u00f6n vaatima ty\u00f6m\u00e4\u00e4r\u00e4 Aihe-ehdotuksen hyv\u00e4ksymisen yhteydess\u00e4 opinn\u00e4ytety\u00f6lle nimet\u00e4\u00e4n p\u00e4\u00e4ohjaaja Ensimm\u00e4isell\u00e4 ohjauskerralla p\u00e4\u00e4ohjaaja voi konkretisoida opiskelijalle opinn\u00e4ytety\u00f6n tekemiseen tarvittavaa ty\u00f6m\u00e4\u00e4r\u00e4\u00e4. Alla olevien esimerkkien avulla on avattu keskim\u00e4\u00e4r\u00e4ist\u00e4 ty\u00f6aikaa ja sit\u00e4 millaiselle ajanjaksolle opinn\u00e4ytety\u00f6projekti kannattaa [&hellip;]<\/p>\n","protected":false},"author":79,"featured_media":0,"parent":77,"menu_order":4,"comment_status":"closed","ping_status":"closed","template":"","meta":{"_acf_changed":false,"_relevanssi_hide_post":"","_relevanssi_hide_content":"","_relevanssi_pin_for_all":"","_relevanssi_pin_keywords":"","_relevanssi_unpin_keywords":"","_relevanssi_related_keywords":"","_relevanssi_related_include_ids":"","_relevanssi_related_exclude_ids":"","_relevanssi_related_no_append":"","_relevanssi_related_not_related":"","_relevanssi_related_posts":"","_relevanssi_noindex_reason":"","footnotes":""},"categories":[1],"tags":[83,95],"class_list":["post-113","page","type-page","status-publish","hentry","category-yleinen","tag-opinnaytetyon-ohjaus","tag-vertaistuki"],"acf":[],"yoast_head":"<!-- This site is optimized with the Yoast SEO plugin v27.3 - https:\/\/yoast.com\/product\/yoast-seo-wordpress\/ -->\n<title>1.4 Pienryhm\u00e4- ja yksil\u00f6ohjaus - Thesis Supervisor&#039;s Handbook<\/title>\n<meta name=\"robots\" content=\"index, follow, max-snippet:-1, max-image-preview:large, max-video-preview:-1\" \/>\n<link rel=\"canonical\" href=\"https:\/\/help.jamk.fi\/opinnaytetyon-ohjaus\/fi\/opinnaytetyon-ohjaaminen\/yksilo-ja-ryhmaohjaus\/\" \/>\n<meta property=\"og:locale\" content=\"fi_FI\" \/>\n<meta property=\"og:type\" content=\"article\" \/>\n<meta property=\"og:title\" content=\"1.4 Pienryhm\u00e4- ja yksil\u00f6ohjaus - Thesis Supervisor&#039;s Handbook\" \/>\n<meta property=\"og:description\" content=\"Jyv\u00e4skyl\u00e4n ammattikorkeakoulussa uudistettiin opinn\u00e4ytety\u00f6prosessia OPS2020 kehitt\u00e4misen ja Wihi-j\u00e4rjestelm\u00e4n k\u00e4ytt\u00f6\u00f6noton yhteydess\u00e4. Opinn\u00e4ytety\u00f6t\u00e4 edelt\u00e4v\u00e4n\u00e4 osaamisena on riitt\u00e4v\u00e4 oman alan ja kehitt\u00e4mis- ja tutkimustoiminnan osaaminen. Opinn\u00e4ytety\u00f6n vaatima ty\u00f6m\u00e4\u00e4r\u00e4 Aihe-ehdotuksen hyv\u00e4ksymisen yhteydess\u00e4 opinn\u00e4ytety\u00f6lle nimet\u00e4\u00e4n p\u00e4\u00e4ohjaaja Ensimm\u00e4isell\u00e4 ohjauskerralla p\u00e4\u00e4ohjaaja voi konkretisoida opiskelijalle opinn\u00e4ytety\u00f6n tekemiseen tarvittavaa ty\u00f6m\u00e4\u00e4r\u00e4\u00e4. Alla olevien esimerkkien avulla on avattu keskim\u00e4\u00e4r\u00e4ist\u00e4 ty\u00f6aikaa ja sit\u00e4 millaiselle ajanjaksolle opinn\u00e4ytety\u00f6projekti kannattaa [&hellip;]\" \/>\n<meta property=\"og:url\" content=\"https:\/\/help.jamk.fi\/opinnaytetyon-ohjaus\/fi\/opinnaytetyon-ohjaaminen\/yksilo-ja-ryhmaohjaus\/\" \/>\n<meta property=\"og:site_name\" content=\"Thesis Supervisor&#039;s Handbook\" \/>\n<meta property=\"article:modified_time\" content=\"2026-03-26T12:13:26+00:00\" \/>\n<meta name=\"twitter:card\" content=\"summary_large_image\" \/>\n<meta name=\"twitter:label1\" content=\"Arvioitu lukuaika\" \/>\n\t<meta name=\"twitter:data1\" content=\"4 minuuttia\" \/>\n<script type=\"application\/ld+json\" class=\"yoast-schema-graph\">{\"@context\":\"https:\\\/\\\/schema.org\",\"@graph\":[{\"@type\":\"WebPage\",\"@id\":\"https:\\\/\\\/help.jamk.fi\\\/opinnaytetyon-ohjaus\\\/fi\\\/opinnaytetyon-ohjaaminen\\\/yksilo-ja-ryhmaohjaus\\\/\",\"url\":\"https:\\\/\\\/help.jamk.fi\\\/opinnaytetyon-ohjaus\\\/fi\\\/opinnaytetyon-ohjaaminen\\\/yksilo-ja-ryhmaohjaus\\\/\",\"name\":\"1.4 Pienryhm\u00e4- ja yksil\u00f6ohjaus - Thesis Supervisor&#039;s Handbook\",\"isPartOf\":{\"@id\":\"https:\\\/\\\/help.jamk.fi\\\/opinnaytetyon-ohjaus\\\/#website\"},\"primaryImageOfPage\":{\"@id\":\"https:\\\/\\\/help.jamk.fi\\\/opinnaytetyon-ohjaus\\\/fi\\\/opinnaytetyon-ohjaaminen\\\/yksilo-ja-ryhmaohjaus\\\/#primaryimage\"},\"image\":{\"@id\":\"https:\\\/\\\/help.jamk.fi\\\/opinnaytetyon-ohjaus\\\/fi\\\/opinnaytetyon-ohjaaminen\\\/yksilo-ja-ryhmaohjaus\\\/#primaryimage\"},\"thumbnailUrl\":\"https:\\\/\\\/help.jamk.fi\\\/opinnaytetyon-ohjaus\\\/wp-content\\\/uploads\\\/sites\\\/110\\\/2023\\\/09\\\/JAMK_08024_S.jpg\",\"datePublished\":\"2022-04-02T08:13:42+00:00\",\"dateModified\":\"2026-03-26T12:13:26+00:00\",\"breadcrumb\":{\"@id\":\"https:\\\/\\\/help.jamk.fi\\\/opinnaytetyon-ohjaus\\\/fi\\\/opinnaytetyon-ohjaaminen\\\/yksilo-ja-ryhmaohjaus\\\/#breadcrumb\"},\"inLanguage\":\"fi\",\"potentialAction\":[{\"@type\":\"ReadAction\",\"target\":[\"https:\\\/\\\/help.jamk.fi\\\/opinnaytetyon-ohjaus\\\/fi\\\/opinnaytetyon-ohjaaminen\\\/yksilo-ja-ryhmaohjaus\\\/\"]}]},{\"@type\":\"ImageObject\",\"inLanguage\":\"fi\",\"@id\":\"https:\\\/\\\/help.jamk.fi\\\/opinnaytetyon-ohjaus\\\/fi\\\/opinnaytetyon-ohjaaminen\\\/yksilo-ja-ryhmaohjaus\\\/#primaryimage\",\"url\":\"https:\\\/\\\/help.jamk.fi\\\/opinnaytetyon-ohjaus\\\/wp-content\\\/uploads\\\/sites\\\/110\\\/2023\\\/09\\\/JAMK_08024_S.jpg\",\"contentUrl\":\"https:\\\/\\\/help.jamk.fi\\\/opinnaytetyon-ohjaus\\\/wp-content\\\/uploads\\\/sites\\\/110\\\/2023\\\/09\\\/JAMK_08024_S.jpg\"},{\"@type\":\"BreadcrumbList\",\"@id\":\"https:\\\/\\\/help.jamk.fi\\\/opinnaytetyon-ohjaus\\\/fi\\\/opinnaytetyon-ohjaaminen\\\/yksilo-ja-ryhmaohjaus\\\/#breadcrumb\",\"itemListElement\":[{\"@type\":\"ListItem\",\"position\":1,\"name\":\"Etusivu\",\"item\":\"https:\\\/\\\/help.jamk.fi\\\/opinnaytetyon-ohjaus\\\/fi\\\/\"},{\"@type\":\"ListItem\",\"position\":2,\"name\":\"1 Opinn\u00e4ytety\u00f6n ohjaaminen\",\"item\":\"https:\\\/\\\/help.jamk.fi\\\/opinnaytetyon-ohjaus\\\/fi\\\/opinnaytetyon-ohjaaminen\\\/\"},{\"@type\":\"ListItem\",\"position\":3,\"name\":\"1.4 Pienryhm\u00e4- ja yksil\u00f6ohjaus\"}]},{\"@type\":\"WebSite\",\"@id\":\"https:\\\/\\\/help.jamk.fi\\\/opinnaytetyon-ohjaus\\\/#website\",\"url\":\"https:\\\/\\\/help.jamk.fi\\\/opinnaytetyon-ohjaus\\\/\",\"name\":\"Thesis Supervisor&#039;s Handbook\",\"description\":\"Opinn\u00e4ytety\u00f6n ohjaajan k\u00e4sikirja ja vinkkipankki\",\"potentialAction\":[{\"@type\":\"SearchAction\",\"target\":{\"@type\":\"EntryPoint\",\"urlTemplate\":\"https:\\\/\\\/help.jamk.fi\\\/opinnaytetyon-ohjaus\\\/?s={search_term_string}\"},\"query-input\":{\"@type\":\"PropertyValueSpecification\",\"valueRequired\":true,\"valueName\":\"search_term_string\"}}],\"inLanguage\":\"fi\"}]}<\/script>\n<!-- \/ Yoast SEO plugin. -->","yoast_head_json":{"title":"1.4 Pienryhm\u00e4- ja yksil\u00f6ohjaus - Thesis Supervisor&#039;s Handbook","robots":{"index":"index","follow":"follow","max-snippet":"max-snippet:-1","max-image-preview":"max-image-preview:large","max-video-preview":"max-video-preview:-1"},"canonical":"https:\/\/help.jamk.fi\/opinnaytetyon-ohjaus\/fi\/opinnaytetyon-ohjaaminen\/yksilo-ja-ryhmaohjaus\/","og_locale":"fi_FI","og_type":"article","og_title":"1.4 Pienryhm\u00e4- ja yksil\u00f6ohjaus - Thesis Supervisor&#039;s Handbook","og_description":"Jyv\u00e4skyl\u00e4n ammattikorkeakoulussa uudistettiin opinn\u00e4ytety\u00f6prosessia OPS2020 kehitt\u00e4misen ja Wihi-j\u00e4rjestelm\u00e4n k\u00e4ytt\u00f6\u00f6noton yhteydess\u00e4. Opinn\u00e4ytety\u00f6t\u00e4 edelt\u00e4v\u00e4n\u00e4 osaamisena on riitt\u00e4v\u00e4 oman alan ja kehitt\u00e4mis- ja tutkimustoiminnan osaaminen. Opinn\u00e4ytety\u00f6n vaatima ty\u00f6m\u00e4\u00e4r\u00e4 Aihe-ehdotuksen hyv\u00e4ksymisen yhteydess\u00e4 opinn\u00e4ytety\u00f6lle nimet\u00e4\u00e4n p\u00e4\u00e4ohjaaja Ensimm\u00e4isell\u00e4 ohjauskerralla p\u00e4\u00e4ohjaaja voi konkretisoida opiskelijalle opinn\u00e4ytety\u00f6n tekemiseen tarvittavaa ty\u00f6m\u00e4\u00e4r\u00e4\u00e4. Alla olevien esimerkkien avulla on avattu keskim\u00e4\u00e4r\u00e4ist\u00e4 ty\u00f6aikaa ja sit\u00e4 millaiselle ajanjaksolle opinn\u00e4ytety\u00f6projekti kannattaa [&hellip;]","og_url":"https:\/\/help.jamk.fi\/opinnaytetyon-ohjaus\/fi\/opinnaytetyon-ohjaaminen\/yksilo-ja-ryhmaohjaus\/","og_site_name":"Thesis Supervisor&#039;s Handbook","article_modified_time":"2026-03-26T12:13:26+00:00","twitter_card":"summary_large_image","twitter_misc":{"Arvioitu lukuaika":"4 minuuttia"},"schema":{"@context":"https:\/\/schema.org","@graph":[{"@type":"WebPage","@id":"https:\/\/help.jamk.fi\/opinnaytetyon-ohjaus\/fi\/opinnaytetyon-ohjaaminen\/yksilo-ja-ryhmaohjaus\/","url":"https:\/\/help.jamk.fi\/opinnaytetyon-ohjaus\/fi\/opinnaytetyon-ohjaaminen\/yksilo-ja-ryhmaohjaus\/","name":"1.4 Pienryhm\u00e4- ja yksil\u00f6ohjaus - Thesis Supervisor&#039;s Handbook","isPartOf":{"@id":"https:\/\/help.jamk.fi\/opinnaytetyon-ohjaus\/#website"},"primaryImageOfPage":{"@id":"https:\/\/help.jamk.fi\/opinnaytetyon-ohjaus\/fi\/opinnaytetyon-ohjaaminen\/yksilo-ja-ryhmaohjaus\/#primaryimage"},"image":{"@id":"https:\/\/help.jamk.fi\/opinnaytetyon-ohjaus\/fi\/opinnaytetyon-ohjaaminen\/yksilo-ja-ryhmaohjaus\/#primaryimage"},"thumbnailUrl":"https:\/\/help.jamk.fi\/opinnaytetyon-ohjaus\/wp-content\/uploads\/sites\/110\/2023\/09\/JAMK_08024_S.jpg","datePublished":"2022-04-02T08:13:42+00:00","dateModified":"2026-03-26T12:13:26+00:00","breadcrumb":{"@id":"https:\/\/help.jamk.fi\/opinnaytetyon-ohjaus\/fi\/opinnaytetyon-ohjaaminen\/yksilo-ja-ryhmaohjaus\/#breadcrumb"},"inLanguage":"fi","potentialAction":[{"@type":"ReadAction","target":["https:\/\/help.jamk.fi\/opinnaytetyon-ohjaus\/fi\/opinnaytetyon-ohjaaminen\/yksilo-ja-ryhmaohjaus\/"]}]},{"@type":"ImageObject","inLanguage":"fi","@id":"https:\/\/help.jamk.fi\/opinnaytetyon-ohjaus\/fi\/opinnaytetyon-ohjaaminen\/yksilo-ja-ryhmaohjaus\/#primaryimage","url":"https:\/\/help.jamk.fi\/opinnaytetyon-ohjaus\/wp-content\/uploads\/sites\/110\/2023\/09\/JAMK_08024_S.jpg","contentUrl":"https:\/\/help.jamk.fi\/opinnaytetyon-ohjaus\/wp-content\/uploads\/sites\/110\/2023\/09\/JAMK_08024_S.jpg"},{"@type":"BreadcrumbList","@id":"https:\/\/help.jamk.fi\/opinnaytetyon-ohjaus\/fi\/opinnaytetyon-ohjaaminen\/yksilo-ja-ryhmaohjaus\/#breadcrumb","itemListElement":[{"@type":"ListItem","position":1,"name":"Etusivu","item":"https:\/\/help.jamk.fi\/opinnaytetyon-ohjaus\/fi\/"},{"@type":"ListItem","position":2,"name":"1 Opinn\u00e4ytety\u00f6n ohjaaminen","item":"https:\/\/help.jamk.fi\/opinnaytetyon-ohjaus\/fi\/opinnaytetyon-ohjaaminen\/"},{"@type":"ListItem","position":3,"name":"1.4 Pienryhm\u00e4- ja yksil\u00f6ohjaus"}]},{"@type":"WebSite","@id":"https:\/\/help.jamk.fi\/opinnaytetyon-ohjaus\/#website","url":"https:\/\/help.jamk.fi\/opinnaytetyon-ohjaus\/","name":"Thesis Supervisor&#039;s Handbook","description":"Opinn\u00e4ytety\u00f6n ohjaajan k\u00e4sikirja ja vinkkipankki","potentialAction":[{"@type":"SearchAction","target":{"@type":"EntryPoint","urlTemplate":"https:\/\/help.jamk.fi\/opinnaytetyon-ohjaus\/?s={search_term_string}"},"query-input":{"@type":"PropertyValueSpecification","valueRequired":true,"valueName":"search_term_string"}}],"inLanguage":"fi"}]}},"_links":{"self":[{"href":"https:\/\/help.jamk.fi\/opinnaytetyon-ohjaus\/wp-json\/wp\/v2\/pages\/113","targetHints":{"allow":["GET"]}}],"collection":[{"href":"https:\/\/help.jamk.fi\/opinnaytetyon-ohjaus\/wp-json\/wp\/v2\/pages"}],"about":[{"href":"https:\/\/help.jamk.fi\/opinnaytetyon-ohjaus\/wp-json\/wp\/v2\/types\/page"}],"author":[{"embeddable":true,"href":"https:\/\/help.jamk.fi\/opinnaytetyon-ohjaus\/wp-json\/wp\/v2\/users\/79"}],"replies":[{"embeddable":true,"href":"https:\/\/help.jamk.fi\/opinnaytetyon-ohjaus\/wp-json\/wp\/v2\/comments?post=113"}],"version-history":[{"count":14,"href":"https:\/\/help.jamk.fi\/opinnaytetyon-ohjaus\/wp-json\/wp\/v2\/pages\/113\/revisions"}],"predecessor-version":[{"id":1961,"href":"https:\/\/help.jamk.fi\/opinnaytetyon-ohjaus\/wp-json\/wp\/v2\/pages\/113\/revisions\/1961"}],"up":[{"embeddable":true,"href":"https:\/\/help.jamk.fi\/opinnaytetyon-ohjaus\/wp-json\/wp\/v2\/pages\/77"}],"wp:attachment":[{"href":"https:\/\/help.jamk.fi\/opinnaytetyon-ohjaus\/wp-json\/wp\/v2\/media?parent=113"}],"wp:term":[{"taxonomy":"category","embeddable":true,"href":"https:\/\/help.jamk.fi\/opinnaytetyon-ohjaus\/wp-json\/wp\/v2\/categories?post=113"},{"taxonomy":"post_tag","embeddable":true,"href":"https:\/\/help.jamk.fi\/opinnaytetyon-ohjaus\/wp-json\/wp\/v2\/tags?post=113"}],"curies":[{"name":"wp","href":"https:\/\/api.w.org\/{rel}","templated":true}]}}