{"id":143,"date":"2022-04-03T08:40:55","date_gmt":"2022-04-03T05:40:55","guid":{"rendered":"https:\/\/help.jamk.fi\/yamk-kasikirja\/yhteistyo-tyoelaman-kanssa-opinnaytetyoprosessissa\/"},"modified":"2025-08-28T10:00:20","modified_gmt":"2025-08-28T07:00:20","slug":"yhteistyo-tyoelaman-kanssa","status":"publish","type":"page","link":"https:\/\/help.jamk.fi\/opinnaytetyon-ohjaus\/fi\/yhteistyo-tyoelaman-kanssa\/","title":{"rendered":"2 Ty\u00f6el\u00e4m\u00e4yhteisty\u00f6"},"content":{"rendered":"\n<p>Ammattikorkeakoulun opinn\u00e4ytety\u00f6t ovat ty\u00f6el\u00e4m\u00e4l\u00e4ht\u00f6isi\u00e4 kehitt\u00e4mishankkeita. Yhteisty\u00f6 ty\u00f6el\u00e4m\u00e4n kanssa l\u00e4pi koko opinn\u00e4ytety\u00f6n on keskeist\u00e4. <br><br>Jyv\u00e4skyl\u00e4n ammattikorkeakoulun opiskelijat tekev\u00e4t opinn\u00e4ytety\u00f6n aihe-ehdotuksen Wihi-j\u00e4rjestelm\u00e4ss\u00e4. Wihi-koordinaattori hyv\u00e4ksyy aiheen ja nime\u00e4\u00e4 p\u00e4\u00e4ohjaajan. Ensimm\u00e4isen ohjaustapaamisen yhteydess\u00e4 ohjaaja ja opiskelija sopivat ohjausk\u00e4yt\u00e4nn\u00f6ist\u00e4 ja mahdollisesta aloituspalaverista toimeksiantajan edustajan kanssa.  Sopimus allekirjoitetaan s\u00e4hk\u00f6isesti Jamk Sign-j\u00e4rjestelm\u00e4ss\u00e4. Lis\u00e4tietoa sopimusk\u00e4yt\u00e4nteest\u00e4 ja sopimuslomakkeen l\u00f6yd\u00e4t opinn\u00e4ytety\u00f6n ohjeesta (katso linkki t\u00e4m\u00e4n sivun alaosasta). <\/p>\n\n\n\n<p>T\u00e4ss\u00e4 ensimm\u00e4isess\u00e4 neuvottelussa luodaan raamit opinn\u00e4ytety\u00f6n tekemiselle ja selvitet\u00e4\u00e4n my\u00f6s, tarvitaanko sopimuksen lis\u00e4ksi viel\u00e4 esimerkiksi erillinen tutkimuslupa tai muu vastaava lupa opinn\u00e4ytety\u00f6n tekemisest\u00e4 ko. organisaatiossa. T\u00e4m\u00e4 on tavanomaista esimerkiksi terveydenhuollon organisaatioista. My\u00f6s salassapidosta tulee keskustella. <br><br>Jos opinn\u00e4ytety\u00f6 tutkii Jyv\u00e4skyl\u00e4n ammattikorkeakoulun opiskelijoita tai henkil\u00f6kuntaa, opiskelija hakee tutkimusluvan Jamkilta. .<\/p>\n\n\n\n<p>Ty\u00f6el\u00e4m\u00e4yhteisty\u00f6 jatkuu koko opinn\u00e4ytety\u00f6n ajan.  On opiskelijan vastuulla huolehtia yhteisty\u00f6n edist\u00e4misest\u00e4. Toimeksiantaja tuo ty\u00f6h\u00f6n ty\u00f6el\u00e4m\u00e4n n\u00e4k\u00f6kulman, kun taas ammattikorkeakoulun opinn\u00e4ytety\u00f6n p\u00e4\u00e4ohjaajan teht\u00e4v\u00e4n\u00e4 on huolehtia, ett\u00e4 opiskelijan opinn\u00e4ytety\u00f6 vastaa AMK\/YAMK-opinn\u00e4ytety\u00f6n kriteereit\u00e4.<\/p>\n\n\n\n<p><\/p>\n\n\n\n<figure class=\"wp-block-image alignnone\"><a href=\"https:\/\/help.jamk.fi\/opinnaytetyon-ohjaus\/wp-content\/uploads\/sites\/110\/2023\/09\/Tyoelamayhteistyo.png\"><img decoding=\"async\" src=\"https:\/\/help.jamk.fi\/opinnaytetyon-ohjaus\/wp-content\/uploads\/sites\/110\/2023\/09\/Tyoelamayhteistyo.png\" alt=\"Ty\u00f6el\u00e4m\u00e4yhteisty\u00f6 (mukaeltu Rissanen, 2007.) Opiskelija soveltaa tutkivaa ja kehitt\u00e4v\u00e4\u00e4 ty\u00f6otetta asiantuntijateht\u00e4v\u00e4ss\u00e4 ja opinn\u00e4ytety\u00f6prosessissa. Ty\u00f6yhteis\u00f6 tarjoaa aidon ty\u00f6yhteis\u00f6n tutkimus- ja kehitt\u00e4miskontekstin sek\u00e4 k\u00e4yt\u00e4nt\u00f6\u00f6n perustuvan kehitt\u00e4misteht\u00e4v\u00e4n tai tutkimusongelman opiskelijan ratkaistavaksi. Ammattikorkeakoulun ohjaaja ohjaa opinn\u00e4yteyty\u00f6prosessia ja toimii asiantuntijana.\" class=\"wp-image-220\"\/><\/a><figcaption class=\"wp-element-caption\">Ty\u00f6el\u00e4m\u00e4yhteisty\u00f6 (mukaeltu Rissanen 2007)<\/figcaption><\/figure>\n\n\n\n<h2 class=\"wp-block-heading\">Linkit<\/h2>\n\n\n\n<p><a href=\"https:\/\/help.jamk.fi\/opinnaytetyo\/fi\/toimeksiantaja-aihe\/\" target=\"_blank\" rel=\"noreferrer noopener\">Opinn\u00e4ytety\u00f6n sopimukset (Opiskelijan opinn\u00e4ytety\u00f6ohje)<\/a><\/p>\n\n\n\n<p><sub>P\u00e4ivitetty 28.8.2025 Riikka Ahlgren<\/sub><\/p>\n","protected":false},"excerpt":{"rendered":"<p>Ammattikorkeakoulun opinn\u00e4ytety\u00f6t ovat ty\u00f6el\u00e4m\u00e4l\u00e4ht\u00f6isi\u00e4 kehitt\u00e4mishankkeita. Yhteisty\u00f6 ty\u00f6el\u00e4m\u00e4n kanssa l\u00e4pi koko opinn\u00e4ytety\u00f6n on keskeist\u00e4. Jyv\u00e4skyl\u00e4n ammattikorkeakoulun opiskelijat tekev\u00e4t opinn\u00e4ytety\u00f6n aihe-ehdotuksen Wihi-j\u00e4rjestelm\u00e4ss\u00e4. Wihi-koordinaattori hyv\u00e4ksyy aiheen ja nime\u00e4\u00e4 p\u00e4\u00e4ohjaajan. Ensimm\u00e4isen ohjaustapaamisen yhteydess\u00e4 ohjaaja ja opiskelija sopivat ohjausk\u00e4yt\u00e4nn\u00f6ist\u00e4 ja mahdollisesta aloituspalaverista toimeksiantajan edustajan kanssa. Sopimus allekirjoitetaan s\u00e4hk\u00f6isesti Jamk Sign-j\u00e4rjestelm\u00e4ss\u00e4. Lis\u00e4tietoa sopimusk\u00e4yt\u00e4nteest\u00e4 ja sopimuslomakkeen l\u00f6yd\u00e4t opinn\u00e4ytety\u00f6n ohjeesta (katso linkki t\u00e4m\u00e4n [&hellip;]<\/p>\n","protected":false},"author":79,"featured_media":0,"parent":0,"menu_order":2,"comment_status":"closed","ping_status":"closed","template":"","meta":{"_acf_changed":false,"_relevanssi_hide_post":"","_relevanssi_hide_content":"","_relevanssi_pin_for_all":"","_relevanssi_pin_keywords":"","_relevanssi_unpin_keywords":"","_relevanssi_related_keywords":"","_relevanssi_related_include_ids":"","_relevanssi_related_exclude_ids":"","_relevanssi_related_no_append":"","_relevanssi_related_not_related":"","_relevanssi_related_posts":"","_relevanssi_noindex_reason":"","footnotes":""},"categories":[1],"tags":[101,107],"class_list":["post-143","page","type-page","status-publish","hentry","category-yleinen","tag-sopimus-opinnaytetyosta","tag-tyoelamayhteistyo"],"acf":[],"yoast_head":"<!-- This site is optimized with the Yoast SEO plugin v27.3 - https:\/\/yoast.com\/product\/yoast-seo-wordpress\/ -->\n<title>2 Ty\u00f6el\u00e4m\u00e4yhteisty\u00f6 - Thesis Supervisor&#039;s Handbook<\/title>\n<meta name=\"robots\" content=\"index, follow, max-snippet:-1, max-image-preview:large, max-video-preview:-1\" \/>\n<link rel=\"canonical\" href=\"https:\/\/help.jamk.fi\/opinnaytetyon-ohjaus\/fi\/yhteistyo-tyoelaman-kanssa\/\" \/>\n<meta property=\"og:locale\" content=\"fi_FI\" \/>\n<meta property=\"og:type\" content=\"article\" \/>\n<meta property=\"og:title\" content=\"2 Ty\u00f6el\u00e4m\u00e4yhteisty\u00f6 - Thesis Supervisor&#039;s Handbook\" \/>\n<meta property=\"og:description\" content=\"Ammattikorkeakoulun opinn\u00e4ytety\u00f6t ovat ty\u00f6el\u00e4m\u00e4l\u00e4ht\u00f6isi\u00e4 kehitt\u00e4mishankkeita. Yhteisty\u00f6 ty\u00f6el\u00e4m\u00e4n kanssa l\u00e4pi koko opinn\u00e4ytety\u00f6n on keskeist\u00e4. Jyv\u00e4skyl\u00e4n ammattikorkeakoulun opiskelijat tekev\u00e4t opinn\u00e4ytety\u00f6n aihe-ehdotuksen Wihi-j\u00e4rjestelm\u00e4ss\u00e4. Wihi-koordinaattori hyv\u00e4ksyy aiheen ja nime\u00e4\u00e4 p\u00e4\u00e4ohjaajan. Ensimm\u00e4isen ohjaustapaamisen yhteydess\u00e4 ohjaaja ja opiskelija sopivat ohjausk\u00e4yt\u00e4nn\u00f6ist\u00e4 ja mahdollisesta aloituspalaverista toimeksiantajan edustajan kanssa. Sopimus allekirjoitetaan s\u00e4hk\u00f6isesti Jamk Sign-j\u00e4rjestelm\u00e4ss\u00e4. Lis\u00e4tietoa sopimusk\u00e4yt\u00e4nteest\u00e4 ja sopimuslomakkeen l\u00f6yd\u00e4t opinn\u00e4ytety\u00f6n ohjeesta (katso linkki t\u00e4m\u00e4n [&hellip;]\" \/>\n<meta property=\"og:url\" content=\"https:\/\/help.jamk.fi\/opinnaytetyon-ohjaus\/fi\/yhteistyo-tyoelaman-kanssa\/\" \/>\n<meta property=\"og:site_name\" content=\"Thesis Supervisor&#039;s Handbook\" \/>\n<meta property=\"article:modified_time\" content=\"2025-08-28T07:00:20+00:00\" \/>\n<meta name=\"twitter:card\" content=\"summary_large_image\" \/>\n<meta name=\"twitter:label1\" content=\"Arvioitu lukuaika\" \/>\n\t<meta name=\"twitter:data1\" content=\"2 minuuttia\" \/>\n<script type=\"application\/ld+json\" class=\"yoast-schema-graph\">{\"@context\":\"https:\\\/\\\/schema.org\",\"@graph\":[{\"@type\":\"WebPage\",\"@id\":\"https:\\\/\\\/help.jamk.fi\\\/opinnaytetyon-ohjaus\\\/fi\\\/yhteistyo-tyoelaman-kanssa\\\/\",\"url\":\"https:\\\/\\\/help.jamk.fi\\\/opinnaytetyon-ohjaus\\\/fi\\\/yhteistyo-tyoelaman-kanssa\\\/\",\"name\":\"2 Ty\u00f6el\u00e4m\u00e4yhteisty\u00f6 - Thesis Supervisor&#039;s Handbook\",\"isPartOf\":{\"@id\":\"https:\\\/\\\/help.jamk.fi\\\/opinnaytetyon-ohjaus\\\/#website\"},\"primaryImageOfPage\":{\"@id\":\"https:\\\/\\\/help.jamk.fi\\\/opinnaytetyon-ohjaus\\\/fi\\\/yhteistyo-tyoelaman-kanssa\\\/#primaryimage\"},\"image\":{\"@id\":\"https:\\\/\\\/help.jamk.fi\\\/opinnaytetyon-ohjaus\\\/fi\\\/yhteistyo-tyoelaman-kanssa\\\/#primaryimage\"},\"thumbnailUrl\":\"https:\\\/\\\/help.jamk.fi\\\/opinnaytetyon-ohjaus\\\/wp-content\\\/uploads\\\/sites\\\/110\\\/2023\\\/09\\\/Tyoelamayhteistyo.png\",\"datePublished\":\"2022-04-03T05:40:55+00:00\",\"dateModified\":\"2025-08-28T07:00:20+00:00\",\"breadcrumb\":{\"@id\":\"https:\\\/\\\/help.jamk.fi\\\/opinnaytetyon-ohjaus\\\/fi\\\/yhteistyo-tyoelaman-kanssa\\\/#breadcrumb\"},\"inLanguage\":\"fi\",\"potentialAction\":[{\"@type\":\"ReadAction\",\"target\":[\"https:\\\/\\\/help.jamk.fi\\\/opinnaytetyon-ohjaus\\\/fi\\\/yhteistyo-tyoelaman-kanssa\\\/\"]}]},{\"@type\":\"ImageObject\",\"inLanguage\":\"fi\",\"@id\":\"https:\\\/\\\/help.jamk.fi\\\/opinnaytetyon-ohjaus\\\/fi\\\/yhteistyo-tyoelaman-kanssa\\\/#primaryimage\",\"url\":\"https:\\\/\\\/help.jamk.fi\\\/opinnaytetyon-ohjaus\\\/wp-content\\\/uploads\\\/sites\\\/110\\\/2023\\\/09\\\/Tyoelamayhteistyo.png\",\"contentUrl\":\"https:\\\/\\\/help.jamk.fi\\\/opinnaytetyon-ohjaus\\\/wp-content\\\/uploads\\\/sites\\\/110\\\/2023\\\/09\\\/Tyoelamayhteistyo.png\"},{\"@type\":\"BreadcrumbList\",\"@id\":\"https:\\\/\\\/help.jamk.fi\\\/opinnaytetyon-ohjaus\\\/fi\\\/yhteistyo-tyoelaman-kanssa\\\/#breadcrumb\",\"itemListElement\":[{\"@type\":\"ListItem\",\"position\":1,\"name\":\"Etusivu\",\"item\":\"https:\\\/\\\/help.jamk.fi\\\/opinnaytetyon-ohjaus\\\/fi\\\/\"},{\"@type\":\"ListItem\",\"position\":2,\"name\":\"2 Ty\u00f6el\u00e4m\u00e4yhteisty\u00f6\"}]},{\"@type\":\"WebSite\",\"@id\":\"https:\\\/\\\/help.jamk.fi\\\/opinnaytetyon-ohjaus\\\/#website\",\"url\":\"https:\\\/\\\/help.jamk.fi\\\/opinnaytetyon-ohjaus\\\/\",\"name\":\"Thesis Supervisor&#039;s Handbook\",\"description\":\"Opinn\u00e4ytety\u00f6n ohjaajan k\u00e4sikirja ja vinkkipankki\",\"potentialAction\":[{\"@type\":\"SearchAction\",\"target\":{\"@type\":\"EntryPoint\",\"urlTemplate\":\"https:\\\/\\\/help.jamk.fi\\\/opinnaytetyon-ohjaus\\\/?s={search_term_string}\"},\"query-input\":{\"@type\":\"PropertyValueSpecification\",\"valueRequired\":true,\"valueName\":\"search_term_string\"}}],\"inLanguage\":\"fi\"}]}<\/script>\n<!-- \/ Yoast SEO plugin. -->","yoast_head_json":{"title":"2 Ty\u00f6el\u00e4m\u00e4yhteisty\u00f6 - Thesis Supervisor&#039;s Handbook","robots":{"index":"index","follow":"follow","max-snippet":"max-snippet:-1","max-image-preview":"max-image-preview:large","max-video-preview":"max-video-preview:-1"},"canonical":"https:\/\/help.jamk.fi\/opinnaytetyon-ohjaus\/fi\/yhteistyo-tyoelaman-kanssa\/","og_locale":"fi_FI","og_type":"article","og_title":"2 Ty\u00f6el\u00e4m\u00e4yhteisty\u00f6 - Thesis Supervisor&#039;s Handbook","og_description":"Ammattikorkeakoulun opinn\u00e4ytety\u00f6t ovat ty\u00f6el\u00e4m\u00e4l\u00e4ht\u00f6isi\u00e4 kehitt\u00e4mishankkeita. Yhteisty\u00f6 ty\u00f6el\u00e4m\u00e4n kanssa l\u00e4pi koko opinn\u00e4ytety\u00f6n on keskeist\u00e4. Jyv\u00e4skyl\u00e4n ammattikorkeakoulun opiskelijat tekev\u00e4t opinn\u00e4ytety\u00f6n aihe-ehdotuksen Wihi-j\u00e4rjestelm\u00e4ss\u00e4. Wihi-koordinaattori hyv\u00e4ksyy aiheen ja nime\u00e4\u00e4 p\u00e4\u00e4ohjaajan. Ensimm\u00e4isen ohjaustapaamisen yhteydess\u00e4 ohjaaja ja opiskelija sopivat ohjausk\u00e4yt\u00e4nn\u00f6ist\u00e4 ja mahdollisesta aloituspalaverista toimeksiantajan edustajan kanssa. Sopimus allekirjoitetaan s\u00e4hk\u00f6isesti Jamk Sign-j\u00e4rjestelm\u00e4ss\u00e4. Lis\u00e4tietoa sopimusk\u00e4yt\u00e4nteest\u00e4 ja sopimuslomakkeen l\u00f6yd\u00e4t opinn\u00e4ytety\u00f6n ohjeesta (katso linkki t\u00e4m\u00e4n [&hellip;]","og_url":"https:\/\/help.jamk.fi\/opinnaytetyon-ohjaus\/fi\/yhteistyo-tyoelaman-kanssa\/","og_site_name":"Thesis Supervisor&#039;s Handbook","article_modified_time":"2025-08-28T07:00:20+00:00","twitter_card":"summary_large_image","twitter_misc":{"Arvioitu lukuaika":"2 minuuttia"},"schema":{"@context":"https:\/\/schema.org","@graph":[{"@type":"WebPage","@id":"https:\/\/help.jamk.fi\/opinnaytetyon-ohjaus\/fi\/yhteistyo-tyoelaman-kanssa\/","url":"https:\/\/help.jamk.fi\/opinnaytetyon-ohjaus\/fi\/yhteistyo-tyoelaman-kanssa\/","name":"2 Ty\u00f6el\u00e4m\u00e4yhteisty\u00f6 - Thesis Supervisor&#039;s Handbook","isPartOf":{"@id":"https:\/\/help.jamk.fi\/opinnaytetyon-ohjaus\/#website"},"primaryImageOfPage":{"@id":"https:\/\/help.jamk.fi\/opinnaytetyon-ohjaus\/fi\/yhteistyo-tyoelaman-kanssa\/#primaryimage"},"image":{"@id":"https:\/\/help.jamk.fi\/opinnaytetyon-ohjaus\/fi\/yhteistyo-tyoelaman-kanssa\/#primaryimage"},"thumbnailUrl":"https:\/\/help.jamk.fi\/opinnaytetyon-ohjaus\/wp-content\/uploads\/sites\/110\/2023\/09\/Tyoelamayhteistyo.png","datePublished":"2022-04-03T05:40:55+00:00","dateModified":"2025-08-28T07:00:20+00:00","breadcrumb":{"@id":"https:\/\/help.jamk.fi\/opinnaytetyon-ohjaus\/fi\/yhteistyo-tyoelaman-kanssa\/#breadcrumb"},"inLanguage":"fi","potentialAction":[{"@type":"ReadAction","target":["https:\/\/help.jamk.fi\/opinnaytetyon-ohjaus\/fi\/yhteistyo-tyoelaman-kanssa\/"]}]},{"@type":"ImageObject","inLanguage":"fi","@id":"https:\/\/help.jamk.fi\/opinnaytetyon-ohjaus\/fi\/yhteistyo-tyoelaman-kanssa\/#primaryimage","url":"https:\/\/help.jamk.fi\/opinnaytetyon-ohjaus\/wp-content\/uploads\/sites\/110\/2023\/09\/Tyoelamayhteistyo.png","contentUrl":"https:\/\/help.jamk.fi\/opinnaytetyon-ohjaus\/wp-content\/uploads\/sites\/110\/2023\/09\/Tyoelamayhteistyo.png"},{"@type":"BreadcrumbList","@id":"https:\/\/help.jamk.fi\/opinnaytetyon-ohjaus\/fi\/yhteistyo-tyoelaman-kanssa\/#breadcrumb","itemListElement":[{"@type":"ListItem","position":1,"name":"Etusivu","item":"https:\/\/help.jamk.fi\/opinnaytetyon-ohjaus\/fi\/"},{"@type":"ListItem","position":2,"name":"2 Ty\u00f6el\u00e4m\u00e4yhteisty\u00f6"}]},{"@type":"WebSite","@id":"https:\/\/help.jamk.fi\/opinnaytetyon-ohjaus\/#website","url":"https:\/\/help.jamk.fi\/opinnaytetyon-ohjaus\/","name":"Thesis Supervisor&#039;s Handbook","description":"Opinn\u00e4ytety\u00f6n ohjaajan k\u00e4sikirja ja vinkkipankki","potentialAction":[{"@type":"SearchAction","target":{"@type":"EntryPoint","urlTemplate":"https:\/\/help.jamk.fi\/opinnaytetyon-ohjaus\/?s={search_term_string}"},"query-input":{"@type":"PropertyValueSpecification","valueRequired":true,"valueName":"search_term_string"}}],"inLanguage":"fi"}]}},"_links":{"self":[{"href":"https:\/\/help.jamk.fi\/opinnaytetyon-ohjaus\/wp-json\/wp\/v2\/pages\/143","targetHints":{"allow":["GET"]}}],"collection":[{"href":"https:\/\/help.jamk.fi\/opinnaytetyon-ohjaus\/wp-json\/wp\/v2\/pages"}],"about":[{"href":"https:\/\/help.jamk.fi\/opinnaytetyon-ohjaus\/wp-json\/wp\/v2\/types\/page"}],"author":[{"embeddable":true,"href":"https:\/\/help.jamk.fi\/opinnaytetyon-ohjaus\/wp-json\/wp\/v2\/users\/79"}],"replies":[{"embeddable":true,"href":"https:\/\/help.jamk.fi\/opinnaytetyon-ohjaus\/wp-json\/wp\/v2\/comments?post=143"}],"version-history":[{"count":14,"href":"https:\/\/help.jamk.fi\/opinnaytetyon-ohjaus\/wp-json\/wp\/v2\/pages\/143\/revisions"}],"predecessor-version":[{"id":1880,"href":"https:\/\/help.jamk.fi\/opinnaytetyon-ohjaus\/wp-json\/wp\/v2\/pages\/143\/revisions\/1880"}],"wp:attachment":[{"href":"https:\/\/help.jamk.fi\/opinnaytetyon-ohjaus\/wp-json\/wp\/v2\/media?parent=143"}],"wp:term":[{"taxonomy":"category","embeddable":true,"href":"https:\/\/help.jamk.fi\/opinnaytetyon-ohjaus\/wp-json\/wp\/v2\/categories?post=143"},{"taxonomy":"post_tag","embeddable":true,"href":"https:\/\/help.jamk.fi\/opinnaytetyon-ohjaus\/wp-json\/wp\/v2\/tags?post=143"}],"curies":[{"name":"wp","href":"https:\/\/api.w.org\/{rel}","templated":true}]}}