{"id":155,"date":"2022-04-03T07:54:15","date_gmt":"2022-04-03T04:54:15","guid":{"rendered":"https:\/\/help.jamk.fi\/yamk-kasikirja\/yhteistyo-tyoelaman-kanssa-opinnaytetyoprosessissa\/tyoelamayhteistyo-ja-opinnaytetyon-hannkeistaminen\/"},"modified":"2026-02-04T12:18:42","modified_gmt":"2026-02-04T10:18:42","slug":"tyoelamayhteistyo-ja-opinnaytetyon-hankkeistaminen","status":"publish","type":"page","link":"https:\/\/help.jamk.fi\/opinnaytetyon-ohjaus\/fi\/yhteistyo-tyoelaman-kanssa\/tyoelamayhteistyo-ja-opinnaytetyon-hankkeistaminen\/","title":{"rendered":"2.1 Ty\u00f6el\u00e4m\u00e4yhteisty\u00f6 ja opinn\u00e4ytety\u00f6n hankkeistaminen"},"content":{"rendered":"\n<p>AMK- ja YAMK-opinn\u00e4ytety\u00f6 on ty\u00f6el\u00e4m\u00e4- ja k\u00e4yt\u00e4nt\u00f6l\u00e4ht\u00f6inen, itsen\u00e4inen tutkimus-, suunnittelu- tai selvitysty\u00f6 opiskelijan oman koulutusalan osa-alueelta. Opinn\u00e4ytety\u00f6 voi olla ty\u00f6el\u00e4m\u00e4l\u00e4ht\u00f6inen kehitt\u00e4misprojekti tai tutkimuksellinen kehitt\u00e4misty\u00f6. (Ammattikorkeakoulujen rehtorineuvosto Arene ry., 2015.) Opinn\u00e4ytety\u00f6 voi liitty\u00e4 ammattikorkeakoulun tutkimus- ja kehitt\u00e4mishankkeisiin, joita tehd\u00e4\u00e4n kiinte\u00e4ss\u00e4 yhteisty\u00f6ss\u00e4 ty\u00f6el\u00e4m\u00e4n kanssa. <\/p>\n\n\n\n<p>Ammattikorkeakoulututkintoa suorittava opiskelija osoittaa opinn\u00e4ytety\u00f6ss\u00e4\u00e4n omaavansa valmiudet seurata ja edist\u00e4\u00e4 oman ammattialansa kehittymist\u00e4 sek\u00e4 kehitt\u00e4\u00e4 omaa ammattitaitoaan tutkimus-ja kehitt\u00e4mistoiminnassa. <\/p>\n\n\n\n<p>Ylemp\u00e4\u00e4 ammattikorkeakoulututkintoa suorittava opiskelija osoittaa opinn\u00e4ytety\u00f6ss\u00e4\u00e4n kykenev\u00e4ns\u00e4 toimimaan ty\u00f6el\u00e4m\u00e4n kehitt\u00e4j\u00e4n\u00e4 sek\u00e4 omaavansa valmiudet seurata ja eritell\u00e4 oman alan tutkimustietoa ja ammattik\u00e4yt\u00e4nn\u00f6n kehityst\u00e4. (ks. Asetus ammattikorkeakouluista 932\/2014, 2015.) <\/p>\n\n\n\n<p>Tavoitteiden saavuttaminen edellytt\u00e4\u00e4 aitoa kolmikantayhteisty\u00f6t\u00e4 opinn\u00e4ytet\u00f6iden toteutuksessa koko prosessin ajan. Kolmikantayhteisty\u00f6st\u00e4 laaditaan edell\u00e4 mainittu yhteisty\u00f6sopimus, jonka allekirjoittavat opinn\u00e4ytety\u00f6n tekij\u00e4(t), toimeksiantajan \/ ty\u00f6el\u00e4m\u00e4n edustaja ja opinn\u00e4ytety\u00f6n ohjaaja(t). Linkit kohdassa on linkitys opiskelijan ohjeisiin ty\u00f6el\u00e4m\u00e4yhteisty\u00f6st\u00e4 ja sopimuksista.<\/p>\n\n\n\n<h2 class=\"wp-block-heading\">Opinn\u00e4ytety\u00f6 on l\u00e4ht\u00f6kohtaisesti julkinen<\/h2>\n\n\n\n<p>Jamkin tutkintos\u00e4\u00e4nn\u00f6n \u00a7 20 mukaan kokonaan salassa pidett\u00e4v\u00e4\u00e4 opinn\u00e4ytety\u00f6t\u00e4 ei voi tehd\u00e4. Opinn\u00e4ytety\u00f6 on julkinen heti, kun se on hyv\u00e4ksytty.  Jos opinn\u00e4ytety\u00f6ss\u00e4 kehitet\u00e4\u00e4n tau kuvataan julkisuuslaissa (621\/1999) tarkoitettua salassapidett\u00e4v\u00e4\u00e4 tietoa, esimerkiksi ammatti- tai liikesalaisuutta, opiskelija tekee opinn\u00e4ytety\u00f6st\u00e4 my\u00f6s erillisen opinn\u00e4ytety\u00f6n liiteaineiston salassapitosopimuksen.\u00a0Sen allekirjoittaa opiskelija, Jamkin edustaja ja toimeksiantajan edustaja. Toimeksiantaja sitoutuu ohjauksellaan my\u00f6t\u00e4vaikuttamaan siihen, ett\u00e4 opinn\u00e4ytety\u00f6h\u00f6n ei sis\u00e4llytet\u00e4 salassa pidett\u00e4v\u00e4\u00e4 tai luottamuksellista tietoa. <\/p>\n\n\n\n<p> Kaikista opinn\u00e4ytet\u00f6ist\u00e4 syntyy siis aina my\u00f6s julkinen osa, joka sis\u00e4lt\u00e4\u00e4 esimerkiksi ty\u00f6n johdannon, kuvauksen tutkimusmenetelmist\u00e4 ja tietoperustan. Julkinen osa julkaistaan Theseus-tietokannassa. Mahdolliset toimeksiantajan liike\u2010 tai ammattisalaisuuksia ne j\u00e4\u00e4 ty\u00f6n liitteiksi, joita ei julkaista. Kolmikantayhteisty\u00f6h\u00f6n perustuva opinn\u00e4ytety\u00f6 (eli yhdess\u00e4 toimeksiantajan kanssa tehty ty\u00f6) kehitt\u00e4\u00e4 sek\u00e4 opiskelijan ett\u00e4 ty\u00f6el\u00e4m\u00e4ohjaajan, ty\u00f6yhteis\u00f6n ja ammattikorkeakoulun ohjaajan asiantuntijuutta. <\/p>\n\n\n\n<p><\/p>\n\n\n\n<h2 class=\"wp-block-heading\">Opinn\u00e4ytety\u00f6n ty\u00f6el\u00e4m\u00e4l\u00e4ht\u00f6isyys<\/h2>\n\n\n\n<p>Rissanen (2003)&nbsp;on tutkinut v\u00e4it\u00f6skirjassaan ty\u00f6el\u00e4m\u00e4l\u00e4ht\u00f6ist\u00e4 opinn\u00e4ytety\u00f6t\u00e4 oppimisen kontekstina. Tutkimustuloksia on hy\u00f6dynnetty artikkelissa Ty\u00f6el\u00e4m\u00e4yhteisty\u00f6 ja kumppanuus opinn\u00e4ytety\u00f6ss\u00e4 (Rissanen 2007). Opinn\u00e4ytety\u00f6n ty\u00f6el\u00e4m\u00e4l\u00e4ht\u00f6isyytt\u00e4 voidaan tarkastella opinn\u00e4ytety\u00f6n kontekstin, metodien valinnan sek\u00e4 opinn\u00e4ytety\u00f6n tiedon ja tiet\u00e4myksen luonteen n\u00e4k\u00f6kulmista.<\/p>\n\n\n\n<h2 class=\"wp-block-heading\">Konteksti<\/h2>\n\n\n\n<p>Opinn\u00e4ytety\u00f6n aiheet valitaan k\u00e4yt\u00e4nn\u00f6n ty\u00f6n tai ammattien kontekstista toisin kuin puhtaasti k\u00e4sitteelliset tai teorial\u00e4ht\u00f6iset aiheet. &nbsp;Opinn\u00e4ytety\u00f6n kontekstin muotoutumiseen vaikuttaa se millaiseksi toimeksiantajaorganisaation ja ammattikorkeakoulun v\u00e4linen opinn\u00e4ytety\u00f6yhteisty\u00f6 on muodostunut. Opinn\u00e4ytety\u00f6n tilaajaorganisaatiot ovat vuorovaikutuksen ja yhteistoiminnan n\u00e4k\u00f6kulmasta erilaisia oppimis- ja tutkimus-\/kehitt\u00e4misymp\u00e4rist\u00f6j\u00e4. &nbsp;Opinn\u00e4ytety\u00f6n aiheen valinta on yksi opinn\u00e4ytety\u00f6n kriittisimmist\u00e4 vaiheista. Opinn\u00e4ytety\u00f6n tutkimus-\/kehitt\u00e4misongelmat l\u00f6ytyv\u00e4t usein opiskelijan harjoittelujaksojen aikana oman asiantuntijuusalan k\u00e4yt\u00e4nn\u00f6ist\u00e4 ja niiden kehitt\u00e4mistarpeista. Opiskelijan ja toimeksiantajan kannalta on hy\u00f6dyllist\u00e4 yhdist\u00e4\u00e4 harjoittelu ja opinn\u00e4ytety\u00f6n tekeminen. Aiheen valintaan liittyy aiheen rajaaminen opiskelijan osaamisen kehitt\u00e4misen, toimeksiantajan tavoitteiden ja odotusten ja AMK-\/YAMK-opinn\u00e4ytety\u00f6n tavoitteiden n\u00e4k\u00f6kulmasta. Opinn\u00e4ytety\u00f6n ohjaajan asiantuntijaroolina on ohjata ty\u00f6el\u00e4m\u00e4st\u00e4 tarjottua aihetta asiantuntijuusosaamista tukevaksi tutkimus- ja kehitt\u00e4misteht\u00e4v\u00e4ksi. Opinn\u00e4ytet\u00f6iden linkitt\u00e4minen ammattikorkeakoulun muuhun tutkimus- ja kehitt\u00e4mistoimintaan on my\u00f6s mahdollisuus antaa opiskelijoille n\u00e4k\u00f6kulma ty\u00f6el\u00e4m\u00e4n kehitt\u00e4miseen osana opintoja ja ammattikorkeakoulun TKI-toimintaa.<\/p>\n\n\n\n<h2 class=\"wp-block-heading\">Metodiset valinnat<\/h2>\n\n\n\n<p>Ty\u00f6el\u00e4m\u00e4l\u00e4ht\u00f6isyys tulee esille my\u00f6s opinn\u00e4ytety\u00f6n metodisissa valinnoissa. Ty\u00f6el\u00e4m\u00e4l\u00e4ht\u00f6isiss\u00e4 opinn\u00e4ytet\u00f6iss\u00e4 metodisina valintoina korostuu reflektiivinen ja ongelmanratkaisuun pyrkiv\u00e4 ote. Toimeksiantajaa kiinnostavat opinn\u00e4ytety\u00f6n k\u00e4yt\u00e4nn\u00f6n ratkaisut, uusista kehitt\u00e4misideoista ja tuloksiin perustuvista johtop\u00e4\u00e4t\u00f6ksist\u00e4. Metodien valinnassa mietit\u00e4\u00e4n millaisia tiedon tuottamisen ja analysoinnin tapoja voidaan k\u00e4ytt\u00e4\u00e4, miten k\u00e4sitteit\u00e4 sovelletaan ja miten opinn\u00e4ytety\u00f6n tuloksia argumentoidaan.&nbsp; Keskeisin kehitt\u00e4mismetodi ammattikorkeakoulujen opinn\u00e4ytet\u00f6iss\u00e4 on kyky kehitt\u00e4\u00e4 asiantuntijaty\u00f6t\u00e4 ongelmanratkaisuprosessien ja reflektiivisen ajattelun kautta. T\u00e4st\u00e4 n\u00e4k\u00f6kulmasta k\u00e4yt\u00e4nn\u00f6n tuotosten esiin nostaminen, tulosten pohdinta ja sovelluksien arvioiminen, jotta k\u00e4yt\u00e4nn\u00f6nl\u00e4heisyys ja k\u00e4ytt\u00f6\u00f6notto onnistuvat.<\/p>\n\n\n\n<h2 class=\"wp-block-heading\">Tiedon ja tiet\u00e4myksen luonne<\/h2>\n\n\n\n<p>Opinn\u00e4ytety\u00f6n tiedon ja tiet\u00e4myksen luonne on kolmas ty\u00f6el\u00e4m\u00e4yhteytt\u00e4 kuvaava ulottuvuus. Suunnitteluvaiheessa opinn\u00e4ytety\u00f6n tekij\u00e4, toimeksiantaja ja opinn\u00e4ytety\u00f6n ohjaaja keskustelevat ja sopivat siit\u00e4, mit\u00e4 toimeksiantajan odottaa opinn\u00e4ytety\u00f6lt\u00e4, millaista osaamista ja asiantuntijatiedon k\u00e4sittely- ja arviointitaitoja opinn\u00e4ytety\u00f6ss\u00e4 opiskelijalta odotetaan ja kuinka opinn\u00e4ytety\u00f6 vastaa ammattikorkeakoulun ty\u00f6el\u00e4m\u00e4l\u00e4ht\u00f6isen soveltavan tutkimus- ja kehitt\u00e4misty\u00f6n tiedonk\u00e4sityksiin.<\/p>\n\n\n\n<h2 class=\"wp-block-heading\">Opinn\u00e4ytety\u00f6n hankkeistus (TKI-pisteet)<\/h2>\n\n\n\n<p>Opinn\u00e4ytety\u00f6n TK-tavoitteista sovitaan toimeksiantajan kanssa etuk\u00e4teen ennen opinn\u00e4ytety\u00f6n aloittamista erillisell\u00e4 sopimuksella. Ty\u00f6el\u00e4m\u00e4yhteisty\u00f6, aluekehitys ja niihin liittyv\u00e4 tutkimus- ja kehitt\u00e4mistoiminta on osa ammattikorkeakoulun perusteht\u00e4v\u00e4\u00e4.<\/p>\n\n\n\n<p>Mik\u00e4li opiskelija tekee opinn\u00e4ytety\u00f6ns\u00e4 Jamkille, sovitaan TK-tavoitteista etuk\u00e4teen, jolloin opintopisteet voidaan kirjata TK-opintopisteiksi. <\/p>\n\n\n\n<p>Opinn\u00e4ytety\u00f6 voi kohdistua olemassa olevaan tietoainekseen, uuteen tietoainekseen, toimintaan, tapahtumaan, ty\u00f6- tai ty\u00f6menetelm\u00e4\u00e4n, ohjelmaan, tuotteeseen, tuotokseen tai produktioon.<\/p>\n\n\n\n<p>TK-hankkeeseen tehdyt opinn\u00e4ytety\u00f6 ovat 100 % TK-opintopisteit\u00e4 tuottavia, ellei erikseen ole sovittu muusta %-osuudesta.  <\/p>\n\n\n\n<p>Tutkimus- ja kehitt\u00e4mistoiminnan m\u00e4\u00e4rittelyst\u00e4 lis\u00e4\u00e4 tilastokeskuksen sivustolta kohdasta Tietoa tilastoista, k\u00e4sitteet, tutkimus- ja kehitt\u00e4mistoiminta.<\/p>\n\n\n\n<div class=\"wp-block-buttons is-layout-flex wp-block-buttons-is-layout-flex\">\n<div class=\"wp-block-button is-style-outline is-style-outline--2\"><a class=\"wp-block-button__link has-small-font-size has-custom-font-size wp-element-button\" href=\"https:\/\/www.stat.fi\/meta\/kas\/index.html\" target=\"_blank\" rel=\"noreferrer noopener\">Tilastokeskuksen k\u00e4sitteet<\/a><\/div>\n<\/div>\n\n\n\n<p><\/p>\n\n\n\n<h2 class=\"wp-block-heading\">L\u00e4hteet<\/h2>\n\n\n\n<p>Julkisuuslaki 621\/1999. Finlex. Viitattu 12.10.2015. <a href=\"https:\/\/www.finlex.fi\/fi\/lainsaadanto\/1999\/621\" target=\"_blank\" rel=\"noreferrer noopener\">https:\/\/www.finlex.fi\/fi\/lainsaadanto\/1999\/621<\/a><\/p>\n\n\n\n<p>Rissanen, R. 2003. Ty\u00f6el\u00e4m\u00e4l\u00e4ht\u00f6inen opinn\u00e4ytety\u00f6 oppimisen kontekstina. Fenomenografisia&nbsp; n\u00e4k\u00f6kulmia tradenomin opinn\u00e4ytety\u00f6h\u00f6n. Akateeminen v\u00e4it\u00f6skirja. Tampereen yliopisto, kasvatustieteiden laitos. Acta Universitatis Tamperensis 970. Tampere. Viitattu 27.5.2022.<\/p>\n\n\n\n<p>Rissanen, R. 2007. Ty\u00f6el\u00e4m\u00e4yhteisty\u00f6 ja kumppanuus opinn\u00e4ytety\u00f6ss\u00e4. Teoksessa: Ammattikorkeakoulun opinn\u00e4ytety\u00f6 kehitt\u00e4miskohteena. Toim. Toljamo, M. &amp; Vuorij\u00e4rvi, A. s. 104-111. Viitattu 12.10.2015. <a href=\"https:\/\/urn.fi\/URN:ISBN:978-951-597-047-3\" target=\"_blank\" rel=\"noreferrer noopener\">https:\/\/www.theseus.fi\/handle\/10024\/261889<\/a><\/p>\n\n\n\n<h2 class=\"wp-block-heading\">Linkit<\/h2>\n\n\n\n<p><a data-type=\"URL\" data-id=\"https:\/\/help.jamk.fi\/opinnaytetyo\/toimeksiantaja-aihe\/\" href=\"https:\/\/help.jamk.fi\/opinnaytetyo\/toimeksiantaja-aihe\/\" target=\"_blank\" rel=\"noreferrer noopener\">Toimeksiantaja ja aihe (Opiskelijan opinn\u00e4ytety\u00f6ohje)<\/a> <\/p>\n\n\n\n<p><a href=\"https:\/\/www.jamk.fi\/fi\/opiskelijalle\/tutkinto-opiskelija\/saannot-ja-periaatteet\" target=\"_blank\" rel=\"noreferrer noopener\">Jyv\u00e4skyl\u00e4n ammattikorkeakoulun tutkintos\u00e4\u00e4nt\u00f6 (jamk.fi)<\/a><\/p>\n\n\n\n<p><sub>P\u00e4ivitetty 27.5.2022 Sirpa Tuomi<\/sub><\/p>\n","protected":false},"excerpt":{"rendered":"<p>AMK- ja YAMK-opinn\u00e4ytety\u00f6 on ty\u00f6el\u00e4m\u00e4- ja k\u00e4yt\u00e4nt\u00f6l\u00e4ht\u00f6inen, itsen\u00e4inen tutkimus-, suunnittelu- tai selvitysty\u00f6 opiskelijan oman koulutusalan osa-alueelta. Opinn\u00e4ytety\u00f6 voi olla ty\u00f6el\u00e4m\u00e4l\u00e4ht\u00f6inen kehitt\u00e4misprojekti tai tutkimuksellinen kehitt\u00e4misty\u00f6. (Ammattikorkeakoulujen rehtorineuvosto Arene ry., 2015.) Opinn\u00e4ytety\u00f6 voi liitty\u00e4 ammattikorkeakoulun tutkimus- ja kehitt\u00e4mishankkeisiin, joita tehd\u00e4\u00e4n kiinte\u00e4ss\u00e4 yhteisty\u00f6ss\u00e4 ty\u00f6el\u00e4m\u00e4n kanssa. Ammattikorkeakoulututkintoa suorittava opiskelija osoittaa opinn\u00e4ytety\u00f6ss\u00e4\u00e4n omaavansa valmiudet seurata ja edist\u00e4\u00e4 oman ammattialansa kehittymist\u00e4 [&hellip;]<\/p>\n","protected":false},"author":79,"featured_media":0,"parent":143,"menu_order":1,"comment_status":"closed","ping_status":"closed","template":"","meta":{"_acf_changed":false,"_relevanssi_hide_post":"","_relevanssi_hide_content":"","_relevanssi_pin_for_all":"","_relevanssi_pin_keywords":"","_relevanssi_unpin_keywords":"","_relevanssi_related_keywords":"","_relevanssi_related_include_ids":"","_relevanssi_related_exclude_ids":"","_relevanssi_related_no_append":"","_relevanssi_related_not_related":"","_relevanssi_related_posts":"","_relevanssi_noindex_reason":"","footnotes":""},"categories":[1],"tags":[113,119,107],"class_list":["post-155","page","type-page","status-publish","hentry","category-yleinen","tag-hankkeistettu-opinnaytetyo","tag-tki-pisteet","tag-tyoelamayhteistyo"],"acf":[],"yoast_head":"<!-- This site is optimized with the Yoast SEO plugin v27.3 - https:\/\/yoast.com\/product\/yoast-seo-wordpress\/ -->\n<title>2.1 Ty\u00f6el\u00e4m\u00e4yhteisty\u00f6 ja opinn\u00e4ytety\u00f6n hankkeistaminen - Thesis Supervisor&#039;s Handbook<\/title>\n<meta name=\"robots\" content=\"index, follow, max-snippet:-1, max-image-preview:large, max-video-preview:-1\" \/>\n<link rel=\"canonical\" href=\"https:\/\/help.jamk.fi\/opinnaytetyon-ohjaus\/fi\/yhteistyo-tyoelaman-kanssa\/tyoelamayhteistyo-ja-opinnaytetyon-hankkeistaminen\/\" \/>\n<meta property=\"og:locale\" content=\"fi_FI\" \/>\n<meta property=\"og:type\" content=\"article\" \/>\n<meta property=\"og:title\" content=\"2.1 Ty\u00f6el\u00e4m\u00e4yhteisty\u00f6 ja opinn\u00e4ytety\u00f6n hankkeistaminen - Thesis Supervisor&#039;s Handbook\" \/>\n<meta property=\"og:description\" content=\"AMK- ja YAMK-opinn\u00e4ytety\u00f6 on ty\u00f6el\u00e4m\u00e4- ja k\u00e4yt\u00e4nt\u00f6l\u00e4ht\u00f6inen, itsen\u00e4inen tutkimus-, suunnittelu- tai selvitysty\u00f6 opiskelijan oman koulutusalan osa-alueelta. Opinn\u00e4ytety\u00f6 voi olla ty\u00f6el\u00e4m\u00e4l\u00e4ht\u00f6inen kehitt\u00e4misprojekti tai tutkimuksellinen kehitt\u00e4misty\u00f6. (Ammattikorkeakoulujen rehtorineuvosto Arene ry., 2015.) Opinn\u00e4ytety\u00f6 voi liitty\u00e4 ammattikorkeakoulun tutkimus- ja kehitt\u00e4mishankkeisiin, joita tehd\u00e4\u00e4n kiinte\u00e4ss\u00e4 yhteisty\u00f6ss\u00e4 ty\u00f6el\u00e4m\u00e4n kanssa. Ammattikorkeakoulututkintoa suorittava opiskelija osoittaa opinn\u00e4ytety\u00f6ss\u00e4\u00e4n omaavansa valmiudet seurata ja edist\u00e4\u00e4 oman ammattialansa kehittymist\u00e4 [&hellip;]\" \/>\n<meta property=\"og:url\" content=\"https:\/\/help.jamk.fi\/opinnaytetyon-ohjaus\/fi\/yhteistyo-tyoelaman-kanssa\/tyoelamayhteistyo-ja-opinnaytetyon-hankkeistaminen\/\" \/>\n<meta property=\"og:site_name\" content=\"Thesis Supervisor&#039;s Handbook\" \/>\n<meta property=\"article:modified_time\" content=\"2026-02-04T10:18:42+00:00\" \/>\n<meta name=\"twitter:card\" content=\"summary_large_image\" \/>\n<meta name=\"twitter:label1\" content=\"Arvioitu lukuaika\" \/>\n\t<meta name=\"twitter:data1\" content=\"5 minuuttia\" \/>\n<script type=\"application\/ld+json\" class=\"yoast-schema-graph\">{\"@context\":\"https:\\\/\\\/schema.org\",\"@graph\":[{\"@type\":\"WebPage\",\"@id\":\"https:\\\/\\\/help.jamk.fi\\\/opinnaytetyon-ohjaus\\\/fi\\\/yhteistyo-tyoelaman-kanssa\\\/tyoelamayhteistyo-ja-opinnaytetyon-hankkeistaminen\\\/\",\"url\":\"https:\\\/\\\/help.jamk.fi\\\/opinnaytetyon-ohjaus\\\/fi\\\/yhteistyo-tyoelaman-kanssa\\\/tyoelamayhteistyo-ja-opinnaytetyon-hankkeistaminen\\\/\",\"name\":\"2.1 Ty\u00f6el\u00e4m\u00e4yhteisty\u00f6 ja opinn\u00e4ytety\u00f6n hankkeistaminen - Thesis Supervisor&#039;s Handbook\",\"isPartOf\":{\"@id\":\"https:\\\/\\\/help.jamk.fi\\\/opinnaytetyon-ohjaus\\\/#website\"},\"datePublished\":\"2022-04-03T04:54:15+00:00\",\"dateModified\":\"2026-02-04T10:18:42+00:00\",\"breadcrumb\":{\"@id\":\"https:\\\/\\\/help.jamk.fi\\\/opinnaytetyon-ohjaus\\\/fi\\\/yhteistyo-tyoelaman-kanssa\\\/tyoelamayhteistyo-ja-opinnaytetyon-hankkeistaminen\\\/#breadcrumb\"},\"inLanguage\":\"fi\",\"potentialAction\":[{\"@type\":\"ReadAction\",\"target\":[\"https:\\\/\\\/help.jamk.fi\\\/opinnaytetyon-ohjaus\\\/fi\\\/yhteistyo-tyoelaman-kanssa\\\/tyoelamayhteistyo-ja-opinnaytetyon-hankkeistaminen\\\/\"]}]},{\"@type\":\"BreadcrumbList\",\"@id\":\"https:\\\/\\\/help.jamk.fi\\\/opinnaytetyon-ohjaus\\\/fi\\\/yhteistyo-tyoelaman-kanssa\\\/tyoelamayhteistyo-ja-opinnaytetyon-hankkeistaminen\\\/#breadcrumb\",\"itemListElement\":[{\"@type\":\"ListItem\",\"position\":1,\"name\":\"Etusivu\",\"item\":\"https:\\\/\\\/help.jamk.fi\\\/opinnaytetyon-ohjaus\\\/fi\\\/\"},{\"@type\":\"ListItem\",\"position\":2,\"name\":\"2 Ty\u00f6el\u00e4m\u00e4yhteisty\u00f6\",\"item\":\"https:\\\/\\\/help.jamk.fi\\\/opinnaytetyon-ohjaus\\\/fi\\\/yhteistyo-tyoelaman-kanssa\\\/\"},{\"@type\":\"ListItem\",\"position\":3,\"name\":\"2.1 Ty\u00f6el\u00e4m\u00e4yhteisty\u00f6 ja opinn\u00e4ytety\u00f6n hankkeistaminen\"}]},{\"@type\":\"WebSite\",\"@id\":\"https:\\\/\\\/help.jamk.fi\\\/opinnaytetyon-ohjaus\\\/#website\",\"url\":\"https:\\\/\\\/help.jamk.fi\\\/opinnaytetyon-ohjaus\\\/\",\"name\":\"Thesis Supervisor&#039;s Handbook\",\"description\":\"Opinn\u00e4ytety\u00f6n ohjaajan k\u00e4sikirja ja vinkkipankki\",\"potentialAction\":[{\"@type\":\"SearchAction\",\"target\":{\"@type\":\"EntryPoint\",\"urlTemplate\":\"https:\\\/\\\/help.jamk.fi\\\/opinnaytetyon-ohjaus\\\/?s={search_term_string}\"},\"query-input\":{\"@type\":\"PropertyValueSpecification\",\"valueRequired\":true,\"valueName\":\"search_term_string\"}}],\"inLanguage\":\"fi\"}]}<\/script>\n<!-- \/ Yoast SEO plugin. -->","yoast_head_json":{"title":"2.1 Ty\u00f6el\u00e4m\u00e4yhteisty\u00f6 ja opinn\u00e4ytety\u00f6n hankkeistaminen - Thesis Supervisor&#039;s Handbook","robots":{"index":"index","follow":"follow","max-snippet":"max-snippet:-1","max-image-preview":"max-image-preview:large","max-video-preview":"max-video-preview:-1"},"canonical":"https:\/\/help.jamk.fi\/opinnaytetyon-ohjaus\/fi\/yhteistyo-tyoelaman-kanssa\/tyoelamayhteistyo-ja-opinnaytetyon-hankkeistaminen\/","og_locale":"fi_FI","og_type":"article","og_title":"2.1 Ty\u00f6el\u00e4m\u00e4yhteisty\u00f6 ja opinn\u00e4ytety\u00f6n hankkeistaminen - Thesis Supervisor&#039;s Handbook","og_description":"AMK- ja YAMK-opinn\u00e4ytety\u00f6 on ty\u00f6el\u00e4m\u00e4- ja k\u00e4yt\u00e4nt\u00f6l\u00e4ht\u00f6inen, itsen\u00e4inen tutkimus-, suunnittelu- tai selvitysty\u00f6 opiskelijan oman koulutusalan osa-alueelta. Opinn\u00e4ytety\u00f6 voi olla ty\u00f6el\u00e4m\u00e4l\u00e4ht\u00f6inen kehitt\u00e4misprojekti tai tutkimuksellinen kehitt\u00e4misty\u00f6. (Ammattikorkeakoulujen rehtorineuvosto Arene ry., 2015.) Opinn\u00e4ytety\u00f6 voi liitty\u00e4 ammattikorkeakoulun tutkimus- ja kehitt\u00e4mishankkeisiin, joita tehd\u00e4\u00e4n kiinte\u00e4ss\u00e4 yhteisty\u00f6ss\u00e4 ty\u00f6el\u00e4m\u00e4n kanssa. Ammattikorkeakoulututkintoa suorittava opiskelija osoittaa opinn\u00e4ytety\u00f6ss\u00e4\u00e4n omaavansa valmiudet seurata ja edist\u00e4\u00e4 oman ammattialansa kehittymist\u00e4 [&hellip;]","og_url":"https:\/\/help.jamk.fi\/opinnaytetyon-ohjaus\/fi\/yhteistyo-tyoelaman-kanssa\/tyoelamayhteistyo-ja-opinnaytetyon-hankkeistaminen\/","og_site_name":"Thesis Supervisor&#039;s Handbook","article_modified_time":"2026-02-04T10:18:42+00:00","twitter_card":"summary_large_image","twitter_misc":{"Arvioitu lukuaika":"5 minuuttia"},"schema":{"@context":"https:\/\/schema.org","@graph":[{"@type":"WebPage","@id":"https:\/\/help.jamk.fi\/opinnaytetyon-ohjaus\/fi\/yhteistyo-tyoelaman-kanssa\/tyoelamayhteistyo-ja-opinnaytetyon-hankkeistaminen\/","url":"https:\/\/help.jamk.fi\/opinnaytetyon-ohjaus\/fi\/yhteistyo-tyoelaman-kanssa\/tyoelamayhteistyo-ja-opinnaytetyon-hankkeistaminen\/","name":"2.1 Ty\u00f6el\u00e4m\u00e4yhteisty\u00f6 ja opinn\u00e4ytety\u00f6n hankkeistaminen - Thesis Supervisor&#039;s Handbook","isPartOf":{"@id":"https:\/\/help.jamk.fi\/opinnaytetyon-ohjaus\/#website"},"datePublished":"2022-04-03T04:54:15+00:00","dateModified":"2026-02-04T10:18:42+00:00","breadcrumb":{"@id":"https:\/\/help.jamk.fi\/opinnaytetyon-ohjaus\/fi\/yhteistyo-tyoelaman-kanssa\/tyoelamayhteistyo-ja-opinnaytetyon-hankkeistaminen\/#breadcrumb"},"inLanguage":"fi","potentialAction":[{"@type":"ReadAction","target":["https:\/\/help.jamk.fi\/opinnaytetyon-ohjaus\/fi\/yhteistyo-tyoelaman-kanssa\/tyoelamayhteistyo-ja-opinnaytetyon-hankkeistaminen\/"]}]},{"@type":"BreadcrumbList","@id":"https:\/\/help.jamk.fi\/opinnaytetyon-ohjaus\/fi\/yhteistyo-tyoelaman-kanssa\/tyoelamayhteistyo-ja-opinnaytetyon-hankkeistaminen\/#breadcrumb","itemListElement":[{"@type":"ListItem","position":1,"name":"Etusivu","item":"https:\/\/help.jamk.fi\/opinnaytetyon-ohjaus\/fi\/"},{"@type":"ListItem","position":2,"name":"2 Ty\u00f6el\u00e4m\u00e4yhteisty\u00f6","item":"https:\/\/help.jamk.fi\/opinnaytetyon-ohjaus\/fi\/yhteistyo-tyoelaman-kanssa\/"},{"@type":"ListItem","position":3,"name":"2.1 Ty\u00f6el\u00e4m\u00e4yhteisty\u00f6 ja opinn\u00e4ytety\u00f6n hankkeistaminen"}]},{"@type":"WebSite","@id":"https:\/\/help.jamk.fi\/opinnaytetyon-ohjaus\/#website","url":"https:\/\/help.jamk.fi\/opinnaytetyon-ohjaus\/","name":"Thesis Supervisor&#039;s Handbook","description":"Opinn\u00e4ytety\u00f6n ohjaajan k\u00e4sikirja ja vinkkipankki","potentialAction":[{"@type":"SearchAction","target":{"@type":"EntryPoint","urlTemplate":"https:\/\/help.jamk.fi\/opinnaytetyon-ohjaus\/?s={search_term_string}"},"query-input":{"@type":"PropertyValueSpecification","valueRequired":true,"valueName":"search_term_string"}}],"inLanguage":"fi"}]}},"_links":{"self":[{"href":"https:\/\/help.jamk.fi\/opinnaytetyon-ohjaus\/wp-json\/wp\/v2\/pages\/155","targetHints":{"allow":["GET"]}}],"collection":[{"href":"https:\/\/help.jamk.fi\/opinnaytetyon-ohjaus\/wp-json\/wp\/v2\/pages"}],"about":[{"href":"https:\/\/help.jamk.fi\/opinnaytetyon-ohjaus\/wp-json\/wp\/v2\/types\/page"}],"author":[{"embeddable":true,"href":"https:\/\/help.jamk.fi\/opinnaytetyon-ohjaus\/wp-json\/wp\/v2\/users\/79"}],"replies":[{"embeddable":true,"href":"https:\/\/help.jamk.fi\/opinnaytetyon-ohjaus\/wp-json\/wp\/v2\/comments?post=155"}],"version-history":[{"count":16,"href":"https:\/\/help.jamk.fi\/opinnaytetyon-ohjaus\/wp-json\/wp\/v2\/pages\/155\/revisions"}],"predecessor-version":[{"id":1948,"href":"https:\/\/help.jamk.fi\/opinnaytetyon-ohjaus\/wp-json\/wp\/v2\/pages\/155\/revisions\/1948"}],"up":[{"embeddable":true,"href":"https:\/\/help.jamk.fi\/opinnaytetyon-ohjaus\/wp-json\/wp\/v2\/pages\/143"}],"wp:attachment":[{"href":"https:\/\/help.jamk.fi\/opinnaytetyon-ohjaus\/wp-json\/wp\/v2\/media?parent=155"}],"wp:term":[{"taxonomy":"category","embeddable":true,"href":"https:\/\/help.jamk.fi\/opinnaytetyon-ohjaus\/wp-json\/wp\/v2\/categories?post=155"},{"taxonomy":"post_tag","embeddable":true,"href":"https:\/\/help.jamk.fi\/opinnaytetyon-ohjaus\/wp-json\/wp\/v2\/tags?post=155"}],"curies":[{"name":"wp","href":"https:\/\/api.w.org\/{rel}","templated":true}]}}