{"id":164,"date":"2015-10-29T15:37:03","date_gmt":"2015-10-29T13:37:03","guid":{"rendered":"https:\/\/help.jamk.fi\/yamk-kasikirja\/saavutettavuus\/"},"modified":"2023-11-03T12:37:03","modified_gmt":"2023-11-03T10:37:03","slug":"saavutettavuus","status":"publish","type":"page","link":"https:\/\/help.jamk.fi\/opinnaytetyon-ohjaus\/fi\/saavutettavuus\/","title":{"rendered":"7 Saavutettavuus opinn\u00e4ytety\u00f6ss\u00e4"},"content":{"rendered":"\n<p>Saavutettava opinn\u00e4ytety\u00f6 on sellainen, ett\u00e4 henkil\u00f6t, joilla on esimerkiksi n\u00e4k\u00f6vamma, lukih\u00e4iri\u00f6 tai oppimisvaikeus p\u00e4\u00e4sev\u00e4t pdf-tiedoston sis\u00e4lt\u00f6\u00f6n k\u00e4siksi apuv\u00e4lineill\u00e4 kuten esimerkiksi ruudunlukuohjelmilla.<\/p>\n\n\n\n<p>Saavutettavuus on yhdenvertaisuuden edist\u00e4mist\u00e4. Saavutettavuus tarkoittaa verkkopalvelun helppoa l\u00e4hestytt\u00e4vyytt\u00e4 kaikille ihmisille. Saavutettavuus tarkoittaa sit\u00e4, ett\u00e4<\/p>\n\n\n\n<ul class=\"wp-block-list\">\n<li>sis\u00e4lt\u00f6 on kaikkien l\u00f6ydett\u00e4viss\u00e4 ja saavutettavissa<\/li>\n\n\n\n<li>sis\u00e4lt\u00f6 on kaikkien ymm\u00e4rt\u00e4m\u00e4ss\u00e4 muodossa<\/li>\n\n\n\n<li>palvelut ja sis\u00e4ll\u00f6t ovat kaikkien k\u00e4ytett\u00e4viss\u00e4, eli jokainen saa tarvitsemansa tiedon ja voi hoitaa asiansa<\/li>\n\n\n\n<li>ihmisi\u00e4 kohdellaan tasa-arvoisesti heid\u00e4n erityispiirteist\u00e4\u00e4n huolimatta.<\/li>\n<\/ul>\n\n\n\n<p>Laki digitaalisten palvelujen tarjoamisesta (306\/2019) sis\u00e4lt\u00e4\u00e4 EU:n saavutettavuusdirektiivin vaatimukset.<\/p>\n\n\n\n<h2 class=\"wp-block-heading\">Linkit<\/h2>\n\n\n\n<p><a href=\"https:\/\/jamkstudent.sharepoint.com\/sites\/Markkinointi-ja-viestinta-Elmo\/SitePages\/Digitaalinen-saavutettavuus.aspx\" target=\"_blank\" rel=\"noopener\">Digitaalinen saavutettavuus (Elmo-intra, vaatii kirjautumisen)<\/a><\/p>\n\n\n\n<p><a href=\"https:\/\/submissions.theseus.fi\/saavutettavuusohjeet.htm\" target=\"_blank\" rel=\"noopener\">Opinn\u00e4ytety\u00f6n saavutettavuusohjeet (Theseus)<\/a><\/p>\n\n\n\n<p><a href=\"https:\/\/www.saavutettavasti.fi\/\" target=\"_blank\" rel=\"noopener\">Saavutettavasti.fi &#8211; Ohjeita ja vinkkej\u00e4 verkkosis\u00e4lt\u00f6jen saavutettavuuteen<\/a><\/p>\n\n\n\n<p><a href=\"https:\/\/www.finlex.fi\/fi\/laki\/alkup\/2019\/20190306\" target=\"_blank\" rel=\"noopener\">Laki digitaalisten palvelujen tarjoamisesta (Finlex)<\/a><\/p>\n\n\n\n<p><sub>P\u00e4ivitetty 11.11.2022 Sirpa Tuomi ja Anne Luukkonen<\/sub><\/p>\n","protected":false},"excerpt":{"rendered":"<p>Saavutettava opinn\u00e4ytety\u00f6 on sellainen, ett\u00e4 henkil\u00f6t, joilla on esimerkiksi n\u00e4k\u00f6vamma, lukih\u00e4iri\u00f6 tai oppimisvaikeus p\u00e4\u00e4sev\u00e4t pdf-tiedoston sis\u00e4lt\u00f6\u00f6n k\u00e4siksi apuv\u00e4lineill\u00e4 kuten esimerkiksi ruudunlukuohjelmilla. Saavutettavuus on yhdenvertaisuuden edist\u00e4mist\u00e4. Saavutettavuus tarkoittaa verkkopalvelun helppoa l\u00e4hestytt\u00e4vyytt\u00e4 kaikille ihmisille. Saavutettavuus tarkoittaa sit\u00e4, ett\u00e4 Laki digitaalisten palvelujen tarjoamisesta (306\/2019) sis\u00e4lt\u00e4\u00e4 EU:n saavutettavuusdirektiivin vaatimukset. Linkit Digitaalinen saavutettavuus (Elmo-intra, vaatii kirjautumisen) Opinn\u00e4ytety\u00f6n saavutettavuusohjeet (Theseus) Saavutettavasti.fi [&hellip;]<\/p>\n","protected":false},"author":79,"featured_media":0,"parent":0,"menu_order":7,"comment_status":"closed","ping_status":"closed","template":"","meta":{"_acf_changed":false,"_relevanssi_hide_post":"","_relevanssi_hide_content":"","_relevanssi_pin_for_all":"","_relevanssi_pin_keywords":"","_relevanssi_unpin_keywords":"","_relevanssi_related_keywords":"","_relevanssi_related_include_ids":"","_relevanssi_related_exclude_ids":"","_relevanssi_related_no_append":"","_relevanssi_related_not_related":"","_relevanssi_related_posts":"","_relevanssi_noindex_reason":"","footnotes":""},"categories":[1],"tags":[143],"class_list":["post-164","page","type-page","status-publish","hentry","category-yleinen","tag-saavutettavuus"],"acf":[],"yoast_head":"<!-- This site is optimized with the Yoast SEO plugin v27.4 - https:\/\/yoast.com\/product\/yoast-seo-wordpress\/ -->\n<title>7 Saavutettavuus opinn\u00e4ytety\u00f6ss\u00e4 - Thesis Supervisor&#039;s Handbook<\/title>\n<meta name=\"robots\" content=\"index, follow, max-snippet:-1, max-image-preview:large, max-video-preview:-1\" \/>\n<link rel=\"canonical\" href=\"https:\/\/help.jamk.fi\/opinnaytetyon-ohjaus\/fi\/saavutettavuus\/\" \/>\n<meta property=\"og:locale\" content=\"fi_FI\" \/>\n<meta property=\"og:type\" content=\"article\" \/>\n<meta property=\"og:title\" content=\"7 Saavutettavuus opinn\u00e4ytety\u00f6ss\u00e4 - Thesis Supervisor&#039;s Handbook\" \/>\n<meta property=\"og:description\" content=\"Saavutettava opinn\u00e4ytety\u00f6 on sellainen, ett\u00e4 henkil\u00f6t, joilla on esimerkiksi n\u00e4k\u00f6vamma, lukih\u00e4iri\u00f6 tai oppimisvaikeus p\u00e4\u00e4sev\u00e4t pdf-tiedoston sis\u00e4lt\u00f6\u00f6n k\u00e4siksi apuv\u00e4lineill\u00e4 kuten esimerkiksi ruudunlukuohjelmilla. Saavutettavuus on yhdenvertaisuuden edist\u00e4mist\u00e4. Saavutettavuus tarkoittaa verkkopalvelun helppoa l\u00e4hestytt\u00e4vyytt\u00e4 kaikille ihmisille. Saavutettavuus tarkoittaa sit\u00e4, ett\u00e4 Laki digitaalisten palvelujen tarjoamisesta (306\/2019) sis\u00e4lt\u00e4\u00e4 EU:n saavutettavuusdirektiivin vaatimukset. Linkit Digitaalinen saavutettavuus (Elmo-intra, vaatii kirjautumisen) Opinn\u00e4ytety\u00f6n saavutettavuusohjeet (Theseus) Saavutettavasti.fi [&hellip;]\" \/>\n<meta property=\"og:url\" content=\"https:\/\/help.jamk.fi\/opinnaytetyon-ohjaus\/fi\/saavutettavuus\/\" \/>\n<meta property=\"og:site_name\" content=\"Thesis Supervisor&#039;s Handbook\" \/>\n<meta property=\"article:modified_time\" content=\"2023-11-03T10:37:03+00:00\" \/>\n<meta name=\"twitter:card\" content=\"summary_large_image\" \/>\n<meta name=\"twitter:label1\" content=\"Arvioitu lukuaika\" \/>\n\t<meta name=\"twitter:data1\" content=\"1 minuutti\" \/>\n<script type=\"application\/ld+json\" class=\"yoast-schema-graph\">{\"@context\":\"https:\\\/\\\/schema.org\",\"@graph\":[{\"@type\":\"WebPage\",\"@id\":\"https:\\\/\\\/help.jamk.fi\\\/opinnaytetyon-ohjaus\\\/fi\\\/saavutettavuus\\\/\",\"url\":\"https:\\\/\\\/help.jamk.fi\\\/opinnaytetyon-ohjaus\\\/fi\\\/saavutettavuus\\\/\",\"name\":\"7 Saavutettavuus opinn\u00e4ytety\u00f6ss\u00e4 - Thesis Supervisor&#039;s Handbook\",\"isPartOf\":{\"@id\":\"https:\\\/\\\/help.jamk.fi\\\/opinnaytetyon-ohjaus\\\/#website\"},\"datePublished\":\"2015-10-29T13:37:03+00:00\",\"dateModified\":\"2023-11-03T10:37:03+00:00\",\"breadcrumb\":{\"@id\":\"https:\\\/\\\/help.jamk.fi\\\/opinnaytetyon-ohjaus\\\/fi\\\/saavutettavuus\\\/#breadcrumb\"},\"inLanguage\":\"fi\",\"potentialAction\":[{\"@type\":\"ReadAction\",\"target\":[\"https:\\\/\\\/help.jamk.fi\\\/opinnaytetyon-ohjaus\\\/fi\\\/saavutettavuus\\\/\"]}]},{\"@type\":\"BreadcrumbList\",\"@id\":\"https:\\\/\\\/help.jamk.fi\\\/opinnaytetyon-ohjaus\\\/fi\\\/saavutettavuus\\\/#breadcrumb\",\"itemListElement\":[{\"@type\":\"ListItem\",\"position\":1,\"name\":\"Etusivu\",\"item\":\"https:\\\/\\\/help.jamk.fi\\\/opinnaytetyon-ohjaus\\\/fi\\\/\"},{\"@type\":\"ListItem\",\"position\":2,\"name\":\"7 Saavutettavuus opinn\u00e4ytety\u00f6ss\u00e4\"}]},{\"@type\":\"WebSite\",\"@id\":\"https:\\\/\\\/help.jamk.fi\\\/opinnaytetyon-ohjaus\\\/#website\",\"url\":\"https:\\\/\\\/help.jamk.fi\\\/opinnaytetyon-ohjaus\\\/\",\"name\":\"Thesis Supervisor&#039;s Handbook\",\"description\":\"Opinn\u00e4ytety\u00f6n ohjaajan k\u00e4sikirja ja vinkkipankki\",\"potentialAction\":[{\"@type\":\"SearchAction\",\"target\":{\"@type\":\"EntryPoint\",\"urlTemplate\":\"https:\\\/\\\/help.jamk.fi\\\/opinnaytetyon-ohjaus\\\/?s={search_term_string}\"},\"query-input\":{\"@type\":\"PropertyValueSpecification\",\"valueRequired\":true,\"valueName\":\"search_term_string\"}}],\"inLanguage\":\"fi\"}]}<\/script>\n<!-- \/ Yoast SEO plugin. -->","yoast_head_json":{"title":"7 Saavutettavuus opinn\u00e4ytety\u00f6ss\u00e4 - Thesis Supervisor&#039;s Handbook","robots":{"index":"index","follow":"follow","max-snippet":"max-snippet:-1","max-image-preview":"max-image-preview:large","max-video-preview":"max-video-preview:-1"},"canonical":"https:\/\/help.jamk.fi\/opinnaytetyon-ohjaus\/fi\/saavutettavuus\/","og_locale":"fi_FI","og_type":"article","og_title":"7 Saavutettavuus opinn\u00e4ytety\u00f6ss\u00e4 - Thesis Supervisor&#039;s Handbook","og_description":"Saavutettava opinn\u00e4ytety\u00f6 on sellainen, ett\u00e4 henkil\u00f6t, joilla on esimerkiksi n\u00e4k\u00f6vamma, lukih\u00e4iri\u00f6 tai oppimisvaikeus p\u00e4\u00e4sev\u00e4t pdf-tiedoston sis\u00e4lt\u00f6\u00f6n k\u00e4siksi apuv\u00e4lineill\u00e4 kuten esimerkiksi ruudunlukuohjelmilla. Saavutettavuus on yhdenvertaisuuden edist\u00e4mist\u00e4. Saavutettavuus tarkoittaa verkkopalvelun helppoa l\u00e4hestytt\u00e4vyytt\u00e4 kaikille ihmisille. Saavutettavuus tarkoittaa sit\u00e4, ett\u00e4 Laki digitaalisten palvelujen tarjoamisesta (306\/2019) sis\u00e4lt\u00e4\u00e4 EU:n saavutettavuusdirektiivin vaatimukset. Linkit Digitaalinen saavutettavuus (Elmo-intra, vaatii kirjautumisen) Opinn\u00e4ytety\u00f6n saavutettavuusohjeet (Theseus) Saavutettavasti.fi [&hellip;]","og_url":"https:\/\/help.jamk.fi\/opinnaytetyon-ohjaus\/fi\/saavutettavuus\/","og_site_name":"Thesis Supervisor&#039;s Handbook","article_modified_time":"2023-11-03T10:37:03+00:00","twitter_card":"summary_large_image","twitter_misc":{"Arvioitu lukuaika":"1 minuutti"},"schema":{"@context":"https:\/\/schema.org","@graph":[{"@type":"WebPage","@id":"https:\/\/help.jamk.fi\/opinnaytetyon-ohjaus\/fi\/saavutettavuus\/","url":"https:\/\/help.jamk.fi\/opinnaytetyon-ohjaus\/fi\/saavutettavuus\/","name":"7 Saavutettavuus opinn\u00e4ytety\u00f6ss\u00e4 - Thesis Supervisor&#039;s Handbook","isPartOf":{"@id":"https:\/\/help.jamk.fi\/opinnaytetyon-ohjaus\/#website"},"datePublished":"2015-10-29T13:37:03+00:00","dateModified":"2023-11-03T10:37:03+00:00","breadcrumb":{"@id":"https:\/\/help.jamk.fi\/opinnaytetyon-ohjaus\/fi\/saavutettavuus\/#breadcrumb"},"inLanguage":"fi","potentialAction":[{"@type":"ReadAction","target":["https:\/\/help.jamk.fi\/opinnaytetyon-ohjaus\/fi\/saavutettavuus\/"]}]},{"@type":"BreadcrumbList","@id":"https:\/\/help.jamk.fi\/opinnaytetyon-ohjaus\/fi\/saavutettavuus\/#breadcrumb","itemListElement":[{"@type":"ListItem","position":1,"name":"Etusivu","item":"https:\/\/help.jamk.fi\/opinnaytetyon-ohjaus\/fi\/"},{"@type":"ListItem","position":2,"name":"7 Saavutettavuus opinn\u00e4ytety\u00f6ss\u00e4"}]},{"@type":"WebSite","@id":"https:\/\/help.jamk.fi\/opinnaytetyon-ohjaus\/#website","url":"https:\/\/help.jamk.fi\/opinnaytetyon-ohjaus\/","name":"Thesis Supervisor&#039;s Handbook","description":"Opinn\u00e4ytety\u00f6n ohjaajan k\u00e4sikirja ja vinkkipankki","potentialAction":[{"@type":"SearchAction","target":{"@type":"EntryPoint","urlTemplate":"https:\/\/help.jamk.fi\/opinnaytetyon-ohjaus\/?s={search_term_string}"},"query-input":{"@type":"PropertyValueSpecification","valueRequired":true,"valueName":"search_term_string"}}],"inLanguage":"fi"}]}},"_links":{"self":[{"href":"https:\/\/help.jamk.fi\/opinnaytetyon-ohjaus\/wp-json\/wp\/v2\/pages\/164","targetHints":{"allow":["GET"]}}],"collection":[{"href":"https:\/\/help.jamk.fi\/opinnaytetyon-ohjaus\/wp-json\/wp\/v2\/pages"}],"about":[{"href":"https:\/\/help.jamk.fi\/opinnaytetyon-ohjaus\/wp-json\/wp\/v2\/types\/page"}],"author":[{"embeddable":true,"href":"https:\/\/help.jamk.fi\/opinnaytetyon-ohjaus\/wp-json\/wp\/v2\/users\/79"}],"replies":[{"embeddable":true,"href":"https:\/\/help.jamk.fi\/opinnaytetyon-ohjaus\/wp-json\/wp\/v2\/comments?post=164"}],"version-history":[{"count":3,"href":"https:\/\/help.jamk.fi\/opinnaytetyon-ohjaus\/wp-json\/wp\/v2\/pages\/164\/revisions"}],"predecessor-version":[{"id":1392,"href":"https:\/\/help.jamk.fi\/opinnaytetyon-ohjaus\/wp-json\/wp\/v2\/pages\/164\/revisions\/1392"}],"wp:attachment":[{"href":"https:\/\/help.jamk.fi\/opinnaytetyon-ohjaus\/wp-json\/wp\/v2\/media?parent=164"}],"wp:term":[{"taxonomy":"category","embeddable":true,"href":"https:\/\/help.jamk.fi\/opinnaytetyon-ohjaus\/wp-json\/wp\/v2\/categories?post=164"},{"taxonomy":"post_tag","embeddable":true,"href":"https:\/\/help.jamk.fi\/opinnaytetyon-ohjaus\/wp-json\/wp\/v2\/tags?post=164"}],"curies":[{"name":"wp","href":"https:\/\/api.w.org\/{rel}","templated":true}]}}