{"id":1723,"date":"2024-12-09T12:45:45","date_gmt":"2024-12-09T10:45:45","guid":{"rendered":"https:\/\/help.jamk.fi\/opinnaytetyon-ohjaus\/?page_id=1723"},"modified":"2026-04-28T13:21:23","modified_gmt":"2026-04-28T10:21:23","slug":"jamk-sign-ohjeet-opinnaytetyon-ohjaajalle","status":"publish","type":"page","link":"https:\/\/help.jamk.fi\/opinnaytetyon-ohjaus\/fi\/opinnaytetyo-prosessina\/jamk-sign-ohjeet-opinnaytetyon-ohjaajalle\/","title":{"rendered":"Jamk Sign -ohjeet opinn\u00e4ytety\u00f6n ohjaajalle"},"content":{"rendered":"\n<p>Jamk Sign on Jamkin s\u00e4hk\u00f6inen allekirjoitusj\u00e4rjestelm\u00e4. Sen avulla allekirjoitetaan opinn\u00e4ytety\u00f6sopimus ja mahdollinen salassapitosopimus.<br>T\u00e4ll\u00e4 sivulla ohjeistetaan n\u00e4iden sopimusten allekirjoituskierto Jamk Signissa.<\/p>\n\n\n\n<p>Lyhyesti tiivist\u00e4en, opiskelija t\u00e4ytt\u00e4\u00e4 ensin Word-lomakkeeseen tarvittavat tiedot ja ohjaaja k\u00e4ynnist\u00e4\u00e4 niiden perusteella allekirjoituskierron. Kun kaikki osapuolet ovat allekirjoittaneet, opiskelija tallentaa sopimuksen pdf-muodossa Wihiin. <\/p>\n\n\n\n<p><\/p>\n\n\n\n<ol class=\"wp-block-list\">\n<li><strong>Ennen allekirjoituspyynt\u00f6\u00e4:<\/strong>\n<ul class=\"wp-block-list\">\n<li>Pyyd\u00e4 opiskelijaa t\u00e4ytt\u00e4m\u00e4\u00e4n opinn\u00e4ytety\u00f6sopimuslomake (ja salassapitolomake) kaikkine tietoineen, ilman allekirjoituksia. Sopimuksessa pit\u00e4\u00e4 olla <strong>opiskelijan matkapuhelinnumero ja toimeksiantajan matkapuhelinnumero<\/strong>. N\u00e4it\u00e4 tarvitaan allekirjoituspyynn\u00f6n ja tunnistautumispyynn\u00f6n toimittamiseen. 020 tai 010 alkuiset yritysnumerot eiv\u00e4t k\u00e4y, niihin ei voi l\u00e4hett\u00e4\u00e4 tekstiviesti\u00e4. Sopimuspohjat on saatavilla opinn\u00e4ytety\u00f6n ohjeessa.<\/li>\n\n\n\n<li>Tarkista, ett\u00e4 salassapito on rastittu (kyll\u00e4 \/ ei) sek\u00e4 kohtaan 2.2, ett\u00e4 liiteaineiston kohdalle (viimeisen\u00e4).\n<ul class=\"wp-block-list\">\n<li>Mahdollisessa salassapitosopimuksessa on oltava merkitty salassapitoaika (max 25 vuotta) ja salassapidon peruste (rasti ruutuun).<\/li>\n<\/ul>\n<\/li>\n\n\n\n<li>(Poista sopimuspohjasta k\u00e4sin allekirjoitukseen tarkoitetut allekirjoitusrivit. N\u00e4it\u00e4 ei ole en\u00e4\u00e4 uudessa sopparipohjassa.)<\/li>\n\n\n\n<li>Opiskelija palauttaa ko. sopimukset Word-tiedostoina Wihiin.<br><\/li>\n<\/ul>\n<\/li>\n\n\n\n<li><strong>K\u00e4ynnist\u00e4 allekirjoituspyynt\u00f6<\/strong> Jamk Signissa (sign.jamk.fi). <a href=\"https:\/\/help.jamk.fi\/sahkoinen-allekirjoitus\/fi\/asiakirjan-lataaminen\/\">Katso ohjeet Helpist\u00e4<\/a>.\n<ul class=\"wp-block-list\">\n<li><strong>Perustiedot<\/strong> -kohdassa valitse \u201dyhdist\u00e4 allekirjoitetut dokumentit\u201d ja \u201dvapaasti valittava tunnistautumistapa\u201d.<\/li>\n\n\n\n<li><strong>Dokumentit <\/strong>-kohdassa liit\u00e4 t\u00e4ytetty opinn\u00e4ytety\u00f6sopimus ja mahdollinen salassapitosopimus kohtaan &#8221;Allekirjoitettavat Dokumentit&#8221;.\n<ul class=\"wp-block-list\">\n<li><strong>Huom.<\/strong> T\u00e4ss\u00e4 kohdassa ei ole &#8221;Liitteit\u00e4&#8221;, vaan molemmat ovat dokumentteja, jotta niist\u00e4 syntyy yksi allekirjoitettu tiedosto.<br><img loading=\"lazy\" decoding=\"async\" width=\"300\" height=\"246\" class=\"wp-image-1989\" style=\"width: 300px;\" src=\"https:\/\/help.jamk.fi\/opinnaytetyon-ohjaus\/wp-content\/uploads\/sites\/110\/2026\/04\/opparisopimus_jamk_sign-1.png\" alt=\"Allekirjoitettavat dokumentit\" srcset=\"https:\/\/help.jamk.fi\/opinnaytetyon-ohjaus\/wp-content\/uploads\/sites\/110\/2026\/04\/opparisopimus_jamk_sign-1.png 705w, https:\/\/help.jamk.fi\/opinnaytetyon-ohjaus\/wp-content\/uploads\/sites\/110\/2026\/04\/opparisopimus_jamk_sign-1-300x246.png 300w\" sizes=\"auto, (max-width: 300px) 100vw, 300px\" \/><br><\/li>\n\n\n\n<li><strong>Vastaanottajat <\/strong>-kohdassa hae opiskelijaa nimell\u00e4 ja lis\u00e4\u00e4 h\u00e4net vastaanottajaksi. Katso sopimuslomakkeesta toimeksiantajan puhelinnumero ja sen avulla lis\u00e4\u00e4 h\u00e4net kiertoon. <strong>Lis\u00e4\u00e4 my\u00f6s itsesi allekirjoittajaksi.<\/strong><\/li>\n\n\n\n<li>Jos mukana on salassapitosopimus, lis\u00e4\u00e4 kiertoon esihenkil\u00f6si (tai muu allekirjoitusoikeuden omaava tutkinto-ohjelman p\u00e4\u00e4llikk\u00f6).<\/li>\n\n\n\n<li><strong>Allekirjoituksen ulkoasu<\/strong> -kohdassa \u201dAsiakirjan asettelu\u201d valitse \u201dErillinen allekirjoitussivu\u201d. T\u00e4m\u00e4 on helpompi ja nopeampi tapa.<\/li>\n\n\n\n<li>Tarkista <strong>Yhteenveto<\/strong> -kohta ja l\u00e4het\u00e4 allekirjoituspyynt\u00f6.<br><\/li>\n<\/ul>\n<\/li>\n<\/ul>\n<\/li>\n\n\n\n<li>Allekirjoituspyynt\u00f6 tulee s\u00e4hk\u00f6postiisi. <strong>Tee allekirjoitus<\/strong> klikkaamalla \u201dOpen Documents\u201d, kirjaudu Jamk Signiin ja sitten napsauta \u201dAllekirjoita\u201d.<br><\/li>\n\n\n\n<li>Laita opiskelijalle Wihi-viesti, ett\u00e4 olet l\u00e4hett\u00e4nyt allekirjoituspyynn\u00f6n. <strong>Ohjeista<\/strong>, ett\u00e4 kierron valmistuttua opiskelija tulostaa sopimukset yhdeksi pdf-tiedostoksi, nime\u00e4\u00e4 sen ohjeen mukaan (kts. opinn\u00e4ytety\u00f6ohje) ja palauttaa Wihiin.<br><\/li>\n\n\n\n<li><strong>Kun opinn\u00e4ytety\u00f6 on valmis ja arvioitu<\/strong>, ja ty\u00f6n Theseus-linkki on Wihiss\u00e4, arkistoi sopimus Wihiss\u00e4 (Wihin vaihe 6 Arvosanan vienti rekisteriin).<\/li>\n<\/ol>\n\n\n\n<p><\/p>\n\n\n\n<p>P\u00e4ivitetty 24.8.2026 \/ Riikka Ahlgren<\/p>\n\n\n\n<p><\/p>\n","protected":false},"excerpt":{"rendered":"<p>Jamk Sign on Jamkin s\u00e4hk\u00f6inen allekirjoitusj\u00e4rjestelm\u00e4. Sen avulla allekirjoitetaan opinn\u00e4ytety\u00f6sopimus ja mahdollinen salassapitosopimus.T\u00e4ll\u00e4 sivulla ohjeistetaan n\u00e4iden sopimusten allekirjoituskierto Jamk Signissa. Lyhyesti tiivist\u00e4en, opiskelija t\u00e4ytt\u00e4\u00e4 ensin Word-lomakkeeseen tarvittavat tiedot ja ohjaaja k\u00e4ynnist\u00e4\u00e4 niiden perusteella allekirjoituskierron. Kun kaikki osapuolet ovat allekirjoittaneet, opiskelija tallentaa sopimuksen pdf-muodossa Wihiin. P\u00e4ivitetty 24.8.2026 \/ Riikka Ahlgren<\/p>\n","protected":false},"author":79,"featured_media":0,"parent":167,"menu_order":1,"comment_status":"closed","ping_status":"closed","template":"","meta":{"_acf_changed":false,"_relevanssi_hide_post":"","_relevanssi_hide_content":"","_relevanssi_pin_for_all":"","_relevanssi_pin_keywords":"","_relevanssi_unpin_keywords":"","_relevanssi_related_keywords":"","_relevanssi_related_include_ids":"","_relevanssi_related_exclude_ids":"","_relevanssi_related_no_append":"","_relevanssi_related_not_related":"","_relevanssi_related_posts":"","_relevanssi_noindex_reason":"","footnotes":""},"categories":[],"tags":[345,349,343,101,347],"class_list":["post-1723","page","type-page","status-publish","hentry","tag-allekirjoitus","tag-opinnaytetyosopimus","tag-sopimus","tag-sopimus-opinnaytetyosta","tag-sahkoinen-allekirjoitus"],"acf":[],"yoast_head":"<!-- This site is optimized with the Yoast SEO plugin v27.5 - https:\/\/yoast.com\/product\/yoast-seo-wordpress\/ -->\n<title>Jamk Sign -ohjeet opinn\u00e4ytety\u00f6n ohjaajalle - Thesis Supervisor&#039;s Handbook<\/title>\n<meta name=\"robots\" content=\"index, follow, max-snippet:-1, max-image-preview:large, max-video-preview:-1\" \/>\n<link rel=\"canonical\" href=\"https:\/\/help.jamk.fi\/opinnaytetyon-ohjaus\/fi\/opinnaytetyo-prosessina\/jamk-sign-ohjeet-opinnaytetyon-ohjaajalle\/\" \/>\n<meta property=\"og:locale\" content=\"fi_FI\" \/>\n<meta property=\"og:type\" content=\"article\" \/>\n<meta property=\"og:title\" content=\"Jamk Sign -ohjeet opinn\u00e4ytety\u00f6n ohjaajalle - Thesis Supervisor&#039;s Handbook\" \/>\n<meta property=\"og:description\" content=\"Jamk Sign on Jamkin s\u00e4hk\u00f6inen allekirjoitusj\u00e4rjestelm\u00e4. Sen avulla allekirjoitetaan opinn\u00e4ytety\u00f6sopimus ja mahdollinen salassapitosopimus.T\u00e4ll\u00e4 sivulla ohjeistetaan n\u00e4iden sopimusten allekirjoituskierto Jamk Signissa. Lyhyesti tiivist\u00e4en, opiskelija t\u00e4ytt\u00e4\u00e4 ensin Word-lomakkeeseen tarvittavat tiedot ja ohjaaja k\u00e4ynnist\u00e4\u00e4 niiden perusteella allekirjoituskierron. Kun kaikki osapuolet ovat allekirjoittaneet, opiskelija tallentaa sopimuksen pdf-muodossa Wihiin. P\u00e4ivitetty 24.8.2026 \/ Riikka Ahlgren\" \/>\n<meta property=\"og:url\" content=\"https:\/\/help.jamk.fi\/opinnaytetyon-ohjaus\/fi\/opinnaytetyo-prosessina\/jamk-sign-ohjeet-opinnaytetyon-ohjaajalle\/\" \/>\n<meta property=\"og:site_name\" content=\"Thesis Supervisor&#039;s Handbook\" \/>\n<meta property=\"article:modified_time\" content=\"2026-04-28T10:21:23+00:00\" \/>\n<meta property=\"og:image\" content=\"https:\/\/help.jamk.fi\/opinnaytetyon-ohjaus\/wp-content\/uploads\/sites\/110\/2026\/04\/opparisopimus_jamk_sign-1.png\" \/>\n\t<meta property=\"og:image:width\" content=\"705\" \/>\n\t<meta property=\"og:image:height\" content=\"577\" \/>\n\t<meta property=\"og:image:type\" content=\"image\/png\" \/>\n<meta name=\"twitter:card\" content=\"summary_large_image\" \/>\n<meta name=\"twitter:label1\" content=\"Arvioitu lukuaika\" \/>\n\t<meta name=\"twitter:data1\" content=\"3 minuuttia\" \/>\n<script type=\"application\/ld+json\" class=\"yoast-schema-graph\">{\"@context\":\"https:\\\/\\\/schema.org\",\"@graph\":[{\"@type\":\"WebPage\",\"@id\":\"https:\\\/\\\/help.jamk.fi\\\/opinnaytetyon-ohjaus\\\/fi\\\/opinnaytetyo-prosessina\\\/jamk-sign-ohjeet-opinnaytetyon-ohjaajalle\\\/\",\"url\":\"https:\\\/\\\/help.jamk.fi\\\/opinnaytetyon-ohjaus\\\/fi\\\/opinnaytetyo-prosessina\\\/jamk-sign-ohjeet-opinnaytetyon-ohjaajalle\\\/\",\"name\":\"Jamk Sign -ohjeet opinn\u00e4ytety\u00f6n ohjaajalle - Thesis Supervisor&#039;s Handbook\",\"isPartOf\":{\"@id\":\"https:\\\/\\\/help.jamk.fi\\\/opinnaytetyon-ohjaus\\\/#website\"},\"primaryImageOfPage\":{\"@id\":\"https:\\\/\\\/help.jamk.fi\\\/opinnaytetyon-ohjaus\\\/fi\\\/opinnaytetyo-prosessina\\\/jamk-sign-ohjeet-opinnaytetyon-ohjaajalle\\\/#primaryimage\"},\"image\":{\"@id\":\"https:\\\/\\\/help.jamk.fi\\\/opinnaytetyon-ohjaus\\\/fi\\\/opinnaytetyo-prosessina\\\/jamk-sign-ohjeet-opinnaytetyon-ohjaajalle\\\/#primaryimage\"},\"thumbnailUrl\":\"https:\\\/\\\/help.jamk.fi\\\/opinnaytetyon-ohjaus\\\/wp-content\\\/uploads\\\/sites\\\/110\\\/2026\\\/04\\\/opparisopimus_jamk_sign-1.png\",\"datePublished\":\"2024-12-09T10:45:45+00:00\",\"dateModified\":\"2026-04-28T10:21:23+00:00\",\"breadcrumb\":{\"@id\":\"https:\\\/\\\/help.jamk.fi\\\/opinnaytetyon-ohjaus\\\/fi\\\/opinnaytetyo-prosessina\\\/jamk-sign-ohjeet-opinnaytetyon-ohjaajalle\\\/#breadcrumb\"},\"inLanguage\":\"fi\",\"potentialAction\":[{\"@type\":\"ReadAction\",\"target\":[\"https:\\\/\\\/help.jamk.fi\\\/opinnaytetyon-ohjaus\\\/fi\\\/opinnaytetyo-prosessina\\\/jamk-sign-ohjeet-opinnaytetyon-ohjaajalle\\\/\"]}]},{\"@type\":\"ImageObject\",\"inLanguage\":\"fi\",\"@id\":\"https:\\\/\\\/help.jamk.fi\\\/opinnaytetyon-ohjaus\\\/fi\\\/opinnaytetyo-prosessina\\\/jamk-sign-ohjeet-opinnaytetyon-ohjaajalle\\\/#primaryimage\",\"url\":\"https:\\\/\\\/help.jamk.fi\\\/opinnaytetyon-ohjaus\\\/wp-content\\\/uploads\\\/sites\\\/110\\\/2026\\\/04\\\/opparisopimus_jamk_sign-1.png\",\"contentUrl\":\"https:\\\/\\\/help.jamk.fi\\\/opinnaytetyon-ohjaus\\\/wp-content\\\/uploads\\\/sites\\\/110\\\/2026\\\/04\\\/opparisopimus_jamk_sign-1.png\",\"width\":705,\"height\":577,\"caption\":\"Allekirjoitettavat dokumentit\"},{\"@type\":\"BreadcrumbList\",\"@id\":\"https:\\\/\\\/help.jamk.fi\\\/opinnaytetyon-ohjaus\\\/fi\\\/opinnaytetyo-prosessina\\\/jamk-sign-ohjeet-opinnaytetyon-ohjaajalle\\\/#breadcrumb\",\"itemListElement\":[{\"@type\":\"ListItem\",\"position\":1,\"name\":\"Etusivu\",\"item\":\"https:\\\/\\\/help.jamk.fi\\\/opinnaytetyon-ohjaus\\\/fi\\\/\"},{\"@type\":\"ListItem\",\"position\":2,\"name\":\"3 Opinn\u00e4ytety\u00f6 prosessina\",\"item\":\"https:\\\/\\\/help.jamk.fi\\\/opinnaytetyon-ohjaus\\\/fi\\\/opinnaytetyo-prosessina\\\/\"},{\"@type\":\"ListItem\",\"position\":3,\"name\":\"Jamk Sign -ohjeet opinn\u00e4ytety\u00f6n ohjaajalle\"}]},{\"@type\":\"WebSite\",\"@id\":\"https:\\\/\\\/help.jamk.fi\\\/opinnaytetyon-ohjaus\\\/#website\",\"url\":\"https:\\\/\\\/help.jamk.fi\\\/opinnaytetyon-ohjaus\\\/\",\"name\":\"Thesis Supervisor&#039;s Handbook\",\"description\":\"Opinn\u00e4ytety\u00f6n ohjaajan k\u00e4sikirja ja vinkkipankki\",\"potentialAction\":[{\"@type\":\"SearchAction\",\"target\":{\"@type\":\"EntryPoint\",\"urlTemplate\":\"https:\\\/\\\/help.jamk.fi\\\/opinnaytetyon-ohjaus\\\/?s={search_term_string}\"},\"query-input\":{\"@type\":\"PropertyValueSpecification\",\"valueRequired\":true,\"valueName\":\"search_term_string\"}}],\"inLanguage\":\"fi\"}]}<\/script>\n<!-- \/ Yoast SEO plugin. -->","yoast_head_json":{"title":"Jamk Sign -ohjeet opinn\u00e4ytety\u00f6n ohjaajalle - Thesis Supervisor&#039;s Handbook","robots":{"index":"index","follow":"follow","max-snippet":"max-snippet:-1","max-image-preview":"max-image-preview:large","max-video-preview":"max-video-preview:-1"},"canonical":"https:\/\/help.jamk.fi\/opinnaytetyon-ohjaus\/fi\/opinnaytetyo-prosessina\/jamk-sign-ohjeet-opinnaytetyon-ohjaajalle\/","og_locale":"fi_FI","og_type":"article","og_title":"Jamk Sign -ohjeet opinn\u00e4ytety\u00f6n ohjaajalle - Thesis Supervisor&#039;s Handbook","og_description":"Jamk Sign on Jamkin s\u00e4hk\u00f6inen allekirjoitusj\u00e4rjestelm\u00e4. Sen avulla allekirjoitetaan opinn\u00e4ytety\u00f6sopimus ja mahdollinen salassapitosopimus.T\u00e4ll\u00e4 sivulla ohjeistetaan n\u00e4iden sopimusten allekirjoituskierto Jamk Signissa. Lyhyesti tiivist\u00e4en, opiskelija t\u00e4ytt\u00e4\u00e4 ensin Word-lomakkeeseen tarvittavat tiedot ja ohjaaja k\u00e4ynnist\u00e4\u00e4 niiden perusteella allekirjoituskierron. Kun kaikki osapuolet ovat allekirjoittaneet, opiskelija tallentaa sopimuksen pdf-muodossa Wihiin. P\u00e4ivitetty 24.8.2026 \/ Riikka Ahlgren","og_url":"https:\/\/help.jamk.fi\/opinnaytetyon-ohjaus\/fi\/opinnaytetyo-prosessina\/jamk-sign-ohjeet-opinnaytetyon-ohjaajalle\/","og_site_name":"Thesis Supervisor&#039;s Handbook","article_modified_time":"2026-04-28T10:21:23+00:00","og_image":[{"width":705,"height":577,"url":"https:\/\/help.jamk.fi\/opinnaytetyon-ohjaus\/wp-content\/uploads\/sites\/110\/2026\/04\/opparisopimus_jamk_sign-1.png","type":"image\/png"}],"twitter_card":"summary_large_image","twitter_misc":{"Arvioitu lukuaika":"3 minuuttia"},"schema":{"@context":"https:\/\/schema.org","@graph":[{"@type":"WebPage","@id":"https:\/\/help.jamk.fi\/opinnaytetyon-ohjaus\/fi\/opinnaytetyo-prosessina\/jamk-sign-ohjeet-opinnaytetyon-ohjaajalle\/","url":"https:\/\/help.jamk.fi\/opinnaytetyon-ohjaus\/fi\/opinnaytetyo-prosessina\/jamk-sign-ohjeet-opinnaytetyon-ohjaajalle\/","name":"Jamk Sign -ohjeet opinn\u00e4ytety\u00f6n ohjaajalle - Thesis Supervisor&#039;s Handbook","isPartOf":{"@id":"https:\/\/help.jamk.fi\/opinnaytetyon-ohjaus\/#website"},"primaryImageOfPage":{"@id":"https:\/\/help.jamk.fi\/opinnaytetyon-ohjaus\/fi\/opinnaytetyo-prosessina\/jamk-sign-ohjeet-opinnaytetyon-ohjaajalle\/#primaryimage"},"image":{"@id":"https:\/\/help.jamk.fi\/opinnaytetyon-ohjaus\/fi\/opinnaytetyo-prosessina\/jamk-sign-ohjeet-opinnaytetyon-ohjaajalle\/#primaryimage"},"thumbnailUrl":"https:\/\/help.jamk.fi\/opinnaytetyon-ohjaus\/wp-content\/uploads\/sites\/110\/2026\/04\/opparisopimus_jamk_sign-1.png","datePublished":"2024-12-09T10:45:45+00:00","dateModified":"2026-04-28T10:21:23+00:00","breadcrumb":{"@id":"https:\/\/help.jamk.fi\/opinnaytetyon-ohjaus\/fi\/opinnaytetyo-prosessina\/jamk-sign-ohjeet-opinnaytetyon-ohjaajalle\/#breadcrumb"},"inLanguage":"fi","potentialAction":[{"@type":"ReadAction","target":["https:\/\/help.jamk.fi\/opinnaytetyon-ohjaus\/fi\/opinnaytetyo-prosessina\/jamk-sign-ohjeet-opinnaytetyon-ohjaajalle\/"]}]},{"@type":"ImageObject","inLanguage":"fi","@id":"https:\/\/help.jamk.fi\/opinnaytetyon-ohjaus\/fi\/opinnaytetyo-prosessina\/jamk-sign-ohjeet-opinnaytetyon-ohjaajalle\/#primaryimage","url":"https:\/\/help.jamk.fi\/opinnaytetyon-ohjaus\/wp-content\/uploads\/sites\/110\/2026\/04\/opparisopimus_jamk_sign-1.png","contentUrl":"https:\/\/help.jamk.fi\/opinnaytetyon-ohjaus\/wp-content\/uploads\/sites\/110\/2026\/04\/opparisopimus_jamk_sign-1.png","width":705,"height":577,"caption":"Allekirjoitettavat dokumentit"},{"@type":"BreadcrumbList","@id":"https:\/\/help.jamk.fi\/opinnaytetyon-ohjaus\/fi\/opinnaytetyo-prosessina\/jamk-sign-ohjeet-opinnaytetyon-ohjaajalle\/#breadcrumb","itemListElement":[{"@type":"ListItem","position":1,"name":"Etusivu","item":"https:\/\/help.jamk.fi\/opinnaytetyon-ohjaus\/fi\/"},{"@type":"ListItem","position":2,"name":"3 Opinn\u00e4ytety\u00f6 prosessina","item":"https:\/\/help.jamk.fi\/opinnaytetyon-ohjaus\/fi\/opinnaytetyo-prosessina\/"},{"@type":"ListItem","position":3,"name":"Jamk Sign -ohjeet opinn\u00e4ytety\u00f6n ohjaajalle"}]},{"@type":"WebSite","@id":"https:\/\/help.jamk.fi\/opinnaytetyon-ohjaus\/#website","url":"https:\/\/help.jamk.fi\/opinnaytetyon-ohjaus\/","name":"Thesis Supervisor&#039;s Handbook","description":"Opinn\u00e4ytety\u00f6n ohjaajan k\u00e4sikirja ja vinkkipankki","potentialAction":[{"@type":"SearchAction","target":{"@type":"EntryPoint","urlTemplate":"https:\/\/help.jamk.fi\/opinnaytetyon-ohjaus\/?s={search_term_string}"},"query-input":{"@type":"PropertyValueSpecification","valueRequired":true,"valueName":"search_term_string"}}],"inLanguage":"fi"}]}},"_links":{"self":[{"href":"https:\/\/help.jamk.fi\/opinnaytetyon-ohjaus\/wp-json\/wp\/v2\/pages\/1723","targetHints":{"allow":["GET"]}}],"collection":[{"href":"https:\/\/help.jamk.fi\/opinnaytetyon-ohjaus\/wp-json\/wp\/v2\/pages"}],"about":[{"href":"https:\/\/help.jamk.fi\/opinnaytetyon-ohjaus\/wp-json\/wp\/v2\/types\/page"}],"author":[{"embeddable":true,"href":"https:\/\/help.jamk.fi\/opinnaytetyon-ohjaus\/wp-json\/wp\/v2\/users\/79"}],"replies":[{"embeddable":true,"href":"https:\/\/help.jamk.fi\/opinnaytetyon-ohjaus\/wp-json\/wp\/v2\/comments?post=1723"}],"version-history":[{"count":14,"href":"https:\/\/help.jamk.fi\/opinnaytetyon-ohjaus\/wp-json\/wp\/v2\/pages\/1723\/revisions"}],"predecessor-version":[{"id":1993,"href":"https:\/\/help.jamk.fi\/opinnaytetyon-ohjaus\/wp-json\/wp\/v2\/pages\/1723\/revisions\/1993"}],"up":[{"embeddable":true,"href":"https:\/\/help.jamk.fi\/opinnaytetyon-ohjaus\/wp-json\/wp\/v2\/pages\/167"}],"wp:attachment":[{"href":"https:\/\/help.jamk.fi\/opinnaytetyon-ohjaus\/wp-json\/wp\/v2\/media?parent=1723"}],"wp:term":[{"taxonomy":"category","embeddable":true,"href":"https:\/\/help.jamk.fi\/opinnaytetyon-ohjaus\/wp-json\/wp\/v2\/categories?post=1723"},{"taxonomy":"post_tag","embeddable":true,"href":"https:\/\/help.jamk.fi\/opinnaytetyon-ohjaus\/wp-json\/wp\/v2\/tags?post=1723"}],"curies":[{"name":"wp","href":"https:\/\/api.w.org\/{rel}","templated":true}]}}