{"id":176,"date":"2021-10-04T13:20:35","date_gmt":"2021-10-04T10:20:35","guid":{"rendered":"https:\/\/help.jamk.fi\/yamk-kasikirja\/tiedonhankinta\/"},"modified":"2023-12-21T15:05:32","modified_gmt":"2023-12-21T13:05:32","slug":"tiedonhankinta","status":"publish","type":"page","link":"https:\/\/help.jamk.fi\/opinnaytetyon-ohjaus\/fi\/tiedonhankinta\/","title":{"rendered":"4 Tiedonhankinta"},"content":{"rendered":"\n<p>Kaikkiin&nbsp;opinn\u00e4ytet\u00f6ihin kuuluu olennaisena osana&nbsp;mahdollisimman j\u00e4rjestelm\u00e4llinen tiedonhankinta, joka on aiheeltaan tarkasti m\u00e4\u00e4ritelty ja rajattu. Tyypillist\u00e4 tiedonhankinnalle on, ett\u00e4 se <strong>tarkentuu<\/strong> opinn\u00e4ytety\u00f6n edetess\u00e4. Uusia mielenkiinnon kohteita&nbsp;nousee ja aihe rajautuu lis\u00e4\u00e4. Tiedonhankinta on luova prosessi, jossa jo l\u00f6ydetyt l\u00e4hteet vaikuttavat sek\u00e4 teht\u00e4v\u00e4n tarkentumiseen ett\u00e4 uusien kiehtovien n\u00e4k\u00f6kulmien ja tiedonl\u00e4hteiden etsint\u00e4\u00e4n ja l\u00f6yt\u00e4miseen. (<a href=\"https:\/\/help.jamk.fi\/raportointiohje\/fi\/2-tiedonhankinta-opinnaytetyohon\/\" target=\"_blank\" rel=\"noreferrer noopener\">Raportointiohje luku 2 Tiedonhankinta opinn\u00e4ytety\u00f6h\u00f6n<\/a>)<\/p>\n\n\n<div class=\"wp-block-image\">\n<figure class=\"aligncenter\"><img decoding=\"async\" src=\"https:\/\/help.jamk.fi\/opinnaytetyon-ohjaus\/wp-content\/uploads\/sites\/110\/2023\/09\/jamk_tiedonhaun_kompassi.png\" alt=\"\" class=\"wp-image-722\"\/><figcaption class=\"wp-element-caption\">Jamk kirjaston Tiedonhaun kompassi<\/figcaption><\/figure>\n<\/div>\n\n\n<p>Kun tehd\u00e4\u00e4n j\u00e4rjestelm\u00e4llist\u00e4 tiedonhakua opinn\u00e4ytety\u00f6n aiheesta, kannattaa k\u00e4ytt\u00e4\u00e4 aikaa tiedonhaun suunnittelemiseen. Silloin aikaa s\u00e4\u00e4styy hakutulosten seulomisessa, kun turhat aiheeseen kuulumattomat tulokset saadaan karsittua tehokkaammin pois. Katso Jamkin kirjaston <a href=\"https:\/\/infoguides.jamk.fi\/tiedonkompassi\" target=\"_blank\" rel=\"noreferrer noopener\">Tiedonhaun kompassin<\/a> selke\u00e4 kuva sek\u00e4 ohjeita tiedonhaun eri vaiheissa! <\/p>\n\n\n\n<p>Kirjaston <a href=\"https:\/\/janet.finna.fi\/\" target=\"_blank\" rel=\"noreferrer noopener\">Janet Finnan etusivulta<\/a> l\u00f6yd\u00e4t Tiedonhaun kompassin lis\u00e4ksi <a href=\"https:\/\/infoguides.jamk.fi\/eaineistot\" target=\"_blank\" rel=\"noreferrer noopener\">E-aineisto-oppaan<\/a> ja alakohtaisia tiedonhaun oppaita my\u00f6s opinn\u00e4ytety\u00f6n ohjausta varten. Jos vaihdat hakukielen englanniksi, <a href=\"https:\/\/janet.finna.fi\/?lng=en-gb\" target=\"_blank\" rel=\"noreferrer noopener\">Janet Finnan englanninkieliselt\u00e4 etusivulta<\/a> l\u00f6ytyv\u00e4t linkit englanninkielisiin oppaisiin! <a href=\"https:\/\/infoguides.jamk.fi\/\" target=\"_blank\" rel=\"noreferrer noopener\">Info Guides-oppaista<\/a> on apua my\u00f6s aineistonhallintaohjeistukseen sek\u00e4 julkaisujen arviointiin.<a href=\"https:\/\/infoguides.jamk.fi\/az.php\" target=\"_blank\" rel=\"noreferrer noopener\"> Laajimmat tietokantalistaukset<\/a> pystyy suodattamaan my\u00f6s alakohtaisesti tai aineistotyyppien mukaan esim. open access. <a href=\"https:\/\/infoguides.jamk.fi\/tiedonkompassi\/kysy\" target=\"_blank\" rel=\"noreferrer noopener\">Tiedonhaun kompassin sivulta Kysy<\/a> l\u00f6ytyy tietoa kirjaston ryhm\u00e4kohtaisista ohjauksista opinn\u00e4ytety\u00f6n tiedonhankintaan. Kirjastolla on Moodlessa <a href=\"https:\/\/moodle.jamk.fi\/course\/view.php?id=1762\" target=\"_blank\" rel=\"noreferrer noopener\">Tiedonhaun ty\u00f6pajat \u2013 Information Seeking workshops -kurssi<\/a>, jonne voi jamkilaiset kirjautua avaimella <strong>Tiedonhaun tekoon<\/strong>. Syksyll\u00e4 2023 avattiin kirjaston itseopiskelumateriaali <strong><a href=\"https:\/\/moodle.jamk.fi\/course\/view.php?id=7884\" target=\"_blank\" rel=\"noreferrer noopener\">Opinn\u00e4ytety\u00f6n tiedonhankinta<\/a><\/strong>, jonne on jamkilaisilla vapaa p\u00e4\u00e4sy.<\/p>\n\n\n\n<p>J\u00e4rjestelm\u00e4llinen tiedonhaku ja sen raportointi on erityisen olennaista kirjallisuuskatsauksissa. Tiedonhaku ja sen toteutus pit\u00e4isi pysty\u00e4 raportoimaan mahdollisimman selke\u00e4sti ja l\u00e4pin\u00e4kyv\u00e4sti, jotta se olisi toistettavissa uudelleen. Tiedonhaun prosessiin kuuluvat 1) tiedonhaun suunnittelu, 2) tiedonhaun toteutus, 3) hakuprosessin arviointi, 4) saadun tiedon arviointi sek\u00e4 5) tiedon soveltaminen.<\/p>\n\n\n\n<p>Tiedonhaun huolelliseen suunnitteluun kuuluvat tiedontarpeen ja tiedon k\u00e4ytt\u00f6tarkoituksen m\u00e4\u00e4rittely, hakuhetkell\u00e4 k\u00e4ytett\u00e4viss\u00e4 olevien resurssien arviointi, tietol\u00e4hteiden valinta ja&nbsp;niiden sis\u00e4lt\u00f6\u00f6n ja toimintoihin tutustuminen, hakutermien valinta mm. sanastoja hy\u00f6dynt\u00e4en sek\u00e4 hakustrategian hiominen. Tiedonhaun toteutuksessa hakusanoista muodostetaan kuhunkin tietokantaan toimivat <a href=\"https:\/\/openscience.jyu.fi\/fi\/opetus\/perustutkinto-opiskelijat\/opiskelumateriaalit\/kirjastotuutori\/1-tutustu-aiheeseesi-ja-tyosta-hakutermit\/hakulauseet\" target=\"_blank\" rel=\"noopener\"><strong>hakulausekkeet<\/strong><\/a>, jolloin tiedonhakua mukautetaan tietokantakohtaisesti. Hakusanojen mietinn\u00e4ss\u00e4&nbsp;on&nbsp;avuksi <a href=\"https:\/\/infoguides.jamk.fi\/tiedonkompassi\/kartoita\" target=\"_blank\" rel=\"noopener\"><strong>k\u00e4sitekartta<\/strong> tai <strong>miellekartta<\/strong><\/a>, jota voi my\u00f6s hy\u00f6dynt\u00e4\u00e4 aiheen rajauksessa. Keskeisi\u00e4 k\u00e4sitteit\u00e4 voi verrata sanastoihin, esim. <strong><a href=\"http:\/\/finto.fi\/fi\/\" target=\"_blank\" rel=\"noopener noreferrer\">Finto<\/a><\/strong>-palvelun sis\u00e4lt\u00e4m\u00e4t YSO, TERO tai Mesh. Turun yliopiston kirjaston <a href=\"https:\/\/utuguides.fi\/videot\" target=\"_blank\" rel=\"noreferrer noopener\">tiedonhaun videoista<\/a> voisi olla apua tiedonhaun suunnittelussa ja ohjauksessa. My\u00f6s <a href=\"https:\/\/libguides.tuni.fi\/tiedonhaun-opas\" target=\"_blank\" rel=\"noreferrer noopener\">Tampereen yliopiston kirjaston tiedonhaun opas<\/a> on helposti verkossa saatavilla. <a href=\"https:\/\/openscience.jyu.fi\/fi\/opetus\/perustutkinto-opiskelijat\/opiskelumateriaalit\/kirjastotuutori\" target=\"_blank\" rel=\"noreferrer noopener\">Jyv\u00e4skyl\u00e4n yliopiston Avoimen tiedon keskuksen Kirjastotuutorin<\/a> prosessi avaa tiedonhankintaan liittyvi\u00e4 toimintoja.<\/p>\n\n\n\n<figure class=\"wp-block-image\"><img decoding=\"async\" src=\"https:\/\/help.jamk.fi\/opinnaytetyon-ohjaus\/wp-content\/uploads\/sites\/110\/2023\/09\/miellekartta.png\" alt=\"\" class=\"wp-image-723\"\/><\/figure>\n\n\n\n<p>P\u00e4ivitetty 12.12.2023 Arja Kunnela<\/p>\n","protected":false},"excerpt":{"rendered":"<p>Kaikkiin&nbsp;opinn\u00e4ytet\u00f6ihin kuuluu olennaisena osana&nbsp;mahdollisimman j\u00e4rjestelm\u00e4llinen tiedonhankinta, joka on aiheeltaan tarkasti m\u00e4\u00e4ritelty ja rajattu. Tyypillist\u00e4 tiedonhankinnalle on, ett\u00e4 se tarkentuu opinn\u00e4ytety\u00f6n edetess\u00e4. Uusia mielenkiinnon kohteita&nbsp;nousee ja aihe rajautuu lis\u00e4\u00e4. Tiedonhankinta on luova prosessi, jossa jo l\u00f6ydetyt l\u00e4hteet vaikuttavat sek\u00e4 teht\u00e4v\u00e4n tarkentumiseen ett\u00e4 uusien kiehtovien n\u00e4k\u00f6kulmien ja tiedonl\u00e4hteiden etsint\u00e4\u00e4n ja l\u00f6yt\u00e4miseen. (Raportointiohje luku 2 Tiedonhankinta opinn\u00e4ytety\u00f6h\u00f6n) Kun [&hellip;]<\/p>\n","protected":false},"author":91,"featured_media":0,"parent":0,"menu_order":4,"comment_status":"closed","ping_status":"closed","template":"","meta":{"_acf_changed":false,"_relevanssi_hide_post":"","_relevanssi_hide_content":"","_relevanssi_pin_for_all":"","_relevanssi_pin_keywords":"","_relevanssi_unpin_keywords":"","_relevanssi_related_keywords":"","_relevanssi_related_include_ids":"","_relevanssi_related_exclude_ids":"","_relevanssi_related_no_append":"","_relevanssi_related_not_related":"","_relevanssi_related_posts":"","_relevanssi_noindex_reason":"","footnotes":""},"categories":[1],"tags":[161,29,167,173,179],"class_list":["post-176","page","type-page","status-publish","hentry","category-yleinen","tag-hakustrategia","tag-kasitekartat","tag-miellekartat","tag-systemaattinen-tiedonhaku","tag-tietokannat"],"acf":[],"yoast_head":"<!-- This site is optimized with the Yoast SEO plugin v27.3 - https:\/\/yoast.com\/product\/yoast-seo-wordpress\/ -->\n<title>4 Tiedonhankinta - Thesis Supervisor&#039;s Handbook<\/title>\n<meta name=\"robots\" content=\"index, follow, max-snippet:-1, max-image-preview:large, max-video-preview:-1\" \/>\n<link rel=\"canonical\" href=\"https:\/\/help.jamk.fi\/opinnaytetyon-ohjaus\/fi\/tiedonhankinta\/\" \/>\n<meta property=\"og:locale\" content=\"fi_FI\" \/>\n<meta property=\"og:type\" content=\"article\" \/>\n<meta property=\"og:title\" content=\"4 Tiedonhankinta - Thesis Supervisor&#039;s Handbook\" \/>\n<meta property=\"og:description\" content=\"Kaikkiin&nbsp;opinn\u00e4ytet\u00f6ihin kuuluu olennaisena osana&nbsp;mahdollisimman j\u00e4rjestelm\u00e4llinen tiedonhankinta, joka on aiheeltaan tarkasti m\u00e4\u00e4ritelty ja rajattu. Tyypillist\u00e4 tiedonhankinnalle on, ett\u00e4 se tarkentuu opinn\u00e4ytety\u00f6n edetess\u00e4. Uusia mielenkiinnon kohteita&nbsp;nousee ja aihe rajautuu lis\u00e4\u00e4. Tiedonhankinta on luova prosessi, jossa jo l\u00f6ydetyt l\u00e4hteet vaikuttavat sek\u00e4 teht\u00e4v\u00e4n tarkentumiseen ett\u00e4 uusien kiehtovien n\u00e4k\u00f6kulmien ja tiedonl\u00e4hteiden etsint\u00e4\u00e4n ja l\u00f6yt\u00e4miseen. (Raportointiohje luku 2 Tiedonhankinta opinn\u00e4ytety\u00f6h\u00f6n) Kun [&hellip;]\" \/>\n<meta property=\"og:url\" content=\"https:\/\/help.jamk.fi\/opinnaytetyon-ohjaus\/fi\/tiedonhankinta\/\" \/>\n<meta property=\"og:site_name\" content=\"Thesis Supervisor&#039;s Handbook\" \/>\n<meta property=\"article:modified_time\" content=\"2023-12-21T13:05:32+00:00\" \/>\n<meta property=\"og:image\" content=\"https:\/\/help.jamk.fi\/opinnaytetyon-ohjaus\/wp-content\/uploads\/sites\/110\/2023\/09\/jamk_tiedonhaun_kompassi.png\" \/>\n<meta name=\"twitter:card\" content=\"summary_large_image\" \/>\n<meta name=\"twitter:label1\" content=\"Arvioitu lukuaika\" \/>\n\t<meta name=\"twitter:data1\" content=\"3 minuuttia\" \/>\n<script type=\"application\/ld+json\" class=\"yoast-schema-graph\">{\"@context\":\"https:\\\/\\\/schema.org\",\"@graph\":[{\"@type\":\"WebPage\",\"@id\":\"https:\\\/\\\/help.jamk.fi\\\/opinnaytetyon-ohjaus\\\/fi\\\/tiedonhankinta\\\/\",\"url\":\"https:\\\/\\\/help.jamk.fi\\\/opinnaytetyon-ohjaus\\\/fi\\\/tiedonhankinta\\\/\",\"name\":\"4 Tiedonhankinta - Thesis Supervisor&#039;s Handbook\",\"isPartOf\":{\"@id\":\"https:\\\/\\\/help.jamk.fi\\\/opinnaytetyon-ohjaus\\\/#website\"},\"primaryImageOfPage\":{\"@id\":\"https:\\\/\\\/help.jamk.fi\\\/opinnaytetyon-ohjaus\\\/fi\\\/tiedonhankinta\\\/#primaryimage\"},\"image\":{\"@id\":\"https:\\\/\\\/help.jamk.fi\\\/opinnaytetyon-ohjaus\\\/fi\\\/tiedonhankinta\\\/#primaryimage\"},\"thumbnailUrl\":\"https:\\\/\\\/help.jamk.fi\\\/opinnaytetyon-ohjaus\\\/wp-content\\\/uploads\\\/sites\\\/110\\\/2023\\\/09\\\/jamk_tiedonhaun_kompassi.png\",\"datePublished\":\"2021-10-04T10:20:35+00:00\",\"dateModified\":\"2023-12-21T13:05:32+00:00\",\"breadcrumb\":{\"@id\":\"https:\\\/\\\/help.jamk.fi\\\/opinnaytetyon-ohjaus\\\/fi\\\/tiedonhankinta\\\/#breadcrumb\"},\"inLanguage\":\"fi\",\"potentialAction\":[{\"@type\":\"ReadAction\",\"target\":[\"https:\\\/\\\/help.jamk.fi\\\/opinnaytetyon-ohjaus\\\/fi\\\/tiedonhankinta\\\/\"]}]},{\"@type\":\"ImageObject\",\"inLanguage\":\"fi\",\"@id\":\"https:\\\/\\\/help.jamk.fi\\\/opinnaytetyon-ohjaus\\\/fi\\\/tiedonhankinta\\\/#primaryimage\",\"url\":\"https:\\\/\\\/help.jamk.fi\\\/opinnaytetyon-ohjaus\\\/wp-content\\\/uploads\\\/sites\\\/110\\\/2023\\\/09\\\/jamk_tiedonhaun_kompassi.png\",\"contentUrl\":\"https:\\\/\\\/help.jamk.fi\\\/opinnaytetyon-ohjaus\\\/wp-content\\\/uploads\\\/sites\\\/110\\\/2023\\\/09\\\/jamk_tiedonhaun_kompassi.png\"},{\"@type\":\"BreadcrumbList\",\"@id\":\"https:\\\/\\\/help.jamk.fi\\\/opinnaytetyon-ohjaus\\\/fi\\\/tiedonhankinta\\\/#breadcrumb\",\"itemListElement\":[{\"@type\":\"ListItem\",\"position\":1,\"name\":\"Etusivu\",\"item\":\"https:\\\/\\\/help.jamk.fi\\\/opinnaytetyon-ohjaus\\\/fi\\\/\"},{\"@type\":\"ListItem\",\"position\":2,\"name\":\"4 Tiedonhankinta\"}]},{\"@type\":\"WebSite\",\"@id\":\"https:\\\/\\\/help.jamk.fi\\\/opinnaytetyon-ohjaus\\\/#website\",\"url\":\"https:\\\/\\\/help.jamk.fi\\\/opinnaytetyon-ohjaus\\\/\",\"name\":\"Thesis Supervisor&#039;s Handbook\",\"description\":\"Opinn\u00e4ytety\u00f6n ohjaajan k\u00e4sikirja ja vinkkipankki\",\"potentialAction\":[{\"@type\":\"SearchAction\",\"target\":{\"@type\":\"EntryPoint\",\"urlTemplate\":\"https:\\\/\\\/help.jamk.fi\\\/opinnaytetyon-ohjaus\\\/?s={search_term_string}\"},\"query-input\":{\"@type\":\"PropertyValueSpecification\",\"valueRequired\":true,\"valueName\":\"search_term_string\"}}],\"inLanguage\":\"fi\"}]}<\/script>\n<!-- \/ Yoast SEO plugin. -->","yoast_head_json":{"title":"4 Tiedonhankinta - Thesis Supervisor&#039;s Handbook","robots":{"index":"index","follow":"follow","max-snippet":"max-snippet:-1","max-image-preview":"max-image-preview:large","max-video-preview":"max-video-preview:-1"},"canonical":"https:\/\/help.jamk.fi\/opinnaytetyon-ohjaus\/fi\/tiedonhankinta\/","og_locale":"fi_FI","og_type":"article","og_title":"4 Tiedonhankinta - Thesis Supervisor&#039;s Handbook","og_description":"Kaikkiin&nbsp;opinn\u00e4ytet\u00f6ihin kuuluu olennaisena osana&nbsp;mahdollisimman j\u00e4rjestelm\u00e4llinen tiedonhankinta, joka on aiheeltaan tarkasti m\u00e4\u00e4ritelty ja rajattu. Tyypillist\u00e4 tiedonhankinnalle on, ett\u00e4 se tarkentuu opinn\u00e4ytety\u00f6n edetess\u00e4. Uusia mielenkiinnon kohteita&nbsp;nousee ja aihe rajautuu lis\u00e4\u00e4. Tiedonhankinta on luova prosessi, jossa jo l\u00f6ydetyt l\u00e4hteet vaikuttavat sek\u00e4 teht\u00e4v\u00e4n tarkentumiseen ett\u00e4 uusien kiehtovien n\u00e4k\u00f6kulmien ja tiedonl\u00e4hteiden etsint\u00e4\u00e4n ja l\u00f6yt\u00e4miseen. (Raportointiohje luku 2 Tiedonhankinta opinn\u00e4ytety\u00f6h\u00f6n) Kun [&hellip;]","og_url":"https:\/\/help.jamk.fi\/opinnaytetyon-ohjaus\/fi\/tiedonhankinta\/","og_site_name":"Thesis Supervisor&#039;s Handbook","article_modified_time":"2023-12-21T13:05:32+00:00","og_image":[{"url":"https:\/\/help.jamk.fi\/opinnaytetyon-ohjaus\/wp-content\/uploads\/sites\/110\/2023\/09\/jamk_tiedonhaun_kompassi.png","type":"","width":"","height":""}],"twitter_card":"summary_large_image","twitter_misc":{"Arvioitu lukuaika":"3 minuuttia"},"schema":{"@context":"https:\/\/schema.org","@graph":[{"@type":"WebPage","@id":"https:\/\/help.jamk.fi\/opinnaytetyon-ohjaus\/fi\/tiedonhankinta\/","url":"https:\/\/help.jamk.fi\/opinnaytetyon-ohjaus\/fi\/tiedonhankinta\/","name":"4 Tiedonhankinta - Thesis Supervisor&#039;s Handbook","isPartOf":{"@id":"https:\/\/help.jamk.fi\/opinnaytetyon-ohjaus\/#website"},"primaryImageOfPage":{"@id":"https:\/\/help.jamk.fi\/opinnaytetyon-ohjaus\/fi\/tiedonhankinta\/#primaryimage"},"image":{"@id":"https:\/\/help.jamk.fi\/opinnaytetyon-ohjaus\/fi\/tiedonhankinta\/#primaryimage"},"thumbnailUrl":"https:\/\/help.jamk.fi\/opinnaytetyon-ohjaus\/wp-content\/uploads\/sites\/110\/2023\/09\/jamk_tiedonhaun_kompassi.png","datePublished":"2021-10-04T10:20:35+00:00","dateModified":"2023-12-21T13:05:32+00:00","breadcrumb":{"@id":"https:\/\/help.jamk.fi\/opinnaytetyon-ohjaus\/fi\/tiedonhankinta\/#breadcrumb"},"inLanguage":"fi","potentialAction":[{"@type":"ReadAction","target":["https:\/\/help.jamk.fi\/opinnaytetyon-ohjaus\/fi\/tiedonhankinta\/"]}]},{"@type":"ImageObject","inLanguage":"fi","@id":"https:\/\/help.jamk.fi\/opinnaytetyon-ohjaus\/fi\/tiedonhankinta\/#primaryimage","url":"https:\/\/help.jamk.fi\/opinnaytetyon-ohjaus\/wp-content\/uploads\/sites\/110\/2023\/09\/jamk_tiedonhaun_kompassi.png","contentUrl":"https:\/\/help.jamk.fi\/opinnaytetyon-ohjaus\/wp-content\/uploads\/sites\/110\/2023\/09\/jamk_tiedonhaun_kompassi.png"},{"@type":"BreadcrumbList","@id":"https:\/\/help.jamk.fi\/opinnaytetyon-ohjaus\/fi\/tiedonhankinta\/#breadcrumb","itemListElement":[{"@type":"ListItem","position":1,"name":"Etusivu","item":"https:\/\/help.jamk.fi\/opinnaytetyon-ohjaus\/fi\/"},{"@type":"ListItem","position":2,"name":"4 Tiedonhankinta"}]},{"@type":"WebSite","@id":"https:\/\/help.jamk.fi\/opinnaytetyon-ohjaus\/#website","url":"https:\/\/help.jamk.fi\/opinnaytetyon-ohjaus\/","name":"Thesis Supervisor&#039;s Handbook","description":"Opinn\u00e4ytety\u00f6n ohjaajan k\u00e4sikirja ja vinkkipankki","potentialAction":[{"@type":"SearchAction","target":{"@type":"EntryPoint","urlTemplate":"https:\/\/help.jamk.fi\/opinnaytetyon-ohjaus\/?s={search_term_string}"},"query-input":{"@type":"PropertyValueSpecification","valueRequired":true,"valueName":"search_term_string"}}],"inLanguage":"fi"}]}},"_links":{"self":[{"href":"https:\/\/help.jamk.fi\/opinnaytetyon-ohjaus\/wp-json\/wp\/v2\/pages\/176","targetHints":{"allow":["GET"]}}],"collection":[{"href":"https:\/\/help.jamk.fi\/opinnaytetyon-ohjaus\/wp-json\/wp\/v2\/pages"}],"about":[{"href":"https:\/\/help.jamk.fi\/opinnaytetyon-ohjaus\/wp-json\/wp\/v2\/types\/page"}],"author":[{"embeddable":true,"href":"https:\/\/help.jamk.fi\/opinnaytetyon-ohjaus\/wp-json\/wp\/v2\/users\/91"}],"replies":[{"embeddable":true,"href":"https:\/\/help.jamk.fi\/opinnaytetyon-ohjaus\/wp-json\/wp\/v2\/comments?post=176"}],"version-history":[{"count":13,"href":"https:\/\/help.jamk.fi\/opinnaytetyon-ohjaus\/wp-json\/wp\/v2\/pages\/176\/revisions"}],"predecessor-version":[{"id":1571,"href":"https:\/\/help.jamk.fi\/opinnaytetyon-ohjaus\/wp-json\/wp\/v2\/pages\/176\/revisions\/1571"}],"wp:attachment":[{"href":"https:\/\/help.jamk.fi\/opinnaytetyon-ohjaus\/wp-json\/wp\/v2\/media?parent=176"}],"wp:term":[{"taxonomy":"category","embeddable":true,"href":"https:\/\/help.jamk.fi\/opinnaytetyon-ohjaus\/wp-json\/wp\/v2\/categories?post=176"},{"taxonomy":"post_tag","embeddable":true,"href":"https:\/\/help.jamk.fi\/opinnaytetyon-ohjaus\/wp-json\/wp\/v2\/tags?post=176"}],"curies":[{"name":"wp","href":"https:\/\/api.w.org\/{rel}","templated":true}]}}