{"id":1766,"date":"2025-02-18T16:09:26","date_gmt":"2025-02-18T14:09:26","guid":{"rendered":"https:\/\/help.jamk.fi\/opinnaytetyon-ohjaus\/?page_id=1766"},"modified":"2025-03-10T12:41:09","modified_gmt":"2025-03-10T10:41:09","slug":"9-1-research-based-development-vs-project-work-under-construction","status":"publish","type":"page","link":"https:\/\/help.jamk.fi\/opinnaytetyon-ohjaus\/en\/9-research-based-development-in-theses\/9-1-research-based-development-vs-project-work-under-construction\/","title":{"rendered":"9.1. Research based development vs. project work"},"content":{"rendered":"\n<p><\/p>\n\n\n\n<p>Students work on various projects since the first year of their studies. Project work prepares students for their thesis work, especially in terms of project planning, implementation, and reporting. Many students choose a practical project for their thesis, eg. practice-based thesis, because they have previous experience of a project-type learning assignments. During their studies, projects are often carried out in small groups and the knowledge base in project reports is less detailed than in a thesis.<\/p>\n\n\n\n<h2 class=\"wp-block-heading\">Difference between project work and a &#8217;practice-based thesis&#8217;<\/h2>\n\n\n\n<p><br>The duration of a project is pre-defined with start and end dates. Project work is based on an assignment, which defines the precise objective of the project, i.e. the concrete problem to be solved. The objective is to provide the client with a solution to the given mandate, cf. for example the mandates and solutions of Jamk InnoFlash.<\/p>\n\n\n\n<p>A practice-based thesis is also based on a mandate or commission of a working-life client. It produces outputs\/results and development proposals for the client. In addition, the thesis must meet the Jamk thesis criteria and it must demonstrate the student&#8217;s expertise and university-level competence.<\/p>\n\n\n\n<figure class=\"wp-block-image size-full\"><img loading=\"lazy\" decoding=\"async\" width=\"1018\" height=\"460\" src=\"https:\/\/help.jamk.fi\/opinnaytetyon-ohjaus\/wp-content\/uploads\/sites\/110\/2025\/02\/developmental_research_lukuun-91.jpg\" alt=\"\" class=\"wp-image-1767\" srcset=\"https:\/\/help.jamk.fi\/opinnaytetyon-ohjaus\/wp-content\/uploads\/sites\/110\/2025\/02\/developmental_research_lukuun-91.jpg 1018w, https:\/\/help.jamk.fi\/opinnaytetyon-ohjaus\/wp-content\/uploads\/sites\/110\/2025\/02\/developmental_research_lukuun-91-300x136.jpg 300w, https:\/\/help.jamk.fi\/opinnaytetyon-ohjaus\/wp-content\/uploads\/sites\/110\/2025\/02\/developmental_research_lukuun-91-768x347.jpg 768w\" sizes=\"auto, (max-width: 1018px) 100vw, 1018px\" \/><\/figure>\n\n\n\n<p><em>Figure 1: The intersection of research and development in theses (adapted and translated from Roikko &amp; Rantanen 2009.)<\/em><\/p>\n\n\n\n<p><br>In a Bachelor&#8217;s thesis, a student demonstrates their ability to produce a thesis in their professional field that <strong>develops themself, the work community and the field. <\/strong>They demonstrate mastery of <strong>critical, research-based working methods and the ability to work independently.<\/strong> They present <strong>goal-orientedness<\/strong> when carrying out specific research or development project in working life. The student<strong> demonstrates the ability to communicate orally and in writing<\/strong> the research or development project <strong>results and their potential<\/strong> for different stakeholders.<\/p>\n\n\n\n<p>According to the thesis definition, the practice-based thesis must reflect the student&#8217;s independent work, developmental, critical and research-based approach. Also practice-based thesis can be classified as a research or development project. In addition, the thesis is a presentation of the student&#8217;s communication skills.<\/p>\n\n\n\n<p>Master&#8217;s degree students demonstrate their ability to <strong>apply research knowledge and use selected methods to analyse and solve problems<\/strong> in their thesis as a working-life development project. They demonstrate the<strong> ability to work independently and in a demanding professional task<\/strong>.<\/p>\n\n\n\n<p>Master&#8217;s thesis emphasise the application of evidence-based knowledge and the reasoned and independent use of the chosen methods. The Master&#8217;s thesis demonstrates the student&#8217;s ability to carry out demanding expert work as a developer of working life.<\/p>\n\n\n\n<p>The differences between a project report and a thesis can be examined by comparing the basic structures of the reports. A project report is often a short and concise report of why and how the project was carried out and what the results of the project were and how they can be used. Project reports also include financial and publication reports. <\/p>\n\n\n\n<p>Theis reports are more comprehensive and include the theoretical background (knowledge base ie. literature review), methodological descriptions and reasonings, descriptions of data collection and analysis, description of the results or output, and a discussion. The discussion examines the results or output in relation to the knowledge base and the objectives of the thesis. In addition, the discussion of a thesis includes an examination of the reliability and ethics.<\/p>\n\n\n\n<figure class=\"wp-block-image size-large\"><img loading=\"lazy\" decoding=\"async\" width=\"1024\" height=\"556\" src=\"https:\/\/help.jamk.fi\/opinnaytetyon-ohjaus\/wp-content\/uploads\/sites\/110\/2025\/03\/thesis_vs_project-report-1024x556.png\" alt=\"thesis and project report structures\" class=\"wp-image-1789\" srcset=\"https:\/\/help.jamk.fi\/opinnaytetyon-ohjaus\/wp-content\/uploads\/sites\/110\/2025\/03\/thesis_vs_project-report-1024x556.png 1024w, https:\/\/help.jamk.fi\/opinnaytetyon-ohjaus\/wp-content\/uploads\/sites\/110\/2025\/03\/thesis_vs_project-report-300x163.png 300w, https:\/\/help.jamk.fi\/opinnaytetyon-ohjaus\/wp-content\/uploads\/sites\/110\/2025\/03\/thesis_vs_project-report-768x417.png 768w, https:\/\/help.jamk.fi\/opinnaytetyon-ohjaus\/wp-content\/uploads\/sites\/110\/2025\/03\/thesis_vs_project-report.png 1057w\" sizes=\"auto, (max-width: 1024px) 100vw, 1024px\" \/><\/figure>\n\n\n\n<p><em>Figure 2: Comparison of the structure of the project report and the different types of thesis<\/em><\/p>\n\n\n\n<p><\/p>\n\n\n\n<h2 class=\"wp-block-heading\">Literature<\/h2>\n\n\n\n<p>Kananen, J. 2015. Kehitt\u00e4mistutkimuksen k\u00e4yt\u00e4nn\u00f6n opas: Miten kirjoitan kehitt\u00e4mistutkimuksen vaihe vaiheelta.<\/p>\n\n\n\n<p>Kehitt\u00e4mistutkimus opetusalalla. 2013. Toim. J. Pernaa. Jyvaskyla: PS-kustannus.<\/p>\n\n\n\n<p>Ojasalo, K.,&nbsp;Moilanen, T. &amp;&nbsp;Ritalahti, J. 2014. Kehitt\u00e4misty\u00f6n menetelm\u00e4t&nbsp;: uudenlaista osaamista liiketoimintaan. Helsinki: SanomaPro. 3 uud. p.<\/p>\n\n\n\n<p>Silfverberg, P. 2007. Ideasta projektiksi: projektity\u00f6n k\u00e4sikirja. Helsinki: Edita Publishing Oy.<\/p>\n\n\n\n<p>Toikko, T. &amp; Rantanen, T. 2009. Tutkimuksellinen kehitt\u00e4mistoiminta. Tampere: Tampereen yliopistopaino Oy.<\/p>\n","protected":false},"excerpt":{"rendered":"<p>Students work on various projects since the first year of their studies. Project work prepares students for their thesis work, especially in terms of project planning, implementation, and reporting. Many students choose a practical project for their thesis, eg. practice-based thesis, because they have previous experience of a project-type learning assignments. During their studies, projects [&hellip;]<\/p>\n","protected":false},"author":471,"featured_media":0,"parent":1760,"menu_order":1,"comment_status":"closed","ping_status":"closed","template":"","meta":{"_acf_changed":false,"_relevanssi_hide_post":"","_relevanssi_hide_content":"","_relevanssi_pin_for_all":"","_relevanssi_pin_keywords":"","_relevanssi_unpin_keywords":"","_relevanssi_related_keywords":"","_relevanssi_related_include_ids":"","_relevanssi_related_exclude_ids":"","_relevanssi_related_no_append":"","_relevanssi_related_not_related":"","_relevanssi_related_posts":"","_relevanssi_noindex_reason":"","footnotes":""},"categories":[16],"tags":[],"class_list":["post-1766","page","type-page","status-publish","hentry","category-uncategorized-en"],"acf":[],"yoast_head":"<!-- This site is optimized with the Yoast SEO plugin v27.4 - https:\/\/yoast.com\/product\/yoast-seo-wordpress\/ -->\n<title>9.1. Research based development vs. project work - Thesis Supervisor&#039;s Handbook<\/title>\n<meta name=\"robots\" content=\"index, follow, max-snippet:-1, max-image-preview:large, max-video-preview:-1\" \/>\n<link rel=\"canonical\" href=\"https:\/\/help.jamk.fi\/opinnaytetyon-ohjaus\/en\/9-research-based-development-in-theses\/9-1-research-based-development-vs-project-work-under-construction\/\" \/>\n<meta property=\"og:locale\" content=\"fi_FI\" \/>\n<meta property=\"og:type\" content=\"article\" \/>\n<meta property=\"og:title\" content=\"9.1. Research based development vs. project work - Thesis Supervisor&#039;s Handbook\" \/>\n<meta property=\"og:description\" content=\"Students work on various projects since the first year of their studies. Project work prepares students for their thesis work, especially in terms of project planning, implementation, and reporting. Many students choose a practical project for their thesis, eg. practice-based thesis, because they have previous experience of a project-type learning assignments. During their studies, projects [&hellip;]\" \/>\n<meta property=\"og:url\" content=\"https:\/\/help.jamk.fi\/opinnaytetyon-ohjaus\/en\/9-research-based-development-in-theses\/9-1-research-based-development-vs-project-work-under-construction\/\" \/>\n<meta property=\"og:site_name\" content=\"Thesis Supervisor&#039;s Handbook\" \/>\n<meta property=\"article:modified_time\" content=\"2025-03-10T10:41:09+00:00\" \/>\n<meta property=\"og:image\" content=\"https:\/\/help.jamk.fi\/opinnaytetyon-ohjaus\/wp-content\/uploads\/sites\/110\/2025\/02\/developmental_research_lukuun-91.jpg\" \/>\n\t<meta property=\"og:image:width\" content=\"1018\" \/>\n\t<meta property=\"og:image:height\" content=\"460\" \/>\n\t<meta property=\"og:image:type\" content=\"image\/jpeg\" \/>\n<meta name=\"twitter:card\" content=\"summary_large_image\" \/>\n<meta name=\"twitter:label1\" content=\"Arvioitu lukuaika\" \/>\n\t<meta name=\"twitter:data1\" content=\"5 minuuttia\" \/>\n<script type=\"application\/ld+json\" class=\"yoast-schema-graph\">{\"@context\":\"https:\\\/\\\/schema.org\",\"@graph\":[{\"@type\":\"WebPage\",\"@id\":\"https:\\\/\\\/help.jamk.fi\\\/opinnaytetyon-ohjaus\\\/en\\\/9-research-based-development-in-theses\\\/9-1-research-based-development-vs-project-work-under-construction\\\/\",\"url\":\"https:\\\/\\\/help.jamk.fi\\\/opinnaytetyon-ohjaus\\\/en\\\/9-research-based-development-in-theses\\\/9-1-research-based-development-vs-project-work-under-construction\\\/\",\"name\":\"9.1. Research based development vs. project work - Thesis Supervisor&#039;s Handbook\",\"isPartOf\":{\"@id\":\"https:\\\/\\\/help.jamk.fi\\\/opinnaytetyon-ohjaus\\\/#website\"},\"primaryImageOfPage\":{\"@id\":\"https:\\\/\\\/help.jamk.fi\\\/opinnaytetyon-ohjaus\\\/en\\\/9-research-based-development-in-theses\\\/9-1-research-based-development-vs-project-work-under-construction\\\/#primaryimage\"},\"image\":{\"@id\":\"https:\\\/\\\/help.jamk.fi\\\/opinnaytetyon-ohjaus\\\/en\\\/9-research-based-development-in-theses\\\/9-1-research-based-development-vs-project-work-under-construction\\\/#primaryimage\"},\"thumbnailUrl\":\"https:\\\/\\\/help.jamk.fi\\\/opinnaytetyon-ohjaus\\\/wp-content\\\/uploads\\\/sites\\\/110\\\/2025\\\/02\\\/developmental_research_lukuun-91.jpg\",\"datePublished\":\"2025-02-18T14:09:26+00:00\",\"dateModified\":\"2025-03-10T10:41:09+00:00\",\"breadcrumb\":{\"@id\":\"https:\\\/\\\/help.jamk.fi\\\/opinnaytetyon-ohjaus\\\/en\\\/9-research-based-development-in-theses\\\/9-1-research-based-development-vs-project-work-under-construction\\\/#breadcrumb\"},\"inLanguage\":\"fi\",\"potentialAction\":[{\"@type\":\"ReadAction\",\"target\":[\"https:\\\/\\\/help.jamk.fi\\\/opinnaytetyon-ohjaus\\\/en\\\/9-research-based-development-in-theses\\\/9-1-research-based-development-vs-project-work-under-construction\\\/\"]}]},{\"@type\":\"ImageObject\",\"inLanguage\":\"fi\",\"@id\":\"https:\\\/\\\/help.jamk.fi\\\/opinnaytetyon-ohjaus\\\/en\\\/9-research-based-development-in-theses\\\/9-1-research-based-development-vs-project-work-under-construction\\\/#primaryimage\",\"url\":\"https:\\\/\\\/help.jamk.fi\\\/opinnaytetyon-ohjaus\\\/wp-content\\\/uploads\\\/sites\\\/110\\\/2025\\\/02\\\/developmental_research_lukuun-91.jpg\",\"contentUrl\":\"https:\\\/\\\/help.jamk.fi\\\/opinnaytetyon-ohjaus\\\/wp-content\\\/uploads\\\/sites\\\/110\\\/2025\\\/02\\\/developmental_research_lukuun-91.jpg\",\"width\":1018,\"height\":460},{\"@type\":\"BreadcrumbList\",\"@id\":\"https:\\\/\\\/help.jamk.fi\\\/opinnaytetyon-ohjaus\\\/en\\\/9-research-based-development-in-theses\\\/9-1-research-based-development-vs-project-work-under-construction\\\/#breadcrumb\",\"itemListElement\":[{\"@type\":\"ListItem\",\"position\":1,\"name\":\"Etusivu\",\"item\":\"https:\\\/\\\/help.jamk.fi\\\/opinnaytetyon-ohjaus\\\/fi\\\/\"},{\"@type\":\"ListItem\",\"position\":2,\"name\":\"9 Research based development in theses\",\"item\":\"https:\\\/\\\/help.jamk.fi\\\/opinnaytetyon-ohjaus\\\/en\\\/9-research-based-development-in-theses\\\/\"},{\"@type\":\"ListItem\",\"position\":3,\"name\":\"9.1. Research based development vs. project work\"}]},{\"@type\":\"WebSite\",\"@id\":\"https:\\\/\\\/help.jamk.fi\\\/opinnaytetyon-ohjaus\\\/#website\",\"url\":\"https:\\\/\\\/help.jamk.fi\\\/opinnaytetyon-ohjaus\\\/\",\"name\":\"Thesis Supervisor&#039;s Handbook\",\"description\":\"Opinn\u00e4ytety\u00f6n ohjaajan k\u00e4sikirja ja vinkkipankki\",\"potentialAction\":[{\"@type\":\"SearchAction\",\"target\":{\"@type\":\"EntryPoint\",\"urlTemplate\":\"https:\\\/\\\/help.jamk.fi\\\/opinnaytetyon-ohjaus\\\/?s={search_term_string}\"},\"query-input\":{\"@type\":\"PropertyValueSpecification\",\"valueRequired\":true,\"valueName\":\"search_term_string\"}}],\"inLanguage\":\"fi\"}]}<\/script>\n<!-- \/ Yoast SEO plugin. -->","yoast_head_json":{"title":"9.1. Research based development vs. project work - Thesis Supervisor&#039;s Handbook","robots":{"index":"index","follow":"follow","max-snippet":"max-snippet:-1","max-image-preview":"max-image-preview:large","max-video-preview":"max-video-preview:-1"},"canonical":"https:\/\/help.jamk.fi\/opinnaytetyon-ohjaus\/en\/9-research-based-development-in-theses\/9-1-research-based-development-vs-project-work-under-construction\/","og_locale":"fi_FI","og_type":"article","og_title":"9.1. Research based development vs. project work - Thesis Supervisor&#039;s Handbook","og_description":"Students work on various projects since the first year of their studies. Project work prepares students for their thesis work, especially in terms of project planning, implementation, and reporting. Many students choose a practical project for their thesis, eg. practice-based thesis, because they have previous experience of a project-type learning assignments. During their studies, projects [&hellip;]","og_url":"https:\/\/help.jamk.fi\/opinnaytetyon-ohjaus\/en\/9-research-based-development-in-theses\/9-1-research-based-development-vs-project-work-under-construction\/","og_site_name":"Thesis Supervisor&#039;s Handbook","article_modified_time":"2025-03-10T10:41:09+00:00","og_image":[{"width":1018,"height":460,"url":"https:\/\/help.jamk.fi\/opinnaytetyon-ohjaus\/wp-content\/uploads\/sites\/110\/2025\/02\/developmental_research_lukuun-91.jpg","type":"image\/jpeg"}],"twitter_card":"summary_large_image","twitter_misc":{"Arvioitu lukuaika":"5 minuuttia"},"schema":{"@context":"https:\/\/schema.org","@graph":[{"@type":"WebPage","@id":"https:\/\/help.jamk.fi\/opinnaytetyon-ohjaus\/en\/9-research-based-development-in-theses\/9-1-research-based-development-vs-project-work-under-construction\/","url":"https:\/\/help.jamk.fi\/opinnaytetyon-ohjaus\/en\/9-research-based-development-in-theses\/9-1-research-based-development-vs-project-work-under-construction\/","name":"9.1. Research based development vs. project work - Thesis Supervisor&#039;s Handbook","isPartOf":{"@id":"https:\/\/help.jamk.fi\/opinnaytetyon-ohjaus\/#website"},"primaryImageOfPage":{"@id":"https:\/\/help.jamk.fi\/opinnaytetyon-ohjaus\/en\/9-research-based-development-in-theses\/9-1-research-based-development-vs-project-work-under-construction\/#primaryimage"},"image":{"@id":"https:\/\/help.jamk.fi\/opinnaytetyon-ohjaus\/en\/9-research-based-development-in-theses\/9-1-research-based-development-vs-project-work-under-construction\/#primaryimage"},"thumbnailUrl":"https:\/\/help.jamk.fi\/opinnaytetyon-ohjaus\/wp-content\/uploads\/sites\/110\/2025\/02\/developmental_research_lukuun-91.jpg","datePublished":"2025-02-18T14:09:26+00:00","dateModified":"2025-03-10T10:41:09+00:00","breadcrumb":{"@id":"https:\/\/help.jamk.fi\/opinnaytetyon-ohjaus\/en\/9-research-based-development-in-theses\/9-1-research-based-development-vs-project-work-under-construction\/#breadcrumb"},"inLanguage":"fi","potentialAction":[{"@type":"ReadAction","target":["https:\/\/help.jamk.fi\/opinnaytetyon-ohjaus\/en\/9-research-based-development-in-theses\/9-1-research-based-development-vs-project-work-under-construction\/"]}]},{"@type":"ImageObject","inLanguage":"fi","@id":"https:\/\/help.jamk.fi\/opinnaytetyon-ohjaus\/en\/9-research-based-development-in-theses\/9-1-research-based-development-vs-project-work-under-construction\/#primaryimage","url":"https:\/\/help.jamk.fi\/opinnaytetyon-ohjaus\/wp-content\/uploads\/sites\/110\/2025\/02\/developmental_research_lukuun-91.jpg","contentUrl":"https:\/\/help.jamk.fi\/opinnaytetyon-ohjaus\/wp-content\/uploads\/sites\/110\/2025\/02\/developmental_research_lukuun-91.jpg","width":1018,"height":460},{"@type":"BreadcrumbList","@id":"https:\/\/help.jamk.fi\/opinnaytetyon-ohjaus\/en\/9-research-based-development-in-theses\/9-1-research-based-development-vs-project-work-under-construction\/#breadcrumb","itemListElement":[{"@type":"ListItem","position":1,"name":"Etusivu","item":"https:\/\/help.jamk.fi\/opinnaytetyon-ohjaus\/fi\/"},{"@type":"ListItem","position":2,"name":"9 Research based development in theses","item":"https:\/\/help.jamk.fi\/opinnaytetyon-ohjaus\/en\/9-research-based-development-in-theses\/"},{"@type":"ListItem","position":3,"name":"9.1. Research based development vs. project work"}]},{"@type":"WebSite","@id":"https:\/\/help.jamk.fi\/opinnaytetyon-ohjaus\/#website","url":"https:\/\/help.jamk.fi\/opinnaytetyon-ohjaus\/","name":"Thesis Supervisor&#039;s Handbook","description":"Opinn\u00e4ytety\u00f6n ohjaajan k\u00e4sikirja ja vinkkipankki","potentialAction":[{"@type":"SearchAction","target":{"@type":"EntryPoint","urlTemplate":"https:\/\/help.jamk.fi\/opinnaytetyon-ohjaus\/?s={search_term_string}"},"query-input":{"@type":"PropertyValueSpecification","valueRequired":true,"valueName":"search_term_string"}}],"inLanguage":"fi"}]}},"_links":{"self":[{"href":"https:\/\/help.jamk.fi\/opinnaytetyon-ohjaus\/wp-json\/wp\/v2\/pages\/1766","targetHints":{"allow":["GET"]}}],"collection":[{"href":"https:\/\/help.jamk.fi\/opinnaytetyon-ohjaus\/wp-json\/wp\/v2\/pages"}],"about":[{"href":"https:\/\/help.jamk.fi\/opinnaytetyon-ohjaus\/wp-json\/wp\/v2\/types\/page"}],"author":[{"embeddable":true,"href":"https:\/\/help.jamk.fi\/opinnaytetyon-ohjaus\/wp-json\/wp\/v2\/users\/471"}],"replies":[{"embeddable":true,"href":"https:\/\/help.jamk.fi\/opinnaytetyon-ohjaus\/wp-json\/wp\/v2\/comments?post=1766"}],"version-history":[{"count":3,"href":"https:\/\/help.jamk.fi\/opinnaytetyon-ohjaus\/wp-json\/wp\/v2\/pages\/1766\/revisions"}],"predecessor-version":[{"id":1791,"href":"https:\/\/help.jamk.fi\/opinnaytetyon-ohjaus\/wp-json\/wp\/v2\/pages\/1766\/revisions\/1791"}],"up":[{"embeddable":true,"href":"https:\/\/help.jamk.fi\/opinnaytetyon-ohjaus\/wp-json\/wp\/v2\/pages\/1760"}],"wp:attachment":[{"href":"https:\/\/help.jamk.fi\/opinnaytetyon-ohjaus\/wp-json\/wp\/v2\/media?parent=1766"}],"wp:term":[{"taxonomy":"category","embeddable":true,"href":"https:\/\/help.jamk.fi\/opinnaytetyon-ohjaus\/wp-json\/wp\/v2\/categories?post=1766"},{"taxonomy":"post_tag","embeddable":true,"href":"https:\/\/help.jamk.fi\/opinnaytetyon-ohjaus\/wp-json\/wp\/v2\/tags?post=1766"}],"curies":[{"name":"wp","href":"https:\/\/api.w.org\/{rel}","templated":true}]}}