{"id":1853,"date":"2025-08-06T13:36:42","date_gmt":"2025-08-06T10:36:42","guid":{"rendered":"https:\/\/help.jamk.fi\/opinnaytetyon-ohjaus\/?page_id=1853"},"modified":"2025-09-11T08:58:32","modified_gmt":"2025-09-11T05:58:32","slug":"pariopinnaytetyon-ohjaaminen","status":"publish","type":"page","link":"https:\/\/help.jamk.fi\/opinnaytetyon-ohjaus\/fi\/opinnaytetyon-ohjaaminen\/pariopinnaytetyon-ohjaaminen\/","title":{"rendered":"Pariopinn\u00e4ytety\u00f6n ohjaaminen"},"content":{"rendered":"\n<p>T\u00e4lle sivulle on koottu vinkkej\u00e4 opinn\u00e4ytety\u00f6n ohjaamiseen silloin, kun opiskelijat tekev\u00e4t ty\u00f6t\u00e4\u00e4n yhdess\u00e4, parina. Osa asioista on teknisi\u00e4 vinkkej\u00e4 ja osa on ennemmin ohjausk\u00e4yt\u00e4nteisiin liittyvi\u00e4 asioita. Sivun lopusta l\u00f6yd\u00e4t my\u00f6s muutamia ongelmatilanteita ja niiden ratkaisuja.<\/p>\n\n\n\n<p>Parin kanssa tekeminen voi auttaa opiskelijoita pysym\u00e4\u00e4n aikataulussa ja ylip\u00e4\u00e4t\u00e4\u00e4n saada ty\u00f6t\u00e4\u00e4n eteenp\u00e4in. Heid\u00e4n on j\u00e4rkev\u00e4\u00e4 sopia <strong>arvosanatavoitteesta <\/strong>etuk\u00e4teen, jottei asiasta synny turhaa skismaa ty\u00f6n loppuvaiheessa. <\/p>\n\n\n\n<p>Joskus parity\u00f6n opiskelijat ovat olleet eri tutkinto-ohjelmista. T\u00e4ll\u00f6in opiskelijoiden pit\u00e4\u00e4 sopia asiasta erikseen p\u00e4\u00e4ohjaajan kanssa, jotta h\u00e4n voi varmistaa molempien tutkintojen osaamistavoitteiden t\u00e4yttymisen. 2-tarkastajan pit\u00e4\u00e4 tulla toisesta tutkinto-ohjelmasta, jolloin h\u00e4n voi tuoda osaamisensa opiskelijoiden ja p\u00e4\u00e4ohjaajan k\u00e4ytt\u00f6\u00f6n.<\/p>\n\n\n\n<p><\/p>\n\n\n\n<h2 class=\"wp-block-heading\">Aiheen hyv\u00e4ksyminen ja ohjaajan nime\u00e4minen<\/h2>\n\n\n\n<p>Kun kyseess\u00e4 on parity\u00f6, niin vain toinen opiskelija tekee aihe-ehdotuksen Wihiin. H\u00e4n kutsuu parinsa mukaan samaan projektiin Wihi-lomakkeen kohdassa &#8221;pienryhm\u00e4n j\u00e4senet&#8221;. Parin on hyv\u00e4ksytt\u00e4v\u00e4 kutsu omilla tunnuksillaan Wihiss\u00e4. Vasta sitten koordinaattori voi hyv\u00e4ksy\u00e4 aiheen Wihiss\u00e4 ja nimet\u00e4 ohjaajan.<\/p>\n\n\n\n<h2 class=\"wp-block-heading\">Ohjaustapaamiset ja ty\u00f6njako<\/h2>\n\n\n\n<p>Parity\u00f6ss\u00e4 molempien opiskelijoiden on n\u00e4ytett\u00e4v\u00e4 osaamisensa koko opinn\u00e4ytety\u00f6n laajuudelta. Kumpikin siis osallistuu ty\u00f6n kaikkiin vaiheisiin (suunnittelu, k\u00e4yt\u00e4nn\u00f6n toteutus, kirjoittaminen, viimeistely, esitt\u00e4minen, jne).  T\u00e4m\u00e4 ei aina ole opiskelijoille itsest\u00e4\u00e4nselv\u00e4\u00e4, joten ohjaajan tulee viesti\u00e4 t\u00e4m\u00e4 opiskelijoille ty\u00f6n alkuvaiheessa. Molemmat opiskelijat osallistuvat ohjaustapaamisiin tasavertaisina. <\/p>\n\n\n\n<p>Opiskelijoiden tulee my\u00f6s ymm\u00e4rt\u00e4\u00e4, ett\u00e4 opinn\u00e4ytety\u00f6projekti on heille yhteinen koko opinn\u00e4ytety\u00f6n ajalta, riippumatta siit\u00e4 milloin he aikovat valmistua. <strong>Molempien on siis esimerkiksi suoritettava kypsyysn\u00e4yte <\/strong>(tai haettava vapautusta), ennen kuin kumpikaan voi saada opinn\u00e4ytety\u00f6st\u00e4 arvosanan. <\/p>\n\n\n\n<p><strong>Parity\u00f6n tulee olla laajempi kuin yksin toteutetun opinn\u00e4ytety\u00f6n.<\/strong> Ty\u00f6n laajuus voi ilmet\u00e4 esimerkiksi:<\/p>\n\n\n\n<ul class=\"wp-block-list\">\n<li>Ty\u00f6n laajempi rajaus (Enemm\u00e4n tutkimuskysymyksi\u00e4 \/ kehitt\u00e4misteht\u00e4vi\u00e4)<\/li>\n\n\n\n<li>Laajempi tai syvemm\u00e4lle menev\u00e4 tietoperusta<\/li>\n\n\n\n<li>Suurempi empiirinen aineisto <\/li>\n\n\n\n<li>Syvemm\u00e4lle menev\u00e4 aineiston analyysi<\/li>\n<\/ul>\n\n\n\n<p>Opinn\u00e4ytety\u00f6suunnitelmassa opiskelijoiden on kuvattava, miten ty\u00f6st\u00e4 riitt\u00e4\u00e4 tarpeeksi tekemist\u00e4 kummallekin opiskelijalle (noin 400h\/opiskelija). Varsinaiseen opinn\u00e4ytety\u00f6raporttiin on my\u00f6s j\u00e4rkev\u00e4\u00e4 kuvata kummankin opiskelijan oman ty\u00f6n osuus. Se voi olla esimerkiksi Eettinen pohdinta -kohdassa, sill\u00e4 parity\u00f6ss\u00e4 siipeily voidaan katsoa vilpiksi.<\/p>\n\n\n\n<h2 class=\"wp-block-heading\">Kirjoittamisen opintojakso<\/h2>\n\n\n\n<p>Parity\u00f6ss\u00e4 kumpikin opiskelija ilmoittautuu kirjoittamisen opintojaksolle ja suorittaa sen itsen\u00e4isesti.  T\u00e4t\u00e4 varten opiskelijoiden kannattaa jakaa tietoperusta esimerkiksi aiheen mukaisiin p\u00e4\u00e4lukuihin, jolloin kumpikin voi keskitty\u00e4 omaan p\u00e4\u00e4lukuunsa. <\/p>\n\n\n\n<h2 class=\"wp-block-heading\">Kypsyysn\u00e4yte<\/h2>\n\n\n\n<p>Kumpikin opiskelija ilmoittautuu kypsyysn\u00e4ytteeseen ja suorittaa sen itsen\u00e4isesti. Kypsyysn\u00e4ytteet arvioidaan erikseen. Arviointilausuntoon merkit\u00e4\u00e4n suoritusp\u00e4iv\u00e4ksi se p\u00e4iv\u00e4, jolloin j\u00e4lkimm\u00e4inen kypsyysn\u00e4yte on suoritettu.<\/p>\n\n\n\n<p><strong>Molempien opiskelijoiden kypsyysn\u00e4ytteet on oltava hyv\u00e4ksytty <\/strong>(tai vapautushakemus on hyv\u00e4ksytty), <strong>ennen kuin ohjaaja voi hyv\u00e4ksy\u00e4 arviointilausuntoa.<\/strong><\/p>\n\n\n\n<p><\/p>\n\n\n\n<h2 class=\"wp-block-heading\">Ty\u00f6n arviointi<\/h2>\n\n\n\n<p>Parity\u00f6n\u00e4 tehty opinn\u00e4ytety\u00f6 arvioidaan samoilla arviointikriteereill\u00e4, kuitenkin huomioiden ty\u00f6n laajuus (kts. yll\u00e4). Ty\u00f6st\u00e4 syntyy yksi yhteinen arviointilausunto.<\/p>\n\n\n\n<h2 class=\"wp-block-heading\">Itsearviointi<\/h2>\n\n\n\n<p>Kumpikin opiskelija kirjoittaa oman henkil\u00f6kohtaisen itsearviointinsa. Opiskelijat yhdist\u00e4v\u00e4t omat arviointinsa per\u00e4kk\u00e4in samaan pdf-tiedostoon ja palauttavat sen Wihiin. Tiedostonimess\u00e4 tulee olla molempien nimet (<a href=\"https:\/\/help.jamk.fi\/opinnaytetyo\/fi\/valmis-arvioitavaksi\/\">kts. nime\u00e4misohjeet opiskelijan ohjesivulla)<\/a>.<\/p>\n\n\n\n<p><\/p>\n\n\n\n<h2 class=\"wp-block-heading\">Ongelmatilanteita ja vinkkej\u00e4<\/h2>\n\n\n\n<ul class=\"wp-block-list\">\n<li><strong>En p\u00e4\u00e4se nime\u00e4m\u00e4\u00e4n ohjaajaa opinn\u00e4ytety\u00f6lle,<\/strong> Wihiss\u00e4 n\u00e4kyy punainen huutomerkki.\n<ul class=\"wp-block-list\">\n<li>Parity\u00f6n toinen opiskelija ei viel\u00e4 ole hyv\u00e4ksynyt aihetta omaksi opinn\u00e4ytety\u00f6kseen. Koordinaattori voi nimet\u00e4 ohjaajan ja hyv\u00e4ksy\u00e4 aiheen vasta sitten, kun pariksi kutsuttu opiskelija on omilla tunnuksillaan hyv\u00e4ksynyt aiheen.<\/li>\n<\/ul>\n<\/li>\n\n\n\n<li><strong>Toinen parista j\u00e4tti ty\u00f6n kesken<\/strong> ja toinen tekee yksin ty\u00f6n loppuun. Mit\u00e4s nyt?\n<ul class=\"wp-block-list\">\n<li>Pyyd\u00e4 Wihi-.koordinaattoria poistamaan keskeytt\u00e4nyt opiskelija projektilta. <\/li>\n<\/ul>\n<\/li>\n\n\n\n<li><strong>Opiskelija aloitti opinn\u00e4ytety\u00f6n yksin<\/strong>, mutta haluaa jatkaa sit\u00e4 parin kanssa.\n<ul class=\"wp-block-list\">\n<li>Varmista, ett\u00e4 ty\u00f6m\u00e4\u00e4r\u00e4 on kuitenkin molemmille opiskelijoille yht\u00e4 suuri, kun toinen heist\u00e4 tulee mukaan jo aloitettuun projektiin<\/li>\n\n\n\n<li>Pyyd\u00e4 Wihi-koordinaattoria lis\u00e4\u00e4m\u00e4\u00e4n uusi opiskelija projektille.<\/li>\n<\/ul>\n<\/li>\n\n\n\n<li><strong>Toinen opiskelija ei p\u00e4\u00e4se kypsyysn\u00e4ytteest\u00e4 l\u00e4pi<\/strong> (esim. lukivaikeuden takia)\n<ul class=\"wp-block-list\">\n<li>Kielikeskus huolehtii kypsyysn\u00e4ytteiden kielentarkastuksesta. Yleens\u00e4 lukivaikeus on hidaste, muttei este.<\/li>\n\n\n\n<li>Valmistuminen voi viiv\u00e4sty\u00e4, sill\u00e4 Wihiss\u00e4 arviointilausuntoa ei voi hyv\u00e4ksy\u00e4, ennen kuin kummankin opiskelijan kypsyysn\u00e4yte on hyv\u00e4ksytty.<\/li>\n<\/ul>\n<\/li>\n\n\n\n<li><strong>Miten arkistoin kaksi itsearviointia?<\/strong>\n<ul class=\"wp-block-list\">\n<li>Wihiin voi arkistoida vain yhden itsearviointitiedoston. Pyyd\u00e4 siis opiskelijoitasi yhdist\u00e4m\u00e4\u00e4n itsearviointinsa per\u00e4kk\u00e4in yhteen tiedostoon. Tiedoston nime\u00e4misk\u00e4yt\u00e4nne on opiskelijan ohjeissa kohdassa 8 Opinn\u00e4ytety\u00f6 valmis arvioitavaksi.<\/li>\n<\/ul>\n<\/li>\n<\/ul>\n\n\n\n<p><\/p>\n","protected":false},"excerpt":{"rendered":"<p>T\u00e4lle sivulle on koottu vinkkej\u00e4 opinn\u00e4ytety\u00f6n ohjaamiseen silloin, kun opiskelijat tekev\u00e4t ty\u00f6t\u00e4\u00e4n yhdess\u00e4, parina. Osa asioista on teknisi\u00e4 vinkkej\u00e4 ja osa on ennemmin ohjausk\u00e4yt\u00e4nteisiin liittyvi\u00e4 asioita. Sivun lopusta l\u00f6yd\u00e4t my\u00f6s muutamia ongelmatilanteita ja niiden ratkaisuja. Parin kanssa tekeminen voi auttaa opiskelijoita pysym\u00e4\u00e4n aikataulussa ja ylip\u00e4\u00e4t\u00e4\u00e4n saada ty\u00f6t\u00e4\u00e4n eteenp\u00e4in. Heid\u00e4n on j\u00e4rkev\u00e4\u00e4 sopia arvosanatavoitteesta etuk\u00e4teen, jottei [&hellip;]<\/p>\n","protected":false},"author":471,"featured_media":0,"parent":77,"menu_order":6,"comment_status":"closed","ping_status":"closed","template":"","meta":{"_acf_changed":false,"_relevanssi_hide_post":"","_relevanssi_hide_content":"","_relevanssi_pin_for_all":"","_relevanssi_pin_keywords":"","_relevanssi_unpin_keywords":"","_relevanssi_related_keywords":"","_relevanssi_related_include_ids":"","_relevanssi_related_exclude_ids":"","_relevanssi_related_no_append":"","_relevanssi_related_not_related":"","_relevanssi_related_posts":"","_relevanssi_noindex_reason":"","footnotes":""},"categories":[1],"tags":[303,301],"class_list":["post-1853","page","type-page","status-publish","hentry","category-yleinen","tag-opinnaytetyo-parin-kanssa","tag-parityo"],"acf":[],"yoast_head":"<!-- This site is optimized with the Yoast SEO plugin v27.3 - https:\/\/yoast.com\/product\/yoast-seo-wordpress\/ -->\n<title>Pariopinn\u00e4ytety\u00f6n ohjaaminen - Thesis Supervisor&#039;s Handbook<\/title>\n<meta name=\"robots\" content=\"index, follow, max-snippet:-1, max-image-preview:large, max-video-preview:-1\" \/>\n<link rel=\"canonical\" href=\"https:\/\/help.jamk.fi\/opinnaytetyon-ohjaus\/fi\/opinnaytetyon-ohjaaminen\/pariopinnaytetyon-ohjaaminen\/\" \/>\n<meta property=\"og:locale\" content=\"fi_FI\" \/>\n<meta property=\"og:type\" content=\"article\" \/>\n<meta property=\"og:title\" content=\"Pariopinn\u00e4ytety\u00f6n ohjaaminen - Thesis Supervisor&#039;s Handbook\" \/>\n<meta property=\"og:description\" content=\"T\u00e4lle sivulle on koottu vinkkej\u00e4 opinn\u00e4ytety\u00f6n ohjaamiseen silloin, kun opiskelijat tekev\u00e4t ty\u00f6t\u00e4\u00e4n yhdess\u00e4, parina. Osa asioista on teknisi\u00e4 vinkkej\u00e4 ja osa on ennemmin ohjausk\u00e4yt\u00e4nteisiin liittyvi\u00e4 asioita. Sivun lopusta l\u00f6yd\u00e4t my\u00f6s muutamia ongelmatilanteita ja niiden ratkaisuja. Parin kanssa tekeminen voi auttaa opiskelijoita pysym\u00e4\u00e4n aikataulussa ja ylip\u00e4\u00e4t\u00e4\u00e4n saada ty\u00f6t\u00e4\u00e4n eteenp\u00e4in. Heid\u00e4n on j\u00e4rkev\u00e4\u00e4 sopia arvosanatavoitteesta etuk\u00e4teen, jottei [&hellip;]\" \/>\n<meta property=\"og:url\" content=\"https:\/\/help.jamk.fi\/opinnaytetyon-ohjaus\/fi\/opinnaytetyon-ohjaaminen\/pariopinnaytetyon-ohjaaminen\/\" \/>\n<meta property=\"og:site_name\" content=\"Thesis Supervisor&#039;s Handbook\" \/>\n<meta property=\"article:modified_time\" content=\"2025-09-11T05:58:32+00:00\" \/>\n<meta name=\"twitter:card\" content=\"summary_large_image\" \/>\n<meta name=\"twitter:label1\" content=\"Arvioitu lukuaika\" \/>\n\t<meta name=\"twitter:data1\" content=\"4 minuuttia\" \/>\n<script type=\"application\/ld+json\" class=\"yoast-schema-graph\">{\"@context\":\"https:\\\/\\\/schema.org\",\"@graph\":[{\"@type\":\"WebPage\",\"@id\":\"https:\\\/\\\/help.jamk.fi\\\/opinnaytetyon-ohjaus\\\/fi\\\/opinnaytetyon-ohjaaminen\\\/pariopinnaytetyon-ohjaaminen\\\/\",\"url\":\"https:\\\/\\\/help.jamk.fi\\\/opinnaytetyon-ohjaus\\\/fi\\\/opinnaytetyon-ohjaaminen\\\/pariopinnaytetyon-ohjaaminen\\\/\",\"name\":\"Pariopinn\u00e4ytety\u00f6n ohjaaminen - Thesis Supervisor&#039;s Handbook\",\"isPartOf\":{\"@id\":\"https:\\\/\\\/help.jamk.fi\\\/opinnaytetyon-ohjaus\\\/#website\"},\"datePublished\":\"2025-08-06T10:36:42+00:00\",\"dateModified\":\"2025-09-11T05:58:32+00:00\",\"breadcrumb\":{\"@id\":\"https:\\\/\\\/help.jamk.fi\\\/opinnaytetyon-ohjaus\\\/fi\\\/opinnaytetyon-ohjaaminen\\\/pariopinnaytetyon-ohjaaminen\\\/#breadcrumb\"},\"inLanguage\":\"fi\",\"potentialAction\":[{\"@type\":\"ReadAction\",\"target\":[\"https:\\\/\\\/help.jamk.fi\\\/opinnaytetyon-ohjaus\\\/fi\\\/opinnaytetyon-ohjaaminen\\\/pariopinnaytetyon-ohjaaminen\\\/\"]}]},{\"@type\":\"BreadcrumbList\",\"@id\":\"https:\\\/\\\/help.jamk.fi\\\/opinnaytetyon-ohjaus\\\/fi\\\/opinnaytetyon-ohjaaminen\\\/pariopinnaytetyon-ohjaaminen\\\/#breadcrumb\",\"itemListElement\":[{\"@type\":\"ListItem\",\"position\":1,\"name\":\"Etusivu\",\"item\":\"https:\\\/\\\/help.jamk.fi\\\/opinnaytetyon-ohjaus\\\/fi\\\/\"},{\"@type\":\"ListItem\",\"position\":2,\"name\":\"1 Opinn\u00e4ytety\u00f6n ohjaaminen\",\"item\":\"https:\\\/\\\/help.jamk.fi\\\/opinnaytetyon-ohjaus\\\/fi\\\/opinnaytetyon-ohjaaminen\\\/\"},{\"@type\":\"ListItem\",\"position\":3,\"name\":\"Pariopinn\u00e4ytety\u00f6n ohjaaminen\"}]},{\"@type\":\"WebSite\",\"@id\":\"https:\\\/\\\/help.jamk.fi\\\/opinnaytetyon-ohjaus\\\/#website\",\"url\":\"https:\\\/\\\/help.jamk.fi\\\/opinnaytetyon-ohjaus\\\/\",\"name\":\"Thesis Supervisor&#039;s Handbook\",\"description\":\"Opinn\u00e4ytety\u00f6n ohjaajan k\u00e4sikirja ja vinkkipankki\",\"potentialAction\":[{\"@type\":\"SearchAction\",\"target\":{\"@type\":\"EntryPoint\",\"urlTemplate\":\"https:\\\/\\\/help.jamk.fi\\\/opinnaytetyon-ohjaus\\\/?s={search_term_string}\"},\"query-input\":{\"@type\":\"PropertyValueSpecification\",\"valueRequired\":true,\"valueName\":\"search_term_string\"}}],\"inLanguage\":\"fi\"}]}<\/script>\n<!-- \/ Yoast SEO plugin. -->","yoast_head_json":{"title":"Pariopinn\u00e4ytety\u00f6n ohjaaminen - Thesis Supervisor&#039;s Handbook","robots":{"index":"index","follow":"follow","max-snippet":"max-snippet:-1","max-image-preview":"max-image-preview:large","max-video-preview":"max-video-preview:-1"},"canonical":"https:\/\/help.jamk.fi\/opinnaytetyon-ohjaus\/fi\/opinnaytetyon-ohjaaminen\/pariopinnaytetyon-ohjaaminen\/","og_locale":"fi_FI","og_type":"article","og_title":"Pariopinn\u00e4ytety\u00f6n ohjaaminen - Thesis Supervisor&#039;s Handbook","og_description":"T\u00e4lle sivulle on koottu vinkkej\u00e4 opinn\u00e4ytety\u00f6n ohjaamiseen silloin, kun opiskelijat tekev\u00e4t ty\u00f6t\u00e4\u00e4n yhdess\u00e4, parina. Osa asioista on teknisi\u00e4 vinkkej\u00e4 ja osa on ennemmin ohjausk\u00e4yt\u00e4nteisiin liittyvi\u00e4 asioita. Sivun lopusta l\u00f6yd\u00e4t my\u00f6s muutamia ongelmatilanteita ja niiden ratkaisuja. Parin kanssa tekeminen voi auttaa opiskelijoita pysym\u00e4\u00e4n aikataulussa ja ylip\u00e4\u00e4t\u00e4\u00e4n saada ty\u00f6t\u00e4\u00e4n eteenp\u00e4in. Heid\u00e4n on j\u00e4rkev\u00e4\u00e4 sopia arvosanatavoitteesta etuk\u00e4teen, jottei [&hellip;]","og_url":"https:\/\/help.jamk.fi\/opinnaytetyon-ohjaus\/fi\/opinnaytetyon-ohjaaminen\/pariopinnaytetyon-ohjaaminen\/","og_site_name":"Thesis Supervisor&#039;s Handbook","article_modified_time":"2025-09-11T05:58:32+00:00","twitter_card":"summary_large_image","twitter_misc":{"Arvioitu lukuaika":"4 minuuttia"},"schema":{"@context":"https:\/\/schema.org","@graph":[{"@type":"WebPage","@id":"https:\/\/help.jamk.fi\/opinnaytetyon-ohjaus\/fi\/opinnaytetyon-ohjaaminen\/pariopinnaytetyon-ohjaaminen\/","url":"https:\/\/help.jamk.fi\/opinnaytetyon-ohjaus\/fi\/opinnaytetyon-ohjaaminen\/pariopinnaytetyon-ohjaaminen\/","name":"Pariopinn\u00e4ytety\u00f6n ohjaaminen - Thesis Supervisor&#039;s Handbook","isPartOf":{"@id":"https:\/\/help.jamk.fi\/opinnaytetyon-ohjaus\/#website"},"datePublished":"2025-08-06T10:36:42+00:00","dateModified":"2025-09-11T05:58:32+00:00","breadcrumb":{"@id":"https:\/\/help.jamk.fi\/opinnaytetyon-ohjaus\/fi\/opinnaytetyon-ohjaaminen\/pariopinnaytetyon-ohjaaminen\/#breadcrumb"},"inLanguage":"fi","potentialAction":[{"@type":"ReadAction","target":["https:\/\/help.jamk.fi\/opinnaytetyon-ohjaus\/fi\/opinnaytetyon-ohjaaminen\/pariopinnaytetyon-ohjaaminen\/"]}]},{"@type":"BreadcrumbList","@id":"https:\/\/help.jamk.fi\/opinnaytetyon-ohjaus\/fi\/opinnaytetyon-ohjaaminen\/pariopinnaytetyon-ohjaaminen\/#breadcrumb","itemListElement":[{"@type":"ListItem","position":1,"name":"Etusivu","item":"https:\/\/help.jamk.fi\/opinnaytetyon-ohjaus\/fi\/"},{"@type":"ListItem","position":2,"name":"1 Opinn\u00e4ytety\u00f6n ohjaaminen","item":"https:\/\/help.jamk.fi\/opinnaytetyon-ohjaus\/fi\/opinnaytetyon-ohjaaminen\/"},{"@type":"ListItem","position":3,"name":"Pariopinn\u00e4ytety\u00f6n ohjaaminen"}]},{"@type":"WebSite","@id":"https:\/\/help.jamk.fi\/opinnaytetyon-ohjaus\/#website","url":"https:\/\/help.jamk.fi\/opinnaytetyon-ohjaus\/","name":"Thesis Supervisor&#039;s Handbook","description":"Opinn\u00e4ytety\u00f6n ohjaajan k\u00e4sikirja ja vinkkipankki","potentialAction":[{"@type":"SearchAction","target":{"@type":"EntryPoint","urlTemplate":"https:\/\/help.jamk.fi\/opinnaytetyon-ohjaus\/?s={search_term_string}"},"query-input":{"@type":"PropertyValueSpecification","valueRequired":true,"valueName":"search_term_string"}}],"inLanguage":"fi"}]}},"_links":{"self":[{"href":"https:\/\/help.jamk.fi\/opinnaytetyon-ohjaus\/wp-json\/wp\/v2\/pages\/1853","targetHints":{"allow":["GET"]}}],"collection":[{"href":"https:\/\/help.jamk.fi\/opinnaytetyon-ohjaus\/wp-json\/wp\/v2\/pages"}],"about":[{"href":"https:\/\/help.jamk.fi\/opinnaytetyon-ohjaus\/wp-json\/wp\/v2\/types\/page"}],"author":[{"embeddable":true,"href":"https:\/\/help.jamk.fi\/opinnaytetyon-ohjaus\/wp-json\/wp\/v2\/users\/471"}],"replies":[{"embeddable":true,"href":"https:\/\/help.jamk.fi\/opinnaytetyon-ohjaus\/wp-json\/wp\/v2\/comments?post=1853"}],"version-history":[{"count":5,"href":"https:\/\/help.jamk.fi\/opinnaytetyon-ohjaus\/wp-json\/wp\/v2\/pages\/1853\/revisions"}],"predecessor-version":[{"id":1858,"href":"https:\/\/help.jamk.fi\/opinnaytetyon-ohjaus\/wp-json\/wp\/v2\/pages\/1853\/revisions\/1858"}],"up":[{"embeddable":true,"href":"https:\/\/help.jamk.fi\/opinnaytetyon-ohjaus\/wp-json\/wp\/v2\/pages\/77"}],"wp:attachment":[{"href":"https:\/\/help.jamk.fi\/opinnaytetyon-ohjaus\/wp-json\/wp\/v2\/media?parent=1853"}],"wp:term":[{"taxonomy":"category","embeddable":true,"href":"https:\/\/help.jamk.fi\/opinnaytetyon-ohjaus\/wp-json\/wp\/v2\/categories?post=1853"},{"taxonomy":"post_tag","embeddable":true,"href":"https:\/\/help.jamk.fi\/opinnaytetyon-ohjaus\/wp-json\/wp\/v2\/tags?post=1853"}],"curies":[{"name":"wp","href":"https:\/\/api.w.org\/{rel}","templated":true}]}}