{"id":1869,"date":"2025-08-26T10:06:58","date_gmt":"2025-08-26T07:06:58","guid":{"rendered":"https:\/\/help.jamk.fi\/opinnaytetyon-ohjaus\/?page_id=1869"},"modified":"2025-08-26T10:08:38","modified_gmt":"2025-08-26T07:08:38","slug":"supervising-a-pair-thesis","status":"publish","type":"page","link":"https:\/\/help.jamk.fi\/opinnaytetyon-ohjaus\/en\/responsible-thesis-supervision-and-good-practices\/supervising-a-pair-thesis\/","title":{"rendered":"Supervising a Pair Thesis"},"content":{"rendered":"\n<h1 class=\"wp-block-heading\"><a href=\"https:\/\/help.jamk.fi\/opinnaytetyon-ohjaus\/wp-admin\/edit.php?post_type=page\"><\/a><\/h1>\n\n\n\n<p id=\"block-e9139cc9-0e1f-455d-89da-14f89192da1c\">This page provides tips for supervising a thesis when students are working together as a pair. Some tips are technical, while others relate to supervision practices. At the end of the page, you\u2019ll also find a few problem scenarios and their solutions.<\/p>\n\n\n\n<p id=\"block-7c2fc550-e9cf-403d-9890-b18f71fe0f1f\"><br>In Bachelor&#8217;s level the students can do their thesis with a pair. In Master&#8217;s level the thesis is commonly an individual work.<br>Working with a pair can help students stay on schedule and move forward with their work. It\u2019s wise for them to agree on a grade goal in advance to avoid unnecessary conflict toward the end of the project. Sometimes, students in a pair may come from different degree programs. In such cases, they must agree on this with the main supervisor, who ensures that the learning objectives of both degrees are met. The second reviewer must come from the other degree program to contribute their expertise to the students and the main supervisor.<\/p>\n\n\n\n<h2 class=\"wp-block-heading\" id=\"block-117a6a6e-7d74-499f-87e7-0864448380d1\">Topic Approval and Supervisor Assignment<\/h2>\n\n\n\n<p id=\"block-abde2302-d4f3-4c92-9e9d-f3af096d3b61\"><br>In a pair thesis, only one student submits the topic proposal in Wihi. They invite their pair to the same project using the \u201cgroup members\u201d section of the Wihi form. The pair must accept the invitation using their own credentials in Wihi. Only then can the coordinator approve the topic and assign a supervisor.<\/p>\n\n\n\n<h2 class=\"wp-block-heading\" id=\"block-1da7c890-0a92-4f97-a28f-82fb4ec5fc4f\"><strong>Meetings and Division of Work<\/strong><\/h2>\n\n\n\n<p id=\"block-1fa33972-c569-4505-9e8e-67c263980e39\"><br>Both students must demonstrate their competence across the entire scope of the thesis. Each must participate in all phases (planning, implementation, writing, finalizing, presenting, etc.). This may not be obvious to students, so the supervisor should communicate this clearly at the beginning. Both students attend supervision meetings as equals.<\/p>\n\n\n\n<p id=\"block-c4d45953-7e6f-4987-bcc1-c4c289ed3e80\"><br>Students must also understand that the thesis project is shared throughout its duration, regardless of when they plan to graduate. For example, both must complete the maturity test (or apply for exemption) before either can receive a grade.<\/p>\n\n\n\n<p id=\"block-2cff27cb-dcd2-48ac-ba80-5f9948f98dac\"><br><strong>A pair thesis must be broader than a solo thesis. <\/strong>This can be reflected in:<\/p>\n\n\n\n<ul id=\"block-2ef774b1-1c62-49b7-a9d2-fca5bd77e27d\" class=\"wp-block-list\">\n<li>A wider scope (more research questions \/ development tasks)<\/li>\n\n\n\n<li>A broader or deeper theoretical foundation<\/li>\n\n\n\n<li>A larger empirical dataset<\/li>\n\n\n\n<li>More in-depth data analysis<\/li>\n<\/ul>\n\n\n\n<p id=\"block-a16afd40-276c-4e26-9544-499b8859323a\"><br>In the thesis plan, students must describe how the work provides enough tasks for both (in Bachelor&#8217;s thesis approx. 400 hours\/student). It\u2019s also wise to describe each student\u2019s contribution in the final thesis report, possibly in the Ethical Reflection section, as freeloading in a pair thesis can be considered misconduct.<\/p>\n\n\n\n<h2 class=\"wp-block-heading\" id=\"block-4b30c886-c6bc-4543-86c4-fc9239d347fc\"><strong>Writing Course<\/strong><\/h2>\n\n\n\n<p id=\"block-e6f9ad8b-b72a-4f5c-b3bc-876a024613c6\"><br>In a pair thesis, both students enroll in the writing course and complete it independently. To facilitate this, they can divide the theoretical foundation into main chapters based on the topic, allowing each to focus on their own chapter.<\/p>\n\n\n\n<h2 class=\"wp-block-heading\" id=\"block-bf3bbbde-6508-4f39-8a39-78bee09f2e0e\"><br><br><strong>Maturity Test<\/strong><\/h2>\n\n\n\n<p id=\"block-c529584d-4ad4-41df-9ffe-d39f00db3474\">Each student registers for and completes the maturity test independently. The tests are assessed separately. The assessment statement will use the date of the later test as the completion date.<br>Both students\u2019 maturity tests must be approved (or exemption applications accepted) before the supervisor can approve the assessment statement.<br>\ufeff<\/p>\n\n\n\n<h2 class=\"wp-block-heading\" id=\"block-7df11ce2-530e-4f75-8056-1c24f83e3179\"><strong>Thesis Assessment<\/strong><\/h2>\n\n\n\n<p id=\"block-c07eac47-5980-4ce0-bd32-c4f26c53a492\">A pair thesis is assessed using the same criteria as individual theses, but the scope of the work is taken into account (see above). One joint assessment statement is produced.<\/p>\n\n\n\n<h2 class=\"wp-block-heading\" id=\"block-f129a69b-fe30-4775-9dbc-710b5e30013f\"><br><strong>Self-Assessment<\/strong><\/h2>\n\n\n\n<p id=\"block-b8a9e382-8ae8-49be-89e5-eb2d6afdcf11\">Each student writes their own personal self-assessment. They combine both assessments into one PDF file and submit it to Wihi. The file name must include both students\u2019 names (see naming instructions on the student guide page).<\/p>\n\n\n\n<h2 class=\"wp-block-heading\" id=\"block-0b15d4fe-1ff1-4810-89c8-2ca8611f5c39\"><br><br><strong>Problem Scenarios and Tips<\/strong><\/h2>\n\n\n\n<ul id=\"block-3bf0e165-b450-434b-ae51-377137e1f600\" class=\"wp-block-list\">\n<li><strong>I can\u2019t assign a supervisor in Wihi; a red exclamation mark appears.<\/strong><br>The second student in the pair hasn\u2019t yet accepted the topic as their thesis. The coordinator can only approve the topic and assign a supervisor once the invited student has accepted the topic using their own credentials.<\/li>\n\n\n\n<li><strong>One student dropped out, and the other is finishing the thesis alone. What now?<\/strong><br>Ask the Wihi coordinator to remove the student who dropped out from the project.<\/li>\n\n\n\n<li><strong>A student started the thesis alone but wants to continue with a pair.<\/strong><br>Ensure the workload is equal for both students, even if one joins an already started project.<br>Ask the Wihi coordinator to add the new student to the project.<\/li>\n\n\n\n<li><strong>One student can\u2019t pass the maturity test (e.g., due to dyslexia).<\/strong><br>The Language Centre handles the language review of maturity tests. Dyslexia usually slows progress but isn\u2019t a barrier.<br>Graduation may be delayed, as the assessment statement in Wihi can\u2019t be approved until both students\u2019 maturity tests are accepted.<\/li>\n\n\n\n<li><strong>How do I archive two self-assessments?<\/strong><br>Wihi only allows one self-assessment file. Ask students to combine their assessments into one file. Naming instructions are in section 8 of the student guide: \u201cThesis ready for assessment.\u201d<\/li>\n<\/ul>\n","protected":false},"excerpt":{"rendered":"<p>This page provides tips for supervising a thesis when students are working together as a pair. Some tips are technical, while others relate to supervision practices. At the end of the page, you\u2019ll also find a few problem scenarios and their solutions. In Bachelor&#8217;s level the students can do their thesis with a pair. In [&hellip;]<\/p>\n","protected":false},"author":471,"featured_media":0,"parent":1785,"menu_order":1,"comment_status":"closed","ping_status":"closed","template":"","meta":{"_acf_changed":false,"_relevanssi_hide_post":"","_relevanssi_hide_content":"","_relevanssi_pin_for_all":"","_relevanssi_pin_keywords":"","_relevanssi_unpin_keywords":"","_relevanssi_related_keywords":"","_relevanssi_related_include_ids":"","_relevanssi_related_exclude_ids":"","_relevanssi_related_no_append":"","_relevanssi_related_not_related":"","_relevanssi_related_posts":"","_relevanssi_noindex_reason":"","footnotes":""},"categories":[16],"tags":[315,311],"class_list":["post-1869","page","type-page","status-publish","hentry","category-uncategorized-en","tag-pair-thesis-en","tag-thesis-in-pairs-en"],"acf":[],"yoast_head":"<!-- This site is optimized with the Yoast SEO plugin v27.4 - https:\/\/yoast.com\/product\/yoast-seo-wordpress\/ -->\n<title>Supervising a Pair Thesis - Thesis Supervisor&#039;s Handbook<\/title>\n<meta name=\"robots\" content=\"index, follow, max-snippet:-1, max-image-preview:large, max-video-preview:-1\" \/>\n<link rel=\"canonical\" href=\"https:\/\/help.jamk.fi\/opinnaytetyon-ohjaus\/en\/responsible-thesis-supervision-and-good-practices\/supervising-a-pair-thesis\/\" \/>\n<meta property=\"og:locale\" content=\"fi_FI\" \/>\n<meta property=\"og:type\" content=\"article\" \/>\n<meta property=\"og:title\" content=\"Supervising a Pair Thesis - Thesis Supervisor&#039;s Handbook\" \/>\n<meta property=\"og:description\" content=\"This page provides tips for supervising a thesis when students are working together as a pair. Some tips are technical, while others relate to supervision practices. At the end of the page, you\u2019ll also find a few problem scenarios and their solutions. In Bachelor&#8217;s level the students can do their thesis with a pair. In [&hellip;]\" \/>\n<meta property=\"og:url\" content=\"https:\/\/help.jamk.fi\/opinnaytetyon-ohjaus\/en\/responsible-thesis-supervision-and-good-practices\/supervising-a-pair-thesis\/\" \/>\n<meta property=\"og:site_name\" content=\"Thesis Supervisor&#039;s Handbook\" \/>\n<meta property=\"article:modified_time\" content=\"2025-08-26T07:08:38+00:00\" \/>\n<meta name=\"twitter:card\" content=\"summary_large_image\" \/>\n<meta name=\"twitter:label1\" content=\"Arvioitu lukuaika\" \/>\n\t<meta name=\"twitter:data1\" content=\"5 minuuttia\" \/>\n<script type=\"application\/ld+json\" class=\"yoast-schema-graph\">{\"@context\":\"https:\\\/\\\/schema.org\",\"@graph\":[{\"@type\":\"WebPage\",\"@id\":\"https:\\\/\\\/help.jamk.fi\\\/opinnaytetyon-ohjaus\\\/en\\\/responsible-thesis-supervision-and-good-practices\\\/supervising-a-pair-thesis\\\/\",\"url\":\"https:\\\/\\\/help.jamk.fi\\\/opinnaytetyon-ohjaus\\\/en\\\/responsible-thesis-supervision-and-good-practices\\\/supervising-a-pair-thesis\\\/\",\"name\":\"Supervising a Pair Thesis - Thesis Supervisor&#039;s Handbook\",\"isPartOf\":{\"@id\":\"https:\\\/\\\/help.jamk.fi\\\/opinnaytetyon-ohjaus\\\/#website\"},\"datePublished\":\"2025-08-26T07:06:58+00:00\",\"dateModified\":\"2025-08-26T07:08:38+00:00\",\"breadcrumb\":{\"@id\":\"https:\\\/\\\/help.jamk.fi\\\/opinnaytetyon-ohjaus\\\/en\\\/responsible-thesis-supervision-and-good-practices\\\/supervising-a-pair-thesis\\\/#breadcrumb\"},\"inLanguage\":\"fi\",\"potentialAction\":[{\"@type\":\"ReadAction\",\"target\":[\"https:\\\/\\\/help.jamk.fi\\\/opinnaytetyon-ohjaus\\\/en\\\/responsible-thesis-supervision-and-good-practices\\\/supervising-a-pair-thesis\\\/\"]}]},{\"@type\":\"BreadcrumbList\",\"@id\":\"https:\\\/\\\/help.jamk.fi\\\/opinnaytetyon-ohjaus\\\/en\\\/responsible-thesis-supervision-and-good-practices\\\/supervising-a-pair-thesis\\\/#breadcrumb\",\"itemListElement\":[{\"@type\":\"ListItem\",\"position\":1,\"name\":\"Etusivu\",\"item\":\"https:\\\/\\\/help.jamk.fi\\\/opinnaytetyon-ohjaus\\\/fi\\\/\"},{\"@type\":\"ListItem\",\"position\":2,\"name\":\"Responsible Thesis Supervision and Good Practices\",\"item\":\"https:\\\/\\\/help.jamk.fi\\\/opinnaytetyon-ohjaus\\\/en\\\/responsible-thesis-supervision-and-good-practices\\\/\"},{\"@type\":\"ListItem\",\"position\":3,\"name\":\"Supervising a Pair Thesis\"}]},{\"@type\":\"WebSite\",\"@id\":\"https:\\\/\\\/help.jamk.fi\\\/opinnaytetyon-ohjaus\\\/#website\",\"url\":\"https:\\\/\\\/help.jamk.fi\\\/opinnaytetyon-ohjaus\\\/\",\"name\":\"Thesis Supervisor&#039;s Handbook\",\"description\":\"Opinn\u00e4ytety\u00f6n ohjaajan k\u00e4sikirja ja vinkkipankki\",\"potentialAction\":[{\"@type\":\"SearchAction\",\"target\":{\"@type\":\"EntryPoint\",\"urlTemplate\":\"https:\\\/\\\/help.jamk.fi\\\/opinnaytetyon-ohjaus\\\/?s={search_term_string}\"},\"query-input\":{\"@type\":\"PropertyValueSpecification\",\"valueRequired\":true,\"valueName\":\"search_term_string\"}}],\"inLanguage\":\"fi\"}]}<\/script>\n<!-- \/ Yoast SEO plugin. -->","yoast_head_json":{"title":"Supervising a Pair Thesis - Thesis Supervisor&#039;s Handbook","robots":{"index":"index","follow":"follow","max-snippet":"max-snippet:-1","max-image-preview":"max-image-preview:large","max-video-preview":"max-video-preview:-1"},"canonical":"https:\/\/help.jamk.fi\/opinnaytetyon-ohjaus\/en\/responsible-thesis-supervision-and-good-practices\/supervising-a-pair-thesis\/","og_locale":"fi_FI","og_type":"article","og_title":"Supervising a Pair Thesis - Thesis Supervisor&#039;s Handbook","og_description":"This page provides tips for supervising a thesis when students are working together as a pair. Some tips are technical, while others relate to supervision practices. At the end of the page, you\u2019ll also find a few problem scenarios and their solutions. In Bachelor&#8217;s level the students can do their thesis with a pair. In [&hellip;]","og_url":"https:\/\/help.jamk.fi\/opinnaytetyon-ohjaus\/en\/responsible-thesis-supervision-and-good-practices\/supervising-a-pair-thesis\/","og_site_name":"Thesis Supervisor&#039;s Handbook","article_modified_time":"2025-08-26T07:08:38+00:00","twitter_card":"summary_large_image","twitter_misc":{"Arvioitu lukuaika":"5 minuuttia"},"schema":{"@context":"https:\/\/schema.org","@graph":[{"@type":"WebPage","@id":"https:\/\/help.jamk.fi\/opinnaytetyon-ohjaus\/en\/responsible-thesis-supervision-and-good-practices\/supervising-a-pair-thesis\/","url":"https:\/\/help.jamk.fi\/opinnaytetyon-ohjaus\/en\/responsible-thesis-supervision-and-good-practices\/supervising-a-pair-thesis\/","name":"Supervising a Pair Thesis - Thesis Supervisor&#039;s Handbook","isPartOf":{"@id":"https:\/\/help.jamk.fi\/opinnaytetyon-ohjaus\/#website"},"datePublished":"2025-08-26T07:06:58+00:00","dateModified":"2025-08-26T07:08:38+00:00","breadcrumb":{"@id":"https:\/\/help.jamk.fi\/opinnaytetyon-ohjaus\/en\/responsible-thesis-supervision-and-good-practices\/supervising-a-pair-thesis\/#breadcrumb"},"inLanguage":"fi","potentialAction":[{"@type":"ReadAction","target":["https:\/\/help.jamk.fi\/opinnaytetyon-ohjaus\/en\/responsible-thesis-supervision-and-good-practices\/supervising-a-pair-thesis\/"]}]},{"@type":"BreadcrumbList","@id":"https:\/\/help.jamk.fi\/opinnaytetyon-ohjaus\/en\/responsible-thesis-supervision-and-good-practices\/supervising-a-pair-thesis\/#breadcrumb","itemListElement":[{"@type":"ListItem","position":1,"name":"Etusivu","item":"https:\/\/help.jamk.fi\/opinnaytetyon-ohjaus\/fi\/"},{"@type":"ListItem","position":2,"name":"Responsible Thesis Supervision and Good Practices","item":"https:\/\/help.jamk.fi\/opinnaytetyon-ohjaus\/en\/responsible-thesis-supervision-and-good-practices\/"},{"@type":"ListItem","position":3,"name":"Supervising a Pair Thesis"}]},{"@type":"WebSite","@id":"https:\/\/help.jamk.fi\/opinnaytetyon-ohjaus\/#website","url":"https:\/\/help.jamk.fi\/opinnaytetyon-ohjaus\/","name":"Thesis Supervisor&#039;s Handbook","description":"Opinn\u00e4ytety\u00f6n ohjaajan k\u00e4sikirja ja vinkkipankki","potentialAction":[{"@type":"SearchAction","target":{"@type":"EntryPoint","urlTemplate":"https:\/\/help.jamk.fi\/opinnaytetyon-ohjaus\/?s={search_term_string}"},"query-input":{"@type":"PropertyValueSpecification","valueRequired":true,"valueName":"search_term_string"}}],"inLanguage":"fi"}]}},"_links":{"self":[{"href":"https:\/\/help.jamk.fi\/opinnaytetyon-ohjaus\/wp-json\/wp\/v2\/pages\/1869","targetHints":{"allow":["GET"]}}],"collection":[{"href":"https:\/\/help.jamk.fi\/opinnaytetyon-ohjaus\/wp-json\/wp\/v2\/pages"}],"about":[{"href":"https:\/\/help.jamk.fi\/opinnaytetyon-ohjaus\/wp-json\/wp\/v2\/types\/page"}],"author":[{"embeddable":true,"href":"https:\/\/help.jamk.fi\/opinnaytetyon-ohjaus\/wp-json\/wp\/v2\/users\/471"}],"replies":[{"embeddable":true,"href":"https:\/\/help.jamk.fi\/opinnaytetyon-ohjaus\/wp-json\/wp\/v2\/comments?post=1869"}],"version-history":[{"count":1,"href":"https:\/\/help.jamk.fi\/opinnaytetyon-ohjaus\/wp-json\/wp\/v2\/pages\/1869\/revisions"}],"predecessor-version":[{"id":1870,"href":"https:\/\/help.jamk.fi\/opinnaytetyon-ohjaus\/wp-json\/wp\/v2\/pages\/1869\/revisions\/1870"}],"up":[{"embeddable":true,"href":"https:\/\/help.jamk.fi\/opinnaytetyon-ohjaus\/wp-json\/wp\/v2\/pages\/1785"}],"wp:attachment":[{"href":"https:\/\/help.jamk.fi\/opinnaytetyon-ohjaus\/wp-json\/wp\/v2\/media?parent=1869"}],"wp:term":[{"taxonomy":"category","embeddable":true,"href":"https:\/\/help.jamk.fi\/opinnaytetyon-ohjaus\/wp-json\/wp\/v2\/categories?post=1869"},{"taxonomy":"post_tag","embeddable":true,"href":"https:\/\/help.jamk.fi\/opinnaytetyon-ohjaus\/wp-json\/wp\/v2\/tags?post=1869"}],"curies":[{"name":"wp","href":"https:\/\/api.w.org\/{rel}","templated":true}]}}